{"id":16261,"date":"2021-03-11T14:58:38","date_gmt":"2021-03-11T13:58:38","guid":{"rendered":"https:\/\/www.bipea.org\/?page_id=16261"},"modified":"2024-02-15T10:54:10","modified_gmt":"2024-02-15T09:54:10","slug":"yeterlilik-test-programlari-hijyen","status":"publish","type":"page","link":"https:\/\/www.bipea.org\/tr\/yeterlilik-test-programlari-hijyen\/","title":{"rendered":"Yeterlilik Test Programlar\u0131 H\u0130JYEN"},"content":{"rendered":"<p><div class=\"fusion-fullwidth fullwidth-box fusion-builder-row-1 nonhundred-percent-fullwidth non-hundred-percent-height-scrolling\" style=\"--awb-border-radius-top-left:0px;--awb-border-radius-top-right:0px;--awb-border-radius-bottom-right:0px;--awb-border-radius-bottom-left:0px;--awb-flex-wrap:wrap;\" ><div class=\"fusion-builder-row fusion-row\"><div class=\"fusion-layout-column fusion_builder_column fusion-builder-column-0 fusion_builder_column_5_6 5_6 fusion-five-sixth fusion-column-first\" style=\"--awb-bg-size:cover;width:83.333333333333%;width:calc(83.333333333333% - ( ( 4% ) * 0.83333333333333 ) );margin-right: 4%;\"><div class=\"fusion-column-wrapper fusion-flex-column-wrapper-legacy\"><div class=\"fusion-text fusion-text-1\"><h4 class=\"title_food\">Yeterlilik Test Programlar\u0131 GIDADA H\u0130JYEN &amp; HASTANEDE H\u0130JYEN<\/h4>\n<\/div><div class=\"fusion-clearfix\"><\/div><\/div><\/div><div class=\"fusion-layout-column fusion_builder_column fusion-builder-column-1 fusion_builder_column_1_6 1_6 fusion-one-sixth fusion-column-last quote_box\" style=\"--awb-bg-size:cover;width:16.666666666667%;width:calc(16.666666666667% - ( ( 4% ) * 0.16666666666667 ) );\"><div class=\"fusion-column-wrapper fusion-flex-column-wrapper-legacy\"><div class=\"fusion-text fusion-text-2\"><p><a href=\"https:\/\/www.bipea.org\/tr\/yeterlilik-test-programlari\/\">YT programlar\u0131 listesine d\u00f6n\u00fc\u015f<\/a><\/p>\n<p><a class=\"fusion-button button-flat fusion-button-round button-large button-default button-2 button85\" href=\"\/quote\" target=\"_self\" rel=\"noopener\"><span class=\"fusion-button-text\">TEKLIF ISTEYIN<\/span><\/a><\/p>\n<p>L\u00fctfen sati\u015f b\u00f6l\u00fcm\u00fcm\u00fcz\u00fc aray\u0131n<\/p>\n<\/div><div class=\"fusion-clearfix\"><\/div><\/div><\/div><\/div><\/div><div class=\"fusion-fullwidth fullwidth-box fusion-builder-row-2 nonhundred-percent-fullwidth non-hundred-percent-height-scrolling\" style=\"--awb-border-radius-top-left:0px;--awb-border-radius-top-right:0px;--awb-border-radius-bottom-right:0px;--awb-border-radius-bottom-left:0px;--awb-margin-top:40px;--awb-flex-wrap:wrap;\" ><div class=\"fusion-builder-row fusion-row\"><div class=\"fusion-layout-column fusion_builder_column fusion-builder-column-2 fusion_builder_column_1_1 1_1 fusion-one-full fusion-column-first fusion-column-last\" style=\"--awb-bg-size:cover;\"><div class=\"fusion-column-wrapper fusion-flex-column-wrapper-legacy\">\n<div class=\"table-1\">\n<table id=\"theTable\" class=\"footable table-1 outerBorder footable-loaded isInnerColor\" style=\"width: 98.5386%; margin: 0px;\">\n<thead>\n<tr>\n<th id=\"thCol0\" style=\"width: 29.5414%;\" data-type=\"alpha\">Programlar<\/th>\n<th id=\"thCol1\" style=\"width: 17.9012%;\" data-type=\"alpha\">Matrisler<\/th>\n<th id=\"thCol2\" style=\"width: 25.3086%;\" data-type=\"alpha\">Parametreler<\/th>\n<th id=\"thCol3\" style=\"width: 5.29101%;\" data-type=\"alpha\">Miktar<\/th>\n<th id=\"thCol4\" style=\"width: 6.34921%;\" data-type=\"numeric\">Raund \/ y\u0131l<\/th>\n<th id=\"thCol5\" style=\"width: 8.73016%;\" data-type=\"alpha\">Raund \/ numune<\/th>\n<th id=\"thCol6\" style=\"width: 5.55556%;\" data-type=\"alpha\">Y\u0131ll\u0131k plan<\/th>\n<\/tr>\n<\/thead>\n<tbody>\n<tr class=\"footableOdd\">\n<td style=\"width: 29.5414%;\">101a &#8211; Y\u00fczeylerde mikrobiyoloji &#8211; Paslanmaz \u00e7elik plakalar<\/td>\n<td style=\"width: 17.9012%;\">Kirlenmi\u015f paslanmaz \u00e7elik levha<\/td>\n<td style=\"width: 25.3086%;\">Total viable count<\/td>\n<td style=\"width: 5.29101%;\"><\/td>\n<td style=\"width: 6.34921%;\">2<\/td>\n<td style=\"width: 8.73016%;\">2 numune<\/td>\n<td style=\"width: 5.55556%;\"><a href=\"https:\/\/extranet.bipea.org\/documents\/plannings\/GB\/Proficiency-testing-scheme-101a\" target=\"newTab\" rel=\"noopener\">\u0130ndir<\/a><\/td>\n<\/tr>\n<tr class=\"footableEven\">\n<td style=\"width: 29.5414%;\">101b &#8211; Y\u00fczeylerde mikrobiyoloji \u2013 Mendil <em>Listeria<\/em><\/td>\n<td style=\"width: 17.9012%;\">Mendil <em>Listeria<\/em><\/td>\n<td style=\"width: 25.3086%;\"><em>Listeria monocytogenes ve \u00a0Listeria spp tespiti<\/em><\/td>\n<td style=\"width: 5.29101%;\"><\/td>\n<td style=\"width: 6.34921%;\">3<\/td>\n<td style=\"width: 8.73016%;\">2 numune<\/td>\n<td style=\"width: 5.55556%;\"><a href=\"https:\/\/extranet.bipea.org\/documents\/plannings\/GB\/Proficiency-testing-scheme-101b\" target=\"newTab\" rel=\"noopener\">\u0130ndir<\/a><\/td>\n<\/tr>\n<tr>\n<td style=\"width: 29.5414%;\">101c &#8211; Y\u00fczeylerde mikrobiyoloji \u2013 Mendil\u00a0<em> Salmonella<\/em><\/td>\n<td style=\"width: 17.9012%;\">Mendil <em>Salmonella<\/em><\/td>\n<td style=\"width: 25.3086%;\"><em>Salmonella\u00a0spp tespiti<\/em><\/td>\n<td style=\"width: 5.29101%;\"><\/td>\n<td style=\"width: 6.34921%;\">2<\/td>\n<td style=\"width: 8.73016%;\">3 numune<\/td>\n<td style=\"width: 5.55556%;\"><a href=\"https:\/\/extranet.bipea.org\/documents\/plannings\/GB\/Proficiency-testing-scheme-101c\" target=\"newTab\" rel=\"noopener\">\u0130ndir<\/a><\/td>\n<\/tr>\n<tr>\n<td style=\"width: 29.5414%;\">102 &#8211; Salmonella t\u00fcrlerinin Serotiplenmesi<\/td>\n<td style=\"width: 17.9012%;\">Agar colonies<\/td>\n<td style=\"width: 25.3086%;\">Serovars<\/td>\n<td style=\"width: 5.29101%;\"><\/td>\n<td style=\"width: 6.34921%;\">2<\/td>\n<td style=\"width: 8.73016%;\">6 numune<\/td>\n<td style=\"width: 5.55556%;\"><a href=\"https:\/\/extranet.bipea.org\/documents\/plannings\/GB\/Proficiency-testing-scheme-102\" target=\"newTab\" rel=\"noopener\">\u0130ndir<\/a><\/td>\n<\/tr>\n<tr>\n<td style=\"width: 29.5414%;\">86a &#8211; Hastane kullan\u0131m\u0131 i\u00e7in sular: bakteriyolojik kontrol alt\u0131ndaki sular<\/td>\n<td style=\"width: 17.9012%;\">Bakteriyolojik kontroll\u00fc sular<\/td>\n<td style=\"width: 25.3086%;\">Total viable count at 22\u00b0C &amp; 36\u00b0C<em><br \/>\n<\/em>Enumeration of\u00a0Pseudomonas aeruginosa<\/td>\n<td style=\"width: 5.29101%;\">320 ml<\/td>\n<td style=\"width: 6.34921%;\">1<\/td>\n<td style=\"width: 8.73016%;\">1 numune<\/td>\n<td style=\"width: 5.55556%;\"><a href=\"https:\/\/extranet.bipea.org\/documents\/plannings\/GB\/Proficiency-testing-scheme-86a\" target=\"newTab\" rel=\"noopener\">\u0130ndir<\/a><\/td>\n<\/tr>\n<tr>\n<td style=\"width: 29.5414%;\">86b &#8211; Hastane kullan\u0131m\u0131 i\u00e7in sular: Diyaliz sular\u0131n\u0131n mikrobiyolojisi (hemodiyafiltrasyon)<\/td>\n<td style=\"width: 17.9012%;\">Ultra saf su &#8211; diyalizat<\/td>\n<td style=\"width: 25.3086%;\">Total viable count at 22\u00b0C for 7 days on medium similar to R2A or TGEA media<br \/>\nIdentification of indicator microorganisms<\/td>\n<td style=\"width: 5.29101%;\">120 ml<\/td>\n<td style=\"width: 6.34921%;\">1<\/td>\n<td style=\"width: 8.73016%;\">1 numune<\/td>\n<td style=\"width: 5.55556%;\"><a href=\"https:\/\/extranet.bipea.org\/documents\/plannings\/GB\/Proficiency-testing-scheme-86b\" target=\"newTab\" rel=\"noopener\">\u0130ndir<\/a><\/td>\n<\/tr>\n<tr>\n<td style=\"width: 29.5414%;\">86c &#8211; Hastane kullan\u0131m\u0131 i\u00e7in sular: Endoskop durulama sular\u0131n\u0131n mikrobiyolojisi<\/td>\n<td style=\"width: 17.9012%;\">Endoskop durulama suyu &#8211; terminal durulama suyu<\/td>\n<td style=\"width: 25.3086%;\">Total viable count at 22\u00b0C<br \/>\nIdentification of indicator microorganisms<\/td>\n<td style=\"width: 5.29101%;\">120 ml<\/td>\n<td style=\"width: 6.34921%;\">1<\/td>\n<td style=\"width: 8.73016%;\">1 numune<\/td>\n<td style=\"width: 5.55556%;\"><a href=\"https:\/\/extranet.bipea.org\/documents\/plannings\/GB\/Proficiency-testing-scheme-86c\" target=\"newTab\" rel=\"noopener\">\u0130ndir<\/a><\/td>\n<\/tr>\n<\/tbody>\n<\/table>\n<\/div>\n<div class=\"fusion-clearfix\"><\/div><\/div><\/div><\/div><\/div><\/p>\n","protected":false},"excerpt":{"rendered":"","protected":false},"author":3,"featured_media":0,"parent":0,"menu_order":0,"comment_status":"closed","ping_status":"closed","template":"","meta":{"footnotes":""},"class_list":["post-16261","page","type-page","status-publish","hentry"],"yoast_head":"<!-- This site is optimized with the Yoast SEO plugin v27.0 - https:\/\/yoast.com\/product\/yoast-seo-wordpress\/ -->\n<title>Yeterlilik Test Programlar\u0131 H\u0130JYEN - Bipea<\/title>\n<meta name=\"robots\" content=\"index, follow, max-snippet:-1, max-image-preview:large, max-video-preview:-1\" \/>\n<link rel=\"canonical\" href=\"https:\/\/www.bipea.org\/tr\/yeterlilik-test-programlari-hijyen\/\" \/>\n<meta property=\"og:locale\" content=\"tr_TR\" \/>\n<meta property=\"og:type\" content=\"article\" \/>\n<meta property=\"og:title\" content=\"Yeterlilik Test Programlar\u0131 H\u0130JYEN - Bipea\" \/>\n<meta property=\"og:url\" content=\"https:\/\/www.bipea.org\/tr\/yeterlilik-test-programlari-hijyen\/\" \/>\n<meta property=\"og:site_name\" content=\"Bipea\" \/>\n<meta property=\"article:publisher\" content=\"https:\/\/www.facebook.com\/Bipea-Proficiency-Testing-Programs-1726595444310313\/\" \/>\n<meta property=\"article:modified_time\" content=\"2024-02-15T09:54:10+00:00\" \/>\n<meta name=\"twitter:card\" content=\"summary_large_image\" \/>\n<meta name=\"twitter:site\" content=\"@BipeaP\" \/>\n<meta name=\"twitter:label1\" content=\"Tahmini okuma s\u00fcresi\" \/>\n\t<meta name=\"twitter:data1\" content=\"3 dakika\" \/>\n<script type=\"application\/ld+json\" class=\"yoast-schema-graph\">{\"@context\":\"https:\/\/schema.org\",\"@graph\":[{\"@type\":\"WebPage\",\"@id\":\"https:\/\/www.bipea.org\/tr\/yeterlilik-test-programlari-hijyen\/\",\"url\":\"https:\/\/www.bipea.org\/tr\/yeterlilik-test-programlari-hijyen\/\",\"name\":\"Yeterlilik Test Programlar\u0131 H\u0130JYEN - Bipea\",\"isPartOf\":{\"@id\":\"https:\/\/www.bipea.org\/tr\/#website\"},\"datePublished\":\"2021-03-11T13:58:38+00:00\",\"dateModified\":\"2024-02-15T09:54:10+00:00\",\"breadcrumb\":{\"@id\":\"https:\/\/www.bipea.org\/tr\/yeterlilik-test-programlari-hijyen\/#breadcrumb\"},\"inLanguage\":\"tr\",\"potentialAction\":[{\"@type\":\"ReadAction\",\"target\":[\"https:\/\/www.bipea.org\/tr\/yeterlilik-test-programlari-hijyen\/\"]}]},{\"@type\":\"BreadcrumbList\",\"@id\":\"https:\/\/www.bipea.org\/tr\/yeterlilik-test-programlari-hijyen\/#breadcrumb\",\"itemListElement\":[{\"@type\":\"ListItem\",\"position\":1,\"name\":\"Accueil\",\"item\":\"https:\/\/www.bipea.org\/tr\/\"},{\"@type\":\"ListItem\",\"position\":2,\"name\":\"Yeterlilik Test Programlar\u0131 H\u0130JYEN\"}]},{\"@type\":\"WebSite\",\"@id\":\"https:\/\/www.bipea.org\/tr\/#website\",\"url\":\"https:\/\/www.bipea.org\/tr\/\",\"name\":\"Bipea\",\"description\":\"\",\"potentialAction\":[{\"@type\":\"SearchAction\",\"target\":{\"@type\":\"EntryPoint\",\"urlTemplate\":\"https:\/\/www.bipea.org\/tr\/?s={search_term_string}\"},\"query-input\":{\"@type\":\"PropertyValueSpecification\",\"valueRequired\":true,\"valueName\":\"search_term_string\"}}],\"inLanguage\":\"tr\"}]}<\/script>\n<!-- \/ Yoast SEO plugin. -->","yoast_head_json":{"title":"Yeterlilik Test Programlar\u0131 H\u0130JYEN - Bipea","robots":{"index":"index","follow":"follow","max-snippet":"max-snippet:-1","max-image-preview":"max-image-preview:large","max-video-preview":"max-video-preview:-1"},"canonical":"https:\/\/www.bipea.org\/tr\/yeterlilik-test-programlari-hijyen\/","og_locale":"tr_TR","og_type":"article","og_title":"Yeterlilik Test Programlar\u0131 H\u0130JYEN - Bipea","og_url":"https:\/\/www.bipea.org\/tr\/yeterlilik-test-programlari-hijyen\/","og_site_name":"Bipea","article_publisher":"https:\/\/www.facebook.com\/Bipea-Proficiency-Testing-Programs-1726595444310313\/","article_modified_time":"2024-02-15T09:54:10+00:00","twitter_card":"summary_large_image","twitter_site":"@BipeaP","twitter_misc":{"Tahmini okuma s\u00fcresi":"3 dakika"},"schema":{"@context":"https:\/\/schema.org","@graph":[{"@type":"WebPage","@id":"https:\/\/www.bipea.org\/tr\/yeterlilik-test-programlari-hijyen\/","url":"https:\/\/www.bipea.org\/tr\/yeterlilik-test-programlari-hijyen\/","name":"Yeterlilik Test Programlar\u0131 H\u0130JYEN - Bipea","isPartOf":{"@id":"https:\/\/www.bipea.org\/tr\/#website"},"datePublished":"2021-03-11T13:58:38+00:00","dateModified":"2024-02-15T09:54:10+00:00","breadcrumb":{"@id":"https:\/\/www.bipea.org\/tr\/yeterlilik-test-programlari-hijyen\/#breadcrumb"},"inLanguage":"tr","potentialAction":[{"@type":"ReadAction","target":["https:\/\/www.bipea.org\/tr\/yeterlilik-test-programlari-hijyen\/"]}]},{"@type":"BreadcrumbList","@id":"https:\/\/www.bipea.org\/tr\/yeterlilik-test-programlari-hijyen\/#breadcrumb","itemListElement":[{"@type":"ListItem","position":1,"name":"Accueil","item":"https:\/\/www.bipea.org\/tr\/"},{"@type":"ListItem","position":2,"name":"Yeterlilik Test Programlar\u0131 H\u0130JYEN"}]},{"@type":"WebSite","@id":"https:\/\/www.bipea.org\/tr\/#website","url":"https:\/\/www.bipea.org\/tr\/","name":"Bipea","description":"","potentialAction":[{"@type":"SearchAction","target":{"@type":"EntryPoint","urlTemplate":"https:\/\/www.bipea.org\/tr\/?s={search_term_string}"},"query-input":{"@type":"PropertyValueSpecification","valueRequired":true,"valueName":"search_term_string"}}],"inLanguage":"tr"}]}},"_links":{"self":[{"href":"https:\/\/www.bipea.org\/tr\/wp-json\/wp\/v2\/pages\/16261","targetHints":{"allow":["GET"]}}],"collection":[{"href":"https:\/\/www.bipea.org\/tr\/wp-json\/wp\/v2\/pages"}],"about":[{"href":"https:\/\/www.bipea.org\/tr\/wp-json\/wp\/v2\/types\/page"}],"author":[{"embeddable":true,"href":"https:\/\/www.bipea.org\/tr\/wp-json\/wp\/v2\/users\/3"}],"replies":[{"embeddable":true,"href":"https:\/\/www.bipea.org\/tr\/wp-json\/wp\/v2\/comments?post=16261"}],"version-history":[{"count":4,"href":"https:\/\/www.bipea.org\/tr\/wp-json\/wp\/v2\/pages\/16261\/revisions"}],"predecessor-version":[{"id":20276,"href":"https:\/\/www.bipea.org\/tr\/wp-json\/wp\/v2\/pages\/16261\/revisions\/20276"}],"wp:attachment":[{"href":"https:\/\/www.bipea.org\/tr\/wp-json\/wp\/v2\/media?parent=16261"}],"curies":[{"name":"wp","href":"https:\/\/api.w.org\/{rel}","templated":true}]}}