{"id":12886,"date":"2017-12-24T17:02:28","date_gmt":"2017-12-24T16:02:28","guid":{"rendered":"https:\/\/www.bipea.org\/yeterlilik-test-yemler\/"},"modified":"2024-02-15T09:55:36","modified_gmt":"2024-02-15T08:55:36","slug":"yeterlilik-test-yemler","status":"publish","type":"page","link":"https:\/\/www.bipea.org\/tr\/yeterlilik-test-yemler\/","title":{"rendered":"Yeterlilik Test Programlar\u0131 \u2013 YEMLER Fiziko \u2013 kimyasal analizler &#038; Kontaminantlar"},"content":{"rendered":"<p><div class=\"fusion-fullwidth fullwidth-box fusion-builder-row-1 nonhundred-percent-fullwidth non-hundred-percent-height-scrolling\" style=\"--awb-border-radius-top-left:0px;--awb-border-radius-top-right:0px;--awb-border-radius-bottom-right:0px;--awb-border-radius-bottom-left:0px;--awb-flex-wrap:wrap;\" ><div class=\"fusion-builder-row fusion-row\"><div class=\"fusion-layout-column fusion_builder_column fusion-builder-column-0 fusion_builder_column_5_6 5_6 fusion-five-sixth fusion-column-first\" style=\"--awb-bg-size:cover;width:83.333333333333%;width:calc(83.333333333333% - ( ( 4% ) * 0.83333333333333 ) );margin-right: 4%;\"><div class=\"fusion-column-wrapper fusion-flex-column-wrapper-legacy\"><div class=\"fusion-text fusion-text-1\"><h4 class=\"title_food\">Yeterlilik Test Programlar\u0131 \u2013 YEMLER<br \/>\nFiziko \u2013 kimyasal analizler &amp; Kontaminantlar<\/h4>\n<\/div><div class=\"fusion-clearfix\"><\/div><\/div><\/div><div class=\"fusion-layout-column fusion_builder_column fusion-builder-column-1 fusion_builder_column_1_6 1_6 fusion-one-sixth fusion-column-last quote_box\" style=\"--awb-bg-size:cover;width:16.666666666667%;width:calc(16.666666666667% - ( ( 4% ) * 0.16666666666667 ) );\"><div class=\"fusion-column-wrapper fusion-flex-column-wrapper-legacy\"><div class=\"fusion-text fusion-text-2\"><p><a href=\"https:\/\/www.bipea.org\/tr\/yeterlilik-test-programlari\/\">YT programlar\u0131 listesine d\u00f6n\u00fc\u015f<\/a><\/p>\n<p><a class=\"fusion-button button-flat fusion-button-round button-large button-default button-2 button85\" href=\"\/quote\" target=\"_self\" rel=\"noopener\"><span class=\"fusion-button-text\">TEKLIF ISTEYIN<\/span><\/a><\/p>\n<p>L\u00fctfen sati\u015f b\u00f6l\u00fcm\u00fcm\u00fcz\u00fc aray\u0131n<\/p>\n<\/div><div class=\"fusion-clearfix\"><\/div><\/div><\/div><\/div><\/div><div class=\"fusion-fullwidth fullwidth-box fusion-builder-row-2 nonhundred-percent-fullwidth non-hundred-percent-height-scrolling\" style=\"--awb-border-radius-top-left:0px;--awb-border-radius-top-right:0px;--awb-border-radius-bottom-right:0px;--awb-border-radius-bottom-left:0px;--awb-margin-top:40px;--awb-flex-wrap:wrap;\" ><div class=\"fusion-builder-row fusion-row\"><div class=\"fusion-layout-column fusion_builder_column fusion-builder-column-2 fusion_builder_column_1_1 1_1 fusion-one-full fusion-column-first fusion-column-last\" style=\"--awb-bg-size:cover;\"><div class=\"fusion-column-wrapper fusion-flex-column-wrapper-legacy\">\n<div class=\"table-1\">\n<table id=\"theTable\" class=\"footable table-1 outerBorder footable-loaded isInnerColor\" style=\"width: 100%; margin: 0px;\">\n<thead>\n<tr>\n<th id=\"thCol0\" style=\"width: 12.4694%;\" data-type=\"alpha\">Programlar<\/th>\n<th id=\"thCol1\" style=\"width: 10.1601%;\" data-type=\"alpha\">Matrisler<\/th>\n<th id=\"thCol2\" style=\"width: 43.0745%;\" data-type=\"alpha\">Parametreler<\/th>\n<th id=\"thCol3\" style=\"width: 10.3791%;\" data-type=\"alpha\">Akreditasyon<\/th>\n<th id=\"thCol4\" style=\"width: 5.50542%;\" data-type=\"alpha\">Miktar<\/th>\n<th id=\"thCol5\" style=\"width: 5.32491%;\" data-type=\"numeric\">Raund \/ Y\u0131l<\/th>\n<th id=\"thCol6\" style=\"width: 6.85921%;\" data-type=\"alpha\">Numune \/ Raund<\/th>\n<th id=\"thCol7\" style=\"width: 4.42238%;\" data-type=\"alpha\">Y\u0131ll\u0131k plan<\/th>\n<\/tr>\n<\/thead>\n<tbody>\n<tr class=\"footableOdd\">\n<td style=\"width: 12.4694%;\">13 &#8211; Yem<\/td>\n<td style=\"width: 10.1601%;\">Yem (ham maddeler ve son \u00fcr\u00fcnler)<\/td>\n<td style=\"width: 43.0745%;\">Fiziko-kimyasal analizler Besin de\u011ferleri, mineraller, amino asit kompozisyonu, vitaminler, pigmentler, mikroskobik analizler, ya\u011f asitleri kompozisyonu, ila\u00e7 kal\u0131nt\u0131lar\u0131, di\u011fer parametreler\u2026<\/td>\n<td style=\"width: 10.3791%;\">akredite*<\/td>\n<td style=\"width: 5.50542%;\">350 g &#8211; 750 g<\/td>\n<td style=\"width: 5.32491%;\">10<\/td>\n<td style=\"width: 6.85921%;\">2 &#8211; 3 numune<\/td>\n<td style=\"width: 4.42238%;\"><a href=\"https:\/\/extranet.bipea.org\/documents\/plannings\/GB\/Proficiency-testing-scheme-13\" target=\"newTab\" rel=\"noopener\">\u0130ndir<\/a><\/td>\n<\/tr>\n<tr class=\"footableEven\">\n<td style=\"width: 12.4694%;\">14 &#8211; Ye\u015fil yemler<\/td>\n<td style=\"width: 10.1601%;\">Ye\u015fil yemler<\/td>\n<td style=\"width: 43.0745%;\">Fiziko-kimyasal analizler Parite bile\u015fenleri, mineraller, sindirebilirlik, enerji de\u011feri tahmini, azot de\u011feri<\/td>\n<td style=\"width: 10.3791%;\"><\/td>\n<td style=\"width: 5.50542%;\">300 g<\/td>\n<td style=\"width: 5.32491%;\">10<\/td>\n<td style=\"width: 6.85921%;\">1 numune<\/td>\n<td style=\"width: 4.42238%;\"><a href=\"https:\/\/extranet.bipea.org\/documents\/plannings\/GB\/Proficiency-testing-scheme-14\" target=\"newTab\" rel=\"noopener\">\u0130ndir<\/a><\/td>\n<\/tr>\n<tr class=\"footableOdd\">\n<td style=\"width: 12.4694%;\">22 &#8211; Silajlar<\/td>\n<td style=\"width: 10.1601%;\">Silajlar<\/td>\n<td style=\"width: 43.0745%;\">Fiziko-kimyasal analizler Parite bile\u015fenleri, alkoller, u\u00e7ucu ya\u011f asitleri, sindirilebilirlik, di\u011fer parametreler\u2026<\/td>\n<td style=\"width: 10.3791%;\"><\/td>\n<td style=\"width: 5.50542%;\">1500 g<\/td>\n<td style=\"width: 5.32491%;\">4<\/td>\n<td style=\"width: 6.85921%;\">1 numune<\/td>\n<td style=\"width: 4.42238%;\"><a href=\"https:\/\/extranet.bipea.org\/documents\/plannings\/GB\/Proficiency-testing-scheme-22\" target=\"newTab\" rel=\"noopener\">\u0130ndir<\/a><\/td>\n<\/tr>\n<tr class=\"footableEven\">\n<td style=\"width: 12.4694%;\">26a &#8211; Amino asitler: Yem<\/td>\n<td style=\"width: 10.1601%;\">Yem (ham maddeler ve son \u00fcr\u00fcnler)<\/td>\n<td style=\"width: 43.0745%;\">Hidroliz metoduyla amino asitler Serbest amino asitler Protein i\u00e7eri\u011fi<\/td>\n<td style=\"width: 10.3791%;\">akredite*<\/td>\n<td style=\"width: 5.50542%;\">300 g<\/td>\n<td style=\"width: 5.32491%;\">5<\/td>\n<td style=\"width: 6.85921%;\">1 &#8211; 2 numune<\/td>\n<td style=\"width: 4.42238%;\"><a href=\"https:\/\/extranet.bipea.org\/documents\/plannings\/GB\/Proficiency-testing-scheme-26a\" target=\"newTab\" rel=\"noopener\">\u0130ndir<\/a><\/td>\n<\/tr>\n<tr class=\"footableOdd\">\n<td style=\"width: 12.4694%;\">42 &#8211; Premiks<\/td>\n<td style=\"width: 10.1601%;\">Premiks<\/td>\n<td style=\"width: 43.0745%;\">Fiziko-kimyasal analizler Mineraller, vitaminler, metaller, di\u011fer parametreler&#8230;<\/td>\n<td style=\"width: 10.3791%;\">akredite*<\/td>\n<td style=\"width: 5.50542%;\">350 g<\/td>\n<td style=\"width: 5.32491%;\">10<\/td>\n<td style=\"width: 6.85921%;\">1 &#8211; 2 numune<\/td>\n<td style=\"width: 4.42238%;\"><a href=\"https:\/\/extranet.bipea.org\/documents\/plannings\/GB\/Proficiency-testing-scheme-42\" target=\"newTab\" rel=\"noopener\">\u0130ndir<\/a><\/td>\n<\/tr>\n<tr class=\"footableEven\">\n<td style=\"width: 12.4694%;\">67 &#8211; Evcil hayvan yemi<\/td>\n<td style=\"width: 10.1601%;\">Kedi- k\u00f6pek yemi (ham maddeler ve son \u00fcr\u00fcnler)<\/td>\n<td style=\"width: 43.0745%;\">Fiziko- kimyasal analizler Amino asitler, antioksidanlar, biyojen aminler, mikotoksinler, vitaminler, mineraller, metaller, kontaminantlar, ya\u011f asitleri, eser elementler, di\u011fer parametreler\u2026<\/td>\n<td style=\"width: 10.3791%;\">akredite*<\/td>\n<td style=\"width: 5.50542%;\">30 \u2013 2000g<\/td>\n<td style=\"width: 5.32491%;\">10<\/td>\n<td style=\"width: 6.85921%;\">2 &#8211; 3 numune<\/td>\n<td style=\"width: 4.42238%;\"><a href=\"https:\/\/extranet.bipea.org\/documents\/plannings\/GB\/Proficiency-testing-scheme-67\" target=\"newTab\" rel=\"noopener\">\u0130ndir<\/a><\/td>\n<\/tr>\n<tr class=\"footableOdd\">\n<td style=\"width: 12.4694%;\">67a &#8211; Evcil hayvan yemi<\/td>\n<td style=\"width: 10.1601%;\">Kedi- k\u00f6pek yemi (ham maddeler ve son \u00fcr\u00fcnler)<\/td>\n<td style=\"width: 43.0745%;\">Fiziko- kimyasal analizler Amino asitler, antioksidanlar, biyojen aminler, mikotoksinler, vitaminler, mineraller, metaller, kontaminantlar, ya\u011f asitleri, eser elementler, di\u011fer parametreler\u2026<\/td>\n<td style=\"width: 10.3791%;\">akredite*<\/td>\n<td style=\"width: 5.50542%;\">30-2000g<\/td>\n<td style=\"width: 5.32491%;\">5<\/td>\n<td style=\"width: 6.85921%;\">2 &#8211; 3 numune<\/td>\n<td style=\"width: 4.42238%;\"><a href=\"https:\/\/extranet.bipea.org\/documents\/plannings\/GB\/Proficiency-testing-scheme-67a\" target=\"newTab\" rel=\"noopener\">\u0130ndir<\/a><\/td>\n<\/tr>\n<tr class=\"footableEven\">\n<td style=\"width: 12.4694%;\">31b &#8211; Mikotoksin: Tah\u0131l<\/td>\n<td style=\"width: 10.1601%;\">Tah\u0131l<\/td>\n<td style=\"width: 43.0745%;\">Aflatoksin, Okratoksin A, Fumonisin ve di\u011fer parametreler<\/td>\n<td style=\"width: 10.3791%;\">akredite*<\/td>\n<td style=\"width: 5.50542%;\">300 g<\/td>\n<td style=\"width: 5.32491%;\">5<\/td>\n<td style=\"width: 6.85921%;\">1 numune<\/td>\n<td style=\"width: 4.42238%;\"><a href=\"https:\/\/extranet.bipea.org\/documents\/plannings\/GB\/Proficiency-testing-scheme-31b\" target=\"newTab\" rel=\"noopener\">\u0130ndir<\/a><\/td>\n<\/tr>\n<tr class=\"footableOdd\">\n<td style=\"width: 12.4694%;\">32c &#8211; Eser Elementler : YEM<\/td>\n<td style=\"width: 10.1601%;\">Yem<\/td>\n<td style=\"width: 43.0745%;\">Eser elementler<\/td>\n<td style=\"width: 10.3791%;\">akredite*<\/td>\n<td style=\"width: 5.50542%;\">200 g<\/td>\n<td style=\"width: 5.32491%;\">4<\/td>\n<td style=\"width: 6.85921%;\">1 numune<\/td>\n<td style=\"width: 4.42238%;\"><a href=\"https:\/\/extranet.bipea.org\/documents\/plannings\/GB\/Proficiency-testing-scheme-32c\" target=\"newTab\" rel=\"noopener\">\u0130ndir<\/a><\/td>\n<\/tr>\n<tr>\n<td style=\"width: 12.4694%;\">88a &#8211; Veteriner ila\u00e7lar\u0131<\/td>\n<td style=\"width: 10.1601%;\">Bal\u0131k<\/td>\n<td style=\"width: 43.0745%;\">\u0130la\u00e7lar<\/td>\n<td style=\"width: 10.3791%;\"><\/td>\n<td style=\"width: 5.50542%;\">100 g<\/td>\n<td style=\"width: 5.32491%;\">2<\/td>\n<td style=\"width: 6.85921%;\">1 numune<\/td>\n<td style=\"width: 4.42238%;\"><a href=\"https:\/\/extranet.bipea.org\/documents\/plannings\/GB\/Proficiency-testing-scheme-88a\" target=\"newTab\" rel=\"noopener\">\u0130ndir<\/a><\/td>\n<\/tr>\n<tr>\n<td style=\"width: 12.4694%;\">105a &#8211; Yemde mikrobiyoloji &#8211; Salmonella spp tespiti<\/td>\n<td style=\"width: 10.1601%;\">\u00c7iftlik hayvanlar\u0131 i\u00e7in yem (k\u0131r\u0131nt\u0131lar)<\/td>\n<td style=\"width: 43.0745%;\">Salmonella spp<\/td>\n<td style=\"width: 10.3791%;\"><\/td>\n<td style=\"width: 5.50542%;\">25 g<\/td>\n<td style=\"width: 5.32491%;\">2<\/td>\n<td style=\"width: 6.85921%;\">3 numune<\/td>\n<td style=\"width: 4.42238%;\"><a href=\"https:\/\/extranet.bipea.org\/documents\/plannings\/GB\/Proficiency-testing-scheme-105a\" target=\"newTab\" rel=\"noopener\">\u0130ndir<\/a><\/td>\n<\/tr>\n<\/tbody>\n<\/table>\n<\/div>\n<div class=\"fusion-text fusion-text-3\"><p><span style=\"font-size: 15px;\"><span style=\"font-style: italic;\">* Akredite olan matris ve parametreler i\u00e7in, <span style=\"text-decoration: underline;\"><a href=\"https:\/\/extranet.bipea.org\/documents\/information\/GB\/Detailed-scope-COFRAC.pdf\" target=\"_blank\" rel=\"noopener\" data-content=\"https:\/\/extranet.bipea.org\/documents\/information\/GB\/Detailed-scope-COFRAC.pdf\" data-type=\"external\">akreditasyonun detayl\u0131 kapsam\u0131\u00a0<\/a><\/span>n\u0131\u00a0indirin<\/span><\/span><\/p>\n<\/div><div class=\"fusion-clearfix\"><\/div><\/div><\/div><\/div><\/div><\/p>\n","protected":false},"excerpt":{"rendered":"","protected":false},"author":1,"featured_media":0,"parent":0,"menu_order":0,"comment_status":"closed","ping_status":"closed","template":"","meta":{"footnotes":""},"class_list":["post-12886","page","type-page","status-publish","hentry"],"yoast_head":"<!-- This site is optimized with the Yoast SEO plugin v27.0 - https:\/\/yoast.com\/product\/yoast-seo-wordpress\/ -->\n<title>Yeterlilik Test Programlar\u0131 \u2013 YEMLER Fiziko \u2013 kimyasal analizler &amp; Kontaminantlar - Bipea<\/title>\n<meta name=\"robots\" content=\"index, follow, max-snippet:-1, max-image-preview:large, max-video-preview:-1\" \/>\n<link rel=\"canonical\" href=\"https:\/\/www.bipea.org\/tr\/yeterlilik-test-yemler\/\" \/>\n<meta property=\"og:locale\" content=\"tr_TR\" \/>\n<meta property=\"og:type\" content=\"article\" \/>\n<meta property=\"og:title\" content=\"Yeterlilik Test Programlar\u0131 \u2013 YEMLER Fiziko \u2013 kimyasal analizler &amp; Kontaminantlar - Bipea\" \/>\n<meta property=\"og:url\" content=\"https:\/\/www.bipea.org\/tr\/yeterlilik-test-yemler\/\" \/>\n<meta property=\"og:site_name\" content=\"Bipea\" \/>\n<meta property=\"article:publisher\" content=\"https:\/\/www.facebook.com\/Bipea-Proficiency-Testing-Programs-1726595444310313\/\" \/>\n<meta property=\"article:modified_time\" content=\"2024-02-15T08:55:36+00:00\" \/>\n<meta name=\"twitter:card\" content=\"summary_large_image\" \/>\n<meta name=\"twitter:site\" content=\"@BipeaP\" \/>\n<meta name=\"twitter:label1\" content=\"Tahmini okuma s\u00fcresi\" \/>\n\t<meta name=\"twitter:data1\" content=\"3 dakika\" \/>\n<script type=\"application\/ld+json\" class=\"yoast-schema-graph\">{\"@context\":\"https:\/\/schema.org\",\"@graph\":[{\"@type\":\"WebPage\",\"@id\":\"https:\/\/www.bipea.org\/tr\/yeterlilik-test-yemler\/\",\"url\":\"https:\/\/www.bipea.org\/tr\/yeterlilik-test-yemler\/\",\"name\":\"Yeterlilik Test Programlar\u0131 \u2013 YEMLER Fiziko \u2013 kimyasal analizler & Kontaminantlar - Bipea\",\"isPartOf\":{\"@id\":\"https:\/\/www.bipea.org\/tr\/#website\"},\"datePublished\":\"2017-12-24T16:02:28+00:00\",\"dateModified\":\"2024-02-15T08:55:36+00:00\",\"breadcrumb\":{\"@id\":\"https:\/\/www.bipea.org\/tr\/yeterlilik-test-yemler\/#breadcrumb\"},\"inLanguage\":\"tr\",\"potentialAction\":[{\"@type\":\"ReadAction\",\"target\":[\"https:\/\/www.bipea.org\/tr\/yeterlilik-test-yemler\/\"]}]},{\"@type\":\"BreadcrumbList\",\"@id\":\"https:\/\/www.bipea.org\/tr\/yeterlilik-test-yemler\/#breadcrumb\",\"itemListElement\":[{\"@type\":\"ListItem\",\"position\":1,\"name\":\"Accueil\",\"item\":\"https:\/\/www.bipea.org\/tr\/\"},{\"@type\":\"ListItem\",\"position\":2,\"name\":\"Yeterlilik Test Programlar\u0131 \u2013 YEMLER Fiziko \u2013 kimyasal analizler &#038; Kontaminantlar\"}]},{\"@type\":\"WebSite\",\"@id\":\"https:\/\/www.bipea.org\/tr\/#website\",\"url\":\"https:\/\/www.bipea.org\/tr\/\",\"name\":\"Bipea\",\"description\":\"\",\"potentialAction\":[{\"@type\":\"SearchAction\",\"target\":{\"@type\":\"EntryPoint\",\"urlTemplate\":\"https:\/\/www.bipea.org\/tr\/?s={search_term_string}\"},\"query-input\":{\"@type\":\"PropertyValueSpecification\",\"valueRequired\":true,\"valueName\":\"search_term_string\"}}],\"inLanguage\":\"tr\"}]}<\/script>\n<!-- \/ Yoast SEO plugin. -->","yoast_head_json":{"title":"Yeterlilik Test Programlar\u0131 \u2013 YEMLER Fiziko \u2013 kimyasal analizler & Kontaminantlar - Bipea","robots":{"index":"index","follow":"follow","max-snippet":"max-snippet:-1","max-image-preview":"max-image-preview:large","max-video-preview":"max-video-preview:-1"},"canonical":"https:\/\/www.bipea.org\/tr\/yeterlilik-test-yemler\/","og_locale":"tr_TR","og_type":"article","og_title":"Yeterlilik Test Programlar\u0131 \u2013 YEMLER Fiziko \u2013 kimyasal analizler & Kontaminantlar - Bipea","og_url":"https:\/\/www.bipea.org\/tr\/yeterlilik-test-yemler\/","og_site_name":"Bipea","article_publisher":"https:\/\/www.facebook.com\/Bipea-Proficiency-Testing-Programs-1726595444310313\/","article_modified_time":"2024-02-15T08:55:36+00:00","twitter_card":"summary_large_image","twitter_site":"@BipeaP","twitter_misc":{"Tahmini okuma s\u00fcresi":"3 dakika"},"schema":{"@context":"https:\/\/schema.org","@graph":[{"@type":"WebPage","@id":"https:\/\/www.bipea.org\/tr\/yeterlilik-test-yemler\/","url":"https:\/\/www.bipea.org\/tr\/yeterlilik-test-yemler\/","name":"Yeterlilik Test Programlar\u0131 \u2013 YEMLER Fiziko \u2013 kimyasal analizler & Kontaminantlar - Bipea","isPartOf":{"@id":"https:\/\/www.bipea.org\/tr\/#website"},"datePublished":"2017-12-24T16:02:28+00:00","dateModified":"2024-02-15T08:55:36+00:00","breadcrumb":{"@id":"https:\/\/www.bipea.org\/tr\/yeterlilik-test-yemler\/#breadcrumb"},"inLanguage":"tr","potentialAction":[{"@type":"ReadAction","target":["https:\/\/www.bipea.org\/tr\/yeterlilik-test-yemler\/"]}]},{"@type":"BreadcrumbList","@id":"https:\/\/www.bipea.org\/tr\/yeterlilik-test-yemler\/#breadcrumb","itemListElement":[{"@type":"ListItem","position":1,"name":"Accueil","item":"https:\/\/www.bipea.org\/tr\/"},{"@type":"ListItem","position":2,"name":"Yeterlilik Test Programlar\u0131 \u2013 YEMLER Fiziko \u2013 kimyasal analizler &#038; Kontaminantlar"}]},{"@type":"WebSite","@id":"https:\/\/www.bipea.org\/tr\/#website","url":"https:\/\/www.bipea.org\/tr\/","name":"Bipea","description":"","potentialAction":[{"@type":"SearchAction","target":{"@type":"EntryPoint","urlTemplate":"https:\/\/www.bipea.org\/tr\/?s={search_term_string}"},"query-input":{"@type":"PropertyValueSpecification","valueRequired":true,"valueName":"search_term_string"}}],"inLanguage":"tr"}]}},"_links":{"self":[{"href":"https:\/\/www.bipea.org\/tr\/wp-json\/wp\/v2\/pages\/12886","targetHints":{"allow":["GET"]}}],"collection":[{"href":"https:\/\/www.bipea.org\/tr\/wp-json\/wp\/v2\/pages"}],"about":[{"href":"https:\/\/www.bipea.org\/tr\/wp-json\/wp\/v2\/types\/page"}],"author":[{"embeddable":true,"href":"https:\/\/www.bipea.org\/tr\/wp-json\/wp\/v2\/users\/1"}],"replies":[{"embeddable":true,"href":"https:\/\/www.bipea.org\/tr\/wp-json\/wp\/v2\/comments?post=12886"}],"version-history":[{"count":6,"href":"https:\/\/www.bipea.org\/tr\/wp-json\/wp\/v2\/pages\/12886\/revisions"}],"predecessor-version":[{"id":20265,"href":"https:\/\/www.bipea.org\/tr\/wp-json\/wp\/v2\/pages\/12886\/revisions\/20265"}],"wp:attachment":[{"href":"https:\/\/www.bipea.org\/tr\/wp-json\/wp\/v2\/media?parent=12886"}],"curies":[{"name":"wp","href":"https:\/\/api.w.org\/{rel}","templated":true}]}}