{"id":12855,"date":"2017-12-24T17:26:53","date_gmt":"2017-12-24T16:26:53","guid":{"rendered":"https:\/\/www.bipea.org\/milling\/"},"modified":"2024-02-15T10:48:08","modified_gmt":"2024-02-15T09:48:08","slug":"yeterlilik-test-unlar","status":"publish","type":"page","link":"https:\/\/www.bipea.org\/tr\/yeterlilik-test-unlar\/","title":{"rendered":"Yeterlilik Test Programlar\u0131 \u2013 UNLAR Fiziko \u2013 kimyasal analizler &#038; Mikrobiyolojik analizler"},"content":{"rendered":"<p><div class=\"fusion-fullwidth fullwidth-box fusion-builder-row-1 nonhundred-percent-fullwidth non-hundred-percent-height-scrolling\" style=\"--awb-border-radius-top-left:0px;--awb-border-radius-top-right:0px;--awb-border-radius-bottom-right:0px;--awb-border-radius-bottom-left:0px;--awb-flex-wrap:wrap;\" ><div class=\"fusion-builder-row fusion-row\"><div class=\"fusion-layout-column fusion_builder_column fusion-builder-column-0 fusion_builder_column_5_6 5_6 fusion-five-sixth fusion-column-first\" style=\"--awb-bg-size:cover;width:83.333333333333%;width:calc(83.333333333333% - ( ( 4% ) * 0.83333333333333 ) );margin-right: 4%;\"><div class=\"fusion-column-wrapper fusion-flex-column-wrapper-legacy\"><div class=\"fusion-text fusion-text-1\"><h4 class=\"title_food\">Yeterlilik Test Programlar\u0131 \u2013 UNLAR<br \/>\nFiziko \u2013 kimyasal analizler &amp; Mikrobiyolojik analizler<\/h4>\n<\/div><div class=\"fusion-clearfix\"><\/div><\/div><\/div><div class=\"fusion-layout-column fusion_builder_column fusion-builder-column-1 fusion_builder_column_1_6 1_6 fusion-one-sixth fusion-column-last quote_box\" style=\"--awb-bg-size:cover;width:16.666666666667%;width:calc(16.666666666667% - ( ( 4% ) * 0.16666666666667 ) );\"><div class=\"fusion-column-wrapper fusion-flex-column-wrapper-legacy\"><div class=\"fusion-text fusion-text-2\"><p><a href=\"https:\/\/www.bipea.org\/tr\/yeterlilik-test-programlari\/\">YT programlar\u0131 listesine d\u00f6n\u00fc\u015f<\/a><\/p>\n<p><a class=\"fusion-button button-flat fusion-button-round button-large button-default button-2 button85\" href=\"\/quote\" target=\"_self\" rel=\"noopener noreferrer\"><span class=\"fusion-button-text\">TEKLIF ISTEYIN<\/span><\/a><\/p>\n<p>L\u00fctfen sati\u015f b\u00f6l\u00fcm\u00fcm\u00fcz\u00fc aray\u0131n<\/p>\n<\/div><div class=\"fusion-clearfix\"><\/div><\/div><\/div><\/div><\/div><div class=\"fusion-fullwidth fullwidth-box fusion-builder-row-2 nonhundred-percent-fullwidth non-hundred-percent-height-scrolling\" style=\"--awb-border-radius-top-left:0px;--awb-border-radius-top-right:0px;--awb-border-radius-bottom-right:0px;--awb-border-radius-bottom-left:0px;--awb-margin-top:40px;--awb-flex-wrap:wrap;\" ><div class=\"fusion-builder-row fusion-row\"><div class=\"fusion-layout-column fusion_builder_column fusion-builder-column-2 fusion_builder_column_1_1 1_1 fusion-one-full fusion-column-first fusion-column-last\" style=\"--awb-bg-size:cover;\"><div class=\"fusion-column-wrapper fusion-flex-column-wrapper-legacy\">\n<div class=\"table-1\">\n<table id=\"theTable\" class=\"footable table-1 outerBorder footable-loaded isInnerColor\" style=\"width: 100%; margin: 0px;\">\n<thead>\n<tr>\n<th id=\"thCol0\" style=\"width: 19.9826%;\" data-type=\"alpha\">Programlar<\/th>\n<th id=\"thCol1\" style=\"width: 10.5126%;\" data-type=\"alpha\">Matrisler<\/th>\n<th id=\"thCol2\" style=\"width: 29.0182%;\" data-type=\"alpha\">Parametreler<\/th>\n<th id=\"thCol3\" style=\"width: 9.90443%;\" data-type=\"alpha\">Akreditasyon<\/th>\n<th id=\"thCol4\" style=\"width: 7.298%;\" data-type=\"alpha\">Miktar<\/th>\n<th id=\"thCol5\" style=\"width: 6.60295%;\" data-type=\"numeric\">Raund \/ y\u0131l<\/th>\n<th id=\"thCol6\" style=\"width: 9.47003%;\" data-type=\"alpha\">Numune \/ Raund<\/th>\n<th id=\"thCol7\" style=\"width: 5.82103%;\" data-type=\"alpha\">Y\u0131ll\u0131k plan<\/th>\n<\/tr>\n<\/thead>\n<tbody>\n<tr class=\"footableOdd\">\n<td style=\"width: 19.9826%;\">02 &#8211; Un : fiziko-kimyasal analizler ve alveograf<\/td>\n<td style=\"width: 10.5126%;\">Unlar<\/td>\n<td style=\"width: 29.0182%;\">Fiziko &#8211; kimyasal analizler Alveograf<\/td>\n<td style=\"width: 9.90443%;\">akredite*<\/td>\n<td style=\"width: 7.298%;\">750 g<\/td>\n<td style=\"width: 6.60295%;\">10<\/td>\n<td style=\"width: 9.47003%;\">1 numune<\/td>\n<td style=\"width: 5.82103%;\"><a href=\"https:\/\/extranet.bipea.org\/documents\/plannings\/GB\/Proficiency-testing-scheme-02\" target=\"newTab\" rel=\"noopener noreferrer\">\u0130ndir<\/a><\/td>\n<\/tr>\n<tr class=\"footableEven\">\n<td style=\"width: 19.9826%;\">03 &#8211; Un : Frans\u0131z ekme\u011fi testi<\/td>\n<td style=\"width: 10.5126%;\">Unlar<\/td>\n<td style=\"width: 29.0182%;\">Unda Fiziko &#8211; kimyasal analizler Frans\u0131z ekme\u011fi testi, hamur ve ekmek analizleri<\/td>\n<td style=\"width: 9.90443%;\"><\/td>\n<td style=\"width: 7.298%;\">1050 g<\/td>\n<td style=\"width: 6.60295%;\">5<\/td>\n<td style=\"width: 9.47003%;\">2 numune<\/td>\n<td style=\"width: 5.82103%;\"><a href=\"https:\/\/extranet.bipea.org\/documents\/plannings\/GB\/Proficiency-testing-scheme-03\" target=\"newTab\" rel=\"noopener noreferrer\">\u0130ndir<\/a><\/td>\n<\/tr>\n<tr class=\"footableOdd\">\n<td style=\"width: 19.9826%;\">07 &#8211; \u0130rmik<\/td>\n<td style=\"width: 10.5126%;\">\u0130rmik<\/td>\n<td style=\"width: 29.0182%;\">Fiziko &#8211; kimyasal analizler<\/td>\n<td style=\"width: 9.90443%;\"><\/td>\n<td style=\"width: 7.298%;\">400 g<\/td>\n<td style=\"width: 6.60295%;\">10<\/td>\n<td style=\"width: 9.47003%;\">1 numune<\/td>\n<td style=\"width: 5.82103%;\"><a href=\"https:\/\/extranet.bipea.org\/documents\/plannings\/GB\/Proficiency-testing-scheme-07\" target=\"newTab\" rel=\"noopener noreferrer\">\u0130ndir<\/a><\/td>\n<\/tr>\n<tr class=\"footableEven\">\n<td style=\"width: 19.9826%;\">16 &#8211; B\u00f6cek par\u00e7alar\u0131 tayini<\/td>\n<td style=\"width: 10.5126%;\">Unlar, Makarna, \u0130rmik<\/td>\n<td style=\"width: 29.0182%;\">Kemirgenler, b\u00f6cekler, akarlar, par\u00e7alar\u2026<\/td>\n<td style=\"width: 9.90443%;\">akredite*<\/td>\n<td style=\"width: 7.298%;\">300 g 600 g<\/td>\n<td style=\"width: 6.60295%;\">5<\/td>\n<td style=\"width: 9.47003%;\">1 &#8211; 2 numune<\/td>\n<td style=\"width: 5.82103%;\"><a href=\"https:\/\/extranet.bipea.org\/documents\/plannings\/GB\/Proficiency-testing-scheme-16\" target=\"newTab\" rel=\"noopener noreferrer\">\u0130ndir<\/a><\/td>\n<\/tr>\n<tr class=\"footableOdd\">\n<td style=\"width: 19.9826%;\">25 &#8211; Un : Farinograf ve Miksolab<\/td>\n<td style=\"width: 10.5126%;\">Unlar<\/td>\n<td style=\"width: 29.0182%;\">Unda Fiziko &#8211; kimyasal analizler Farinograf \/ Miksolab<\/td>\n<td style=\"width: 9.90443%;\">akredite*<\/td>\n<td style=\"width: 7.298%;\">1250 g<\/td>\n<td style=\"width: 6.60295%;\">10<\/td>\n<td style=\"width: 9.47003%;\">1 numune<\/td>\n<td style=\"width: 5.82103%;\"><a href=\"https:\/\/extranet.bipea.org\/documents\/plannings\/GB\/Proficiency-testing-scheme-25\" target=\"newTab\" rel=\"noopener noreferrer\">\u0130ndir<\/a><\/td>\n<\/tr>\n<tr class=\"footableEven\">\n<td style=\"width: 19.9826%;\">41 &#8211; Un : Reofermentometre<\/td>\n<td style=\"width: 10.5126%;\">Unlar<\/td>\n<td style=\"width: 29.0182%;\">Reoloji<\/td>\n<td style=\"width: 9.90443%;\">akredite*<\/td>\n<td style=\"width: 7.298%;\">100g ve 1000 g<\/td>\n<td style=\"width: 6.60295%;\">10<\/td>\n<td style=\"width: 9.47003%;\">2 numune<\/td>\n<td style=\"width: 5.82103%;\"><a href=\"https:\/\/extranet.bipea.org\/documents\/plannings\/GB\/Proficiency-testing-scheme-41\" target=\"newTab\" rel=\"noopener noreferrer\">\u0130ndir<\/a><\/td>\n<\/tr>\n<tr class=\"footableOdd\">\n<td style=\"width: 19.9826%;\">47 &#8211; Un : Geleneksel Frans\u0131z ekme\u011fi<\/td>\n<td style=\"width: 10.5126%;\">Unlar<\/td>\n<td style=\"width: 29.0182%;\">Unda Fiziko &#8211; kimyasal analizler Hamur, ekmek ve k\u0131r\u0131nt\u0131 karakteristikleri<\/td>\n<td style=\"width: 9.90443%;\"><\/td>\n<td style=\"width: 7.298%;\">1050 g<\/td>\n<td style=\"width: 6.60295%;\">10<\/td>\n<td style=\"width: 9.47003%;\">2 numune<\/td>\n<td style=\"width: 5.82103%;\"><a href=\"https:\/\/extranet.bipea.org\/documents\/plannings\/GB\/Proficiency-testing-scheme-47\" target=\"newTab\" rel=\"noopener noreferrer\">\u0130ndir<\/a><\/td>\n<\/tr>\n<tr class=\"footableEven\">\n<td style=\"width: 19.9826%;\">72 &#8211; Un : Miksolab standart protokol<\/td>\n<td style=\"width: 10.5126%;\">Unlar<\/td>\n<td style=\"width: 29.0182%;\">Standart protokol parametreleri<\/td>\n<td style=\"width: 9.90443%;\">akredite*<\/td>\n<td style=\"width: 7.298%;\">250 g<\/td>\n<td style=\"width: 6.60295%;\">10<\/td>\n<td style=\"width: 9.47003%;\">1 numune<\/td>\n<td style=\"width: 5.82103%;\"><a href=\"https:\/\/extranet.bipea.org\/documents\/plannings\/GB\/Proficiency-testing-scheme-72\" target=\"newTab\" rel=\"noopener noreferrer\">\u0130ndir<\/a><\/td>\n<\/tr>\n<tr class=\"footableOdd\">\n<td style=\"width: 19.9826%;\">56 &#8211; Unlarda mikrobiyoloji<\/td>\n<td style=\"width: 10.5126%;\">Unlar<\/td>\n<td style=\"width: 29.0182%;\">\u00c7oklu parametre<\/td>\n<td style=\"width: 9.90443%;\"><\/td>\n<td style=\"width: 7.298%;\">250 g<\/td>\n<td style=\"width: 6.60295%;\">4<\/td>\n<td style=\"width: 9.47003%;\">1 numune<\/td>\n<td style=\"width: 5.82103%;\"><a href=\"https:\/\/extranet.bipea.org\/documents\/plannings\/GB\/Proficiency-testing-scheme-56\" target=\"newTab\" rel=\"noopener noreferrer\">\u0130ndir<\/a><\/td>\n<\/tr>\n<\/tbody>\n<\/table>\n<\/div>\n<div class=\"fusion-text fusion-text-3\"><p><span style=\"font-size: 15px;\"><span style=\"font-style: italic;\">* Akredite olan matris ve parametreler i\u00e7in, <span style=\"text-decoration: underline;\"><a href=\"https:\/\/extranet.bipea.org\/documents\/information\/GB\/Detailed-scope-COFRAC.pdf\" target=\"_blank\" rel=\"noopener noreferrer\" data-content=\"https:\/\/extranet.bipea.org\/documents\/information\/GB\/Detailed-scope-COFRAC.pdf\" data-type=\"external\">akreditasyonun detayl\u0131 kapsam\u0131\u00a0<\/a><\/span>n\u0131\u00a0indirin<\/span><\/span><\/p>\n<\/div><div class=\"fusion-clearfix\"><\/div><\/div><\/div><\/div><\/div><\/p>\n","protected":false},"excerpt":{"rendered":"","protected":false},"author":1,"featured_media":0,"parent":0,"menu_order":0,"comment_status":"closed","ping_status":"closed","template":"","meta":{"footnotes":""},"class_list":["post-12855","page","type-page","status-publish","hentry"],"yoast_head":"<!-- This site is optimized with the Yoast SEO plugin v27.0 - https:\/\/yoast.com\/product\/yoast-seo-wordpress\/ -->\n<title>Yeterlilik Test Programlar\u0131 \u2013 UNLAR Fiziko \u2013 kimyasal analizler &amp; Mikrobiyolojik analizler - Bipea<\/title>\n<meta name=\"robots\" content=\"index, follow, max-snippet:-1, max-image-preview:large, max-video-preview:-1\" \/>\n<link rel=\"canonical\" href=\"https:\/\/www.bipea.org\/tr\/yeterlilik-test-unlar\/\" \/>\n<meta property=\"og:locale\" content=\"tr_TR\" \/>\n<meta property=\"og:type\" content=\"article\" \/>\n<meta property=\"og:title\" content=\"Yeterlilik Test Programlar\u0131 \u2013 UNLAR Fiziko \u2013 kimyasal analizler &amp; Mikrobiyolojik analizler - Bipea\" \/>\n<meta property=\"og:url\" content=\"https:\/\/www.bipea.org\/tr\/yeterlilik-test-unlar\/\" \/>\n<meta property=\"og:site_name\" content=\"Bipea\" \/>\n<meta property=\"article:publisher\" content=\"https:\/\/www.facebook.com\/Bipea-Proficiency-Testing-Programs-1726595444310313\/\" \/>\n<meta property=\"article:modified_time\" content=\"2024-02-15T09:48:08+00:00\" \/>\n<meta name=\"twitter:card\" content=\"summary_large_image\" \/>\n<meta name=\"twitter:site\" content=\"@BipeaP\" \/>\n<meta name=\"twitter:label1\" content=\"Tahmini okuma s\u00fcresi\" \/>\n\t<meta name=\"twitter:data1\" content=\"4 dakika\" \/>\n<script type=\"application\/ld+json\" class=\"yoast-schema-graph\">{\"@context\":\"https:\/\/schema.org\",\"@graph\":[{\"@type\":\"WebPage\",\"@id\":\"https:\/\/www.bipea.org\/tr\/yeterlilik-test-unlar\/\",\"url\":\"https:\/\/www.bipea.org\/tr\/yeterlilik-test-unlar\/\",\"name\":\"Yeterlilik Test Programlar\u0131 \u2013 UNLAR Fiziko \u2013 kimyasal analizler & Mikrobiyolojik analizler - Bipea\",\"isPartOf\":{\"@id\":\"https:\/\/www.bipea.org\/tr\/#website\"},\"datePublished\":\"2017-12-24T16:26:53+00:00\",\"dateModified\":\"2024-02-15T09:48:08+00:00\",\"breadcrumb\":{\"@id\":\"https:\/\/www.bipea.org\/tr\/yeterlilik-test-unlar\/#breadcrumb\"},\"inLanguage\":\"tr\",\"potentialAction\":[{\"@type\":\"ReadAction\",\"target\":[\"https:\/\/www.bipea.org\/tr\/yeterlilik-test-unlar\/\"]}]},{\"@type\":\"BreadcrumbList\",\"@id\":\"https:\/\/www.bipea.org\/tr\/yeterlilik-test-unlar\/#breadcrumb\",\"itemListElement\":[{\"@type\":\"ListItem\",\"position\":1,\"name\":\"Accueil\",\"item\":\"https:\/\/www.bipea.org\/tr\/\"},{\"@type\":\"ListItem\",\"position\":2,\"name\":\"Yeterlilik Test Programlar\u0131 \u2013 UNLAR Fiziko \u2013 kimyasal analizler &#038; Mikrobiyolojik analizler\"}]},{\"@type\":\"WebSite\",\"@id\":\"https:\/\/www.bipea.org\/tr\/#website\",\"url\":\"https:\/\/www.bipea.org\/tr\/\",\"name\":\"Bipea\",\"description\":\"\",\"potentialAction\":[{\"@type\":\"SearchAction\",\"target\":{\"@type\":\"EntryPoint\",\"urlTemplate\":\"https:\/\/www.bipea.org\/tr\/?s={search_term_string}\"},\"query-input\":{\"@type\":\"PropertyValueSpecification\",\"valueRequired\":true,\"valueName\":\"search_term_string\"}}],\"inLanguage\":\"tr\"}]}<\/script>\n<!-- \/ Yoast SEO plugin. -->","yoast_head_json":{"title":"Yeterlilik Test Programlar\u0131 \u2013 UNLAR Fiziko \u2013 kimyasal analizler & Mikrobiyolojik analizler - Bipea","robots":{"index":"index","follow":"follow","max-snippet":"max-snippet:-1","max-image-preview":"max-image-preview:large","max-video-preview":"max-video-preview:-1"},"canonical":"https:\/\/www.bipea.org\/tr\/yeterlilik-test-unlar\/","og_locale":"tr_TR","og_type":"article","og_title":"Yeterlilik Test Programlar\u0131 \u2013 UNLAR Fiziko \u2013 kimyasal analizler & Mikrobiyolojik analizler - Bipea","og_url":"https:\/\/www.bipea.org\/tr\/yeterlilik-test-unlar\/","og_site_name":"Bipea","article_publisher":"https:\/\/www.facebook.com\/Bipea-Proficiency-Testing-Programs-1726595444310313\/","article_modified_time":"2024-02-15T09:48:08+00:00","twitter_card":"summary_large_image","twitter_site":"@BipeaP","twitter_misc":{"Tahmini okuma s\u00fcresi":"4 dakika"},"schema":{"@context":"https:\/\/schema.org","@graph":[{"@type":"WebPage","@id":"https:\/\/www.bipea.org\/tr\/yeterlilik-test-unlar\/","url":"https:\/\/www.bipea.org\/tr\/yeterlilik-test-unlar\/","name":"Yeterlilik Test Programlar\u0131 \u2013 UNLAR Fiziko \u2013 kimyasal analizler & Mikrobiyolojik analizler - Bipea","isPartOf":{"@id":"https:\/\/www.bipea.org\/tr\/#website"},"datePublished":"2017-12-24T16:26:53+00:00","dateModified":"2024-02-15T09:48:08+00:00","breadcrumb":{"@id":"https:\/\/www.bipea.org\/tr\/yeterlilik-test-unlar\/#breadcrumb"},"inLanguage":"tr","potentialAction":[{"@type":"ReadAction","target":["https:\/\/www.bipea.org\/tr\/yeterlilik-test-unlar\/"]}]},{"@type":"BreadcrumbList","@id":"https:\/\/www.bipea.org\/tr\/yeterlilik-test-unlar\/#breadcrumb","itemListElement":[{"@type":"ListItem","position":1,"name":"Accueil","item":"https:\/\/www.bipea.org\/tr\/"},{"@type":"ListItem","position":2,"name":"Yeterlilik Test Programlar\u0131 \u2013 UNLAR Fiziko \u2013 kimyasal analizler &#038; Mikrobiyolojik analizler"}]},{"@type":"WebSite","@id":"https:\/\/www.bipea.org\/tr\/#website","url":"https:\/\/www.bipea.org\/tr\/","name":"Bipea","description":"","potentialAction":[{"@type":"SearchAction","target":{"@type":"EntryPoint","urlTemplate":"https:\/\/www.bipea.org\/tr\/?s={search_term_string}"},"query-input":{"@type":"PropertyValueSpecification","valueRequired":true,"valueName":"search_term_string"}}],"inLanguage":"tr"}]}},"_links":{"self":[{"href":"https:\/\/www.bipea.org\/tr\/wp-json\/wp\/v2\/pages\/12855","targetHints":{"allow":["GET"]}}],"collection":[{"href":"https:\/\/www.bipea.org\/tr\/wp-json\/wp\/v2\/pages"}],"about":[{"href":"https:\/\/www.bipea.org\/tr\/wp-json\/wp\/v2\/types\/page"}],"author":[{"embeddable":true,"href":"https:\/\/www.bipea.org\/tr\/wp-json\/wp\/v2\/users\/1"}],"replies":[{"embeddable":true,"href":"https:\/\/www.bipea.org\/tr\/wp-json\/wp\/v2\/comments?post=12855"}],"version-history":[{"count":4,"href":"https:\/\/www.bipea.org\/tr\/wp-json\/wp\/v2\/pages\/12855\/revisions"}],"predecessor-version":[{"id":20274,"href":"https:\/\/www.bipea.org\/tr\/wp-json\/wp\/v2\/pages\/12855\/revisions\/20274"}],"wp:attachment":[{"href":"https:\/\/www.bipea.org\/tr\/wp-json\/wp\/v2\/media?parent=12855"}],"curies":[{"name":"wp","href":"https:\/\/api.w.org\/{rel}","templated":true}]}}