{"id":12852,"date":"2017-12-24T17:24:11","date_gmt":"2017-12-24T16:24:11","guid":{"rendered":"https:\/\/www.bipea.org\/air\/"},"modified":"2018-01-01T23:06:37","modified_gmt":"2018-01-01T22:06:37","slug":"hava","status":"publish","type":"page","link":"https:\/\/www.bipea.org\/tr\/hava\/","title":{"rendered":"Yeterlilik Test Programlar\u0131  HAVA"},"content":{"rendered":"<p><div class=\"fusion-fullwidth fullwidth-box fusion-builder-row-1 nonhundred-percent-fullwidth non-hundred-percent-height-scrolling\" style=\"--awb-border-radius-top-left:0px;--awb-border-radius-top-right:0px;--awb-border-radius-bottom-right:0px;--awb-border-radius-bottom-left:0px;--awb-flex-wrap:wrap;\" ><div class=\"fusion-builder-row fusion-row\"><div class=\"fusion-layout-column fusion_builder_column fusion-builder-column-0 fusion_builder_column_5_6 5_6 fusion-five-sixth fusion-column-first\" style=\"--awb-bg-size:cover;width:83.333333333333%;width:calc(83.333333333333% - ( ( 4% ) * 0.83333333333333 ) );margin-right: 4%;\"><div class=\"fusion-column-wrapper fusion-flex-column-wrapper-legacy\"><div class=\"fusion-text fusion-text-1\"><h4 class=\"title_food\">Yeterlilik Test Programlar\u0131  HAVA<\/h4>\n<\/div><div class=\"fusion-clearfix\"><\/div><\/div><\/div><div class=\"fusion-layout-column fusion_builder_column fusion-builder-column-1 fusion_builder_column_1_6 1_6 fusion-one-sixth fusion-column-last quote_box\" style=\"--awb-bg-size:cover;width:16.666666666667%;width:calc(16.666666666667% - ( ( 4% ) * 0.16666666666667 ) );\"><div class=\"fusion-column-wrapper fusion-flex-column-wrapper-legacy\"><div class=\"fusion-text fusion-text-2\"><p><a href=\"https:\/\/www.bipea.org\/tr\/yeterlilik-test-programlari\/\">YT programlar\u0131 listesine d\u00f6n\u00fc\u015f<\/a><\/p>\n<p><a class=\"fusion-button button-flat fusion-button-round button-large button-default button-2 button85\" href=\"\/quote\" target=\"_self\"><span class=\"fusion-button-text\">TEKLIF ISTEYIN<\/span><\/a><\/p>\n<p>L\u00fctfen sati\u015f b\u00f6l\u00fcm\u00fcm\u00fcz\u00fc aray\u0131n<\/p>\n<\/div><div class=\"fusion-clearfix\"><\/div><\/div><\/div><\/div><\/div><div class=\"fusion-fullwidth fullwidth-box fusion-builder-row-2 nonhundred-percent-fullwidth non-hundred-percent-height-scrolling\" style=\"--awb-border-radius-top-left:0px;--awb-border-radius-top-right:0px;--awb-border-radius-bottom-right:0px;--awb-border-radius-bottom-left:0px;--awb-margin-top:40px;--awb-flex-wrap:wrap;\" ><div class=\"fusion-builder-row fusion-row\"><div class=\"fusion-layout-column fusion_builder_column fusion-builder-column-2 fusion_builder_column_1_1 1_1 fusion-one-full fusion-column-first fusion-column-last\" style=\"--awb-bg-size:cover;\"><div class=\"fusion-column-wrapper fusion-flex-column-wrapper-legacy\">\n<div id=\"tableWrapper\" style=\"overflow: auto\">\n<table id=\"theTable\" class=\"footable table-1 outerBorder footable-loaded isInnerColor\" style=\"width: 100%; margin: 0px;\">\n<thead>\n<tr>\n<th id=\"thCol0\" data-type=\"alpha\">Programlar<\/th>\n<th id=\"thCol1\" data-type=\"alpha\">Detaylar<\/th>\n<\/tr>\n<\/thead>\n<tbody>\n<tr class=\"footableOdd\">\n<td>Birikmi\u015f madde emisyonu \u00d6rnek Alma<\/td>\n<td>Toplam toz miktar\u0131n\u0131n belirlenmesi, konsantrasyon \u00f6l\u00e7\u00fcm metodu (3 ya da 4 g\u00fcn  Verneuil En Halatta \u2018 ta (Oise, Fransa)<\/td>\n<\/tr>\n<tr class=\"footableEven\">\n<td>Birikmi\u015f madde emisyonu Analizleri<\/td>\n<td>Dikromat ortam\u0131nda civa. Permanganat ortam\u0131nda civa. Gaz halinde hidroklorik asit. Gaz halinde hidroflorik  asit ve partik\u00fcller. Gaz halinde metaller ve partik\u00fcller. Polisiklik aromatik hidrokarbonlar.  Gaz halinde k\u00fck\u00fcrtdioksit. Gaz amonyak. <\/td>\n<\/tr>\n<tr class=\"footableOdd\">\n<td>Kapal\u0131 yerlerdeki Hava Analizleri<\/td>\n<td>\u00d6zel \u00e7emberde hava varl\u0131\u011f\u0131nda t\u00fcpler \u00fczerine emdirilmi\u015f benzen \u00f6rne\u011fi.  \u00d6zel \u00e7emberde hava varl\u0131\u011f\u0131nda t\u00fcpler \u00fczerine emdirilmi\u015f formaldehit \u00f6rne\u011fi.<\/td>\n<\/tr>\n<tr class=\"footableEven\">\n<td>\u00c7al\u0131\u015fma yerindeki  hava Analizleri<\/td>\n<td>Kuvartz elyaf filtre \u00fczerinde metaller (Kadmiyum, krom, nikel, kur\u015fun). Hydrar t\u00fcp\u00fc \u00fczerinde civa. Kuvartz elyaf filtre \u00fczerinde inorganik asitler (HF, HBr, HCl, H3PO4, HNO3, H2SO4) Aktif karbon yata\u011f\u0131nda BTEX (benzene, toluene, etilbenzen, m-ksilen) Silkat t\u00fcplerinde 2,4 \u2013 dinitrofenilhidrazin ile kapllanm\u0131\u015f aldehitler (formaldehit, asetaldehit)<\/td>\n<\/tr>\n<\/tbody>\n<\/table>\n<\/div>\n<div class=\"fusion-clearfix\"><\/div><\/div><\/div><\/div><\/div><\/p>\n","protected":false},"excerpt":{"rendered":"","protected":false},"author":1,"featured_media":0,"parent":0,"menu_order":0,"comment_status":"closed","ping_status":"closed","template":"","meta":{"footnotes":""},"class_list":["post-12852","page","type-page","status-publish","hentry"],"yoast_head":"<!-- This site is optimized with the Yoast SEO plugin v27.0 - https:\/\/yoast.com\/product\/yoast-seo-wordpress\/ -->\n<title>Yeterlilik Test Programlar\u0131 HAVA - Bipea<\/title>\n<meta name=\"robots\" content=\"index, follow, max-snippet:-1, max-image-preview:large, max-video-preview:-1\" \/>\n<link rel=\"canonical\" href=\"https:\/\/www.bipea.org\/tr\/hava\/\" \/>\n<meta property=\"og:locale\" content=\"tr_TR\" \/>\n<meta property=\"og:type\" content=\"article\" \/>\n<meta property=\"og:title\" content=\"Yeterlilik Test Programlar\u0131 HAVA - Bipea\" \/>\n<meta property=\"og:url\" content=\"https:\/\/www.bipea.org\/tr\/hava\/\" \/>\n<meta property=\"og:site_name\" content=\"Bipea\" \/>\n<meta property=\"article:publisher\" content=\"https:\/\/www.facebook.com\/Bipea-Proficiency-Testing-Programs-1726595444310313\/\" \/>\n<meta property=\"article:modified_time\" content=\"2018-01-01T22:06:37+00:00\" \/>\n<meta name=\"twitter:card\" content=\"summary_large_image\" \/>\n<meta name=\"twitter:site\" content=\"@BipeaP\" \/>\n<meta name=\"twitter:label1\" content=\"Tahmini okuma s\u00fcresi\" \/>\n\t<meta name=\"twitter:data1\" content=\"3 dakika\" \/>\n<script type=\"application\/ld+json\" class=\"yoast-schema-graph\">{\"@context\":\"https:\/\/schema.org\",\"@graph\":[{\"@type\":\"WebPage\",\"@id\":\"https:\/\/www.bipea.org\/tr\/hava\/\",\"url\":\"https:\/\/www.bipea.org\/tr\/hava\/\",\"name\":\"Yeterlilik Test Programlar\u0131 HAVA - Bipea\",\"isPartOf\":{\"@id\":\"https:\/\/www.bipea.org\/tr\/#website\"},\"datePublished\":\"2017-12-24T16:24:11+00:00\",\"dateModified\":\"2018-01-01T22:06:37+00:00\",\"breadcrumb\":{\"@id\":\"https:\/\/www.bipea.org\/tr\/hava\/#breadcrumb\"},\"inLanguage\":\"tr\",\"potentialAction\":[{\"@type\":\"ReadAction\",\"target\":[\"https:\/\/www.bipea.org\/tr\/hava\/\"]}]},{\"@type\":\"BreadcrumbList\",\"@id\":\"https:\/\/www.bipea.org\/tr\/hava\/#breadcrumb\",\"itemListElement\":[{\"@type\":\"ListItem\",\"position\":1,\"name\":\"Accueil\",\"item\":\"https:\/\/www.bipea.org\/tr\/\"},{\"@type\":\"ListItem\",\"position\":2,\"name\":\"Yeterlilik Test Programlar\u0131 HAVA\"}]},{\"@type\":\"WebSite\",\"@id\":\"https:\/\/www.bipea.org\/tr\/#website\",\"url\":\"https:\/\/www.bipea.org\/tr\/\",\"name\":\"Bipea\",\"description\":\"\",\"potentialAction\":[{\"@type\":\"SearchAction\",\"target\":{\"@type\":\"EntryPoint\",\"urlTemplate\":\"https:\/\/www.bipea.org\/tr\/?s={search_term_string}\"},\"query-input\":{\"@type\":\"PropertyValueSpecification\",\"valueRequired\":true,\"valueName\":\"search_term_string\"}}],\"inLanguage\":\"tr\"}]}<\/script>\n<!-- \/ Yoast SEO plugin. -->","yoast_head_json":{"title":"Yeterlilik Test Programlar\u0131 HAVA - Bipea","robots":{"index":"index","follow":"follow","max-snippet":"max-snippet:-1","max-image-preview":"max-image-preview:large","max-video-preview":"max-video-preview:-1"},"canonical":"https:\/\/www.bipea.org\/tr\/hava\/","og_locale":"tr_TR","og_type":"article","og_title":"Yeterlilik Test Programlar\u0131 HAVA - Bipea","og_url":"https:\/\/www.bipea.org\/tr\/hava\/","og_site_name":"Bipea","article_publisher":"https:\/\/www.facebook.com\/Bipea-Proficiency-Testing-Programs-1726595444310313\/","article_modified_time":"2018-01-01T22:06:37+00:00","twitter_card":"summary_large_image","twitter_site":"@BipeaP","twitter_misc":{"Tahmini okuma s\u00fcresi":"3 dakika"},"schema":{"@context":"https:\/\/schema.org","@graph":[{"@type":"WebPage","@id":"https:\/\/www.bipea.org\/tr\/hava\/","url":"https:\/\/www.bipea.org\/tr\/hava\/","name":"Yeterlilik Test Programlar\u0131 HAVA - Bipea","isPartOf":{"@id":"https:\/\/www.bipea.org\/tr\/#website"},"datePublished":"2017-12-24T16:24:11+00:00","dateModified":"2018-01-01T22:06:37+00:00","breadcrumb":{"@id":"https:\/\/www.bipea.org\/tr\/hava\/#breadcrumb"},"inLanguage":"tr","potentialAction":[{"@type":"ReadAction","target":["https:\/\/www.bipea.org\/tr\/hava\/"]}]},{"@type":"BreadcrumbList","@id":"https:\/\/www.bipea.org\/tr\/hava\/#breadcrumb","itemListElement":[{"@type":"ListItem","position":1,"name":"Accueil","item":"https:\/\/www.bipea.org\/tr\/"},{"@type":"ListItem","position":2,"name":"Yeterlilik Test Programlar\u0131 HAVA"}]},{"@type":"WebSite","@id":"https:\/\/www.bipea.org\/tr\/#website","url":"https:\/\/www.bipea.org\/tr\/","name":"Bipea","description":"","potentialAction":[{"@type":"SearchAction","target":{"@type":"EntryPoint","urlTemplate":"https:\/\/www.bipea.org\/tr\/?s={search_term_string}"},"query-input":{"@type":"PropertyValueSpecification","valueRequired":true,"valueName":"search_term_string"}}],"inLanguage":"tr"}]}},"_links":{"self":[{"href":"https:\/\/www.bipea.org\/tr\/wp-json\/wp\/v2\/pages\/12852","targetHints":{"allow":["GET"]}}],"collection":[{"href":"https:\/\/www.bipea.org\/tr\/wp-json\/wp\/v2\/pages"}],"about":[{"href":"https:\/\/www.bipea.org\/tr\/wp-json\/wp\/v2\/types\/page"}],"author":[{"embeddable":true,"href":"https:\/\/www.bipea.org\/tr\/wp-json\/wp\/v2\/users\/1"}],"replies":[{"embeddable":true,"href":"https:\/\/www.bipea.org\/tr\/wp-json\/wp\/v2\/comments?post=12852"}],"version-history":[{"count":1,"href":"https:\/\/www.bipea.org\/tr\/wp-json\/wp\/v2\/pages\/12852\/revisions"}],"predecessor-version":[{"id":12853,"href":"https:\/\/www.bipea.org\/tr\/wp-json\/wp\/v2\/pages\/12852\/revisions\/12853"}],"wp:attachment":[{"href":"https:\/\/www.bipea.org\/tr\/wp-json\/wp\/v2\/media?parent=12852"}],"curies":[{"name":"wp","href":"https:\/\/api.w.org\/{rel}","templated":true}]}}