{"id":12843,"date":"2017-12-24T17:15:09","date_gmt":"2017-12-24T16:15:09","guid":{"rendered":"https:\/\/www.bipea.org\/flavor-fragrances-essentialoils\/"},"modified":"2024-02-15T10:41:03","modified_gmt":"2024-02-15T09:41:03","slug":"yeterlilik-test-aromalar-parfumler","status":"publish","type":"page","link":"https:\/\/www.bipea.org\/tr\/yeterlilik-test-aromalar-parfumler\/","title":{"rendered":"Yeterlilik Test Programlar\u0131 AROMALAR \u2013 PARF\u00dcMLER \u2013 ESANS YA\u011eLARI"},"content":{"rendered":"<p><div class=\"fusion-fullwidth fullwidth-box fusion-builder-row-1 nonhundred-percent-fullwidth non-hundred-percent-height-scrolling\" style=\"--awb-border-radius-top-left:0px;--awb-border-radius-top-right:0px;--awb-border-radius-bottom-right:0px;--awb-border-radius-bottom-left:0px;--awb-flex-wrap:wrap;\" ><div class=\"fusion-builder-row fusion-row\"><div class=\"fusion-layout-column fusion_builder_column fusion-builder-column-0 fusion_builder_column_5_6 5_6 fusion-five-sixth fusion-column-first\" style=\"--awb-bg-size:cover;width:83.333333333333%;width:calc(83.333333333333% - ( ( 4% ) * 0.83333333333333 ) );margin-right: 4%;\"><div class=\"fusion-column-wrapper fusion-flex-column-wrapper-legacy\"><div class=\"fusion-text fusion-text-1\"><h4 class=\"title_food\">Yeterlilik Test Programlar\u0131<br \/>\nAROMALAR \u2013 PARF\u00dcMLER \u2013 ESANS YA\u011eLARI<\/h4>\n<\/div><div class=\"fusion-clearfix\"><\/div><\/div><\/div><div class=\"fusion-layout-column fusion_builder_column fusion-builder-column-1 fusion_builder_column_1_6 1_6 fusion-one-sixth fusion-column-last quote_box\" style=\"--awb-bg-size:cover;width:16.666666666667%;width:calc(16.666666666667% - ( ( 4% ) * 0.16666666666667 ) );\"><div class=\"fusion-column-wrapper fusion-flex-column-wrapper-legacy\"><div class=\"fusion-text fusion-text-2\"><p><a href=\"https:\/\/www.bipea.org\/tr\/yeterlilik-test-programlari\/\">YT programlar\u0131 listesine d\u00f6n\u00fc\u015f<\/a><\/p>\n<p><a class=\"fusion-button button-flat fusion-button-round button-large button-default button-2 button85\" href=\"\/quote\" target=\"_self\" rel=\"noopener noreferrer\"><span class=\"fusion-button-text\">TEKLIF ISTEYIN<\/span><\/a><\/p>\n<p>L\u00fctfen sati\u015f b\u00f6l\u00fcm\u00fcm\u00fcz\u00fc aray\u0131n<\/p>\n<\/div><div class=\"fusion-clearfix\"><\/div><\/div><\/div><\/div><\/div><div class=\"fusion-fullwidth fullwidth-box fusion-builder-row-2 nonhundred-percent-fullwidth non-hundred-percent-height-scrolling\" style=\"--awb-border-radius-top-left:0px;--awb-border-radius-top-right:0px;--awb-border-radius-bottom-right:0px;--awb-border-radius-bottom-left:0px;--awb-margin-top:40px;--awb-flex-wrap:wrap;\" ><div class=\"fusion-builder-row fusion-row\"><div class=\"fusion-layout-column fusion_builder_column fusion-builder-column-2 fusion_builder_column_1_1 1_1 fusion-one-full fusion-column-first fusion-column-last\" style=\"--awb-bg-size:cover;\"><div class=\"fusion-column-wrapper fusion-flex-column-wrapper-legacy\">\n<div class=\"table-1\">\n<table id=\"theTable\" class=\"footable table-1 outerBorder footable-loaded isInnerColor\" style=\"width: 100%; margin: 0px;\">\n<thead>\n<tr>\n<th id=\"thCol0\" data-type=\"alpha\">Programlar<\/th>\n<th id=\"thCol1\" data-type=\"alpha\">Matrisler<\/th>\n<th id=\"thCol2\" data-type=\"alpha\">Parametreler<\/th>\n<th id=\"thCol3\" data-type=\"alpha\">Akreditasyon<\/th>\n<th id=\"thCol4\" data-type=\"alpha\">Miktar<\/th>\n<th id=\"thCol5\" data-type=\"numeric\">Raund \/ y\u0131l<\/th>\n<th id=\"thCol6\" data-type=\"alpha\">Numune \/ raund<\/th>\n<th id=\"thCol7\" data-type=\"alpha\">Y\u0131ll\u0131k plan<\/th>\n<\/tr>\n<\/thead>\n<tbody>\n<tr class=\"footableOdd\">\n<td>62 &#8211; Aromalar ve koku vericileri<\/td>\n<td>Aromalar, parf\u00fcmler, esans ya\u011flar\u0131<\/td>\n<td>Fiziko-kimyasal analizler<\/td>\n<td>akredite*<\/td>\n<td>30 ml to 100 g<\/td>\n<td>5<\/td>\n<td>1 numune<\/td>\n<td><a href=\"https:\/\/extranet.bipea.org\/documents\/plannings\/GB\/Proficiency-testing-scheme-62\" target=\"newTab\" rel=\"noopener noreferrer\">\u0130ndir<\/a><\/td>\n<\/tr>\n<tr class=\"footableEven\">\n<td>62d &#8211; Aromalar ve parf\u00fcmler GC analizleri<\/td>\n<td>Aromalar, parf\u00fcmler, esans ya\u011flar\u0131<\/td>\n<td>GC analizleri<\/td>\n<td>akredite*<\/td>\n<td>5 ml<\/td>\n<td>2<\/td>\n<td>1 numune<\/td>\n<td><a href=\"https:\/\/extranet.bipea.org\/documents\/plannings\/GB\/Proficiency-testing-scheme-62d\" target=\"newTab\" rel=\"noopener noreferrer\">\u0130ndir<\/a><\/td>\n<\/tr>\n<tr class=\"footableOdd\">\n<td>62e &#8211; Aromalar ve parf\u00fcmler: LC analizleri<\/td>\n<td>Aromalar, parf\u00fcmler, esans ya\u011flar\u0131<\/td>\n<td>LC analizleri<\/td>\n<td>akredite*<\/td>\n<td>10 ml<\/td>\n<td>2<\/td>\n<td>1 numune<\/td>\n<td><a href=\"https:\/\/extranet.bipea.org\/documents\/plannings\/GB\/Proficiency-testing-scheme-62e\" target=\"newTab\" rel=\"noopener noreferrer\">\u0130ndir<\/a><\/td>\n<\/tr>\n<tr class=\"footableEven\">\n<td>62f &#8211; Aromalar ve koku vericiler: Kiralite<\/td>\n<td>Aromalar, parf\u00fcmler, esans ya\u011flar\u0131<\/td>\n<td>Kiralite<\/td>\n<td>akredite*<\/td>\n<td>5 ml<\/td>\n<td>1<\/td>\n<td>1 numune<\/td>\n<td><a href=\"https:\/\/extranet.bipea.org\/documents\/plannings\/GB\/Proficiency-testing-scheme-62f\" target=\"newTab\" rel=\"noopener noreferrer\">\u0130ndir<\/a><\/td>\n<\/tr>\n<tr>\n<td>62g &#8211; Tatland\u0131r\u0131c\u0131lar ve kokular: GC kantitatif analizleri<\/td>\n<td>Benzaldehyde, Absolue, Hedione<\/td>\n<td>Benzene quantitative analyse, % cis &amp; trans, Limonene quantitative analyse<\/td>\n<td><\/td>\n<td>2 g<\/td>\n<td>1<\/td>\n<td>1 numune<\/td>\n<td><a href=\"https:\/\/extranet.bipea.org\/documents\/plannings\/GB\/Proficiency-testing-scheme-62g\" target=\"newTab\" rel=\"noopener noreferrer\">\u0130ndir<\/a><\/td>\n<\/tr>\n<tr class=\"footableOdd\">\n<td>66i &#8211; Pestisitlerin \u00e7oklu kal\u0131nt\u0131 taramas\u0131<\/td>\n<td>Esans ya\u011flar\u0131<\/td>\n<td>Pestisitler<\/td>\n<td>akredite*<\/td>\n<td>30 ml<\/td>\n<td>4<\/td>\n<td>1 numune<\/td>\n<td><a href=\"https:\/\/extranet.bipea.org\/documents\/plannings\/GB\/Proficiency-testing-scheme-66i\" target=\"newTab\" rel=\"noopener noreferrer\">\u0130ndir<\/a><\/td>\n<\/tr>\n<\/tbody>\n<\/table>\n<\/div>\n<div class=\"fusion-text fusion-text-3\"><p><span style=\"font-size: 15px;\"><span style=\"font-style: italic;\">* Akredite olan matris ve parametreler i\u00e7in, <span style=\"text-decoration: underline;\"><a href=\"https:\/\/extranet.bipea.org\/documents\/information\/GB\/Detailed-scope-COFRAC.pdf\" target=\"_blank\" rel=\"noopener noreferrer\" data-content=\"https:\/\/extranet.bipea.org\/documents\/information\/GB\/Detailed-scope-COFRAC.pdf\" data-type=\"external\">akreditasyonun detayl\u0131 kapsam\u0131\u00a0<\/a><\/span>n\u0131\u00a0indirin<\/span><\/span><\/p>\n<\/div><div class=\"fusion-clearfix\"><\/div><\/div><\/div><\/div><\/div><\/p>\n","protected":false},"excerpt":{"rendered":"","protected":false},"author":1,"featured_media":0,"parent":0,"menu_order":0,"comment_status":"closed","ping_status":"closed","template":"","meta":{"footnotes":""},"class_list":["post-12843","page","type-page","status-publish","hentry"],"yoast_head":"<!-- This site is optimized with the Yoast SEO plugin v27.0 - https:\/\/yoast.com\/product\/yoast-seo-wordpress\/ -->\n<title>Yeterlilik Test Programlar\u0131 AROMALAR \u2013 PARF\u00dcMLER \u2013 ESANS YA\u011eLARI - Bipea<\/title>\n<meta name=\"robots\" content=\"index, follow, max-snippet:-1, max-image-preview:large, max-video-preview:-1\" \/>\n<link rel=\"canonical\" href=\"https:\/\/www.bipea.org\/tr\/yeterlilik-test-aromalar-parfumler\/\" \/>\n<meta property=\"og:locale\" content=\"tr_TR\" \/>\n<meta property=\"og:type\" content=\"article\" \/>\n<meta property=\"og:title\" content=\"Yeterlilik Test Programlar\u0131 AROMALAR \u2013 PARF\u00dcMLER \u2013 ESANS YA\u011eLARI - Bipea\" \/>\n<meta property=\"og:url\" content=\"https:\/\/www.bipea.org\/tr\/yeterlilik-test-aromalar-parfumler\/\" \/>\n<meta property=\"og:site_name\" content=\"Bipea\" \/>\n<meta property=\"article:publisher\" content=\"https:\/\/www.facebook.com\/Bipea-Proficiency-Testing-Programs-1726595444310313\/\" \/>\n<meta property=\"article:modified_time\" content=\"2024-02-15T09:41:03+00:00\" \/>\n<meta name=\"twitter:card\" content=\"summary_large_image\" \/>\n<meta name=\"twitter:site\" content=\"@BipeaP\" \/>\n<meta name=\"twitter:label1\" content=\"Tahmini okuma s\u00fcresi\" \/>\n\t<meta name=\"twitter:data1\" content=\"3 dakika\" \/>\n<script type=\"application\/ld+json\" class=\"yoast-schema-graph\">{\"@context\":\"https:\/\/schema.org\",\"@graph\":[{\"@type\":\"WebPage\",\"@id\":\"https:\/\/www.bipea.org\/tr\/yeterlilik-test-aromalar-parfumler\/\",\"url\":\"https:\/\/www.bipea.org\/tr\/yeterlilik-test-aromalar-parfumler\/\",\"name\":\"Yeterlilik Test Programlar\u0131 AROMALAR \u2013 PARF\u00dcMLER \u2013 ESANS YA\u011eLARI - Bipea\",\"isPartOf\":{\"@id\":\"https:\/\/www.bipea.org\/tr\/#website\"},\"datePublished\":\"2017-12-24T16:15:09+00:00\",\"dateModified\":\"2024-02-15T09:41:03+00:00\",\"breadcrumb\":{\"@id\":\"https:\/\/www.bipea.org\/tr\/yeterlilik-test-aromalar-parfumler\/#breadcrumb\"},\"inLanguage\":\"tr\",\"potentialAction\":[{\"@type\":\"ReadAction\",\"target\":[\"https:\/\/www.bipea.org\/tr\/yeterlilik-test-aromalar-parfumler\/\"]}]},{\"@type\":\"BreadcrumbList\",\"@id\":\"https:\/\/www.bipea.org\/tr\/yeterlilik-test-aromalar-parfumler\/#breadcrumb\",\"itemListElement\":[{\"@type\":\"ListItem\",\"position\":1,\"name\":\"Accueil\",\"item\":\"https:\/\/www.bipea.org\/tr\/\"},{\"@type\":\"ListItem\",\"position\":2,\"name\":\"Yeterlilik Test Programlar\u0131 AROMALAR \u2013 PARF\u00dcMLER \u2013 ESANS YA\u011eLARI\"}]},{\"@type\":\"WebSite\",\"@id\":\"https:\/\/www.bipea.org\/tr\/#website\",\"url\":\"https:\/\/www.bipea.org\/tr\/\",\"name\":\"Bipea\",\"description\":\"\",\"potentialAction\":[{\"@type\":\"SearchAction\",\"target\":{\"@type\":\"EntryPoint\",\"urlTemplate\":\"https:\/\/www.bipea.org\/tr\/?s={search_term_string}\"},\"query-input\":{\"@type\":\"PropertyValueSpecification\",\"valueRequired\":true,\"valueName\":\"search_term_string\"}}],\"inLanguage\":\"tr\"}]}<\/script>\n<!-- \/ Yoast SEO plugin. -->","yoast_head_json":{"title":"Yeterlilik Test Programlar\u0131 AROMALAR \u2013 PARF\u00dcMLER \u2013 ESANS YA\u011eLARI - Bipea","robots":{"index":"index","follow":"follow","max-snippet":"max-snippet:-1","max-image-preview":"max-image-preview:large","max-video-preview":"max-video-preview:-1"},"canonical":"https:\/\/www.bipea.org\/tr\/yeterlilik-test-aromalar-parfumler\/","og_locale":"tr_TR","og_type":"article","og_title":"Yeterlilik Test Programlar\u0131 AROMALAR \u2013 PARF\u00dcMLER \u2013 ESANS YA\u011eLARI - Bipea","og_url":"https:\/\/www.bipea.org\/tr\/yeterlilik-test-aromalar-parfumler\/","og_site_name":"Bipea","article_publisher":"https:\/\/www.facebook.com\/Bipea-Proficiency-Testing-Programs-1726595444310313\/","article_modified_time":"2024-02-15T09:41:03+00:00","twitter_card":"summary_large_image","twitter_site":"@BipeaP","twitter_misc":{"Tahmini okuma s\u00fcresi":"3 dakika"},"schema":{"@context":"https:\/\/schema.org","@graph":[{"@type":"WebPage","@id":"https:\/\/www.bipea.org\/tr\/yeterlilik-test-aromalar-parfumler\/","url":"https:\/\/www.bipea.org\/tr\/yeterlilik-test-aromalar-parfumler\/","name":"Yeterlilik Test Programlar\u0131 AROMALAR \u2013 PARF\u00dcMLER \u2013 ESANS YA\u011eLARI - Bipea","isPartOf":{"@id":"https:\/\/www.bipea.org\/tr\/#website"},"datePublished":"2017-12-24T16:15:09+00:00","dateModified":"2024-02-15T09:41:03+00:00","breadcrumb":{"@id":"https:\/\/www.bipea.org\/tr\/yeterlilik-test-aromalar-parfumler\/#breadcrumb"},"inLanguage":"tr","potentialAction":[{"@type":"ReadAction","target":["https:\/\/www.bipea.org\/tr\/yeterlilik-test-aromalar-parfumler\/"]}]},{"@type":"BreadcrumbList","@id":"https:\/\/www.bipea.org\/tr\/yeterlilik-test-aromalar-parfumler\/#breadcrumb","itemListElement":[{"@type":"ListItem","position":1,"name":"Accueil","item":"https:\/\/www.bipea.org\/tr\/"},{"@type":"ListItem","position":2,"name":"Yeterlilik Test Programlar\u0131 AROMALAR \u2013 PARF\u00dcMLER \u2013 ESANS YA\u011eLARI"}]},{"@type":"WebSite","@id":"https:\/\/www.bipea.org\/tr\/#website","url":"https:\/\/www.bipea.org\/tr\/","name":"Bipea","description":"","potentialAction":[{"@type":"SearchAction","target":{"@type":"EntryPoint","urlTemplate":"https:\/\/www.bipea.org\/tr\/?s={search_term_string}"},"query-input":{"@type":"PropertyValueSpecification","valueRequired":true,"valueName":"search_term_string"}}],"inLanguage":"tr"}]}},"_links":{"self":[{"href":"https:\/\/www.bipea.org\/tr\/wp-json\/wp\/v2\/pages\/12843","targetHints":{"allow":["GET"]}}],"collection":[{"href":"https:\/\/www.bipea.org\/tr\/wp-json\/wp\/v2\/pages"}],"about":[{"href":"https:\/\/www.bipea.org\/tr\/wp-json\/wp\/v2\/types\/page"}],"author":[{"embeddable":true,"href":"https:\/\/www.bipea.org\/tr\/wp-json\/wp\/v2\/users\/1"}],"replies":[{"embeddable":true,"href":"https:\/\/www.bipea.org\/tr\/wp-json\/wp\/v2\/comments?post=12843"}],"version-history":[{"count":7,"href":"https:\/\/www.bipea.org\/tr\/wp-json\/wp\/v2\/pages\/12843\/revisions"}],"predecessor-version":[{"id":20271,"href":"https:\/\/www.bipea.org\/tr\/wp-json\/wp\/v2\/pages\/12843\/revisions\/20271"}],"wp:attachment":[{"href":"https:\/\/www.bipea.org\/tr\/wp-json\/wp\/v2\/media?parent=12843"}],"curies":[{"name":"wp","href":"https:\/\/api.w.org\/{rel}","templated":true}]}}