{"id":12838,"date":"2017-12-24T17:13:22","date_gmt":"2017-12-24T16:13:22","guid":{"rendered":"https:\/\/www.bipea.org\/cereals\/"},"modified":"2024-02-15T10:34:25","modified_gmt":"2024-02-15T09:34:25","slug":"yeterlilik-test-tohum-tahillar","status":"publish","type":"page","link":"https:\/\/www.bipea.org\/tr\/yeterlilik-test-tohum-tahillar\/","title":{"rendered":"Yeterlilik Test Programlar\u0131 \u2013 TOHUMLAR &#038; TAHILLAR Fiziko \u2013 kimyasal analizler"},"content":{"rendered":"<p><div class=\"fusion-fullwidth fullwidth-box fusion-builder-row-1 nonhundred-percent-fullwidth non-hundred-percent-height-scrolling\" style=\"--awb-border-radius-top-left:0px;--awb-border-radius-top-right:0px;--awb-border-radius-bottom-right:0px;--awb-border-radius-bottom-left:0px;--awb-flex-wrap:wrap;\" ><div class=\"fusion-builder-row fusion-row\"><div class=\"fusion-layout-column fusion_builder_column fusion-builder-column-0 fusion_builder_column_5_6 5_6 fusion-five-sixth fusion-column-first\" style=\"--awb-bg-size:cover;width:83.333333333333%;width:calc(83.333333333333% - ( ( 4% ) * 0.83333333333333 ) );margin-right: 4%;\"><div class=\"fusion-column-wrapper fusion-flex-column-wrapper-legacy\"><div class=\"fusion-text fusion-text-1\"><h4 class=\"title_food\">Yeterlilik Test Programlar\u0131 \u2013 TOHUMLAR &amp; TAHILLAR<br \/>\nFiziko \u2013 kimyasal analizler<\/h4>\n<\/div><div class=\"fusion-clearfix\"><\/div><\/div><\/div><div class=\"fusion-layout-column fusion_builder_column fusion-builder-column-1 fusion_builder_column_1_6 1_6 fusion-one-sixth fusion-column-last quote_box\" style=\"--awb-bg-size:cover;width:16.666666666667%;width:calc(16.666666666667% - ( ( 4% ) * 0.16666666666667 ) );\"><div class=\"fusion-column-wrapper fusion-flex-column-wrapper-legacy\"><div class=\"fusion-text fusion-text-2\"><p><a href=\"https:\/\/www.bipea.org\/tr\/yeterlilik-test-programlari\/\">YT programlar\u0131 listesine d\u00f6n\u00fc\u015f<\/a><\/p>\n<p><a class=\"fusion-button button-flat fusion-button-round button-large button-default button-2 button85\" href=\"\/quote\" target=\"_self\" rel=\"noopener noreferrer\"><span class=\"fusion-button-text\">TEKLIF ISTEYIN<\/span><\/a><\/p>\n<p>L\u00fctfen sati\u015f b\u00f6l\u00fcm\u00fcm\u00fcz\u00fc aray\u0131n<\/p>\n<\/div><div class=\"fusion-clearfix\"><\/div><\/div><\/div><\/div><\/div><div class=\"fusion-fullwidth fullwidth-box fusion-builder-row-2 nonhundred-percent-fullwidth non-hundred-percent-height-scrolling\" style=\"--awb-border-radius-top-left:0px;--awb-border-radius-top-right:0px;--awb-border-radius-bottom-right:0px;--awb-border-radius-bottom-left:0px;--awb-margin-top:40px;--awb-flex-wrap:wrap;\" ><div class=\"fusion-builder-row fusion-row\"><div class=\"fusion-layout-column fusion_builder_column fusion-builder-column-2 fusion_builder_column_1_1 1_1 fusion-one-full fusion-column-first fusion-column-last\" style=\"--awb-bg-size:cover;\"><div class=\"fusion-column-wrapper fusion-flex-column-wrapper-legacy\">\n<div class=\"table-1\">\n<table id=\"theTable\" class=\"footable table-1 outerBorder footable-loaded isInnerColor\" style=\"width: 100%; margin: 0px; height: 539px;\">\n<thead>\n<tr style=\"height: 47px;\">\n<th id=\"thCol0\" style=\"height: 47px;\" data-type=\"alpha\">Programlar<\/th>\n<th id=\"thCol1\" style=\"height: 47px;\" data-type=\"alpha\">Matrisler<\/th>\n<th id=\"thCol2\" style=\"height: 47px;\" data-type=\"alpha\">Parametreler<\/th>\n<th id=\"thCol3\" style=\"height: 47px;\" data-type=\"alpha\">Akreditasyon<\/th>\n<th id=\"thCol4\" style=\"height: 47px;\" data-type=\"alpha\">Miktar<\/th>\n<th id=\"thCol5\" style=\"height: 47px;\" data-type=\"numeric\">Raund \/ y\u0131l<\/th>\n<th id=\"thCol6\" style=\"height: 47px;\" data-type=\"alpha\">Numune \/ raund<\/th>\n<th id=\"thCol7\" style=\"height: 47px;\" data-type=\"alpha\">Y\u0131ll\u0131k plan<\/th>\n<\/tr>\n<\/thead>\n<tbody>\n<tr class=\"footableOdd\" style=\"height: 47px;\">\n<td style=\"height: 47px;\">01 &#8211; Ekmeklik bu\u011fday<\/td>\n<td style=\"height: 47px;\">Ekmeklik bu\u011fday<\/td>\n<td style=\"height: 47px;\">Fiziko- kimyasal analizler Tanede, \u00f6\u011f\u00fct\u00fclm\u00fc\u015f tanede analizler<\/td>\n<td style=\"height: 47px;\">akredite*<\/td>\n<td style=\"height: 47px;\">1700 g<\/td>\n<td style=\"height: 47px;\">10<\/td>\n<td style=\"height: 47px;\">1 numune<\/td>\n<td style=\"height: 47px;\"><a href=\"https:\/\/extranet.bipea.org\/documents\/plannings\/GB\/Proficiency-testing-scheme-01\" target=\"newTab\" rel=\"noopener noreferrer\">\u0130ndir<\/a><\/td>\n<\/tr>\n<tr class=\"footableEven\" style=\"height: 47px;\">\n<td style=\"height: 47px;\">05 &#8211; Ekmeklik bu\u011fday: T\u00fcr tan\u0131mlanmas\u0131<\/td>\n<td style=\"height: 47px;\">Ekmeklik bu\u011fday<\/td>\n<td style=\"height: 47px;\">T\u00fcrlerin tan\u0131mlanmas\u0131<\/td>\n<td style=\"height: 47px;\"><\/td>\n<td style=\"height: 47px;\">1000 g<\/td>\n<td style=\"height: 47px;\">6<\/td>\n<td style=\"height: 47px;\">1 numune<\/td>\n<td style=\"height: 47px;\"><a href=\"https:\/\/extranet.bipea.org\/documents\/plannings\/GB\/Proficiency-testing-scheme-05\" target=\"newTab\" rel=\"noopener noreferrer\">\u0130ndir<\/a><\/td>\n<\/tr>\n<tr class=\"footableOdd\" style=\"height: 47px;\">\n<td style=\"height: 47px;\">06 &#8211; Durum bu\u011fday\u0131<\/td>\n<td style=\"height: 47px;\">Durum bu\u011fday\u0131<\/td>\n<td style=\"height: 47px;\">Fiziko- kimyasal analizler Elek kontrol\u00fc, yabanc\u0131 madde analizleri<\/td>\n<td style=\"height: 47px;\">akredite*<\/td>\n<td style=\"height: 47px;\">1200 g<\/td>\n<td style=\"height: 47px;\">10<\/td>\n<td style=\"height: 47px;\">1 veya 2 numune<\/td>\n<td style=\"height: 47px;\"><a href=\"https:\/\/extranet.bipea.org\/documents\/plannings\/GB\/Proficiency-testing-scheme-06\" target=\"newTab\" rel=\"noopener noreferrer\">\u0130ndir<\/a><\/td>\n<\/tr>\n<tr class=\"footableEven\" style=\"height: 47px;\">\n<td style=\"height: 47px;\">08 &#8211; Yabanc\u0131 madde tayini<\/td>\n<td style=\"height: 47px;\">Taneler<\/td>\n<td style=\"height: 47px;\">Yabanc\u0131 madde analizleri, Elek kontrol\u00fc<\/td>\n<td style=\"height: 47px;\"><\/td>\n<td style=\"height: 47px;\">100 g -500 g<\/td>\n<td style=\"height: 47px;\">10<\/td>\n<td style=\"height: 47px;\">2 veya 4 numune<\/td>\n<td style=\"height: 47px;\"><a href=\"https:\/\/extranet.bipea.org\/documents\/plannings\/GB\/Proficiency-testing-scheme-08\" target=\"newTab\" rel=\"noopener noreferrer\">\u0130ndir<\/a><\/td>\n<\/tr>\n<tr class=\"footableOdd\" style=\"height: 47px;\">\n<td style=\"height: 47px;\">09 &#8211; Nem Tayini<\/td>\n<td style=\"height: 47px;\">Taneler, Un<\/td>\n<td style=\"height: 47px;\">Nem i\u00e7eri\u011fi<\/td>\n<td style=\"height: 47px;\">akredite*<\/td>\n<td style=\"height: 47px;\">250 g &#8211; 500 g<\/td>\n<td style=\"height: 47px;\">10<\/td>\n<td style=\"height: 47px;\">4 numune<\/td>\n<td style=\"height: 47px;\"><a href=\"https:\/\/extranet.bipea.org\/documents\/plannings\/GB\/Proficiency-testing-scheme-09\" target=\"newTab\" rel=\"noopener noreferrer\">\u0130ndir<\/a><\/td>\n<\/tr>\n<tr class=\"footableEven\" style=\"height: 47px;\">\n<td style=\"height: 47px;\">10 &#8211; Ya\u011fl\u0131 tohumlar<\/td>\n<td style=\"height: 47px;\">Taneler<\/td>\n<td style=\"height: 47px;\">Fiziko-kimyasal analizler Ya\u011f asidi kompozisyonu<\/td>\n<td style=\"height: 47px;\">akredite*<\/td>\n<td style=\"height: 47px;\">500 g &#8211; 1200 g<\/td>\n<td style=\"height: 47px;\">10<\/td>\n<td style=\"height: 47px;\">2 veya 3 numune<\/td>\n<td style=\"height: 47px;\"><a href=\"https:\/\/extranet.bipea.org\/documents\/plannings\/GB\/Proficiency-testing-scheme-10\" target=\"newTab\" rel=\"noopener noreferrer\">\u0130ndir<\/a><\/td>\n<\/tr>\n<tr class=\"footableOdd\" style=\"height: 23px;\">\n<td style=\"height: 23px;\">10a &#8211; Soya<\/td>\n<td style=\"height: 23px;\">Soya<\/td>\n<td style=\"height: 23px;\">Fiziko-kimyasal analizler, ya\u011f asidi kompozisyonu<\/td>\n<td style=\"height: 23px;\">akredite*<\/td>\n<td style=\"height: 23px;\">1200 g<\/td>\n<td style=\"height: 23px;\">5<\/td>\n<td style=\"height: 23px;\">1 numune<\/td>\n<td style=\"height: 23px;\"><a href=\"https:\/\/extranet.bipea.org\/documents\/plannings\/GB\/Proficiency-testing-scheme-10a\" target=\"newTab\" rel=\"noopener noreferrer\">\u0130ndir<\/a><\/td>\n<\/tr>\n<tr class=\"footableEven\" style=\"height: 47px;\">\n<td style=\"height: 47px;\">11 &#8211; Biral\u0131k arpa: Fiziko-kimyasal analizler ve \u00e7imlenme testi<\/td>\n<td style=\"height: 47px;\">Arpa<\/td>\n<td style=\"height: 47px;\">Fiziko- kimyasal analizler Elek kontrol\u00fc, \u00c7imlenme testi, Infrared analizler<\/td>\n<td style=\"height: 47px;\"><\/td>\n<td style=\"height: 47px;\">100 g &#8211; 900 g<\/td>\n<td style=\"height: 47px;\">10<\/td>\n<td style=\"height: 47px;\">1 numune<\/td>\n<td style=\"height: 47px;\"><a href=\"https:\/\/extranet.bipea.org\/documents\/plannings\/GB\/Proficiency-testing-scheme-11\" target=\"newTab\" rel=\"noopener noreferrer\">\u0130ndir<\/a><\/td>\n<\/tr>\n<tr class=\"footableOdd\" style=\"height: 47px;\">\n<td style=\"height: 47px;\">12 &#8211; Bakliyat<\/td>\n<td style=\"height: 47px;\">Taneler<\/td>\n<td style=\"height: 47px;\">Ek n\u00b0VII&#8217;e istinaden yap\u0131lan analizler<\/td>\n<td style=\"height: 47px;\"><\/td>\n<td style=\"height: 47px;\">500 g -1250 g<\/td>\n<td style=\"height: 47px;\">10<\/td>\n<td style=\"height: 47px;\">1 numune<\/td>\n<td style=\"height: 47px;\"><a href=\"https:\/\/extranet.bipea.org\/documents\/plannings\/GB\/Proficiency-testing-scheme-12\" target=\"newTab\" rel=\"noopener noreferrer\">\u0130ndir<\/a><\/td>\n<\/tr>\n<tr class=\"footableEven\" style=\"height: 23px;\">\n<td style=\"height: 23px;\">23 &#8211; Biral\u0131k arpa: T\u00fcr safl\u0131\u011f\u0131<\/td>\n<td style=\"height: 23px;\">Barley<\/td>\n<td style=\"height: 23px;\">T\u00fcr safl\u0131\u011f\u0131<\/td>\n<td style=\"height: 23px;\"><\/td>\n<td style=\"height: 23px;\">200 g<\/td>\n<td style=\"height: 23px;\">10<\/td>\n<td style=\"height: 23px;\">1 numune<\/td>\n<td style=\"height: 23px;\"><a href=\"https:\/\/extranet.bipea.org\/documents\/plannings\/GB\/Proficiency-testing-scheme-23\" target=\"newTab\" rel=\"noopener noreferrer\">\u0130ndir<\/a><\/td>\n<\/tr>\n<tr class=\"footableOdd\" style=\"height: 47px;\">\n<td style=\"height: 47px;\">69 &#8211; Bu\u011fday: Frans\u0131z ekme\u011fi testi<\/td>\n<td style=\"height: 47px;\">Ekmeklik bu\u011fday<\/td>\n<td style=\"height: 47px;\">De\u011firmen testi Ekmek yapma, hamur karakteristikleri, notasyon<\/td>\n<td style=\"height: 47px;\"><\/td>\n<td style=\"height: 47px;\">2000 g<\/td>\n<td style=\"height: 47px;\">3<\/td>\n<td style=\"height: 47px;\">1 numune<\/td>\n<td style=\"height: 47px;\"><a href=\"https:\/\/extranet.bipea.org\/documents\/plannings\/GB\/Proficiency-testing-scheme-69\" target=\"newTab\" rel=\"noopener noreferrer\">\u0130ndir<\/a><\/td>\n<\/tr>\n<\/tbody>\n<\/table>\n<\/div>\n<div class=\"fusion-text fusion-text-3\"><p><span style=\"font-size: 15px;\"><span style=\"font-style: italic;\">* Akredite olan matris ve parametreler i\u00e7in, <span style=\"text-decoration: underline;\"><a href=\"https:\/\/extranet.bipea.org\/documents\/information\/GB\/Detailed-scope-COFRAC.pdf\" target=\"_blank\" rel=\"noopener noreferrer\" data-content=\"https:\/\/extranet.bipea.org\/documents\/information\/GB\/Detailed-scope-COFRAC.pdf\" data-type=\"external\">akreditasyonun detayl\u0131 kapsam\u0131\u00a0<\/a><\/span>n\u0131\u00a0indirin<\/span><\/span><\/p>\n<\/div><div class=\"fusion-clearfix\"><\/div><\/div><\/div><\/div><\/div><\/p>\n","protected":false},"excerpt":{"rendered":"","protected":false},"author":1,"featured_media":0,"parent":0,"menu_order":0,"comment_status":"closed","ping_status":"closed","template":"","meta":{"footnotes":""},"class_list":["post-12838","page","type-page","status-publish","hentry"],"yoast_head":"<!-- This site is optimized with the Yoast SEO plugin v27.0 - https:\/\/yoast.com\/product\/yoast-seo-wordpress\/ -->\n<title>Yeterlilik Test Programlar\u0131 \u2013 TOHUMLAR &amp; TAHILLAR Fiziko \u2013 kimyasal analizler - Bipea<\/title>\n<meta name=\"robots\" content=\"index, follow, max-snippet:-1, max-image-preview:large, max-video-preview:-1\" \/>\n<link rel=\"canonical\" href=\"https:\/\/www.bipea.org\/tr\/yeterlilik-test-tohum-tahillar\/\" \/>\n<meta property=\"og:locale\" content=\"tr_TR\" \/>\n<meta property=\"og:type\" content=\"article\" \/>\n<meta property=\"og:title\" content=\"Yeterlilik Test Programlar\u0131 \u2013 TOHUMLAR &amp; TAHILLAR Fiziko \u2013 kimyasal analizler - Bipea\" \/>\n<meta property=\"og:url\" content=\"https:\/\/www.bipea.org\/tr\/yeterlilik-test-tohum-tahillar\/\" \/>\n<meta property=\"og:site_name\" content=\"Bipea\" \/>\n<meta property=\"article:publisher\" content=\"https:\/\/www.facebook.com\/Bipea-Proficiency-Testing-Programs-1726595444310313\/\" \/>\n<meta property=\"article:modified_time\" content=\"2024-02-15T09:34:25+00:00\" \/>\n<meta name=\"twitter:card\" content=\"summary_large_image\" \/>\n<meta name=\"twitter:site\" content=\"@BipeaP\" \/>\n<meta name=\"twitter:label1\" content=\"Tahmini okuma s\u00fcresi\" \/>\n\t<meta name=\"twitter:data1\" content=\"3 dakika\" \/>\n<script type=\"application\/ld+json\" class=\"yoast-schema-graph\">{\"@context\":\"https:\/\/schema.org\",\"@graph\":[{\"@type\":\"WebPage\",\"@id\":\"https:\/\/www.bipea.org\/tr\/yeterlilik-test-tohum-tahillar\/\",\"url\":\"https:\/\/www.bipea.org\/tr\/yeterlilik-test-tohum-tahillar\/\",\"name\":\"Yeterlilik Test Programlar\u0131 \u2013 TOHUMLAR & TAHILLAR Fiziko \u2013 kimyasal analizler - Bipea\",\"isPartOf\":{\"@id\":\"https:\/\/www.bipea.org\/tr\/#website\"},\"datePublished\":\"2017-12-24T16:13:22+00:00\",\"dateModified\":\"2024-02-15T09:34:25+00:00\",\"breadcrumb\":{\"@id\":\"https:\/\/www.bipea.org\/tr\/yeterlilik-test-tohum-tahillar\/#breadcrumb\"},\"inLanguage\":\"tr\",\"potentialAction\":[{\"@type\":\"ReadAction\",\"target\":[\"https:\/\/www.bipea.org\/tr\/yeterlilik-test-tohum-tahillar\/\"]}]},{\"@type\":\"BreadcrumbList\",\"@id\":\"https:\/\/www.bipea.org\/tr\/yeterlilik-test-tohum-tahillar\/#breadcrumb\",\"itemListElement\":[{\"@type\":\"ListItem\",\"position\":1,\"name\":\"Accueil\",\"item\":\"https:\/\/www.bipea.org\/tr\/\"},{\"@type\":\"ListItem\",\"position\":2,\"name\":\"Yeterlilik Test Programlar\u0131 \u2013 TOHUMLAR &#038; TAHILLAR Fiziko \u2013 kimyasal analizler\"}]},{\"@type\":\"WebSite\",\"@id\":\"https:\/\/www.bipea.org\/tr\/#website\",\"url\":\"https:\/\/www.bipea.org\/tr\/\",\"name\":\"Bipea\",\"description\":\"\",\"potentialAction\":[{\"@type\":\"SearchAction\",\"target\":{\"@type\":\"EntryPoint\",\"urlTemplate\":\"https:\/\/www.bipea.org\/tr\/?s={search_term_string}\"},\"query-input\":{\"@type\":\"PropertyValueSpecification\",\"valueRequired\":true,\"valueName\":\"search_term_string\"}}],\"inLanguage\":\"tr\"}]}<\/script>\n<!-- \/ Yoast SEO plugin. -->","yoast_head_json":{"title":"Yeterlilik Test Programlar\u0131 \u2013 TOHUMLAR & TAHILLAR Fiziko \u2013 kimyasal analizler - Bipea","robots":{"index":"index","follow":"follow","max-snippet":"max-snippet:-1","max-image-preview":"max-image-preview:large","max-video-preview":"max-video-preview:-1"},"canonical":"https:\/\/www.bipea.org\/tr\/yeterlilik-test-tohum-tahillar\/","og_locale":"tr_TR","og_type":"article","og_title":"Yeterlilik Test Programlar\u0131 \u2013 TOHUMLAR & TAHILLAR Fiziko \u2013 kimyasal analizler - Bipea","og_url":"https:\/\/www.bipea.org\/tr\/yeterlilik-test-tohum-tahillar\/","og_site_name":"Bipea","article_publisher":"https:\/\/www.facebook.com\/Bipea-Proficiency-Testing-Programs-1726595444310313\/","article_modified_time":"2024-02-15T09:34:25+00:00","twitter_card":"summary_large_image","twitter_site":"@BipeaP","twitter_misc":{"Tahmini okuma s\u00fcresi":"3 dakika"},"schema":{"@context":"https:\/\/schema.org","@graph":[{"@type":"WebPage","@id":"https:\/\/www.bipea.org\/tr\/yeterlilik-test-tohum-tahillar\/","url":"https:\/\/www.bipea.org\/tr\/yeterlilik-test-tohum-tahillar\/","name":"Yeterlilik Test Programlar\u0131 \u2013 TOHUMLAR & TAHILLAR Fiziko \u2013 kimyasal analizler - Bipea","isPartOf":{"@id":"https:\/\/www.bipea.org\/tr\/#website"},"datePublished":"2017-12-24T16:13:22+00:00","dateModified":"2024-02-15T09:34:25+00:00","breadcrumb":{"@id":"https:\/\/www.bipea.org\/tr\/yeterlilik-test-tohum-tahillar\/#breadcrumb"},"inLanguage":"tr","potentialAction":[{"@type":"ReadAction","target":["https:\/\/www.bipea.org\/tr\/yeterlilik-test-tohum-tahillar\/"]}]},{"@type":"BreadcrumbList","@id":"https:\/\/www.bipea.org\/tr\/yeterlilik-test-tohum-tahillar\/#breadcrumb","itemListElement":[{"@type":"ListItem","position":1,"name":"Accueil","item":"https:\/\/www.bipea.org\/tr\/"},{"@type":"ListItem","position":2,"name":"Yeterlilik Test Programlar\u0131 \u2013 TOHUMLAR &#038; TAHILLAR Fiziko \u2013 kimyasal analizler"}]},{"@type":"WebSite","@id":"https:\/\/www.bipea.org\/tr\/#website","url":"https:\/\/www.bipea.org\/tr\/","name":"Bipea","description":"","potentialAction":[{"@type":"SearchAction","target":{"@type":"EntryPoint","urlTemplate":"https:\/\/www.bipea.org\/tr\/?s={search_term_string}"},"query-input":{"@type":"PropertyValueSpecification","valueRequired":true,"valueName":"search_term_string"}}],"inLanguage":"tr"}]}},"_links":{"self":[{"href":"https:\/\/www.bipea.org\/tr\/wp-json\/wp\/v2\/pages\/12838","targetHints":{"allow":["GET"]}}],"collection":[{"href":"https:\/\/www.bipea.org\/tr\/wp-json\/wp\/v2\/pages"}],"about":[{"href":"https:\/\/www.bipea.org\/tr\/wp-json\/wp\/v2\/types\/page"}],"author":[{"embeddable":true,"href":"https:\/\/www.bipea.org\/tr\/wp-json\/wp\/v2\/users\/1"}],"replies":[{"embeddable":true,"href":"https:\/\/www.bipea.org\/tr\/wp-json\/wp\/v2\/comments?post=12838"}],"version-history":[{"count":6,"href":"https:\/\/www.bipea.org\/tr\/wp-json\/wp\/v2\/pages\/12838\/revisions"}],"predecessor-version":[{"id":20270,"href":"https:\/\/www.bipea.org\/tr\/wp-json\/wp\/v2\/pages\/12838\/revisions\/20270"}],"wp:attachment":[{"href":"https:\/\/www.bipea.org\/tr\/wp-json\/wp\/v2\/media?parent=12838"}],"curies":[{"name":"wp","href":"https:\/\/api.w.org\/{rel}","templated":true}]}}