{"id":12825,"date":"2017-12-24T17:08:39","date_gmt":"2017-12-24T16:08:39","guid":{"rendered":"https:\/\/www.bipea.org\/cosmetics\/"},"modified":"2024-02-15T10:00:52","modified_gmt":"2024-02-15T09:00:52","slug":"kozmetic","status":"publish","type":"page","link":"https:\/\/www.bipea.org\/tr\/kozmetic\/","title":{"rendered":"Yeterlilik Test Profgramlar\u0131 \u2013 KOZMET\u0130K Mikrobiyolojik analizler\u2013 SPF- UVA"},"content":{"rendered":"<p><div class=\"fusion-fullwidth fullwidth-box fusion-builder-row-1 nonhundred-percent-fullwidth non-hundred-percent-height-scrolling\" style=\"--awb-border-radius-top-left:0px;--awb-border-radius-top-right:0px;--awb-border-radius-bottom-right:0px;--awb-border-radius-bottom-left:0px;--awb-flex-wrap:wrap;\" ><div class=\"fusion-builder-row fusion-row\"><div class=\"fusion-layout-column fusion_builder_column fusion-builder-column-0 fusion_builder_column_5_6 5_6 fusion-five-sixth fusion-column-first\" style=\"--awb-bg-size:cover;width:83.333333333333%;width:calc(83.333333333333% - ( ( 4% ) * 0.83333333333333 ) );margin-right: 4%;\"><div class=\"fusion-column-wrapper fusion-flex-column-wrapper-legacy\"><div class=\"fusion-text fusion-text-1\"><h4 class=\"title_food\">Yeterlilik Test Profgramlar\u0131 \u2013 KOZMET\u0130K<br \/>\nMikrobiyolojik analizler\u2013 SPF- UVA<\/h4>\n<\/div><div class=\"fusion-clearfix\"><\/div><\/div><\/div><div class=\"fusion-layout-column fusion_builder_column fusion-builder-column-1 fusion_builder_column_1_6 1_6 fusion-one-sixth fusion-column-last quote_box\" style=\"--awb-bg-size:cover;width:16.666666666667%;width:calc(16.666666666667% - ( ( 4% ) * 0.16666666666667 ) );\"><div class=\"fusion-column-wrapper fusion-flex-column-wrapper-legacy\"><div class=\"fusion-text fusion-text-2\"><p><a href=\"https:\/\/www.bipea.org\/tr\/yeterlilik-test-programlari\/\">YT programlar\u0131 listesine d\u00f6n\u00fc\u015f<\/a><\/p>\n<p><a class=\"fusion-button button-flat fusion-button-round button-large button-default button-2 button85\" href=\"\/quote\" target=\"_self\" rel=\"noopener\"><span class=\"fusion-button-text\">TEKLIF ISTEYIN<\/span><\/a><\/p>\n<p>L\u00fctfen sati\u015f b\u00f6l\u00fcm\u00fcm\u00fcz\u00fc aray\u0131n<\/p>\n<\/div><div class=\"fusion-clearfix\"><\/div><\/div><\/div><\/div><\/div><div class=\"fusion-fullwidth fullwidth-box fusion-builder-row-2 nonhundred-percent-fullwidth non-hundred-percent-height-scrolling\" style=\"--awb-border-radius-top-left:0px;--awb-border-radius-top-right:0px;--awb-border-radius-bottom-right:0px;--awb-border-radius-bottom-left:0px;--awb-margin-top:40px;--awb-flex-wrap:wrap;\" ><div class=\"fusion-builder-row fusion-row\"><div class=\"fusion-layout-column fusion_builder_column fusion-builder-column-2 fusion_builder_column_1_1 1_1 fusion-one-full fusion-column-first fusion-column-last\" style=\"--awb-bg-size:cover;\"><div class=\"fusion-column-wrapper fusion-flex-column-wrapper-legacy\">\n<div class=\"table-1\">\n<table id=\"theTable\" class=\"footable table-1 outerBorder footable-loaded isInnerColor\" style=\"width: 100%; margin: 0px;\">\n<thead>\n<tr>\n<th id=\"thCol0\" style=\"width: 30.0088%;\" data-type=\"alpha\">Programlar<\/th>\n<th id=\"thCol1\" style=\"width: 15.2693%;\" data-type=\"alpha\">Matrisler<\/th>\n<th id=\"thCol2\" style=\"width: 11.5621%;\" data-type=\"alpha\">Parametreler<\/th>\n<th id=\"thCol3\" style=\"width: 6.26656%;\" data-type=\"alpha\">Miktar<\/th>\n<th id=\"thCol4\" style=\"width: 5.56041%;\" data-type=\"numeric\">Raund \/ y\u0131l<\/th>\n<th id=\"thCol5\" style=\"width: 9.48809%;\" data-type=\"alpha\">Numune \/ raund<\/th>\n<th style=\"width: 10.1942%;\">Akreditasyon<\/th>\n<th id=\"thCol6\" style=\"width: 10.4148%;\" data-type=\"alpha\">Y\u0131ll\u0131k plan<\/th>\n<\/tr>\n<\/thead>\n<tbody>\n<tr class=\"footableOdd\">\n<td style=\"width: 30.0088%;\">60 &#8211; G\u00fcne\u015ften koruyucu \u00fcr\u00fcnler: SPF in vivo<\/td>\n<td style=\"width: 15.2693%;\">G\u00fcne\u015ften koruyucu \u00fcr\u00fcnler<\/td>\n<td style=\"width: 11.5621%;\">SPF, Su direnci\u2026<\/td>\n<td style=\"width: 6.26656%;\">30 ml<\/td>\n<td style=\"width: 5.56041%;\">2<\/td>\n<td style=\"width: 9.48809%;\">2 numune<\/td>\n<td style=\"width: 10.1942%;\"><\/td>\n<td style=\"width: 10.4148%;\"><a href=\"https:\/\/extranet.bipea.org\/documents\/plannings\/GB\/Proficiency-testing-scheme-60\" target=\"newTab\" rel=\"noopener\">\u0130ndir<\/a><\/td>\n<\/tr>\n<tr class=\"footableEven\">\n<td style=\"width: 30.0088%;\">63 &#8211; G\u00fcne\u015ften koruyucu \u00fcr\u00fcnler : UVA in vivo<\/td>\n<td style=\"width: 15.2693%;\">G\u00fcne\u015ften koruyucu \u00fcr\u00fcnler<\/td>\n<td style=\"width: 11.5621%;\">UVA in vivo<\/td>\n<td style=\"width: 6.26656%;\">30 ml<\/td>\n<td style=\"width: 5.56041%;\">1<\/td>\n<td style=\"width: 9.48809%;\">2 numune<\/td>\n<td style=\"width: 10.1942%;\"><\/td>\n<td style=\"width: 10.4148%;\"><a href=\"https:\/\/extranet.bipea.org\/documents\/plannings\/GB\/Proficiency-testing-scheme-63\" target=\"newTab\" rel=\"noopener\">\u0130ndir<\/a><\/td>\n<\/tr>\n<tr class=\"footableOdd\">\n<td style=\"width: 30.0088%;\">64 &#8211; G\u00fcne\u015ften koruyucu \u00fcr\u00fcnler: UVA in vitro<\/td>\n<td style=\"width: 15.2693%;\">G\u00fcne\u015ften koruyucu \u00fcr\u00fcnler<\/td>\n<td style=\"width: 11.5621%;\">UVA in vitro<\/td>\n<td style=\"width: 6.26656%;\">30 ml<\/td>\n<td style=\"width: 5.56041%;\">2<\/td>\n<td style=\"width: 9.48809%;\">3 numune<\/td>\n<td style=\"width: 10.1942%;\"><\/td>\n<td style=\"width: 10.4148%;\"><a href=\"https:\/\/extranet.bipea.org\/documents\/plannings\/GB\/Proficiency-testing-scheme-64\" target=\"newTab\" rel=\"noopener\">\u0130ndir<\/a><\/td>\n<\/tr>\n<tr>\n<td style=\"width: 30.0088%;\">84 &#8211; Kozmetik \u00fcr\u00fcnlerdeki koruyucular<\/td>\n<td style=\"width: 15.2693%;\">Krem<\/td>\n<td style=\"width: 11.5621%;\">Koruyucular<\/td>\n<td style=\"width: 6.26656%;\">20 g<\/td>\n<td style=\"width: 5.56041%;\">2<\/td>\n<td style=\"width: 9.48809%;\">1 numune<\/td>\n<td style=\"width: 10.1942%; text-align: center;\">akredite*<\/td>\n<td style=\"width: 10.4148%;\"><a href=\"https:\/\/extranet.bipea.org\/documents\/plannings\/GB\/Proficiency-testing-scheme-84\" target=\"newTab\" rel=\"noopener\">\u0130ndir<\/a><\/td>\n<\/tr>\n<tr class=\"footableEven\">\n<td style=\"width: 30.0088%;\">85 \u2013 Kozmetik \u00fcr\u00fcnlerin mikrobiyolojisi<\/td>\n<td style=\"width: 15.2693%;\">Dermatolojik krem<\/td>\n<td style=\"width: 11.5621%;\">Maya, k\u00fcf ve meszofilik aerobik bakteri say\u0131m\u0131<\/td>\n<td style=\"width: 6.26656%;\">20 g<\/td>\n<td style=\"width: 5.56041%;\">1<\/td>\n<td style=\"width: 9.48809%;\">1 numune<\/td>\n<td style=\"width: 10.1942%;\"><\/td>\n<td style=\"width: 10.4148%;\"><a href=\"https:\/\/extranet.bipea.org\/documents\/plannings\/GB\/Proficiency-testing-scheme-85\" target=\"newTab\" rel=\"noopener\">\u0130ndir<\/a><\/td>\n<\/tr>\n<tr>\n<td style=\"width: 30.0088%;\">85a &#8211; Kozmetik \u00fcr\u00fcnlerde mikrobiyoloji: Escherichia coli, Staphylococcus aureus, Pseudomonas aeruginosa tespiti<\/td>\n<td style=\"width: 15.2693%;\">Serum<\/td>\n<td style=\"width: 11.5621%;\">Escherichia coli, Staphylococcus aureus, Pseudomonas aeruginosa<\/td>\n<td style=\"width: 6.26656%;\">20 g<\/td>\n<td style=\"width: 5.56041%;\">1<\/td>\n<td style=\"width: 9.48809%;\">3 numune<\/td>\n<td style=\"width: 10.1942%;\"><\/td>\n<td style=\"width: 10.4148%;\"><a href=\"https:\/\/extranet.bipea.org\/documents\/plannings\/GB\/Proficiency-testing-scheme-85a\" target=\"newTab\" rel=\"noopener\">\u0130ndir<\/a><\/td>\n<\/tr>\n<tr>\n<td style=\"width: 30.0088%;\">93 &#8211; Kozmetik \u00fcr\u00fcnlerde a\u011f\u0131r metaller<\/td>\n<td style=\"width: 15.2693%;\">Krem<\/td>\n<td style=\"width: 11.5621%;\">A\u011f\u0131r metaller<\/td>\n<td style=\"width: 6.26656%;\">20 g<\/td>\n<td style=\"width: 5.56041%;\">2<\/td>\n<td style=\"width: 9.48809%;\">1 numune<\/td>\n<td style=\"width: 10.1942%; text-align: center;\">akredite*<\/td>\n<td style=\"width: 10.4148%;\"><a href=\"https:\/\/extranet.bipea.org\/documents\/plannings\/GB\/Proficiency-testing-scheme-93\" target=\"newTab\" rel=\"noopener\">\u0130ndir<\/a><\/td>\n<\/tr>\n<tr>\n<td style=\"width: 30.0088%;\">106 &#8211; Kozmetik \u00fcr\u00fcnlerde fiziko-kimyasal analizler<\/td>\n<td style=\"width: 15.2693%;\">Kozmetik<\/td>\n<td style=\"width: 11.5621%;\">Fiziko-kimyasal analizler<\/td>\n<td style=\"width: 6.26656%;\">30 g<\/td>\n<td style=\"width: 5.56041%;\">2<\/td>\n<td style=\"width: 9.48809%;\">1 numune<\/td>\n<td style=\"width: 10.1942%;\"><\/td>\n<td style=\"width: 10.4148%;\"><a href=\"https:\/\/extranet.bipea.org\/documents\/plannings\/GB\/Proficiency-testing-scheme-106\" target=\"newTab\" rel=\"noopener\">\u0130ndir<\/a><\/td>\n<\/tr>\n<\/tbody>\n<\/table>\n<\/div>\n<div class=\"fusion-clearfix\"><\/div><\/div><\/div><\/div><\/div><\/p>\n","protected":false},"excerpt":{"rendered":"","protected":false},"author":1,"featured_media":0,"parent":0,"menu_order":0,"comment_status":"closed","ping_status":"closed","template":"","meta":{"footnotes":""},"class_list":["post-12825","page","type-page","status-publish","hentry"],"yoast_head":"<!-- This site is optimized with the Yoast SEO plugin v27.0 - https:\/\/yoast.com\/product\/yoast-seo-wordpress\/ -->\n<title>Yeterlilik Test Profgramlar\u0131 \u2013 KOZMET\u0130K Mikrobiyolojik analizler\u2013 SPF- UVA - Bipea<\/title>\n<meta name=\"robots\" content=\"index, follow, max-snippet:-1, max-image-preview:large, max-video-preview:-1\" \/>\n<link rel=\"canonical\" href=\"https:\/\/www.bipea.org\/tr\/kozmetic\/\" \/>\n<meta property=\"og:locale\" content=\"tr_TR\" \/>\n<meta property=\"og:type\" content=\"article\" \/>\n<meta property=\"og:title\" content=\"Yeterlilik Test Profgramlar\u0131 \u2013 KOZMET\u0130K Mikrobiyolojik analizler\u2013 SPF- UVA - Bipea\" \/>\n<meta property=\"og:url\" content=\"https:\/\/www.bipea.org\/tr\/kozmetic\/\" \/>\n<meta property=\"og:site_name\" content=\"Bipea\" \/>\n<meta property=\"article:publisher\" content=\"https:\/\/www.facebook.com\/Bipea-Proficiency-Testing-Programs-1726595444310313\/\" \/>\n<meta property=\"article:modified_time\" content=\"2024-02-15T09:00:52+00:00\" \/>\n<meta name=\"twitter:card\" content=\"summary_large_image\" \/>\n<meta name=\"twitter:site\" content=\"@BipeaP\" \/>\n<meta name=\"twitter:label1\" content=\"Tahmini okuma s\u00fcresi\" \/>\n\t<meta name=\"twitter:data1\" content=\"2 dakika\" \/>\n<script type=\"application\/ld+json\" class=\"yoast-schema-graph\">{\"@context\":\"https:\/\/schema.org\",\"@graph\":[{\"@type\":\"WebPage\",\"@id\":\"https:\/\/www.bipea.org\/tr\/kozmetic\/\",\"url\":\"https:\/\/www.bipea.org\/tr\/kozmetic\/\",\"name\":\"Yeterlilik Test Profgramlar\u0131 \u2013 KOZMET\u0130K Mikrobiyolojik analizler\u2013 SPF- UVA - Bipea\",\"isPartOf\":{\"@id\":\"https:\/\/www.bipea.org\/tr\/#website\"},\"datePublished\":\"2017-12-24T16:08:39+00:00\",\"dateModified\":\"2024-02-15T09:00:52+00:00\",\"breadcrumb\":{\"@id\":\"https:\/\/www.bipea.org\/tr\/kozmetic\/#breadcrumb\"},\"inLanguage\":\"tr\",\"potentialAction\":[{\"@type\":\"ReadAction\",\"target\":[\"https:\/\/www.bipea.org\/tr\/kozmetic\/\"]}]},{\"@type\":\"BreadcrumbList\",\"@id\":\"https:\/\/www.bipea.org\/tr\/kozmetic\/#breadcrumb\",\"itemListElement\":[{\"@type\":\"ListItem\",\"position\":1,\"name\":\"Accueil\",\"item\":\"https:\/\/www.bipea.org\/tr\/\"},{\"@type\":\"ListItem\",\"position\":2,\"name\":\"Yeterlilik Test Profgramlar\u0131 \u2013 KOZMET\u0130K Mikrobiyolojik analizler\u2013 SPF- UVA\"}]},{\"@type\":\"WebSite\",\"@id\":\"https:\/\/www.bipea.org\/tr\/#website\",\"url\":\"https:\/\/www.bipea.org\/tr\/\",\"name\":\"Bipea\",\"description\":\"\",\"potentialAction\":[{\"@type\":\"SearchAction\",\"target\":{\"@type\":\"EntryPoint\",\"urlTemplate\":\"https:\/\/www.bipea.org\/tr\/?s={search_term_string}\"},\"query-input\":{\"@type\":\"PropertyValueSpecification\",\"valueRequired\":true,\"valueName\":\"search_term_string\"}}],\"inLanguage\":\"tr\"}]}<\/script>\n<!-- \/ Yoast SEO plugin. -->","yoast_head_json":{"title":"Yeterlilik Test Profgramlar\u0131 \u2013 KOZMET\u0130K Mikrobiyolojik analizler\u2013 SPF- UVA - Bipea","robots":{"index":"index","follow":"follow","max-snippet":"max-snippet:-1","max-image-preview":"max-image-preview:large","max-video-preview":"max-video-preview:-1"},"canonical":"https:\/\/www.bipea.org\/tr\/kozmetic\/","og_locale":"tr_TR","og_type":"article","og_title":"Yeterlilik Test Profgramlar\u0131 \u2013 KOZMET\u0130K Mikrobiyolojik analizler\u2013 SPF- UVA - Bipea","og_url":"https:\/\/www.bipea.org\/tr\/kozmetic\/","og_site_name":"Bipea","article_publisher":"https:\/\/www.facebook.com\/Bipea-Proficiency-Testing-Programs-1726595444310313\/","article_modified_time":"2024-02-15T09:00:52+00:00","twitter_card":"summary_large_image","twitter_site":"@BipeaP","twitter_misc":{"Tahmini okuma s\u00fcresi":"2 dakika"},"schema":{"@context":"https:\/\/schema.org","@graph":[{"@type":"WebPage","@id":"https:\/\/www.bipea.org\/tr\/kozmetic\/","url":"https:\/\/www.bipea.org\/tr\/kozmetic\/","name":"Yeterlilik Test Profgramlar\u0131 \u2013 KOZMET\u0130K Mikrobiyolojik analizler\u2013 SPF- UVA - Bipea","isPartOf":{"@id":"https:\/\/www.bipea.org\/tr\/#website"},"datePublished":"2017-12-24T16:08:39+00:00","dateModified":"2024-02-15T09:00:52+00:00","breadcrumb":{"@id":"https:\/\/www.bipea.org\/tr\/kozmetic\/#breadcrumb"},"inLanguage":"tr","potentialAction":[{"@type":"ReadAction","target":["https:\/\/www.bipea.org\/tr\/kozmetic\/"]}]},{"@type":"BreadcrumbList","@id":"https:\/\/www.bipea.org\/tr\/kozmetic\/#breadcrumb","itemListElement":[{"@type":"ListItem","position":1,"name":"Accueil","item":"https:\/\/www.bipea.org\/tr\/"},{"@type":"ListItem","position":2,"name":"Yeterlilik Test Profgramlar\u0131 \u2013 KOZMET\u0130K Mikrobiyolojik analizler\u2013 SPF- UVA"}]},{"@type":"WebSite","@id":"https:\/\/www.bipea.org\/tr\/#website","url":"https:\/\/www.bipea.org\/tr\/","name":"Bipea","description":"","potentialAction":[{"@type":"SearchAction","target":{"@type":"EntryPoint","urlTemplate":"https:\/\/www.bipea.org\/tr\/?s={search_term_string}"},"query-input":{"@type":"PropertyValueSpecification","valueRequired":true,"valueName":"search_term_string"}}],"inLanguage":"tr"}]}},"_links":{"self":[{"href":"https:\/\/www.bipea.org\/tr\/wp-json\/wp\/v2\/pages\/12825","targetHints":{"allow":["GET"]}}],"collection":[{"href":"https:\/\/www.bipea.org\/tr\/wp-json\/wp\/v2\/pages"}],"about":[{"href":"https:\/\/www.bipea.org\/tr\/wp-json\/wp\/v2\/types\/page"}],"author":[{"embeddable":true,"href":"https:\/\/www.bipea.org\/tr\/wp-json\/wp\/v2\/users\/1"}],"replies":[{"embeddable":true,"href":"https:\/\/www.bipea.org\/tr\/wp-json\/wp\/v2\/comments?post=12825"}],"version-history":[{"count":6,"href":"https:\/\/www.bipea.org\/tr\/wp-json\/wp\/v2\/pages\/12825\/revisions"}],"predecessor-version":[{"id":20266,"href":"https:\/\/www.bipea.org\/tr\/wp-json\/wp\/v2\/pages\/12825\/revisions\/20266"}],"wp:attachment":[{"href":"https:\/\/www.bipea.org\/tr\/wp-json\/wp\/v2\/media?parent=12825"}],"curies":[{"name":"wp","href":"https:\/\/api.w.org\/{rel}","templated":true}]}}