{"id":12798,"date":"2017-12-24T16:57:29","date_gmt":"2017-12-24T15:57:29","guid":{"rendered":"https:\/\/www.bipea.org\/conditions-dinscription-et-confidentialite\/"},"modified":"2022-10-13T16:29:10","modified_gmt":"2022-10-13T14:29:10","slug":"kayit-sartlari-gizlilik","status":"publish","type":"page","link":"https:\/\/www.bipea.org\/tr\/kayit-sartlari-gizlilik\/","title":{"rendered":"KAYIT \u015eARTLARI &#038; G\u0130ZL\u0130L\u0130K"},"content":{"rendered":"<p><div class=\"fusion-fullwidth fullwidth-box fusion-builder-row-1 back_box nonhundred-percent-fullwidth non-hundred-percent-height-scrolling\" style=\"--awb-border-radius-top-left:0px;--awb-border-radius-top-right:0px;--awb-border-radius-bottom-right:0px;--awb-border-radius-bottom-left:0px;--awb-flex-wrap:wrap;\" ><div class=\"fusion-builder-row fusion-row\"><div class=\"fusion-layout-column fusion_builder_column fusion-builder-column-0 fusion_builder_column_5_6 5_6 fusion-five-sixth fusion-column-first\" style=\"--awb-bg-size:cover;width:83.333333333333%;width:calc(83.333333333333% - ( ( 4% ) * 0.83333333333333 ) );margin-right: 4%;\"><div class=\"fusion-column-wrapper fusion-flex-column-wrapper-legacy\"><div class=\"fusion-clearfix\"><\/div><\/div><\/div><div class=\"fusion-layout-column fusion_builder_column fusion-builder-column-1 fusion_builder_column_1_6 1_6 fusion-one-sixth fusion-column-last\" style=\"--awb-bg-size:cover;width:16.666666666667%;width:calc(16.666666666667% - ( ( 4% ) * 0.16666666666667 ) );\"><div class=\"fusion-column-wrapper fusion-flex-column-wrapper-legacy\"><div class=\"fusion-text fusion-text-1\"><p><a href=\"https:\/\/www.bipea.org\/tr\/yeterlilik-test-programlari\/\">YT program\u0131 listesine d\u00f6n<\/a><\/p>\n<\/div><div class=\"fusion-clearfix\"><\/div><\/div><\/div><\/div><\/div><div class=\"fusion-fullwidth fullwidth-box fusion-builder-row-2 nonhundred-percent-fullwidth non-hundred-percent-height-scrolling\" style=\"--awb-border-radius-top-left:0px;--awb-border-radius-top-right:0px;--awb-border-radius-bottom-right:0px;--awb-border-radius-bottom-left:0px;--awb-flex-wrap:wrap;\" ><div class=\"fusion-builder-row fusion-row\"><div class=\"fusion-layout-column fusion_builder_column fusion-builder-column-2 fusion_builder_column_1_1 1_1 fusion-one-full fusion-column-first fusion-column-last\" style=\"--awb-bg-size:cover;--awb-margin-bottom:0px;\"><div class=\"fusion-column-wrapper fusion-flex-column-wrapper-legacy\"><div class=\"fusion-text fusion-text-2\"><p class=\"font_8\" style=\"text-align: justify;\"><strong><span style=\"color: #0076b3; font-size: 14pt;\">\u00dcYEL\u0130K \u015eARTLARI<\/span><\/strong><\/p>\n<p class=\"font_8\" style=\"text-align: justify;\"><span class=\"wixGuard\" style=\"font-size: 14pt;\">\u200b<\/span><\/p>\n<p class=\"font_8\" style=\"text-align: justify;\"><span style=\"font-size: 14pt;\">Laboratuvarlar BIPE YT programlar\u0131na ya y\u0131ll\u0131k serinin ba\u015f\u0131nda ya da y\u0131l i\u00e7inde herhangi bir zamanda kat\u0131labilirler. Laboratuvar analiz politikam\u0131z s\u00fcreklilik \u00fczerine dayand\u0131\u011f\u0131 i\u00e7in, laboratuvarlar\u0131n pestisit testleri d\u0131\u015f\u0131nda sadece bir round i\u00e7in kay\u0131t olmalar\u0131 m\u00fcmk\u00fcn de\u011fildir. Laboratuvarlar y\u0131ll\u0131k numuneleri kay\u0131tlar\u0131ndan itibaren alacaklard\u0131r.<\/span><\/p>\n<p class=\"font_8\" style=\"text-align: justify;\"><span style=\"font-size: 14pt;\">D\u00fczenli YT programlar\u0131m\u0131za kat\u0131lmak ve ERM numunelerinden faydalanmak i\u00e7in laboratuvarlar\u0131n organizasyonumuza \u00fcye olmalar\u0131 gerekmektedir.<\/span><\/p>\n<p class=\"font_8\" style=\"text-align: justify;\"><span style=\"font-size: 14pt;\">Her kat\u0131l\u0131mc\u0131n\u0131n idari giderleri kar\u015f\u0131lamas\u0131 i\u00e7in y\u0131ll\u0131k \u00fcyelik yapmalar\u0131 gerekmektedir.<\/span><\/p>\n<p class=\"font_8\" style=\"text-align: justify;\"><span style=\"font-size: 14pt;\">Y\u0131ll\u0131k \u00fcyelik \u00fccretine ilaveten, laboratuvarlara bizim d\u00fczenli YT\u00a0 programlar\u0131m\u0131z ve ERM numunelerin \u00fccretleri faturaland\u0131r\u0131lacakt\u0131r.<\/span><\/p>\n<p class=\"font_8\" style=\"text-align: justify;\"><span class=\"wixGuard\" style=\"font-size: 14pt;\">\u200b<\/span><\/p>\n<p class=\"font_8\" style=\"text-align: justify;\"><strong><span style=\"color: #0076b3; font-size: 14pt;\">VER\u0130LER\u0130N G\u0130ZL\u0130L\u0130\u011e\u0130<\/span><\/strong><\/p>\n<p class=\"font_8\" style=\"text-align: justify;\"><span class=\"wixGuard\" style=\"font-size: 14pt;\">\u200b<\/span><\/p>\n<p class=\"font_8\" style=\"text-align: justify;\"><span style=\"font-size: 14pt;\">YT programlar\u0131m\u0131zda \u00a0\u00a0laboratuvarlar\u0131n isminin ve bilgilerinin gizlili\u011fi esast\u0131r.<\/span><\/p>\n<p class=\"font_8\" style=\"text-align: justify;\"><span style=\"font-size: 14pt;\">Bunu i\u00e7in bir kod sistemi kullan\u0131lmaktad\u0131r. B\u00f6ylelikle verinin gizlili\u011fi her seviyede garanti edilmektedir.<\/span><\/p>\n<p class=\"font_8\" style=\"text-align: justify;\"><span style=\"font-size: 14pt;\"><span style=\"font-weight: bold;\">\u0130dari bilgi<\/span>: Laboratuvarlar taraf\u0131ndan sa\u011flanan t\u00fcm idari bilgiler gizli tutulur ve hi\u00e7 bir \u015fekilde a\u00e7\u0131klanmaz.<\/span><\/p>\n<ul class=\"font_8\" style=\"text-align: justify;\">\n<li>\n<p class=\"font_8\"><span style=\"font-size: 14pt;\"><span style=\"font-weight: bold;\">Laboratuvar Kay\u0131tlar\u0131<\/span>: ilk kay\u0131tta laboratuvara\u00a0 5 rakaml\u0131 bir kod verilir. Bu kod hayat boyu ge\u00e7erli olacak ve t\u00fcm ileti\u015fimlerde istenecektir.<\/span><\/p>\n<\/li>\n<\/ul>\n<p class=\"font_8\"><span class=\"wixGuard\" style=\"font-size: 14pt;\">\u200b<\/span><\/p>\n<ul class=\"font_8\" style=\"text-align: justify;\">\n<li>\n<p class=\"font_8\"><span style=\"font-size: 14pt;\"><span style=\"font-weight: bold;\">Sonu\u00e7lar\u0131n raporlamas\u0131 <\/span>online form \u00fczerinden yap\u0131l\u0131r. B\u0131pea program\u0131 bir ka\u00e7 \u015fifreden yararlan\u0131r.<\/span><\/p>\n<ul>\n<li>\n<p class=\"font_8\"><span style=\"font-size: 14pt;\">INPUT \u015fifresi: Bu kod sonu\u00e7lar\u0131 online forma girmek i\u00e7in gereklidir.<\/span><\/p>\n<\/li>\n<li>\n<p class=\"font_8\"><span style=\"font-size: 14pt;\">VALIDATION \u015fifresi: Bu kod sonu\u00e7lar\u0131 do\u011frulamak i\u00e7in gereklidir.<\/span><\/p>\n<\/li>\n<li>\n<p class=\"font_8\"><span style=\"font-size: 14pt;\">EDITION code: Bu kod her laboratuvar\u0131n laboratuvarlararas\u0131 kar\u015f\u0131la\u015ft\u0131rma raporundaki sonu\u00e7lar\u0131n\u0131 tan\u0131mlar. Bu kod her serinin ba\u015f\u0131nda yenilenir ve\u00a0 \u00fcye alan\u0131ndan g\u00f6r\u00fclebilir.<\/span><\/p>\n<\/li>\n<\/ul>\n<\/li>\n<\/ul>\n<\/div><div class=\"fusion-clearfix\"><\/div><\/div><\/div><\/div><\/div><\/p>\n","protected":false},"excerpt":{"rendered":"","protected":false},"author":1,"featured_media":0,"parent":0,"menu_order":0,"comment_status":"closed","ping_status":"closed","template":"","meta":{"footnotes":""},"class_list":["post-12798","page","type-page","status-publish","hentry"],"yoast_head":"<!-- This site is optimized with the Yoast SEO plugin v27.0 - https:\/\/yoast.com\/product\/yoast-seo-wordpress\/ -->\n<title>KAYIT \u015eARTLARI &amp; G\u0130ZL\u0130L\u0130K - Bipea<\/title>\n<meta name=\"robots\" content=\"index, follow, max-snippet:-1, max-image-preview:large, max-video-preview:-1\" \/>\n<link rel=\"canonical\" href=\"https:\/\/www.bipea.org\/tr\/kayit-sartlari-gizlilik\/\" \/>\n<meta property=\"og:locale\" content=\"tr_TR\" \/>\n<meta property=\"og:type\" content=\"article\" \/>\n<meta property=\"og:title\" content=\"KAYIT \u015eARTLARI &amp; G\u0130ZL\u0130L\u0130K - Bipea\" \/>\n<meta property=\"og:url\" content=\"https:\/\/www.bipea.org\/tr\/kayit-sartlari-gizlilik\/\" \/>\n<meta property=\"og:site_name\" content=\"Bipea\" \/>\n<meta property=\"article:publisher\" content=\"https:\/\/www.facebook.com\/Bipea-Proficiency-Testing-Programs-1726595444310313\/\" \/>\n<meta property=\"article:modified_time\" content=\"2022-10-13T14:29:10+00:00\" \/>\n<meta name=\"twitter:card\" content=\"summary_large_image\" \/>\n<meta name=\"twitter:site\" content=\"@BipeaP\" \/>\n<meta name=\"twitter:label1\" content=\"Tahmini okuma s\u00fcresi\" \/>\n\t<meta name=\"twitter:data1\" content=\"2 dakika\" \/>\n<script type=\"application\/ld+json\" class=\"yoast-schema-graph\">{\"@context\":\"https:\/\/schema.org\",\"@graph\":[{\"@type\":\"WebPage\",\"@id\":\"https:\/\/www.bipea.org\/tr\/kayit-sartlari-gizlilik\/\",\"url\":\"https:\/\/www.bipea.org\/tr\/kayit-sartlari-gizlilik\/\",\"name\":\"KAYIT \u015eARTLARI & G\u0130ZL\u0130L\u0130K - Bipea\",\"isPartOf\":{\"@id\":\"https:\/\/www.bipea.org\/tr\/#website\"},\"datePublished\":\"2017-12-24T15:57:29+00:00\",\"dateModified\":\"2022-10-13T14:29:10+00:00\",\"breadcrumb\":{\"@id\":\"https:\/\/www.bipea.org\/tr\/kayit-sartlari-gizlilik\/#breadcrumb\"},\"inLanguage\":\"tr\",\"potentialAction\":[{\"@type\":\"ReadAction\",\"target\":[\"https:\/\/www.bipea.org\/tr\/kayit-sartlari-gizlilik\/\"]}]},{\"@type\":\"BreadcrumbList\",\"@id\":\"https:\/\/www.bipea.org\/tr\/kayit-sartlari-gizlilik\/#breadcrumb\",\"itemListElement\":[{\"@type\":\"ListItem\",\"position\":1,\"name\":\"Accueil\",\"item\":\"https:\/\/www.bipea.org\/tr\/\"},{\"@type\":\"ListItem\",\"position\":2,\"name\":\"KAYIT \u015eARTLARI &#038; G\u0130ZL\u0130L\u0130K\"}]},{\"@type\":\"WebSite\",\"@id\":\"https:\/\/www.bipea.org\/tr\/#website\",\"url\":\"https:\/\/www.bipea.org\/tr\/\",\"name\":\"Bipea\",\"description\":\"\",\"potentialAction\":[{\"@type\":\"SearchAction\",\"target\":{\"@type\":\"EntryPoint\",\"urlTemplate\":\"https:\/\/www.bipea.org\/tr\/?s={search_term_string}\"},\"query-input\":{\"@type\":\"PropertyValueSpecification\",\"valueRequired\":true,\"valueName\":\"search_term_string\"}}],\"inLanguage\":\"tr\"}]}<\/script>\n<!-- \/ Yoast SEO plugin. -->","yoast_head_json":{"title":"KAYIT \u015eARTLARI & G\u0130ZL\u0130L\u0130K - Bipea","robots":{"index":"index","follow":"follow","max-snippet":"max-snippet:-1","max-image-preview":"max-image-preview:large","max-video-preview":"max-video-preview:-1"},"canonical":"https:\/\/www.bipea.org\/tr\/kayit-sartlari-gizlilik\/","og_locale":"tr_TR","og_type":"article","og_title":"KAYIT \u015eARTLARI & G\u0130ZL\u0130L\u0130K - Bipea","og_url":"https:\/\/www.bipea.org\/tr\/kayit-sartlari-gizlilik\/","og_site_name":"Bipea","article_publisher":"https:\/\/www.facebook.com\/Bipea-Proficiency-Testing-Programs-1726595444310313\/","article_modified_time":"2022-10-13T14:29:10+00:00","twitter_card":"summary_large_image","twitter_site":"@BipeaP","twitter_misc":{"Tahmini okuma s\u00fcresi":"2 dakika"},"schema":{"@context":"https:\/\/schema.org","@graph":[{"@type":"WebPage","@id":"https:\/\/www.bipea.org\/tr\/kayit-sartlari-gizlilik\/","url":"https:\/\/www.bipea.org\/tr\/kayit-sartlari-gizlilik\/","name":"KAYIT \u015eARTLARI & G\u0130ZL\u0130L\u0130K - Bipea","isPartOf":{"@id":"https:\/\/www.bipea.org\/tr\/#website"},"datePublished":"2017-12-24T15:57:29+00:00","dateModified":"2022-10-13T14:29:10+00:00","breadcrumb":{"@id":"https:\/\/www.bipea.org\/tr\/kayit-sartlari-gizlilik\/#breadcrumb"},"inLanguage":"tr","potentialAction":[{"@type":"ReadAction","target":["https:\/\/www.bipea.org\/tr\/kayit-sartlari-gizlilik\/"]}]},{"@type":"BreadcrumbList","@id":"https:\/\/www.bipea.org\/tr\/kayit-sartlari-gizlilik\/#breadcrumb","itemListElement":[{"@type":"ListItem","position":1,"name":"Accueil","item":"https:\/\/www.bipea.org\/tr\/"},{"@type":"ListItem","position":2,"name":"KAYIT \u015eARTLARI &#038; G\u0130ZL\u0130L\u0130K"}]},{"@type":"WebSite","@id":"https:\/\/www.bipea.org\/tr\/#website","url":"https:\/\/www.bipea.org\/tr\/","name":"Bipea","description":"","potentialAction":[{"@type":"SearchAction","target":{"@type":"EntryPoint","urlTemplate":"https:\/\/www.bipea.org\/tr\/?s={search_term_string}"},"query-input":{"@type":"PropertyValueSpecification","valueRequired":true,"valueName":"search_term_string"}}],"inLanguage":"tr"}]}},"_links":{"self":[{"href":"https:\/\/www.bipea.org\/tr\/wp-json\/wp\/v2\/pages\/12798","targetHints":{"allow":["GET"]}}],"collection":[{"href":"https:\/\/www.bipea.org\/tr\/wp-json\/wp\/v2\/pages"}],"about":[{"href":"https:\/\/www.bipea.org\/tr\/wp-json\/wp\/v2\/types\/page"}],"author":[{"embeddable":true,"href":"https:\/\/www.bipea.org\/tr\/wp-json\/wp\/v2\/users\/1"}],"replies":[{"embeddable":true,"href":"https:\/\/www.bipea.org\/tr\/wp-json\/wp\/v2\/comments?post=12798"}],"version-history":[{"count":4,"href":"https:\/\/www.bipea.org\/tr\/wp-json\/wp\/v2\/pages\/12798\/revisions"}],"predecessor-version":[{"id":18827,"href":"https:\/\/www.bipea.org\/tr\/wp-json\/wp\/v2\/pages\/12798\/revisions\/18827"}],"wp:attachment":[{"href":"https:\/\/www.bipea.org\/tr\/wp-json\/wp\/v2\/media?parent=12798"}],"curies":[{"name":"wp","href":"https:\/\/api.w.org\/{rel}","templated":true}]}}