{"id":12786,"date":"2017-12-24T16:55:57","date_gmt":"2017-12-24T15:55:57","guid":{"rendered":"https:\/\/www.bipea.org\/fonctionnement-des-cil-bipea\/"},"modified":"2022-10-13T16:28:02","modified_gmt":"2022-10-13T14:28:02","slug":"nasil-calisir","status":"publish","type":"page","link":"https:\/\/www.bipea.org\/tr\/nasil-calisir\/","title":{"rendered":"NASIL \u00c7ALI\u015eIR?"},"content":{"rendered":"<p><div class=\"fusion-fullwidth fullwidth-box fusion-builder-row-1 back_box nonhundred-percent-fullwidth non-hundred-percent-height-scrolling\" style=\"--awb-border-radius-top-left:0px;--awb-border-radius-top-right:0px;--awb-border-radius-bottom-right:0px;--awb-border-radius-bottom-left:0px;--awb-flex-wrap:wrap;\" ><div class=\"fusion-builder-row fusion-row\"><div class=\"fusion-layout-column fusion_builder_column fusion-builder-column-0 fusion_builder_column_5_6 5_6 fusion-five-sixth fusion-column-first\" style=\"--awb-bg-size:cover;width:83.333333333333%;width:calc(83.333333333333% - ( ( 4% ) * 0.83333333333333 ) );margin-right: 4%;\"><div class=\"fusion-column-wrapper fusion-flex-column-wrapper-legacy\"><div class=\"fusion-clearfix\"><\/div><\/div><\/div><div class=\"fusion-layout-column fusion_builder_column fusion-builder-column-1 fusion_builder_column_1_6 1_6 fusion-one-sixth fusion-column-last\" style=\"--awb-bg-size:cover;width:16.666666666667%;width:calc(16.666666666667% - ( ( 4% ) * 0.16666666666667 ) );\"><div class=\"fusion-column-wrapper fusion-flex-column-wrapper-legacy\"><div class=\"fusion-text fusion-text-1\"><p><a href=\"https:\/\/www.bipea.org\/tr\/yeterlilik-test-programlari\/\">YT program\u0131 listesine d\u00f6n<\/a><\/p>\n<\/div><div class=\"fusion-clearfix\"><\/div><\/div><\/div><\/div><\/div><div class=\"fusion-fullwidth fullwidth-box fusion-builder-row-2 nonhundred-percent-fullwidth non-hundred-percent-height-scrolling\" style=\"--awb-border-radius-top-left:0px;--awb-border-radius-top-right:0px;--awb-border-radius-bottom-right:0px;--awb-border-radius-bottom-left:0px;--awb-flex-wrap:wrap;\" ><div class=\"fusion-builder-row fusion-row\"><div class=\"fusion-layout-column fusion_builder_column fusion-builder-column-2 fusion_builder_column_2_3 2_3 fusion-two-third fusion-column-first\" style=\"--awb-bg-size:cover;--awb-margin-bottom:0px;width:65.3333%; margin-right: 4%;\"><div class=\"fusion-column-wrapper fusion-flex-column-wrapper-legacy\"><div class=\"fusion-text fusion-text-2\"><p class=\"font_8\" style=\"text-align: justify;\"><strong><span style=\"color: #0076b3; font-size: 14pt;\">YT PROGRAMLARIMIZ<\/span><\/strong><\/p>\n<p class=\"font_8\" style=\"text-align: justify;\"><span style=\"font-size: 14pt;\">Her y\u0131l BIPEA Eyl\u00fcl den ba\u015flayarak takip eden y\u0131l\u0131n Haziran ay\u0131na kadar s\u00fcren y\u0131ll\u0131k test programlar\u0131 d\u00fczenler. Her program\u0131n takvimi BIPEA n\u0131n web sitesinde yer al\u0131r.<\/span><\/p>\n<p class=\"font_8\" style=\"text-align: justify;\"><span style=\"font-size: 14pt;\">Bir komple bir programa dahil olan bir laboratuvar program ile ilgili t\u00fcm numuneleri alacakt\u0131r. Her program<\/span><\/p>\n<p class=\"font_8\" style=\"text-align: justify;\"><span style=\"font-size: 14pt;\">Bir veya birden fazla numune i\u00e7eren belli say\u0131da round a sahiptir.<\/span><\/p>\n<p class=\"font_8\" style=\"text-align: justify;\"><span style=\"text-decoration: underline; font-size: 14pt;\"><span class=\"wixGuard\">\u200b<\/span><\/span><\/p>\n<p class=\"font_8\" style=\"text-align: justify;\"><span style=\"text-decoration: underline; font-size: 14pt;\"><span class=\"wixGuard\">\u200b<\/span><\/span><\/p>\n<p class=\"font_8\" style=\"text-align: justify;\"><strong><span style=\"color: #0076b3; font-size: 14pt;\">LABORATUVARLARIN KAYIT \u0130\u015eLEM\u0130<\/span><\/strong><br \/>\n<span style=\"font-size: 14pt;\">Laboratuvarlar y\u0131lll\u0131k serinin ba\u015flang\u0131c\u0131ndan itibaren veya y\u0131l i\u00e7inde herhangi bir zamanda YT programlar\u0131m\u0131za kay\u0131t olabilirler. \u200b<\/span><\/p>\n<p class=\"font_8\" style=\"text-align: justify;\"><span class=\"wixGuard\" style=\"font-size: 14pt;\">\u200b<\/span><\/p>\n<p class=\"font_8\" style=\"text-align: justify;\"><span class=\"wixGuard\" style=\"font-size: 14pt;\">\u200b<\/span><\/p>\n<p class=\"font_8\" style=\"text-align: justify;\"><strong><span style=\"color: #0076b3; font-size: 14pt;\">NUMUNELER\u0130N \u00dcRET\u0130M\u0130 VE G\u00d6NDER\u0130M\u0130<\/span><\/strong><\/p>\n<p class=\"font_8\" style=\"text-align: justify;\"><span style=\"font-size: 14pt;\">Numunelerimiz homojenitelerini garanti edecek \u015fekilde son derece kat\u0131 kurallara uymak suretiyle dahili olarak haz\u0131rlan\u0131r. Bu materyaller rutinde analiz edilenlere \u00e7ok yak\u0131nd\u0131r.<\/span><\/p>\n<p class=\"font_8\" style=\"text-align: justify;\"><span style=\"font-size: 14pt;\">YT kriterinin numunelerde do\u011fru bir \u015fekilde bulunmas\u0131na azami \u00f6nem verilir.<\/span><\/p>\n<p class=\"font_8\" style=\"text-align: justify;\"><span style=\"font-size: 14pt;\">BIPEA numunelerin m\u00fc\u015fterilere zaman\u0131nda, do\u011fru ve uygun bir \u015fekilde ula\u015fmas\u0131 i\u00e7in gerekli paketleme ve lojistik\u00a0 konular\u0131nda olduk\u00e7a hassast\u0131r ve bu konuda uzmanla\u015fm\u0131\u015ft\u0131r.<\/span><\/p>\n<p class=\"font_8\" style=\"text-align: justify;\"><span style=\"font-size: 14pt;\">\u00dcretim ve y\u00fckleme b\u00f6l\u00fcmleri her numuneye bir numara verir ve bu numara numunenin sat\u0131n alma a\u015famas\u0131ndan laboratuvar\u0131n sonucunun \u00e7\u0131kmas\u0131na kadarki s\u00fcre\u00e7 boyunca izlenmesini sa\u011flar.<\/span><\/p>\n<p class=\"font_8\" style=\"text-align: justify;\"><span style=\"text-decoration: underline; font-size: 14pt;\"><span class=\"wixGuard\">\u200b<\/span><\/span><\/p>\n<p class=\"font_8\" style=\"text-align: justify;\"><span style=\"text-decoration: underline; font-size: 14pt;\"><span class=\"wixGuard\">\u200b<\/span><\/span><\/p>\n<p class=\"font_8\" style=\"text-align: justify;\"><strong><span style=\"color: #0076b3; font-size: 14pt;\">NUMUNELER\u0130N ANAL\u0130Z\u0130 VE \u0130STAT\u0130ST\u0130KSEL DE\u011eERLEND\u0130RME<\/span><\/strong><br \/>\n<span style=\"font-size: 14pt;\">Numuneler laboratuvarlara ula\u015ft\u0131\u011f\u0131nda, sonu\u00e7 formu sistemde aktif olur. Bu andan itibaren laboratuvarlar\u0131n analizlerini yapmalar\u0131 ve sonu\u00e7lar\u0131n\u0131 formda belirtilen son sonu\u00e7 g\u00f6nderme g\u00fcn\u00fcnden \u00f6nce sonu\u00e7lar\u0131n\u0131 girerek g\u00f6ndermeleri beklenir. Kat\u0131l\u0131mc\u0131lar\u0131n sonu\u00e7lar\u0131 istatistik b\u00f6l\u00fcm\u00fcm\u00fcz taraf\u0131ndan de\u011ferlendirilir ve Laboratuvarlararas\u0131 Kar\u015f\u0131la\u015ft\u0131rma Raporu olarak son sonu\u00e7 girme tarihinden ortalama 17 i\u015f g\u00fcn\u00fc sonra yay\u0131nlan\u0131r.<\/span><\/p>\n<\/div><div class=\"fusion-clearfix\"><\/div><\/div><\/div><div class=\"fusion-layout-column fusion_builder_column fusion-builder-column-3 fusion_builder_column_1_3 1_3 fusion-one-third fusion-column-last\" style=\"--awb-bg-size:cover;width:30.6666%;\"><div class=\"fusion-column-wrapper fusion-flex-column-wrapper-legacy\"><div class=\"fusion-image-element in-legacy-container\" style=\"--awb-caption-title-font-family:var(--h2_typography-font-family);--awb-caption-title-font-weight:var(--h2_typography-font-weight);--awb-caption-title-font-style:var(--h2_typography-font-style);--awb-caption-title-size:var(--h2_typography-font-size);--awb-caption-title-transform:var(--h2_typography-text-transform);--awb-caption-title-line-height:var(--h2_typography-line-height);--awb-caption-title-letter-spacing:var(--h2_typography-letter-spacing);\"><span class=\" fusion-imageframe imageframe-none imageframe-1 hover-type-none\"><img decoding=\"async\" width=\"319\" height=\"617\" title=\"chart3tr\" src=\"https:\/\/www.bipea.org\/wp-content\/uploads\/2018\/01\/chart3tr.png\" alt class=\"img-responsive wp-image-12792\" srcset=\"https:\/\/www.bipea.org\/wp-content\/uploads\/2018\/01\/chart3tr-200x387.png 200w, https:\/\/www.bipea.org\/wp-content\/uploads\/2018\/01\/chart3tr.png 319w\" sizes=\"(max-width: 800px) 100vw, 319px\" \/><\/span><\/div><div class=\"fusion-clearfix\"><\/div><\/div><\/div><\/div><\/div><\/p>\n","protected":false},"excerpt":{"rendered":"","protected":false},"author":1,"featured_media":0,"parent":0,"menu_order":0,"comment_status":"closed","ping_status":"closed","template":"","meta":{"footnotes":""},"class_list":["post-12786","page","type-page","status-publish","hentry"],"yoast_head":"<!-- This site is optimized with the Yoast SEO plugin v27.0 - https:\/\/yoast.com\/product\/yoast-seo-wordpress\/ -->\n<title>NASIL \u00c7ALI\u015eIR? - Bipea<\/title>\n<meta name=\"robots\" content=\"index, follow, max-snippet:-1, max-image-preview:large, max-video-preview:-1\" \/>\n<link rel=\"canonical\" href=\"https:\/\/www.bipea.org\/tr\/nasil-calisir\/\" \/>\n<meta property=\"og:locale\" content=\"tr_TR\" \/>\n<meta property=\"og:type\" content=\"article\" \/>\n<meta property=\"og:title\" content=\"NASIL \u00c7ALI\u015eIR? - Bipea\" \/>\n<meta property=\"og:url\" content=\"https:\/\/www.bipea.org\/tr\/nasil-calisir\/\" \/>\n<meta property=\"og:site_name\" content=\"Bipea\" \/>\n<meta property=\"article:publisher\" content=\"https:\/\/www.facebook.com\/Bipea-Proficiency-Testing-Programs-1726595444310313\/\" \/>\n<meta property=\"article:modified_time\" content=\"2022-10-13T14:28:02+00:00\" \/>\n<meta name=\"twitter:card\" content=\"summary_large_image\" \/>\n<meta name=\"twitter:site\" content=\"@BipeaP\" \/>\n<meta name=\"twitter:label1\" content=\"Tahmini okuma s\u00fcresi\" \/>\n\t<meta name=\"twitter:data1\" content=\"3 dakika\" \/>\n<script type=\"application\/ld+json\" class=\"yoast-schema-graph\">{\"@context\":\"https:\/\/schema.org\",\"@graph\":[{\"@type\":\"WebPage\",\"@id\":\"https:\/\/www.bipea.org\/tr\/nasil-calisir\/\",\"url\":\"https:\/\/www.bipea.org\/tr\/nasil-calisir\/\",\"name\":\"NASIL \u00c7ALI\u015eIR? - Bipea\",\"isPartOf\":{\"@id\":\"https:\/\/www.bipea.org\/tr\/#website\"},\"datePublished\":\"2017-12-24T15:55:57+00:00\",\"dateModified\":\"2022-10-13T14:28:02+00:00\",\"breadcrumb\":{\"@id\":\"https:\/\/www.bipea.org\/tr\/nasil-calisir\/#breadcrumb\"},\"inLanguage\":\"tr\",\"potentialAction\":[{\"@type\":\"ReadAction\",\"target\":[\"https:\/\/www.bipea.org\/tr\/nasil-calisir\/\"]}]},{\"@type\":\"BreadcrumbList\",\"@id\":\"https:\/\/www.bipea.org\/tr\/nasil-calisir\/#breadcrumb\",\"itemListElement\":[{\"@type\":\"ListItem\",\"position\":1,\"name\":\"Accueil\",\"item\":\"https:\/\/www.bipea.org\/tr\/\"},{\"@type\":\"ListItem\",\"position\":2,\"name\":\"NASIL \u00c7ALI\u015eIR?\"}]},{\"@type\":\"WebSite\",\"@id\":\"https:\/\/www.bipea.org\/tr\/#website\",\"url\":\"https:\/\/www.bipea.org\/tr\/\",\"name\":\"Bipea\",\"description\":\"\",\"potentialAction\":[{\"@type\":\"SearchAction\",\"target\":{\"@type\":\"EntryPoint\",\"urlTemplate\":\"https:\/\/www.bipea.org\/tr\/?s={search_term_string}\"},\"query-input\":{\"@type\":\"PropertyValueSpecification\",\"valueRequired\":true,\"valueName\":\"search_term_string\"}}],\"inLanguage\":\"tr\"}]}<\/script>\n<!-- \/ Yoast SEO plugin. -->","yoast_head_json":{"title":"NASIL \u00c7ALI\u015eIR? - Bipea","robots":{"index":"index","follow":"follow","max-snippet":"max-snippet:-1","max-image-preview":"max-image-preview:large","max-video-preview":"max-video-preview:-1"},"canonical":"https:\/\/www.bipea.org\/tr\/nasil-calisir\/","og_locale":"tr_TR","og_type":"article","og_title":"NASIL \u00c7ALI\u015eIR? - Bipea","og_url":"https:\/\/www.bipea.org\/tr\/nasil-calisir\/","og_site_name":"Bipea","article_publisher":"https:\/\/www.facebook.com\/Bipea-Proficiency-Testing-Programs-1726595444310313\/","article_modified_time":"2022-10-13T14:28:02+00:00","twitter_card":"summary_large_image","twitter_site":"@BipeaP","twitter_misc":{"Tahmini okuma s\u00fcresi":"3 dakika"},"schema":{"@context":"https:\/\/schema.org","@graph":[{"@type":"WebPage","@id":"https:\/\/www.bipea.org\/tr\/nasil-calisir\/","url":"https:\/\/www.bipea.org\/tr\/nasil-calisir\/","name":"NASIL \u00c7ALI\u015eIR? - Bipea","isPartOf":{"@id":"https:\/\/www.bipea.org\/tr\/#website"},"datePublished":"2017-12-24T15:55:57+00:00","dateModified":"2022-10-13T14:28:02+00:00","breadcrumb":{"@id":"https:\/\/www.bipea.org\/tr\/nasil-calisir\/#breadcrumb"},"inLanguage":"tr","potentialAction":[{"@type":"ReadAction","target":["https:\/\/www.bipea.org\/tr\/nasil-calisir\/"]}]},{"@type":"BreadcrumbList","@id":"https:\/\/www.bipea.org\/tr\/nasil-calisir\/#breadcrumb","itemListElement":[{"@type":"ListItem","position":1,"name":"Accueil","item":"https:\/\/www.bipea.org\/tr\/"},{"@type":"ListItem","position":2,"name":"NASIL \u00c7ALI\u015eIR?"}]},{"@type":"WebSite","@id":"https:\/\/www.bipea.org\/tr\/#website","url":"https:\/\/www.bipea.org\/tr\/","name":"Bipea","description":"","potentialAction":[{"@type":"SearchAction","target":{"@type":"EntryPoint","urlTemplate":"https:\/\/www.bipea.org\/tr\/?s={search_term_string}"},"query-input":{"@type":"PropertyValueSpecification","valueRequired":true,"valueName":"search_term_string"}}],"inLanguage":"tr"}]}},"_links":{"self":[{"href":"https:\/\/www.bipea.org\/tr\/wp-json\/wp\/v2\/pages\/12786","targetHints":{"allow":["GET"]}}],"collection":[{"href":"https:\/\/www.bipea.org\/tr\/wp-json\/wp\/v2\/pages"}],"about":[{"href":"https:\/\/www.bipea.org\/tr\/wp-json\/wp\/v2\/types\/page"}],"author":[{"embeddable":true,"href":"https:\/\/www.bipea.org\/tr\/wp-json\/wp\/v2\/users\/1"}],"replies":[{"embeddable":true,"href":"https:\/\/www.bipea.org\/tr\/wp-json\/wp\/v2\/comments?post=12786"}],"version-history":[{"count":6,"href":"https:\/\/www.bipea.org\/tr\/wp-json\/wp\/v2\/pages\/12786\/revisions"}],"predecessor-version":[{"id":18825,"href":"https:\/\/www.bipea.org\/tr\/wp-json\/wp\/v2\/pages\/12786\/revisions\/18825"}],"wp:attachment":[{"href":"https:\/\/www.bipea.org\/tr\/wp-json\/wp\/v2\/media?parent=12786"}],"curies":[{"name":"wp","href":"https:\/\/api.w.org\/{rel}","templated":true}]}}