{"id":12738,"date":"2017-12-23T19:37:49","date_gmt":"2017-12-23T18:37:49","guid":{"rendered":"https:\/\/www.bipea.org\/essais-interlaboratoires-eils\/"},"modified":"2021-03-15T11:51:36","modified_gmt":"2021-03-15T10:51:36","slug":"yeterlilik-test-programlari","status":"publish","type":"page","link":"https:\/\/www.bipea.org\/tr\/yeterlilik-test-programlari\/","title":{"rendered":"YETERL\u0130L\u0130K TEST PROGRAMLARI"},"content":{"rendered":"<p><div class=\"fusion-fullwidth fullwidth-box fusion-builder-row-1 nonhundred-percent-fullwidth non-hundred-percent-height-scrolling\" style=\"--awb-border-radius-top-left:0px;--awb-border-radius-top-right:0px;--awb-border-radius-bottom-right:0px;--awb-border-radius-bottom-left:0px;--awb-flex-wrap:wrap;\" ><div class=\"fusion-builder-row fusion-row\"><div class=\"fusion-layout-column fusion_builder_column fusion-builder-column-0 fusion_builder_column_1_3 1_3 fusion-one-third fusion-column-first\" style=\"--awb-bg-size:cover;width:33.333333333333%;width:calc(33.333333333333% - ( ( 4% + 4% ) * 0.33333333333333 ) );margin-right: 4%;\"><div class=\"fusion-column-wrapper fusion-flex-column-wrapper-legacy\"><div class=\"fusion-clearfix\"><\/div><\/div><\/div><div class=\"fusion-layout-column fusion_builder_column fusion-builder-column-1 fusion_builder_column_1_3 1_3 fusion-one-third\" style=\"--awb-bg-size:cover;width:33.333333333333%;width:calc(33.333333333333% - ( ( 4% + 4% ) * 0.33333333333333 ) );margin-right: 4%;\"><div class=\"fusion-column-wrapper fusion-flex-column-wrapper-legacy\"><div class=\"fusion-clearfix\"><\/div><\/div><\/div><div class=\"fusion-layout-column fusion_builder_column fusion-builder-column-2 fusion_builder_column_1_3 1_3 fusion-one-third fusion-column-last pt-link\" style=\"--awb-bg-size:cover;width:33.333333333333%;width:calc(33.333333333333% - ( ( 4% + 4% ) * 0.33333333333333 ) );\"><div class=\"fusion-column-wrapper fusion-flex-column-wrapper-legacy\"><div class=\"fusion-text fusion-text-1\"><p class=\"font_8\" style=\"text-align: right;\"><span style=\"text-decoration: underline;\"><a href=\"https:\/\/www.bipea.org\/tr\/yeterlilik-testleri\/\" target=\"_self\" rel=\"noopener\">Yeterlilik testi nedir?<\/a><\/span><\/p>\n<p class=\"font_8\" style=\"text-align: right;\"><span style=\"text-decoration: underline;\"><a href=\"https:\/\/www.bipea.org\/tr\/dogruluk-izleme-grafikleri\/\" target=\"_self\" rel=\"noopener\">Do\u011fruluk \u0130zleme tablolar\u0131 nedir?<\/a><\/span><\/p>\n<p class=\"font_8\" style=\"text-align: right;\"><span style=\"text-decoration: underline;\"><a href=\"https:\/\/www.bipea.org\/tr\/nasil-calisir\/\" target=\"_self\" rel=\"noopener\">Nasil \u00e7ali\u015fir?<\/a><\/span><\/p>\n<p class=\"font_8\" style=\"text-align: right;\"><span style=\"text-decoration: underline;\"><a href=\"https:\/\/www.bipea.org\/tr\/kayit-sartlari-gizlilik\/\" target=\"_self\" rel=\"noopener\">CKayit \u015fartlari &amp; gizlilik<\/a><\/span><\/p>\n<\/div><div class=\"fusion-clearfix\"><\/div><\/div><\/div><\/div><\/div><div class=\"fusion-fullwidth fullwidth-box fusion-builder-row-2 nonhundred-percent-fullwidth non-hundred-percent-height-scrolling\" style=\"--awb-border-radius-top-left:0px;--awb-border-radius-top-right:0px;--awb-border-radius-bottom-right:0px;--awb-border-radius-bottom-left:0px;--awb-padding-right:0px;--awb-padding-left:0px;--awb-flex-wrap:wrap;\" ><div class=\"fusion-builder-row fusion-row\"><div class=\"fusion-layout-column fusion_builder_column fusion-builder-column-3 fusion_builder_column_1_4 1_4 fusion-one-fourth fusion-column-first box_style0\" style=\"--awb-bg-size:cover;width:25%;width:calc(25% - ( ( 4% + 4% + 4% ) * 0.25 ) );margin-right: 4%;\"><div class=\"fusion-column-wrapper fusion-flex-column-wrapper-legacy\"><div class=\"fusion-text fusion-text-2\"><p><a href=\"https:\/\/www.bipea.org\/tr\/yeterlilik-test-gida\/\"><img decoding=\"async\" class=\"alignnone size-full wp-image-12015\" src=\"https:\/\/www.bipea.org\/wp-content\/uploads\/2017\/12\/70c41a_696a0290157b4b549e9dbc211c949d87mv2.jpg\" alt=\"\" width=\"192\" height=\"124\" \/><\/a><\/p>\n<p style=\"text-align: center;\">GIDA<\/p>\n<\/div><div class=\"fusion-clearfix\"><\/div><\/div><\/div><div class=\"fusion-layout-column fusion_builder_column fusion-builder-column-4 fusion_builder_column_1_4 1_4 fusion-one-fourth box_style0\" style=\"--awb-bg-size:cover;width:25%;width:calc(25% - ( ( 4% + 4% + 4% ) * 0.25 ) );margin-right: 4%;\"><div class=\"fusion-column-wrapper fusion-flex-column-wrapper-legacy\"><div class=\"fusion-text fusion-text-3\"><p><a href=\"https:\/\/www.bipea.org\/tr\/yeterlilik-test-sular\/\"><img decoding=\"async\" class=\"alignnone wp-image-12020 size-full\" src=\"https:\/\/www.bipea.org\/wp-content\/uploads\/2017\/12\/ed62d5848631mv2.jpg\" alt=\"\" width=\"192\" height=\"124\" \/><\/a><\/p>\n<p style=\"text-align: center;\">SULAR<\/p>\n<\/div><div class=\"fusion-clearfix\"><\/div><\/div><\/div><div class=\"fusion-layout-column fusion_builder_column fusion-builder-column-5 fusion_builder_column_1_4 1_4 fusion-one-fourth box_style0\" style=\"--awb-bg-size:cover;width:25%;width:calc(25% - ( ( 4% + 4% + 4% ) * 0.25 ) );margin-right: 4%;\"><div class=\"fusion-column-wrapper fusion-flex-column-wrapper-legacy\"><div class=\"fusion-text fusion-text-4\"><p><a href=\"https:\/\/www.bipea.org\/tr\/yeterlilik-test-yemler\/\"><img decoding=\"async\" class=\"alignnone wp-image-12022 size-full\" src=\"https:\/\/www.bipea.org\/wp-content\/uploads\/2017\/12\/fe56db6862a8633c.jpg\" alt=\"\" width=\"192\" height=\"124\" \/><\/a><\/p>\n<p style=\"text-align: center;\">YEMLER<\/p>\n<\/div><div class=\"fusion-clearfix\"><\/div><\/div><\/div><div class=\"fusion-layout-column fusion_builder_column fusion-builder-column-6 fusion_builder_column_1_4 1_4 fusion-one-fourth fusion-column-last box_style0\" style=\"--awb-bg-size:cover;width:25%;width:calc(25% - ( ( 4% + 4% + 4% ) * 0.25 ) );\"><div class=\"fusion-column-wrapper fusion-flex-column-wrapper-legacy\"><div class=\"fusion-text fusion-text-5\"><p><a href=\"https:\/\/www.bipea.org\/tr\/kozmetic\"><img decoding=\"async\" class=\"alignnone wp-image-12024 size-full\" src=\"https:\/\/www.bipea.org\/wp-content\/uploads\/2017\/12\/3aaa47f4e950mv2.png\" alt=\"\" width=\"192\" height=\"124\" \/><\/a><\/p>\n<p style=\"text-align: center;\">KOZMET\u0130K<\/p>\n<\/div><div class=\"fusion-clearfix\"><\/div><\/div><\/div><div class=\"fusion-layout-column fusion_builder_column fusion-builder-column-7 fusion_builder_column_1_4 1_4 fusion-one-fourth fusion-column-first box_style0\" style=\"--awb-bg-size:cover;width:25%;width:calc(25% - ( ( 4% + 4% + 4% ) * 0.25 ) );margin-right: 4%;\"><div class=\"fusion-column-wrapper fusion-flex-column-wrapper-legacy\"><div class=\"fusion-text fusion-text-6\"><p><a href=\"https:\/\/www.bipea.org\/tr\/yeterlilik-test-icecekler\"><img decoding=\"async\" class=\"alignnone wp-image-12034 size-full\" src=\"https:\/\/www.bipea.org\/wp-content\/uploads\/2017\/12\/d_1920_1279_s_2.jpg\" alt=\"\" width=\"192\" height=\"124\" \/><\/a><\/p>\n<p style=\"text-align: center;\">\u0130\u00c7ECEKLER<\/p>\n<\/div><div class=\"fusion-clearfix\"><\/div><\/div><\/div><div class=\"fusion-layout-column fusion_builder_column fusion-builder-column-8 fusion_builder_column_1_4 1_4 fusion-one-fourth box_style0\" style=\"--awb-bg-size:cover;width:25%;width:calc(25% - ( ( 4% + 4% + 4% ) * 0.25 ) );margin-right: 4%;\"><div class=\"fusion-column-wrapper fusion-flex-column-wrapper-legacy\"><div class=\"fusion-text fusion-text-7\"><p><a href=\"https:\/\/www.bipea.org\/tr\/yeterlilik-test-toprak-gubre\"><img decoding=\"async\" class=\"alignnone wp-image-12033 size-full\" src=\"https:\/\/www.bipea.org\/wp-content\/uploads\/2017\/12\/4608_3456_s_4_2.jpg\" alt=\"\" width=\"192\" height=\"124\" \/><\/a><\/p>\n<p style=\"text-align: center;\">TOPRAK \u2013 G\u00dcBRELER&#8230;<\/p>\n<\/div><div class=\"fusion-clearfix\"><\/div><\/div><\/div><div class=\"fusion-layout-column fusion_builder_column fusion-builder-column-9 fusion_builder_column_1_4 1_4 fusion-one-fourth box_style0\" style=\"--awb-bg-size:cover;width:25%;width:calc(25% - ( ( 4% + 4% + 4% ) * 0.25 ) );margin-right: 4%;\"><div class=\"fusion-column-wrapper fusion-flex-column-wrapper-legacy\"><div class=\"fusion-text fusion-text-8\"><p><a href=\"https:\/\/www.bipea.org\/tr\/yeterlilik-test-tohum-tahillar\"><img decoding=\"async\" class=\"wp-image-12035 size-full\" src=\"https:\/\/www.bipea.org\/wp-content\/uploads\/2017\/12\/d_3000_1812_s_2.jpg\" alt=\"\" width=\"192\" height=\"124\" \/> <\/a><\/p>\n<p style=\"text-align: center;\">TOHUMLAR &amp; TAHILLAR&#8230;<\/p>\n<\/div><div class=\"fusion-clearfix\"><\/div><\/div><\/div><div class=\"fusion-layout-column fusion_builder_column fusion-builder-column-10 fusion_builder_column_1_4 1_4 fusion-one-fourth fusion-column-last box_style0\" style=\"--awb-bg-size:cover;width:25%;width:calc(25% - ( ( 4% + 4% + 4% ) * 0.25 ) );\"><div class=\"fusion-column-wrapper fusion-flex-column-wrapper-legacy\"><div class=\"fusion-text fusion-text-9\"><p><a href=\"https:\/\/www.bipea.org\/tr\/yeterlilik-test-aromalar-parfumler\"><img decoding=\"async\" class=\"alignnone wp-image-12036 size-full\" src=\"https:\/\/www.bipea.org\/wp-content\/uploads\/2017\/12\/d_1920_1313_s_2.jpg\" alt=\"\" width=\"192\" height=\"124\" \/> <\/a><\/p>\n<p style=\"text-align: center;\">LEZZET VER\u0130C\u0130LER\u2013 KOKULAR&#8230;.<\/p>\n<\/div><div class=\"fusion-clearfix\"><\/div><\/div><\/div><div class=\"fusion-layout-column fusion_builder_column fusion-builder-column-11 fusion_builder_column_1_4 1_4 fusion-one-fourth fusion-column-first box_style0\" style=\"--awb-bg-size:cover;width:25%;width:calc(25% - ( ( 4% + 4% + 4% ) * 0.25 ) );margin-right: 4%;\"><div class=\"fusion-column-wrapper fusion-flex-column-wrapper-legacy\"><div class=\"fusion-text fusion-text-10\"><p><a href=\"https:\/\/www.bipea.org\/tr\/yeterlilik-test-gdo-dna\"><img decoding=\"async\" class=\"alignnone wp-image-12038 size-full\" src=\"https:\/\/www.bipea.org\/wp-content\/uploads\/2017\/12\/bca41a9a11afmv2.jpg\" alt=\"\" width=\"192\" height=\"124\" \/> <\/a><\/p>\n<p style=\"text-align: center;\">GDO \u2013 DNA<\/p>\n<\/div><div class=\"fusion-clearfix\"><\/div><\/div><\/div><div class=\"fusion-layout-column fusion_builder_column fusion-builder-column-12 fusion_builder_column_1_4 1_4 fusion-one-fourth box_style0\" style=\"--awb-bg-size:cover;width:25%;width:calc(25% - ( ( 4% + 4% + 4% ) * 0.25 ) );margin-right: 4%;\"><div class=\"fusion-column-wrapper fusion-flex-column-wrapper-legacy\"><div class=\"fusion-text fusion-text-11\"><p><a href=\"https:\/\/www.bipea.org\/tr\/hava\"><img decoding=\"async\" class=\"alignnone wp-image-12039 size-full\" src=\"https:\/\/www.bipea.org\/wp-content\/uploads\/2017\/12\/d_1920_1437_s_2.jpg\" alt=\"\" width=\"192\" height=\"124\" \/> <\/a><\/p>\n<p style=\"text-align: center;\">HAVA<\/p>\n<\/div><div class=\"fusion-clearfix\"><\/div><\/div><\/div><div class=\"fusion-layout-column fusion_builder_column fusion-builder-column-13 fusion_builder_column_1_4 1_4 fusion-one-fourth box_style0\" style=\"--awb-bg-size:cover;width:25%;width:calc(25% - ( ( 4% + 4% + 4% ) * 0.25 ) );margin-right: 4%;\"><div class=\"fusion-column-wrapper fusion-flex-column-wrapper-legacy\"><div class=\"fusion-text fusion-text-12\"><p><a href=\"https:\/\/www.bipea.org\/tr\/yeterlilik-test-unlar\"><img decoding=\"async\" class=\"alignnone wp-image-12040 size-full\" src=\"https:\/\/www.bipea.org\/wp-content\/uploads\/2017\/12\/d085cf406b2cmv2.jpg\" alt=\"\" width=\"192\" height=\"124\" \/><\/a><\/p>\n<p style=\"text-align: center;\">UNLAR<\/p>\n<\/div><div class=\"fusion-clearfix\"><\/div><\/div><\/div><div class=\"fusion-layout-column fusion_builder_column fusion-builder-column-14 fusion_builder_column_1_4 1_4 fusion-one-fourth fusion-column-last box_style0\" style=\"--awb-bg-size:cover;width:25%;width:calc(25% - ( ( 4% + 4% + 4% ) * 0.25 ) );\"><div class=\"fusion-column-wrapper fusion-flex-column-wrapper-legacy\"><div class=\"fusion-text fusion-text-13\"><p><a href=\"https:\/\/www.bipea.org\/tr\/yeterlilik-test-programlari-farmasotik-saha\/\"><img decoding=\"async\" class=\"alignnone size-full wp-image-15959\" src=\"https:\/\/www.bipea.org\/wp-content\/uploads\/2020\/10\/pharma1.jpg\" alt=\"\" width=\"192\" height=\"124\" \/><\/a><\/p>\n<p style=\"text-align: center;\">FARMAS\u00d6T\u0130K SAHA<\/p>\n<\/div><div class=\"fusion-clearfix\"><\/div><\/div><\/div><div class=\"fusion-layout-column fusion_builder_column fusion-builder-column-15 fusion_builder_column_1_4 1_4 fusion-one-fourth fusion-column-first box_style0\" style=\"--awb-bg-size:cover;width:25%;width:calc(25% - ( ( 4% + 4% + 4% ) * 0.25 ) );margin-right: 4%;\"><div class=\"fusion-column-wrapper fusion-flex-column-wrapper-legacy\"><div class=\"fusion-text fusion-text-14\"><p><a href=\"https:\/\/www.bipea.org\/tr\/yeterlilik-test-programlari-hijyen\/\"><img decoding=\"async\" class=\"alignnone size-full wp-image-15967\" src=\"https:\/\/www.bipea.org\/wp-content\/uploads\/2020\/10\/ECOUVILLON1.jpg\" alt=\"\" width=\"192\" height=\"124\" \/><\/a><\/p>\n<p style=\"text-align: center;\">H\u0130JYEN<\/p>\n<\/div><div class=\"fusion-clearfix\"><\/div><\/div><\/div><div class=\"fusion-layout-column fusion_builder_column fusion-builder-column-16 fusion_builder_column_1_4 1_4 fusion-one-fourth\" style=\"--awb-bg-size:cover;width:25%;width:calc(25% - ( ( 4% + 4% + 4% ) * 0.25 ) );margin-right: 4%;\"><div class=\"fusion-column-wrapper fusion-flex-column-wrapper-legacy\"><div class=\"fusion-text fusion-text-15\"><p><a href=\"https:\/\/extranet.bipea.org\/documents\/information\/GB\/Proficiency-testing-catalogue.pdf\" target=\"blank_\" rel=\"noopener\"><img decoding=\"async\" class=\"wp-image-12041 size-full aligncenter\" style=\"margin-top: 25px;\" src=\"https:\/\/www.bipea.org\/wp-content\/uploads\/2017\/12\/d762a10715e2mv2.png\" alt=\"\" width=\"106\" height=\"104\" srcset=\"https:\/\/www.bipea.org\/wp-content\/uploads\/2017\/12\/d762a10715e2mv2-66x66.png 66w, https:\/\/www.bipea.org\/wp-content\/uploads\/2017\/12\/d762a10715e2mv2.png 106w\" sizes=\"(max-width: 106px) 100vw, 106px\" \/><\/a><\/p>\n<p style=\"text-align: center;\">YT Katalo\u011fumuzu indirin<\/p>\n<\/div><div class=\"fusion-clearfix\"><\/div><\/div><\/div><div class=\"fusion-layout-column fusion_builder_column fusion-builder-column-17 fusion_builder_column_1_4 1_4 fusion-one-fourth\" style=\"--awb-bg-size:cover;width:25%;width:calc(25% - ( ( 4% + 4% + 4% ) * 0.25 ) );margin-right: 4%;\"><div class=\"fusion-column-wrapper fusion-flex-column-wrapper-legacy\"><div class=\"fusion-text fusion-text-16\"><\/div><div class=\"fusion-clearfix\"><\/div><\/div><\/div><div class=\"fusion-layout-column fusion_builder_column fusion-builder-column-18 fusion_builder_column_1_4 1_4 fusion-one-fourth fusion-column-last\" style=\"--awb-bg-size:cover;width:25%;width:calc(25% - ( ( 4% + 4% + 4% ) * 0.25 ) );\"><div class=\"fusion-column-wrapper fusion-flex-column-wrapper-legacy\"><div class=\"fusion-text fusion-text-17\"><\/div><div class=\"fusion-clearfix\"><\/div><\/div><\/div><\/div><\/div><\/p>\n","protected":false},"excerpt":{"rendered":"","protected":false},"author":1,"featured_media":0,"parent":0,"menu_order":0,"comment_status":"closed","ping_status":"closed","template":"","meta":{"footnotes":""},"class_list":["post-12738","page","type-page","status-publish","hentry"],"yoast_head":"<!-- This site is optimized with the Yoast SEO plugin v27.0 - https:\/\/yoast.com\/product\/yoast-seo-wordpress\/ -->\n<title>YETERL\u0130L\u0130K TEST PROGRAMLARI - Bipea<\/title>\n<meta name=\"robots\" content=\"index, follow, max-snippet:-1, max-image-preview:large, max-video-preview:-1\" \/>\n<link rel=\"canonical\" href=\"https:\/\/www.bipea.org\/tr\/yeterlilik-test-programlari\/\" \/>\n<meta property=\"og:locale\" content=\"tr_TR\" \/>\n<meta property=\"og:type\" content=\"article\" \/>\n<meta property=\"og:title\" content=\"YETERL\u0130L\u0130K TEST PROGRAMLARI - Bipea\" \/>\n<meta property=\"og:url\" content=\"https:\/\/www.bipea.org\/tr\/yeterlilik-test-programlari\/\" \/>\n<meta property=\"og:site_name\" content=\"Bipea\" \/>\n<meta property=\"article:publisher\" content=\"https:\/\/www.facebook.com\/Bipea-Proficiency-Testing-Programs-1726595444310313\/\" \/>\n<meta property=\"article:modified_time\" content=\"2021-03-15T10:51:36+00:00\" \/>\n<meta property=\"og:image\" content=\"https:\/\/www.bipea.org\/wp-content\/uploads\/2017\/12\/70c41a_696a0290157b4b549e9dbc211c949d87mv2.jpg\" \/>\n<meta name=\"twitter:card\" content=\"summary_large_image\" \/>\n<meta name=\"twitter:site\" content=\"@BipeaP\" \/>\n<meta name=\"twitter:label1\" content=\"Tahmini okuma s\u00fcresi\" \/>\n\t<meta name=\"twitter:data1\" content=\"11 dakika\" \/>\n<script type=\"application\/ld+json\" class=\"yoast-schema-graph\">{\"@context\":\"https:\/\/schema.org\",\"@graph\":[{\"@type\":\"WebPage\",\"@id\":\"https:\/\/www.bipea.org\/tr\/yeterlilik-test-programlari\/\",\"url\":\"https:\/\/www.bipea.org\/tr\/yeterlilik-test-programlari\/\",\"name\":\"YETERL\u0130L\u0130K TEST PROGRAMLARI - Bipea\",\"isPartOf\":{\"@id\":\"https:\/\/www.bipea.org\/tr\/#website\"},\"primaryImageOfPage\":{\"@id\":\"https:\/\/www.bipea.org\/tr\/yeterlilik-test-programlari\/#primaryimage\"},\"image\":{\"@id\":\"https:\/\/www.bipea.org\/tr\/yeterlilik-test-programlari\/#primaryimage\"},\"thumbnailUrl\":\"https:\/\/www.bipea.org\/wp-content\/uploads\/2017\/12\/70c41a_696a0290157b4b549e9dbc211c949d87mv2.jpg\",\"datePublished\":\"2017-12-23T18:37:49+00:00\",\"dateModified\":\"2021-03-15T10:51:36+00:00\",\"breadcrumb\":{\"@id\":\"https:\/\/www.bipea.org\/tr\/yeterlilik-test-programlari\/#breadcrumb\"},\"inLanguage\":\"tr\",\"potentialAction\":[{\"@type\":\"ReadAction\",\"target\":[\"https:\/\/www.bipea.org\/tr\/yeterlilik-test-programlari\/\"]}]},{\"@type\":\"ImageObject\",\"inLanguage\":\"tr\",\"@id\":\"https:\/\/www.bipea.org\/tr\/yeterlilik-test-programlari\/#primaryimage\",\"url\":\"https:\/\/www.bipea.org\/wp-content\/uploads\/2017\/12\/70c41a_696a0290157b4b549e9dbc211c949d87mv2.jpg\",\"contentUrl\":\"https:\/\/www.bipea.org\/wp-content\/uploads\/2017\/12\/70c41a_696a0290157b4b549e9dbc211c949d87mv2.jpg\"},{\"@type\":\"BreadcrumbList\",\"@id\":\"https:\/\/www.bipea.org\/tr\/yeterlilik-test-programlari\/#breadcrumb\",\"itemListElement\":[{\"@type\":\"ListItem\",\"position\":1,\"name\":\"Accueil\",\"item\":\"https:\/\/www.bipea.org\/tr\/\"},{\"@type\":\"ListItem\",\"position\":2,\"name\":\"YETERL\u0130L\u0130K TEST PROGRAMLARI\"}]},{\"@type\":\"WebSite\",\"@id\":\"https:\/\/www.bipea.org\/tr\/#website\",\"url\":\"https:\/\/www.bipea.org\/tr\/\",\"name\":\"Bipea\",\"description\":\"\",\"potentialAction\":[{\"@type\":\"SearchAction\",\"target\":{\"@type\":\"EntryPoint\",\"urlTemplate\":\"https:\/\/www.bipea.org\/tr\/?s={search_term_string}\"},\"query-input\":{\"@type\":\"PropertyValueSpecification\",\"valueRequired\":true,\"valueName\":\"search_term_string\"}}],\"inLanguage\":\"tr\"}]}<\/script>\n<!-- \/ Yoast SEO plugin. -->","yoast_head_json":{"title":"YETERL\u0130L\u0130K TEST PROGRAMLARI - Bipea","robots":{"index":"index","follow":"follow","max-snippet":"max-snippet:-1","max-image-preview":"max-image-preview:large","max-video-preview":"max-video-preview:-1"},"canonical":"https:\/\/www.bipea.org\/tr\/yeterlilik-test-programlari\/","og_locale":"tr_TR","og_type":"article","og_title":"YETERL\u0130L\u0130K TEST PROGRAMLARI - Bipea","og_url":"https:\/\/www.bipea.org\/tr\/yeterlilik-test-programlari\/","og_site_name":"Bipea","article_publisher":"https:\/\/www.facebook.com\/Bipea-Proficiency-Testing-Programs-1726595444310313\/","article_modified_time":"2021-03-15T10:51:36+00:00","og_image":[{"url":"https:\/\/www.bipea.org\/wp-content\/uploads\/2017\/12\/70c41a_696a0290157b4b549e9dbc211c949d87mv2.jpg","type":"","width":"","height":""}],"twitter_card":"summary_large_image","twitter_site":"@BipeaP","twitter_misc":{"Tahmini okuma s\u00fcresi":"11 dakika"},"schema":{"@context":"https:\/\/schema.org","@graph":[{"@type":"WebPage","@id":"https:\/\/www.bipea.org\/tr\/yeterlilik-test-programlari\/","url":"https:\/\/www.bipea.org\/tr\/yeterlilik-test-programlari\/","name":"YETERL\u0130L\u0130K TEST PROGRAMLARI - Bipea","isPartOf":{"@id":"https:\/\/www.bipea.org\/tr\/#website"},"primaryImageOfPage":{"@id":"https:\/\/www.bipea.org\/tr\/yeterlilik-test-programlari\/#primaryimage"},"image":{"@id":"https:\/\/www.bipea.org\/tr\/yeterlilik-test-programlari\/#primaryimage"},"thumbnailUrl":"https:\/\/www.bipea.org\/wp-content\/uploads\/2017\/12\/70c41a_696a0290157b4b549e9dbc211c949d87mv2.jpg","datePublished":"2017-12-23T18:37:49+00:00","dateModified":"2021-03-15T10:51:36+00:00","breadcrumb":{"@id":"https:\/\/www.bipea.org\/tr\/yeterlilik-test-programlari\/#breadcrumb"},"inLanguage":"tr","potentialAction":[{"@type":"ReadAction","target":["https:\/\/www.bipea.org\/tr\/yeterlilik-test-programlari\/"]}]},{"@type":"ImageObject","inLanguage":"tr","@id":"https:\/\/www.bipea.org\/tr\/yeterlilik-test-programlari\/#primaryimage","url":"https:\/\/www.bipea.org\/wp-content\/uploads\/2017\/12\/70c41a_696a0290157b4b549e9dbc211c949d87mv2.jpg","contentUrl":"https:\/\/www.bipea.org\/wp-content\/uploads\/2017\/12\/70c41a_696a0290157b4b549e9dbc211c949d87mv2.jpg"},{"@type":"BreadcrumbList","@id":"https:\/\/www.bipea.org\/tr\/yeterlilik-test-programlari\/#breadcrumb","itemListElement":[{"@type":"ListItem","position":1,"name":"Accueil","item":"https:\/\/www.bipea.org\/tr\/"},{"@type":"ListItem","position":2,"name":"YETERL\u0130L\u0130K TEST PROGRAMLARI"}]},{"@type":"WebSite","@id":"https:\/\/www.bipea.org\/tr\/#website","url":"https:\/\/www.bipea.org\/tr\/","name":"Bipea","description":"","potentialAction":[{"@type":"SearchAction","target":{"@type":"EntryPoint","urlTemplate":"https:\/\/www.bipea.org\/tr\/?s={search_term_string}"},"query-input":{"@type":"PropertyValueSpecification","valueRequired":true,"valueName":"search_term_string"}}],"inLanguage":"tr"}]}},"_links":{"self":[{"href":"https:\/\/www.bipea.org\/tr\/wp-json\/wp\/v2\/pages\/12738","targetHints":{"allow":["GET"]}}],"collection":[{"href":"https:\/\/www.bipea.org\/tr\/wp-json\/wp\/v2\/pages"}],"about":[{"href":"https:\/\/www.bipea.org\/tr\/wp-json\/wp\/v2\/types\/page"}],"author":[{"embeddable":true,"href":"https:\/\/www.bipea.org\/tr\/wp-json\/wp\/v2\/users\/1"}],"replies":[{"embeddable":true,"href":"https:\/\/www.bipea.org\/tr\/wp-json\/wp\/v2\/comments?post=12738"}],"version-history":[{"count":16,"href":"https:\/\/www.bipea.org\/tr\/wp-json\/wp\/v2\/pages\/12738\/revisions"}],"predecessor-version":[{"id":16278,"href":"https:\/\/www.bipea.org\/tr\/wp-json\/wp\/v2\/pages\/12738\/revisions\/16278"}],"wp:attachment":[{"href":"https:\/\/www.bipea.org\/tr\/wp-json\/wp\/v2\/media?parent=12738"}],"curies":[{"name":"wp","href":"https:\/\/api.w.org\/{rel}","templated":true}]}}