{"id":12733,"date":"2017-12-21T20:07:39","date_gmt":"2017-12-21T19:07:39","guid":{"rendered":"https:\/\/www.bipea.org\/downloading\/"},"modified":"2018-01-01T21:26:23","modified_gmt":"2018-01-01T20:26:23","slug":"indir","status":"publish","type":"page","link":"https:\/\/www.bipea.org\/tr\/indir\/","title":{"rendered":"INDIR"},"content":{"rendered":"<p class=\"font_8\" style=\"font-size: 20px;\"><a href=\"https:\/\/extranet.bipea.org\/documents\/information\/GB\/Proficiency-testing-catalogue.pdf\" target=\"_blank\" rel=\"noopener\" data-content=\"https:\/\/extranet.bipea.org\/documents\/information\/GB\/Proficiency-testing-catalogue.pdf\" data-type=\"external\"><span style=\"font-size: 20px;\"><span style=\"color: #0076b3;\"><span style=\"text-decoration: underline;\">YT katalo\u011fu<\/span><\/span><\/span><\/a><\/p>\n<p class=\"font_8\" style=\"font-size: 20px;\"><a href=\"https:\/\/extranet.bipea.org\/documents\/information\/GB\/Protocole-PTS.pdf\" target=\"_blank\" rel=\"noopener\" data-content=\"https:\/\/extranet.bipea.org\/documents\/information\/GB\/Protocole-PTS.pdf\" data-type=\"external\"><span style=\"font-size: 20px;\"><span style=\"color: #0076b3;\"><span style=\"text-decoration: underline;\">YT protokol tasar\u0131m\u0131<\/span><\/span><\/span><\/a><\/p>\n<p class=\"font_8\" style=\"font-size: 20px;\"><a href=\"https:\/\/extranet.bipea.org\/documents\/information\/GB\/Standard-terms.pdf\" target=\"_blank\" rel=\"noopener\" data-content=\"https:\/\/extranet.bipea.org\/documents\/information\/GB\/Standard-terms.pdf\" data-type=\"external\"><span style=\"font-size: 20px;\"><span style=\"color: #0076b3;\"><span style=\"text-decoration: underline;\">Standart kay\u0131t ve \u015fartlar<\/span><\/span><\/span><\/a><\/p>\n","protected":false},"excerpt":{"rendered":"<p>YT katalo\u011fu YT protokol tasar\u0131m\u0131 Standart kay\u0131t ve \u015fartlar<\/p>\n","protected":false},"author":1,"featured_media":0,"parent":0,"menu_order":0,"comment_status":"closed","ping_status":"closed","template":"","meta":{"footnotes":""},"class_list":["post-12733","page","type-page","status-publish","hentry"],"yoast_head":"<!-- This site is optimized with the Yoast SEO plugin v27.0 - https:\/\/yoast.com\/product\/yoast-seo-wordpress\/ -->\n<title>INDIR - Bipea<\/title>\n<meta name=\"robots\" content=\"index, follow, max-snippet:-1, max-image-preview:large, max-video-preview:-1\" \/>\n<link rel=\"canonical\" href=\"https:\/\/www.bipea.org\/tr\/indir\/\" \/>\n<meta property=\"og:locale\" content=\"tr_TR\" \/>\n<meta property=\"og:type\" content=\"article\" \/>\n<meta property=\"og:title\" content=\"INDIR - Bipea\" \/>\n<meta property=\"og:description\" content=\"YT katalo\u011fu YT protokol tasar\u0131m\u0131 Standart kay\u0131t ve \u015fartlar\" \/>\n<meta property=\"og:url\" content=\"https:\/\/www.bipea.org\/tr\/indir\/\" \/>\n<meta property=\"og:site_name\" content=\"Bipea\" \/>\n<meta property=\"article:publisher\" content=\"https:\/\/www.facebook.com\/Bipea-Proficiency-Testing-Programs-1726595444310313\/\" \/>\n<meta property=\"article:modified_time\" content=\"2018-01-01T20:26:23+00:00\" \/>\n<meta name=\"twitter:card\" content=\"summary_large_image\" \/>\n<meta name=\"twitter:site\" content=\"@BipeaP\" \/>\n<script type=\"application\/ld+json\" class=\"yoast-schema-graph\">{\"@context\":\"https:\/\/schema.org\",\"@graph\":[{\"@type\":\"WebPage\",\"@id\":\"https:\/\/www.bipea.org\/tr\/indir\/\",\"url\":\"https:\/\/www.bipea.org\/tr\/indir\/\",\"name\":\"INDIR - Bipea\",\"isPartOf\":{\"@id\":\"https:\/\/www.bipea.org\/tr\/#website\"},\"datePublished\":\"2017-12-21T19:07:39+00:00\",\"dateModified\":\"2018-01-01T20:26:23+00:00\",\"breadcrumb\":{\"@id\":\"https:\/\/www.bipea.org\/tr\/indir\/#breadcrumb\"},\"inLanguage\":\"tr\",\"potentialAction\":[{\"@type\":\"ReadAction\",\"target\":[\"https:\/\/www.bipea.org\/tr\/indir\/\"]}]},{\"@type\":\"BreadcrumbList\",\"@id\":\"https:\/\/www.bipea.org\/tr\/indir\/#breadcrumb\",\"itemListElement\":[{\"@type\":\"ListItem\",\"position\":1,\"name\":\"Accueil\",\"item\":\"https:\/\/www.bipea.org\/tr\/\"},{\"@type\":\"ListItem\",\"position\":2,\"name\":\"INDIR\"}]},{\"@type\":\"WebSite\",\"@id\":\"https:\/\/www.bipea.org\/tr\/#website\",\"url\":\"https:\/\/www.bipea.org\/tr\/\",\"name\":\"Bipea\",\"description\":\"\",\"potentialAction\":[{\"@type\":\"SearchAction\",\"target\":{\"@type\":\"EntryPoint\",\"urlTemplate\":\"https:\/\/www.bipea.org\/tr\/?s={search_term_string}\"},\"query-input\":{\"@type\":\"PropertyValueSpecification\",\"valueRequired\":true,\"valueName\":\"search_term_string\"}}],\"inLanguage\":\"tr\"}]}<\/script>\n<!-- \/ Yoast SEO plugin. -->","yoast_head_json":{"title":"INDIR - Bipea","robots":{"index":"index","follow":"follow","max-snippet":"max-snippet:-1","max-image-preview":"max-image-preview:large","max-video-preview":"max-video-preview:-1"},"canonical":"https:\/\/www.bipea.org\/tr\/indir\/","og_locale":"tr_TR","og_type":"article","og_title":"INDIR - Bipea","og_description":"YT katalo\u011fu YT protokol tasar\u0131m\u0131 Standart kay\u0131t ve \u015fartlar","og_url":"https:\/\/www.bipea.org\/tr\/indir\/","og_site_name":"Bipea","article_publisher":"https:\/\/www.facebook.com\/Bipea-Proficiency-Testing-Programs-1726595444310313\/","article_modified_time":"2018-01-01T20:26:23+00:00","twitter_card":"summary_large_image","twitter_site":"@BipeaP","schema":{"@context":"https:\/\/schema.org","@graph":[{"@type":"WebPage","@id":"https:\/\/www.bipea.org\/tr\/indir\/","url":"https:\/\/www.bipea.org\/tr\/indir\/","name":"INDIR - Bipea","isPartOf":{"@id":"https:\/\/www.bipea.org\/tr\/#website"},"datePublished":"2017-12-21T19:07:39+00:00","dateModified":"2018-01-01T20:26:23+00:00","breadcrumb":{"@id":"https:\/\/www.bipea.org\/tr\/indir\/#breadcrumb"},"inLanguage":"tr","potentialAction":[{"@type":"ReadAction","target":["https:\/\/www.bipea.org\/tr\/indir\/"]}]},{"@type":"BreadcrumbList","@id":"https:\/\/www.bipea.org\/tr\/indir\/#breadcrumb","itemListElement":[{"@type":"ListItem","position":1,"name":"Accueil","item":"https:\/\/www.bipea.org\/tr\/"},{"@type":"ListItem","position":2,"name":"INDIR"}]},{"@type":"WebSite","@id":"https:\/\/www.bipea.org\/tr\/#website","url":"https:\/\/www.bipea.org\/tr\/","name":"Bipea","description":"","potentialAction":[{"@type":"SearchAction","target":{"@type":"EntryPoint","urlTemplate":"https:\/\/www.bipea.org\/tr\/?s={search_term_string}"},"query-input":{"@type":"PropertyValueSpecification","valueRequired":true,"valueName":"search_term_string"}}],"inLanguage":"tr"}]}},"_links":{"self":[{"href":"https:\/\/www.bipea.org\/tr\/wp-json\/wp\/v2\/pages\/12733","targetHints":{"allow":["GET"]}}],"collection":[{"href":"https:\/\/www.bipea.org\/tr\/wp-json\/wp\/v2\/pages"}],"about":[{"href":"https:\/\/www.bipea.org\/tr\/wp-json\/wp\/v2\/types\/page"}],"author":[{"embeddable":true,"href":"https:\/\/www.bipea.org\/tr\/wp-json\/wp\/v2\/users\/1"}],"replies":[{"embeddable":true,"href":"https:\/\/www.bipea.org\/tr\/wp-json\/wp\/v2\/comments?post=12733"}],"version-history":[{"count":1,"href":"https:\/\/www.bipea.org\/tr\/wp-json\/wp\/v2\/pages\/12733\/revisions"}],"predecessor-version":[{"id":12734,"href":"https:\/\/www.bipea.org\/tr\/wp-json\/wp\/v2\/pages\/12733\/revisions\/12734"}],"wp:attachment":[{"href":"https:\/\/www.bipea.org\/tr\/wp-json\/wp\/v2\/media?parent=12733"}],"curies":[{"name":"wp","href":"https:\/\/api.w.org\/{rel}","templated":true}]}}