{"id":12717,"date":"2017-12-24T18:03:52","date_gmt":"2017-12-24T17:03:52","guid":{"rendered":"https:\/\/www.bipea.org\/technical-agreement\/"},"modified":"2022-10-13T14:38:30","modified_gmt":"2022-10-13T12:38:30","slug":"teknik-anlasma","status":"publish","type":"page","link":"https:\/\/www.bipea.org\/tr\/teknik-anlasma\/","title":{"rendered":"TEKN\u0130K ANLA\u015eMA"},"content":{"rendered":"<p class=\"font_8\" style=\"text-align: justify;\"><strong><span style=\"color: #0076b3; font-size: 14pt;\">TEKN\u0130K KONTROL, TEKN\u0130K ONAY NED\u0130R ?<\/span><\/strong><\/p>\n<p class=\"font_8\" style=\"text-align: justify;\">\n<p class=\"font_8\" style=\"text-align: justify;\"><span style=\"font-size: 14pt;\">Teknik controller BIPEA ve bir kurum (Bakanl\u0131k, resmi veya mesleki bir kurulu\u015f vb) aras\u0131nda imzalanan teknik bir onay veren bir anla\u015fmad\u0131r.<\/span><\/p>\n<p class=\"font_8\" style=\"text-align: justify;\">\n<p class=\"font_8\" style=\"text-align: justify;\"><span style=\"font-size: 14pt;\">Bir teknik onay, laboratuvar\u0131n \u00e7al\u0131\u015fmalar\u0131 i\u00e7in bu kurum taraf\u0131ndan yetkili k\u0131l\u0131nmas\u0131d\u0131r.<\/span><\/p>\n<p class=\"font_8\" style=\"text-align: justify;\"><span style=\"font-size: 14pt;\">BIPEA bir laboratuvar\u0131 sertifikaland\u0131rmaz ya da tavsiye etmez. Yaln\u0131zca teknik destek sa\u011flar.<\/span><\/p>\n<p class=\"font_8\" style=\"text-align: justify;\"><span style=\"font-size: 14pt;\">Sertifikaland\u0131ran kurulu\u015f laboratuvara onay verme hakk\u0131n\u0131 sakl\u0131 tutar.<\/span><\/p>\n<p class=\"font_8\" style=\"text-align: justify;\">\n<p class=\"font_8\" style=\"text-align: justify;\"><span style=\"font-size: 14pt;\">Sonu\u00e7lar bir uzman grubu tarfa\u0131ndan de\u011ferlendirildikten sonra, her laboratuvara a\u015fa\u011f\u0131daki konularda teknik bir fikir iletiriz.<\/span><\/p>\n<ul class=\"font_8\" style=\"text-align: justify;\">\n<li>\n<p class=\"font_8\"><span style=\"font-size: 14pt;\">YT programlar\u0131na d\u00fczenli kat\u0131lmalar\u0131,<\/span><\/p>\n<\/li>\n<li>\n<p class=\"font_8\"><span style=\"font-size: 14pt;\">Performanslar\u0131n\u0131n de\u011ferlendirilmesi,<\/span><\/p>\n<\/li>\n<li>\n<p class=\"font_8\"><span style=\"font-size: 14pt;\">Laboratuvar\u0131 ziyaret.<\/span><\/p>\n<\/li>\n<\/ul>\n<p class=\"font_8\" style=\"text-align: justify;\">\n<p class=\"font_8\" style=\"text-align: justify;\"><span style=\"font-size: 14pt;\">BIPEA isteyen laboratuvarlara teknik e\u011fitim toplant\u0131lar\u0131 ve soru cevap anketleriyle teknik destek sa\u011flayabilmektedir.<\/span><\/p>\n<p class=\"font_8\" style=\"text-align: justify;\"><span class=\"wixGuard\" style=\"font-size: 14pt;\">\u200b<\/span><\/p>\n<p><span style=\"font-size: 14pt;\"><a class=\"more-link\" href=\"https:\/\/www.bipea.org\/wp-content\/uploads\/2018\/01\/70c41a_54d26982dfe24739968dc98311434e37.pdf\" target=\"blank_\" rel=\"noopener\">Daha Fazlas\u0131\u2026\u2026<\/a><\/span><\/p>\n<p class=\"font_8\" style=\"text-align: justify;\"><span class=\"wixGuard\" style=\"font-size: 14pt;\">\u200b<\/span><\/p>\n<p class=\"font_8\" style=\"text-align: justify;\">\n<p class=\"font_8\" style=\"text-align: justify;\"><span style=\"font-size: 14pt;\">Daha fazla bilgi i\u00e7in bilimsel ve teknik b\u00f6l\u00fcmlerimizle temasa ge\u00e7ebilirsiniz: <object width=\"300\" height=\"0\"><a class=\"auto-generated-link\" href=\"mailto:scientifique@bipea.org\">scientifique@bipea.org<\/a><\/object><\/span><\/p>\n","protected":false},"excerpt":{"rendered":"<p>TEKN\u0130K KONTROL, TEKN\u0130K ONAY NED\u0130R ? Teknik controller BIPEA ve bir kurum (Bakanl\u0131k, resmi veya mesleki bir kurulu\u015f vb) aras\u0131nda imzalanan teknik bir onay veren bir anla\u015fmad\u0131r. Bir teknik onay, laboratuvar\u0131n \u00e7al\u0131\u015fmalar\u0131 i\u00e7in bu kurum taraf\u0131ndan yetkili k\u0131l\u0131nmas\u0131d\u0131r. BIPEA bir laboratuvar\u0131 sertifikaland\u0131rmaz ya da tavsiye etmez. Yaln\u0131zca teknik destek sa\u011flar. Sertifikaland\u0131ran kurulu\u015f laboratuvara onay verme hakk\u0131n\u0131 [&hellip;]<\/p>\n","protected":false},"author":1,"featured_media":0,"parent":0,"menu_order":0,"comment_status":"closed","ping_status":"closed","template":"","meta":{"footnotes":""},"class_list":["post-12717","page","type-page","status-publish","hentry"],"yoast_head":"<!-- This site is optimized with the Yoast SEO plugin v27.0 - https:\/\/yoast.com\/product\/yoast-seo-wordpress\/ -->\n<title>TEKN\u0130K ANLA\u015eMA - Bipea<\/title>\n<meta name=\"robots\" content=\"index, follow, max-snippet:-1, max-image-preview:large, max-video-preview:-1\" \/>\n<link rel=\"canonical\" href=\"https:\/\/www.bipea.org\/tr\/teknik-anlasma\/\" \/>\n<meta property=\"og:locale\" content=\"tr_TR\" \/>\n<meta property=\"og:type\" content=\"article\" \/>\n<meta property=\"og:title\" content=\"TEKN\u0130K ANLA\u015eMA - Bipea\" \/>\n<meta property=\"og:description\" content=\"TEKN\u0130K KONTROL, TEKN\u0130K ONAY NED\u0130R ? Teknik controller BIPEA ve bir kurum (Bakanl\u0131k, resmi veya mesleki bir kurulu\u015f vb) aras\u0131nda imzalanan teknik bir onay veren bir anla\u015fmad\u0131r. Bir teknik onay, laboratuvar\u0131n \u00e7al\u0131\u015fmalar\u0131 i\u00e7in bu kurum taraf\u0131ndan yetkili k\u0131l\u0131nmas\u0131d\u0131r. BIPEA bir laboratuvar\u0131 sertifikaland\u0131rmaz ya da tavsiye etmez. Yaln\u0131zca teknik destek sa\u011flar. Sertifikaland\u0131ran kurulu\u015f laboratuvara onay verme hakk\u0131n\u0131 [&hellip;]\" \/>\n<meta property=\"og:url\" content=\"https:\/\/www.bipea.org\/tr\/teknik-anlasma\/\" \/>\n<meta property=\"og:site_name\" content=\"Bipea\" \/>\n<meta property=\"article:publisher\" content=\"https:\/\/www.facebook.com\/Bipea-Proficiency-Testing-Programs-1726595444310313\/\" \/>\n<meta property=\"article:modified_time\" content=\"2022-10-13T12:38:30+00:00\" \/>\n<meta name=\"twitter:card\" content=\"summary_large_image\" \/>\n<meta name=\"twitter:site\" content=\"@BipeaP\" \/>\n<meta name=\"twitter:label1\" content=\"Tahmini okuma s\u00fcresi\" \/>\n\t<meta name=\"twitter:data1\" content=\"1 dakika\" \/>\n<script type=\"application\/ld+json\" class=\"yoast-schema-graph\">{\"@context\":\"https:\/\/schema.org\",\"@graph\":[{\"@type\":\"WebPage\",\"@id\":\"https:\/\/www.bipea.org\/tr\/teknik-anlasma\/\",\"url\":\"https:\/\/www.bipea.org\/tr\/teknik-anlasma\/\",\"name\":\"TEKN\u0130K ANLA\u015eMA - Bipea\",\"isPartOf\":{\"@id\":\"https:\/\/www.bipea.org\/tr\/#website\"},\"datePublished\":\"2017-12-24T17:03:52+00:00\",\"dateModified\":\"2022-10-13T12:38:30+00:00\",\"breadcrumb\":{\"@id\":\"https:\/\/www.bipea.org\/tr\/teknik-anlasma\/#breadcrumb\"},\"inLanguage\":\"tr\",\"potentialAction\":[{\"@type\":\"ReadAction\",\"target\":[\"https:\/\/www.bipea.org\/tr\/teknik-anlasma\/\"]}]},{\"@type\":\"BreadcrumbList\",\"@id\":\"https:\/\/www.bipea.org\/tr\/teknik-anlasma\/#breadcrumb\",\"itemListElement\":[{\"@type\":\"ListItem\",\"position\":1,\"name\":\"Accueil\",\"item\":\"https:\/\/www.bipea.org\/tr\/\"},{\"@type\":\"ListItem\",\"position\":2,\"name\":\"TEKN\u0130K ANLA\u015eMA\"}]},{\"@type\":\"WebSite\",\"@id\":\"https:\/\/www.bipea.org\/tr\/#website\",\"url\":\"https:\/\/www.bipea.org\/tr\/\",\"name\":\"Bipea\",\"description\":\"\",\"potentialAction\":[{\"@type\":\"SearchAction\",\"target\":{\"@type\":\"EntryPoint\",\"urlTemplate\":\"https:\/\/www.bipea.org\/tr\/?s={search_term_string}\"},\"query-input\":{\"@type\":\"PropertyValueSpecification\",\"valueRequired\":true,\"valueName\":\"search_term_string\"}}],\"inLanguage\":\"tr\"}]}<\/script>\n<!-- \/ Yoast SEO plugin. -->","yoast_head_json":{"title":"TEKN\u0130K ANLA\u015eMA - Bipea","robots":{"index":"index","follow":"follow","max-snippet":"max-snippet:-1","max-image-preview":"max-image-preview:large","max-video-preview":"max-video-preview:-1"},"canonical":"https:\/\/www.bipea.org\/tr\/teknik-anlasma\/","og_locale":"tr_TR","og_type":"article","og_title":"TEKN\u0130K ANLA\u015eMA - Bipea","og_description":"TEKN\u0130K KONTROL, TEKN\u0130K ONAY NED\u0130R ? Teknik controller BIPEA ve bir kurum (Bakanl\u0131k, resmi veya mesleki bir kurulu\u015f vb) aras\u0131nda imzalanan teknik bir onay veren bir anla\u015fmad\u0131r. Bir teknik onay, laboratuvar\u0131n \u00e7al\u0131\u015fmalar\u0131 i\u00e7in bu kurum taraf\u0131ndan yetkili k\u0131l\u0131nmas\u0131d\u0131r. BIPEA bir laboratuvar\u0131 sertifikaland\u0131rmaz ya da tavsiye etmez. Yaln\u0131zca teknik destek sa\u011flar. Sertifikaland\u0131ran kurulu\u015f laboratuvara onay verme hakk\u0131n\u0131 [&hellip;]","og_url":"https:\/\/www.bipea.org\/tr\/teknik-anlasma\/","og_site_name":"Bipea","article_publisher":"https:\/\/www.facebook.com\/Bipea-Proficiency-Testing-Programs-1726595444310313\/","article_modified_time":"2022-10-13T12:38:30+00:00","twitter_card":"summary_large_image","twitter_site":"@BipeaP","twitter_misc":{"Tahmini okuma s\u00fcresi":"1 dakika"},"schema":{"@context":"https:\/\/schema.org","@graph":[{"@type":"WebPage","@id":"https:\/\/www.bipea.org\/tr\/teknik-anlasma\/","url":"https:\/\/www.bipea.org\/tr\/teknik-anlasma\/","name":"TEKN\u0130K ANLA\u015eMA - Bipea","isPartOf":{"@id":"https:\/\/www.bipea.org\/tr\/#website"},"datePublished":"2017-12-24T17:03:52+00:00","dateModified":"2022-10-13T12:38:30+00:00","breadcrumb":{"@id":"https:\/\/www.bipea.org\/tr\/teknik-anlasma\/#breadcrumb"},"inLanguage":"tr","potentialAction":[{"@type":"ReadAction","target":["https:\/\/www.bipea.org\/tr\/teknik-anlasma\/"]}]},{"@type":"BreadcrumbList","@id":"https:\/\/www.bipea.org\/tr\/teknik-anlasma\/#breadcrumb","itemListElement":[{"@type":"ListItem","position":1,"name":"Accueil","item":"https:\/\/www.bipea.org\/tr\/"},{"@type":"ListItem","position":2,"name":"TEKN\u0130K ANLA\u015eMA"}]},{"@type":"WebSite","@id":"https:\/\/www.bipea.org\/tr\/#website","url":"https:\/\/www.bipea.org\/tr\/","name":"Bipea","description":"","potentialAction":[{"@type":"SearchAction","target":{"@type":"EntryPoint","urlTemplate":"https:\/\/www.bipea.org\/tr\/?s={search_term_string}"},"query-input":{"@type":"PropertyValueSpecification","valueRequired":true,"valueName":"search_term_string"}}],"inLanguage":"tr"}]}},"_links":{"self":[{"href":"https:\/\/www.bipea.org\/tr\/wp-json\/wp\/v2\/pages\/12717","targetHints":{"allow":["GET"]}}],"collection":[{"href":"https:\/\/www.bipea.org\/tr\/wp-json\/wp\/v2\/pages"}],"about":[{"href":"https:\/\/www.bipea.org\/tr\/wp-json\/wp\/v2\/types\/page"}],"author":[{"embeddable":true,"href":"https:\/\/www.bipea.org\/tr\/wp-json\/wp\/v2\/users\/1"}],"replies":[{"embeddable":true,"href":"https:\/\/www.bipea.org\/tr\/wp-json\/wp\/v2\/comments?post=12717"}],"version-history":[{"count":5,"href":"https:\/\/www.bipea.org\/tr\/wp-json\/wp\/v2\/pages\/12717\/revisions"}],"predecessor-version":[{"id":18777,"href":"https:\/\/www.bipea.org\/tr\/wp-json\/wp\/v2\/pages\/12717\/revisions\/18777"}],"wp:attachment":[{"href":"https:\/\/www.bipea.org\/tr\/wp-json\/wp\/v2\/media?parent=12717"}],"curies":[{"name":"wp","href":"https:\/\/api.w.org\/{rel}","templated":true}]}}