{"id":12712,"date":"2017-12-24T18:08:06","date_gmt":"2017-12-24T17:08:06","guid":{"rendered":"https:\/\/www.bipea.org\/training\/"},"modified":"2022-10-13T14:37:03","modified_gmt":"2022-10-13T12:37:03","slug":"egitim","status":"publish","type":"page","link":"https:\/\/www.bipea.org\/tr\/egitim\/","title":{"rendered":"E\u011e\u0130T\u0130M"},"content":{"rendered":"<p class=\"font_8\"><span style=\"font-size: 14pt;\">BIPEA e\u011ftim kurslar\u0131 d\u00fczenlemeye yetkilidir.<\/span><\/p>\n<p class=\"font_8\">\n<p class=\"font_8\"><span style=\"font-size: 14pt;\">Bu e\u011fitimler BIPEA\u2019n\u0131n \u00fcyelerine sa\u011flad\u0131\u011f\u0131 teknik deste\u011fin bir par\u00e7as\u0131d\u0131r.<\/span><\/p>\n<p class=\"font_8\">\n<p class=\"font_8\"><span style=\"font-size: 14pt;\">Bu e\u011fitimler, teknik ve\/ veya mesleki konularda teorik ve\/veya pratik e\u011fitim \u015feklinde olabilir. ( pratik \u00e7al\u0131\u015fma dahil)<\/span><\/p>\n<p class=\"font_8\">\n<p class=\"font_8\"><span style=\"font-size: 14pt;\">Bu e\u011fitimler BIPEA taraf\u0131ndan verildi\u011fi gibi ilgili alanda konunun tan\u0131nan uzman\u0131 veya uzmanlar\u0131 tarf\u0131ndan da sa\u011flanabilir.<\/span><\/p>\n<p class=\"font_8\"><span style=\"color: #605e5e; font-size: 14pt;\">\u200b<span class=\"wixGuard\">\u200b<\/span><\/span><\/p>\n<p class=\"font_8\" style=\"text-align: center;\"><span style=\"font-weight: bold; font-size: 14pt;\"><span style=\"color: #605e5e;\"><span style=\"text-decoration: underline;\">SONRAK\u0130\u00a0 TOPLANTILAR<\/span><\/span><\/span><\/p>\n<p class=\"font_8\"><span style=\"color: #605e5e; font-size: 14pt;\"><span class=\"wixGuard\">\u200b<\/span><\/span><\/p>\n<p class=\"font_8\"><span style=\"color: #605e5e; font-size: 14pt;\"><span style=\"font-weight: bold;\"><span class=\"wixGuard\">\u200b<\/span><\/span><\/span><\/p>\n<p class=\"font_8\"><span style=\"font-size: 14pt;\"><span style=\"color: #605e5e;\"><span style=\"font-weight: bold;\">Konu<\/span>: <\/span><span style=\"color: #0076b3;\"><span style=\"font-weight: bold;\">\u00d6L\u00c7\u00dcM BEL\u0130RS\u0130ZL\u0130\u011e\u0130 VE RAPOR VER\u0130LER\u0130NDEN FAYDALANMA<\/span><\/span><\/span><\/p>\n<p class=\"font_8\"><span style=\"color: #605e5e; font-size: 14pt;\"><span style=\"font-weight: bold;\">Yer<\/span>: BIPEA Merkez Binas\u0131 (Paris)<\/span><\/p>\n<p class=\"font_8\"><span style=\"font-size: 14pt;\"><span style=\"font-weight: bold;\">Tarih<\/span>: <span style=\"color: #2b689c;\">25-26 Ocak 2018<\/span><\/span><\/p>\n<p class=\"font_8\"><span style=\"color: #605e5e; font-size: 14pt;\"><span style=\"font-weight: bold;\">Kat\u0131l\u0131mc\u0131lar<\/span>: m\u00fchendisler, laboratuvar m\u00fcd\u00fcrleri, kalite m\u00fcd\u00fcrleri, laboratuvar teknisyenleri.<\/span><\/p>\n<p class=\"font_8\"><span style=\"font-size: 14pt;\"><span style=\"font-weight: bold;\"><span style=\"color: #605e5e;\">Kay\u0131t: T\u00dcM OTURUM (sonraki b\u00f6l\u00fcme bakz)<\/span><\/span><span style=\"color: #8b0000;\">: 22 Aral\u0131k 2017<\/span><\/span><\/p>\n<p class=\"font_8\"><span style=\"text-decoration: underline; font-size: 14pt;\">\u200b<span class=\"wixGuard\">\u200b<\/span><\/span><\/p>\n<p class=\"font_8\"><span style=\"color: #605e5e; font-size: 14pt;\">Bu e\u011fitimlerle ilgili l\u00fctfen bizimle temasa ge\u00e7iniz<\/span><\/p>\n<p class=\"font_8\"><span style=\"color: #605e5e; font-size: 14pt;\"><span class=\"wixGuard\">\u200b<\/span><\/span><\/p>\n","protected":false},"excerpt":{"rendered":"<p>BIPEA e\u011ftim kurslar\u0131 d\u00fczenlemeye yetkilidir. Bu e\u011fitimler BIPEA\u2019n\u0131n \u00fcyelerine sa\u011flad\u0131\u011f\u0131 teknik deste\u011fin bir par\u00e7as\u0131d\u0131r. Bu e\u011fitimler, teknik ve\/ veya mesleki konularda teorik ve\/veya pratik e\u011fitim \u015feklinde olabilir. ( pratik \u00e7al\u0131\u015fma dahil) Bu e\u011fitimler BIPEA taraf\u0131ndan verildi\u011fi gibi ilgili alanda konunun tan\u0131nan uzman\u0131 veya uzmanlar\u0131 tarf\u0131ndan da sa\u011flanabilir. \u200b\u200b SONRAK\u0130\u00a0 TOPLANTILAR \u200b \u200b Konu: \u00d6L\u00c7\u00dcM BEL\u0130RS\u0130ZL\u0130\u011e\u0130 VE [&hellip;]<\/p>\n","protected":false},"author":1,"featured_media":0,"parent":0,"menu_order":0,"comment_status":"closed","ping_status":"closed","template":"","meta":{"footnotes":""},"class_list":["post-12712","page","type-page","status-publish","hentry"],"yoast_head":"<!-- This site is optimized with the Yoast SEO plugin v27.0 - https:\/\/yoast.com\/product\/yoast-seo-wordpress\/ -->\n<title>E\u011e\u0130T\u0130M - Bipea<\/title>\n<meta name=\"robots\" content=\"index, follow, max-snippet:-1, max-image-preview:large, max-video-preview:-1\" \/>\n<link rel=\"canonical\" href=\"https:\/\/www.bipea.org\/tr\/egitim\/\" \/>\n<meta property=\"og:locale\" content=\"tr_TR\" \/>\n<meta property=\"og:type\" content=\"article\" \/>\n<meta property=\"og:title\" content=\"E\u011e\u0130T\u0130M - Bipea\" \/>\n<meta property=\"og:description\" content=\"BIPEA e\u011ftim kurslar\u0131 d\u00fczenlemeye yetkilidir. Bu e\u011fitimler BIPEA\u2019n\u0131n \u00fcyelerine sa\u011flad\u0131\u011f\u0131 teknik deste\u011fin bir par\u00e7as\u0131d\u0131r. Bu e\u011fitimler, teknik ve\/ veya mesleki konularda teorik ve\/veya pratik e\u011fitim \u015feklinde olabilir. ( pratik \u00e7al\u0131\u015fma dahil) Bu e\u011fitimler BIPEA taraf\u0131ndan verildi\u011fi gibi ilgili alanda konunun tan\u0131nan uzman\u0131 veya uzmanlar\u0131 tarf\u0131ndan da sa\u011flanabilir. \u200b\u200b SONRAK\u0130\u00a0 TOPLANTILAR \u200b \u200b Konu: \u00d6L\u00c7\u00dcM BEL\u0130RS\u0130ZL\u0130\u011e\u0130 VE [&hellip;]\" \/>\n<meta property=\"og:url\" content=\"https:\/\/www.bipea.org\/tr\/egitim\/\" \/>\n<meta property=\"og:site_name\" content=\"Bipea\" \/>\n<meta property=\"article:publisher\" content=\"https:\/\/www.facebook.com\/Bipea-Proficiency-Testing-Programs-1726595444310313\/\" \/>\n<meta property=\"article:modified_time\" content=\"2022-10-13T12:37:03+00:00\" \/>\n<meta name=\"twitter:card\" content=\"summary_large_image\" \/>\n<meta name=\"twitter:site\" content=\"@BipeaP\" \/>\n<meta name=\"twitter:label1\" content=\"Tahmini okuma s\u00fcresi\" \/>\n\t<meta name=\"twitter:data1\" content=\"1 dakika\" \/>\n<script type=\"application\/ld+json\" class=\"yoast-schema-graph\">{\"@context\":\"https:\/\/schema.org\",\"@graph\":[{\"@type\":\"WebPage\",\"@id\":\"https:\/\/www.bipea.org\/tr\/egitim\/\",\"url\":\"https:\/\/www.bipea.org\/tr\/egitim\/\",\"name\":\"E\u011e\u0130T\u0130M - Bipea\",\"isPartOf\":{\"@id\":\"https:\/\/www.bipea.org\/tr\/#website\"},\"datePublished\":\"2017-12-24T17:08:06+00:00\",\"dateModified\":\"2022-10-13T12:37:03+00:00\",\"breadcrumb\":{\"@id\":\"https:\/\/www.bipea.org\/tr\/egitim\/#breadcrumb\"},\"inLanguage\":\"tr\",\"potentialAction\":[{\"@type\":\"ReadAction\",\"target\":[\"https:\/\/www.bipea.org\/tr\/egitim\/\"]}]},{\"@type\":\"BreadcrumbList\",\"@id\":\"https:\/\/www.bipea.org\/tr\/egitim\/#breadcrumb\",\"itemListElement\":[{\"@type\":\"ListItem\",\"position\":1,\"name\":\"Accueil\",\"item\":\"https:\/\/www.bipea.org\/tr\/\"},{\"@type\":\"ListItem\",\"position\":2,\"name\":\"E\u011e\u0130T\u0130M\"}]},{\"@type\":\"WebSite\",\"@id\":\"https:\/\/www.bipea.org\/tr\/#website\",\"url\":\"https:\/\/www.bipea.org\/tr\/\",\"name\":\"Bipea\",\"description\":\"\",\"potentialAction\":[{\"@type\":\"SearchAction\",\"target\":{\"@type\":\"EntryPoint\",\"urlTemplate\":\"https:\/\/www.bipea.org\/tr\/?s={search_term_string}\"},\"query-input\":{\"@type\":\"PropertyValueSpecification\",\"valueRequired\":true,\"valueName\":\"search_term_string\"}}],\"inLanguage\":\"tr\"}]}<\/script>\n<!-- \/ Yoast SEO plugin. -->","yoast_head_json":{"title":"E\u011e\u0130T\u0130M - Bipea","robots":{"index":"index","follow":"follow","max-snippet":"max-snippet:-1","max-image-preview":"max-image-preview:large","max-video-preview":"max-video-preview:-1"},"canonical":"https:\/\/www.bipea.org\/tr\/egitim\/","og_locale":"tr_TR","og_type":"article","og_title":"E\u011e\u0130T\u0130M - Bipea","og_description":"BIPEA e\u011ftim kurslar\u0131 d\u00fczenlemeye yetkilidir. Bu e\u011fitimler BIPEA\u2019n\u0131n \u00fcyelerine sa\u011flad\u0131\u011f\u0131 teknik deste\u011fin bir par\u00e7as\u0131d\u0131r. Bu e\u011fitimler, teknik ve\/ veya mesleki konularda teorik ve\/veya pratik e\u011fitim \u015feklinde olabilir. ( pratik \u00e7al\u0131\u015fma dahil) Bu e\u011fitimler BIPEA taraf\u0131ndan verildi\u011fi gibi ilgili alanda konunun tan\u0131nan uzman\u0131 veya uzmanlar\u0131 tarf\u0131ndan da sa\u011flanabilir. \u200b\u200b SONRAK\u0130\u00a0 TOPLANTILAR \u200b \u200b Konu: \u00d6L\u00c7\u00dcM BEL\u0130RS\u0130ZL\u0130\u011e\u0130 VE [&hellip;]","og_url":"https:\/\/www.bipea.org\/tr\/egitim\/","og_site_name":"Bipea","article_publisher":"https:\/\/www.facebook.com\/Bipea-Proficiency-Testing-Programs-1726595444310313\/","article_modified_time":"2022-10-13T12:37:03+00:00","twitter_card":"summary_large_image","twitter_site":"@BipeaP","twitter_misc":{"Tahmini okuma s\u00fcresi":"1 dakika"},"schema":{"@context":"https:\/\/schema.org","@graph":[{"@type":"WebPage","@id":"https:\/\/www.bipea.org\/tr\/egitim\/","url":"https:\/\/www.bipea.org\/tr\/egitim\/","name":"E\u011e\u0130T\u0130M - Bipea","isPartOf":{"@id":"https:\/\/www.bipea.org\/tr\/#website"},"datePublished":"2017-12-24T17:08:06+00:00","dateModified":"2022-10-13T12:37:03+00:00","breadcrumb":{"@id":"https:\/\/www.bipea.org\/tr\/egitim\/#breadcrumb"},"inLanguage":"tr","potentialAction":[{"@type":"ReadAction","target":["https:\/\/www.bipea.org\/tr\/egitim\/"]}]},{"@type":"BreadcrumbList","@id":"https:\/\/www.bipea.org\/tr\/egitim\/#breadcrumb","itemListElement":[{"@type":"ListItem","position":1,"name":"Accueil","item":"https:\/\/www.bipea.org\/tr\/"},{"@type":"ListItem","position":2,"name":"E\u011e\u0130T\u0130M"}]},{"@type":"WebSite","@id":"https:\/\/www.bipea.org\/tr\/#website","url":"https:\/\/www.bipea.org\/tr\/","name":"Bipea","description":"","potentialAction":[{"@type":"SearchAction","target":{"@type":"EntryPoint","urlTemplate":"https:\/\/www.bipea.org\/tr\/?s={search_term_string}"},"query-input":{"@type":"PropertyValueSpecification","valueRequired":true,"valueName":"search_term_string"}}],"inLanguage":"tr"}]}},"_links":{"self":[{"href":"https:\/\/www.bipea.org\/tr\/wp-json\/wp\/v2\/pages\/12712","targetHints":{"allow":["GET"]}}],"collection":[{"href":"https:\/\/www.bipea.org\/tr\/wp-json\/wp\/v2\/pages"}],"about":[{"href":"https:\/\/www.bipea.org\/tr\/wp-json\/wp\/v2\/types\/page"}],"author":[{"embeddable":true,"href":"https:\/\/www.bipea.org\/tr\/wp-json\/wp\/v2\/users\/1"}],"replies":[{"embeddable":true,"href":"https:\/\/www.bipea.org\/tr\/wp-json\/wp\/v2\/comments?post=12712"}],"version-history":[{"count":2,"href":"https:\/\/www.bipea.org\/tr\/wp-json\/wp\/v2\/pages\/12712\/revisions"}],"predecessor-version":[{"id":18775,"href":"https:\/\/www.bipea.org\/tr\/wp-json\/wp\/v2\/pages\/12712\/revisions\/18775"}],"wp:attachment":[{"href":"https:\/\/www.bipea.org\/tr\/wp-json\/wp\/v2\/media?parent=12712"}],"curies":[{"name":"wp","href":"https:\/\/api.w.org\/{rel}","templated":true}]}}