{"id":12706,"date":"2017-12-24T18:02:32","date_gmt":"2017-12-24T17:02:32","guid":{"rendered":"https:\/\/www.bipea.org\/customized-pt-programs\/"},"modified":"2022-10-13T14:36:24","modified_gmt":"2022-10-13T12:36:24","slug":"kisiye-ozel-yt-programlari","status":"publish","type":"page","link":"https:\/\/www.bipea.org\/tr\/kisiye-ozel-yt-programlari\/","title":{"rendered":"K\u0130\u015e\u0130YE \u00d6ZEL YT PROGRAMLARI"},"content":{"rendered":"<p class=\"font_8\" style=\"text-align: justify;\"><span style=\"font-size: 14pt;\">D\u00fczenli YT programlar\u0131m\u0131za ilaveten BIPEA ki\u015fiye \u00f6zel YT programlar\u0131 d\u00fczenlemektedir.<\/span><\/p>\n<p class=\"font_8\" style=\"text-align: justify;\">\n<p class=\"font_8\" style=\"text-align: justify;\"><span style=\"font-size: 14pt;\">Bu hizmet, ayn\u0131 i\u015fi yapan ya da belli bir end\u00fcstri grubunda \u00e7al\u0131\u015fan birden fazla laboratuvar\u0131n ortak ama\u00e7lar\u0131 ve ihtiya\u00e7lar\u0131 g\u00f6z \u00f6n\u00fcnde bulundurularak o gruba \u00f6zel haz\u0131rlanm\u0131\u015f yeterlillik testleridir.<\/span><\/p>\n<p class=\"font_8\" style=\"text-align: justify;\"><span style=\"font-size: 14pt;\">Bu hizmet bir organizasyonun \u015fubeleri aras\u0131nda ya da end\u00fcstriel bir grubun yeterlilik testleri a\u00e7\u0131s\u0131ndan<\/span><\/p>\n<p class=\"font_8\" style=\"text-align: justify;\"><span style=\"font-size: 14pt;\">\u00f6zel ihtiya\u00e7lar\u0131n\u0131 kar\u015f\u0131lamak i\u00e7in d\u00fczenlenir.<\/span><\/p>\n<p class=\"font_8\" style=\"text-align: justify;\"><span style=\"font-size: 14pt;\">Bu t\u00fcr programlar s\u00f6z konusu grup ile ortakla\u015fa belirlenen \u00f6zelliklere g\u00f6re\u00a0 olu\u015fturulur.<\/span><\/p>\n<p class=\"font_8\"><span class=\"wixGuard\" style=\"font-size: 14pt;\">\u200b<\/span><\/p>\n<p class=\"font_8\"><span style=\"font-size: 14pt;\">Bunlar\u0131 i\u00e7erir:<\/span><\/p>\n<ul class=\"font_8\" style=\"color: #0076b3;\">\n<li>\n<p class=\"font_8\"><span style=\"color: #0076b3; font-size: 14pt;\">Bir grup laboratuvar\u0131n kalite kontrolu i\u00e7in,<\/span><\/p>\n<\/li>\n<li>\n<p class=\"font_8\"><span style=\"color: #0076b3; font-size: 14pt;\">Metotlar\u0131n do\u011frulamas\u0131\/kar\u015f\u0131la\u015ft\u0131r\u0131lmas\u0131 i\u00e7in,<\/span><\/p>\n<\/li>\n<li>\n<p class=\"font_8\"><span style=\"color: #0076b3; font-size: 14pt;\">Metotlar\u0131n kararkteristi\u011fi (ISO5725): Valide edilmekte olan bir metotdun do\u011frulu\u011funu hesaplanmas\u0131<\/span><\/p>\n<\/li>\n<li>\n<p class=\"font_8\"><span style=\"color: #0076b3; font-size: 14pt;\">Sonu\u00e7lar\u0131n istatistiksel \u00e7al\u0131\u015fmas\u0131<\/span><\/p>\n<\/li>\n<li>\n<p class=\"font_8\"><span style=\"color: #0076b3; font-size: 14pt;\">\u0130\u00e7 kalite control materyallerinin \u00fcretimi<\/span><\/p>\n<\/li>\n<li>\n<p class=\"font_8\"><span style=\"color: #0076b3; font-size: 14pt;\">Kontrol numunelerinin haz\u0131rlanmas\u0131<\/span><\/p>\n<\/li>\n<\/ul>\n<p class=\"font_8\" style=\"text-align: justify;\">\n<p class=\"font_8\" style=\"text-align: justify;\"><span style=\"font-size: 14pt;\">Ki\u015fiye \u00f6zel bu hizmetler bir YT organizasyonun t\u00fcm\u00fc ya da bir par\u00e7as\u0131n\u0131 i\u00e7erir:<\/span><\/p>\n<ul class=\"font_8\" style=\"text-align: justify; color: #0076b3;\">\n<li>\n<p class=\"font_8\"><span style=\"color: #0076b3; font-size: 14pt;\">Ham maddenin sa\u011flanmas\u0131<\/span><\/p>\n<\/li>\n<li>\n<p class=\"font_8\"><span style=\"color: #0076b3; font-size: 14pt;\">Numunelerin \u00fcretimi ve g\u00f6nderimi<\/span><\/p>\n<\/li>\n<li>\n<p class=\"font_8\"><span style=\"color: #0076b3; font-size: 14pt;\">Raporlar\u0131n yay\u0131nlanmas\u0131<\/span><\/p>\n<\/li>\n<\/ul>\n<p class=\"font_8\" style=\"text-align: justify;\"><span class=\"wixGuard\" style=\"font-size: 14pt;\">\u200b<\/span><\/p>\n<p class=\"font_8\" style=\"text-align: justify;\"><span style=\"font-size: 14pt;\">BIPEA konudaki uzmanl\u0131\u011f\u0131 ile size deste\u011fe her zaman haz\u0131rd\u0131r ve ilgili t\u00fcm gerekliliklerin yerine getirildi\u011fine dair size temin eder.<\/span><\/p>\n<p class=\"font_8\" style=\"text-align: justify;\">\n<p class=\"font_8\" style=\"text-align: justify;\"><span style=\"font-size: 14pt;\">Ki\u015fiye \u00f6zel YT programlar\u0131, matriksler, parametreler, tekrar say\u0131lar\u0131 ve metotlar ama\u00e7 ve maliyetlere g\u00f6re, m\u00fc\u015fteriler ve BIPEA n\u0131n ilgili b\u00f6l\u00fcmleriyle (\u00fcret\u00fcm, bilimsel ve teknik ekip, istatistik de\u011ferlendirme) bir i\u015f birli\u011fi halinde haz\u0131rlan\u0131r.<\/span><\/p>\n<p class=\"font_8\" style=\"text-align: justify;\">\n<p class=\"font_8\" style=\"text-align: justify;\"><span style=\"font-size: 14pt;\">Teklif, projenin i\u00e7eri\u011fi ve detaylar\u0131 etrafl\u0131ca belirlendikten sonra haz\u0131rlan\u0131r.<\/span><\/p>\n<p class=\"font_8\" style=\"text-align: justify;\">\n<p class=\"font_8\" style=\"text-align: justify;\"><span style=\"font-size: 14pt;\">Ki\u015fiye \u00f6zel bir YT isityorsan\u0131z, l\u00fctfen BIPEA \u2018n\u0131n direkt\u00f6r\u00fc ile temasa ge\u00e7iniz.<\/span><\/p>\n","protected":false},"excerpt":{"rendered":"<p>D\u00fczenli YT programlar\u0131m\u0131za ilaveten BIPEA ki\u015fiye \u00f6zel YT programlar\u0131 d\u00fczenlemektedir. Bu hizmet, ayn\u0131 i\u015fi yapan ya da belli bir end\u00fcstri grubunda \u00e7al\u0131\u015fan birden fazla laboratuvar\u0131n ortak ama\u00e7lar\u0131 ve ihtiya\u00e7lar\u0131 g\u00f6z \u00f6n\u00fcnde bulundurularak o gruba \u00f6zel haz\u0131rlanm\u0131\u015f yeterlillik testleridir. Bu hizmet bir organizasyonun \u015fubeleri aras\u0131nda ya da end\u00fcstriel bir grubun yeterlilik testleri a\u00e7\u0131s\u0131ndan \u00f6zel ihtiya\u00e7lar\u0131n\u0131 kar\u015f\u0131lamak i\u00e7in [&hellip;]<\/p>\n","protected":false},"author":1,"featured_media":0,"parent":0,"menu_order":0,"comment_status":"closed","ping_status":"closed","template":"","meta":{"footnotes":""},"class_list":["post-12706","page","type-page","status-publish","hentry"],"yoast_head":"<!-- This site is optimized with the Yoast SEO plugin v27.0 - https:\/\/yoast.com\/product\/yoast-seo-wordpress\/ -->\n<title>K\u0130\u015e\u0130YE \u00d6ZEL YT PROGRAMLARI - Bipea<\/title>\n<meta name=\"robots\" content=\"index, follow, max-snippet:-1, max-image-preview:large, max-video-preview:-1\" \/>\n<link rel=\"canonical\" href=\"https:\/\/www.bipea.org\/tr\/kisiye-ozel-yt-programlari\/\" \/>\n<meta property=\"og:locale\" content=\"tr_TR\" \/>\n<meta property=\"og:type\" content=\"article\" \/>\n<meta property=\"og:title\" content=\"K\u0130\u015e\u0130YE \u00d6ZEL YT PROGRAMLARI - Bipea\" \/>\n<meta property=\"og:description\" content=\"D\u00fczenli YT programlar\u0131m\u0131za ilaveten BIPEA ki\u015fiye \u00f6zel YT programlar\u0131 d\u00fczenlemektedir. Bu hizmet, ayn\u0131 i\u015fi yapan ya da belli bir end\u00fcstri grubunda \u00e7al\u0131\u015fan birden fazla laboratuvar\u0131n ortak ama\u00e7lar\u0131 ve ihtiya\u00e7lar\u0131 g\u00f6z \u00f6n\u00fcnde bulundurularak o gruba \u00f6zel haz\u0131rlanm\u0131\u015f yeterlillik testleridir. Bu hizmet bir organizasyonun \u015fubeleri aras\u0131nda ya da end\u00fcstriel bir grubun yeterlilik testleri a\u00e7\u0131s\u0131ndan \u00f6zel ihtiya\u00e7lar\u0131n\u0131 kar\u015f\u0131lamak i\u00e7in [&hellip;]\" \/>\n<meta property=\"og:url\" content=\"https:\/\/www.bipea.org\/tr\/kisiye-ozel-yt-programlari\/\" \/>\n<meta property=\"og:site_name\" content=\"Bipea\" \/>\n<meta property=\"article:publisher\" content=\"https:\/\/www.facebook.com\/Bipea-Proficiency-Testing-Programs-1726595444310313\/\" \/>\n<meta property=\"article:modified_time\" content=\"2022-10-13T12:36:24+00:00\" \/>\n<meta name=\"twitter:card\" content=\"summary_large_image\" \/>\n<meta name=\"twitter:site\" content=\"@BipeaP\" \/>\n<meta name=\"twitter:label1\" content=\"Tahmini okuma s\u00fcresi\" \/>\n\t<meta name=\"twitter:data1\" content=\"2 dakika\" \/>\n<script type=\"application\/ld+json\" class=\"yoast-schema-graph\">{\"@context\":\"https:\/\/schema.org\",\"@graph\":[{\"@type\":\"WebPage\",\"@id\":\"https:\/\/www.bipea.org\/tr\/kisiye-ozel-yt-programlari\/\",\"url\":\"https:\/\/www.bipea.org\/tr\/kisiye-ozel-yt-programlari\/\",\"name\":\"K\u0130\u015e\u0130YE \u00d6ZEL YT PROGRAMLARI - Bipea\",\"isPartOf\":{\"@id\":\"https:\/\/www.bipea.org\/tr\/#website\"},\"datePublished\":\"2017-12-24T17:02:32+00:00\",\"dateModified\":\"2022-10-13T12:36:24+00:00\",\"breadcrumb\":{\"@id\":\"https:\/\/www.bipea.org\/tr\/kisiye-ozel-yt-programlari\/#breadcrumb\"},\"inLanguage\":\"tr\",\"potentialAction\":[{\"@type\":\"ReadAction\",\"target\":[\"https:\/\/www.bipea.org\/tr\/kisiye-ozel-yt-programlari\/\"]}]},{\"@type\":\"BreadcrumbList\",\"@id\":\"https:\/\/www.bipea.org\/tr\/kisiye-ozel-yt-programlari\/#breadcrumb\",\"itemListElement\":[{\"@type\":\"ListItem\",\"position\":1,\"name\":\"Accueil\",\"item\":\"https:\/\/www.bipea.org\/tr\/\"},{\"@type\":\"ListItem\",\"position\":2,\"name\":\"K\u0130\u015e\u0130YE \u00d6ZEL YT PROGRAMLARI\"}]},{\"@type\":\"WebSite\",\"@id\":\"https:\/\/www.bipea.org\/tr\/#website\",\"url\":\"https:\/\/www.bipea.org\/tr\/\",\"name\":\"Bipea\",\"description\":\"\",\"potentialAction\":[{\"@type\":\"SearchAction\",\"target\":{\"@type\":\"EntryPoint\",\"urlTemplate\":\"https:\/\/www.bipea.org\/tr\/?s={search_term_string}\"},\"query-input\":{\"@type\":\"PropertyValueSpecification\",\"valueRequired\":true,\"valueName\":\"search_term_string\"}}],\"inLanguage\":\"tr\"}]}<\/script>\n<!-- \/ Yoast SEO plugin. -->","yoast_head_json":{"title":"K\u0130\u015e\u0130YE \u00d6ZEL YT PROGRAMLARI - Bipea","robots":{"index":"index","follow":"follow","max-snippet":"max-snippet:-1","max-image-preview":"max-image-preview:large","max-video-preview":"max-video-preview:-1"},"canonical":"https:\/\/www.bipea.org\/tr\/kisiye-ozel-yt-programlari\/","og_locale":"tr_TR","og_type":"article","og_title":"K\u0130\u015e\u0130YE \u00d6ZEL YT PROGRAMLARI - Bipea","og_description":"D\u00fczenli YT programlar\u0131m\u0131za ilaveten BIPEA ki\u015fiye \u00f6zel YT programlar\u0131 d\u00fczenlemektedir. Bu hizmet, ayn\u0131 i\u015fi yapan ya da belli bir end\u00fcstri grubunda \u00e7al\u0131\u015fan birden fazla laboratuvar\u0131n ortak ama\u00e7lar\u0131 ve ihtiya\u00e7lar\u0131 g\u00f6z \u00f6n\u00fcnde bulundurularak o gruba \u00f6zel haz\u0131rlanm\u0131\u015f yeterlillik testleridir. Bu hizmet bir organizasyonun \u015fubeleri aras\u0131nda ya da end\u00fcstriel bir grubun yeterlilik testleri a\u00e7\u0131s\u0131ndan \u00f6zel ihtiya\u00e7lar\u0131n\u0131 kar\u015f\u0131lamak i\u00e7in [&hellip;]","og_url":"https:\/\/www.bipea.org\/tr\/kisiye-ozel-yt-programlari\/","og_site_name":"Bipea","article_publisher":"https:\/\/www.facebook.com\/Bipea-Proficiency-Testing-Programs-1726595444310313\/","article_modified_time":"2022-10-13T12:36:24+00:00","twitter_card":"summary_large_image","twitter_site":"@BipeaP","twitter_misc":{"Tahmini okuma s\u00fcresi":"2 dakika"},"schema":{"@context":"https:\/\/schema.org","@graph":[{"@type":"WebPage","@id":"https:\/\/www.bipea.org\/tr\/kisiye-ozel-yt-programlari\/","url":"https:\/\/www.bipea.org\/tr\/kisiye-ozel-yt-programlari\/","name":"K\u0130\u015e\u0130YE \u00d6ZEL YT PROGRAMLARI - Bipea","isPartOf":{"@id":"https:\/\/www.bipea.org\/tr\/#website"},"datePublished":"2017-12-24T17:02:32+00:00","dateModified":"2022-10-13T12:36:24+00:00","breadcrumb":{"@id":"https:\/\/www.bipea.org\/tr\/kisiye-ozel-yt-programlari\/#breadcrumb"},"inLanguage":"tr","potentialAction":[{"@type":"ReadAction","target":["https:\/\/www.bipea.org\/tr\/kisiye-ozel-yt-programlari\/"]}]},{"@type":"BreadcrumbList","@id":"https:\/\/www.bipea.org\/tr\/kisiye-ozel-yt-programlari\/#breadcrumb","itemListElement":[{"@type":"ListItem","position":1,"name":"Accueil","item":"https:\/\/www.bipea.org\/tr\/"},{"@type":"ListItem","position":2,"name":"K\u0130\u015e\u0130YE \u00d6ZEL YT PROGRAMLARI"}]},{"@type":"WebSite","@id":"https:\/\/www.bipea.org\/tr\/#website","url":"https:\/\/www.bipea.org\/tr\/","name":"Bipea","description":"","potentialAction":[{"@type":"SearchAction","target":{"@type":"EntryPoint","urlTemplate":"https:\/\/www.bipea.org\/tr\/?s={search_term_string}"},"query-input":{"@type":"PropertyValueSpecification","valueRequired":true,"valueName":"search_term_string"}}],"inLanguage":"tr"}]}},"_links":{"self":[{"href":"https:\/\/www.bipea.org\/tr\/wp-json\/wp\/v2\/pages\/12706","targetHints":{"allow":["GET"]}}],"collection":[{"href":"https:\/\/www.bipea.org\/tr\/wp-json\/wp\/v2\/pages"}],"about":[{"href":"https:\/\/www.bipea.org\/tr\/wp-json\/wp\/v2\/types\/page"}],"author":[{"embeddable":true,"href":"https:\/\/www.bipea.org\/tr\/wp-json\/wp\/v2\/users\/1"}],"replies":[{"embeddable":true,"href":"https:\/\/www.bipea.org\/tr\/wp-json\/wp\/v2\/comments?post=12706"}],"version-history":[{"count":2,"href":"https:\/\/www.bipea.org\/tr\/wp-json\/wp\/v2\/pages\/12706\/revisions"}],"predecessor-version":[{"id":18774,"href":"https:\/\/www.bipea.org\/tr\/wp-json\/wp\/v2\/pages\/12706\/revisions\/18774"}],"wp:attachment":[{"href":"https:\/\/www.bipea.org\/tr\/wp-json\/wp\/v2\/media?parent=12706"}],"curies":[{"name":"wp","href":"https:\/\/api.w.org\/{rel}","templated":true}]}}