{"id":12698,"date":"2017-12-21T20:06:19","date_gmt":"2017-12-21T19:06:19","guid":{"rendered":"https:\/\/www.bipea.org\/external-reference-materials\/"},"modified":"2022-10-13T14:35:44","modified_gmt":"2022-10-13T12:35:44","slug":"dis-referans-materyalleri","status":"publish","type":"page","link":"https:\/\/www.bipea.org\/tr\/dis-referans-materyalleri\/","title":{"rendered":"DI\u015e REFERANS MATERYALLER\u0130"},"content":{"rendered":"<p class=\"font_8\" style=\"text-align: justify;\"><strong><span style=\"color: #0076b3; font-size: 14pt;\">ERM NUMUNELER\u0130 NELER D\u0130R ?<\/span><\/strong><\/p>\n<p class=\"font_8\" style=\"text-align: justify;\"><span style=\"color: #0076b3; font-size: 14pt;\"><span class=\"wixGuard\">\u200b<\/span><\/span><\/p>\n<p class=\"font_8\" style=\"text-align: justify;\"><span style=\"font-size: 14pt;\">D\u0131\u015f Referans Materyalleri d\u00fczenli yeterlilik test programlar\u0131m\u0131zda kullan\u0131lan numunelerle ayn\u0131 parti i\u00e7inde \u00fcretilmi\u015f materyallerdir.<\/span><\/p>\n<p class=\"font_8\" style=\"text-align: justify;\"><span style=\"font-weight: bold; font-size: 14pt;\">Do\u011fruluk de\u011ferleri atanm\u0131\u015f de\u011ferleri daha \u00f6nceden numunelerle analitik performans\u0131n\u0131z\u0131 \u00f6l\u00e7menize imkan tan\u0131r.<\/span><\/p>\n<p class=\"font_8\" style=\"text-align: justify;\"><span style=\"font-size: 14pt;\">Bu numuneler sayesinde BIPEA \u2018n\u0131n d\u00fczenli YT programlar\u0131na ek olarak genel kalitenizi izleme imkan\u0131 bulabilirsiniz.<\/span><\/p>\n<p class=\"font_8\" style=\"text-align: justify;\"><span style=\"font-size: 14pt;\">Sipari\u015finizin onay\u0131n\u0131 takip eden s\u00fcre\u00e7te numunelerin saklama ve g\u00f6nderim ko\u015fullar\u0131 i\u00e7in gerekli azami dikkat ve itina g\u00f6sterilmektedir.<\/span><\/p>\n<p class=\"font_8\" style=\"text-align: justify;\"><span class=\"wixGuard\" style=\"font-size: 14pt;\">\u200b<\/span><\/p>\n<p class=\"font_8\" style=\"text-align: justify;\"><span class=\"wixGuard\" style=\"font-size: 14pt;\">\u200b<\/span><\/p>\n<p class=\"font_8\" style=\"text-align: justify;\"><strong><span style=\"color: #0076b3; font-size: 14pt;\">ERM SATIN ALIMASI \u0130\u00c7\u0130N GEREK \u015eARTLAR:<\/span><\/strong><\/p>\n<p class=\"font_8\" style=\"text-align: justify;\"><span style=\"color: #0076b3; font-size: 14pt;\"><span class=\"wixGuard\">\u200b<\/span><\/span><\/p>\n<p class=\"font_8\" style=\"text-align: justify;\"><span style=\"font-size: 14pt;\">BIPEA Di\u015f Referans Materyalleri FD V 03-115 k\u0131lavuzunda belirtilen gerekliliklere uygun olarak haz\u0131rlanm\u0131\u015ft\u0131r. Bunlar, \u00fcyelerimize \u00f6zeldir ve atanm\u0131\u015f de\u011ferleri, program\u0131n ve raporun teknik ba\u015fkan\u0131 taraf\u0131ndan valide edildikten m\u00fc\u015fterilerimize sat\u0131\u015fa sunulan materyallerdir.<\/span><\/p>\n<p class=\"font_8\" style=\"text-align: justify;\"><span style=\"font-size: 14pt;\">D\u0131\u015f Referans Materyalleri Laboratuvarlararas\u0131 Kar\u015f\u0131la\u015ft\u0131rma Raporu (LAK) yay\u0131nland\u0131ktan sonar g\u00f6nderilirler. Uygun ko\u015fullarda saklan\u0131rlar: serin oda, so\u011fuk oda veya eksi s\u0131cakl\u0131ktaki oda. Saklama s\u00fcresi numunenin do\u011fas\u0131na g\u00f6re de\u011fi\u015fir.<\/span><\/p>\n<p class=\"font_8\" style=\"text-align: justify;\"><span style=\"font-size: 14pt;\">Saklama s\u00fcresi ve ko\u015fullar\u0131 BIPEA taraf\u0131ndan garanti edilmi\u015ftir ve numunelerin laboratuvarlara gerekli homojenitede ula\u015fmas\u0131 sa\u011flan\u0131r.<\/span><\/p>\n<p class=\"font_8\" style=\"text-align: justify;\"><span class=\"wixGuard\" style=\"font-size: 14pt;\">\u200b<\/span><\/p>\n<p class=\"font_8\" style=\"text-align: justify;\"><span style=\"text-decoration: underline; font-size: 14pt;\"><span style=\"font-weight: bold;\">Mikrobiyolojik YT programlar\u0131n i\u00e7in \u00f6zel durumlar:<\/span><\/span><\/p>\n<p class=\"font_8\" style=\"text-align: justify;\"><span style=\"font-size: 14pt;\">YT 51b: ERM \u00fcretim tarihinden 6 ay sonras\u0131na kadar bulunur.<\/span><\/p>\n<p class=\"font_8\" style=\"text-align: justify;\"><span style=\"font-size: 14pt;\">YT 35-50-51 (51a-51c-51d-51e-51f-51h se\u00e7enekleri)-54-56-79 numuneleri uzun d\u00f6nemde stabilitelerini koruyamayacaklar\u0131ndan dolay\u0131 ERM leri yoktur.<\/span><\/p>\n<p class=\"font_8\" style=\"text-align: justify;\">\n<p class=\"font_8\" style=\"text-align: justify;\"><span style=\"font-size: 14pt;\">Ancak, ilave numune isterseniz, \u00f6nceden sipari\u015f edebilirsiniz ve numneleriniz d\u00fczenli YT programlar\u0131n\u0131n numuneleriyle birlikte size g\u00f6nderilebilir.<\/span><\/p>\n<p class=\"font_8\" style=\"text-align: justify;\">\n<p class=\"font_8\"><span style=\"font-size: 14pt;\">Fiyatlar numunelerin do\u011fas\u0131na ve bulundu\u011funuz yere g\u00f6re de\u011fi\u015fir.<\/span><\/p>\n<p class=\"font_8\"><span class=\"wixGuard\" style=\"font-size: 14pt;\">\u200b<\/span><\/p>\n<p class=\"font_8\"><span style=\"font-weight: bold; font-size: 14pt;\">ERM numunelerinin listesine ula\u015fmak i\u00e7in, l\u00fctfen \u00fcye b\u00f6l\u00fcm\u00fcne giri\u015f yap\u0131n ve \u201cschedule and ERM stock\u201d k\u0131sm\u0131n\u0131 t\u0131klay\u0131n.<\/span><\/p>\n<p class=\"font_8\"><span style=\"font-size: 14pt;\">Sat\u0131\u015f b\u00f6l\u00fcm\u00fcm\u00fcze de ula\u015fabilirsiniz: <span style=\"text-decoration: underline;\"><a href=\"mailto:sales@bipea.org\" target=\"_self\" data-content=\"sales@bipea.org\" data-type=\"mail\" rel=\"noopener\">sales@bipea.org<\/a><\/span><\/span><\/p>\n<p class=\"font_8\" style=\"text-align: justify;\"><span style=\"color: #2b689c; font-size: 14pt;\"><span class=\"wixGuard\">\u200b<\/span><\/span><\/p>\n<p class=\"font_8\" style=\"text-align: justify;\"><span style=\"color: #2b689c; font-size: 14pt;\"><span class=\"wixGuard\">\u200b<\/span><\/span><\/p>\n<p class=\"font_8\" style=\"text-align: justify;\"><strong><span style=\"color: #0076b3; font-size: 14pt;\">ERM ANLA\u015eMASI<\/span><\/strong><\/p>\n<p class=\"font_8\" style=\"text-align: justify;\"><span style=\"color: #0076b3; font-size: 14pt;\"><span class=\"wixGuard\">\u200b<\/span><\/span><\/p>\n<p class=\"font_8\" style=\"text-align: justify;\"><span style=\"font-size: 14pt;\">Erm numuneleri BIPEA \u00fcyeleri taraf\u0131ndan olduk\u00e7a fazla Kabul g\u00f6rd\u00fc\u011f\u00fc ve istendi\u011fi i\u00e7in \u00e7o\u011funlukla yok sat\u0131yoruz. Bu y\u00fczden size ERM anla\u015fmas\u0131 (minimum 10 numunelik) yapmay\u0131 \u00f6neririz. Bu anla\u015fma ile y\u0131l i\u00e7inde \u00f6zel indirmlerden de faydalanarak (%40 a kadar varan) ERM numunesi alabilirsiniz.<\/span><\/p>\n<p class=\"font_8\" style=\"text-align: justify;\"><span style=\"font-size: 14pt;\">Bu anla\u015fmalar bize t\u00fcm kat\u0131l\u0131mc\u0131lara yeterli miktarda ERM sa\u011flamak i\u00e7in \u00f6nceden fazla miktarda numune \u00fcretme imkan\u0131 tan\u0131maktad\u0131r.<\/span><\/p>\n<p class=\"font_8\" style=\"text-align: justify;\"><span style=\"font-size: 14pt;\">Bu konudadaha fazla bilgi i\u00e7in sat\u0131\u015f elemanlar\u0131m\u0131zla temasa ge\u00e7ebilirsiniz.<\/span><\/p>\n<p class=\"font_8\" style=\"text-align: justify;\">\n<span style=\"font-size: 14pt;\">.<\/span><\/p>\n","protected":false},"excerpt":{"rendered":"<p>ERM NUMUNELER\u0130 NELER D\u0130R ? \u200b D\u0131\u015f Referans Materyalleri d\u00fczenli yeterlilik test programlar\u0131m\u0131zda kullan\u0131lan numunelerle ayn\u0131 parti i\u00e7inde \u00fcretilmi\u015f materyallerdir. Do\u011fruluk de\u011ferleri atanm\u0131\u015f de\u011ferleri daha \u00f6nceden numunelerle analitik performans\u0131n\u0131z\u0131 \u00f6l\u00e7menize imkan tan\u0131r. Bu numuneler sayesinde BIPEA \u2018n\u0131n d\u00fczenli YT programlar\u0131na ek olarak genel kalitenizi izleme imkan\u0131 bulabilirsiniz. Sipari\u015finizin onay\u0131n\u0131 takip eden s\u00fcre\u00e7te numunelerin saklama ve g\u00f6nderim [&hellip;]<\/p>\n","protected":false},"author":1,"featured_media":0,"parent":0,"menu_order":0,"comment_status":"closed","ping_status":"closed","template":"","meta":{"footnotes":""},"class_list":["post-12698","page","type-page","status-publish","hentry"],"yoast_head":"<!-- This site is optimized with the Yoast SEO plugin v27.0 - https:\/\/yoast.com\/product\/yoast-seo-wordpress\/ -->\n<title>DI\u015e REFERANS MATERYALLER\u0130 - Bipea<\/title>\n<meta name=\"robots\" content=\"index, follow, max-snippet:-1, max-image-preview:large, max-video-preview:-1\" \/>\n<link rel=\"canonical\" href=\"https:\/\/www.bipea.org\/tr\/dis-referans-materyalleri\/\" \/>\n<meta property=\"og:locale\" content=\"tr_TR\" \/>\n<meta property=\"og:type\" content=\"article\" \/>\n<meta property=\"og:title\" content=\"DI\u015e REFERANS MATERYALLER\u0130 - Bipea\" \/>\n<meta property=\"og:description\" content=\"ERM NUMUNELER\u0130 NELER D\u0130R ? \u200b D\u0131\u015f Referans Materyalleri d\u00fczenli yeterlilik test programlar\u0131m\u0131zda kullan\u0131lan numunelerle ayn\u0131 parti i\u00e7inde \u00fcretilmi\u015f materyallerdir. Do\u011fruluk de\u011ferleri atanm\u0131\u015f de\u011ferleri daha \u00f6nceden numunelerle analitik performans\u0131n\u0131z\u0131 \u00f6l\u00e7menize imkan tan\u0131r. Bu numuneler sayesinde BIPEA \u2018n\u0131n d\u00fczenli YT programlar\u0131na ek olarak genel kalitenizi izleme imkan\u0131 bulabilirsiniz. Sipari\u015finizin onay\u0131n\u0131 takip eden s\u00fcre\u00e7te numunelerin saklama ve g\u00f6nderim [&hellip;]\" \/>\n<meta property=\"og:url\" content=\"https:\/\/www.bipea.org\/tr\/dis-referans-materyalleri\/\" \/>\n<meta property=\"og:site_name\" content=\"Bipea\" \/>\n<meta property=\"article:publisher\" content=\"https:\/\/www.facebook.com\/Bipea-Proficiency-Testing-Programs-1726595444310313\/\" \/>\n<meta property=\"article:modified_time\" content=\"2022-10-13T12:35:44+00:00\" \/>\n<meta name=\"twitter:card\" content=\"summary_large_image\" \/>\n<meta name=\"twitter:site\" content=\"@BipeaP\" \/>\n<meta name=\"twitter:label1\" content=\"Tahmini okuma s\u00fcresi\" \/>\n\t<meta name=\"twitter:data1\" content=\"2 dakika\" \/>\n<script type=\"application\/ld+json\" class=\"yoast-schema-graph\">{\"@context\":\"https:\/\/schema.org\",\"@graph\":[{\"@type\":\"WebPage\",\"@id\":\"https:\/\/www.bipea.org\/tr\/dis-referans-materyalleri\/\",\"url\":\"https:\/\/www.bipea.org\/tr\/dis-referans-materyalleri\/\",\"name\":\"DI\u015e REFERANS MATERYALLER\u0130 - Bipea\",\"isPartOf\":{\"@id\":\"https:\/\/www.bipea.org\/tr\/#website\"},\"datePublished\":\"2017-12-21T19:06:19+00:00\",\"dateModified\":\"2022-10-13T12:35:44+00:00\",\"breadcrumb\":{\"@id\":\"https:\/\/www.bipea.org\/tr\/dis-referans-materyalleri\/#breadcrumb\"},\"inLanguage\":\"tr\",\"potentialAction\":[{\"@type\":\"ReadAction\",\"target\":[\"https:\/\/www.bipea.org\/tr\/dis-referans-materyalleri\/\"]}]},{\"@type\":\"BreadcrumbList\",\"@id\":\"https:\/\/www.bipea.org\/tr\/dis-referans-materyalleri\/#breadcrumb\",\"itemListElement\":[{\"@type\":\"ListItem\",\"position\":1,\"name\":\"Accueil\",\"item\":\"https:\/\/www.bipea.org\/tr\/\"},{\"@type\":\"ListItem\",\"position\":2,\"name\":\"DI\u015e REFERANS MATERYALLER\u0130\"}]},{\"@type\":\"WebSite\",\"@id\":\"https:\/\/www.bipea.org\/tr\/#website\",\"url\":\"https:\/\/www.bipea.org\/tr\/\",\"name\":\"Bipea\",\"description\":\"\",\"potentialAction\":[{\"@type\":\"SearchAction\",\"target\":{\"@type\":\"EntryPoint\",\"urlTemplate\":\"https:\/\/www.bipea.org\/tr\/?s={search_term_string}\"},\"query-input\":{\"@type\":\"PropertyValueSpecification\",\"valueRequired\":true,\"valueName\":\"search_term_string\"}}],\"inLanguage\":\"tr\"}]}<\/script>\n<!-- \/ Yoast SEO plugin. -->","yoast_head_json":{"title":"DI\u015e REFERANS MATERYALLER\u0130 - Bipea","robots":{"index":"index","follow":"follow","max-snippet":"max-snippet:-1","max-image-preview":"max-image-preview:large","max-video-preview":"max-video-preview:-1"},"canonical":"https:\/\/www.bipea.org\/tr\/dis-referans-materyalleri\/","og_locale":"tr_TR","og_type":"article","og_title":"DI\u015e REFERANS MATERYALLER\u0130 - Bipea","og_description":"ERM NUMUNELER\u0130 NELER D\u0130R ? \u200b D\u0131\u015f Referans Materyalleri d\u00fczenli yeterlilik test programlar\u0131m\u0131zda kullan\u0131lan numunelerle ayn\u0131 parti i\u00e7inde \u00fcretilmi\u015f materyallerdir. Do\u011fruluk de\u011ferleri atanm\u0131\u015f de\u011ferleri daha \u00f6nceden numunelerle analitik performans\u0131n\u0131z\u0131 \u00f6l\u00e7menize imkan tan\u0131r. Bu numuneler sayesinde BIPEA \u2018n\u0131n d\u00fczenli YT programlar\u0131na ek olarak genel kalitenizi izleme imkan\u0131 bulabilirsiniz. Sipari\u015finizin onay\u0131n\u0131 takip eden s\u00fcre\u00e7te numunelerin saklama ve g\u00f6nderim [&hellip;]","og_url":"https:\/\/www.bipea.org\/tr\/dis-referans-materyalleri\/","og_site_name":"Bipea","article_publisher":"https:\/\/www.facebook.com\/Bipea-Proficiency-Testing-Programs-1726595444310313\/","article_modified_time":"2022-10-13T12:35:44+00:00","twitter_card":"summary_large_image","twitter_site":"@BipeaP","twitter_misc":{"Tahmini okuma s\u00fcresi":"2 dakika"},"schema":{"@context":"https:\/\/schema.org","@graph":[{"@type":"WebPage","@id":"https:\/\/www.bipea.org\/tr\/dis-referans-materyalleri\/","url":"https:\/\/www.bipea.org\/tr\/dis-referans-materyalleri\/","name":"DI\u015e REFERANS MATERYALLER\u0130 - Bipea","isPartOf":{"@id":"https:\/\/www.bipea.org\/tr\/#website"},"datePublished":"2017-12-21T19:06:19+00:00","dateModified":"2022-10-13T12:35:44+00:00","breadcrumb":{"@id":"https:\/\/www.bipea.org\/tr\/dis-referans-materyalleri\/#breadcrumb"},"inLanguage":"tr","potentialAction":[{"@type":"ReadAction","target":["https:\/\/www.bipea.org\/tr\/dis-referans-materyalleri\/"]}]},{"@type":"BreadcrumbList","@id":"https:\/\/www.bipea.org\/tr\/dis-referans-materyalleri\/#breadcrumb","itemListElement":[{"@type":"ListItem","position":1,"name":"Accueil","item":"https:\/\/www.bipea.org\/tr\/"},{"@type":"ListItem","position":2,"name":"DI\u015e REFERANS MATERYALLER\u0130"}]},{"@type":"WebSite","@id":"https:\/\/www.bipea.org\/tr\/#website","url":"https:\/\/www.bipea.org\/tr\/","name":"Bipea","description":"","potentialAction":[{"@type":"SearchAction","target":{"@type":"EntryPoint","urlTemplate":"https:\/\/www.bipea.org\/tr\/?s={search_term_string}"},"query-input":{"@type":"PropertyValueSpecification","valueRequired":true,"valueName":"search_term_string"}}],"inLanguage":"tr"}]}},"_links":{"self":[{"href":"https:\/\/www.bipea.org\/tr\/wp-json\/wp\/v2\/pages\/12698","targetHints":{"allow":["GET"]}}],"collection":[{"href":"https:\/\/www.bipea.org\/tr\/wp-json\/wp\/v2\/pages"}],"about":[{"href":"https:\/\/www.bipea.org\/tr\/wp-json\/wp\/v2\/types\/page"}],"author":[{"embeddable":true,"href":"https:\/\/www.bipea.org\/tr\/wp-json\/wp\/v2\/users\/1"}],"replies":[{"embeddable":true,"href":"https:\/\/www.bipea.org\/tr\/wp-json\/wp\/v2\/comments?post=12698"}],"version-history":[{"count":3,"href":"https:\/\/www.bipea.org\/tr\/wp-json\/wp\/v2\/pages\/12698\/revisions"}],"predecessor-version":[{"id":18773,"href":"https:\/\/www.bipea.org\/tr\/wp-json\/wp\/v2\/pages\/12698\/revisions\/18773"}],"wp:attachment":[{"href":"https:\/\/www.bipea.org\/tr\/wp-json\/wp\/v2\/media?parent=12698"}],"curies":[{"name":"wp","href":"https:\/\/api.w.org\/{rel}","templated":true}]}}