{"id":12686,"date":"2017-12-24T18:39:07","date_gmt":"2017-12-24T17:39:07","guid":{"rendered":"https:\/\/www.bipea.org\/some-figures\/"},"modified":"2022-10-13T14:33:52","modified_gmt":"2022-10-13T12:33:52","slug":"rakamlarla-bipea","status":"publish","type":"page","link":"https:\/\/www.bipea.org\/tr\/rakamlarla-bipea\/","title":{"rendered":"RAKAMLARLA BIPEA"},"content":{"rendered":"<ul class=\"font_8 color_14\">\n<li>\n<p class=\"font_8\"><span style=\"font-size: 14pt;\"><strong>50 Y\u0131l\u0131<\/strong> a\u015fk\u0131n deneyim<\/span><\/p>\n<\/li>\n<li>\n<p class=\"font_8\"><span style=\"font-size: 14pt;\">130 den fazla \u00fclkeden <strong>4000 in \u00fczerinde laboratuvar kat\u0131l\u0131mc\u0131<\/strong>,<\/span><\/p>\n<\/li>\n<li>\n<p class=\"font_8\"><span style=\"font-size: 14pt;\"><strong>220 den fazla d\u00fczenli Yeterlilik Test program\u0131 (PT)<\/strong>,<\/span><\/p>\n<\/li>\n<li>\n<p class=\"font_8\"><span style=\"font-size: 14pt;\">Her y\u0131l \u00fcretilen ve g\u00f6nderilen <strong>150 000 den fazla numune<\/strong>,<\/span><\/p>\n<\/li>\n<li>\n<p class=\"font_8\"><span style=\"font-size: 14pt;\">Her y\u0131l <strong>60 000 veri i\u015flem g\u00f6r\u00fcr<\/strong>,<\/span><\/p>\n<\/li>\n<li>\n<p class=\"font_8\"><span style=\"font-size: 14pt;\">Her y\u0131l <strong>800 \u00fc a\u015fk\u0131n laboratuvarlar aras\u0131 kar\u015f\u0131la\u015ft\u0131rma tablosu yay\u0131nlan\u0131r<\/strong>,<\/span><\/p>\n<\/li>\n<li>\n<p class=\"font_8\"><span style=\"font-size: 14pt;\"><strong>30 ki\u015filik<\/strong> bir ekiple\u00a0 ile hizmetinizdedir.<\/span><\/p>\n<\/li>\n<\/ul>\n","protected":false},"excerpt":{"rendered":"<p>50 Y\u0131l\u0131 a\u015fk\u0131n deneyim 130 den fazla \u00fclkeden 4000 in \u00fczerinde laboratuvar kat\u0131l\u0131mc\u0131, 220 den fazla d\u00fczenli Yeterlilik Test program\u0131 (PT), Her y\u0131l \u00fcretilen ve g\u00f6nderilen 150 000 den fazla numune, Her y\u0131l 60 000 veri i\u015flem g\u00f6r\u00fcr, Her y\u0131l 800 \u00fc a\u015fk\u0131n laboratuvarlar aras\u0131 kar\u015f\u0131la\u015ft\u0131rma tablosu yay\u0131nlan\u0131r, 30 ki\u015filik bir ekiple\u00a0 ile hizmetinizdedir.<\/p>\n","protected":false},"author":1,"featured_media":0,"parent":0,"menu_order":0,"comment_status":"closed","ping_status":"closed","template":"","meta":{"footnotes":""},"class_list":["post-12686","page","type-page","status-publish","hentry"],"yoast_head":"<!-- This site is optimized with the Yoast SEO plugin v27.0 - https:\/\/yoast.com\/product\/yoast-seo-wordpress\/ -->\n<title>RAKAMLARLA BIPEA - Bipea<\/title>\n<meta name=\"robots\" content=\"index, follow, max-snippet:-1, max-image-preview:large, max-video-preview:-1\" \/>\n<link rel=\"canonical\" href=\"https:\/\/www.bipea.org\/tr\/rakamlarla-bipea\/\" \/>\n<meta property=\"og:locale\" content=\"tr_TR\" \/>\n<meta property=\"og:type\" content=\"article\" \/>\n<meta property=\"og:title\" content=\"RAKAMLARLA BIPEA - Bipea\" \/>\n<meta property=\"og:description\" content=\"50 Y\u0131l\u0131 a\u015fk\u0131n deneyim 130 den fazla \u00fclkeden 4000 in \u00fczerinde laboratuvar kat\u0131l\u0131mc\u0131, 220 den fazla d\u00fczenli Yeterlilik Test program\u0131 (PT), Her y\u0131l \u00fcretilen ve g\u00f6nderilen 150 000 den fazla numune, Her y\u0131l 60 000 veri i\u015flem g\u00f6r\u00fcr, Her y\u0131l 800 \u00fc a\u015fk\u0131n laboratuvarlar aras\u0131 kar\u015f\u0131la\u015ft\u0131rma tablosu yay\u0131nlan\u0131r, 30 ki\u015filik bir ekiple\u00a0 ile hizmetinizdedir.\" \/>\n<meta property=\"og:url\" content=\"https:\/\/www.bipea.org\/tr\/rakamlarla-bipea\/\" \/>\n<meta property=\"og:site_name\" content=\"Bipea\" \/>\n<meta property=\"article:publisher\" content=\"https:\/\/www.facebook.com\/Bipea-Proficiency-Testing-Programs-1726595444310313\/\" \/>\n<meta property=\"article:modified_time\" content=\"2022-10-13T12:33:52+00:00\" \/>\n<meta name=\"twitter:card\" content=\"summary_large_image\" \/>\n<meta name=\"twitter:site\" content=\"@BipeaP\" \/>\n<meta name=\"twitter:label1\" content=\"Tahmini okuma s\u00fcresi\" \/>\n\t<meta name=\"twitter:data1\" content=\"1 dakika\" \/>\n<script type=\"application\/ld+json\" class=\"yoast-schema-graph\">{\"@context\":\"https:\/\/schema.org\",\"@graph\":[{\"@type\":\"WebPage\",\"@id\":\"https:\/\/www.bipea.org\/tr\/rakamlarla-bipea\/\",\"url\":\"https:\/\/www.bipea.org\/tr\/rakamlarla-bipea\/\",\"name\":\"RAKAMLARLA BIPEA - Bipea\",\"isPartOf\":{\"@id\":\"https:\/\/www.bipea.org\/tr\/#website\"},\"datePublished\":\"2017-12-24T17:39:07+00:00\",\"dateModified\":\"2022-10-13T12:33:52+00:00\",\"breadcrumb\":{\"@id\":\"https:\/\/www.bipea.org\/tr\/rakamlarla-bipea\/#breadcrumb\"},\"inLanguage\":\"tr\",\"potentialAction\":[{\"@type\":\"ReadAction\",\"target\":[\"https:\/\/www.bipea.org\/tr\/rakamlarla-bipea\/\"]}]},{\"@type\":\"BreadcrumbList\",\"@id\":\"https:\/\/www.bipea.org\/tr\/rakamlarla-bipea\/#breadcrumb\",\"itemListElement\":[{\"@type\":\"ListItem\",\"position\":1,\"name\":\"Accueil\",\"item\":\"https:\/\/www.bipea.org\/tr\/\"},{\"@type\":\"ListItem\",\"position\":2,\"name\":\"RAKAMLARLA BIPEA\"}]},{\"@type\":\"WebSite\",\"@id\":\"https:\/\/www.bipea.org\/tr\/#website\",\"url\":\"https:\/\/www.bipea.org\/tr\/\",\"name\":\"Bipea\",\"description\":\"\",\"potentialAction\":[{\"@type\":\"SearchAction\",\"target\":{\"@type\":\"EntryPoint\",\"urlTemplate\":\"https:\/\/www.bipea.org\/tr\/?s={search_term_string}\"},\"query-input\":{\"@type\":\"PropertyValueSpecification\",\"valueRequired\":true,\"valueName\":\"search_term_string\"}}],\"inLanguage\":\"tr\"}]}<\/script>\n<!-- \/ Yoast SEO plugin. -->","yoast_head_json":{"title":"RAKAMLARLA BIPEA - Bipea","robots":{"index":"index","follow":"follow","max-snippet":"max-snippet:-1","max-image-preview":"max-image-preview:large","max-video-preview":"max-video-preview:-1"},"canonical":"https:\/\/www.bipea.org\/tr\/rakamlarla-bipea\/","og_locale":"tr_TR","og_type":"article","og_title":"RAKAMLARLA BIPEA - Bipea","og_description":"50 Y\u0131l\u0131 a\u015fk\u0131n deneyim 130 den fazla \u00fclkeden 4000 in \u00fczerinde laboratuvar kat\u0131l\u0131mc\u0131, 220 den fazla d\u00fczenli Yeterlilik Test program\u0131 (PT), Her y\u0131l \u00fcretilen ve g\u00f6nderilen 150 000 den fazla numune, Her y\u0131l 60 000 veri i\u015flem g\u00f6r\u00fcr, Her y\u0131l 800 \u00fc a\u015fk\u0131n laboratuvarlar aras\u0131 kar\u015f\u0131la\u015ft\u0131rma tablosu yay\u0131nlan\u0131r, 30 ki\u015filik bir ekiple\u00a0 ile hizmetinizdedir.","og_url":"https:\/\/www.bipea.org\/tr\/rakamlarla-bipea\/","og_site_name":"Bipea","article_publisher":"https:\/\/www.facebook.com\/Bipea-Proficiency-Testing-Programs-1726595444310313\/","article_modified_time":"2022-10-13T12:33:52+00:00","twitter_card":"summary_large_image","twitter_site":"@BipeaP","twitter_misc":{"Tahmini okuma s\u00fcresi":"1 dakika"},"schema":{"@context":"https:\/\/schema.org","@graph":[{"@type":"WebPage","@id":"https:\/\/www.bipea.org\/tr\/rakamlarla-bipea\/","url":"https:\/\/www.bipea.org\/tr\/rakamlarla-bipea\/","name":"RAKAMLARLA BIPEA - Bipea","isPartOf":{"@id":"https:\/\/www.bipea.org\/tr\/#website"},"datePublished":"2017-12-24T17:39:07+00:00","dateModified":"2022-10-13T12:33:52+00:00","breadcrumb":{"@id":"https:\/\/www.bipea.org\/tr\/rakamlarla-bipea\/#breadcrumb"},"inLanguage":"tr","potentialAction":[{"@type":"ReadAction","target":["https:\/\/www.bipea.org\/tr\/rakamlarla-bipea\/"]}]},{"@type":"BreadcrumbList","@id":"https:\/\/www.bipea.org\/tr\/rakamlarla-bipea\/#breadcrumb","itemListElement":[{"@type":"ListItem","position":1,"name":"Accueil","item":"https:\/\/www.bipea.org\/tr\/"},{"@type":"ListItem","position":2,"name":"RAKAMLARLA BIPEA"}]},{"@type":"WebSite","@id":"https:\/\/www.bipea.org\/tr\/#website","url":"https:\/\/www.bipea.org\/tr\/","name":"Bipea","description":"","potentialAction":[{"@type":"SearchAction","target":{"@type":"EntryPoint","urlTemplate":"https:\/\/www.bipea.org\/tr\/?s={search_term_string}"},"query-input":{"@type":"PropertyValueSpecification","valueRequired":true,"valueName":"search_term_string"}}],"inLanguage":"tr"}]}},"_links":{"self":[{"href":"https:\/\/www.bipea.org\/tr\/wp-json\/wp\/v2\/pages\/12686","targetHints":{"allow":["GET"]}}],"collection":[{"href":"https:\/\/www.bipea.org\/tr\/wp-json\/wp\/v2\/pages"}],"about":[{"href":"https:\/\/www.bipea.org\/tr\/wp-json\/wp\/v2\/types\/page"}],"author":[{"embeddable":true,"href":"https:\/\/www.bipea.org\/tr\/wp-json\/wp\/v2\/users\/1"}],"replies":[{"embeddable":true,"href":"https:\/\/www.bipea.org\/tr\/wp-json\/wp\/v2\/comments?post=12686"}],"version-history":[{"count":6,"href":"https:\/\/www.bipea.org\/tr\/wp-json\/wp\/v2\/pages\/12686\/revisions"}],"predecessor-version":[{"id":18771,"href":"https:\/\/www.bipea.org\/tr\/wp-json\/wp\/v2\/pages\/12686\/revisions\/18771"}],"wp:attachment":[{"href":"https:\/\/www.bipea.org\/tr\/wp-json\/wp\/v2\/media?parent=12686"}],"curies":[{"name":"wp","href":"https:\/\/api.w.org\/{rel}","templated":true}]}}