{"id":12673,"date":"2017-12-21T23:57:19","date_gmt":"2017-12-21T22:57:19","guid":{"rendered":"https:\/\/www.bipea.org\/organization-of-our-association\/"},"modified":"2022-10-13T14:31:07","modified_gmt":"2022-10-13T12:31:07","slug":"kurulusumuzun-yapisi","status":"publish","type":"page","link":"https:\/\/www.bipea.org\/tr\/kurulusumuzun-yapisi\/","title":{"rendered":"KURULU\u015eUMUZUN YAPISI"},"content":{"rendered":"<div class=\"fusion-fullwidth fullwidth-box fusion-builder-row-1 nonhundred-percent-fullwidth non-hundred-percent-height-scrolling\" style=\"--awb-border-radius-top-left:0px;--awb-border-radius-top-right:0px;--awb-border-radius-bottom-right:0px;--awb-border-radius-bottom-left:0px;--awb-flex-wrap:wrap;\" ><div class=\"fusion-builder-row fusion-row\"><div class=\"fusion-layout-column fusion_builder_column fusion-builder-column-0 fusion_builder_column_1_2 1_2 fusion-one-half fusion-column-first\" style=\"--awb-bg-size:cover;width:50%;width:calc(50% - ( ( 4% ) * 0.5 ) );margin-right: 4%;\"><div class=\"fusion-column-wrapper fusion-flex-column-wrapper-legacy\"><div class=\"fusion-text fusion-text-1\"><p class=\"font_8\" style=\"text-align: justify;\"><span style=\"font-size: 14pt;\"><span style=\"font-weight: bold;\">BIPEA , bir genel kurul, teknik y\u00f6netim kurulu, bilimsel dan\u0131\u015fman gruplar\u0131, ve operasyonlar\u0131n y\u00fcr\u00fct\u00fcld\u00fc\u011f\u00fc bir b\u00fcrodan olu\u015fur. <\/span>B\u00fct\u00fcn bu olu\u015fumlar organizasyonu idari ve teknik konularda y\u00f6netir.<\/span><\/p>\n<p class=\"font_8\" style=\"text-align: justify;\"><span class=\"wixGuard\" style=\"font-size: 14pt;\">\u200b<\/span><\/p>\n<p class=\"font_8\" style=\"text-align: justify;\"><span class=\"wixGuard\" style=\"font-size: 14pt;\">\u200b<\/span><\/p>\n<p class=\"font_8\" style=\"text-align: justify;\"><span style=\"font-size: 14pt;\">BIPEA B\u00dcROSU i\u015fin operasyonel y\u00f6netiminden, organizasyon i\u015flerinden\u00a0 ve idari k\u0131sm\u0131ndan sorumludur. Yeterlilik Test Programlar\u0131n\u0131n m\u00fckemmel \u015fekilde y\u00f6netilmesi i\u00e7in BIPEA\u00a0 a\u015fa\u011f\u0131daki dan\u0131\u015fman gruplar\u0131ya birlikte \u00e7al\u0131\u015f\u0131r.<\/span><\/p>\n<p class=\"font_8\" style=\"text-align: justify;\"><span class=\"wixGuard\" style=\"font-size: 14pt;\">\u200b<\/span><\/p>\n<ul class=\"font_8\" style=\"text-align: justify;\">\n<li>\n<p class=\"font_8\"><span style=\"font-size: 14pt;\"><span style=\"font-weight: bold;\">Bilimsel dan\u0131\u015fmanlar, <\/span>BIPEA\u2019YA bilimsel ve teknik anlamda politikas\u0131n\u0131 belirlemeye yard\u0131mc\u0131 olmakla g\u00f6revlidir.<\/span><\/p>\n<\/li>\n<\/ul>\n<ul class=\"font_8\" style=\"text-align: justify;\">\n<li>\n<p class=\"font_8\"><span style=\"font-size: 14pt;\"><span style=\"font-weight: bold;\">Teknik Y\u00f6netim Kurulu, <\/span>BIPEA\u2019n\u0131n bilimsel ve teknik yard\u0131mc\u0131s\u0131d\u0131r. Bilimsel dan\u0131\u015fman ve komitelerden olu\u015fur.<\/span><\/p>\n<\/li>\n<\/ul>\n<ul class=\"font_8\" style=\"text-align: justify;\">\n<li>\n<p class=\"font_8\"><span style=\"font-size: 14pt;\"><span style=\"font-weight: bold;\">Spesifik komiteler, <\/span>her yeterlilik test program\u0131 i\u00e7in olu\u015fturulmu\u015ftur. Program kat\u0131l\u0131mc\u0131lar\u0131ndan olu\u015fur. Bu komiteler \u00e7o\u011funlukla bir forum \u015feklidedir ve her kat\u0131l\u0131mc\u0131ya programla ilgili \u00e7e\u015fitli konularda kendilerini ifade etme imkan\u0131 tan\u0131r. Yeterlilklik test Program\u0131n\u0131n iyile\u015ftirilmesi i\u00e7in teklifler ve tavsiyelerini dile getirebilirler.<\/span><\/p>\n<\/li>\n<\/ul>\n<p class=\"font_8\"><span class=\"wixGuard\" style=\"font-size: 14pt;\">\u200b<\/span><\/p>\n<p class=\"font_8\" style=\"text-align: justify;\"><span style=\"font-size: 14pt;\"><span style=\"font-weight: bold;\">Teknik Gruplar, <\/span>ilgili alanda yetkinlikleri ispatlanm\u0131\u015f kompedan ki\u015fi ve komitelerden olu\u015fturulmu\u015ftur. Bu teknik gruplar\u0131n \u00fcyeleri \u00e7o\u011funlukla laboratuvarlar\u0131n standardizasyon ve akreditasyon sorumlular\u0131d\u0131r. Bunlar laboratuvarlar\u0131n performanslar\u0131n\u0131n de\u011ferlendirilmeleri i\u00e7in tavsiyelerde bulunmak, yeterlilik test sonu\u00e7lar\u0131n\u0131n onay\u0131, yeni metotlar\u0131n haz\u0131rlanmas\u0131nda rol oynarlar.<\/span><\/p>\n<\/div><div class=\"fusion-clearfix\"><\/div><\/div><\/div><div class=\"fusion-layout-column fusion_builder_column fusion-builder-column-1 fusion_builder_column_1_2 1_2 fusion-one-half fusion-column-last\" style=\"--awb-bg-size:cover;width:50%;width:calc(50% - ( ( 4% ) * 0.5 ) );\"><div class=\"fusion-column-wrapper fusion-flex-column-wrapper-legacy\"><div class=\"fusion-text fusion-text-2\"><p><img decoding=\"async\" class=\"alignnone wp-image-12677 size-full\" src=\"https:\/\/www.bipea.org\/wp-content\/uploads\/2018\/01\/charttr.png\" alt=\"\" width=\"561\" height=\"691\" srcset=\"https:\/\/www.bipea.org\/wp-content\/uploads\/2018\/01\/charttr-200x246.png 200w, https:\/\/www.bipea.org\/wp-content\/uploads\/2018\/01\/charttr-244x300.png 244w, https:\/\/www.bipea.org\/wp-content\/uploads\/2018\/01\/charttr-400x493.png 400w, https:\/\/www.bipea.org\/wp-content\/uploads\/2018\/01\/charttr.png 561w\" sizes=\"(max-width: 561px) 100vw, 561px\" \/><\/p>\n<\/div><div class=\"fusion-clearfix\"><\/div><\/div><\/div><\/div><\/div>\n","protected":false},"excerpt":{"rendered":"","protected":false},"author":1,"featured_media":0,"parent":0,"menu_order":0,"comment_status":"closed","ping_status":"closed","template":"","meta":{"footnotes":""},"class_list":["post-12673","page","type-page","status-publish","hentry"],"yoast_head":"<!-- This site is optimized with the Yoast SEO plugin v27.0 - https:\/\/yoast.com\/product\/yoast-seo-wordpress\/ -->\n<title>KURULU\u015eUMUZUN YAPISI - Bipea<\/title>\n<meta name=\"robots\" content=\"index, follow, max-snippet:-1, max-image-preview:large, max-video-preview:-1\" \/>\n<link rel=\"canonical\" href=\"https:\/\/www.bipea.org\/tr\/kurulusumuzun-yapisi\/\" \/>\n<meta property=\"og:locale\" content=\"tr_TR\" \/>\n<meta property=\"og:type\" content=\"article\" \/>\n<meta property=\"og:title\" content=\"KURULU\u015eUMUZUN YAPISI - Bipea\" \/>\n<meta property=\"og:url\" content=\"https:\/\/www.bipea.org\/tr\/kurulusumuzun-yapisi\/\" \/>\n<meta property=\"og:site_name\" content=\"Bipea\" \/>\n<meta property=\"article:publisher\" content=\"https:\/\/www.facebook.com\/Bipea-Proficiency-Testing-Programs-1726595444310313\/\" \/>\n<meta property=\"article:modified_time\" content=\"2022-10-13T12:31:07+00:00\" \/>\n<meta property=\"og:image\" content=\"https:\/\/www.bipea.org\/wp-content\/uploads\/2018\/01\/charttr.png\" \/>\n<meta name=\"twitter:card\" content=\"summary_large_image\" \/>\n<meta name=\"twitter:site\" content=\"@BipeaP\" \/>\n<meta name=\"twitter:label1\" content=\"Tahmini okuma s\u00fcresi\" \/>\n\t<meta name=\"twitter:data1\" content=\"2 dakika\" \/>\n<script type=\"application\/ld+json\" class=\"yoast-schema-graph\">{\"@context\":\"https:\/\/schema.org\",\"@graph\":[{\"@type\":\"WebPage\",\"@id\":\"https:\/\/www.bipea.org\/tr\/kurulusumuzun-yapisi\/\",\"url\":\"https:\/\/www.bipea.org\/tr\/kurulusumuzun-yapisi\/\",\"name\":\"KURULU\u015eUMUZUN YAPISI - Bipea\",\"isPartOf\":{\"@id\":\"https:\/\/www.bipea.org\/tr\/#website\"},\"primaryImageOfPage\":{\"@id\":\"https:\/\/www.bipea.org\/tr\/kurulusumuzun-yapisi\/#primaryimage\"},\"image\":{\"@id\":\"https:\/\/www.bipea.org\/tr\/kurulusumuzun-yapisi\/#primaryimage\"},\"thumbnailUrl\":\"https:\/\/www.bipea.org\/wp-content\/uploads\/2018\/01\/charttr.png\",\"datePublished\":\"2017-12-21T22:57:19+00:00\",\"dateModified\":\"2022-10-13T12:31:07+00:00\",\"breadcrumb\":{\"@id\":\"https:\/\/www.bipea.org\/tr\/kurulusumuzun-yapisi\/#breadcrumb\"},\"inLanguage\":\"tr\",\"potentialAction\":[{\"@type\":\"ReadAction\",\"target\":[\"https:\/\/www.bipea.org\/tr\/kurulusumuzun-yapisi\/\"]}]},{\"@type\":\"ImageObject\",\"inLanguage\":\"tr\",\"@id\":\"https:\/\/www.bipea.org\/tr\/kurulusumuzun-yapisi\/#primaryimage\",\"url\":\"https:\/\/www.bipea.org\/wp-content\/uploads\/2018\/01\/charttr.png\",\"contentUrl\":\"https:\/\/www.bipea.org\/wp-content\/uploads\/2018\/01\/charttr.png\"},{\"@type\":\"BreadcrumbList\",\"@id\":\"https:\/\/www.bipea.org\/tr\/kurulusumuzun-yapisi\/#breadcrumb\",\"itemListElement\":[{\"@type\":\"ListItem\",\"position\":1,\"name\":\"Accueil\",\"item\":\"https:\/\/www.bipea.org\/tr\/\"},{\"@type\":\"ListItem\",\"position\":2,\"name\":\"KURULU\u015eUMUZUN YAPISI\"}]},{\"@type\":\"WebSite\",\"@id\":\"https:\/\/www.bipea.org\/tr\/#website\",\"url\":\"https:\/\/www.bipea.org\/tr\/\",\"name\":\"Bipea\",\"description\":\"\",\"potentialAction\":[{\"@type\":\"SearchAction\",\"target\":{\"@type\":\"EntryPoint\",\"urlTemplate\":\"https:\/\/www.bipea.org\/tr\/?s={search_term_string}\"},\"query-input\":{\"@type\":\"PropertyValueSpecification\",\"valueRequired\":true,\"valueName\":\"search_term_string\"}}],\"inLanguage\":\"tr\"}]}<\/script>\n<!-- \/ Yoast SEO plugin. -->","yoast_head_json":{"title":"KURULU\u015eUMUZUN YAPISI - Bipea","robots":{"index":"index","follow":"follow","max-snippet":"max-snippet:-1","max-image-preview":"max-image-preview:large","max-video-preview":"max-video-preview:-1"},"canonical":"https:\/\/www.bipea.org\/tr\/kurulusumuzun-yapisi\/","og_locale":"tr_TR","og_type":"article","og_title":"KURULU\u015eUMUZUN YAPISI - Bipea","og_url":"https:\/\/www.bipea.org\/tr\/kurulusumuzun-yapisi\/","og_site_name":"Bipea","article_publisher":"https:\/\/www.facebook.com\/Bipea-Proficiency-Testing-Programs-1726595444310313\/","article_modified_time":"2022-10-13T12:31:07+00:00","og_image":[{"url":"https:\/\/www.bipea.org\/wp-content\/uploads\/2018\/01\/charttr.png","type":"","width":"","height":""}],"twitter_card":"summary_large_image","twitter_site":"@BipeaP","twitter_misc":{"Tahmini okuma s\u00fcresi":"2 dakika"},"schema":{"@context":"https:\/\/schema.org","@graph":[{"@type":"WebPage","@id":"https:\/\/www.bipea.org\/tr\/kurulusumuzun-yapisi\/","url":"https:\/\/www.bipea.org\/tr\/kurulusumuzun-yapisi\/","name":"KURULU\u015eUMUZUN YAPISI - Bipea","isPartOf":{"@id":"https:\/\/www.bipea.org\/tr\/#website"},"primaryImageOfPage":{"@id":"https:\/\/www.bipea.org\/tr\/kurulusumuzun-yapisi\/#primaryimage"},"image":{"@id":"https:\/\/www.bipea.org\/tr\/kurulusumuzun-yapisi\/#primaryimage"},"thumbnailUrl":"https:\/\/www.bipea.org\/wp-content\/uploads\/2018\/01\/charttr.png","datePublished":"2017-12-21T22:57:19+00:00","dateModified":"2022-10-13T12:31:07+00:00","breadcrumb":{"@id":"https:\/\/www.bipea.org\/tr\/kurulusumuzun-yapisi\/#breadcrumb"},"inLanguage":"tr","potentialAction":[{"@type":"ReadAction","target":["https:\/\/www.bipea.org\/tr\/kurulusumuzun-yapisi\/"]}]},{"@type":"ImageObject","inLanguage":"tr","@id":"https:\/\/www.bipea.org\/tr\/kurulusumuzun-yapisi\/#primaryimage","url":"https:\/\/www.bipea.org\/wp-content\/uploads\/2018\/01\/charttr.png","contentUrl":"https:\/\/www.bipea.org\/wp-content\/uploads\/2018\/01\/charttr.png"},{"@type":"BreadcrumbList","@id":"https:\/\/www.bipea.org\/tr\/kurulusumuzun-yapisi\/#breadcrumb","itemListElement":[{"@type":"ListItem","position":1,"name":"Accueil","item":"https:\/\/www.bipea.org\/tr\/"},{"@type":"ListItem","position":2,"name":"KURULU\u015eUMUZUN YAPISI"}]},{"@type":"WebSite","@id":"https:\/\/www.bipea.org\/tr\/#website","url":"https:\/\/www.bipea.org\/tr\/","name":"Bipea","description":"","potentialAction":[{"@type":"SearchAction","target":{"@type":"EntryPoint","urlTemplate":"https:\/\/www.bipea.org\/tr\/?s={search_term_string}"},"query-input":{"@type":"PropertyValueSpecification","valueRequired":true,"valueName":"search_term_string"}}],"inLanguage":"tr"}]}},"_links":{"self":[{"href":"https:\/\/www.bipea.org\/tr\/wp-json\/wp\/v2\/pages\/12673","targetHints":{"allow":["GET"]}}],"collection":[{"href":"https:\/\/www.bipea.org\/tr\/wp-json\/wp\/v2\/pages"}],"about":[{"href":"https:\/\/www.bipea.org\/tr\/wp-json\/wp\/v2\/types\/page"}],"author":[{"embeddable":true,"href":"https:\/\/www.bipea.org\/tr\/wp-json\/wp\/v2\/users\/1"}],"replies":[{"embeddable":true,"href":"https:\/\/www.bipea.org\/tr\/wp-json\/wp\/v2\/comments?post=12673"}],"version-history":[{"count":3,"href":"https:\/\/www.bipea.org\/tr\/wp-json\/wp\/v2\/pages\/12673\/revisions"}],"predecessor-version":[{"id":18770,"href":"https:\/\/www.bipea.org\/tr\/wp-json\/wp\/v2\/pages\/12673\/revisions\/18770"}],"wp:attachment":[{"href":"https:\/\/www.bipea.org\/tr\/wp-json\/wp\/v2\/media?parent=12673"}],"curies":[{"name":"wp","href":"https:\/\/api.w.org\/{rel}","templated":true}]}}