{"id":12659,"date":"2017-12-24T18:32:57","date_gmt":"2017-12-24T17:32:57","guid":{"rendered":"https:\/\/www.bipea.org\/quality\/"},"modified":"2025-05-12T10:13:52","modified_gmt":"2025-05-12T08:13:52","slug":"kalite","status":"publish","type":"page","link":"https:\/\/www.bipea.org\/tr\/kalite\/","title":{"rendered":"KAL\u0130TE"},"content":{"rendered":"<div class=\"fusion-fullwidth fullwidth-box fusion-builder-row-1 nonhundred-percent-fullwidth non-hundred-percent-height-scrolling\" style=\"--awb-border-radius-top-left:0px;--awb-border-radius-top-right:0px;--awb-border-radius-bottom-right:0px;--awb-border-radius-bottom-left:0px;--awb-flex-wrap:wrap;\" ><div class=\"fusion-builder-row fusion-row\"><div class=\"fusion-layout-column fusion_builder_column fusion-builder-column-0 fusion_builder_column_1_1 1_1 fusion-one-full fusion-column-first fusion-column-last\" style=\"--awb-bg-size:cover;--awb-margin-bottom:0px;\"><div class=\"fusion-column-wrapper fusion-flex-column-wrapper-legacy\"><div class=\"fusion-text fusion-text-1\"><p class=\"font_8\" style=\"text-align: justify;\"><span style=\"font-weight: bold; font-size: 14pt;\">\u0130\u015fimiz, kalite<\/span><\/p>\n<p class=\"font_8\" style=\"text-align: justify;\"><span style=\"font-size: 14pt;\">Kalite politikas\u0131 BIPEA i\u00e7in \u00e7ok \u00f6nemlidir. ISO\/IEC 17043 akreditasyonu sayesinde laboratuvarlara yeterlilik testi d\u00fczenleme konusundaki etkinli\u011fimizi garanti ediyoruz.<\/span><\/p>\n<p class=\"font_8\" style=\"text-align: justify;\"><span class=\"wixGuard\" style=\"font-size: 14pt;\">\u200b<\/span><\/p>\n<p class=\"font_8\" style=\"text-align: justify;\"><strong><span style=\"color: #0076b3; font-size: 14pt;\">ISO 17043 AKRED\u0130TASYONU<\/span><\/strong><\/p>\n<p class=\"font_8\"><span style=\"font-size: 14pt;\">BIPEA, yeterlilik test programlar\u0131 d\u00fczenleme konusundaki NF EN ISO \/ EIC 17043 standart\u0131na g\u00f6re COFRAC taraf\u0131ndan akredite edilmi\u015ftir.<\/span><\/p>\n<p class=\"font_8\"><span style=\"font-size: 14pt;\">Akredistasyon Nisan 2004 de al\u0131nm\u0131\u015ft\u0131r,.<\/span><\/p>\n<p class=\"font_8\"><span style=\"font-size: 14pt;\">BIPEA, Haziran 2016 dan bu yana, LAB CIL REF 08 standart\u0131n\u0131n gerekliliklerine g\u00f6re COFRAC taraf\u0131ndan \u00a0geni\u015f bir kapsamda akredite edilmi\u015ftir.<\/span><\/p>\n<p class=\"font_8\"><span style=\"font-weight: bold; font-size: 14pt;\">Akreditasyon numaras\u0131: 1-1495<\/span><\/p>\n<p class=\"font_8\"><span style=\"font-size: 14pt;\">Bu akreditasyonun kapsam\u0131 COFRAC\u2019\u0131n web sitesine g\u00f6r\u00fclebilir.www.cofrac.fr<\/span><\/p>\n<p class=\"font_8\"><span style=\"text-decoration: underline; font-size: 14pt;\"><a href=\"https:\/\/extranet.bipea.org\/documents\/information\/GB\/Detailed-scope-COFRAC.pdf\" target=\"_blank\" rel=\"noopener\" data-content=\"https:\/\/extranet.bipea.org\/documents\/information\/GB\/Detailed-scope-COFRAC.pdf\" data-type=\"external\"><span style=\"font-style: italic;\">Akreditasyonumuzun kapsam\u0131n\u0131 indir<\/span><\/a><\/span><\/p>\n<\/div><div class=\"fusion-sep-clear\"><\/div><div class=\"fusion-separator fusion-full-width-sep\" style=\"margin-left: auto;margin-right: auto;margin-top:40px;width:100%;\"><\/div><div class=\"fusion-sep-clear\"><\/div><div class=\"fusion-clearfix\"><\/div><\/div><\/div><div class=\"fusion-layout-column fusion_builder_column fusion-builder-column-1 fusion_builder_column_1_2 1_2 fusion-one-half fusion-column-first\" style=\"--awb-bg-size:cover;width:50%;width:calc(50% - ( ( 4% ) * 0.5 ) );margin-right: 4%;\"><div class=\"fusion-column-wrapper fusion-flex-column-wrapper-legacy\"><div class=\"fusion-text fusion-text-2\"><p><img decoding=\"async\" class=\"alignnone size-full wp-image-12162\" src=\"https:\/\/www.bipea.org\/wp-content\/uploads\/2017\/12\/70c41a_e58d66e8c1b044d0be475d7af40c8e61mv2.jpg\" alt=\"\" width=\"108\" height=\"116\" \/><\/p>\n<h2>AKRED\u0130TASYON<\/h2>\n<p>Kapsam 1-1495<br \/>\n04.2004<\/p>\n<\/div><div class=\"fusion-clearfix\"><\/div><\/div><\/div><\/div><\/div>\n","protected":false},"excerpt":{"rendered":"","protected":false},"author":1,"featured_media":0,"parent":0,"menu_order":0,"comment_status":"closed","ping_status":"closed","template":"","meta":{"footnotes":""},"class_list":["post-12659","page","type-page","status-publish","hentry"],"yoast_head":"<!-- This site is optimized with the Yoast SEO plugin v27.0 - https:\/\/yoast.com\/product\/yoast-seo-wordpress\/ -->\n<title>KAL\u0130TE - Bipea<\/title>\n<meta name=\"robots\" content=\"index, follow, max-snippet:-1, max-image-preview:large, max-video-preview:-1\" \/>\n<link rel=\"canonical\" href=\"https:\/\/www.bipea.org\/tr\/kalite\/\" \/>\n<meta property=\"og:locale\" content=\"tr_TR\" \/>\n<meta property=\"og:type\" content=\"article\" \/>\n<meta property=\"og:title\" content=\"KAL\u0130TE - Bipea\" \/>\n<meta property=\"og:url\" content=\"https:\/\/www.bipea.org\/tr\/kalite\/\" \/>\n<meta property=\"og:site_name\" content=\"Bipea\" \/>\n<meta property=\"article:publisher\" content=\"https:\/\/www.facebook.com\/Bipea-Proficiency-Testing-Programs-1726595444310313\/\" \/>\n<meta property=\"article:modified_time\" content=\"2025-05-12T08:13:52+00:00\" \/>\n<meta property=\"og:image\" content=\"https:\/\/www.bipea.org\/wp-content\/uploads\/2017\/12\/70c41a_e58d66e8c1b044d0be475d7af40c8e61mv2.jpg\" \/>\n\t<meta property=\"og:image:width\" content=\"108\" \/>\n\t<meta property=\"og:image:height\" content=\"116\" \/>\n\t<meta property=\"og:image:type\" content=\"image\/jpeg\" \/>\n<meta name=\"twitter:card\" content=\"summary_large_image\" \/>\n<meta name=\"twitter:site\" content=\"@BipeaP\" \/>\n<meta name=\"twitter:label1\" content=\"Tahmini okuma s\u00fcresi\" \/>\n\t<meta name=\"twitter:data1\" content=\"2 dakika\" \/>\n<script type=\"application\/ld+json\" class=\"yoast-schema-graph\">{\"@context\":\"https:\/\/schema.org\",\"@graph\":[{\"@type\":\"WebPage\",\"@id\":\"https:\/\/www.bipea.org\/tr\/kalite\/\",\"url\":\"https:\/\/www.bipea.org\/tr\/kalite\/\",\"name\":\"KAL\u0130TE - Bipea\",\"isPartOf\":{\"@id\":\"https:\/\/www.bipea.org\/tr\/#website\"},\"primaryImageOfPage\":{\"@id\":\"https:\/\/www.bipea.org\/tr\/kalite\/#primaryimage\"},\"image\":{\"@id\":\"https:\/\/www.bipea.org\/tr\/kalite\/#primaryimage\"},\"thumbnailUrl\":\"https:\/\/www.bipea.org\/wp-content\/uploads\/2017\/12\/70c41a_e58d66e8c1b044d0be475d7af40c8e61mv2.jpg\",\"datePublished\":\"2017-12-24T17:32:57+00:00\",\"dateModified\":\"2025-05-12T08:13:52+00:00\",\"breadcrumb\":{\"@id\":\"https:\/\/www.bipea.org\/tr\/kalite\/#breadcrumb\"},\"inLanguage\":\"tr\",\"potentialAction\":[{\"@type\":\"ReadAction\",\"target\":[\"https:\/\/www.bipea.org\/tr\/kalite\/\"]}]},{\"@type\":\"ImageObject\",\"inLanguage\":\"tr\",\"@id\":\"https:\/\/www.bipea.org\/tr\/kalite\/#primaryimage\",\"url\":\"https:\/\/www.bipea.org\/wp-content\/uploads\/2017\/12\/70c41a_e58d66e8c1b044d0be475d7af40c8e61mv2.jpg\",\"contentUrl\":\"https:\/\/www.bipea.org\/wp-content\/uploads\/2017\/12\/70c41a_e58d66e8c1b044d0be475d7af40c8e61mv2.jpg\"},{\"@type\":\"BreadcrumbList\",\"@id\":\"https:\/\/www.bipea.org\/tr\/kalite\/#breadcrumb\",\"itemListElement\":[{\"@type\":\"ListItem\",\"position\":1,\"name\":\"Accueil\",\"item\":\"https:\/\/www.bipea.org\/tr\/\"},{\"@type\":\"ListItem\",\"position\":2,\"name\":\"KAL\u0130TE\"}]},{\"@type\":\"WebSite\",\"@id\":\"https:\/\/www.bipea.org\/tr\/#website\",\"url\":\"https:\/\/www.bipea.org\/tr\/\",\"name\":\"Bipea\",\"description\":\"\",\"potentialAction\":[{\"@type\":\"SearchAction\",\"target\":{\"@type\":\"EntryPoint\",\"urlTemplate\":\"https:\/\/www.bipea.org\/tr\/?s={search_term_string}\"},\"query-input\":{\"@type\":\"PropertyValueSpecification\",\"valueRequired\":true,\"valueName\":\"search_term_string\"}}],\"inLanguage\":\"tr\"}]}<\/script>\n<!-- \/ Yoast SEO plugin. -->","yoast_head_json":{"title":"KAL\u0130TE - Bipea","robots":{"index":"index","follow":"follow","max-snippet":"max-snippet:-1","max-image-preview":"max-image-preview:large","max-video-preview":"max-video-preview:-1"},"canonical":"https:\/\/www.bipea.org\/tr\/kalite\/","og_locale":"tr_TR","og_type":"article","og_title":"KAL\u0130TE - Bipea","og_url":"https:\/\/www.bipea.org\/tr\/kalite\/","og_site_name":"Bipea","article_publisher":"https:\/\/www.facebook.com\/Bipea-Proficiency-Testing-Programs-1726595444310313\/","article_modified_time":"2025-05-12T08:13:52+00:00","og_image":[{"width":108,"height":116,"url":"https:\/\/www.bipea.org\/wp-content\/uploads\/2017\/12\/70c41a_e58d66e8c1b044d0be475d7af40c8e61mv2.jpg","type":"image\/jpeg"}],"twitter_card":"summary_large_image","twitter_site":"@BipeaP","twitter_misc":{"Tahmini okuma s\u00fcresi":"2 dakika"},"schema":{"@context":"https:\/\/schema.org","@graph":[{"@type":"WebPage","@id":"https:\/\/www.bipea.org\/tr\/kalite\/","url":"https:\/\/www.bipea.org\/tr\/kalite\/","name":"KAL\u0130TE - Bipea","isPartOf":{"@id":"https:\/\/www.bipea.org\/tr\/#website"},"primaryImageOfPage":{"@id":"https:\/\/www.bipea.org\/tr\/kalite\/#primaryimage"},"image":{"@id":"https:\/\/www.bipea.org\/tr\/kalite\/#primaryimage"},"thumbnailUrl":"https:\/\/www.bipea.org\/wp-content\/uploads\/2017\/12\/70c41a_e58d66e8c1b044d0be475d7af40c8e61mv2.jpg","datePublished":"2017-12-24T17:32:57+00:00","dateModified":"2025-05-12T08:13:52+00:00","breadcrumb":{"@id":"https:\/\/www.bipea.org\/tr\/kalite\/#breadcrumb"},"inLanguage":"tr","potentialAction":[{"@type":"ReadAction","target":["https:\/\/www.bipea.org\/tr\/kalite\/"]}]},{"@type":"ImageObject","inLanguage":"tr","@id":"https:\/\/www.bipea.org\/tr\/kalite\/#primaryimage","url":"https:\/\/www.bipea.org\/wp-content\/uploads\/2017\/12\/70c41a_e58d66e8c1b044d0be475d7af40c8e61mv2.jpg","contentUrl":"https:\/\/www.bipea.org\/wp-content\/uploads\/2017\/12\/70c41a_e58d66e8c1b044d0be475d7af40c8e61mv2.jpg"},{"@type":"BreadcrumbList","@id":"https:\/\/www.bipea.org\/tr\/kalite\/#breadcrumb","itemListElement":[{"@type":"ListItem","position":1,"name":"Accueil","item":"https:\/\/www.bipea.org\/tr\/"},{"@type":"ListItem","position":2,"name":"KAL\u0130TE"}]},{"@type":"WebSite","@id":"https:\/\/www.bipea.org\/tr\/#website","url":"https:\/\/www.bipea.org\/tr\/","name":"Bipea","description":"","potentialAction":[{"@type":"SearchAction","target":{"@type":"EntryPoint","urlTemplate":"https:\/\/www.bipea.org\/tr\/?s={search_term_string}"},"query-input":{"@type":"PropertyValueSpecification","valueRequired":true,"valueName":"search_term_string"}}],"inLanguage":"tr"}]}},"_links":{"self":[{"href":"https:\/\/www.bipea.org\/tr\/wp-json\/wp\/v2\/pages\/12659","targetHints":{"allow":["GET"]}}],"collection":[{"href":"https:\/\/www.bipea.org\/tr\/wp-json\/wp\/v2\/pages"}],"about":[{"href":"https:\/\/www.bipea.org\/tr\/wp-json\/wp\/v2\/types\/page"}],"author":[{"embeddable":true,"href":"https:\/\/www.bipea.org\/tr\/wp-json\/wp\/v2\/users\/1"}],"replies":[{"embeddable":true,"href":"https:\/\/www.bipea.org\/tr\/wp-json\/wp\/v2\/comments?post=12659"}],"version-history":[{"count":10,"href":"https:\/\/www.bipea.org\/tr\/wp-json\/wp\/v2\/pages\/12659\/revisions"}],"predecessor-version":[{"id":22866,"href":"https:\/\/www.bipea.org\/tr\/wp-json\/wp\/v2\/pages\/12659\/revisions\/22866"}],"wp:attachment":[{"href":"https:\/\/www.bipea.org\/tr\/wp-json\/wp\/v2\/media?parent=12659"}],"curies":[{"name":"wp","href":"https:\/\/api.w.org\/{rel}","templated":true}]}}