{"id":12646,"date":"2018-01-01T20:42:07","date_gmt":"2018-01-01T19:42:07","guid":{"rendered":"https:\/\/www.bipea.org\/?page_id=12646\/"},"modified":"2022-10-13T16:52:19","modified_gmt":"2022-10-13T14:52:19","slug":"islevi-ve-hizmetleri","status":"publish","type":"page","link":"https:\/\/www.bipea.org\/tr\/islevi-ve-hizmetleri\/","title":{"rendered":"\u0130\u015eLEV\u0130 VE H\u0130ZMETLER\u0130"},"content":{"rendered":"<p class=\"font_8\" style=\"text-align: justify;\"><strong><span style=\"color: #0076b3; font-size: 14pt;\">BIPEA&#8217; NIN M\u0130SYONU<\/span><\/strong><\/p>\n<p class=\"font_8\" style=\"text-align: justify;\"><span style=\"color: #0076b3; font-size: 14pt;\"><span class=\"wixGuard\">\u200b<\/span><\/span><\/p>\n<p class=\"font_8\" style=\"text-align: justify;\"><span style=\"color: #2f2e2e; font-size: 14pt;\">BIPEA, laboratuvarlar\u0131n analitik performanslar\u0131n\u0131 iyile\u015ftirmek i\u00e7in \u00e7al\u0131\u015f\u0131r. Temel misyonu d\u00fcnyada ve Avrupa\u2019da yeterlilik testi programlar\u0131 ve bununla ilgili hizmetler vas\u0131tas\u0131yla laboratuvarlar\u0131n geli\u015fmelerine ve uzmanla\u015fmalar\u0131na destek olmakt\u0131r.<\/span><\/p>\n<p class=\"font_8\" style=\"text-align: justify;\"><span class=\"wixGuard\" style=\"font-size: 14pt;\">\u200b<\/span><\/p>\n<p class=\"font_8\" style=\"text-align: justify;\"><span class=\"wixGuard\" style=\"font-size: 14pt;\">\u200b<\/span><\/p>\n<p class=\"font_8\" style=\"text-align: justify;\"><strong><span style=\"color: #0076b3; font-size: 14pt;\">KAL\u0130TE H\u0130ZMETLER\u0130<\/span><\/strong><\/p>\n<p class=\"font_8\" style=\"text-align: justify;\"><span style=\"font-size: 14pt;\">BIPEA laboratuvarlara, analitik sonu\u00e7lar\u0131n\u0131n kalitesi ve kontrolu i\u00e7in \u00e7e\u015fitli hizmetler sunar:<\/span><\/p>\n<p class=\"font_8\" style=\"text-align: justify;\"><span class=\"wixGuard\" style=\"font-size: 14pt;\">\u200b<\/span><\/p>\n<ul class=\"font_8\" style=\"text-align: justify;\">\n<li>\n<p class=\"font_8\"><span style=\"font-size: 14pt;\"><span style=\"font-weight: bold;\">D\u00fczenli yeterlilik test programlar\u0131<\/span>: \u00c7ok geni\u015f bir parameter yelpazesi ile fiziko\u00a0 kimyasal, mikrobiyolojik, duyusal ve kirleticiler ile ilgili analizler i\u00e7in 220 nin \u00fczerinde d\u00fczenli yeterlilik testi (YT) program\u0131 sunmaktay\u0131z. Aktif oldu\u011fumuz alanlar, yiyecek, i\u00e7ecekler, tah\u0131llar, yem, sular, toprak ve kozmetiktir\u2026<\/span><\/p>\n<\/li>\n<li>\n<p class=\"font_8\"><span style=\"font-size: 14pt;\"><span style=\"font-weight: bold;\">D\u0131\u015f referans materyalleri<\/span>: BIPEA \u00fcyelerine \u00e7ok cazip fiyatlarla d\u0131\u015f referans materyalleri (YT programlar\u0131nda kullan\u0131lan) sunar.<\/span><\/p>\n<\/li>\n<li>\n<p class=\"font_8\"><span style=\"font-size: 14pt;\"><span style=\"font-weight: bold;\">Do\u011fruluk \u0130zleme Grafikleri<\/span>: BIPEA, yeterlilik testi kat\u0131l\u0131mc\u0131lar\u0131na, sonu\u00e7lar\u0131n\u0131n zaman i\u00e7inde\u00a0 do\u011frulu\u011funu izlemeleri i\u00e7in belli kriterler i\u00e7in grafiksel olarak do\u011fruluk\u00a0 izleme tablolar\u0131 sa\u011flar.<\/span><\/p>\n<\/li>\n<li>\n<p class=\"font_8\"><span style=\"font-size: 14pt;\"><span style=\"font-weight: bold;\">\u0130htiyaca \u00d6zel YT programlar\u0131<\/span>: \u0130htiya\u00e7 ve ama\u00e7lar\u0131n\u0131za g\u00f6re, BIPEA, bir grup laboratuvar\u0131n performans\u0131n\u0131 ya da bir metodu veya bir referans material \u00fcretmek amac\u0131yla, spesifik laboratuvarlar aras\u0131 kar\u015f\u0131la\u015ft\u0131rma program\u0131 organize edebilmektedir.<\/span><\/p>\n<\/li>\n<li>\n<p class=\"font_8\"><span style=\"font-size: 14pt;\"><span style=\"font-weight: bold;\">Teknik kontrol ve anla\u015fma<\/span>: Bipea, resmi kurulu\u015flar\u0131n laboratuvarlar\u0131\u00a0 resmi olarak tan\u0131malar\u0131 \u00a0(akredite olmalar\u0131 i\u00e7in) i\u00e7in gerekli teknik de\u011ferlendirmeyi yapabilir.<\/span><\/p>\n<\/li>\n<li>\n<p class=\"font_8\"><span style=\"font-size: 14pt;\"><span style=\"font-weight: bold;\">E\u011fitim Toplant\u0131lar\u0131<\/span>: BIPEA teknik konularda teorik ve Pratik e\u011fitim toplant\u0131lar\u0131 organize eder.<\/span><\/p>\n<\/li>\n<\/ul>\n<p><strong><span style=\"color: #0076b3; font-size: 14pt;\"><br \/>\nK\u0130M\u0130N \u0130\u00c7\u0130N?<\/span><\/strong><\/p>\n<p class=\"font_8\"><span style=\"font-size: 14pt;\">Hizmetlerimiz de\u011fi\u015fik matrikslerde (g\u0131da, \u00e7evre, kozmetik) rutin olarak fiziko kimyasal, mikrobiyoloijk ve duyusal analizler yapan laboratuvarlar i\u00e7in haz\u0131rlanm\u0131\u015ft\u0131r.<\/span><\/p>\n<p class=\"font_8\"><span style=\"font-size: 14pt;\">Bunlar akredite olsun olmas\u0131n her kesim ve sekt\u00f6rden laboratuvarlar olabilirler. (kamu, \u00f6zel, end\u00fcstri kalite control laboratuvarlar\u0131..)<\/span><\/p>\n<p>&nbsp;<\/p>\n<p class=\"font_8\" style=\"text-align: justify;\"><span style=\"color: #0076b3; font-size: 14pt;\"><strong>LABORATUVARLARA SA\u011eLADI\u011eI FAYDALAR:<\/strong> <\/span><\/p>\n<p class=\"font_8\" style=\"text-align: justify;\"><span style=\"color: #0076b3; font-size: 14pt;\"><span class=\"wixGuard\">\u200b<\/span><\/span><\/p>\n<ul class=\"font_8\" style=\"text-align: justify;\">\n<li>\n<p class=\"font_8\"><span style=\"font-size: 14pt;\">Analitik sonu\u00e7lar\u0131n\u0131n do\u011frulu\u011funu de\u011ferlendirme imkan\u0131<\/span><\/p>\n<\/li>\n<li>\n<p class=\"font_8\"><span style=\"font-size: 14pt;\">K\u0131sa, orta ve uzun vadede analiz performanslar\u0131n\u0131 kontrol etme ve geli\u015ftirme imkan\u0131<\/span><\/p>\n<\/li>\n<li>\n<p class=\"font_8\"><span style=\"font-size: 14pt;\">Personelin teknik kapasitelerini de\u011ferlendirme\u00a0 ve cihazlar\u0131n iyi \u00e7al\u0131\u015f\u0131p \u00e7al\u0131\u015fmad\u0131\u011f\u0131n\u0131 kontrol imkan\u0131<\/span><\/p>\n<\/li>\n<li>\n<p class=\"font_8\"><span style=\"font-size: 14pt;\">Kalite standartlar\u0131n gerekliliklerini yerine getirme<\/span><\/p>\n<\/li>\n<li>\n<p class=\"font_8\"><span style=\"font-size: 14pt;\">M\u00fc\u015fterilerine \u00fcr\u00fcn ve hizmetlerinin g\u00fcvenilirli\u011fi ve kalitesi hakk\u0131nda g\u00fcven verme<\/span><\/p>\n<\/li>\n<li>\n<p class=\"font_8\"><span style=\"font-size: 14pt;\">M\u00fc\u015fterilerine analitik kapasitelerini g\u00f6sterme imkan\u0131.<\/span><\/p>\n<\/li>\n<\/ul>\n","protected":false},"excerpt":{"rendered":"<p>BIPEA&#8217; NIN M\u0130SYONU \u200b BIPEA, laboratuvarlar\u0131n analitik performanslar\u0131n\u0131 iyile\u015ftirmek i\u00e7in \u00e7al\u0131\u015f\u0131r. Temel misyonu d\u00fcnyada ve Avrupa\u2019da yeterlilik testi programlar\u0131 ve bununla ilgili hizmetler vas\u0131tas\u0131yla laboratuvarlar\u0131n geli\u015fmelerine ve uzmanla\u015fmalar\u0131na destek olmakt\u0131r. \u200b \u200b KAL\u0130TE H\u0130ZMETLER\u0130 BIPEA laboratuvarlara, analitik sonu\u00e7lar\u0131n\u0131n kalitesi ve kontrolu i\u00e7in \u00e7e\u015fitli hizmetler sunar: \u200b D\u00fczenli yeterlilik test programlar\u0131: \u00c7ok geni\u015f bir parameter yelpazesi ile [&hellip;]<\/p>\n","protected":false},"author":1,"featured_media":0,"parent":0,"menu_order":0,"comment_status":"closed","ping_status":"closed","template":"","meta":{"footnotes":""},"class_list":["post-12646","page","type-page","status-publish","hentry"],"yoast_head":"<!-- This site is optimized with the Yoast SEO plugin v27.0 - https:\/\/yoast.com\/product\/yoast-seo-wordpress\/ -->\n<title>\u0130\u015eLEV\u0130 VE H\u0130ZMETLER\u0130 - Bipea<\/title>\n<meta name=\"robots\" content=\"index, follow, max-snippet:-1, max-image-preview:large, max-video-preview:-1\" \/>\n<link rel=\"canonical\" href=\"https:\/\/www.bipea.org\/tr\/islevi-ve-hizmetleri\/\" \/>\n<meta property=\"og:locale\" content=\"tr_TR\" \/>\n<meta property=\"og:type\" content=\"article\" \/>\n<meta property=\"og:title\" content=\"\u0130\u015eLEV\u0130 VE H\u0130ZMETLER\u0130 - Bipea\" \/>\n<meta property=\"og:description\" content=\"BIPEA&#8217; NIN M\u0130SYONU \u200b BIPEA, laboratuvarlar\u0131n analitik performanslar\u0131n\u0131 iyile\u015ftirmek i\u00e7in \u00e7al\u0131\u015f\u0131r. Temel misyonu d\u00fcnyada ve Avrupa\u2019da yeterlilik testi programlar\u0131 ve bununla ilgili hizmetler vas\u0131tas\u0131yla laboratuvarlar\u0131n geli\u015fmelerine ve uzmanla\u015fmalar\u0131na destek olmakt\u0131r. \u200b \u200b KAL\u0130TE H\u0130ZMETLER\u0130 BIPEA laboratuvarlara, analitik sonu\u00e7lar\u0131n\u0131n kalitesi ve kontrolu i\u00e7in \u00e7e\u015fitli hizmetler sunar: \u200b D\u00fczenli yeterlilik test programlar\u0131: \u00c7ok geni\u015f bir parameter yelpazesi ile [&hellip;]\" \/>\n<meta property=\"og:url\" content=\"https:\/\/www.bipea.org\/tr\/islevi-ve-hizmetleri\/\" \/>\n<meta property=\"og:site_name\" content=\"Bipea\" \/>\n<meta property=\"article:publisher\" content=\"https:\/\/www.facebook.com\/Bipea-Proficiency-Testing-Programs-1726595444310313\/\" \/>\n<meta property=\"article:modified_time\" content=\"2022-10-13T14:52:19+00:00\" \/>\n<meta name=\"twitter:card\" content=\"summary_large_image\" \/>\n<meta name=\"twitter:site\" content=\"@BipeaP\" \/>\n<meta name=\"twitter:label1\" content=\"Tahmini okuma s\u00fcresi\" \/>\n\t<meta name=\"twitter:data1\" content=\"2 dakika\" \/>\n<script type=\"application\/ld+json\" class=\"yoast-schema-graph\">{\"@context\":\"https:\/\/schema.org\",\"@graph\":[{\"@type\":\"WebPage\",\"@id\":\"https:\/\/www.bipea.org\/tr\/islevi-ve-hizmetleri\/\",\"url\":\"https:\/\/www.bipea.org\/tr\/islevi-ve-hizmetleri\/\",\"name\":\"\u0130\u015eLEV\u0130 VE H\u0130ZMETLER\u0130 - Bipea\",\"isPartOf\":{\"@id\":\"https:\/\/www.bipea.org\/tr\/#website\"},\"datePublished\":\"2018-01-01T19:42:07+00:00\",\"dateModified\":\"2022-10-13T14:52:19+00:00\",\"breadcrumb\":{\"@id\":\"https:\/\/www.bipea.org\/tr\/islevi-ve-hizmetleri\/#breadcrumb\"},\"inLanguage\":\"tr\",\"potentialAction\":[{\"@type\":\"ReadAction\",\"target\":[\"https:\/\/www.bipea.org\/tr\/islevi-ve-hizmetleri\/\"]}]},{\"@type\":\"BreadcrumbList\",\"@id\":\"https:\/\/www.bipea.org\/tr\/islevi-ve-hizmetleri\/#breadcrumb\",\"itemListElement\":[{\"@type\":\"ListItem\",\"position\":1,\"name\":\"Accueil\",\"item\":\"https:\/\/www.bipea.org\/tr\/\"},{\"@type\":\"ListItem\",\"position\":2,\"name\":\"\u0130\u015eLEV\u0130 VE H\u0130ZMETLER\u0130\"}]},{\"@type\":\"WebSite\",\"@id\":\"https:\/\/www.bipea.org\/tr\/#website\",\"url\":\"https:\/\/www.bipea.org\/tr\/\",\"name\":\"Bipea\",\"description\":\"\",\"potentialAction\":[{\"@type\":\"SearchAction\",\"target\":{\"@type\":\"EntryPoint\",\"urlTemplate\":\"https:\/\/www.bipea.org\/tr\/?s={search_term_string}\"},\"query-input\":{\"@type\":\"PropertyValueSpecification\",\"valueRequired\":true,\"valueName\":\"search_term_string\"}}],\"inLanguage\":\"tr\"}]}<\/script>\n<!-- \/ Yoast SEO plugin. -->","yoast_head_json":{"title":"\u0130\u015eLEV\u0130 VE H\u0130ZMETLER\u0130 - Bipea","robots":{"index":"index","follow":"follow","max-snippet":"max-snippet:-1","max-image-preview":"max-image-preview:large","max-video-preview":"max-video-preview:-1"},"canonical":"https:\/\/www.bipea.org\/tr\/islevi-ve-hizmetleri\/","og_locale":"tr_TR","og_type":"article","og_title":"\u0130\u015eLEV\u0130 VE H\u0130ZMETLER\u0130 - Bipea","og_description":"BIPEA&#8217; NIN M\u0130SYONU \u200b BIPEA, laboratuvarlar\u0131n analitik performanslar\u0131n\u0131 iyile\u015ftirmek i\u00e7in \u00e7al\u0131\u015f\u0131r. Temel misyonu d\u00fcnyada ve Avrupa\u2019da yeterlilik testi programlar\u0131 ve bununla ilgili hizmetler vas\u0131tas\u0131yla laboratuvarlar\u0131n geli\u015fmelerine ve uzmanla\u015fmalar\u0131na destek olmakt\u0131r. \u200b \u200b KAL\u0130TE H\u0130ZMETLER\u0130 BIPEA laboratuvarlara, analitik sonu\u00e7lar\u0131n\u0131n kalitesi ve kontrolu i\u00e7in \u00e7e\u015fitli hizmetler sunar: \u200b D\u00fczenli yeterlilik test programlar\u0131: \u00c7ok geni\u015f bir parameter yelpazesi ile [&hellip;]","og_url":"https:\/\/www.bipea.org\/tr\/islevi-ve-hizmetleri\/","og_site_name":"Bipea","article_publisher":"https:\/\/www.facebook.com\/Bipea-Proficiency-Testing-Programs-1726595444310313\/","article_modified_time":"2022-10-13T14:52:19+00:00","twitter_card":"summary_large_image","twitter_site":"@BipeaP","twitter_misc":{"Tahmini okuma s\u00fcresi":"2 dakika"},"schema":{"@context":"https:\/\/schema.org","@graph":[{"@type":"WebPage","@id":"https:\/\/www.bipea.org\/tr\/islevi-ve-hizmetleri\/","url":"https:\/\/www.bipea.org\/tr\/islevi-ve-hizmetleri\/","name":"\u0130\u015eLEV\u0130 VE H\u0130ZMETLER\u0130 - Bipea","isPartOf":{"@id":"https:\/\/www.bipea.org\/tr\/#website"},"datePublished":"2018-01-01T19:42:07+00:00","dateModified":"2022-10-13T14:52:19+00:00","breadcrumb":{"@id":"https:\/\/www.bipea.org\/tr\/islevi-ve-hizmetleri\/#breadcrumb"},"inLanguage":"tr","potentialAction":[{"@type":"ReadAction","target":["https:\/\/www.bipea.org\/tr\/islevi-ve-hizmetleri\/"]}]},{"@type":"BreadcrumbList","@id":"https:\/\/www.bipea.org\/tr\/islevi-ve-hizmetleri\/#breadcrumb","itemListElement":[{"@type":"ListItem","position":1,"name":"Accueil","item":"https:\/\/www.bipea.org\/tr\/"},{"@type":"ListItem","position":2,"name":"\u0130\u015eLEV\u0130 VE H\u0130ZMETLER\u0130"}]},{"@type":"WebSite","@id":"https:\/\/www.bipea.org\/tr\/#website","url":"https:\/\/www.bipea.org\/tr\/","name":"Bipea","description":"","potentialAction":[{"@type":"SearchAction","target":{"@type":"EntryPoint","urlTemplate":"https:\/\/www.bipea.org\/tr\/?s={search_term_string}"},"query-input":{"@type":"PropertyValueSpecification","valueRequired":true,"valueName":"search_term_string"}}],"inLanguage":"tr"}]}},"_links":{"self":[{"href":"https:\/\/www.bipea.org\/tr\/wp-json\/wp\/v2\/pages\/12646","targetHints":{"allow":["GET"]}}],"collection":[{"href":"https:\/\/www.bipea.org\/tr\/wp-json\/wp\/v2\/pages"}],"about":[{"href":"https:\/\/www.bipea.org\/tr\/wp-json\/wp\/v2\/types\/page"}],"author":[{"embeddable":true,"href":"https:\/\/www.bipea.org\/tr\/wp-json\/wp\/v2\/users\/1"}],"replies":[{"embeddable":true,"href":"https:\/\/www.bipea.org\/tr\/wp-json\/wp\/v2\/comments?post=12646"}],"version-history":[{"count":7,"href":"https:\/\/www.bipea.org\/tr\/wp-json\/wp\/v2\/pages\/12646\/revisions"}],"predecessor-version":[{"id":18842,"href":"https:\/\/www.bipea.org\/tr\/wp-json\/wp\/v2\/pages\/12646\/revisions\/18842"}],"wp:attachment":[{"href":"https:\/\/www.bipea.org\/tr\/wp-json\/wp\/v2\/media?parent=12646"}],"curies":[{"name":"wp","href":"https:\/\/api.w.org\/{rel}","templated":true}]}}