{"id":12642,"date":"2017-12-21T20:05:59","date_gmt":"2017-12-21T19:05:59","guid":{"rendered":"https:\/\/www.bipea.org\/who-we-are\/"},"modified":"2022-10-13T16:52:56","modified_gmt":"2022-10-13T14:52:56","slug":"biz-kimiz","status":"publish","type":"page","link":"https:\/\/www.bipea.org\/tr\/biz-kimiz\/","title":{"rendered":"B\u0130Z K\u0130M\u0130Z ?"},"content":{"rendered":"<p class=\"font_8\" style=\"text-align: justify;\"><span style=\"font-size: 14pt;\">BIPEA, Fransa merkezli kar amac\u0131 g\u00fctmeyen Avrupa\u2019 l\u0131 bir \u00a0organizasyondur. D\u00fcnyan\u0131n 130 yi a\u015fk\u0131n \u00fclkesinden 2600 den fazla laboratuvar\u0131 bir araya getirerek\u00a0<\/span><span style=\"font-size: 18.6667px;\">22<\/span><span style=\"font-size: 14pt;\">0 nin \u00fczerinde d\u00fczenli olarak yeterlilik test program\u0131 sunar.<\/span><\/p>\n<p class=\"font_8\" style=\"text-align: justify;\"><span class=\"wixGuard\" style=\"font-size: 14pt;\">\u200b<\/span><\/p>\n<p class=\"font_8\" style=\"text-align: justify;\"><strong><span style=\"color: #0076b3; font-size: 14pt;\">B\u0130PEA NIN KURULU\u015eU<\/span><\/strong><\/p>\n<p class=\"font_8\" style=\"text-align: justify;\"><span style=\"font-size: 14pt;\">1970 y\u0131l\u0131nda, tah\u0131l ve hububat sekt\u00f6rlerindeki INRA( Ulusal Agronomik Ara\u015ft\u0131rma Enstit\u00fcs\u00fc) ve CNRS (Ulusal Bilimsel Arar\u015ft\u0131rma Merkezi) gibi temel ama\u00e7lar\u0131 laboratuvarlar aras\u0131 kar\u015f\u0131la\u015ft\u0131rma programlar\u0131 d\u00fczenlemek ve laboratuvarlara teknik destek vermek olan mesleki kurulu\u015flar, kal\u0131c\u0131 ve ba\u011f\u0131ms\u0131z bir yap\u0131 kurmaya karar verdiler\u00a0: BIPEA resmi olarak 3 Eyl\u00fcl 1970 tarihinde kuruldu.<\/span><\/p>\n<p class=\"font_8\" style=\"text-align: justify;\"><span style=\"font-size: 14pt;\">BIPEA\u2019n\u0131n kurucu \u00fcyeleri \u00e7o\u011funlukla \u00fcretim ve depolama sekt\u00f6rlerinin profesyonel oraganizasyonlar\u0131d\u0131r.<\/span><\/p>\n<p class=\"font_8\" style=\"text-align: justify;\"><span style=\"font-size: 14pt;\">(<span style=\"text-decoration: underline;\"><a href=\"https:\/\/docs.wixstatic.com\/ugd\/70c41a_3e8c69cfd91d4114a6d70b941f0b1fed.pdf\" target=\"_blank\" rel=\"noopener noreferrer\" data-type=\"document\">kurucu \u00fcyelerin listesi<\/a><\/span>).<\/span><\/p>\n<p style=\"text-align: justify;\"><span class=\"wixGuard\" style=\"font-size: 14pt;\">\u200b<\/span><\/p>\n<p class=\"font_8\" style=\"text-align: justify;\"><strong><span style=\"color: #0076b3; font-size: 14pt;\">BUG\u00dcN BIPEA<\/span><\/strong><\/p>\n<p class=\"font_8\"><span style=\"font-size: 14pt;\">BIPEA, ilk kuruldu\u011funda tah\u0131l ve de\u011firmencilik alan\u0131nda 60 laboratuvara 8 yeterlilik testi sa\u011fl\u0131yordu.<\/span><\/p>\n<p class=\"font_8\"><span style=\"font-size: 14pt;\">90 l\u0131 y\u0131llar\u0131n ba\u015flar\u0131nda BIPEA, agri-food ve kirleticiler alanlar\u0131nda yeterlilik test programlar\u0131 organize etmeye karar verdi.<\/span><\/p>\n<p class=\"font_8\"><span style=\"font-size: 14pt;\">\u00c7evre ile ilgili yeterlilik test programlar\u0131 90 l\u0131 y\u0131llar\u0131n sonunda yap\u0131lmaya ba\u015fland\u0131.<\/span><\/p>\n<p class=\"font_8\"><span style=\"font-size: 14pt;\">\u00a02009 da, BIPEA ba\u015fta g\u00fcne\u015ften korunma \u00fcr\u00fcnleri olmak \u00fczere kozmetik alan\u0131nda\u00a0 YT programlar\u0131 sa\u011flamaya ba\u015flad\u0131.<\/span><\/p>\n<p class=\"font_8\" style=\"text-align: justify;\"><span style=\"font-size: 14pt;\">BIPEA, d\u00fcnyaya a\u00e7\u0131ld\u0131 ve d\u00fczenledi\u011fi yeterlilik test (YT) programlar\u0131na kat\u0131l\u0131mc\u0131 say\u0131s\u0131n\u0131n\u00a0 artmas\u0131yla ayn\u0131 zamanda uluslararas\u0131 bir nitelik kazand\u0131.<\/span><\/p>\n<p class=\"font_8\">\n","protected":false},"excerpt":{"rendered":"<p>BIPEA, Fransa merkezli kar amac\u0131 g\u00fctmeyen Avrupa\u2019 l\u0131 bir \u00a0organizasyondur. D\u00fcnyan\u0131n 130 yi a\u015fk\u0131n \u00fclkesinden 2600 den fazla laboratuvar\u0131 bir araya getirerek\u00a0220 nin \u00fczerinde d\u00fczenli olarak yeterlilik test program\u0131 sunar. \u200b B\u0130PEA NIN KURULU\u015eU 1970 y\u0131l\u0131nda, tah\u0131l ve hububat sekt\u00f6rlerindeki INRA( Ulusal Agronomik Ara\u015ft\u0131rma Enstit\u00fcs\u00fc) ve CNRS (Ulusal Bilimsel Arar\u015ft\u0131rma Merkezi) gibi temel ama\u00e7lar\u0131 laboratuvarlar aras\u0131 [&hellip;]<\/p>\n","protected":false},"author":1,"featured_media":0,"parent":0,"menu_order":0,"comment_status":"closed","ping_status":"closed","template":"","meta":{"footnotes":""},"class_list":["post-12642","page","type-page","status-publish","hentry"],"yoast_head":"<!-- This site is optimized with the Yoast SEO plugin v27.0 - https:\/\/yoast.com\/product\/yoast-seo-wordpress\/ -->\n<title>B\u0130Z K\u0130M\u0130Z ? - Bipea<\/title>\n<meta name=\"robots\" content=\"index, follow, max-snippet:-1, max-image-preview:large, max-video-preview:-1\" \/>\n<link rel=\"canonical\" href=\"https:\/\/www.bipea.org\/tr\/biz-kimiz\/\" \/>\n<meta property=\"og:locale\" content=\"tr_TR\" \/>\n<meta property=\"og:type\" content=\"article\" \/>\n<meta property=\"og:title\" content=\"B\u0130Z K\u0130M\u0130Z ? - Bipea\" \/>\n<meta property=\"og:description\" content=\"BIPEA, Fransa merkezli kar amac\u0131 g\u00fctmeyen Avrupa\u2019 l\u0131 bir \u00a0organizasyondur. D\u00fcnyan\u0131n 130 yi a\u015fk\u0131n \u00fclkesinden 2600 den fazla laboratuvar\u0131 bir araya getirerek\u00a0220 nin \u00fczerinde d\u00fczenli olarak yeterlilik test program\u0131 sunar. \u200b B\u0130PEA NIN KURULU\u015eU 1970 y\u0131l\u0131nda, tah\u0131l ve hububat sekt\u00f6rlerindeki INRA( Ulusal Agronomik Ara\u015ft\u0131rma Enstit\u00fcs\u00fc) ve CNRS (Ulusal Bilimsel Arar\u015ft\u0131rma Merkezi) gibi temel ama\u00e7lar\u0131 laboratuvarlar aras\u0131 [&hellip;]\" \/>\n<meta property=\"og:url\" content=\"https:\/\/www.bipea.org\/tr\/biz-kimiz\/\" \/>\n<meta property=\"og:site_name\" content=\"Bipea\" \/>\n<meta property=\"article:publisher\" content=\"https:\/\/www.facebook.com\/Bipea-Proficiency-Testing-Programs-1726595444310313\/\" \/>\n<meta property=\"article:modified_time\" content=\"2022-10-13T14:52:56+00:00\" \/>\n<meta name=\"twitter:card\" content=\"summary_large_image\" \/>\n<meta name=\"twitter:site\" content=\"@BipeaP\" \/>\n<meta name=\"twitter:label1\" content=\"Tahmini okuma s\u00fcresi\" \/>\n\t<meta name=\"twitter:data1\" content=\"1 dakika\" \/>\n<script type=\"application\/ld+json\" class=\"yoast-schema-graph\">{\"@context\":\"https:\/\/schema.org\",\"@graph\":[{\"@type\":\"WebPage\",\"@id\":\"https:\/\/www.bipea.org\/tr\/biz-kimiz\/\",\"url\":\"https:\/\/www.bipea.org\/tr\/biz-kimiz\/\",\"name\":\"B\u0130Z K\u0130M\u0130Z ? - Bipea\",\"isPartOf\":{\"@id\":\"https:\/\/www.bipea.org\/tr\/#website\"},\"datePublished\":\"2017-12-21T19:05:59+00:00\",\"dateModified\":\"2022-10-13T14:52:56+00:00\",\"breadcrumb\":{\"@id\":\"https:\/\/www.bipea.org\/tr\/biz-kimiz\/#breadcrumb\"},\"inLanguage\":\"tr\",\"potentialAction\":[{\"@type\":\"ReadAction\",\"target\":[\"https:\/\/www.bipea.org\/tr\/biz-kimiz\/\"]}]},{\"@type\":\"BreadcrumbList\",\"@id\":\"https:\/\/www.bipea.org\/tr\/biz-kimiz\/#breadcrumb\",\"itemListElement\":[{\"@type\":\"ListItem\",\"position\":1,\"name\":\"Accueil\",\"item\":\"https:\/\/www.bipea.org\/tr\/\"},{\"@type\":\"ListItem\",\"position\":2,\"name\":\"B\u0130Z K\u0130M\u0130Z ?\"}]},{\"@type\":\"WebSite\",\"@id\":\"https:\/\/www.bipea.org\/tr\/#website\",\"url\":\"https:\/\/www.bipea.org\/tr\/\",\"name\":\"Bipea\",\"description\":\"\",\"potentialAction\":[{\"@type\":\"SearchAction\",\"target\":{\"@type\":\"EntryPoint\",\"urlTemplate\":\"https:\/\/www.bipea.org\/tr\/?s={search_term_string}\"},\"query-input\":{\"@type\":\"PropertyValueSpecification\",\"valueRequired\":true,\"valueName\":\"search_term_string\"}}],\"inLanguage\":\"tr\"}]}<\/script>\n<!-- \/ Yoast SEO plugin. -->","yoast_head_json":{"title":"B\u0130Z K\u0130M\u0130Z ? - Bipea","robots":{"index":"index","follow":"follow","max-snippet":"max-snippet:-1","max-image-preview":"max-image-preview:large","max-video-preview":"max-video-preview:-1"},"canonical":"https:\/\/www.bipea.org\/tr\/biz-kimiz\/","og_locale":"tr_TR","og_type":"article","og_title":"B\u0130Z K\u0130M\u0130Z ? - Bipea","og_description":"BIPEA, Fransa merkezli kar amac\u0131 g\u00fctmeyen Avrupa\u2019 l\u0131 bir \u00a0organizasyondur. D\u00fcnyan\u0131n 130 yi a\u015fk\u0131n \u00fclkesinden 2600 den fazla laboratuvar\u0131 bir araya getirerek\u00a0220 nin \u00fczerinde d\u00fczenli olarak yeterlilik test program\u0131 sunar. \u200b B\u0130PEA NIN KURULU\u015eU 1970 y\u0131l\u0131nda, tah\u0131l ve hububat sekt\u00f6rlerindeki INRA( Ulusal Agronomik Ara\u015ft\u0131rma Enstit\u00fcs\u00fc) ve CNRS (Ulusal Bilimsel Arar\u015ft\u0131rma Merkezi) gibi temel ama\u00e7lar\u0131 laboratuvarlar aras\u0131 [&hellip;]","og_url":"https:\/\/www.bipea.org\/tr\/biz-kimiz\/","og_site_name":"Bipea","article_publisher":"https:\/\/www.facebook.com\/Bipea-Proficiency-Testing-Programs-1726595444310313\/","article_modified_time":"2022-10-13T14:52:56+00:00","twitter_card":"summary_large_image","twitter_site":"@BipeaP","twitter_misc":{"Tahmini okuma s\u00fcresi":"1 dakika"},"schema":{"@context":"https:\/\/schema.org","@graph":[{"@type":"WebPage","@id":"https:\/\/www.bipea.org\/tr\/biz-kimiz\/","url":"https:\/\/www.bipea.org\/tr\/biz-kimiz\/","name":"B\u0130Z K\u0130M\u0130Z ? - Bipea","isPartOf":{"@id":"https:\/\/www.bipea.org\/tr\/#website"},"datePublished":"2017-12-21T19:05:59+00:00","dateModified":"2022-10-13T14:52:56+00:00","breadcrumb":{"@id":"https:\/\/www.bipea.org\/tr\/biz-kimiz\/#breadcrumb"},"inLanguage":"tr","potentialAction":[{"@type":"ReadAction","target":["https:\/\/www.bipea.org\/tr\/biz-kimiz\/"]}]},{"@type":"BreadcrumbList","@id":"https:\/\/www.bipea.org\/tr\/biz-kimiz\/#breadcrumb","itemListElement":[{"@type":"ListItem","position":1,"name":"Accueil","item":"https:\/\/www.bipea.org\/tr\/"},{"@type":"ListItem","position":2,"name":"B\u0130Z K\u0130M\u0130Z ?"}]},{"@type":"WebSite","@id":"https:\/\/www.bipea.org\/tr\/#website","url":"https:\/\/www.bipea.org\/tr\/","name":"Bipea","description":"","potentialAction":[{"@type":"SearchAction","target":{"@type":"EntryPoint","urlTemplate":"https:\/\/www.bipea.org\/tr\/?s={search_term_string}"},"query-input":{"@type":"PropertyValueSpecification","valueRequired":true,"valueName":"search_term_string"}}],"inLanguage":"tr"}]}},"_links":{"self":[{"href":"https:\/\/www.bipea.org\/tr\/wp-json\/wp\/v2\/pages\/12642","targetHints":{"allow":["GET"]}}],"collection":[{"href":"https:\/\/www.bipea.org\/tr\/wp-json\/wp\/v2\/pages"}],"about":[{"href":"https:\/\/www.bipea.org\/tr\/wp-json\/wp\/v2\/types\/page"}],"author":[{"embeddable":true,"href":"https:\/\/www.bipea.org\/tr\/wp-json\/wp\/v2\/users\/1"}],"replies":[{"embeddable":true,"href":"https:\/\/www.bipea.org\/tr\/wp-json\/wp\/v2\/comments?post=12642"}],"version-history":[{"count":5,"href":"https:\/\/www.bipea.org\/tr\/wp-json\/wp\/v2\/pages\/12642\/revisions"}],"predecessor-version":[{"id":18843,"href":"https:\/\/www.bipea.org\/tr\/wp-json\/wp\/v2\/pages\/12642\/revisions\/18843"}],"wp:attachment":[{"href":"https:\/\/www.bipea.org\/tr\/wp-json\/wp\/v2\/media?parent=12642"}],"curies":[{"name":"wp","href":"https:\/\/api.w.org\/{rel}","templated":true}]}}