{"id":15237,"date":"2017-12-24T18:02:32","date_gmt":"2017-12-24T17:02:32","guid":{"rendered":"https:\/\/www.bipea.org\/customized-pt-programs\/"},"modified":"2022-10-13T15:25:30","modified_gmt":"2022-10-13T13:25:30","slug":"badania-bieglosci-na-indywidualne-zamowienie","status":"publish","type":"page","link":"https:\/\/www.bipea.org\/pl\/badania-bieglosci-na-indywidualne-zamowienie\/","title":{"rendered":"Badania bieg\u0142o\u015bci na zam\u00f3wienie"},"content":{"rendered":"<p><span style=\"font-size: 14pt;\">BIPEA proponuje kompleksow\u0105 organizacj\u0119 bada\u0144 bieg\u0142o\u015bci na indywidualne zam\u00f3wienie.<\/span><\/p>\n<p>&nbsp;<\/p>\n<p class=\"font_8\" style=\"text-align: justify;\"><span style=\"font-size: 14pt;\">Ta us\u0142uga skierowana jest w szczeg\u00f3lno\u015bci do grup laboratori\u00f3w, organizacji mi\u0119dzybran\u017cowych lub przemys\u0142owych, maj\u0105cych konkretne potrzeby i wymogi dotycz\u0105ce.<\/span><\/p>\n<ul>\n<li><span style=\"color: #0076b3; font-size: 14pt;\">kontroli jako\u015bci analiz,<\/span><\/li>\n<li><span style=\"color: #0076b3; font-size: 14pt;\">sprawdzenia lub por\u00f3wnania metod analitycznych,<\/span><\/li>\n<li><span style=\"color: #0076b3; font-size: 14pt;\">dok\u0142adno\u015bci metod pomiarowych i wynik\u00f3w pomiar\u00f3w (ISO 5725): szacowanie precyzji metody pomiarowej,<\/span><\/li>\n<li><span style=\"color: #0076b3; font-size: 14pt;\">opracowania statystycznego wynik\u00f3w,<\/span><\/li>\n<li><span style=\"color: #0076b3; font-size: 14pt;\">produkcji materia\u0142\u00f3w odniesienia,<\/span><\/li>\n<li><span style=\"color: #0076b3; font-size: 14pt;\">przygotowania pr\u00f3bek kontrolnych.<\/span><\/li>\n<\/ul>\n<p>&nbsp;<\/p>\n<p class=\"font_8\" style=\"text-align: justify;\"><span style=\"font-size: 14pt;\">BIPEA podejmuje si\u0119 ca\u0142kowitej organizacji bada\u0144 bieg\u0142o\u015bci na indywidualne zam\u00f3wienie, ale mo\u017ce r\u00f3wnie\u017c interweniowa\u0107 jedynie na wybranych etapach:<\/span><\/p>\n<ul>\n<li><span style=\"color: #0076b3; font-size: 14pt;\">Dostawa surowc\u00f3w,<\/span><\/li>\n<li><span style=\"color: #0076b3; font-size: 14pt;\">Produkcja i\/lub dystrybucja pr\u00f3bek,<\/span><\/li>\n<li><span style=\"color: #0076b3; font-size: 14pt;\">Opracowanie statystyczne rezultat\u00f3w,<\/span><\/li>\n<li><span style=\"color: #0076b3; font-size: 14pt;\">Publikacja raport\u00f3w.<\/span><\/li>\n<\/ul>\n<p>&nbsp;<\/p>\n<p><span style=\"font-size: 14pt;\">Dzi\u0119ki fachowej wiedzy i do\u015bwiadczeniu, BIPEA zapewnia laboratoriom wysokiej jako\u015bci odpowied\u017a na ich wymagania.<\/span><\/p>\n<p><span style=\"font-size: 14pt;\">Ka\u017cda potrzeba w zakresie indywidualngo zam\u00f3wienia (og\u00f3lne cele programu, matryce, parametry, metody, cz\u0119stotliwo\u015b\u0107 test\u00f3w) analizowana jest przez ekip\u0119 BIPEA (dzialy: produkcji, techniczny, statystyczny), kt\u00f3ra ocenia mo\u017cliwo\u015b\u0107 realizacji oraz przygotowuje projekt ko\u0144cowy w \u015bcis\u0142ej wsp\u00f3\u0142pracy z klientem.<\/span><\/p>\n<p class=\"font_8\" style=\"text-align: justify;\"><span style=\"font-size: 14pt;\">Aby uzyska\u0107 wi\u0119cej informacji dotycz\u0105cych bada\u0144 bieg\u0142o\u015bci na indywidualne zam\u00f3wienie, prosimy o kontakt na adres: <a href=\"mailto:direction@bipea.org\">direction@bipea.org<\/a><\/span><\/p>\n","protected":false},"excerpt":{"rendered":"<p>BIPEA proponuje kompleksow\u0105 organizacj\u0119 bada\u0144 bieg\u0142o\u015bci na indywidualne zam\u00f3wienie. &nbsp; Ta us\u0142uga skierowana jest w szczeg\u00f3lno\u015bci do grup laboratori\u00f3w, organizacji mi\u0119dzybran\u017cowych lub przemys\u0142owych, maj\u0105cych konkretne potrzeby i wymogi dotycz\u0105ce. kontroli jako\u015bci analiz, sprawdzenia lub por\u00f3wnania metod analitycznych, dok\u0142adno\u015bci metod pomiarowych i wynik\u00f3w pomiar\u00f3w (ISO 5725): szacowanie precyzji metody pomiarowej, opracowania statystycznego wynik\u00f3w, produkcji materia\u0142\u00f3w odniesienia, przygotowania [&hellip;]<\/p>\n","protected":false},"author":1,"featured_media":0,"parent":0,"menu_order":0,"comment_status":"closed","ping_status":"closed","template":"","meta":{"footnotes":""},"class_list":["post-15237","page","type-page","status-publish","hentry"],"yoast_head":"<!-- This site is optimized with the Yoast SEO plugin v27.0 - https:\/\/yoast.com\/product\/yoast-seo-wordpress\/ -->\n<title>Badania bieg\u0142o\u015bci na zam\u00f3wienie - Bipea<\/title>\n<meta name=\"robots\" content=\"index, follow, max-snippet:-1, max-image-preview:large, max-video-preview:-1\" \/>\n<link rel=\"canonical\" href=\"https:\/\/www.bipea.org\/pl\/badania-bieglosci-na-indywidualne-zamowienie\/\" \/>\n<meta property=\"og:locale\" content=\"pl_PL\" \/>\n<meta property=\"og:type\" content=\"article\" \/>\n<meta property=\"og:title\" content=\"Badania bieg\u0142o\u015bci na zam\u00f3wienie - Bipea\" \/>\n<meta property=\"og:description\" content=\"BIPEA proponuje kompleksow\u0105 organizacj\u0119 bada\u0144 bieg\u0142o\u015bci na indywidualne zam\u00f3wienie. &nbsp; Ta us\u0142uga skierowana jest w szczeg\u00f3lno\u015bci do grup laboratori\u00f3w, organizacji mi\u0119dzybran\u017cowych lub przemys\u0142owych, maj\u0105cych konkretne potrzeby i wymogi dotycz\u0105ce. kontroli jako\u015bci analiz, sprawdzenia lub por\u00f3wnania metod analitycznych, dok\u0142adno\u015bci metod pomiarowych i wynik\u00f3w pomiar\u00f3w (ISO 5725): szacowanie precyzji metody pomiarowej, opracowania statystycznego wynik\u00f3w, produkcji materia\u0142\u00f3w odniesienia, przygotowania [&hellip;]\" \/>\n<meta property=\"og:url\" content=\"https:\/\/www.bipea.org\/pl\/badania-bieglosci-na-indywidualne-zamowienie\/\" \/>\n<meta property=\"og:site_name\" content=\"Bipea\" \/>\n<meta property=\"article:publisher\" content=\"https:\/\/www.facebook.com\/Bipea-Proficiency-Testing-Programs-1726595444310313\/\" \/>\n<meta property=\"article:modified_time\" content=\"2022-10-13T13:25:30+00:00\" \/>\n<meta name=\"twitter:card\" content=\"summary_large_image\" \/>\n<meta name=\"twitter:site\" content=\"@BipeaP\" \/>\n<meta name=\"twitter:label1\" content=\"Szacowany czas czytania\" \/>\n\t<meta name=\"twitter:data1\" content=\"1 minuta\" \/>\n<script type=\"application\/ld+json\" class=\"yoast-schema-graph\">{\"@context\":\"https:\/\/schema.org\",\"@graph\":[{\"@type\":\"WebPage\",\"@id\":\"https:\/\/www.bipea.org\/pl\/badania-bieglosci-na-indywidualne-zamowienie\/\",\"url\":\"https:\/\/www.bipea.org\/pl\/badania-bieglosci-na-indywidualne-zamowienie\/\",\"name\":\"Badania bieg\u0142o\u015bci na zam\u00f3wienie - Bipea\",\"isPartOf\":{\"@id\":\"https:\/\/www.bipea.org\/pl\/#website\"},\"datePublished\":\"2017-12-24T17:02:32+00:00\",\"dateModified\":\"2022-10-13T13:25:30+00:00\",\"breadcrumb\":{\"@id\":\"https:\/\/www.bipea.org\/pl\/badania-bieglosci-na-indywidualne-zamowienie\/#breadcrumb\"},\"inLanguage\":\"pl-PL\",\"potentialAction\":[{\"@type\":\"ReadAction\",\"target\":[\"https:\/\/www.bipea.org\/pl\/badania-bieglosci-na-indywidualne-zamowienie\/\"]}]},{\"@type\":\"BreadcrumbList\",\"@id\":\"https:\/\/www.bipea.org\/pl\/badania-bieglosci-na-indywidualne-zamowienie\/#breadcrumb\",\"itemListElement\":[{\"@type\":\"ListItem\",\"position\":1,\"name\":\"Accueil\",\"item\":\"https:\/\/www.bipea.org\/pl\/\"},{\"@type\":\"ListItem\",\"position\":2,\"name\":\"Badania bieg\u0142o\u015bci na zam\u00f3wienie\"}]},{\"@type\":\"WebSite\",\"@id\":\"https:\/\/www.bipea.org\/pl\/#website\",\"url\":\"https:\/\/www.bipea.org\/pl\/\",\"name\":\"Bipea\",\"description\":\"\",\"potentialAction\":[{\"@type\":\"SearchAction\",\"target\":{\"@type\":\"EntryPoint\",\"urlTemplate\":\"https:\/\/www.bipea.org\/pl\/?s={search_term_string}\"},\"query-input\":{\"@type\":\"PropertyValueSpecification\",\"valueRequired\":true,\"valueName\":\"search_term_string\"}}],\"inLanguage\":\"pl-PL\"}]}<\/script>\n<!-- \/ Yoast SEO plugin. -->","yoast_head_json":{"title":"Badania bieg\u0142o\u015bci na zam\u00f3wienie - Bipea","robots":{"index":"index","follow":"follow","max-snippet":"max-snippet:-1","max-image-preview":"max-image-preview:large","max-video-preview":"max-video-preview:-1"},"canonical":"https:\/\/www.bipea.org\/pl\/badania-bieglosci-na-indywidualne-zamowienie\/","og_locale":"pl_PL","og_type":"article","og_title":"Badania bieg\u0142o\u015bci na zam\u00f3wienie - Bipea","og_description":"BIPEA proponuje kompleksow\u0105 organizacj\u0119 bada\u0144 bieg\u0142o\u015bci na indywidualne zam\u00f3wienie. &nbsp; Ta us\u0142uga skierowana jest w szczeg\u00f3lno\u015bci do grup laboratori\u00f3w, organizacji mi\u0119dzybran\u017cowych lub przemys\u0142owych, maj\u0105cych konkretne potrzeby i wymogi dotycz\u0105ce. kontroli jako\u015bci analiz, sprawdzenia lub por\u00f3wnania metod analitycznych, dok\u0142adno\u015bci metod pomiarowych i wynik\u00f3w pomiar\u00f3w (ISO 5725): szacowanie precyzji metody pomiarowej, opracowania statystycznego wynik\u00f3w, produkcji materia\u0142\u00f3w odniesienia, przygotowania [&hellip;]","og_url":"https:\/\/www.bipea.org\/pl\/badania-bieglosci-na-indywidualne-zamowienie\/","og_site_name":"Bipea","article_publisher":"https:\/\/www.facebook.com\/Bipea-Proficiency-Testing-Programs-1726595444310313\/","article_modified_time":"2022-10-13T13:25:30+00:00","twitter_card":"summary_large_image","twitter_site":"@BipeaP","twitter_misc":{"Szacowany czas czytania":"1 minuta"},"schema":{"@context":"https:\/\/schema.org","@graph":[{"@type":"WebPage","@id":"https:\/\/www.bipea.org\/pl\/badania-bieglosci-na-indywidualne-zamowienie\/","url":"https:\/\/www.bipea.org\/pl\/badania-bieglosci-na-indywidualne-zamowienie\/","name":"Badania bieg\u0142o\u015bci na zam\u00f3wienie - Bipea","isPartOf":{"@id":"https:\/\/www.bipea.org\/pl\/#website"},"datePublished":"2017-12-24T17:02:32+00:00","dateModified":"2022-10-13T13:25:30+00:00","breadcrumb":{"@id":"https:\/\/www.bipea.org\/pl\/badania-bieglosci-na-indywidualne-zamowienie\/#breadcrumb"},"inLanguage":"pl-PL","potentialAction":[{"@type":"ReadAction","target":["https:\/\/www.bipea.org\/pl\/badania-bieglosci-na-indywidualne-zamowienie\/"]}]},{"@type":"BreadcrumbList","@id":"https:\/\/www.bipea.org\/pl\/badania-bieglosci-na-indywidualne-zamowienie\/#breadcrumb","itemListElement":[{"@type":"ListItem","position":1,"name":"Accueil","item":"https:\/\/www.bipea.org\/pl\/"},{"@type":"ListItem","position":2,"name":"Badania bieg\u0142o\u015bci na zam\u00f3wienie"}]},{"@type":"WebSite","@id":"https:\/\/www.bipea.org\/pl\/#website","url":"https:\/\/www.bipea.org\/pl\/","name":"Bipea","description":"","potentialAction":[{"@type":"SearchAction","target":{"@type":"EntryPoint","urlTemplate":"https:\/\/www.bipea.org\/pl\/?s={search_term_string}"},"query-input":{"@type":"PropertyValueSpecification","valueRequired":true,"valueName":"search_term_string"}}],"inLanguage":"pl-PL"}]}},"_links":{"self":[{"href":"https:\/\/www.bipea.org\/pl\/wp-json\/wp\/v2\/pages\/15237","targetHints":{"allow":["GET"]}}],"collection":[{"href":"https:\/\/www.bipea.org\/pl\/wp-json\/wp\/v2\/pages"}],"about":[{"href":"https:\/\/www.bipea.org\/pl\/wp-json\/wp\/v2\/types\/page"}],"author":[{"embeddable":true,"href":"https:\/\/www.bipea.org\/pl\/wp-json\/wp\/v2\/users\/1"}],"replies":[{"embeddable":true,"href":"https:\/\/www.bipea.org\/pl\/wp-json\/wp\/v2\/comments?post=15237"}],"version-history":[{"count":5,"href":"https:\/\/www.bipea.org\/pl\/wp-json\/wp\/v2\/pages\/15237\/revisions"}],"predecessor-version":[{"id":18800,"href":"https:\/\/www.bipea.org\/pl\/wp-json\/wp\/v2\/pages\/15237\/revisions\/18800"}],"wp:attachment":[{"href":"https:\/\/www.bipea.org\/pl\/wp-json\/wp\/v2\/media?parent=15237"}],"curies":[{"name":"wp","href":"https:\/\/api.w.org\/{rel}","templated":true}]}}