{"id":15229,"date":"2017-12-21T20:06:19","date_gmt":"2017-12-21T19:06:19","guid":{"rendered":"https:\/\/www.bipea.org\/external-reference-materials\/"},"modified":"2022-10-13T15:29:31","modified_gmt":"2022-10-13T13:29:31","slug":"zewnetrzne-materialy-odniesienia","status":"publish","type":"page","link":"https:\/\/www.bipea.org\/pl\/zewnetrzne-materialy-odniesienia\/","title":{"rendered":"Zewn\u0119trzne materia\u0142y odniesienia"},"content":{"rendered":"<p class=\"font_8\" style=\"text-align: justify;\"><strong><span style=\"color: #0076b3; font-size: 14pt;\">MATERIA\u0141Y ODNIESIENIA \u2013 CO TO JEST?<\/span><\/strong><\/p>\n<p class=\"font_8\" style=\"text-align: justify;\"><span style=\"color: #0076b3; font-size: 14pt;\"><span class=\"wixGuard\">\u200b<\/span><\/span><\/p>\n<p class=\"font_8\" style=\"text-align: justify;\"><span style=\"font-size: 14pt;\">Zewn\u0119trzne materia\u0142y odniesienia (ERM) produkowane s\u0105 wraz z regularnymi pr\u00f3bkami bada\u0144 bieg\u0142o\u015bci.<\/span><\/p>\n<p class=\"font_8\" style=\"text-align: justify;\"><span style=\"font-size: 14pt;\"><strong>Pozwalaj\u0105 one na wewn\u0119trzn\u0105 kontrol\u0119 jako\u015bci analiz, poniewa\u017c warto\u015b\u0107 przypisana danych parametr\u00f3w zosta\u0142a okre\u015blona w wyniku badania bieg\u0142o\u015bci. <\/strong><\/span><\/p>\n<p class=\"font_8\" style=\"text-align: justify;\"><span style=\"font-size: 14pt;\">Materia\u0142y odniesienia umo\u017cliwiaj\u0105 nadprogramowy nadz\u00f3r procedur analitycznych, niezale\u017cnie od udzia\u0142u w badaniach bieg\u0142o\u015bci. Aby dostarczy\u0107 pr\u00f3bki wysokiej jako\u015bci, zwracamy szczeg\u00f3ln\u0105 uwag\u0119 na ich konserwacj\u0119 i odpowiedni\u0105 wysy\u0142k\u0119 po otrzymaniu zam\u00f3wienia.<\/span><\/p>\n<p class=\"font_8\" style=\"text-align: justify;\"><span class=\"wixGuard\" style=\"font-size: 14pt;\">\u200b<\/span><\/p>\n<p class=\"font_8\" style=\"text-align: justify;\"><span class=\"wixGuard\" style=\"font-size: 14pt;\">\u200b<\/span><\/p>\n<p class=\"font_8\" style=\"text-align: justify;\"><strong><span style=\"color: #0076b3; font-size: 14pt;\">WARUNKI ZAKUPU MATERIA\u0141\u00d3W ODNIESIENIA<\/span><\/strong><\/p>\n<p class=\"font_8\" style=\"text-align: justify;\"><span style=\"color: #0076b3; font-size: 14pt;\"><span class=\"wixGuard\">\u200b<\/span><\/span><\/p>\n<p class=\"font_8\" style=\"text-align: justify;\"><span style=\"font-size: 14pt;\">Zewn\u0119trzne materia\u0142y odniesienia (ERM) proponowane przez BIPEA spe\u0142niaj\u0105 wymogi przewodnika FD V 03-115. Dost\u0119p do materia\u0142\u00f3w odniesienia zarezerwowany jest wy\u0142\u0105cznie dla aktywnych cz\u0142onk\u00f3w naszego stowarzyszenia.<\/span><\/p>\n<p class=\"font_8\" style=\"text-align: justify;\"><span style=\"font-size: 14pt;\">Materia\u0142y odniesienia dost\u0119pne s\u0105 w sprzeda\u017cy po publikacji raportu (ILCR) danej rundy.<\/span><\/p>\n<p class=\"font_8\" style=\"text-align: justify;\"><span style=\"font-size: 14pt;\">BIPEA gwarantuje w\u0142a\u015bciwe warunki i okres przechowywania materia\u0142\u00f3w, dostosowane do ka\u017cdej matrycy (komory ch\u0142odnicze, komory mro\u017anicze, komory z temperatur\u0105 kontrolowan\u0105), dzi\u0119ki czemu zachowuj\u0105 one swoje w\u0142a\u015bciwo\u015bci i jednorodno\u015b\u0107.<\/span><\/p>\n<p class=\"font_8\" style=\"text-align: justify;\"><span style=\"font-size: 14pt;\"><u>Materia\u0142y odniesienia z program\u00f3w Mikrobiologia<\/u>:<\/span><\/p>\n<p><span style=\"font-size: 14pt;\">Program 51b: Materia\u0142y odniesienia dost\u0119pne s\u0105 przez 6 miesi\u0119cy od daty rundy.<\/span><\/p>\n<p class=\"font_8\" style=\"text-align: justify;\"><span style=\"font-size: 14pt;\">Programy 35 &#8211; 50 &#8211; 51 (opcje 51a-51c-51d-51e-51f-51h) &#8211; 54 &#8211; 56 &#8211; 79 nie maj\u0105 dost\u0119pnych materia\u0142\u00f3w odniesienia ze wzgl\u0119du na brak stabilno\u015bci matrycy po zako\u0144czeniu rundy.<\/span><\/p>\n<p><span style=\"font-size: 14pt;\">Dla tych program\u00f3w proponujemy zakup dodatkowej pr\u00f3bki, wys\u0142anej wraz z regularnym testem.<\/span><\/p>\n<p class=\"font_8\" style=\"text-align: justify;\"><span style=\"font-size: 14pt;\">Cena materia\u0142\u00f3w odniesienia zale\u017cy od typu pr\u00f3bki i uwzgl\u0119dnia koszty wysy\u0142ki.<\/span><\/p>\n<p class=\"font_8\" style=\"text-align: justify;\"><span class=\"wixGuard\" style=\"font-size: 14pt;\">\u200b<\/span><\/p>\n<p class=\"font_8\" style=\"text-align: justify;\"><span style=\"font-size: 14pt;\"><strong>Aktualna lista materia\u0142\u00f3w odniesienia dost\u0119pna jest na Koncie klienta, rubryka \u201cERM stock\u201d.<\/strong><\/span><\/p>\n<p>&nbsp;<\/p>\n<p class=\"font_8\" style=\"text-align: justify;\"><span style=\"font-size: 14pt;\">Aby uzyska\u0107 wi\u0119cej informacji prosimy o kontakt na adres: <span style=\"text-decoration: underline;\"><a href=\"mailto:sales@bipea.org\" target=\"_self\" rel=\"noopener noreferrer\" data-type=\"mail\" data-content=\"sales@bipea.org\">sales@bipea.org<\/a><\/span><\/span><\/p>\n<p class=\"font_8\" style=\"text-align: justify;\"><span style=\"color: #2b689c; font-size: 14pt;\"><span class=\"wixGuard\">\u200b<\/span><\/span><\/p>\n<p class=\"font_8\" style=\"text-align: justify;\"><span style=\"color: #2b689c; font-size: 14pt;\"><span class=\"wixGuard\">\u200b<\/span><\/span><\/p>\n<p class=\"font_8\" style=\"text-align: justify;\"><strong><span style=\"color: #0076b3; font-size: 14pt;\">MATERIA\u0141Y ODNIESIENIA \u2013 ZAM\u00d3WIENIE ROCZNE<\/span><\/strong><\/p>\n<p class=\"font_8\" style=\"text-align: justify;\"><span style=\"color: #0076b3; font-size: 14pt;\"><span class=\"wixGuard\">\u200b<\/span><\/span><\/p>\n<p><span style=\"font-size: 14pt;\">Materia\u0142y odniesienia s\u0105 bardzo ch\u0119tnie kupowane przez laboratoria.<\/span><\/p>\n<p><span style=\"font-size: 14pt;\">Aby unikn\u0105\u0107 braku dost\u0119pno\u015bci poszukiwanych materia\u0142\u00f3w, oferujemy mo\u017cliwo\u015b\u0107 z\u0142o\u017cenia zam\u00f3wienia na pocz\u0105tku nowego cyklu na dowolnie wybrane pr\u00f3bki z zaplanowanych rund.<\/span><\/p>\n<p><span style=\"font-size: 14pt;\">Zam\u00f3wienie roczne mo\u017cliwe jest dla minimum 10 materia\u0142\u00f3w. Oferujemy atracyjne rabaty, nawet do 40%.<\/span><\/p>\n<p><span style=\"font-size: 14pt;\">Ten typ zam\u00f3wienia pozwala nam zagwarantowa\u0107 dost\u0119pno\u015b\u0107 materia\u0142\u00f3w, kt\u00f3re zostan\u0105 wyprodukowane i zarezerwowane specjalnie dla danego laboratorium.<\/span><\/p>\n<p class=\"font_8\" style=\"text-align: justify;\"><span style=\"font-size: 14pt;\">Aby uzyska\u0107 wi\u0119cej informacji prosimy o kontakt na adres:\u00a0 <a href=\"mailto:sales@bipea.org\">sales@bipea.org<\/a><\/span><\/p>\n<p class=\"font_8\" style=\"text-align: justify;\"><span class=\"wixGuard\" style=\"font-size: 14pt;\">\u200b<\/span><\/p>\n","protected":false},"excerpt":{"rendered":"<p>MATERIA\u0141Y ODNIESIENIA \u2013 CO TO JEST? \u200b Zewn\u0119trzne materia\u0142y odniesienia (ERM) produkowane s\u0105 wraz z regularnymi pr\u00f3bkami bada\u0144 bieg\u0142o\u015bci. Pozwalaj\u0105 one na wewn\u0119trzn\u0105 kontrol\u0119 jako\u015bci analiz, poniewa\u017c warto\u015b\u0107 przypisana danych parametr\u00f3w zosta\u0142a okre\u015blona w wyniku badania bieg\u0142o\u015bci. Materia\u0142y odniesienia umo\u017cliwiaj\u0105 nadprogramowy nadz\u00f3r procedur analitycznych, niezale\u017cnie od udzia\u0142u w badaniach bieg\u0142o\u015bci. Aby dostarczy\u0107 pr\u00f3bki wysokiej jako\u015bci, zwracamy [&hellip;]<\/p>\n","protected":false},"author":1,"featured_media":0,"parent":0,"menu_order":0,"comment_status":"closed","ping_status":"closed","template":"","meta":{"footnotes":""},"class_list":["post-15229","page","type-page","status-publish","hentry"],"yoast_head":"<!-- This site is optimized with the Yoast SEO plugin v27.0 - https:\/\/yoast.com\/product\/yoast-seo-wordpress\/ -->\n<title>Zewn\u0119trzne materia\u0142y odniesienia - Bipea<\/title>\n<meta name=\"robots\" content=\"index, follow, max-snippet:-1, max-image-preview:large, max-video-preview:-1\" \/>\n<link rel=\"canonical\" href=\"https:\/\/www.bipea.org\/pl\/zewnetrzne-materialy-odniesienia\/\" \/>\n<meta property=\"og:locale\" content=\"pl_PL\" \/>\n<meta property=\"og:type\" content=\"article\" \/>\n<meta property=\"og:title\" content=\"Zewn\u0119trzne materia\u0142y odniesienia - Bipea\" \/>\n<meta property=\"og:description\" content=\"MATERIA\u0141Y ODNIESIENIA \u2013 CO TO JEST? \u200b Zewn\u0119trzne materia\u0142y odniesienia (ERM) produkowane s\u0105 wraz z regularnymi pr\u00f3bkami bada\u0144 bieg\u0142o\u015bci. Pozwalaj\u0105 one na wewn\u0119trzn\u0105 kontrol\u0119 jako\u015bci analiz, poniewa\u017c warto\u015b\u0107 przypisana danych parametr\u00f3w zosta\u0142a okre\u015blona w wyniku badania bieg\u0142o\u015bci. Materia\u0142y odniesienia umo\u017cliwiaj\u0105 nadprogramowy nadz\u00f3r procedur analitycznych, niezale\u017cnie od udzia\u0142u w badaniach bieg\u0142o\u015bci. Aby dostarczy\u0107 pr\u00f3bki wysokiej jako\u015bci, zwracamy [&hellip;]\" \/>\n<meta property=\"og:url\" content=\"https:\/\/www.bipea.org\/pl\/zewnetrzne-materialy-odniesienia\/\" \/>\n<meta property=\"og:site_name\" content=\"Bipea\" \/>\n<meta property=\"article:publisher\" content=\"https:\/\/www.facebook.com\/Bipea-Proficiency-Testing-Programs-1726595444310313\/\" \/>\n<meta property=\"article:modified_time\" content=\"2022-10-13T13:29:31+00:00\" \/>\n<meta name=\"twitter:card\" content=\"summary_large_image\" \/>\n<meta name=\"twitter:site\" content=\"@BipeaP\" \/>\n<meta name=\"twitter:label1\" content=\"Szacowany czas czytania\" \/>\n\t<meta name=\"twitter:data1\" content=\"2 minuty\" \/>\n<script type=\"application\/ld+json\" class=\"yoast-schema-graph\">{\"@context\":\"https:\/\/schema.org\",\"@graph\":[{\"@type\":\"WebPage\",\"@id\":\"https:\/\/www.bipea.org\/pl\/zewnetrzne-materialy-odniesienia\/\",\"url\":\"https:\/\/www.bipea.org\/pl\/zewnetrzne-materialy-odniesienia\/\",\"name\":\"Zewn\u0119trzne materia\u0142y odniesienia - Bipea\",\"isPartOf\":{\"@id\":\"https:\/\/www.bipea.org\/pl\/#website\"},\"datePublished\":\"2017-12-21T19:06:19+00:00\",\"dateModified\":\"2022-10-13T13:29:31+00:00\",\"breadcrumb\":{\"@id\":\"https:\/\/www.bipea.org\/pl\/zewnetrzne-materialy-odniesienia\/#breadcrumb\"},\"inLanguage\":\"pl-PL\",\"potentialAction\":[{\"@type\":\"ReadAction\",\"target\":[\"https:\/\/www.bipea.org\/pl\/zewnetrzne-materialy-odniesienia\/\"]}]},{\"@type\":\"BreadcrumbList\",\"@id\":\"https:\/\/www.bipea.org\/pl\/zewnetrzne-materialy-odniesienia\/#breadcrumb\",\"itemListElement\":[{\"@type\":\"ListItem\",\"position\":1,\"name\":\"Accueil\",\"item\":\"https:\/\/www.bipea.org\/pl\/\"},{\"@type\":\"ListItem\",\"position\":2,\"name\":\"Zewn\u0119trzne materia\u0142y odniesienia\"}]},{\"@type\":\"WebSite\",\"@id\":\"https:\/\/www.bipea.org\/pl\/#website\",\"url\":\"https:\/\/www.bipea.org\/pl\/\",\"name\":\"Bipea\",\"description\":\"\",\"potentialAction\":[{\"@type\":\"SearchAction\",\"target\":{\"@type\":\"EntryPoint\",\"urlTemplate\":\"https:\/\/www.bipea.org\/pl\/?s={search_term_string}\"},\"query-input\":{\"@type\":\"PropertyValueSpecification\",\"valueRequired\":true,\"valueName\":\"search_term_string\"}}],\"inLanguage\":\"pl-PL\"}]}<\/script>\n<!-- \/ Yoast SEO plugin. -->","yoast_head_json":{"title":"Zewn\u0119trzne materia\u0142y odniesienia - Bipea","robots":{"index":"index","follow":"follow","max-snippet":"max-snippet:-1","max-image-preview":"max-image-preview:large","max-video-preview":"max-video-preview:-1"},"canonical":"https:\/\/www.bipea.org\/pl\/zewnetrzne-materialy-odniesienia\/","og_locale":"pl_PL","og_type":"article","og_title":"Zewn\u0119trzne materia\u0142y odniesienia - Bipea","og_description":"MATERIA\u0141Y ODNIESIENIA \u2013 CO TO JEST? \u200b Zewn\u0119trzne materia\u0142y odniesienia (ERM) produkowane s\u0105 wraz z regularnymi pr\u00f3bkami bada\u0144 bieg\u0142o\u015bci. Pozwalaj\u0105 one na wewn\u0119trzn\u0105 kontrol\u0119 jako\u015bci analiz, poniewa\u017c warto\u015b\u0107 przypisana danych parametr\u00f3w zosta\u0142a okre\u015blona w wyniku badania bieg\u0142o\u015bci. Materia\u0142y odniesienia umo\u017cliwiaj\u0105 nadprogramowy nadz\u00f3r procedur analitycznych, niezale\u017cnie od udzia\u0142u w badaniach bieg\u0142o\u015bci. Aby dostarczy\u0107 pr\u00f3bki wysokiej jako\u015bci, zwracamy [&hellip;]","og_url":"https:\/\/www.bipea.org\/pl\/zewnetrzne-materialy-odniesienia\/","og_site_name":"Bipea","article_publisher":"https:\/\/www.facebook.com\/Bipea-Proficiency-Testing-Programs-1726595444310313\/","article_modified_time":"2022-10-13T13:29:31+00:00","twitter_card":"summary_large_image","twitter_site":"@BipeaP","twitter_misc":{"Szacowany czas czytania":"2 minuty"},"schema":{"@context":"https:\/\/schema.org","@graph":[{"@type":"WebPage","@id":"https:\/\/www.bipea.org\/pl\/zewnetrzne-materialy-odniesienia\/","url":"https:\/\/www.bipea.org\/pl\/zewnetrzne-materialy-odniesienia\/","name":"Zewn\u0119trzne materia\u0142y odniesienia - Bipea","isPartOf":{"@id":"https:\/\/www.bipea.org\/pl\/#website"},"datePublished":"2017-12-21T19:06:19+00:00","dateModified":"2022-10-13T13:29:31+00:00","breadcrumb":{"@id":"https:\/\/www.bipea.org\/pl\/zewnetrzne-materialy-odniesienia\/#breadcrumb"},"inLanguage":"pl-PL","potentialAction":[{"@type":"ReadAction","target":["https:\/\/www.bipea.org\/pl\/zewnetrzne-materialy-odniesienia\/"]}]},{"@type":"BreadcrumbList","@id":"https:\/\/www.bipea.org\/pl\/zewnetrzne-materialy-odniesienia\/#breadcrumb","itemListElement":[{"@type":"ListItem","position":1,"name":"Accueil","item":"https:\/\/www.bipea.org\/pl\/"},{"@type":"ListItem","position":2,"name":"Zewn\u0119trzne materia\u0142y odniesienia"}]},{"@type":"WebSite","@id":"https:\/\/www.bipea.org\/pl\/#website","url":"https:\/\/www.bipea.org\/pl\/","name":"Bipea","description":"","potentialAction":[{"@type":"SearchAction","target":{"@type":"EntryPoint","urlTemplate":"https:\/\/www.bipea.org\/pl\/?s={search_term_string}"},"query-input":{"@type":"PropertyValueSpecification","valueRequired":true,"valueName":"search_term_string"}}],"inLanguage":"pl-PL"}]}},"_links":{"self":[{"href":"https:\/\/www.bipea.org\/pl\/wp-json\/wp\/v2\/pages\/15229","targetHints":{"allow":["GET"]}}],"collection":[{"href":"https:\/\/www.bipea.org\/pl\/wp-json\/wp\/v2\/pages"}],"about":[{"href":"https:\/\/www.bipea.org\/pl\/wp-json\/wp\/v2\/types\/page"}],"author":[{"embeddable":true,"href":"https:\/\/www.bipea.org\/pl\/wp-json\/wp\/v2\/users\/1"}],"replies":[{"embeddable":true,"href":"https:\/\/www.bipea.org\/pl\/wp-json\/wp\/v2\/comments?post=15229"}],"version-history":[{"count":3,"href":"https:\/\/www.bipea.org\/pl\/wp-json\/wp\/v2\/pages\/15229\/revisions"}],"predecessor-version":[{"id":18801,"href":"https:\/\/www.bipea.org\/pl\/wp-json\/wp\/v2\/pages\/15229\/revisions\/18801"}],"wp:attachment":[{"href":"https:\/\/www.bipea.org\/pl\/wp-json\/wp\/v2\/media?parent=15229"}],"curies":[{"name":"wp","href":"https:\/\/api.w.org\/{rel}","templated":true}]}}