{"id":15223,"date":"2017-12-23T19:37:49","date_gmt":"2017-12-23T18:37:49","guid":{"rendered":"https:\/\/www.bipea.org\/proficiency-testing-programs-pts\/"},"modified":"2020-04-27T10:15:38","modified_gmt":"2020-04-27T08:15:38","slug":"badania-bieglosci-pts","status":"publish","type":"page","link":"https:\/\/www.bipea.org\/pl\/badania-bieglosci-pts\/","title":{"rendered":"Badania bieglosci (PTS)"},"content":{"rendered":"<p><div class=\"fusion-fullwidth fullwidth-box fusion-builder-row-1 nonhundred-percent-fullwidth non-hundred-percent-height-scrolling\" style=\"--awb-border-radius-top-left:0px;--awb-border-radius-top-right:0px;--awb-border-radius-bottom-right:0px;--awb-border-radius-bottom-left:0px;--awb-flex-wrap:wrap;\" ><div class=\"fusion-builder-row fusion-row\"><div class=\"fusion-layout-column fusion_builder_column fusion-builder-column-0 fusion_builder_column_1_3 1_3 fusion-one-third fusion-column-first\" style=\"--awb-bg-size:cover;width:33.333333333333%;width:calc(33.333333333333% - ( ( 4% + 4% ) * 0.33333333333333 ) );margin-right: 4%;\"><div class=\"fusion-column-wrapper fusion-flex-column-wrapper-legacy\"><div class=\"fusion-clearfix\"><\/div><\/div><\/div><div class=\"fusion-layout-column fusion_builder_column fusion-builder-column-1 fusion_builder_column_1_3 1_3 fusion-one-third\" style=\"--awb-bg-size:cover;width:33.333333333333%;width:calc(33.333333333333% - ( ( 4% + 4% ) * 0.33333333333333 ) );margin-right: 4%;\"><div class=\"fusion-column-wrapper fusion-flex-column-wrapper-legacy\"><div class=\"fusion-clearfix\"><\/div><\/div><\/div><div class=\"fusion-layout-column fusion_builder_column fusion-builder-column-2 fusion_builder_column_1_3 1_3 fusion-one-third fusion-column-last pt-link\" style=\"--awb-bg-size:cover;width:33.333333333333%;width:calc(33.333333333333% - ( ( 4% + 4% ) * 0.33333333333333 ) );\"><div class=\"fusion-column-wrapper fusion-flex-column-wrapper-legacy\"><div class=\"fusion-text fusion-text-1\"><p class=\"font_8\" style=\"text-align: right;\"><span style=\"text-decoration: underline;\"><a href=\"https:\/\/www.bipea.org\/pl\/badania-bieglosci\/\" rel=\"noopener noreferrer\">Badanie bieg\u0142o\u015bci \u2013 co to jest?<\/a><\/span><\/p>\n<p class=\"font_8\" style=\"text-align: right;\"><span style=\"text-decoration: underline;\"><a href=\"https:\/\/www.bipea.org\/pl\/karty-kontroli-wynikow\/\" rel=\"noopener noreferrer\">Karta kontroli wynik\u00f3w \u2013 co to jest?<\/a><\/span><\/p>\n<p class=\"font_8\" style=\"text-align: right;\"><span style=\"text-decoration: underline;\"><a href=\"https:\/\/www.bipea.org\/pl\/jak-to-dziala\/\" rel=\"noopener noreferrer\">Jak dzia\u0142aj\u0105 badania bieg\u0142o\u015bci BIPEA?<\/a><\/span><\/p>\n<p class=\"font_8\" style=\"text-align: right;\"><span style=\"text-decoration: underline;\"><a href=\"https:\/\/www.bipea.org\/pl\/warunki-rejestracji-i-polityka-prywatnosci\/\" rel=\"noopener noreferrer\">Warunki rejestracji i polityka prywatno\u015bci<\/a><\/span><\/p>\n<\/div><div class=\"fusion-clearfix\"><\/div><\/div><\/div><\/div><\/div><div class=\"fusion-fullwidth fullwidth-box fusion-builder-row-2 nonhundred-percent-fullwidth non-hundred-percent-height-scrolling\" style=\"--awb-border-radius-top-left:0px;--awb-border-radius-top-right:0px;--awb-border-radius-bottom-right:0px;--awb-border-radius-bottom-left:0px;--awb-flex-wrap:wrap;\" ><div class=\"fusion-builder-row fusion-row\"><\/div><\/div><div class=\"fusion-fullwidth fullwidth-box fusion-builder-row-3 nonhundred-percent-fullwidth non-hundred-percent-height-scrolling\" style=\"--awb-border-radius-top-left:0px;--awb-border-radius-top-right:0px;--awb-border-radius-bottom-right:0px;--awb-border-radius-bottom-left:0px;--awb-padding-right:0px;--awb-padding-left:0px;--awb-flex-wrap:wrap;\" ><div class=\"fusion-builder-row fusion-row\"><div class=\"fusion-layout-column fusion_builder_column fusion-builder-column-3 fusion_builder_column_1_4 1_4 fusion-one-fourth fusion-column-first box_style0\" style=\"--awb-bg-size:cover;width:25%;width:calc(25% - ( ( 4% + 4% + 4% ) * 0.25 ) );margin-right: 4%;\"><div class=\"fusion-column-wrapper fusion-flex-column-wrapper-legacy\"><div class=\"fusion-text fusion-text-2\"><p><a href=\"\/?page_id=11943\"><img decoding=\"async\" class=\"alignnone size-full wp-image-12015\" src=\"https:\/\/www.bipea.org\/wp-content\/uploads\/2017\/12\/70c41a_696a0290157b4b549e9dbc211c949d87mv2.jpg\" alt=\"\" width=\"192\" height=\"124\" \/><\/a><\/p>\n<p style=\"text-align: center;\">\u017bYWNO\u015a\u0106<\/p>\n<\/div><div class=\"fusion-clearfix\"><\/div><\/div><\/div><div class=\"fusion-layout-column fusion_builder_column fusion-builder-column-4 fusion_builder_column_1_4 1_4 fusion-one-fourth box_style0\" style=\"--awb-bg-size:cover;width:25%;width:calc(25% - ( ( 4% + 4% + 4% ) * 0.25 ) );margin-right: 4%;\"><div class=\"fusion-column-wrapper fusion-flex-column-wrapper-legacy\"><div class=\"fusion-text fusion-text-3\"><p><a href=\"\/?page_id=12104\"><img decoding=\"async\" class=\"alignnone wp-image-12020 size-full\" src=\"https:\/\/www.bipea.org\/wp-content\/uploads\/2017\/12\/ed62d5848631mv2.jpg\" alt=\"\" width=\"192\" height=\"124\" \/><\/a><\/p>\n<p style=\"text-align: center;\">WODA<\/p>\n<\/div><div class=\"fusion-clearfix\"><\/div><\/div><\/div><div class=\"fusion-layout-column fusion_builder_column fusion-builder-column-5 fusion_builder_column_1_4 1_4 fusion-one-fourth box_style0\" style=\"--awb-bg-size:cover;width:25%;width:calc(25% - ( ( 4% + 4% + 4% ) * 0.25 ) );margin-right: 4%;\"><div class=\"fusion-column-wrapper fusion-flex-column-wrapper-legacy\"><div class=\"fusion-text fusion-text-4\"><p><a href=\"\/?page_id=12066\"><img decoding=\"async\" class=\"alignnone wp-image-12022 size-full\" src=\"https:\/\/www.bipea.org\/wp-content\/uploads\/2017\/12\/fe56db6862a8633c.jpg\" alt=\"\" width=\"192\" height=\"124\" \/><\/a><\/p>\n<p style=\"text-align: center;\">PASZE<\/p>\n<\/div><div class=\"fusion-clearfix\"><\/div><\/div><\/div><div class=\"fusion-layout-column fusion_builder_column fusion-builder-column-6 fusion_builder_column_1_4 1_4 fusion-one-fourth fusion-column-last box_style0\" style=\"--awb-bg-size:cover;width:25%;width:calc(25% - ( ( 4% + 4% + 4% ) * 0.25 ) );\"><div class=\"fusion-column-wrapper fusion-flex-column-wrapper-legacy\"><div class=\"fusion-text fusion-text-5\"><p><a href=\"\/?page_id=12079\"><img decoding=\"async\" class=\"alignnone wp-image-12024 size-full\" src=\"https:\/\/www.bipea.org\/wp-content\/uploads\/2017\/12\/3aaa47f4e950mv2.png\" alt=\"\" width=\"192\" height=\"124\" \/><\/a><\/p>\n<p style=\"text-align: center;\">KOSMETYKI<\/p>\n<\/div><div class=\"fusion-clearfix\"><\/div><\/div><\/div><div class=\"fusion-layout-column fusion_builder_column fusion-builder-column-7 fusion_builder_column_1_4 1_4 fusion-one-fourth fusion-column-first box_style0\" style=\"--awb-bg-size:cover;width:25%;width:calc(25% - ( ( 4% + 4% + 4% ) * 0.25 ) );margin-right: 4%;\"><div class=\"fusion-column-wrapper fusion-flex-column-wrapper-legacy\"><div class=\"fusion-text fusion-text-6\"><p><a href=\"\/?page_id=12115\"><img decoding=\"async\" class=\"alignnone wp-image-12034 size-full\" src=\"https:\/\/www.bipea.org\/wp-content\/uploads\/2017\/12\/d_1920_1279_s_2.jpg\" alt=\"\" width=\"192\" height=\"124\" \/><\/a><\/p>\n<p style=\"text-align: center;\">NAPOJE<\/p>\n<\/div><div class=\"fusion-clearfix\"><\/div><\/div><\/div><div class=\"fusion-layout-column fusion_builder_column fusion-builder-column-8 fusion_builder_column_1_4 1_4 fusion-one-fourth box_style0\" style=\"--awb-bg-size:cover;width:25%;width:calc(25% - ( ( 4% + 4% + 4% ) * 0.25 ) );margin-right: 4%;\"><div class=\"fusion-column-wrapper fusion-flex-column-wrapper-legacy\"><div class=\"fusion-text fusion-text-7\"><p><a href=\"\/?page_id=12083\"><img decoding=\"async\" class=\"alignnone wp-image-12033 size-full\" src=\"https:\/\/www.bipea.org\/wp-content\/uploads\/2017\/12\/4608_3456_s_4_2.jpg\" alt=\"\" width=\"192\" height=\"124\" \/><\/a><\/p>\n<p style=\"text-align: center;\">GLEBY<\/p>\n<\/div><div class=\"fusion-clearfix\"><\/div><\/div><\/div><div class=\"fusion-layout-column fusion_builder_column fusion-builder-column-9 fusion_builder_column_1_4 1_4 fusion-one-fourth box_style0\" style=\"--awb-bg-size:cover;width:25%;width:calc(25% - ( ( 4% + 4% + 4% ) * 0.25 ) );margin-right: 4%;\"><div class=\"fusion-column-wrapper fusion-flex-column-wrapper-legacy\"><div class=\"fusion-text fusion-text-8\"><p><a href=\"\/?page_id=12088\"><img decoding=\"async\" class=\"wp-image-12035 size-full\" src=\"https:\/\/www.bipea.org\/wp-content\/uploads\/2017\/12\/d_3000_1812_s_2.jpg\" alt=\"\" width=\"192\" height=\"124\" \/> <\/a><\/p>\n<p style=\"text-align: center;\">ZBO\u017bA<\/p>\n<\/div><div class=\"fusion-clearfix\"><\/div><\/div><\/div><div class=\"fusion-layout-column fusion_builder_column fusion-builder-column-10 fusion_builder_column_1_4 1_4 fusion-one-fourth fusion-column-last box_style0\" style=\"--awb-bg-size:cover;width:25%;width:calc(25% - ( ( 4% + 4% + 4% ) * 0.25 ) );\"><div class=\"fusion-column-wrapper fusion-flex-column-wrapper-legacy\"><div class=\"fusion-text fusion-text-9\"><p><a href=\"\/?page_id=12091\"><img decoding=\"async\" class=\"alignnone wp-image-12036 size-full\" src=\"https:\/\/www.bipea.org\/wp-content\/uploads\/2017\/12\/d_1920_1313_s_2.jpg\" alt=\"\" width=\"192\" height=\"124\" \/> <\/a><\/p>\n<p style=\"text-align: center;\">AROMATY<\/p>\n<\/div><div class=\"fusion-clearfix\"><\/div><\/div><\/div><div class=\"fusion-layout-column fusion_builder_column fusion-builder-column-11 fusion_builder_column_1_4 1_4 fusion-one-fourth fusion-column-first box_style0\" style=\"--awb-bg-size:cover;width:25%;width:calc(25% - ( ( 4% + 4% + 4% ) * 0.25 ) );margin-right: 4%;\"><div class=\"fusion-column-wrapper fusion-flex-column-wrapper-legacy\"><div class=\"fusion-text fusion-text-10\"><p><a href=\"\/?page_id=12094\"><img decoding=\"async\" class=\"alignnone wp-image-12038 size-full\" src=\"https:\/\/www.bipea.org\/wp-content\/uploads\/2017\/12\/bca41a9a11afmv2.jpg\" alt=\"\" width=\"192\" height=\"124\" \/> <\/a><\/p>\n<p style=\"text-align: center;\">GMO &#8211; DNA<\/p>\n<\/div><div class=\"fusion-clearfix\"><\/div><\/div><\/div><div class=\"fusion-layout-column fusion_builder_column fusion-builder-column-12 fusion_builder_column_1_4 1_4 fusion-one-fourth box_style0\" style=\"--awb-bg-size:cover;width:25%;width:calc(25% - ( ( 4% + 4% + 4% ) * 0.25 ) );margin-right: 4%;\"><div class=\"fusion-column-wrapper fusion-flex-column-wrapper-legacy\"><div class=\"fusion-text fusion-text-11\"><p><a href=\"\/?page_id=12098\"><img decoding=\"async\" class=\"alignnone wp-image-12039 size-full\" src=\"https:\/\/www.bipea.org\/wp-content\/uploads\/2017\/12\/d_1920_1437_s_2.jpg\" alt=\"\" width=\"192\" height=\"124\" \/> <\/a><\/p>\n<p style=\"text-align: center;\">POWIETRZE<\/p>\n<\/div><div class=\"fusion-clearfix\"><\/div><\/div><\/div><div class=\"fusion-layout-column fusion_builder_column fusion-builder-column-13 fusion_builder_column_1_4 1_4 fusion-one-fourth box_style0\" style=\"--awb-bg-size:cover;width:25%;width:calc(25% - ( ( 4% + 4% + 4% ) * 0.25 ) );margin-right: 4%;\"><div class=\"fusion-column-wrapper fusion-flex-column-wrapper-legacy\"><div class=\"fusion-text fusion-text-12\"><p><a href=\"\/?page_id=12100\"><img decoding=\"async\" class=\"alignnone wp-image-12040 size-full\" src=\"https:\/\/www.bipea.org\/wp-content\/uploads\/2017\/12\/d085cf406b2cmv2.jpg\" alt=\"\" width=\"192\" height=\"124\" \/><\/a><\/p>\n<p style=\"text-align: center;\">M\u0141YNARSTWO<\/p>\n<\/div><div class=\"fusion-clearfix\"><\/div><\/div><\/div><div class=\"fusion-layout-column fusion_builder_column fusion-builder-column-14 fusion_builder_column_1_4 1_4 fusion-one-fourth fusion-column-last box_style0\" style=\"--awb-bg-size:cover;width:25%;width:calc(25% - ( ( 4% + 4% + 4% ) * 0.25 ) );\"><div class=\"fusion-column-wrapper fusion-flex-column-wrapper-legacy\"><div class=\"fusion-text fusion-text-13\"><p><img decoding=\"async\" class=\"alignnone wp-image-15323\" src=\"https:\/\/www.bipea.org\/wp-content\/uploads\/2019\/09\/98-300x200.jpg\" alt=\"\" width=\"192\" height=\"128\" \/><\/p>\n<p style=\"text-align: center;\">PHARMA<\/p>\n<\/div><div class=\"fusion-clearfix\"><\/div><\/div><\/div><\/div><\/div><\/p>\n","protected":false},"excerpt":{"rendered":"","protected":false},"author":1,"featured_media":0,"parent":0,"menu_order":0,"comment_status":"closed","ping_status":"closed","template":"","meta":{"footnotes":""},"class_list":["post-15223","page","type-page","status-publish","hentry"],"yoast_head":"<!-- This site is optimized with the Yoast SEO plugin v27.0 - https:\/\/yoast.com\/product\/yoast-seo-wordpress\/ -->\n<title>Badania bieglosci (PTS) - Bipea<\/title>\n<meta name=\"robots\" content=\"index, follow, max-snippet:-1, max-image-preview:large, max-video-preview:-1\" \/>\n<link rel=\"canonical\" href=\"https:\/\/www.bipea.org\/pl\/badania-bieglosci-pts\/\" \/>\n<meta property=\"og:locale\" content=\"pl_PL\" \/>\n<meta property=\"og:type\" content=\"article\" \/>\n<meta property=\"og:title\" content=\"Badania bieglosci (PTS) - Bipea\" \/>\n<meta property=\"og:url\" content=\"https:\/\/www.bipea.org\/pl\/badania-bieglosci-pts\/\" \/>\n<meta property=\"og:site_name\" content=\"Bipea\" \/>\n<meta property=\"article:publisher\" content=\"https:\/\/www.facebook.com\/Bipea-Proficiency-Testing-Programs-1726595444310313\/\" \/>\n<meta property=\"article:modified_time\" content=\"2020-04-27T08:15:38+00:00\" \/>\n<meta property=\"og:image\" content=\"https:\/\/www.bipea.org\/wp-content\/uploads\/2017\/12\/70c41a_696a0290157b4b549e9dbc211c949d87mv2.jpg\" \/>\n<meta name=\"twitter:card\" content=\"summary_large_image\" \/>\n<meta name=\"twitter:site\" content=\"@BipeaP\" \/>\n<meta name=\"twitter:label1\" content=\"Szacowany czas czytania\" \/>\n\t<meta name=\"twitter:data1\" content=\"8 minut\" \/>\n<script type=\"application\/ld+json\" class=\"yoast-schema-graph\">{\"@context\":\"https:\/\/schema.org\",\"@graph\":[{\"@type\":\"WebPage\",\"@id\":\"https:\/\/www.bipea.org\/pl\/badania-bieglosci-pts\/\",\"url\":\"https:\/\/www.bipea.org\/pl\/badania-bieglosci-pts\/\",\"name\":\"Badania bieglosci (PTS) - Bipea\",\"isPartOf\":{\"@id\":\"https:\/\/www.bipea.org\/pl\/#website\"},\"primaryImageOfPage\":{\"@id\":\"https:\/\/www.bipea.org\/pl\/badania-bieglosci-pts\/#primaryimage\"},\"image\":{\"@id\":\"https:\/\/www.bipea.org\/pl\/badania-bieglosci-pts\/#primaryimage\"},\"thumbnailUrl\":\"https:\/\/www.bipea.org\/wp-content\/uploads\/2017\/12\/70c41a_696a0290157b4b549e9dbc211c949d87mv2.jpg\",\"datePublished\":\"2017-12-23T18:37:49+00:00\",\"dateModified\":\"2020-04-27T08:15:38+00:00\",\"breadcrumb\":{\"@id\":\"https:\/\/www.bipea.org\/pl\/badania-bieglosci-pts\/#breadcrumb\"},\"inLanguage\":\"pl-PL\",\"potentialAction\":[{\"@type\":\"ReadAction\",\"target\":[\"https:\/\/www.bipea.org\/pl\/badania-bieglosci-pts\/\"]}]},{\"@type\":\"ImageObject\",\"inLanguage\":\"pl-PL\",\"@id\":\"https:\/\/www.bipea.org\/pl\/badania-bieglosci-pts\/#primaryimage\",\"url\":\"https:\/\/www.bipea.org\/wp-content\/uploads\/2017\/12\/70c41a_696a0290157b4b549e9dbc211c949d87mv2.jpg\",\"contentUrl\":\"https:\/\/www.bipea.org\/wp-content\/uploads\/2017\/12\/70c41a_696a0290157b4b549e9dbc211c949d87mv2.jpg\"},{\"@type\":\"BreadcrumbList\",\"@id\":\"https:\/\/www.bipea.org\/pl\/badania-bieglosci-pts\/#breadcrumb\",\"itemListElement\":[{\"@type\":\"ListItem\",\"position\":1,\"name\":\"Accueil\",\"item\":\"https:\/\/www.bipea.org\/pl\/\"},{\"@type\":\"ListItem\",\"position\":2,\"name\":\"Badania bieglosci (PTS)\"}]},{\"@type\":\"WebSite\",\"@id\":\"https:\/\/www.bipea.org\/pl\/#website\",\"url\":\"https:\/\/www.bipea.org\/pl\/\",\"name\":\"Bipea\",\"description\":\"\",\"potentialAction\":[{\"@type\":\"SearchAction\",\"target\":{\"@type\":\"EntryPoint\",\"urlTemplate\":\"https:\/\/www.bipea.org\/pl\/?s={search_term_string}\"},\"query-input\":{\"@type\":\"PropertyValueSpecification\",\"valueRequired\":true,\"valueName\":\"search_term_string\"}}],\"inLanguage\":\"pl-PL\"}]}<\/script>\n<!-- \/ Yoast SEO plugin. -->","yoast_head_json":{"title":"Badania bieglosci (PTS) - Bipea","robots":{"index":"index","follow":"follow","max-snippet":"max-snippet:-1","max-image-preview":"max-image-preview:large","max-video-preview":"max-video-preview:-1"},"canonical":"https:\/\/www.bipea.org\/pl\/badania-bieglosci-pts\/","og_locale":"pl_PL","og_type":"article","og_title":"Badania bieglosci (PTS) - Bipea","og_url":"https:\/\/www.bipea.org\/pl\/badania-bieglosci-pts\/","og_site_name":"Bipea","article_publisher":"https:\/\/www.facebook.com\/Bipea-Proficiency-Testing-Programs-1726595444310313\/","article_modified_time":"2020-04-27T08:15:38+00:00","og_image":[{"url":"https:\/\/www.bipea.org\/wp-content\/uploads\/2017\/12\/70c41a_696a0290157b4b549e9dbc211c949d87mv2.jpg","type":"","width":"","height":""}],"twitter_card":"summary_large_image","twitter_site":"@BipeaP","twitter_misc":{"Szacowany czas czytania":"8 minut"},"schema":{"@context":"https:\/\/schema.org","@graph":[{"@type":"WebPage","@id":"https:\/\/www.bipea.org\/pl\/badania-bieglosci-pts\/","url":"https:\/\/www.bipea.org\/pl\/badania-bieglosci-pts\/","name":"Badania bieglosci (PTS) - Bipea","isPartOf":{"@id":"https:\/\/www.bipea.org\/pl\/#website"},"primaryImageOfPage":{"@id":"https:\/\/www.bipea.org\/pl\/badania-bieglosci-pts\/#primaryimage"},"image":{"@id":"https:\/\/www.bipea.org\/pl\/badania-bieglosci-pts\/#primaryimage"},"thumbnailUrl":"https:\/\/www.bipea.org\/wp-content\/uploads\/2017\/12\/70c41a_696a0290157b4b549e9dbc211c949d87mv2.jpg","datePublished":"2017-12-23T18:37:49+00:00","dateModified":"2020-04-27T08:15:38+00:00","breadcrumb":{"@id":"https:\/\/www.bipea.org\/pl\/badania-bieglosci-pts\/#breadcrumb"},"inLanguage":"pl-PL","potentialAction":[{"@type":"ReadAction","target":["https:\/\/www.bipea.org\/pl\/badania-bieglosci-pts\/"]}]},{"@type":"ImageObject","inLanguage":"pl-PL","@id":"https:\/\/www.bipea.org\/pl\/badania-bieglosci-pts\/#primaryimage","url":"https:\/\/www.bipea.org\/wp-content\/uploads\/2017\/12\/70c41a_696a0290157b4b549e9dbc211c949d87mv2.jpg","contentUrl":"https:\/\/www.bipea.org\/wp-content\/uploads\/2017\/12\/70c41a_696a0290157b4b549e9dbc211c949d87mv2.jpg"},{"@type":"BreadcrumbList","@id":"https:\/\/www.bipea.org\/pl\/badania-bieglosci-pts\/#breadcrumb","itemListElement":[{"@type":"ListItem","position":1,"name":"Accueil","item":"https:\/\/www.bipea.org\/pl\/"},{"@type":"ListItem","position":2,"name":"Badania bieglosci (PTS)"}]},{"@type":"WebSite","@id":"https:\/\/www.bipea.org\/pl\/#website","url":"https:\/\/www.bipea.org\/pl\/","name":"Bipea","description":"","potentialAction":[{"@type":"SearchAction","target":{"@type":"EntryPoint","urlTemplate":"https:\/\/www.bipea.org\/pl\/?s={search_term_string}"},"query-input":{"@type":"PropertyValueSpecification","valueRequired":true,"valueName":"search_term_string"}}],"inLanguage":"pl-PL"}]}},"_links":{"self":[{"href":"https:\/\/www.bipea.org\/pl\/wp-json\/wp\/v2\/pages\/15223","targetHints":{"allow":["GET"]}}],"collection":[{"href":"https:\/\/www.bipea.org\/pl\/wp-json\/wp\/v2\/pages"}],"about":[{"href":"https:\/\/www.bipea.org\/pl\/wp-json\/wp\/v2\/types\/page"}],"author":[{"embeddable":true,"href":"https:\/\/www.bipea.org\/pl\/wp-json\/wp\/v2\/users\/1"}],"replies":[{"embeddable":true,"href":"https:\/\/www.bipea.org\/pl\/wp-json\/wp\/v2\/comments?post=15223"}],"version-history":[{"count":5,"href":"https:\/\/www.bipea.org\/pl\/wp-json\/wp\/v2\/pages\/15223\/revisions"}],"predecessor-version":[{"id":15444,"href":"https:\/\/www.bipea.org\/pl\/wp-json\/wp\/v2\/pages\/15223\/revisions\/15444"}],"wp:attachment":[{"href":"https:\/\/www.bipea.org\/pl\/wp-json\/wp\/v2\/media?parent=15223"}],"curies":[{"name":"wp","href":"https:\/\/api.w.org\/{rel}","templated":true}]}}