{"id":15218,"date":"2017-12-24T18:37:55","date_gmt":"2017-12-24T17:37:55","guid":{"rendered":"https:\/\/www.bipea.org\/members-roles\/"},"modified":"2020-04-22T11:39:57","modified_gmt":"2020-04-22T09:39:57","slug":"rola-czlonkow","status":"publish","type":"page","link":"https:\/\/www.bipea.org\/pl\/rola-czlonkow\/","title":{"rendered":"Rola cz\u0142onk\u00f3w"},"content":{"rendered":"<p>Cz\u0142onkowie BIPEA odgrywaj\u0105 wa\u017cn\u0105 rol\u0119 w dzia\u0142alno\u015bci stowarzyszenia.<\/p>\n<p>&nbsp;<\/p>\n<p>Poprzez udzia\u0142 w komisjach technicznych uczestnicz\u0105 oni w tworzeniu, organizacji i realizacji bada\u0144 bieg\u0142o\u015bci, maj\u0105c wp\u0142yw na wyb\u00f3r matryc, parametr\u00f3w i cz\u0119stotliwo\u015b\u0107 test\u00f3w.<\/p>\n<p>&nbsp;<\/p>\n<p>Wszystkie propozycje cz\u0142onk\u00f3w analizowane s\u0105 przez dzia\u0142 naukowo-techniczny BIPEA pod k\u0105tem wykonalno\u015bci, prowadz\u0105c cz\u0119sto do utworzenia nowego program.<\/p>\n<p>&nbsp;<\/p>\n<p class=\"font_8\" style=\"text-align: justify;\">Ten rodzaj wsp\u00f3\u0142pracy stanowi bardzo istotny element dzia\u0142alno\u015bci BIPEA.<\/p>\n","protected":false},"excerpt":{"rendered":"<p>Cz\u0142onkowie BIPEA odgrywaj\u0105 wa\u017cn\u0105 rol\u0119 w dzia\u0142alno\u015bci stowarzyszenia. &nbsp; Poprzez udzia\u0142 w komisjach technicznych uczestnicz\u0105 oni w tworzeniu, organizacji i realizacji bada\u0144 bieg\u0142o\u015bci, maj\u0105c wp\u0142yw na wyb\u00f3r matryc, parametr\u00f3w i cz\u0119stotliwo\u015b\u0107 test\u00f3w. &nbsp; Wszystkie propozycje cz\u0142onk\u00f3w analizowane s\u0105 przez dzia\u0142 naukowo-techniczny BIPEA pod k\u0105tem wykonalno\u015bci, prowadz\u0105c cz\u0119sto do utworzenia nowego program. &nbsp; Ten rodzaj wsp\u00f3\u0142pracy stanowi [&hellip;]<\/p>\n","protected":false},"author":1,"featured_media":0,"parent":0,"menu_order":0,"comment_status":"closed","ping_status":"closed","template":"","meta":{"footnotes":""},"class_list":["post-15218","page","type-page","status-publish","hentry"],"yoast_head":"<!-- This site is optimized with the Yoast SEO plugin v27.0 - https:\/\/yoast.com\/product\/yoast-seo-wordpress\/ -->\n<title>Rola cz\u0142onk\u00f3w - Bipea<\/title>\n<meta name=\"robots\" content=\"index, follow, max-snippet:-1, max-image-preview:large, max-video-preview:-1\" \/>\n<link rel=\"canonical\" href=\"https:\/\/www.bipea.org\/pl\/rola-czlonkow\/\" \/>\n<meta property=\"og:locale\" content=\"pl_PL\" \/>\n<meta property=\"og:type\" content=\"article\" \/>\n<meta property=\"og:title\" content=\"Rola cz\u0142onk\u00f3w - Bipea\" \/>\n<meta property=\"og:description\" content=\"Cz\u0142onkowie BIPEA odgrywaj\u0105 wa\u017cn\u0105 rol\u0119 w dzia\u0142alno\u015bci stowarzyszenia. &nbsp; Poprzez udzia\u0142 w komisjach technicznych uczestnicz\u0105 oni w tworzeniu, organizacji i realizacji bada\u0144 bieg\u0142o\u015bci, maj\u0105c wp\u0142yw na wyb\u00f3r matryc, parametr\u00f3w i cz\u0119stotliwo\u015b\u0107 test\u00f3w. &nbsp; Wszystkie propozycje cz\u0142onk\u00f3w analizowane s\u0105 przez dzia\u0142 naukowo-techniczny BIPEA pod k\u0105tem wykonalno\u015bci, prowadz\u0105c cz\u0119sto do utworzenia nowego program. &nbsp; Ten rodzaj wsp\u00f3\u0142pracy stanowi [&hellip;]\" \/>\n<meta property=\"og:url\" content=\"https:\/\/www.bipea.org\/pl\/rola-czlonkow\/\" \/>\n<meta property=\"og:site_name\" content=\"Bipea\" \/>\n<meta property=\"article:publisher\" content=\"https:\/\/www.facebook.com\/Bipea-Proficiency-Testing-Programs-1726595444310313\/\" \/>\n<meta property=\"article:modified_time\" content=\"2020-04-22T09:39:57+00:00\" \/>\n<meta name=\"twitter:card\" content=\"summary_large_image\" \/>\n<meta name=\"twitter:site\" content=\"@BipeaP\" \/>\n<script type=\"application\/ld+json\" class=\"yoast-schema-graph\">{\"@context\":\"https:\/\/schema.org\",\"@graph\":[{\"@type\":\"WebPage\",\"@id\":\"https:\/\/www.bipea.org\/pl\/rola-czlonkow\/\",\"url\":\"https:\/\/www.bipea.org\/pl\/rola-czlonkow\/\",\"name\":\"Rola cz\u0142onk\u00f3w - Bipea\",\"isPartOf\":{\"@id\":\"https:\/\/www.bipea.org\/pl\/#website\"},\"datePublished\":\"2017-12-24T17:37:55+00:00\",\"dateModified\":\"2020-04-22T09:39:57+00:00\",\"breadcrumb\":{\"@id\":\"https:\/\/www.bipea.org\/pl\/rola-czlonkow\/#breadcrumb\"},\"inLanguage\":\"pl-PL\",\"potentialAction\":[{\"@type\":\"ReadAction\",\"target\":[\"https:\/\/www.bipea.org\/pl\/rola-czlonkow\/\"]}]},{\"@type\":\"BreadcrumbList\",\"@id\":\"https:\/\/www.bipea.org\/pl\/rola-czlonkow\/#breadcrumb\",\"itemListElement\":[{\"@type\":\"ListItem\",\"position\":1,\"name\":\"Accueil\",\"item\":\"https:\/\/www.bipea.org\/pl\/\"},{\"@type\":\"ListItem\",\"position\":2,\"name\":\"Rola cz\u0142onk\u00f3w\"}]},{\"@type\":\"WebSite\",\"@id\":\"https:\/\/www.bipea.org\/pl\/#website\",\"url\":\"https:\/\/www.bipea.org\/pl\/\",\"name\":\"Bipea\",\"description\":\"\",\"potentialAction\":[{\"@type\":\"SearchAction\",\"target\":{\"@type\":\"EntryPoint\",\"urlTemplate\":\"https:\/\/www.bipea.org\/pl\/?s={search_term_string}\"},\"query-input\":{\"@type\":\"PropertyValueSpecification\",\"valueRequired\":true,\"valueName\":\"search_term_string\"}}],\"inLanguage\":\"pl-PL\"}]}<\/script>\n<!-- \/ Yoast SEO plugin. -->","yoast_head_json":{"title":"Rola cz\u0142onk\u00f3w - Bipea","robots":{"index":"index","follow":"follow","max-snippet":"max-snippet:-1","max-image-preview":"max-image-preview:large","max-video-preview":"max-video-preview:-1"},"canonical":"https:\/\/www.bipea.org\/pl\/rola-czlonkow\/","og_locale":"pl_PL","og_type":"article","og_title":"Rola cz\u0142onk\u00f3w - Bipea","og_description":"Cz\u0142onkowie BIPEA odgrywaj\u0105 wa\u017cn\u0105 rol\u0119 w dzia\u0142alno\u015bci stowarzyszenia. &nbsp; Poprzez udzia\u0142 w komisjach technicznych uczestnicz\u0105 oni w tworzeniu, organizacji i realizacji bada\u0144 bieg\u0142o\u015bci, maj\u0105c wp\u0142yw na wyb\u00f3r matryc, parametr\u00f3w i cz\u0119stotliwo\u015b\u0107 test\u00f3w. &nbsp; Wszystkie propozycje cz\u0142onk\u00f3w analizowane s\u0105 przez dzia\u0142 naukowo-techniczny BIPEA pod k\u0105tem wykonalno\u015bci, prowadz\u0105c cz\u0119sto do utworzenia nowego program. &nbsp; Ten rodzaj wsp\u00f3\u0142pracy stanowi [&hellip;]","og_url":"https:\/\/www.bipea.org\/pl\/rola-czlonkow\/","og_site_name":"Bipea","article_publisher":"https:\/\/www.facebook.com\/Bipea-Proficiency-Testing-Programs-1726595444310313\/","article_modified_time":"2020-04-22T09:39:57+00:00","twitter_card":"summary_large_image","twitter_site":"@BipeaP","schema":{"@context":"https:\/\/schema.org","@graph":[{"@type":"WebPage","@id":"https:\/\/www.bipea.org\/pl\/rola-czlonkow\/","url":"https:\/\/www.bipea.org\/pl\/rola-czlonkow\/","name":"Rola cz\u0142onk\u00f3w - Bipea","isPartOf":{"@id":"https:\/\/www.bipea.org\/pl\/#website"},"datePublished":"2017-12-24T17:37:55+00:00","dateModified":"2020-04-22T09:39:57+00:00","breadcrumb":{"@id":"https:\/\/www.bipea.org\/pl\/rola-czlonkow\/#breadcrumb"},"inLanguage":"pl-PL","potentialAction":[{"@type":"ReadAction","target":["https:\/\/www.bipea.org\/pl\/rola-czlonkow\/"]}]},{"@type":"BreadcrumbList","@id":"https:\/\/www.bipea.org\/pl\/rola-czlonkow\/#breadcrumb","itemListElement":[{"@type":"ListItem","position":1,"name":"Accueil","item":"https:\/\/www.bipea.org\/pl\/"},{"@type":"ListItem","position":2,"name":"Rola cz\u0142onk\u00f3w"}]},{"@type":"WebSite","@id":"https:\/\/www.bipea.org\/pl\/#website","url":"https:\/\/www.bipea.org\/pl\/","name":"Bipea","description":"","potentialAction":[{"@type":"SearchAction","target":{"@type":"EntryPoint","urlTemplate":"https:\/\/www.bipea.org\/pl\/?s={search_term_string}"},"query-input":{"@type":"PropertyValueSpecification","valueRequired":true,"valueName":"search_term_string"}}],"inLanguage":"pl-PL"}]}},"_links":{"self":[{"href":"https:\/\/www.bipea.org\/pl\/wp-json\/wp\/v2\/pages\/15218","targetHints":{"allow":["GET"]}}],"collection":[{"href":"https:\/\/www.bipea.org\/pl\/wp-json\/wp\/v2\/pages"}],"about":[{"href":"https:\/\/www.bipea.org\/pl\/wp-json\/wp\/v2\/types\/page"}],"author":[{"embeddable":true,"href":"https:\/\/www.bipea.org\/pl\/wp-json\/wp\/v2\/users\/1"}],"replies":[{"embeddable":true,"href":"https:\/\/www.bipea.org\/pl\/wp-json\/wp\/v2\/comments?post=15218"}],"version-history":[{"count":1,"href":"https:\/\/www.bipea.org\/pl\/wp-json\/wp\/v2\/pages\/15218\/revisions"}],"predecessor-version":[{"id":15337,"href":"https:\/\/www.bipea.org\/pl\/wp-json\/wp\/v2\/pages\/15218\/revisions\/15337"}],"wp:attachment":[{"href":"https:\/\/www.bipea.org\/pl\/wp-json\/wp\/v2\/media?parent=15218"}],"curies":[{"name":"wp","href":"https:\/\/api.w.org\/{rel}","templated":true}]}}