{"id":15213,"date":"2017-12-21T23:57:19","date_gmt":"2017-12-21T22:57:19","guid":{"rendered":"https:\/\/www.bipea.org\/organization-chart\/"},"modified":"2022-10-13T15:17:44","modified_gmt":"2022-10-13T13:17:44","slug":"struktura-stowarzyszenia","status":"publish","type":"page","link":"https:\/\/www.bipea.org\/pl\/struktura-stowarzyszenia\/","title":{"rendered":"Struktura stowarzyszenia"},"content":{"rendered":"<div class=\"fusion-fullwidth fullwidth-box fusion-builder-row-1 nonhundred-percent-fullwidth non-hundred-percent-height-scrolling\" style=\"--awb-border-radius-top-left:0px;--awb-border-radius-top-right:0px;--awb-border-radius-bottom-right:0px;--awb-border-radius-bottom-left:0px;--awb-flex-wrap:wrap;\" ><div class=\"fusion-builder-row fusion-row\"><div class=\"fusion-layout-column fusion_builder_column fusion-builder-column-0 fusion_builder_column_1_2 1_2 fusion-one-half fusion-column-first\" style=\"--awb-bg-size:cover;width:50%;width:calc(50% - ( ( 4% ) * 0.5 ) );margin-right: 4%;\"><div class=\"fusion-column-wrapper fusion-flex-column-wrapper-legacy\"><div class=\"fusion-text fusion-text-1\"><p class=\"font_8\" style=\"text-align: justify;\"><span style=\"font-size: 14pt;\"><strong>BIPEA sk\u0142ada si\u0119 z Walnego Zgromadzenia Cz\u0142onk\u00f3w, Zarz\u0105du G\u0142\u00f3wnego, Grupy Doradczej oraz Biura.<\/strong> Rol\u0105 tych jednostek jest zarz\u0105dzanie Stowarzyszeniem, zar\u00f3wno administracyjne jak i techniczne.<\/span><\/p>\n<p class=\"font_8\" style=\"text-align: justify;\"><span class=\"wixGuard\" style=\"font-size: 14pt;\">\u200b<\/span><\/p>\n<p><span style=\"font-size: 14pt;\"><strong>Biuro BIPEA<\/strong> jest sta\u0142\u0105 struktur\u0105 odpowiedzialn\u0105 za zarz\u0105dzanie administracyjne, organizacyjne i operacyjne stowarzyszenia BIPEA.<\/span><\/p>\n<p class=\"font_8\" style=\"text-align: justify;\"><span style=\"font-size: 14pt;\">Aby umo\u017cliwi\u0107 optymalne zarz\u0105dzanie organizowanymi badaniami bieg\u0142o\u015bci, BIPEA opiera si\u0119 na nast\u0119puj\u0105cych grupach doradczych:<\/span><\/p>\n<p class=\"font_8\" style=\"text-align: justify;\"><span class=\"wixGuard\" style=\"font-size: 14pt;\">\u200b<\/span><\/p>\n<ul class=\"font_8\" style=\"text-align: justify;\">\n<li>\n<p class=\"font_8\"><span style=\"font-size: 14pt;\"><strong>Doradcy naukowi: <\/strong>specjali\u015bci odpowiedzialni za wspieranie BIPEA w tworzeniu strategii naukowej i technicznej.<\/span><\/p>\n<\/li>\n<li>\n<p class=\"font_8\"><span style=\"font-size: 14pt;\"><strong>Techniczny Zarz\u0105d G\u0142<\/strong><strong>\u00f3<\/strong><strong>wny:<\/strong> organ ds. pomocy naukowej i technicznej, w sk\u0142ad kt\u00f3rego wchodz\u0105 doradcy naukowi i przewodnicz\u0105cy komisji technicznych.<\/span><\/p>\n<\/li>\n<\/ul>\n<ul class=\"font_8\" style=\"text-align: justify;\">\n<li>\n<p class=\"font_8\"><span style=\"font-size: 14pt;\"><strong>Komisje techniczne<\/strong>: ka\u017cdy program badania bieg\u0142o\u015bci reprezentowany jest przez komisj\u0119 techniczn\u0105, w sk\u0142ad kt\u00f3rej wchodz\u0105 uczestnicy danego programu. Komisje te stanowi\u0105 forum do dyskusji, daj\u0105c uczestnikom mo\u017cliwo\u015b\u0107 wymiany pogl\u0105d\u00f3w, przedstawienia propozycji i zalece\u0144 w celu ulepszenia programu.<\/span><\/p>\n<\/li>\n<\/ul>\n<p class=\"font_8\" style=\"text-align: justify;\"><span style=\"font-size: 14pt;\"><strong>Grupy techniczne <\/strong>sk\u0142adaj\u0105 si\u0119 z cz\u0142onk\u00f3w komisji technicznych. S\u0105 to zazwyczaj kierownicy laboratori\u00f3w, o uznanych kompetencjach w danej dziedzinie, zaanga\u017cowani w dzia\u0142alno\u015b\u0107 jednostek normalizacyjnych lub akredytuj\u0105cych. Ich rola polega w szczeg\u00f3lno\u015bci na opracowaniu propozycji oceny wynik\u00f3w laboratoryjnych (warto\u015b\u0107 przypisana, warto\u015b\u0107 tolerancji), zatwierdzaniu wynik\u00f3w bada\u0144 bieg\u0142o\u015bci oraz przygotowaniu projekt\u00f3w metod lub bada\u0144.<\/span><\/p>\n<\/div><div class=\"fusion-clearfix\"><\/div><\/div><\/div><div class=\"fusion-layout-column fusion_builder_column fusion-builder-column-1 fusion_builder_column_1_2 1_2 fusion-one-half fusion-column-last\" style=\"--awb-bg-size:cover;width:50%;width:calc(50% - ( ( 4% ) * 0.5 ) );\"><div class=\"fusion-column-wrapper fusion-flex-column-wrapper-legacy\"><div class=\"fusion-text fusion-text-2\"><p><img decoding=\"async\" class=\"alignnone wp-image-11937 size-full\" src=\"https:\/\/www.bipea.org\/wp-content\/uploads\/2017\/12\/graph.png\" alt=\"\" width=\"515\" height=\"709\" srcset=\"https:\/\/www.bipea.org\/wp-content\/uploads\/2017\/12\/graph-200x275.png 200w, https:\/\/www.bipea.org\/wp-content\/uploads\/2017\/12\/graph-218x300.png 218w, https:\/\/www.bipea.org\/wp-content\/uploads\/2017\/12\/graph-400x551.png 400w, https:\/\/www.bipea.org\/wp-content\/uploads\/2017\/12\/graph.png 515w\" sizes=\"(max-width: 515px) 100vw, 515px\" \/><\/p>\n<\/div><div class=\"fusion-clearfix\"><\/div><\/div><\/div><\/div><\/div>\n","protected":false},"excerpt":{"rendered":"","protected":false},"author":1,"featured_media":0,"parent":0,"menu_order":0,"comment_status":"closed","ping_status":"closed","template":"","meta":{"footnotes":""},"class_list":["post-15213","page","type-page","status-publish","hentry"],"yoast_head":"<!-- This site is optimized with the Yoast SEO plugin v27.0 - https:\/\/yoast.com\/product\/yoast-seo-wordpress\/ -->\n<title>Struktura stowarzyszenia - Bipea<\/title>\n<meta name=\"robots\" content=\"index, follow, max-snippet:-1, max-image-preview:large, max-video-preview:-1\" \/>\n<link rel=\"canonical\" href=\"https:\/\/www.bipea.org\/pl\/struktura-stowarzyszenia\/\" \/>\n<meta property=\"og:locale\" content=\"pl_PL\" \/>\n<meta property=\"og:type\" content=\"article\" \/>\n<meta property=\"og:title\" content=\"Struktura stowarzyszenia - Bipea\" \/>\n<meta property=\"og:url\" content=\"https:\/\/www.bipea.org\/pl\/struktura-stowarzyszenia\/\" \/>\n<meta property=\"og:site_name\" content=\"Bipea\" \/>\n<meta property=\"article:publisher\" content=\"https:\/\/www.facebook.com\/Bipea-Proficiency-Testing-Programs-1726595444310313\/\" \/>\n<meta property=\"article:modified_time\" content=\"2022-10-13T13:17:44+00:00\" \/>\n<meta property=\"og:image\" content=\"https:\/\/www.bipea.org\/wp-content\/uploads\/2017\/12\/graph.png\" \/>\n<meta name=\"twitter:card\" content=\"summary_large_image\" \/>\n<meta name=\"twitter:site\" content=\"@BipeaP\" \/>\n<meta name=\"twitter:label1\" content=\"Szacowany czas czytania\" \/>\n\t<meta name=\"twitter:data1\" content=\"2 minuty\" \/>\n<script type=\"application\/ld+json\" class=\"yoast-schema-graph\">{\"@context\":\"https:\/\/schema.org\",\"@graph\":[{\"@type\":\"WebPage\",\"@id\":\"https:\/\/www.bipea.org\/pl\/struktura-stowarzyszenia\/\",\"url\":\"https:\/\/www.bipea.org\/pl\/struktura-stowarzyszenia\/\",\"name\":\"Struktura stowarzyszenia - Bipea\",\"isPartOf\":{\"@id\":\"https:\/\/www.bipea.org\/pl\/#website\"},\"primaryImageOfPage\":{\"@id\":\"https:\/\/www.bipea.org\/pl\/struktura-stowarzyszenia\/#primaryimage\"},\"image\":{\"@id\":\"https:\/\/www.bipea.org\/pl\/struktura-stowarzyszenia\/#primaryimage\"},\"thumbnailUrl\":\"https:\/\/www.bipea.org\/wp-content\/uploads\/2017\/12\/graph.png\",\"datePublished\":\"2017-12-21T22:57:19+00:00\",\"dateModified\":\"2022-10-13T13:17:44+00:00\",\"breadcrumb\":{\"@id\":\"https:\/\/www.bipea.org\/pl\/struktura-stowarzyszenia\/#breadcrumb\"},\"inLanguage\":\"pl-PL\",\"potentialAction\":[{\"@type\":\"ReadAction\",\"target\":[\"https:\/\/www.bipea.org\/pl\/struktura-stowarzyszenia\/\"]}]},{\"@type\":\"ImageObject\",\"inLanguage\":\"pl-PL\",\"@id\":\"https:\/\/www.bipea.org\/pl\/struktura-stowarzyszenia\/#primaryimage\",\"url\":\"https:\/\/www.bipea.org\/wp-content\/uploads\/2017\/12\/graph.png\",\"contentUrl\":\"https:\/\/www.bipea.org\/wp-content\/uploads\/2017\/12\/graph.png\"},{\"@type\":\"BreadcrumbList\",\"@id\":\"https:\/\/www.bipea.org\/pl\/struktura-stowarzyszenia\/#breadcrumb\",\"itemListElement\":[{\"@type\":\"ListItem\",\"position\":1,\"name\":\"Accueil\",\"item\":\"https:\/\/www.bipea.org\/pl\/\"},{\"@type\":\"ListItem\",\"position\":2,\"name\":\"Struktura stowarzyszenia\"}]},{\"@type\":\"WebSite\",\"@id\":\"https:\/\/www.bipea.org\/pl\/#website\",\"url\":\"https:\/\/www.bipea.org\/pl\/\",\"name\":\"Bipea\",\"description\":\"\",\"potentialAction\":[{\"@type\":\"SearchAction\",\"target\":{\"@type\":\"EntryPoint\",\"urlTemplate\":\"https:\/\/www.bipea.org\/pl\/?s={search_term_string}\"},\"query-input\":{\"@type\":\"PropertyValueSpecification\",\"valueRequired\":true,\"valueName\":\"search_term_string\"}}],\"inLanguage\":\"pl-PL\"}]}<\/script>\n<!-- \/ Yoast SEO plugin. -->","yoast_head_json":{"title":"Struktura stowarzyszenia - Bipea","robots":{"index":"index","follow":"follow","max-snippet":"max-snippet:-1","max-image-preview":"max-image-preview:large","max-video-preview":"max-video-preview:-1"},"canonical":"https:\/\/www.bipea.org\/pl\/struktura-stowarzyszenia\/","og_locale":"pl_PL","og_type":"article","og_title":"Struktura stowarzyszenia - Bipea","og_url":"https:\/\/www.bipea.org\/pl\/struktura-stowarzyszenia\/","og_site_name":"Bipea","article_publisher":"https:\/\/www.facebook.com\/Bipea-Proficiency-Testing-Programs-1726595444310313\/","article_modified_time":"2022-10-13T13:17:44+00:00","og_image":[{"url":"https:\/\/www.bipea.org\/wp-content\/uploads\/2017\/12\/graph.png","type":"","width":"","height":""}],"twitter_card":"summary_large_image","twitter_site":"@BipeaP","twitter_misc":{"Szacowany czas czytania":"2 minuty"},"schema":{"@context":"https:\/\/schema.org","@graph":[{"@type":"WebPage","@id":"https:\/\/www.bipea.org\/pl\/struktura-stowarzyszenia\/","url":"https:\/\/www.bipea.org\/pl\/struktura-stowarzyszenia\/","name":"Struktura stowarzyszenia - Bipea","isPartOf":{"@id":"https:\/\/www.bipea.org\/pl\/#website"},"primaryImageOfPage":{"@id":"https:\/\/www.bipea.org\/pl\/struktura-stowarzyszenia\/#primaryimage"},"image":{"@id":"https:\/\/www.bipea.org\/pl\/struktura-stowarzyszenia\/#primaryimage"},"thumbnailUrl":"https:\/\/www.bipea.org\/wp-content\/uploads\/2017\/12\/graph.png","datePublished":"2017-12-21T22:57:19+00:00","dateModified":"2022-10-13T13:17:44+00:00","breadcrumb":{"@id":"https:\/\/www.bipea.org\/pl\/struktura-stowarzyszenia\/#breadcrumb"},"inLanguage":"pl-PL","potentialAction":[{"@type":"ReadAction","target":["https:\/\/www.bipea.org\/pl\/struktura-stowarzyszenia\/"]}]},{"@type":"ImageObject","inLanguage":"pl-PL","@id":"https:\/\/www.bipea.org\/pl\/struktura-stowarzyszenia\/#primaryimage","url":"https:\/\/www.bipea.org\/wp-content\/uploads\/2017\/12\/graph.png","contentUrl":"https:\/\/www.bipea.org\/wp-content\/uploads\/2017\/12\/graph.png"},{"@type":"BreadcrumbList","@id":"https:\/\/www.bipea.org\/pl\/struktura-stowarzyszenia\/#breadcrumb","itemListElement":[{"@type":"ListItem","position":1,"name":"Accueil","item":"https:\/\/www.bipea.org\/pl\/"},{"@type":"ListItem","position":2,"name":"Struktura stowarzyszenia"}]},{"@type":"WebSite","@id":"https:\/\/www.bipea.org\/pl\/#website","url":"https:\/\/www.bipea.org\/pl\/","name":"Bipea","description":"","potentialAction":[{"@type":"SearchAction","target":{"@type":"EntryPoint","urlTemplate":"https:\/\/www.bipea.org\/pl\/?s={search_term_string}"},"query-input":{"@type":"PropertyValueSpecification","valueRequired":true,"valueName":"search_term_string"}}],"inLanguage":"pl-PL"}]}},"_links":{"self":[{"href":"https:\/\/www.bipea.org\/pl\/wp-json\/wp\/v2\/pages\/15213","targetHints":{"allow":["GET"]}}],"collection":[{"href":"https:\/\/www.bipea.org\/pl\/wp-json\/wp\/v2\/pages"}],"about":[{"href":"https:\/\/www.bipea.org\/pl\/wp-json\/wp\/v2\/types\/page"}],"author":[{"embeddable":true,"href":"https:\/\/www.bipea.org\/pl\/wp-json\/wp\/v2\/users\/1"}],"replies":[{"embeddable":true,"href":"https:\/\/www.bipea.org\/pl\/wp-json\/wp\/v2\/comments?post=15213"}],"version-history":[{"count":4,"href":"https:\/\/www.bipea.org\/pl\/wp-json\/wp\/v2\/pages\/15213\/revisions"}],"predecessor-version":[{"id":18797,"href":"https:\/\/www.bipea.org\/pl\/wp-json\/wp\/v2\/pages\/15213\/revisions\/18797"}],"wp:attachment":[{"href":"https:\/\/www.bipea.org\/pl\/wp-json\/wp\/v2\/media?parent=15213"}],"curies":[{"name":"wp","href":"https:\/\/api.w.org\/{rel}","templated":true}]}}