{"id":15207,"date":"2017-12-24T18:32:57","date_gmt":"2017-12-24T17:32:57","guid":{"rendered":"https:\/\/www.bipea.org\/quality\/"},"modified":"2025-05-12T10:14:46","modified_gmt":"2025-05-12T08:14:46","slug":"polityka-jakosci","status":"publish","type":"page","link":"https:\/\/www.bipea.org\/pl\/polityka-jakosci\/","title":{"rendered":"Polityka jako\u015bci"},"content":{"rendered":"<div class=\"fusion-fullwidth fullwidth-box fusion-builder-row-1 nonhundred-percent-fullwidth non-hundred-percent-height-scrolling\" style=\"--awb-border-radius-top-left:0px;--awb-border-radius-top-right:0px;--awb-border-radius-bottom-right:0px;--awb-border-radius-bottom-left:0px;--awb-flex-wrap:wrap;\" ><div class=\"fusion-builder-row fusion-row\"><div class=\"fusion-layout-column fusion_builder_column fusion-builder-column-0 fusion_builder_column_1_1 1_1 fusion-one-full fusion-column-first fusion-column-last\" style=\"--awb-bg-size:cover;--awb-margin-bottom:0px;\"><div class=\"fusion-column-wrapper fusion-flex-column-wrapper-legacy\"><div class=\"fusion-text fusion-text-1\"><p class=\"font_8\" style=\"text-align: justify;\"><span style=\"font-size: 14pt;\"><strong>Dbamy o jako\u015b\u0107<\/strong><\/span><\/p>\n<p class=\"font_8\" style=\"text-align: justify;\"><span style=\"font-size: 14pt;\">BIPEA przywi\u0105zuje szczeg\u00f3ln\u0105 wag\u0119 do polityki jako\u015bci. Posiadamy akrecytacj\u0119 ISO \/ IEC 17043, kt\u00f3re sa gwarancj\u0105 naszych kompetencji jako organizatora bada\u0144 bieg\u0142o\u015bci.<\/span><\/p>\n<p class=\"font_8\" style=\"text-align: justify;\"><span class=\"wixGuard\" style=\"font-size: 14pt;\">\u200b<\/span><\/p>\n<p class=\"font_8\" style=\"text-align: justify;\"><strong><span style=\"color: #0076b3; font-size: 14pt;\">AKREDYTACJA ISO 17043<\/span><\/strong><\/p>\n<p class=\"font_8\"><span style=\"font-size: 14pt;\">BIPEA posiada akredytacj\u0119 wydan\u0105 przez COFRAC potwierdzaj\u0105c\u0105 spe\u0142nienie wymaga\u0144 normy NF EN ISO \/ IEC 17043 w zakresie organizacji bada\u0144 bieg\u0142o\u015bci.<\/span><\/p>\n<p class=\"font_8\"><span style=\"font-size: 14pt;\">Akredytacja zosta\u0142a wydana w grudniu 2011r., zakres akredytacji 1-1495 dost\u0119pny na <a href=\"http:\/\/www.cofrac.fr\/fr\/organismes\/fiche.php?entite_id=12066380\">www.cofrac.fr<\/a>.<\/span><\/p>\n<p><span style=\"font-size: 14pt;\">Od lipca 2016r. BIPEA posiada akredytacj\u0119 w zakresie elastycznym wydan\u0105 przez COFRAC zgodnie z wymaganiami normy LAB CIL REF 08.<\/span><\/p>\n<p class=\"font_8\"><span style=\"font-weight: bold; font-size: 14pt;\"><strong>Numer Akredytacji<\/strong>: 1-1495<\/span><\/p>\n<p class=\"font_8\"><span style=\"font-size: 14pt;\">Zakres naszej akredytacji dost\u0119pny jest na stronie internetowej COFRAC <a href=\"http:\/\/www.cofrac.fr\">www.cofrac.fr<\/a><\/span><\/p>\n<p class=\"font_8\"><span style=\"text-decoration: underline; font-size: 14pt;\"><a href=\"https:\/\/extranet.bipea.org\/documents\/information\/GB\/Certificate-COFRAC.pdf\"><em>Pobierz certyfikat akredytacji<\/em><\/a><\/span><\/p>\n<p class=\"font_8\"><span style=\"text-decoration: underline; font-size: 14pt;\"><a href=\"https:\/\/extranet.bipea.org\/documents\/information\/GB\/Detailed-scope-COFRAC.pdf\"><em>Pobierz szczeg\u00f3\u0142owy zakres akredytacji<\/em><\/a><\/span><\/p>\n<\/div><div class=\"fusion-sep-clear\"><\/div><div class=\"fusion-separator fusion-full-width-sep\" style=\"margin-left: auto;margin-right: auto;margin-top:40px;width:100%;\"><\/div><div class=\"fusion-sep-clear\"><\/div><div class=\"fusion-clearfix\"><\/div><\/div><\/div><div class=\"fusion-layout-column fusion_builder_column fusion-builder-column-1 fusion_builder_column_1_2 1_2 fusion-one-half fusion-column-first\" style=\"--awb-bg-size:cover;width:50%;width:calc(50% - ( ( 4% ) * 0.5 ) );margin-right: 4%;\"><div class=\"fusion-column-wrapper fusion-flex-column-wrapper-legacy\"><div class=\"fusion-text fusion-text-2\"><p><img decoding=\"async\" class=\"alignnone size-full wp-image-12162\" src=\"https:\/\/www.bipea.org\/wp-content\/uploads\/2017\/12\/70c41a_e58d66e8c1b044d0be475d7af40c8e61mv2.jpg\" alt=\"\" width=\"108\" height=\"116\" \/><\/p>\n<h2>AKREDYTACJA<\/h2>\n<p>Zakres 1-1495<br \/>\n12.2011<\/p>\n<\/div><div class=\"fusion-clearfix\"><\/div><\/div><\/div><\/div><\/div>\n","protected":false},"excerpt":{"rendered":"","protected":false},"author":1,"featured_media":0,"parent":0,"menu_order":0,"comment_status":"closed","ping_status":"closed","template":"","meta":{"footnotes":""},"class_list":["post-15207","page","type-page","status-publish","hentry"],"yoast_head":"<!-- This site is optimized with the Yoast SEO plugin v27.0 - https:\/\/yoast.com\/product\/yoast-seo-wordpress\/ -->\n<title>Polityka jako\u015bci - Bipea<\/title>\n<meta name=\"robots\" content=\"index, follow, max-snippet:-1, max-image-preview:large, max-video-preview:-1\" \/>\n<link rel=\"canonical\" href=\"https:\/\/www.bipea.org\/pl\/polityka-jakosci\/\" \/>\n<meta property=\"og:locale\" content=\"pl_PL\" \/>\n<meta property=\"og:type\" content=\"article\" \/>\n<meta property=\"og:title\" content=\"Polityka jako\u015bci - Bipea\" \/>\n<meta property=\"og:url\" content=\"https:\/\/www.bipea.org\/pl\/polityka-jakosci\/\" \/>\n<meta property=\"og:site_name\" content=\"Bipea\" \/>\n<meta property=\"article:publisher\" content=\"https:\/\/www.facebook.com\/Bipea-Proficiency-Testing-Programs-1726595444310313\/\" \/>\n<meta property=\"article:modified_time\" content=\"2025-05-12T08:14:46+00:00\" \/>\n<meta property=\"og:image\" content=\"https:\/\/www.bipea.org\/wp-content\/uploads\/2017\/12\/70c41a_e58d66e8c1b044d0be475d7af40c8e61mv2.jpg\" \/>\n\t<meta property=\"og:image:width\" content=\"108\" \/>\n\t<meta property=\"og:image:height\" content=\"116\" \/>\n\t<meta property=\"og:image:type\" content=\"image\/jpeg\" \/>\n<meta name=\"twitter:card\" content=\"summary_large_image\" \/>\n<meta name=\"twitter:site\" content=\"@BipeaP\" \/>\n<meta name=\"twitter:label1\" content=\"Szacowany czas czytania\" \/>\n\t<meta name=\"twitter:data1\" content=\"2 minuty\" \/>\n<script type=\"application\/ld+json\" class=\"yoast-schema-graph\">{\"@context\":\"https:\/\/schema.org\",\"@graph\":[{\"@type\":\"WebPage\",\"@id\":\"https:\/\/www.bipea.org\/pl\/polityka-jakosci\/\",\"url\":\"https:\/\/www.bipea.org\/pl\/polityka-jakosci\/\",\"name\":\"Polityka jako\u015bci - Bipea\",\"isPartOf\":{\"@id\":\"https:\/\/www.bipea.org\/pl\/#website\"},\"primaryImageOfPage\":{\"@id\":\"https:\/\/www.bipea.org\/pl\/polityka-jakosci\/#primaryimage\"},\"image\":{\"@id\":\"https:\/\/www.bipea.org\/pl\/polityka-jakosci\/#primaryimage\"},\"thumbnailUrl\":\"https:\/\/www.bipea.org\/wp-content\/uploads\/2017\/12\/70c41a_e58d66e8c1b044d0be475d7af40c8e61mv2.jpg\",\"datePublished\":\"2017-12-24T17:32:57+00:00\",\"dateModified\":\"2025-05-12T08:14:46+00:00\",\"breadcrumb\":{\"@id\":\"https:\/\/www.bipea.org\/pl\/polityka-jakosci\/#breadcrumb\"},\"inLanguage\":\"pl-PL\",\"potentialAction\":[{\"@type\":\"ReadAction\",\"target\":[\"https:\/\/www.bipea.org\/pl\/polityka-jakosci\/\"]}]},{\"@type\":\"ImageObject\",\"inLanguage\":\"pl-PL\",\"@id\":\"https:\/\/www.bipea.org\/pl\/polityka-jakosci\/#primaryimage\",\"url\":\"https:\/\/www.bipea.org\/wp-content\/uploads\/2017\/12\/70c41a_e58d66e8c1b044d0be475d7af40c8e61mv2.jpg\",\"contentUrl\":\"https:\/\/www.bipea.org\/wp-content\/uploads\/2017\/12\/70c41a_e58d66e8c1b044d0be475d7af40c8e61mv2.jpg\"},{\"@type\":\"BreadcrumbList\",\"@id\":\"https:\/\/www.bipea.org\/pl\/polityka-jakosci\/#breadcrumb\",\"itemListElement\":[{\"@type\":\"ListItem\",\"position\":1,\"name\":\"Accueil\",\"item\":\"https:\/\/www.bipea.org\/pl\/\"},{\"@type\":\"ListItem\",\"position\":2,\"name\":\"Polityka jako\u015bci\"}]},{\"@type\":\"WebSite\",\"@id\":\"https:\/\/www.bipea.org\/pl\/#website\",\"url\":\"https:\/\/www.bipea.org\/pl\/\",\"name\":\"Bipea\",\"description\":\"\",\"potentialAction\":[{\"@type\":\"SearchAction\",\"target\":{\"@type\":\"EntryPoint\",\"urlTemplate\":\"https:\/\/www.bipea.org\/pl\/?s={search_term_string}\"},\"query-input\":{\"@type\":\"PropertyValueSpecification\",\"valueRequired\":true,\"valueName\":\"search_term_string\"}}],\"inLanguage\":\"pl-PL\"}]}<\/script>\n<!-- \/ Yoast SEO plugin. -->","yoast_head_json":{"title":"Polityka jako\u015bci - Bipea","robots":{"index":"index","follow":"follow","max-snippet":"max-snippet:-1","max-image-preview":"max-image-preview:large","max-video-preview":"max-video-preview:-1"},"canonical":"https:\/\/www.bipea.org\/pl\/polityka-jakosci\/","og_locale":"pl_PL","og_type":"article","og_title":"Polityka jako\u015bci - Bipea","og_url":"https:\/\/www.bipea.org\/pl\/polityka-jakosci\/","og_site_name":"Bipea","article_publisher":"https:\/\/www.facebook.com\/Bipea-Proficiency-Testing-Programs-1726595444310313\/","article_modified_time":"2025-05-12T08:14:46+00:00","og_image":[{"width":108,"height":116,"url":"https:\/\/www.bipea.org\/wp-content\/uploads\/2017\/12\/70c41a_e58d66e8c1b044d0be475d7af40c8e61mv2.jpg","type":"image\/jpeg"}],"twitter_card":"summary_large_image","twitter_site":"@BipeaP","twitter_misc":{"Szacowany czas czytania":"2 minuty"},"schema":{"@context":"https:\/\/schema.org","@graph":[{"@type":"WebPage","@id":"https:\/\/www.bipea.org\/pl\/polityka-jakosci\/","url":"https:\/\/www.bipea.org\/pl\/polityka-jakosci\/","name":"Polityka jako\u015bci - Bipea","isPartOf":{"@id":"https:\/\/www.bipea.org\/pl\/#website"},"primaryImageOfPage":{"@id":"https:\/\/www.bipea.org\/pl\/polityka-jakosci\/#primaryimage"},"image":{"@id":"https:\/\/www.bipea.org\/pl\/polityka-jakosci\/#primaryimage"},"thumbnailUrl":"https:\/\/www.bipea.org\/wp-content\/uploads\/2017\/12\/70c41a_e58d66e8c1b044d0be475d7af40c8e61mv2.jpg","datePublished":"2017-12-24T17:32:57+00:00","dateModified":"2025-05-12T08:14:46+00:00","breadcrumb":{"@id":"https:\/\/www.bipea.org\/pl\/polityka-jakosci\/#breadcrumb"},"inLanguage":"pl-PL","potentialAction":[{"@type":"ReadAction","target":["https:\/\/www.bipea.org\/pl\/polityka-jakosci\/"]}]},{"@type":"ImageObject","inLanguage":"pl-PL","@id":"https:\/\/www.bipea.org\/pl\/polityka-jakosci\/#primaryimage","url":"https:\/\/www.bipea.org\/wp-content\/uploads\/2017\/12\/70c41a_e58d66e8c1b044d0be475d7af40c8e61mv2.jpg","contentUrl":"https:\/\/www.bipea.org\/wp-content\/uploads\/2017\/12\/70c41a_e58d66e8c1b044d0be475d7af40c8e61mv2.jpg"},{"@type":"BreadcrumbList","@id":"https:\/\/www.bipea.org\/pl\/polityka-jakosci\/#breadcrumb","itemListElement":[{"@type":"ListItem","position":1,"name":"Accueil","item":"https:\/\/www.bipea.org\/pl\/"},{"@type":"ListItem","position":2,"name":"Polityka jako\u015bci"}]},{"@type":"WebSite","@id":"https:\/\/www.bipea.org\/pl\/#website","url":"https:\/\/www.bipea.org\/pl\/","name":"Bipea","description":"","potentialAction":[{"@type":"SearchAction","target":{"@type":"EntryPoint","urlTemplate":"https:\/\/www.bipea.org\/pl\/?s={search_term_string}"},"query-input":{"@type":"PropertyValueSpecification","valueRequired":true,"valueName":"search_term_string"}}],"inLanguage":"pl-PL"}]}},"_links":{"self":[{"href":"https:\/\/www.bipea.org\/pl\/wp-json\/wp\/v2\/pages\/15207","targetHints":{"allow":["GET"]}}],"collection":[{"href":"https:\/\/www.bipea.org\/pl\/wp-json\/wp\/v2\/pages"}],"about":[{"href":"https:\/\/www.bipea.org\/pl\/wp-json\/wp\/v2\/types\/page"}],"author":[{"embeddable":true,"href":"https:\/\/www.bipea.org\/pl\/wp-json\/wp\/v2\/users\/1"}],"replies":[{"embeddable":true,"href":"https:\/\/www.bipea.org\/pl\/wp-json\/wp\/v2\/comments?post=15207"}],"version-history":[{"count":8,"href":"https:\/\/www.bipea.org\/pl\/wp-json\/wp\/v2\/pages\/15207\/revisions"}],"predecessor-version":[{"id":22867,"href":"https:\/\/www.bipea.org\/pl\/wp-json\/wp\/v2\/pages\/15207\/revisions\/22867"}],"wp:attachment":[{"href":"https:\/\/www.bipea.org\/pl\/wp-json\/wp\/v2\/media?parent=15207"}],"curies":[{"name":"wp","href":"https:\/\/api.w.org\/{rel}","templated":true}]}}