{"id":15190,"date":"2017-12-24T18:29:32","date_gmt":"2017-12-24T17:29:32","guid":{"rendered":"https:\/\/www.bipea.org\/role-and-services\/"},"modified":"2022-10-13T16:57:23","modified_gmt":"2022-10-13T14:57:23","slug":"misja-i-uslugi","status":"publish","type":"page","link":"https:\/\/www.bipea.org\/pl\/misja-i-uslugi\/","title":{"rendered":"Misja i us\u0142ugi"},"content":{"rendered":"<p class=\"font_8\" style=\"text-align: justify;\"><strong><span style=\"color: #0076b3; font-size: 14pt;\">NASZA MISJA<\/span><\/strong><\/p>\n<p>&nbsp;<\/p>\n<p class=\"font_8\" style=\"text-align: justify;\"><span style=\"color: #333333; font-size: 14pt;\">BIPEA dzia\u0142a na rzecz wspierania wydajno\u015bci analitycznej laboratori\u00f3w. Zar\u00f3wno organizowane przez BIPEA badania bieg\u0142o\u015bci, jak i pozosta\u0142e us\u0142ugi, maj\u0105 za cel zapewnienie i podniesienie poziomu kompetencji laboratori\u00f3w w Europie i na \u015bwiecie.<\/span><\/p>\n<p class=\"font_8\" style=\"text-align: justify;\"><span class=\"wixGuard\" style=\"font-size: 14pt;\">\u200b<\/span><\/p>\n<p>&nbsp;<\/p>\n<p class=\"font_8\" style=\"text-align: justify;\"><strong><span style=\"color: #0076b3; font-size: 14pt;\">\u200bUS\u0141UGI WYSOKIEJ JAKO\u015aCI<\/span><\/strong><\/p>\n<p>&nbsp;<\/p>\n<p class=\"font_8\" style=\"text-align: justify;\"><span style=\"color: #333333; font-size: 14pt;\">BIPEA oferuje szerok\u0105 gam\u0119 us\u0142ug skierowanych do laboratori\u00f3w w zakresie kontroli i jako\u015bci wynik\u00f3w analitycznych:<\/span><\/p>\n<ul class=\"font_8\" style=\"text-align: justify;\">\n<li>\n<p class=\"font_8\"><span style=\"color: #333333; font-size: 14pt;\"><strong>Regularne badania bieg\u0142o\u015bci<\/strong>: organizujemy ponad 220 regularnych bada\u0144 bieg\u0142o\u015bci oferuj\u0105cych szeroki zakres parametr\u00f3w w zakresie analiz fizykochemicznych, mikrobiologicznych, sensorycznych oraz zanieczyszcze\u0144. Nasza oferta obejmuje badania \u017cywno\u015bci, napoj\u00f3w, zbo\u017ca, pasz, wody, gleby, kosmetyk\u00f3w\u2026<\/span><\/p>\n<\/li>\n<\/ul>\n<ul class=\"font_8\" style=\"text-align: justify;\">\n<li>\n<p class=\"font_8\"><span style=\"color: #333333; font-size: 14pt;\"><strong>Materia\u0142y odniesienia<\/strong>: BIPEA oferuje cz\u0142onkom stowarzyszenia zakup materia\u0142\u00f3w odniesienia pochodz\u0105cych z zako\u0144czonych rund bada\u0144 bieg\u0142o\u015bci, po atrakcyjnej cenie.<\/span><\/p>\n<\/li>\n<\/ul>\n<ul class=\"font_8\" style=\"text-align: justify;\">\n<li>\n<p class=\"font_8\"><span style=\"color: #333333; font-size: 14pt;\"><strong>Karty kontroli wynik\u00f3w<\/strong>: BIPEA realizuje karty kontroli wynik\u00f3w dla wybranych parametr\u00f3w, u\u0142atwiaj\u0105ce kontrol\u0119 jako\u015bci pomiar\u00f3w w danym zakresie czasu.<\/span><\/p>\n<\/li>\n<\/ul>\n<ul class=\"font_8\" style=\"text-align: justify;\">\n<li>\n<p class=\"font_8\"><span style=\"color: #333333; font-size: 14pt;\"><strong>Badania bieg\u0142o\u015bci na indywidualne zam\u00f3wienie<\/strong>: BIPEA proponuje organizacj\u0119 bada\u0144 bieg\u0142o\u015bci na indywidualne zam\u00f3wienie grupy laboratori\u00f3w, dostosowanych do ich potrzeb i wymog\u00f3w (kontrola jako\u015bci analiz, walidacja metody analitycznej, stworzenie materia\u0142\u00f3w odniesienia). BIPEA zapewnia kompleksow\u0105 organizacj\u0119 bada\u0144, ale podejmuje si\u0119 r\u00f3wnie\u017c organizacji jedynie wybranych etap\u00f3w bada\u0144 bieg\u0142o\u015bci.<\/span><\/p>\n<\/li>\n<\/ul>\n<ul class=\"font_8\" style=\"text-align: justify;\">\n<li>\n<p class=\"font_8\"><span style=\"color: #333333; font-size: 14pt;\"><strong>Nadz\u00f3r techniczny<\/strong>: BIPEA proponuje nadz\u00f3r techniczny w ramach certyfikat\u00f3w wydawanych laboratoriom przez francuskie organy pa\u0144stwowe.<\/span><\/p>\n<\/li>\n<li>\n<p class=\"font_8\"><span style=\"color: #333333; font-size: 14pt;\"><strong>Szkolenia<\/strong>: BIPEA organizuje szkolenia teoretyczno-praktyczne na tematy techniczne.<\/span><\/p>\n<\/li>\n<\/ul>\n<p>&nbsp;<\/p>\n<p>&nbsp;<\/p>\n<p><strong><span style=\"color: #0076b3; font-size: 14pt;\">DLA KOGO?<\/span><\/strong><\/p>\n<p>&nbsp;<\/p>\n<p class=\"font_8\"><span style=\"font-size: 14pt;\"><span style=\"color: #333333;\">Nasze us\u0142ugi skierowane s\u0105 do laboratori\u00f3w<\/span>.<\/span><\/p>\n<ul>\n<li><span style=\"font-size: 14pt;\">wykonuj\u0105cych badania fizyko-chemiczne, mikrobiologiczne i\/lub sensoryczne w zakresie \u017cywno\u015bci, \u015brodowiska, kosmetyk\u00f3w,<\/span><\/li>\n<li><span style=\"font-size: 14pt;\">akredytowanych lub nie akredytowanych,<\/span><\/li>\n<li><span style=\"font-size: 14pt;\">pa\u0144stwowych, prywatnych\u2026<\/span><\/li>\n<\/ul>\n<p>&nbsp;<\/p>\n<p>&nbsp;<\/p>\n<p class=\"font_8\" style=\"text-align: justify;\"><span style=\"color: #0076b3; font-size: 14pt;\"><strong>KORZY\u015aCI DLA LABORATORI\u00d3W:<\/strong> <\/span><\/p>\n<p>&nbsp;<\/p>\n<ul class=\"font_8\" style=\"text-align: justify;\">\n<li>\n<p class=\"font_8\"><span style=\"color: #333333; font-size: 14pt;\">Ocena jako\u015bci wynik\u00f3w pomiar\u00f3w analitycznych,<\/span><\/p>\n<\/li>\n<li>\n<p class=\"font_8\"><span style=\"color: #333333; font-size: 14pt;\">Kr\u00f3tko-, \u015brednio- i d\u0142ugoterminowa kontrola jako\u015bci analiz,<\/span><\/p>\n<\/li>\n<li>\n<p class=\"font_8\"><span style=\"color: #333333; font-size: 14pt;\">Kontrola jako\u015bci urz\u0105dze\u0144 pomiarowych oraz kompetencji technicznych personelu,<\/span><\/p>\n<\/li>\n<li>\n<p class=\"font_8\"><span style=\"color: #333333; font-size: 14pt;\">Spe\u0142nienie wymaga\u0144 standard\u00f3w jako\u015bci,<\/span><\/p>\n<\/li>\n<li>\n<p class=\"font_8\"><span style=\"color: #333333; font-size: 14pt;\">Zwi\u0119kszenie zaufania klient\u00f3w do jako\u015bci i bezpiecze\u0144stwa oferowanych produkt\u00f3w lub us\u0142ug,<\/span><\/p>\n<\/li>\n<li>\n<p class=\"font_8\"><span style=\"color: #333333; font-size: 14pt;\">Promowania wiarygodno\u015bci laboratorium w zakresie analiz.<\/span><\/p>\n<\/li>\n<\/ul>\n","protected":false},"excerpt":{"rendered":"<p>NASZA MISJA &nbsp; BIPEA dzia\u0142a na rzecz wspierania wydajno\u015bci analitycznej laboratori\u00f3w. Zar\u00f3wno organizowane przez BIPEA badania bieg\u0142o\u015bci, jak i pozosta\u0142e us\u0142ugi, maj\u0105 za cel zapewnienie i podniesienie poziomu kompetencji laboratori\u00f3w w Europie i na \u015bwiecie. \u200b &nbsp; \u200bUS\u0141UGI WYSOKIEJ JAKO\u015aCI &nbsp; BIPEA oferuje szerok\u0105 gam\u0119 us\u0142ug skierowanych do laboratori\u00f3w w zakresie kontroli i jako\u015bci wynik\u00f3w analitycznych: [&hellip;]<\/p>\n","protected":false},"author":1,"featured_media":0,"parent":0,"menu_order":0,"comment_status":"closed","ping_status":"closed","template":"","meta":{"footnotes":""},"class_list":["post-15190","page","type-page","status-publish","hentry"],"yoast_head":"<!-- This site is optimized with the Yoast SEO plugin v27.0 - https:\/\/yoast.com\/product\/yoast-seo-wordpress\/ -->\n<title>Misja i us\u0142ugi - Bipea<\/title>\n<meta name=\"robots\" content=\"index, follow, max-snippet:-1, max-image-preview:large, max-video-preview:-1\" \/>\n<link rel=\"canonical\" href=\"https:\/\/www.bipea.org\/pl\/misja-i-uslugi\/\" \/>\n<meta property=\"og:locale\" content=\"pl_PL\" \/>\n<meta property=\"og:type\" content=\"article\" \/>\n<meta property=\"og:title\" content=\"Misja i us\u0142ugi - Bipea\" \/>\n<meta property=\"og:description\" content=\"NASZA MISJA &nbsp; BIPEA dzia\u0142a na rzecz wspierania wydajno\u015bci analitycznej laboratori\u00f3w. Zar\u00f3wno organizowane przez BIPEA badania bieg\u0142o\u015bci, jak i pozosta\u0142e us\u0142ugi, maj\u0105 za cel zapewnienie i podniesienie poziomu kompetencji laboratori\u00f3w w Europie i na \u015bwiecie. \u200b &nbsp; \u200bUS\u0141UGI WYSOKIEJ JAKO\u015aCI &nbsp; BIPEA oferuje szerok\u0105 gam\u0119 us\u0142ug skierowanych do laboratori\u00f3w w zakresie kontroli i jako\u015bci wynik\u00f3w analitycznych: [&hellip;]\" \/>\n<meta property=\"og:url\" content=\"https:\/\/www.bipea.org\/pl\/misja-i-uslugi\/\" \/>\n<meta property=\"og:site_name\" content=\"Bipea\" \/>\n<meta property=\"article:publisher\" content=\"https:\/\/www.facebook.com\/Bipea-Proficiency-Testing-Programs-1726595444310313\/\" \/>\n<meta property=\"article:modified_time\" content=\"2022-10-13T14:57:23+00:00\" \/>\n<meta name=\"twitter:card\" content=\"summary_large_image\" \/>\n<meta name=\"twitter:site\" content=\"@BipeaP\" \/>\n<meta name=\"twitter:label1\" content=\"Szacowany czas czytania\" \/>\n\t<meta name=\"twitter:data1\" content=\"2 minuty\" \/>\n<script type=\"application\/ld+json\" class=\"yoast-schema-graph\">{\"@context\":\"https:\/\/schema.org\",\"@graph\":[{\"@type\":\"WebPage\",\"@id\":\"https:\/\/www.bipea.org\/pl\/misja-i-uslugi\/\",\"url\":\"https:\/\/www.bipea.org\/pl\/misja-i-uslugi\/\",\"name\":\"Misja i us\u0142ugi - Bipea\",\"isPartOf\":{\"@id\":\"https:\/\/www.bipea.org\/pl\/#website\"},\"datePublished\":\"2017-12-24T17:29:32+00:00\",\"dateModified\":\"2022-10-13T14:57:23+00:00\",\"breadcrumb\":{\"@id\":\"https:\/\/www.bipea.org\/pl\/misja-i-uslugi\/#breadcrumb\"},\"inLanguage\":\"pl-PL\",\"potentialAction\":[{\"@type\":\"ReadAction\",\"target\":[\"https:\/\/www.bipea.org\/pl\/misja-i-uslugi\/\"]}]},{\"@type\":\"BreadcrumbList\",\"@id\":\"https:\/\/www.bipea.org\/pl\/misja-i-uslugi\/#breadcrumb\",\"itemListElement\":[{\"@type\":\"ListItem\",\"position\":1,\"name\":\"Accueil\",\"item\":\"https:\/\/www.bipea.org\/pl\/\"},{\"@type\":\"ListItem\",\"position\":2,\"name\":\"Misja i us\u0142ugi\"}]},{\"@type\":\"WebSite\",\"@id\":\"https:\/\/www.bipea.org\/pl\/#website\",\"url\":\"https:\/\/www.bipea.org\/pl\/\",\"name\":\"Bipea\",\"description\":\"\",\"potentialAction\":[{\"@type\":\"SearchAction\",\"target\":{\"@type\":\"EntryPoint\",\"urlTemplate\":\"https:\/\/www.bipea.org\/pl\/?s={search_term_string}\"},\"query-input\":{\"@type\":\"PropertyValueSpecification\",\"valueRequired\":true,\"valueName\":\"search_term_string\"}}],\"inLanguage\":\"pl-PL\"}]}<\/script>\n<!-- \/ Yoast SEO plugin. -->","yoast_head_json":{"title":"Misja i us\u0142ugi - Bipea","robots":{"index":"index","follow":"follow","max-snippet":"max-snippet:-1","max-image-preview":"max-image-preview:large","max-video-preview":"max-video-preview:-1"},"canonical":"https:\/\/www.bipea.org\/pl\/misja-i-uslugi\/","og_locale":"pl_PL","og_type":"article","og_title":"Misja i us\u0142ugi - Bipea","og_description":"NASZA MISJA &nbsp; BIPEA dzia\u0142a na rzecz wspierania wydajno\u015bci analitycznej laboratori\u00f3w. Zar\u00f3wno organizowane przez BIPEA badania bieg\u0142o\u015bci, jak i pozosta\u0142e us\u0142ugi, maj\u0105 za cel zapewnienie i podniesienie poziomu kompetencji laboratori\u00f3w w Europie i na \u015bwiecie. \u200b &nbsp; \u200bUS\u0141UGI WYSOKIEJ JAKO\u015aCI &nbsp; BIPEA oferuje szerok\u0105 gam\u0119 us\u0142ug skierowanych do laboratori\u00f3w w zakresie kontroli i jako\u015bci wynik\u00f3w analitycznych: [&hellip;]","og_url":"https:\/\/www.bipea.org\/pl\/misja-i-uslugi\/","og_site_name":"Bipea","article_publisher":"https:\/\/www.facebook.com\/Bipea-Proficiency-Testing-Programs-1726595444310313\/","article_modified_time":"2022-10-13T14:57:23+00:00","twitter_card":"summary_large_image","twitter_site":"@BipeaP","twitter_misc":{"Szacowany czas czytania":"2 minuty"},"schema":{"@context":"https:\/\/schema.org","@graph":[{"@type":"WebPage","@id":"https:\/\/www.bipea.org\/pl\/misja-i-uslugi\/","url":"https:\/\/www.bipea.org\/pl\/misja-i-uslugi\/","name":"Misja i us\u0142ugi - Bipea","isPartOf":{"@id":"https:\/\/www.bipea.org\/pl\/#website"},"datePublished":"2017-12-24T17:29:32+00:00","dateModified":"2022-10-13T14:57:23+00:00","breadcrumb":{"@id":"https:\/\/www.bipea.org\/pl\/misja-i-uslugi\/#breadcrumb"},"inLanguage":"pl-PL","potentialAction":[{"@type":"ReadAction","target":["https:\/\/www.bipea.org\/pl\/misja-i-uslugi\/"]}]},{"@type":"BreadcrumbList","@id":"https:\/\/www.bipea.org\/pl\/misja-i-uslugi\/#breadcrumb","itemListElement":[{"@type":"ListItem","position":1,"name":"Accueil","item":"https:\/\/www.bipea.org\/pl\/"},{"@type":"ListItem","position":2,"name":"Misja i us\u0142ugi"}]},{"@type":"WebSite","@id":"https:\/\/www.bipea.org\/pl\/#website","url":"https:\/\/www.bipea.org\/pl\/","name":"Bipea","description":"","potentialAction":[{"@type":"SearchAction","target":{"@type":"EntryPoint","urlTemplate":"https:\/\/www.bipea.org\/pl\/?s={search_term_string}"},"query-input":{"@type":"PropertyValueSpecification","valueRequired":true,"valueName":"search_term_string"}}],"inLanguage":"pl-PL"}]}},"_links":{"self":[{"href":"https:\/\/www.bipea.org\/pl\/wp-json\/wp\/v2\/pages\/15190","targetHints":{"allow":["GET"]}}],"collection":[{"href":"https:\/\/www.bipea.org\/pl\/wp-json\/wp\/v2\/pages"}],"about":[{"href":"https:\/\/www.bipea.org\/pl\/wp-json\/wp\/v2\/types\/page"}],"author":[{"embeddable":true,"href":"https:\/\/www.bipea.org\/pl\/wp-json\/wp\/v2\/users\/1"}],"replies":[{"embeddable":true,"href":"https:\/\/www.bipea.org\/pl\/wp-json\/wp\/v2\/comments?post=15190"}],"version-history":[{"count":4,"href":"https:\/\/www.bipea.org\/pl\/wp-json\/wp\/v2\/pages\/15190\/revisions"}],"predecessor-version":[{"id":18849,"href":"https:\/\/www.bipea.org\/pl\/wp-json\/wp\/v2\/pages\/15190\/revisions\/18849"}],"wp:attachment":[{"href":"https:\/\/www.bipea.org\/pl\/wp-json\/wp\/v2\/media?parent=15190"}],"curies":[{"name":"wp","href":"https:\/\/api.w.org\/{rel}","templated":true}]}}