{"id":15184,"date":"2017-12-21T20:05:59","date_gmt":"2017-12-21T19:05:59","guid":{"rendered":"https:\/\/www.bipea.org\/about-us\/"},"modified":"2022-10-13T16:56:45","modified_gmt":"2022-10-13T14:56:45","slug":"kim-jestesmy","status":"publish","type":"page","link":"https:\/\/www.bipea.org\/pl\/kim-jestesmy\/","title":{"rendered":"Kim jeste\u015bmy?"},"content":{"rendered":"<p class=\"font_8\" style=\"text-align: justify;\"><span style=\"font-size: 14pt;\">BIPEA jest europejsk\u0105 organizacj\u0105 non-profit z siedzib\u0105 we Francji, zrzeszaj\u0105c\u0105 prawie 2600 laboratori\u00f3w z ca\u0142ego \u015bwiata (z ponad 130 pa\u0144stw) i oferuj\u0105c\u0105 ponad 220 regularnych bada\u0144 bieg\u0142o\u015bci.<\/span><\/p>\n<p class=\"font_8\" style=\"text-align: justify;\"><span class=\"wixGuard\" style=\"font-size: 14pt;\">\u200b<\/span><\/p>\n<p class=\"font_8\" style=\"text-align: justify;\"><strong><span style=\"color: #0076b3; font-size: 14pt;\">HISTORIA<\/span><\/strong><\/p>\n<p class=\"font_8\" style=\"text-align: justify;\"><span style=\"font-size: 14pt;\">W 1970 roku, dwie organizacje dzia\u0142aj\u0105ce w sektorze zbo\u017cowym: INRA (National Institute of Agronomic Research) i CNRS (National Center for Scientific Research) podje\u0142y decyzj\u0119 o powo\u0142aniu do \u017cycia niezale\u017cnego stowarzyszenia maj\u0105cego za cel organizacj\u0119 mi\u0119dzylaboratoryjnych bada\u0144 bieg\u0142o\u015bci oraz oferuj\u0105cego wparcie techniczne dla laboratori\u00f3w.<\/span><\/p>\n<p class=\"font_8\" style=\"text-align: justify;\"><span style=\"font-size: 14pt;\">BIPEA zosta\u0142a oficjalnie utworzona 3 wrze\u015bnia 1970 roku. W\u015br\u00f3d organizacji za\u0142o\u017cycielskich stowarzyszenia BIPEA znajduj\u0105 si\u0119 g\u0142wnie organizacje bran\u017cowe z sektora produkcyjnego i magazynowania (<u><a href=\"https:\/\/docs.wixstatic.com\/ugd\/70c41a_3e8c69cfd91d4114a6d70b941f0b1fed.pdf\">lista organizacji za\u0142o\u017cycielskich<\/a><\/u>).<\/span><\/p>\n<p style=\"text-align: justify;\"><span class=\"wixGuard\" style=\"font-size: 14pt;\">\u200b<\/span><\/p>\n<p class=\"font_8\" style=\"text-align: justify;\"><strong><span style=\"color: #0076b3; font-size: 14pt;\">BIPEA DZISIAJ<\/span><\/strong><\/p>\n<p class=\"font_8\"><span style=\"font-size: 14pt;\">WW momencie powstania BIPEA zrzesza\u0142a 60 laboratori\u00f3w i organizowa\u0142a 8 bada\u0144 bieg\u0142o\u015bci w sektorze zbo\u017cowym i m\u0142ynarskim.<\/span><\/p>\n<p class=\"font_8\"><span style=\"font-size: 14pt;\">Na pocz\u0105tku lat 90., BIPEA rozszerzy\u0142a ofert\u0119 o badania w zakresie \u017cywno\u015bci i zanieczyszcze\u0144.<\/span><\/p>\n<p class=\"font_8\"><span style=\"font-size: 14pt;\">Pod koniec lat 90., zaproponowane zosta\u0142y badania bieg\u0142o\u015bci w zakresie bada\u0144 \u015brodowiska.<\/span><\/p>\n<p class=\"font_8\"><span style=\"font-size: 14pt;\">W 2009 roku, oferta zosta\u0142a rozszerzona o nowe badania w zakresie kosmetyk\u00f3w, ze szczeg\u00f3lnym uwzgl\u0119dnieniem krem\u00f3w przeciws\u0142onecznych.<\/span><\/p>\n<p class=\"font_8\"><span style=\"font-size: 14pt;\">BIPEA kontynuuje rozw\u00f3j i ekspansj\u0119 na arenie miedzynarodowej zwiekszaj\u0105c regularnie liczb\u0119 laboratori\u00f3w uczestnicz\u0105cych w organizowanych badaniach bieg\u0142o\u015bci.<\/span><\/p>\n","protected":false},"excerpt":{"rendered":"<p>BIPEA jest europejsk\u0105 organizacj\u0105 non-profit z siedzib\u0105 we Francji, zrzeszaj\u0105c\u0105 prawie 2600 laboratori\u00f3w z ca\u0142ego \u015bwiata (z ponad 130 pa\u0144stw) i oferuj\u0105c\u0105 ponad 220 regularnych bada\u0144 bieg\u0142o\u015bci. \u200b HISTORIA W 1970 roku, dwie organizacje dzia\u0142aj\u0105ce w sektorze zbo\u017cowym: INRA (National Institute of Agronomic Research) i CNRS (National Center for Scientific Research) podje\u0142y decyzj\u0119 o powo\u0142aniu do [&hellip;]<\/p>\n","protected":false},"author":1,"featured_media":0,"parent":0,"menu_order":0,"comment_status":"closed","ping_status":"closed","template":"","meta":{"footnotes":""},"class_list":["post-15184","page","type-page","status-publish","hentry"],"yoast_head":"<!-- This site is optimized with the Yoast SEO plugin v27.0 - https:\/\/yoast.com\/product\/yoast-seo-wordpress\/ -->\n<title>Kim jeste\u015bmy? - Bipea<\/title>\n<meta name=\"robots\" content=\"index, follow, max-snippet:-1, max-image-preview:large, max-video-preview:-1\" \/>\n<link rel=\"canonical\" href=\"https:\/\/www.bipea.org\/pl\/kim-jestesmy\/\" \/>\n<meta property=\"og:locale\" content=\"pl_PL\" \/>\n<meta property=\"og:type\" content=\"article\" \/>\n<meta property=\"og:title\" content=\"Kim jeste\u015bmy? - Bipea\" \/>\n<meta property=\"og:description\" content=\"BIPEA jest europejsk\u0105 organizacj\u0105 non-profit z siedzib\u0105 we Francji, zrzeszaj\u0105c\u0105 prawie 2600 laboratori\u00f3w z ca\u0142ego \u015bwiata (z ponad 130 pa\u0144stw) i oferuj\u0105c\u0105 ponad 220 regularnych bada\u0144 bieg\u0142o\u015bci. \u200b HISTORIA W 1970 roku, dwie organizacje dzia\u0142aj\u0105ce w sektorze zbo\u017cowym: INRA (National Institute of Agronomic Research) i CNRS (National Center for Scientific Research) podje\u0142y decyzj\u0119 o powo\u0142aniu do [&hellip;]\" \/>\n<meta property=\"og:url\" content=\"https:\/\/www.bipea.org\/pl\/kim-jestesmy\/\" \/>\n<meta property=\"og:site_name\" content=\"Bipea\" \/>\n<meta property=\"article:publisher\" content=\"https:\/\/www.facebook.com\/Bipea-Proficiency-Testing-Programs-1726595444310313\/\" \/>\n<meta property=\"article:modified_time\" content=\"2022-10-13T14:56:45+00:00\" \/>\n<meta name=\"twitter:card\" content=\"summary_large_image\" \/>\n<meta name=\"twitter:site\" content=\"@BipeaP\" \/>\n<meta name=\"twitter:label1\" content=\"Szacowany czas czytania\" \/>\n\t<meta name=\"twitter:data1\" content=\"1 minuta\" \/>\n<script type=\"application\/ld+json\" class=\"yoast-schema-graph\">{\"@context\":\"https:\/\/schema.org\",\"@graph\":[{\"@type\":\"WebPage\",\"@id\":\"https:\/\/www.bipea.org\/pl\/kim-jestesmy\/\",\"url\":\"https:\/\/www.bipea.org\/pl\/kim-jestesmy\/\",\"name\":\"Kim jeste\u015bmy? - Bipea\",\"isPartOf\":{\"@id\":\"https:\/\/www.bipea.org\/pl\/#website\"},\"datePublished\":\"2017-12-21T19:05:59+00:00\",\"dateModified\":\"2022-10-13T14:56:45+00:00\",\"breadcrumb\":{\"@id\":\"https:\/\/www.bipea.org\/pl\/kim-jestesmy\/#breadcrumb\"},\"inLanguage\":\"pl-PL\",\"potentialAction\":[{\"@type\":\"ReadAction\",\"target\":[\"https:\/\/www.bipea.org\/pl\/kim-jestesmy\/\"]}]},{\"@type\":\"BreadcrumbList\",\"@id\":\"https:\/\/www.bipea.org\/pl\/kim-jestesmy\/#breadcrumb\",\"itemListElement\":[{\"@type\":\"ListItem\",\"position\":1,\"name\":\"Accueil\",\"item\":\"https:\/\/www.bipea.org\/pl\/\"},{\"@type\":\"ListItem\",\"position\":2,\"name\":\"Kim jeste\u015bmy?\"}]},{\"@type\":\"WebSite\",\"@id\":\"https:\/\/www.bipea.org\/pl\/#website\",\"url\":\"https:\/\/www.bipea.org\/pl\/\",\"name\":\"Bipea\",\"description\":\"\",\"potentialAction\":[{\"@type\":\"SearchAction\",\"target\":{\"@type\":\"EntryPoint\",\"urlTemplate\":\"https:\/\/www.bipea.org\/pl\/?s={search_term_string}\"},\"query-input\":{\"@type\":\"PropertyValueSpecification\",\"valueRequired\":true,\"valueName\":\"search_term_string\"}}],\"inLanguage\":\"pl-PL\"}]}<\/script>\n<!-- \/ Yoast SEO plugin. -->","yoast_head_json":{"title":"Kim jeste\u015bmy? - Bipea","robots":{"index":"index","follow":"follow","max-snippet":"max-snippet:-1","max-image-preview":"max-image-preview:large","max-video-preview":"max-video-preview:-1"},"canonical":"https:\/\/www.bipea.org\/pl\/kim-jestesmy\/","og_locale":"pl_PL","og_type":"article","og_title":"Kim jeste\u015bmy? - Bipea","og_description":"BIPEA jest europejsk\u0105 organizacj\u0105 non-profit z siedzib\u0105 we Francji, zrzeszaj\u0105c\u0105 prawie 2600 laboratori\u00f3w z ca\u0142ego \u015bwiata (z ponad 130 pa\u0144stw) i oferuj\u0105c\u0105 ponad 220 regularnych bada\u0144 bieg\u0142o\u015bci. \u200b HISTORIA W 1970 roku, dwie organizacje dzia\u0142aj\u0105ce w sektorze zbo\u017cowym: INRA (National Institute of Agronomic Research) i CNRS (National Center for Scientific Research) podje\u0142y decyzj\u0119 o powo\u0142aniu do [&hellip;]","og_url":"https:\/\/www.bipea.org\/pl\/kim-jestesmy\/","og_site_name":"Bipea","article_publisher":"https:\/\/www.facebook.com\/Bipea-Proficiency-Testing-Programs-1726595444310313\/","article_modified_time":"2022-10-13T14:56:45+00:00","twitter_card":"summary_large_image","twitter_site":"@BipeaP","twitter_misc":{"Szacowany czas czytania":"1 minuta"},"schema":{"@context":"https:\/\/schema.org","@graph":[{"@type":"WebPage","@id":"https:\/\/www.bipea.org\/pl\/kim-jestesmy\/","url":"https:\/\/www.bipea.org\/pl\/kim-jestesmy\/","name":"Kim jeste\u015bmy? - Bipea","isPartOf":{"@id":"https:\/\/www.bipea.org\/pl\/#website"},"datePublished":"2017-12-21T19:05:59+00:00","dateModified":"2022-10-13T14:56:45+00:00","breadcrumb":{"@id":"https:\/\/www.bipea.org\/pl\/kim-jestesmy\/#breadcrumb"},"inLanguage":"pl-PL","potentialAction":[{"@type":"ReadAction","target":["https:\/\/www.bipea.org\/pl\/kim-jestesmy\/"]}]},{"@type":"BreadcrumbList","@id":"https:\/\/www.bipea.org\/pl\/kim-jestesmy\/#breadcrumb","itemListElement":[{"@type":"ListItem","position":1,"name":"Accueil","item":"https:\/\/www.bipea.org\/pl\/"},{"@type":"ListItem","position":2,"name":"Kim jeste\u015bmy?"}]},{"@type":"WebSite","@id":"https:\/\/www.bipea.org\/pl\/#website","url":"https:\/\/www.bipea.org\/pl\/","name":"Bipea","description":"","potentialAction":[{"@type":"SearchAction","target":{"@type":"EntryPoint","urlTemplate":"https:\/\/www.bipea.org\/pl\/?s={search_term_string}"},"query-input":{"@type":"PropertyValueSpecification","valueRequired":true,"valueName":"search_term_string"}}],"inLanguage":"pl-PL"}]}},"_links":{"self":[{"href":"https:\/\/www.bipea.org\/pl\/wp-json\/wp\/v2\/pages\/15184","targetHints":{"allow":["GET"]}}],"collection":[{"href":"https:\/\/www.bipea.org\/pl\/wp-json\/wp\/v2\/pages"}],"about":[{"href":"https:\/\/www.bipea.org\/pl\/wp-json\/wp\/v2\/types\/page"}],"author":[{"embeddable":true,"href":"https:\/\/www.bipea.org\/pl\/wp-json\/wp\/v2\/users\/1"}],"replies":[{"embeddable":true,"href":"https:\/\/www.bipea.org\/pl\/wp-json\/wp\/v2\/comments?post=15184"}],"version-history":[{"count":5,"href":"https:\/\/www.bipea.org\/pl\/wp-json\/wp\/v2\/pages\/15184\/revisions"}],"predecessor-version":[{"id":18848,"href":"https:\/\/www.bipea.org\/pl\/wp-json\/wp\/v2\/pages\/15184\/revisions\/18848"}],"wp:attachment":[{"href":"https:\/\/www.bipea.org\/pl\/wp-json\/wp\/v2\/media?parent=15184"}],"curies":[{"name":"wp","href":"https:\/\/api.w.org\/{rel}","templated":true}]}}