{"id":15171,"date":"2017-12-24T16:55:57","date_gmt":"2017-12-24T15:55:57","guid":{"rendered":"https:\/\/www.bipea.org\/how-it-works\/"},"modified":"2022-10-13T16:39:39","modified_gmt":"2022-10-13T14:39:39","slug":"jak-to-dziala","status":"publish","type":"page","link":"https:\/\/www.bipea.org\/pl\/jak-to-dziala\/","title":{"rendered":"Jak to dziala?"},"content":{"rendered":"<p><div class=\"fusion-fullwidth fullwidth-box fusion-builder-row-1 back_box nonhundred-percent-fullwidth non-hundred-percent-height-scrolling\" style=\"--awb-border-radius-top-left:0px;--awb-border-radius-top-right:0px;--awb-border-radius-bottom-right:0px;--awb-border-radius-bottom-left:0px;--awb-flex-wrap:wrap;\" ><div class=\"fusion-builder-row fusion-row\"><div class=\"fusion-layout-column fusion_builder_column fusion-builder-column-0 fusion_builder_column_5_6 5_6 fusion-five-sixth fusion-column-first\" style=\"--awb-bg-size:cover;width:83.333333333333%;width:calc(83.333333333333% - ( ( 4% ) * 0.83333333333333 ) );margin-right: 4%;\"><div class=\"fusion-column-wrapper fusion-flex-column-wrapper-legacy\"><div class=\"fusion-clearfix\"><\/div><\/div><\/div><div class=\"fusion-layout-column fusion_builder_column fusion-builder-column-1 fusion_builder_column_1_6 1_6 fusion-one-sixth fusion-column-last\" style=\"--awb-bg-size:cover;width:16.666666666667%;width:calc(16.666666666667% - ( ( 4% ) * 0.16666666666667 ) );\"><div class=\"fusion-column-wrapper fusion-flex-column-wrapper-legacy\"><div class=\"fusion-text fusion-text-1\"><p><a href=\"https:\/\/www.bipea.org\/pl\/badania-bieglosci-pts\/\">Powr\u00f3t do listy bada\u0144 bieg\u0142o\u015bci<\/a><\/p>\n<\/div><div class=\"fusion-clearfix\"><\/div><\/div><\/div><\/div><\/div><div class=\"fusion-fullwidth fullwidth-box fusion-builder-row-2 nonhundred-percent-fullwidth non-hundred-percent-height-scrolling\" style=\"--awb-border-radius-top-left:0px;--awb-border-radius-top-right:0px;--awb-border-radius-bottom-right:0px;--awb-border-radius-bottom-left:0px;--awb-flex-wrap:wrap;\" ><div class=\"fusion-builder-row fusion-row\"><div class=\"fusion-layout-column fusion_builder_column fusion-builder-column-2 fusion_builder_column_2_3 2_3 fusion-two-third fusion-column-first\" style=\"--awb-bg-size:cover;--awb-margin-bottom:0px;width:65.3333%; margin-right: 4%;\"><div class=\"fusion-column-wrapper fusion-flex-column-wrapper-legacy\"><div class=\"fusion-text fusion-text-2\"><p class=\"font_8\" style=\"text-align: justify;\"><strong><span style=\"color: #0076b3; font-size: 14pt;\">NASZE BADANIA BIEG\u0141O\u015aCI\u00a0<\/span><\/strong><\/p>\n<p><span style=\"font-size: 14pt;\">Nasze badania bieg\u0142o\u015bci organizowane s\u0105 w cyklach rocznych, od wrze\u015bnia do czerwca. Szczeg\u00f3\u0142owy opis ka\u017cdego programu dost\u0119pny jest na stronie internetowej BIPEA.<\/span><\/p>\n<p><span style=\"text-align: justify; font-size: 14pt;\">Laboratorium bior\u0105ce udzia\u0142 w programie dostaje wszystkie zaplanowane rundy w danym cyklu. Ka\u017cda runda mo\u017ce sk\u0142ada\u0107 si\u0119 z jednej lub kilku pr\u00f3bek.<\/span><\/p>\n<p class=\"font_8\" style=\"text-align: justify;\"><span style=\"text-decoration: underline; font-size: 14pt;\"><span class=\"wixGuard\">\u200b<\/span><\/span><\/p>\n<p class=\"font_8\" style=\"text-align: justify;\"><span style=\"text-decoration: underline; font-size: 14pt;\"><span class=\"wixGuard\">\u200b<\/span><\/span><\/p>\n<p class=\"font_8\" style=\"text-align: justify;\"><strong><span style=\"color: #0076b3; font-size: 14pt;\">REJESTRACJA<\/span><\/strong><\/p>\n<p class=\"font_8\" style=\"text-align: justify;\"><span style=\"font-size: 14pt;\">Zg\u0142oszenia udzia\u0142u w badaniach bieg\u0142o\u015bci mo\u017cliwe s\u0105 zar\u00f3wno na pocz\u0105tku danego cyklu, jak i w trakcie jego trwania.<\/span><\/p>\n<p class=\"font_8\" style=\"text-align: justify;\"><span class=\"wixGuard\" style=\"font-size: 14pt;\">\u200b<\/span><\/p>\n<p class=\"font_8\" style=\"text-align: justify;\"><span class=\"wixGuard\" style=\"font-size: 14pt;\">\u200b<\/span><\/p>\n<p class=\"font_8\" style=\"text-align: justify;\"><strong><span style=\"color: #0076b3; font-size: 14pt;\">PRZYGOTOWANIE I DYSTRYBYCJA PR\u00d3BEK<\/span><\/strong><\/p>\n<p><span style=\"font-size: 14pt;\">Pr\u00f3bki przygotowywane s\u0105 przez wewn\u0119trzny dzia\u0142 produkcji, wed\u0142ug rygorystycznych procedur, w celu zagwarantowania ich jednorodno\u015bci. Ich charakterystyka odpowiada materia\u0142om analizowanym rutynowo przez laboratoria. Niekt\u00f3re pr\u00f3bki wzbogacane s\u0105 w wybrane parametry, aby zagwarantowa\u0107 ich obecno\u015b\u0107 w badaniu.<\/span><\/p>\n<p class=\"font_8\" style=\"text-align: justify;\"><span style=\"font-size: 14pt;\">BIPEA posiada du\u017ce do\u015bwiadczenie w szybkim dostarczaniu pr\u00f3bek zgodnie z wysokimi wymogami jako\u015bci. Ka\u017cda pr\u00f3bka posiada specjalny numer pozwalaj\u0105cy na jej identyfikacj\u0119 podczas trwania rundy: od z\u0142o\u017cenia zam\u00f3wienia do przes\u0142ania wynik\u00f3w przez laboratorium<\/span><\/p>\n<p class=\"font_8\" style=\"text-align: justify;\"><span style=\"text-decoration: underline; font-size: 14pt;\"><span class=\"wixGuard\">\u200b<\/span><\/span><\/p>\n<p class=\"font_8\" style=\"text-align: justify;\"><strong><span style=\"color: #0076b3; font-size: 14pt;\">ANALIZA PR\u00d3BEK I OPRACOWANIE STATYSTYCZNE<\/span><\/strong><\/p>\n<p class=\"font_8\" style=\"text-align: justify;\"><span style=\"font-size: 14pt;\">Po otrzymaniu pr\u00f3bki, laboratorium ma dost\u0119p do formularza on-line, kt\u00f3ry zawiera list\u0119 proponowanych parametr\u00f3w. Wyniki analiz, przes\u0142ane obowi\u0105zkowo za pomoc\u0105 tego formularza, poddane s\u0105 opracowaniu statystycznemu. Raport ko\u0144cowy (Interlaboratory Comparisons Report) dost\u0119pny jest w ci\u0105gu 17 dni roboczych od zako\u0144czenia rundy.<\/span><\/p>\n<\/div><div class=\"fusion-clearfix\"><\/div><\/div><\/div><div class=\"fusion-layout-column fusion_builder_column fusion-builder-column-3 fusion_builder_column_1_3 1_3 fusion-one-third fusion-column-last\" style=\"--awb-bg-size:cover;width:30.6666%;\"><div class=\"fusion-column-wrapper fusion-flex-column-wrapper-legacy\"><div class=\"fusion-image-element in-legacy-container\" style=\"--awb-caption-title-font-family:var(--h2_typography-font-family);--awb-caption-title-font-weight:var(--h2_typography-font-weight);--awb-caption-title-font-style:var(--h2_typography-font-style);--awb-caption-title-size:var(--h2_typography-font-size);--awb-caption-title-transform:var(--h2_typography-text-transform);--awb-caption-title-line-height:var(--h2_typography-line-height);--awb-caption-title-letter-spacing:var(--h2_typography-letter-spacing);\"><span class=\" fusion-imageframe imageframe-none imageframe-1 hover-type-none\"><img decoding=\"async\" width=\"325\" height=\"563\" title=\"chart2\" src=\"https:\/\/www.bipea.org\/wp-content\/uploads\/2017\/12\/chart2.png\" alt class=\"img-responsive wp-image-15172\" srcset=\"https:\/\/www.bipea.org\/wp-content\/uploads\/2017\/12\/chart2-200x346.png 200w, https:\/\/www.bipea.org\/wp-content\/uploads\/2017\/12\/chart2.png 325w\" sizes=\"(max-width: 800px) 100vw, 325px\" \/><\/span><\/div><div class=\"fusion-clearfix\"><\/div><\/div><\/div><\/div><\/div><\/p>\n","protected":false},"excerpt":{"rendered":"","protected":false},"author":1,"featured_media":0,"parent":0,"menu_order":0,"comment_status":"closed","ping_status":"closed","template":"","meta":{"footnotes":""},"class_list":["post-15171","page","type-page","status-publish","hentry"],"yoast_head":"<!-- This site is optimized with the Yoast SEO plugin v27.0 - https:\/\/yoast.com\/product\/yoast-seo-wordpress\/ -->\n<title>Jak to dziala? - Bipea<\/title>\n<meta name=\"robots\" content=\"index, follow, max-snippet:-1, max-image-preview:large, max-video-preview:-1\" \/>\n<link rel=\"canonical\" href=\"https:\/\/www.bipea.org\/pl\/jak-to-dziala\/\" \/>\n<meta property=\"og:locale\" content=\"pl_PL\" \/>\n<meta property=\"og:type\" content=\"article\" \/>\n<meta property=\"og:title\" content=\"Jak to dziala? - Bipea\" \/>\n<meta property=\"og:url\" content=\"https:\/\/www.bipea.org\/pl\/jak-to-dziala\/\" \/>\n<meta property=\"og:site_name\" content=\"Bipea\" \/>\n<meta property=\"article:publisher\" content=\"https:\/\/www.facebook.com\/Bipea-Proficiency-Testing-Programs-1726595444310313\/\" \/>\n<meta property=\"article:modified_time\" content=\"2022-10-13T14:39:39+00:00\" \/>\n<meta name=\"twitter:card\" content=\"summary_large_image\" \/>\n<meta name=\"twitter:site\" content=\"@BipeaP\" \/>\n<meta name=\"twitter:label1\" content=\"Szacowany czas czytania\" \/>\n\t<meta name=\"twitter:data1\" content=\"3 minuty\" \/>\n<script type=\"application\/ld+json\" class=\"yoast-schema-graph\">{\"@context\":\"https:\/\/schema.org\",\"@graph\":[{\"@type\":\"WebPage\",\"@id\":\"https:\/\/www.bipea.org\/pl\/jak-to-dziala\/\",\"url\":\"https:\/\/www.bipea.org\/pl\/jak-to-dziala\/\",\"name\":\"Jak to dziala? - Bipea\",\"isPartOf\":{\"@id\":\"https:\/\/www.bipea.org\/pl\/#website\"},\"datePublished\":\"2017-12-24T15:55:57+00:00\",\"dateModified\":\"2022-10-13T14:39:39+00:00\",\"breadcrumb\":{\"@id\":\"https:\/\/www.bipea.org\/pl\/jak-to-dziala\/#breadcrumb\"},\"inLanguage\":\"pl-PL\",\"potentialAction\":[{\"@type\":\"ReadAction\",\"target\":[\"https:\/\/www.bipea.org\/pl\/jak-to-dziala\/\"]}]},{\"@type\":\"BreadcrumbList\",\"@id\":\"https:\/\/www.bipea.org\/pl\/jak-to-dziala\/#breadcrumb\",\"itemListElement\":[{\"@type\":\"ListItem\",\"position\":1,\"name\":\"Accueil\",\"item\":\"https:\/\/www.bipea.org\/pl\/\"},{\"@type\":\"ListItem\",\"position\":2,\"name\":\"Jak to dziala?\"}]},{\"@type\":\"WebSite\",\"@id\":\"https:\/\/www.bipea.org\/pl\/#website\",\"url\":\"https:\/\/www.bipea.org\/pl\/\",\"name\":\"Bipea\",\"description\":\"\",\"potentialAction\":[{\"@type\":\"SearchAction\",\"target\":{\"@type\":\"EntryPoint\",\"urlTemplate\":\"https:\/\/www.bipea.org\/pl\/?s={search_term_string}\"},\"query-input\":{\"@type\":\"PropertyValueSpecification\",\"valueRequired\":true,\"valueName\":\"search_term_string\"}}],\"inLanguage\":\"pl-PL\"}]}<\/script>\n<!-- \/ Yoast SEO plugin. -->","yoast_head_json":{"title":"Jak to dziala? - Bipea","robots":{"index":"index","follow":"follow","max-snippet":"max-snippet:-1","max-image-preview":"max-image-preview:large","max-video-preview":"max-video-preview:-1"},"canonical":"https:\/\/www.bipea.org\/pl\/jak-to-dziala\/","og_locale":"pl_PL","og_type":"article","og_title":"Jak to dziala? - Bipea","og_url":"https:\/\/www.bipea.org\/pl\/jak-to-dziala\/","og_site_name":"Bipea","article_publisher":"https:\/\/www.facebook.com\/Bipea-Proficiency-Testing-Programs-1726595444310313\/","article_modified_time":"2022-10-13T14:39:39+00:00","twitter_card":"summary_large_image","twitter_site":"@BipeaP","twitter_misc":{"Szacowany czas czytania":"3 minuty"},"schema":{"@context":"https:\/\/schema.org","@graph":[{"@type":"WebPage","@id":"https:\/\/www.bipea.org\/pl\/jak-to-dziala\/","url":"https:\/\/www.bipea.org\/pl\/jak-to-dziala\/","name":"Jak to dziala? - Bipea","isPartOf":{"@id":"https:\/\/www.bipea.org\/pl\/#website"},"datePublished":"2017-12-24T15:55:57+00:00","dateModified":"2022-10-13T14:39:39+00:00","breadcrumb":{"@id":"https:\/\/www.bipea.org\/pl\/jak-to-dziala\/#breadcrumb"},"inLanguage":"pl-PL","potentialAction":[{"@type":"ReadAction","target":["https:\/\/www.bipea.org\/pl\/jak-to-dziala\/"]}]},{"@type":"BreadcrumbList","@id":"https:\/\/www.bipea.org\/pl\/jak-to-dziala\/#breadcrumb","itemListElement":[{"@type":"ListItem","position":1,"name":"Accueil","item":"https:\/\/www.bipea.org\/pl\/"},{"@type":"ListItem","position":2,"name":"Jak to dziala?"}]},{"@type":"WebSite","@id":"https:\/\/www.bipea.org\/pl\/#website","url":"https:\/\/www.bipea.org\/pl\/","name":"Bipea","description":"","potentialAction":[{"@type":"SearchAction","target":{"@type":"EntryPoint","urlTemplate":"https:\/\/www.bipea.org\/pl\/?s={search_term_string}"},"query-input":{"@type":"PropertyValueSpecification","valueRequired":true,"valueName":"search_term_string"}}],"inLanguage":"pl-PL"}]}},"_links":{"self":[{"href":"https:\/\/www.bipea.org\/pl\/wp-json\/wp\/v2\/pages\/15171","targetHints":{"allow":["GET"]}}],"collection":[{"href":"https:\/\/www.bipea.org\/pl\/wp-json\/wp\/v2\/pages"}],"about":[{"href":"https:\/\/www.bipea.org\/pl\/wp-json\/wp\/v2\/types\/page"}],"author":[{"embeddable":true,"href":"https:\/\/www.bipea.org\/pl\/wp-json\/wp\/v2\/users\/1"}],"replies":[{"embeddable":true,"href":"https:\/\/www.bipea.org\/pl\/wp-json\/wp\/v2\/comments?post=15171"}],"version-history":[{"count":4,"href":"https:\/\/www.bipea.org\/pl\/wp-json\/wp\/v2\/pages\/15171\/revisions"}],"predecessor-version":[{"id":18837,"href":"https:\/\/www.bipea.org\/pl\/wp-json\/wp\/v2\/pages\/15171\/revisions\/18837"}],"wp:attachment":[{"href":"https:\/\/www.bipea.org\/pl\/wp-json\/wp\/v2\/media?parent=15171"}],"curies":[{"name":"wp","href":"https:\/\/api.w.org\/{rel}","templated":true}]}}