{"id":15166,"date":"2017-12-24T18:03:52","date_gmt":"2017-12-24T17:03:52","guid":{"rendered":"https:\/\/www.bipea.org\/controles-techniques-et-agrements\/"},"modified":"2022-10-13T15:30:43","modified_gmt":"2022-10-13T13:30:43","slug":"controles-techniques-et-agrements","status":"publish","type":"page","link":"https:\/\/www.bipea.org\/pl\/controles-techniques-et-agrements\/","title":{"rendered":"Nadz\u00f3r techniczny"},"content":{"rendered":"<p class=\"font_8\" style=\"text-align: justify;\"><span style=\"color: #0076b3; font-size: 14pt;\"><strong>NA CZYM POLEGA NADZ\u00d3R TECHNICZNY?<\/strong> <\/span><\/p>\n<p>&nbsp;<\/p>\n<p><span style=\"font-size: 14pt;\">BIPEA proponuje nadz\u00f3r techniczny w ramach certyfikat\u00f3w wydawanych laboratoriom przez francuskie organy pa\u0144stwowe.<\/span><\/p>\n<p>&nbsp;<\/p>\n<p><span style=\"font-size: 14pt;\">Certyfikaty przyznawane s\u0105 wy\u0142\u0105cznie przez upowa\u017cnion\u0105 jednostk\u0119 certyfikujac\u0105 i po\u015bwiadczaj\u0105 kompetencje analityczne laboratorium w danej dziedzinie.<\/span><\/p>\n<p><span style=\"font-size: 14pt;\">BIPEA nie jest jednostk\u0105 certyfikuj\u0105c\u0105 ani rekomenduj\u0105c\u0105 laboratoria.<\/span><\/p>\n<p>&nbsp;<\/p>\n<p><span style=\"font-size: 14pt;\">Nasza us\u0142uga dotyczy przygotowania opinii technicznej przez grup\u0119 ekspert\u00f3w, opartej na analizie:<\/span><\/p>\n<p>&nbsp;<\/p>\n<ul>\n<li><span style=\"font-size: 14pt;\">cz\u0119stotliwo\u015bci udzia\u0142u w badaniach bieg\u0142o\u015bci,<\/span><\/li>\n<li><span style=\"font-size: 14pt;\">wynik\u00f3w otrzymanych w badaniach bieg\u0142o\u015bci,<\/span><\/li>\n<li><span style=\"font-size: 14pt;\">oraz po wizycie w laboratorium.<\/span><\/li>\n<\/ul>\n<p><span style=\"font-size: 14pt;\">BIPEA proponuje r\u00f3wnie\u017c wsparcie techniczne poprzez organizacj\u0119 szkole\u0144, spotka\u0144 i ankiet.<\/span><\/p>\n<p>&nbsp;<\/p>\n<p class=\"font_8\"><span style=\"font-size: 14pt;\">Aby uzyska\u0107 wi\u0119cej informacji, prosimy o kontakt na adres: <a href=\"mailto:scientifique@bipea.org\">scientific@bipea.org<\/a><\/span><\/p>\n<p><span style=\"font-size: 14pt;\"><a class=\"more-link\" href=\"https:\/\/www.bipea.org\/wp-content\/uploads\/2018\/01\/70c41a_a95d4b3904f740f88444bca74a9d8d67.pdf\" target=\"blank_\" rel=\"noopener noreferrer\">Wi\u0119cej +<\/a><\/span><\/p>\n","protected":false},"excerpt":{"rendered":"<p>NA CZYM POLEGA NADZ\u00d3R TECHNICZNY? &nbsp; BIPEA proponuje nadz\u00f3r techniczny w ramach certyfikat\u00f3w wydawanych laboratoriom przez francuskie organy pa\u0144stwowe. &nbsp; Certyfikaty przyznawane s\u0105 wy\u0142\u0105cznie przez upowa\u017cnion\u0105 jednostk\u0119 certyfikujac\u0105 i po\u015bwiadczaj\u0105 kompetencje analityczne laboratorium w danej dziedzinie. BIPEA nie jest jednostk\u0105 certyfikuj\u0105c\u0105 ani rekomenduj\u0105c\u0105 laboratoria. &nbsp; Nasza us\u0142uga dotyczy przygotowania opinii technicznej przez grup\u0119 ekspert\u00f3w, opartej na [&hellip;]<\/p>\n","protected":false},"author":1,"featured_media":0,"parent":0,"menu_order":0,"comment_status":"closed","ping_status":"closed","template":"","meta":{"footnotes":""},"class_list":["post-15166","page","type-page","status-publish","hentry"],"yoast_head":"<!-- This site is optimized with the Yoast SEO plugin v27.0 - https:\/\/yoast.com\/product\/yoast-seo-wordpress\/ -->\n<title>Nadz\u00f3r techniczny - Bipea<\/title>\n<meta name=\"robots\" content=\"index, follow, max-snippet:-1, max-image-preview:large, max-video-preview:-1\" \/>\n<link rel=\"canonical\" href=\"https:\/\/www.bipea.org\/pl\/controles-techniques-et-agrements\/\" \/>\n<meta property=\"og:locale\" content=\"pl_PL\" \/>\n<meta property=\"og:type\" content=\"article\" \/>\n<meta property=\"og:title\" content=\"Nadz\u00f3r techniczny - Bipea\" \/>\n<meta property=\"og:description\" content=\"NA CZYM POLEGA NADZ\u00d3R TECHNICZNY? &nbsp; BIPEA proponuje nadz\u00f3r techniczny w ramach certyfikat\u00f3w wydawanych laboratoriom przez francuskie organy pa\u0144stwowe. &nbsp; Certyfikaty przyznawane s\u0105 wy\u0142\u0105cznie przez upowa\u017cnion\u0105 jednostk\u0119 certyfikujac\u0105 i po\u015bwiadczaj\u0105 kompetencje analityczne laboratorium w danej dziedzinie. BIPEA nie jest jednostk\u0105 certyfikuj\u0105c\u0105 ani rekomenduj\u0105c\u0105 laboratoria. &nbsp; Nasza us\u0142uga dotyczy przygotowania opinii technicznej przez grup\u0119 ekspert\u00f3w, opartej na [&hellip;]\" \/>\n<meta property=\"og:url\" content=\"https:\/\/www.bipea.org\/pl\/controles-techniques-et-agrements\/\" \/>\n<meta property=\"og:site_name\" content=\"Bipea\" \/>\n<meta property=\"article:publisher\" content=\"https:\/\/www.facebook.com\/Bipea-Proficiency-Testing-Programs-1726595444310313\/\" \/>\n<meta property=\"article:modified_time\" content=\"2022-10-13T13:30:43+00:00\" \/>\n<meta name=\"twitter:card\" content=\"summary_large_image\" \/>\n<meta name=\"twitter:site\" content=\"@BipeaP\" \/>\n<meta name=\"twitter:label1\" content=\"Szacowany czas czytania\" \/>\n\t<meta name=\"twitter:data1\" content=\"1 minuta\" \/>\n<script type=\"application\/ld+json\" class=\"yoast-schema-graph\">{\"@context\":\"https:\/\/schema.org\",\"@graph\":[{\"@type\":\"WebPage\",\"@id\":\"https:\/\/www.bipea.org\/pl\/controles-techniques-et-agrements\/\",\"url\":\"https:\/\/www.bipea.org\/pl\/controles-techniques-et-agrements\/\",\"name\":\"Nadz\u00f3r techniczny - Bipea\",\"isPartOf\":{\"@id\":\"https:\/\/www.bipea.org\/pl\/#website\"},\"datePublished\":\"2017-12-24T17:03:52+00:00\",\"dateModified\":\"2022-10-13T13:30:43+00:00\",\"breadcrumb\":{\"@id\":\"https:\/\/www.bipea.org\/pl\/controles-techniques-et-agrements\/#breadcrumb\"},\"inLanguage\":\"pl-PL\",\"potentialAction\":[{\"@type\":\"ReadAction\",\"target\":[\"https:\/\/www.bipea.org\/pl\/controles-techniques-et-agrements\/\"]}]},{\"@type\":\"BreadcrumbList\",\"@id\":\"https:\/\/www.bipea.org\/pl\/controles-techniques-et-agrements\/#breadcrumb\",\"itemListElement\":[{\"@type\":\"ListItem\",\"position\":1,\"name\":\"Accueil\",\"item\":\"https:\/\/www.bipea.org\/pl\/\"},{\"@type\":\"ListItem\",\"position\":2,\"name\":\"Nadz\u00f3r techniczny\"}]},{\"@type\":\"WebSite\",\"@id\":\"https:\/\/www.bipea.org\/pl\/#website\",\"url\":\"https:\/\/www.bipea.org\/pl\/\",\"name\":\"Bipea\",\"description\":\"\",\"potentialAction\":[{\"@type\":\"SearchAction\",\"target\":{\"@type\":\"EntryPoint\",\"urlTemplate\":\"https:\/\/www.bipea.org\/pl\/?s={search_term_string}\"},\"query-input\":{\"@type\":\"PropertyValueSpecification\",\"valueRequired\":true,\"valueName\":\"search_term_string\"}}],\"inLanguage\":\"pl-PL\"}]}<\/script>\n<!-- \/ Yoast SEO plugin. -->","yoast_head_json":{"title":"Nadz\u00f3r techniczny - Bipea","robots":{"index":"index","follow":"follow","max-snippet":"max-snippet:-1","max-image-preview":"max-image-preview:large","max-video-preview":"max-video-preview:-1"},"canonical":"https:\/\/www.bipea.org\/pl\/controles-techniques-et-agrements\/","og_locale":"pl_PL","og_type":"article","og_title":"Nadz\u00f3r techniczny - Bipea","og_description":"NA CZYM POLEGA NADZ\u00d3R TECHNICZNY? &nbsp; BIPEA proponuje nadz\u00f3r techniczny w ramach certyfikat\u00f3w wydawanych laboratoriom przez francuskie organy pa\u0144stwowe. &nbsp; Certyfikaty przyznawane s\u0105 wy\u0142\u0105cznie przez upowa\u017cnion\u0105 jednostk\u0119 certyfikujac\u0105 i po\u015bwiadczaj\u0105 kompetencje analityczne laboratorium w danej dziedzinie. BIPEA nie jest jednostk\u0105 certyfikuj\u0105c\u0105 ani rekomenduj\u0105c\u0105 laboratoria. &nbsp; Nasza us\u0142uga dotyczy przygotowania opinii technicznej przez grup\u0119 ekspert\u00f3w, opartej na [&hellip;]","og_url":"https:\/\/www.bipea.org\/pl\/controles-techniques-et-agrements\/","og_site_name":"Bipea","article_publisher":"https:\/\/www.facebook.com\/Bipea-Proficiency-Testing-Programs-1726595444310313\/","article_modified_time":"2022-10-13T13:30:43+00:00","twitter_card":"summary_large_image","twitter_site":"@BipeaP","twitter_misc":{"Szacowany czas czytania":"1 minuta"},"schema":{"@context":"https:\/\/schema.org","@graph":[{"@type":"WebPage","@id":"https:\/\/www.bipea.org\/pl\/controles-techniques-et-agrements\/","url":"https:\/\/www.bipea.org\/pl\/controles-techniques-et-agrements\/","name":"Nadz\u00f3r techniczny - Bipea","isPartOf":{"@id":"https:\/\/www.bipea.org\/pl\/#website"},"datePublished":"2017-12-24T17:03:52+00:00","dateModified":"2022-10-13T13:30:43+00:00","breadcrumb":{"@id":"https:\/\/www.bipea.org\/pl\/controles-techniques-et-agrements\/#breadcrumb"},"inLanguage":"pl-PL","potentialAction":[{"@type":"ReadAction","target":["https:\/\/www.bipea.org\/pl\/controles-techniques-et-agrements\/"]}]},{"@type":"BreadcrumbList","@id":"https:\/\/www.bipea.org\/pl\/controles-techniques-et-agrements\/#breadcrumb","itemListElement":[{"@type":"ListItem","position":1,"name":"Accueil","item":"https:\/\/www.bipea.org\/pl\/"},{"@type":"ListItem","position":2,"name":"Nadz\u00f3r techniczny"}]},{"@type":"WebSite","@id":"https:\/\/www.bipea.org\/pl\/#website","url":"https:\/\/www.bipea.org\/pl\/","name":"Bipea","description":"","potentialAction":[{"@type":"SearchAction","target":{"@type":"EntryPoint","urlTemplate":"https:\/\/www.bipea.org\/pl\/?s={search_term_string}"},"query-input":{"@type":"PropertyValueSpecification","valueRequired":true,"valueName":"search_term_string"}}],"inLanguage":"pl-PL"}]}},"_links":{"self":[{"href":"https:\/\/www.bipea.org\/pl\/wp-json\/wp\/v2\/pages\/15166","targetHints":{"allow":["GET"]}}],"collection":[{"href":"https:\/\/www.bipea.org\/pl\/wp-json\/wp\/v2\/pages"}],"about":[{"href":"https:\/\/www.bipea.org\/pl\/wp-json\/wp\/v2\/types\/page"}],"author":[{"embeddable":true,"href":"https:\/\/www.bipea.org\/pl\/wp-json\/wp\/v2\/users\/1"}],"replies":[{"embeddable":true,"href":"https:\/\/www.bipea.org\/pl\/wp-json\/wp\/v2\/comments?post=15166"}],"version-history":[{"count":3,"href":"https:\/\/www.bipea.org\/pl\/wp-json\/wp\/v2\/pages\/15166\/revisions"}],"predecessor-version":[{"id":18803,"href":"https:\/\/www.bipea.org\/pl\/wp-json\/wp\/v2\/pages\/15166\/revisions\/18803"}],"wp:attachment":[{"href":"https:\/\/www.bipea.org\/pl\/wp-json\/wp\/v2\/media?parent=15166"}],"curies":[{"name":"wp","href":"https:\/\/api.w.org\/{rel}","templated":true}]}}