{"id":15162,"date":"2017-12-30T17:34:58","date_gmt":"2017-12-30T16:34:58","guid":{"rendered":"https:\/\/www.bipea.org\/contribution-normative\/"},"modified":"2022-10-13T15:24:07","modified_gmt":"2022-10-13T13:24:07","slug":"wklad-normatywny","status":"publish","type":"page","link":"https:\/\/www.bipea.org\/pl\/wklad-normatywny\/","title":{"rendered":"Wk\u0142ad normatywny"},"content":{"rendered":"<p class=\"font_8\"><strong><span style=\"color: #2b689c; font-size: 14pt;\">WSP\u00d3\u0141PRACA TECHNICZNA<\/span><\/strong><\/p>\n<p>&nbsp;<\/p>\n<ul>\n<li><span style=\"font-size: 14pt;\">Wsp\u00f3\u0142praca z AFNOR: zatwierdzanie norm (sektor zbo\u017cowy)<\/span><\/li>\n<li><span style=\"font-size: 14pt;\">Wsp\u00f3\u0142praca z SNIA oraz COOP DE FRANCE: OQUALIM: komitet referencyjny ds. metod i laboratori\u00f3w<\/span><\/li>\n<\/ul>\n<p class=\"font_8\"><span class=\"wixGuard\" style=\"font-size: 14pt;\">\u200b<\/span><\/p>\n<p class=\"font_8\" style=\"text-align: justify;\"><strong><span style=\"color: #2b689c; font-size: 14pt;\">UCZESTNICTWO W KOMISJACH NORMALIZACYJNYCH<\/span><\/strong><\/p>\n<p class=\"font_8\" style=\"text-align: justify;\"><span style=\"color: #2b689c; font-size: 14pt;\"><span class=\"wixGuard\">\u200b<\/span><\/span><\/p>\n<ul>\n<li><span style=\"font-size: 14pt;\">V30A (Zbo\u017ca i ro\u015bliny str\u0105czkowe)<\/span><\/li>\n<li><span style=\"font-size: 14pt;\">T90E (Wykrywanie Legionelli)<\/span><\/li>\n<li><span style=\"font-size: 14pt;\">T90D (Mikrobilogia wody)<\/span><\/li>\n<li><span style=\"font-size: 14pt;\">V03B (Metody analiz produkt\u00f3w rolno-spo\u017cywczych)<\/span><\/li>\n<li><span style=\"font-size: 14pt;\">X06G (Rewizja normy ISO 5725)<\/span><\/li>\n<li><span style=\"font-size: 14pt;\">Komisja \u00ab zatwierdzanie wody \u00bb<\/span><\/li>\n<li><span style=\"font-size: 14pt;\">BT Mikrobilogia wody \u2013 Protok\u00f3\u0142 og\u00f3lny<\/span><\/li>\n<\/ul>\n<p class=\"font_8\"><span class=\"wixGuard\" style=\"font-size: 14pt;\">\u200b<\/span><\/p>\n<p class=\"font_8\"><strong><span style=\"color: #2b689c; font-size: 14pt;\">UCZESTNICTWO W EUROPEJSKIEJ GRUPIE ROBOCZEJ<\/span><\/strong><\/p>\n<p>&nbsp;<\/p>\n<ul>\n<li><span style=\"font-size: 14pt;\">BIPEA jest delegatem Francji w ramach spotka\u0144 EURACHEM<\/span><\/li>\n<li><span style=\"font-size: 14pt;\">Udzia\u0142 w PT WG EURACHEM (C. LAURENT)<\/span><\/li>\n<\/ul>\n","protected":false},"excerpt":{"rendered":"<p>WSP\u00d3\u0141PRACA TECHNICZNA &nbsp; Wsp\u00f3\u0142praca z AFNOR: zatwierdzanie norm (sektor zbo\u017cowy) Wsp\u00f3\u0142praca z SNIA oraz COOP DE FRANCE: OQUALIM: komitet referencyjny ds. metod i laboratori\u00f3w \u200b UCZESTNICTWO W KOMISJACH NORMALIZACYJNYCH \u200b V30A (Zbo\u017ca i ro\u015bliny str\u0105czkowe) T90E (Wykrywanie Legionelli) T90D (Mikrobilogia wody) V03B (Metody analiz produkt\u00f3w rolno-spo\u017cywczych) X06G (Rewizja normy ISO 5725) Komisja \u00ab zatwierdzanie wody \u00bb [&hellip;]<\/p>\n","protected":false},"author":1,"featured_media":0,"parent":0,"menu_order":0,"comment_status":"closed","ping_status":"closed","template":"","meta":{"footnotes":""},"class_list":["post-15162","page","type-page","status-publish","hentry"],"yoast_head":"<!-- This site is optimized with the Yoast SEO plugin v27.0 - https:\/\/yoast.com\/product\/yoast-seo-wordpress\/ -->\n<title>Wk\u0142ad normatywny - Bipea<\/title>\n<meta name=\"robots\" content=\"index, follow, max-snippet:-1, max-image-preview:large, max-video-preview:-1\" \/>\n<link rel=\"canonical\" href=\"https:\/\/www.bipea.org\/pl\/wklad-normatywny\/\" \/>\n<meta property=\"og:locale\" content=\"pl_PL\" \/>\n<meta property=\"og:type\" content=\"article\" \/>\n<meta property=\"og:title\" content=\"Wk\u0142ad normatywny - Bipea\" \/>\n<meta property=\"og:description\" content=\"WSP\u00d3\u0141PRACA TECHNICZNA &nbsp; Wsp\u00f3\u0142praca z AFNOR: zatwierdzanie norm (sektor zbo\u017cowy) Wsp\u00f3\u0142praca z SNIA oraz COOP DE FRANCE: OQUALIM: komitet referencyjny ds. metod i laboratori\u00f3w \u200b UCZESTNICTWO W KOMISJACH NORMALIZACYJNYCH \u200b V30A (Zbo\u017ca i ro\u015bliny str\u0105czkowe) T90E (Wykrywanie Legionelli) T90D (Mikrobilogia wody) V03B (Metody analiz produkt\u00f3w rolno-spo\u017cywczych) X06G (Rewizja normy ISO 5725) Komisja \u00ab zatwierdzanie wody \u00bb [&hellip;]\" \/>\n<meta property=\"og:url\" content=\"https:\/\/www.bipea.org\/pl\/wklad-normatywny\/\" \/>\n<meta property=\"og:site_name\" content=\"Bipea\" \/>\n<meta property=\"article:publisher\" content=\"https:\/\/www.facebook.com\/Bipea-Proficiency-Testing-Programs-1726595444310313\/\" \/>\n<meta property=\"article:modified_time\" content=\"2022-10-13T13:24:07+00:00\" \/>\n<meta name=\"twitter:card\" content=\"summary_large_image\" \/>\n<meta name=\"twitter:site\" content=\"@BipeaP\" \/>\n<meta name=\"twitter:label1\" content=\"Szacowany czas czytania\" \/>\n\t<meta name=\"twitter:data1\" content=\"1 minuta\" \/>\n<script type=\"application\/ld+json\" class=\"yoast-schema-graph\">{\"@context\":\"https:\/\/schema.org\",\"@graph\":[{\"@type\":\"WebPage\",\"@id\":\"https:\/\/www.bipea.org\/pl\/wklad-normatywny\/\",\"url\":\"https:\/\/www.bipea.org\/pl\/wklad-normatywny\/\",\"name\":\"Wk\u0142ad normatywny - Bipea\",\"isPartOf\":{\"@id\":\"https:\/\/www.bipea.org\/pl\/#website\"},\"datePublished\":\"2017-12-30T16:34:58+00:00\",\"dateModified\":\"2022-10-13T13:24:07+00:00\",\"breadcrumb\":{\"@id\":\"https:\/\/www.bipea.org\/pl\/wklad-normatywny\/#breadcrumb\"},\"inLanguage\":\"pl-PL\",\"potentialAction\":[{\"@type\":\"ReadAction\",\"target\":[\"https:\/\/www.bipea.org\/pl\/wklad-normatywny\/\"]}]},{\"@type\":\"BreadcrumbList\",\"@id\":\"https:\/\/www.bipea.org\/pl\/wklad-normatywny\/#breadcrumb\",\"itemListElement\":[{\"@type\":\"ListItem\",\"position\":1,\"name\":\"Accueil\",\"item\":\"https:\/\/www.bipea.org\/pl\/\"},{\"@type\":\"ListItem\",\"position\":2,\"name\":\"Wk\u0142ad normatywny\"}]},{\"@type\":\"WebSite\",\"@id\":\"https:\/\/www.bipea.org\/pl\/#website\",\"url\":\"https:\/\/www.bipea.org\/pl\/\",\"name\":\"Bipea\",\"description\":\"\",\"potentialAction\":[{\"@type\":\"SearchAction\",\"target\":{\"@type\":\"EntryPoint\",\"urlTemplate\":\"https:\/\/www.bipea.org\/pl\/?s={search_term_string}\"},\"query-input\":{\"@type\":\"PropertyValueSpecification\",\"valueRequired\":true,\"valueName\":\"search_term_string\"}}],\"inLanguage\":\"pl-PL\"}]}<\/script>\n<!-- \/ Yoast SEO plugin. -->","yoast_head_json":{"title":"Wk\u0142ad normatywny - Bipea","robots":{"index":"index","follow":"follow","max-snippet":"max-snippet:-1","max-image-preview":"max-image-preview:large","max-video-preview":"max-video-preview:-1"},"canonical":"https:\/\/www.bipea.org\/pl\/wklad-normatywny\/","og_locale":"pl_PL","og_type":"article","og_title":"Wk\u0142ad normatywny - Bipea","og_description":"WSP\u00d3\u0141PRACA TECHNICZNA &nbsp; Wsp\u00f3\u0142praca z AFNOR: zatwierdzanie norm (sektor zbo\u017cowy) Wsp\u00f3\u0142praca z SNIA oraz COOP DE FRANCE: OQUALIM: komitet referencyjny ds. metod i laboratori\u00f3w \u200b UCZESTNICTWO W KOMISJACH NORMALIZACYJNYCH \u200b V30A (Zbo\u017ca i ro\u015bliny str\u0105czkowe) T90E (Wykrywanie Legionelli) T90D (Mikrobilogia wody) V03B (Metody analiz produkt\u00f3w rolno-spo\u017cywczych) X06G (Rewizja normy ISO 5725) Komisja \u00ab zatwierdzanie wody \u00bb [&hellip;]","og_url":"https:\/\/www.bipea.org\/pl\/wklad-normatywny\/","og_site_name":"Bipea","article_publisher":"https:\/\/www.facebook.com\/Bipea-Proficiency-Testing-Programs-1726595444310313\/","article_modified_time":"2022-10-13T13:24:07+00:00","twitter_card":"summary_large_image","twitter_site":"@BipeaP","twitter_misc":{"Szacowany czas czytania":"1 minuta"},"schema":{"@context":"https:\/\/schema.org","@graph":[{"@type":"WebPage","@id":"https:\/\/www.bipea.org\/pl\/wklad-normatywny\/","url":"https:\/\/www.bipea.org\/pl\/wklad-normatywny\/","name":"Wk\u0142ad normatywny - Bipea","isPartOf":{"@id":"https:\/\/www.bipea.org\/pl\/#website"},"datePublished":"2017-12-30T16:34:58+00:00","dateModified":"2022-10-13T13:24:07+00:00","breadcrumb":{"@id":"https:\/\/www.bipea.org\/pl\/wklad-normatywny\/#breadcrumb"},"inLanguage":"pl-PL","potentialAction":[{"@type":"ReadAction","target":["https:\/\/www.bipea.org\/pl\/wklad-normatywny\/"]}]},{"@type":"BreadcrumbList","@id":"https:\/\/www.bipea.org\/pl\/wklad-normatywny\/#breadcrumb","itemListElement":[{"@type":"ListItem","position":1,"name":"Accueil","item":"https:\/\/www.bipea.org\/pl\/"},{"@type":"ListItem","position":2,"name":"Wk\u0142ad normatywny"}]},{"@type":"WebSite","@id":"https:\/\/www.bipea.org\/pl\/#website","url":"https:\/\/www.bipea.org\/pl\/","name":"Bipea","description":"","potentialAction":[{"@type":"SearchAction","target":{"@type":"EntryPoint","urlTemplate":"https:\/\/www.bipea.org\/pl\/?s={search_term_string}"},"query-input":{"@type":"PropertyValueSpecification","valueRequired":true,"valueName":"search_term_string"}}],"inLanguage":"pl-PL"}]}},"_links":{"self":[{"href":"https:\/\/www.bipea.org\/pl\/wp-json\/wp\/v2\/pages\/15162","targetHints":{"allow":["GET"]}}],"collection":[{"href":"https:\/\/www.bipea.org\/pl\/wp-json\/wp\/v2\/pages"}],"about":[{"href":"https:\/\/www.bipea.org\/pl\/wp-json\/wp\/v2\/types\/page"}],"author":[{"embeddable":true,"href":"https:\/\/www.bipea.org\/pl\/wp-json\/wp\/v2\/users\/1"}],"replies":[{"embeddable":true,"href":"https:\/\/www.bipea.org\/pl\/wp-json\/wp\/v2\/comments?post=15162"}],"version-history":[{"count":3,"href":"https:\/\/www.bipea.org\/pl\/wp-json\/wp\/v2\/pages\/15162\/revisions"}],"predecessor-version":[{"id":18799,"href":"https:\/\/www.bipea.org\/pl\/wp-json\/wp\/v2\/pages\/15162\/revisions\/18799"}],"wp:attachment":[{"href":"https:\/\/www.bipea.org\/pl\/wp-json\/wp\/v2\/media?parent=15162"}],"curies":[{"name":"wp","href":"https:\/\/api.w.org\/{rel}","templated":true}]}}