{"id":15157,"date":"2017-12-24T16:57:29","date_gmt":"2017-12-24T15:57:29","guid":{"rendered":"https:\/\/www.bipea.org\/conditions-dinscription-et-confidentialite\/"},"modified":"2022-10-13T16:40:19","modified_gmt":"2022-10-13T14:40:19","slug":"warunki-rejestracji-i-polityka-prywatnosci","status":"publish","type":"page","link":"https:\/\/www.bipea.org\/pl\/warunki-rejestracji-i-polityka-prywatnosci\/","title":{"rendered":"Warunki rejestracji i polityka prywatno\u015bci"},"content":{"rendered":"<p><div class=\"fusion-fullwidth fullwidth-box fusion-builder-row-1 back_box nonhundred-percent-fullwidth non-hundred-percent-height-scrolling\" style=\"--awb-border-radius-top-left:0px;--awb-border-radius-top-right:0px;--awb-border-radius-bottom-right:0px;--awb-border-radius-bottom-left:0px;--awb-flex-wrap:wrap;\" ><div class=\"fusion-builder-row fusion-row\"><div class=\"fusion-layout-column fusion_builder_column fusion-builder-column-0 fusion_builder_column_5_6 5_6 fusion-five-sixth fusion-column-first\" style=\"--awb-bg-size:cover;width:83.333333333333%;width:calc(83.333333333333% - ( ( 4% ) * 0.83333333333333 ) );margin-right: 4%;\"><div class=\"fusion-column-wrapper fusion-flex-column-wrapper-legacy\"><div class=\"fusion-clearfix\"><\/div><\/div><\/div><div class=\"fusion-layout-column fusion_builder_column fusion-builder-column-1 fusion_builder_column_1_6 1_6 fusion-one-sixth fusion-column-last\" style=\"--awb-bg-size:cover;width:16.666666666667%;width:calc(16.666666666667% - ( ( 4% ) * 0.16666666666667 ) );\"><div class=\"fusion-column-wrapper fusion-flex-column-wrapper-legacy\"><div class=\"fusion-text fusion-text-1\"><p><a href=\"https:\/\/www.bipea.org\/pl\/badania-bieglosci-pts\/\">Powr\u00f3t do listy bada\u0144 bieg\u0142o\u015bci<\/a><\/p>\n<\/div><div class=\"fusion-clearfix\"><\/div><\/div><\/div><\/div><\/div><div class=\"fusion-fullwidth fullwidth-box fusion-builder-row-2 nonhundred-percent-fullwidth non-hundred-percent-height-scrolling\" style=\"--awb-border-radius-top-left:0px;--awb-border-radius-top-right:0px;--awb-border-radius-bottom-right:0px;--awb-border-radius-bottom-left:0px;--awb-flex-wrap:wrap;\" ><div class=\"fusion-builder-row fusion-row\"><div class=\"fusion-layout-column fusion_builder_column fusion-builder-column-2 fusion_builder_column_1_1 1_1 fusion-one-full fusion-column-first fusion-column-last\" style=\"--awb-bg-size:cover;--awb-margin-bottom:0px;\"><div class=\"fusion-column-wrapper fusion-flex-column-wrapper-legacy\"><div class=\"fusion-text fusion-text-2\"><p class=\"font_8\" style=\"text-align: justify;\"><strong><span style=\"color: #0076b3; font-size: 14pt;\">WARUNKI CZ\u0141ONKOSTWA<\/span><\/strong><\/p>\n<p class=\"font_8\" style=\"text-align: justify;\"><span class=\"wixGuard\" style=\"font-size: 14pt;\">\u200b<\/span><\/p>\n<p><span style=\"font-size: 14pt;\">Laboratoria mog\u0105 zg\u0142osi\u0107 udzia\u0142 w badaniach bieg\u0142o\u015bci zar\u00f3wno na pocz\u0105tku rocznego cyklu, jak i w trakcie jego trwania. Celem naszych bada\u0144 jest zapewnienie laboratoriom regularnej kontroli kompetencji analitycznych. Dlatego udzia\u0142 w badaniach obejmuje wszystkie rundy, od momentu zg\u0142oszenia uczestnictwa, do ko\u0144ca aktualnego cyklu (z wyj\u0105tkiem programu Pestycydy).<\/span><\/p>\n<p><span style=\"font-size: 14pt;\">Laboratorium chc\u0105ce wzi\u0105\u0107 udzia\u0142 w badaniu bieg\u0142o\u015bci lub naby\u0107 materia\u0142y odniesienia (ERM), musi sta\u0107 sie cz\u0142onkiem naszego stowarzyszenia.<\/span><\/p>\n<p class=\"font_8\" style=\"text-align: justify;\"><span style=\"font-size: 14pt;\">Ka\u017cdy cz\u0142onek stowarzyszenia zobowiazany jest ui\u015bci\u0107 roczn\u0105 op\u0142at\u0119 cz\u0142onkowsk\u0105, a tak\u017ce op\u0142aci\u0107 koszt udzia\u0142u w badaniach bieg\u0142o\u015bci oraz zakupu materia\u0142\u00f3w odniesienia.<\/span><\/p>\n<p class=\"font_8\" style=\"text-align: justify;\"><span class=\"wixGuard\" style=\"font-size: 14pt;\">\u200b<\/span><\/p>\n<p class=\"font_8\" style=\"text-align: justify;\"><strong><span style=\"color: #0076b3; font-size: 14pt;\">POLITYKA PRYWATNO\u015aCI<\/span><\/strong><\/p>\n<p class=\"font_8\" style=\"text-align: justify;\"><span class=\"wixGuard\" style=\"font-size: 14pt;\">\u200b<\/span><\/p>\n<p><span style=\"font-size: 14pt;\">Wszystkim uczestnikom zapewniamy ca\u0142kowit\u0105 anonimowo\u015b\u0107 i poufno\u015b\u0107 informacji uzyskanych podczas bada\u0144 bieg\u0142o\u015bci.<\/span><\/p>\n<p class=\"font_8\" style=\"text-align: justify;\"><span style=\"font-size: 14pt;\">Poufno\u015b\u0107 zagwarantowana jest na ka\u017cdym etapie:<\/span><\/p>\n<ul>\n<li><span style=\"font-size: 14pt;\"><strong>Administracyjnym<\/strong>: zapewniamy poufno\u015b\u0107 i ochron\u0119 wszelkich danych administracyjnych i osobowych dostarczonych przez laboratorium.<\/span><\/li>\n<\/ul>\n<ul>\n<li><span style=\"font-size: 14pt;\"><strong>Rejestracji: <\/strong>ka\u017cdy uczestnik dostaje indywidualny, 5-cyfrowy kod klienta<\/span><\/li>\n<\/ul>\n<ul class=\"font_8\" style=\"text-align: justify;\">\n<li>\n<p class=\"font_8\"><span style=\"font-size: 14pt;\"><strong>Przesy\u0142anie wynik\u00f3w na formularzu online<\/strong>: laboratoria bior\u0105ce udzia\u0142 w programach BIPEA otrzymuj\u0105 indywidualne kody dost\u0119pu, kt\u00f3re pozwalaj\u0105 na wype\u0142nienie formularza wynik\u00f3w, jego zatwierdzenie przez osob\u0119 upowa\u017cnion\u0105 oraz na identyfikacj\u0119 laboratorium w raporcie ko\u0144cowym. Kod laboratorium znajduj\u0105cy si\u0119 w raporcie zmieniany jest na pocz\u0105tku ka\u017cdego rocznego cyklu. Aktualny kod dost\u0119pny jest wy\u0142\u0105cznie po zalogowaniu si\u0119 na konto klienta na stronie internetowej BIPEA.<\/span><\/p>\n<\/li>\n<\/ul>\n<\/div><div class=\"fusion-clearfix\"><\/div><\/div><\/div><\/div><\/div><\/p>\n","protected":false},"excerpt":{"rendered":"","protected":false},"author":1,"featured_media":0,"parent":0,"menu_order":0,"comment_status":"closed","ping_status":"closed","template":"","meta":{"footnotes":""},"class_list":["post-15157","page","type-page","status-publish","hentry"],"yoast_head":"<!-- This site is optimized with the Yoast SEO plugin v27.0 - https:\/\/yoast.com\/product\/yoast-seo-wordpress\/ -->\n<title>Warunki rejestracji i polityka prywatno\u015bci - Bipea<\/title>\n<meta name=\"robots\" content=\"index, follow, max-snippet:-1, max-image-preview:large, max-video-preview:-1\" \/>\n<link rel=\"canonical\" href=\"https:\/\/www.bipea.org\/pl\/warunki-rejestracji-i-polityka-prywatnosci\/\" \/>\n<meta property=\"og:locale\" content=\"pl_PL\" \/>\n<meta property=\"og:type\" content=\"article\" \/>\n<meta property=\"og:title\" content=\"Warunki rejestracji i polityka prywatno\u015bci - Bipea\" \/>\n<meta property=\"og:url\" content=\"https:\/\/www.bipea.org\/pl\/warunki-rejestracji-i-polityka-prywatnosci\/\" \/>\n<meta property=\"og:site_name\" content=\"Bipea\" \/>\n<meta property=\"article:publisher\" content=\"https:\/\/www.facebook.com\/Bipea-Proficiency-Testing-Programs-1726595444310313\/\" \/>\n<meta property=\"article:modified_time\" content=\"2022-10-13T14:40:19+00:00\" \/>\n<meta name=\"twitter:card\" content=\"summary_large_image\" \/>\n<meta name=\"twitter:site\" content=\"@BipeaP\" \/>\n<meta name=\"twitter:label1\" content=\"Szacowany czas czytania\" \/>\n\t<meta name=\"twitter:data1\" content=\"2 minuty\" \/>\n<script type=\"application\/ld+json\" class=\"yoast-schema-graph\">{\"@context\":\"https:\/\/schema.org\",\"@graph\":[{\"@type\":\"WebPage\",\"@id\":\"https:\/\/www.bipea.org\/pl\/warunki-rejestracji-i-polityka-prywatnosci\/\",\"url\":\"https:\/\/www.bipea.org\/pl\/warunki-rejestracji-i-polityka-prywatnosci\/\",\"name\":\"Warunki rejestracji i polityka prywatno\u015bci - Bipea\",\"isPartOf\":{\"@id\":\"https:\/\/www.bipea.org\/pl\/#website\"},\"datePublished\":\"2017-12-24T15:57:29+00:00\",\"dateModified\":\"2022-10-13T14:40:19+00:00\",\"breadcrumb\":{\"@id\":\"https:\/\/www.bipea.org\/pl\/warunki-rejestracji-i-polityka-prywatnosci\/#breadcrumb\"},\"inLanguage\":\"pl-PL\",\"potentialAction\":[{\"@type\":\"ReadAction\",\"target\":[\"https:\/\/www.bipea.org\/pl\/warunki-rejestracji-i-polityka-prywatnosci\/\"]}]},{\"@type\":\"BreadcrumbList\",\"@id\":\"https:\/\/www.bipea.org\/pl\/warunki-rejestracji-i-polityka-prywatnosci\/#breadcrumb\",\"itemListElement\":[{\"@type\":\"ListItem\",\"position\":1,\"name\":\"Accueil\",\"item\":\"https:\/\/www.bipea.org\/pl\/\"},{\"@type\":\"ListItem\",\"position\":2,\"name\":\"Warunki rejestracji i polityka prywatno\u015bci\"}]},{\"@type\":\"WebSite\",\"@id\":\"https:\/\/www.bipea.org\/pl\/#website\",\"url\":\"https:\/\/www.bipea.org\/pl\/\",\"name\":\"Bipea\",\"description\":\"\",\"potentialAction\":[{\"@type\":\"SearchAction\",\"target\":{\"@type\":\"EntryPoint\",\"urlTemplate\":\"https:\/\/www.bipea.org\/pl\/?s={search_term_string}\"},\"query-input\":{\"@type\":\"PropertyValueSpecification\",\"valueRequired\":true,\"valueName\":\"search_term_string\"}}],\"inLanguage\":\"pl-PL\"}]}<\/script>\n<!-- \/ Yoast SEO plugin. -->","yoast_head_json":{"title":"Warunki rejestracji i polityka prywatno\u015bci - Bipea","robots":{"index":"index","follow":"follow","max-snippet":"max-snippet:-1","max-image-preview":"max-image-preview:large","max-video-preview":"max-video-preview:-1"},"canonical":"https:\/\/www.bipea.org\/pl\/warunki-rejestracji-i-polityka-prywatnosci\/","og_locale":"pl_PL","og_type":"article","og_title":"Warunki rejestracji i polityka prywatno\u015bci - Bipea","og_url":"https:\/\/www.bipea.org\/pl\/warunki-rejestracji-i-polityka-prywatnosci\/","og_site_name":"Bipea","article_publisher":"https:\/\/www.facebook.com\/Bipea-Proficiency-Testing-Programs-1726595444310313\/","article_modified_time":"2022-10-13T14:40:19+00:00","twitter_card":"summary_large_image","twitter_site":"@BipeaP","twitter_misc":{"Szacowany czas czytania":"2 minuty"},"schema":{"@context":"https:\/\/schema.org","@graph":[{"@type":"WebPage","@id":"https:\/\/www.bipea.org\/pl\/warunki-rejestracji-i-polityka-prywatnosci\/","url":"https:\/\/www.bipea.org\/pl\/warunki-rejestracji-i-polityka-prywatnosci\/","name":"Warunki rejestracji i polityka prywatno\u015bci - Bipea","isPartOf":{"@id":"https:\/\/www.bipea.org\/pl\/#website"},"datePublished":"2017-12-24T15:57:29+00:00","dateModified":"2022-10-13T14:40:19+00:00","breadcrumb":{"@id":"https:\/\/www.bipea.org\/pl\/warunki-rejestracji-i-polityka-prywatnosci\/#breadcrumb"},"inLanguage":"pl-PL","potentialAction":[{"@type":"ReadAction","target":["https:\/\/www.bipea.org\/pl\/warunki-rejestracji-i-polityka-prywatnosci\/"]}]},{"@type":"BreadcrumbList","@id":"https:\/\/www.bipea.org\/pl\/warunki-rejestracji-i-polityka-prywatnosci\/#breadcrumb","itemListElement":[{"@type":"ListItem","position":1,"name":"Accueil","item":"https:\/\/www.bipea.org\/pl\/"},{"@type":"ListItem","position":2,"name":"Warunki rejestracji i polityka prywatno\u015bci"}]},{"@type":"WebSite","@id":"https:\/\/www.bipea.org\/pl\/#website","url":"https:\/\/www.bipea.org\/pl\/","name":"Bipea","description":"","potentialAction":[{"@type":"SearchAction","target":{"@type":"EntryPoint","urlTemplate":"https:\/\/www.bipea.org\/pl\/?s={search_term_string}"},"query-input":{"@type":"PropertyValueSpecification","valueRequired":true,"valueName":"search_term_string"}}],"inLanguage":"pl-PL"}]}},"_links":{"self":[{"href":"https:\/\/www.bipea.org\/pl\/wp-json\/wp\/v2\/pages\/15157","targetHints":{"allow":["GET"]}}],"collection":[{"href":"https:\/\/www.bipea.org\/pl\/wp-json\/wp\/v2\/pages"}],"about":[{"href":"https:\/\/www.bipea.org\/pl\/wp-json\/wp\/v2\/types\/page"}],"author":[{"embeddable":true,"href":"https:\/\/www.bipea.org\/pl\/wp-json\/wp\/v2\/users\/1"}],"replies":[{"embeddable":true,"href":"https:\/\/www.bipea.org\/pl\/wp-json\/wp\/v2\/comments?post=15157"}],"version-history":[{"count":5,"href":"https:\/\/www.bipea.org\/pl\/wp-json\/wp\/v2\/pages\/15157\/revisions"}],"predecessor-version":[{"id":18838,"href":"https:\/\/www.bipea.org\/pl\/wp-json\/wp\/v2\/pages\/15157\/revisions\/18838"}],"wp:attachment":[{"href":"https:\/\/www.bipea.org\/pl\/wp-json\/wp\/v2\/media?parent=15157"}],"curies":[{"name":"wp","href":"https:\/\/api.w.org\/{rel}","templated":true}]}}