{"id":15149,"date":"2017-12-30T17:28:52","date_gmt":"2017-12-30T16:28:52","guid":{"rendered":"https:\/\/www.bipea.org\/comparaisons-interlaboratoires\/"},"modified":"2022-10-13T16:37:52","modified_gmt":"2022-10-13T14:37:52","slug":"badania-bieglosci","status":"publish","type":"page","link":"https:\/\/www.bipea.org\/pl\/badania-bieglosci\/","title":{"rendered":"Badania bieg\u0142o\u015bci"},"content":{"rendered":"<p><div class=\"fusion-fullwidth fullwidth-box fusion-builder-row-1 back_box nonhundred-percent-fullwidth non-hundred-percent-height-scrolling\" style=\"--awb-border-radius-top-left:0px;--awb-border-radius-top-right:0px;--awb-border-radius-bottom-right:0px;--awb-border-radius-bottom-left:0px;--awb-flex-wrap:wrap;\" ><div class=\"fusion-builder-row fusion-row\"><div class=\"fusion-layout-column fusion_builder_column fusion-builder-column-0 fusion_builder_column_5_6 5_6 fusion-five-sixth fusion-column-first\" style=\"--awb-bg-size:cover;width:83.333333333333%;width:calc(83.333333333333% - ( ( 4% ) * 0.83333333333333 ) );margin-right: 4%;\"><div class=\"fusion-column-wrapper fusion-flex-column-wrapper-legacy\"><div class=\"fusion-clearfix\"><\/div><\/div><\/div><div class=\"fusion-layout-column fusion_builder_column fusion-builder-column-1 fusion_builder_column_1_6 1_6 fusion-one-sixth fusion-column-last\" style=\"--awb-bg-size:cover;width:16.666666666667%;width:calc(16.666666666667% - ( ( 4% ) * 0.16666666666667 ) );\"><div class=\"fusion-column-wrapper fusion-flex-column-wrapper-legacy\"><div class=\"fusion-text fusion-text-1\"><p><a href=\"https:\/\/www.bipea.org\/pl\/badania-bieglosci-pts\/\">Powr\u00f3t do listy bada\u0144 bieg\u0142o\u015bci<\/a><\/p>\n<\/div><div class=\"fusion-clearfix\"><\/div><\/div><\/div><\/div><\/div><div class=\"fusion-fullwidth fullwidth-box fusion-builder-row-2 nonhundred-percent-fullwidth non-hundred-percent-height-scrolling\" style=\"--awb-border-radius-top-left:0px;--awb-border-radius-top-right:0px;--awb-border-radius-bottom-right:0px;--awb-border-radius-bottom-left:0px;--awb-flex-wrap:wrap;\" ><div class=\"fusion-builder-row fusion-row\"><div class=\"fusion-layout-column fusion_builder_column fusion-builder-column-2 fusion_builder_column_1_1 1_1 fusion-one-full fusion-column-first fusion-column-last\" style=\"--awb-bg-size:cover;--awb-margin-bottom:0px;\"><div class=\"fusion-column-wrapper fusion-flex-column-wrapper-legacy\"><div class=\"fusion-text fusion-text-2\"><p class=\"font_8\" style=\"text-align: justify;\"><strong><span style=\"color: #0076b3; font-size: 14pt;\">CZYM S\u0104 BADANIA BIEG\u0141O\u015aCI?<\/span><\/strong><\/p>\n<p class=\"font_8\" style=\"text-align: justify;\"><span style=\"font-size: 14pt;\">Por\u00f3wnania mi\u0119dzylaboratoryjne (CIL) obejmuj\u0105 organizacj\u0119, realizacj\u0119 oraz ocen\u0119 pomiar\u00f3w lub test\u00f3w przeprowadzonych na tej samej lub podobnej pr\u00f3bce przez kilka laboratori\u00f3w, wed\u0142ug okre\u015blonych uprzednio zasad.<\/span><\/p>\n<p class=\"font_8\" style=\"text-align: justify;\"><span class=\"wixGuard\" style=\"font-size: 14pt;\">\u200b<\/span><\/p>\n<p class=\"font_8\" style=\"text-align: justify;\"><span class=\"wixGuard\" style=\"font-size: 14pt;\">\u200b<\/span><\/p>\n<p class=\"font_8\" style=\"text-align: justify;\"><strong><span style=\"color: #0076b3; font-size: 14pt;\">JAKI JEST CEL BADANIA BIEG\u0141O\u015aCI?<\/span><\/strong><\/p>\n<p class=\"font_8\" style=\"text-align: justify;\"><span class=\"wixGuard\" style=\"font-size: 14pt;\">\u200b<\/span><\/p>\n<p class=\"font_8\" style=\"text-align: justify;\"><span style=\"font-size: 14pt;\">Por\u00f3wnania mi\u0119dzylaboratoryjne maj\u0105 na celu pom\u00f3c w ocenie:<\/span><\/p>\n<ul>\n<li><span style=\"font-size: 14pt;\">Kompetencji laboratori\u00f3w (norma ISO\/IEC 17043),<\/span><\/li>\n<li><span style=\"font-size: 14pt;\">Charakteryzowania materia\u0142\u00f3w (ISO\/IEC Guide 35),<\/span><\/li>\n<li><span style=\"font-size: 14pt;\">Dok\u0142adno\u015bci metod pomiarowych (norma ISO 5725).<\/span><\/li>\n<\/ul>\n<p class=\"font_8\" style=\"text-align: justify;\"><span style=\"font-size: 14pt;\">Regularne programy organizowane przez BIPEA s\u0105 badaniami bieg\u0142o\u015bci maj\u0105cymi na celu <strong>ocen\u0119 kompetencji uczestnicz\u0105cych laboratori\u00f3w<\/strong><span style=\"font-weight: bold;\">.<\/span><\/span><\/p>\n<p><span style=\"font-size: 14pt;\">Por\u00f3wnania mi\u0119dzylaboratoryjne (CIL) pozwalaj\u0105 na por\u00f3wnanie wynik\u00f3w grupy laboratori\u00f3w, w celu oceny rzetelno\u015b\u0107 bada\u0144 analitycznych wykonanych na tej samej, jednorodnej pr\u00f3bce.<\/span><\/p>\n<p class=\"font_8\" style=\"text-align: justify;\"><span style=\"font-size: 14pt;\">Mi\u0119dzylaboratoryjne badania bieg\u0142o\u015bci, zorganizowane wed\u0142ug normy ISO\/CEI 17043: \u201cOg\u00f3lne wymagania dotycz\u0105ce badania bieg\u0142o\u015bci\u201d, stanowi\u0105 istotny element polityki jako\u015bci laboratorium.<\/span><\/p>\n<p class=\"font_8\" style=\"text-align: justify;\"><span style=\"font-size: 14pt;\">Nasze badania bieg\u0142o\u015bci gwarantuj\u0105:<\/span><\/p>\n<ul>\n<li><span style=\"font-size: 14pt;\"><strong>Niezale\u017cno\u015b\u0107 organizatora,<\/strong><\/span><\/li>\n<li><span style=\"font-size: 14pt;\"><strong>Anonimowo\u015b\u0107 laboratori\u00f3w,<\/strong><\/span><\/li>\n<li><span style=\"font-size: 14pt;\"><strong>Regularne monitorowanie kompetencji,<\/strong><\/span><\/li>\n<li><span style=\"font-size: 14pt;\"><strong>R\u00f3\u017cnorodno\u015b\u0107 matryc,<\/strong><\/span><\/li>\n<li><span style=\"font-size: 14pt;\"><strong>Szybk\u0105 publikacj\u0119 raportu,<\/strong><\/span><\/li>\n<li><span style=\"font-size: 14pt;\"><strong>Dok\u0142adno\u015b\u0107 warto\u015bci przypisanej,<\/strong><\/span><\/li>\n<li><span style=\"font-size: 14pt;\"><strong>Mi\u0119dzynarodowy zasi\u0119g<\/strong>.<\/span><\/li>\n<\/ul>\n<\/div><div class=\"fusion-clearfix\"><\/div><\/div><\/div><\/div><\/div><\/p>\n","protected":false},"excerpt":{"rendered":"","protected":false},"author":1,"featured_media":0,"parent":0,"menu_order":0,"comment_status":"closed","ping_status":"closed","template":"","meta":{"footnotes":""},"class_list":["post-15149","page","type-page","status-publish","hentry"],"yoast_head":"<!-- This site is optimized with the Yoast SEO plugin v27.0 - https:\/\/yoast.com\/product\/yoast-seo-wordpress\/ -->\n<title>Badania bieg\u0142o\u015bci - Bipea<\/title>\n<meta name=\"robots\" content=\"index, follow, max-snippet:-1, max-image-preview:large, max-video-preview:-1\" \/>\n<link rel=\"canonical\" href=\"https:\/\/www.bipea.org\/pl\/badania-bieglosci\/\" \/>\n<meta property=\"og:locale\" content=\"pl_PL\" \/>\n<meta property=\"og:type\" content=\"article\" \/>\n<meta property=\"og:title\" content=\"Badania bieg\u0142o\u015bci - Bipea\" \/>\n<meta property=\"og:url\" content=\"https:\/\/www.bipea.org\/pl\/badania-bieglosci\/\" \/>\n<meta property=\"og:site_name\" content=\"Bipea\" \/>\n<meta property=\"article:publisher\" content=\"https:\/\/www.facebook.com\/Bipea-Proficiency-Testing-Programs-1726595444310313\/\" \/>\n<meta property=\"article:modified_time\" content=\"2022-10-13T14:37:52+00:00\" \/>\n<meta name=\"twitter:card\" content=\"summary_large_image\" \/>\n<meta name=\"twitter:site\" content=\"@BipeaP\" \/>\n<meta name=\"twitter:label1\" content=\"Szacowany czas czytania\" \/>\n\t<meta name=\"twitter:data1\" content=\"2 minuty\" \/>\n<script type=\"application\/ld+json\" class=\"yoast-schema-graph\">{\"@context\":\"https:\/\/schema.org\",\"@graph\":[{\"@type\":\"WebPage\",\"@id\":\"https:\/\/www.bipea.org\/pl\/badania-bieglosci\/\",\"url\":\"https:\/\/www.bipea.org\/pl\/badania-bieglosci\/\",\"name\":\"Badania bieg\u0142o\u015bci - Bipea\",\"isPartOf\":{\"@id\":\"https:\/\/www.bipea.org\/pl\/#website\"},\"datePublished\":\"2017-12-30T16:28:52+00:00\",\"dateModified\":\"2022-10-13T14:37:52+00:00\",\"breadcrumb\":{\"@id\":\"https:\/\/www.bipea.org\/pl\/badania-bieglosci\/#breadcrumb\"},\"inLanguage\":\"pl-PL\",\"potentialAction\":[{\"@type\":\"ReadAction\",\"target\":[\"https:\/\/www.bipea.org\/pl\/badania-bieglosci\/\"]}]},{\"@type\":\"BreadcrumbList\",\"@id\":\"https:\/\/www.bipea.org\/pl\/badania-bieglosci\/#breadcrumb\",\"itemListElement\":[{\"@type\":\"ListItem\",\"position\":1,\"name\":\"Accueil\",\"item\":\"https:\/\/www.bipea.org\/pl\/\"},{\"@type\":\"ListItem\",\"position\":2,\"name\":\"Badania bieg\u0142o\u015bci\"}]},{\"@type\":\"WebSite\",\"@id\":\"https:\/\/www.bipea.org\/pl\/#website\",\"url\":\"https:\/\/www.bipea.org\/pl\/\",\"name\":\"Bipea\",\"description\":\"\",\"potentialAction\":[{\"@type\":\"SearchAction\",\"target\":{\"@type\":\"EntryPoint\",\"urlTemplate\":\"https:\/\/www.bipea.org\/pl\/?s={search_term_string}\"},\"query-input\":{\"@type\":\"PropertyValueSpecification\",\"valueRequired\":true,\"valueName\":\"search_term_string\"}}],\"inLanguage\":\"pl-PL\"}]}<\/script>\n<!-- \/ Yoast SEO plugin. -->","yoast_head_json":{"title":"Badania bieg\u0142o\u015bci - Bipea","robots":{"index":"index","follow":"follow","max-snippet":"max-snippet:-1","max-image-preview":"max-image-preview:large","max-video-preview":"max-video-preview:-1"},"canonical":"https:\/\/www.bipea.org\/pl\/badania-bieglosci\/","og_locale":"pl_PL","og_type":"article","og_title":"Badania bieg\u0142o\u015bci - Bipea","og_url":"https:\/\/www.bipea.org\/pl\/badania-bieglosci\/","og_site_name":"Bipea","article_publisher":"https:\/\/www.facebook.com\/Bipea-Proficiency-Testing-Programs-1726595444310313\/","article_modified_time":"2022-10-13T14:37:52+00:00","twitter_card":"summary_large_image","twitter_site":"@BipeaP","twitter_misc":{"Szacowany czas czytania":"2 minuty"},"schema":{"@context":"https:\/\/schema.org","@graph":[{"@type":"WebPage","@id":"https:\/\/www.bipea.org\/pl\/badania-bieglosci\/","url":"https:\/\/www.bipea.org\/pl\/badania-bieglosci\/","name":"Badania bieg\u0142o\u015bci - Bipea","isPartOf":{"@id":"https:\/\/www.bipea.org\/pl\/#website"},"datePublished":"2017-12-30T16:28:52+00:00","dateModified":"2022-10-13T14:37:52+00:00","breadcrumb":{"@id":"https:\/\/www.bipea.org\/pl\/badania-bieglosci\/#breadcrumb"},"inLanguage":"pl-PL","potentialAction":[{"@type":"ReadAction","target":["https:\/\/www.bipea.org\/pl\/badania-bieglosci\/"]}]},{"@type":"BreadcrumbList","@id":"https:\/\/www.bipea.org\/pl\/badania-bieglosci\/#breadcrumb","itemListElement":[{"@type":"ListItem","position":1,"name":"Accueil","item":"https:\/\/www.bipea.org\/pl\/"},{"@type":"ListItem","position":2,"name":"Badania bieg\u0142o\u015bci"}]},{"@type":"WebSite","@id":"https:\/\/www.bipea.org\/pl\/#website","url":"https:\/\/www.bipea.org\/pl\/","name":"Bipea","description":"","potentialAction":[{"@type":"SearchAction","target":{"@type":"EntryPoint","urlTemplate":"https:\/\/www.bipea.org\/pl\/?s={search_term_string}"},"query-input":{"@type":"PropertyValueSpecification","valueRequired":true,"valueName":"search_term_string"}}],"inLanguage":"pl-PL"}]}},"_links":{"self":[{"href":"https:\/\/www.bipea.org\/pl\/wp-json\/wp\/v2\/pages\/15149","targetHints":{"allow":["GET"]}}],"collection":[{"href":"https:\/\/www.bipea.org\/pl\/wp-json\/wp\/v2\/pages"}],"about":[{"href":"https:\/\/www.bipea.org\/pl\/wp-json\/wp\/v2\/types\/page"}],"author":[{"embeddable":true,"href":"https:\/\/www.bipea.org\/pl\/wp-json\/wp\/v2\/users\/1"}],"replies":[{"embeddable":true,"href":"https:\/\/www.bipea.org\/pl\/wp-json\/wp\/v2\/comments?post=15149"}],"version-history":[{"count":4,"href":"https:\/\/www.bipea.org\/pl\/wp-json\/wp\/v2\/pages\/15149\/revisions"}],"predecessor-version":[{"id":18835,"href":"https:\/\/www.bipea.org\/pl\/wp-json\/wp\/v2\/pages\/15149\/revisions\/18835"}],"wp:attachment":[{"href":"https:\/\/www.bipea.org\/pl\/wp-json\/wp\/v2\/media?parent=15149"}],"curies":[{"name":"wp","href":"https:\/\/api.w.org\/{rel}","templated":true}]}}