{"id":15138,"date":"2017-12-30T17:33:39","date_gmt":"2017-12-30T16:33:39","guid":{"rendered":"https:\/\/www.bipea.org\/bipea-en-chiffres\/"},"modified":"2022-10-13T15:19:39","modified_gmt":"2022-10-13T13:19:39","slug":"o-nas","status":"publish","type":"page","link":"https:\/\/www.bipea.org\/pl\/o-nas\/","title":{"rendered":"O nas"},"content":{"rendered":"<ul class=\"font_8 color_14\">\n<li>\n<p class=\"font_8\"><span class=\"color_14\" style=\"font-size: 14pt;\">Ponad <strong>50 lat do\u015bwiadczenia<\/strong>,<\/span><\/p>\n<\/li>\n<li>\n<p class=\"font_8\"><span class=\"color_14\" style=\"font-size: 14pt;\">Ponad <strong>4000 uczestnicz\u0105cych laboratori\u00f3w<\/strong> z ponad 130 pa\u0144stw,<\/span><\/p>\n<\/li>\n<li>\n<p class=\"font_8\"><span class=\"color_14\" style=\"font-size: 14pt;\">Ponad <strong>220 regularnych bada\u0144 bieg\u0142o\u015bci<\/strong>,<\/span><\/p>\n<\/li>\n<li>\n<p class=\"font_8\"><span style=\"font-size: 14pt;\">Ponad <strong>150 000 pr\u00f3bek przygotowanych <\/strong>i wys\u0142anych ka\u017cdego roku<\/span><\/p>\n<\/li>\n<li>\n<p class=\"font_8\"><span class=\"color_14\" style=\"font-size: 14pt;\">Ponad <strong>60\u00a0000 danych<\/strong> analizowanych ka\u017cdego roku,<\/span><\/p>\n<\/li>\n<li>\n<p class=\"font_8\"><span class=\"color_14\" style=\"font-size: 14pt;\">Ponad <strong>1000 raport\u00f3w<\/strong> statystycznych publikowanych ka\u017cdego roku,<\/span><\/p>\n<\/li>\n<li>\n<p class=\"font_8\"><span class=\"color_14\" style=\"font-size: 14pt;\">Ekipa licz\u0105ca<strong> 30 os\u00f3b<\/strong>.<\/span><\/p>\n<\/li>\n<\/ul>\n","protected":false},"excerpt":{"rendered":"<p>Ponad 50 lat do\u015bwiadczenia, Ponad 4000 uczestnicz\u0105cych laboratori\u00f3w z ponad 130 pa\u0144stw, Ponad 220 regularnych bada\u0144 bieg\u0142o\u015bci, Ponad 150 000 pr\u00f3bek przygotowanych i wys\u0142anych ka\u017cdego roku Ponad 60\u00a0000 danych analizowanych ka\u017cdego roku, Ponad 1000 raport\u00f3w statystycznych publikowanych ka\u017cdego roku, Ekipa licz\u0105ca 30 os\u00f3b.<\/p>\n","protected":false},"author":1,"featured_media":0,"parent":0,"menu_order":0,"comment_status":"closed","ping_status":"closed","template":"","meta":{"footnotes":""},"class_list":["post-15138","page","type-page","status-publish","hentry"],"yoast_head":"<!-- This site is optimized with the Yoast SEO plugin v27.0 - https:\/\/yoast.com\/product\/yoast-seo-wordpress\/ -->\n<title>O nas - Bipea<\/title>\n<meta name=\"robots\" content=\"index, follow, max-snippet:-1, max-image-preview:large, max-video-preview:-1\" \/>\n<link rel=\"canonical\" href=\"https:\/\/www.bipea.org\/pl\/o-nas\/\" \/>\n<meta property=\"og:locale\" content=\"pl_PL\" \/>\n<meta property=\"og:type\" content=\"article\" \/>\n<meta property=\"og:title\" content=\"O nas - Bipea\" \/>\n<meta property=\"og:description\" content=\"Ponad 50 lat do\u015bwiadczenia, Ponad 4000 uczestnicz\u0105cych laboratori\u00f3w z ponad 130 pa\u0144stw, Ponad 220 regularnych bada\u0144 bieg\u0142o\u015bci, Ponad 150 000 pr\u00f3bek przygotowanych i wys\u0142anych ka\u017cdego roku Ponad 60\u00a0000 danych analizowanych ka\u017cdego roku, Ponad 1000 raport\u00f3w statystycznych publikowanych ka\u017cdego roku, Ekipa licz\u0105ca 30 os\u00f3b.\" \/>\n<meta property=\"og:url\" content=\"https:\/\/www.bipea.org\/pl\/o-nas\/\" \/>\n<meta property=\"og:site_name\" content=\"Bipea\" \/>\n<meta property=\"article:publisher\" content=\"https:\/\/www.facebook.com\/Bipea-Proficiency-Testing-Programs-1726595444310313\/\" \/>\n<meta property=\"article:modified_time\" content=\"2022-10-13T13:19:39+00:00\" \/>\n<meta name=\"twitter:card\" content=\"summary_large_image\" \/>\n<meta name=\"twitter:site\" content=\"@BipeaP\" \/>\n<meta name=\"twitter:label1\" content=\"Szacowany czas czytania\" \/>\n\t<meta name=\"twitter:data1\" content=\"1 minuta\" \/>\n<script type=\"application\/ld+json\" class=\"yoast-schema-graph\">{\"@context\":\"https:\/\/schema.org\",\"@graph\":[{\"@type\":\"WebPage\",\"@id\":\"https:\/\/www.bipea.org\/pl\/o-nas\/\",\"url\":\"https:\/\/www.bipea.org\/pl\/o-nas\/\",\"name\":\"O nas - Bipea\",\"isPartOf\":{\"@id\":\"https:\/\/www.bipea.org\/pl\/#website\"},\"datePublished\":\"2017-12-30T16:33:39+00:00\",\"dateModified\":\"2022-10-13T13:19:39+00:00\",\"breadcrumb\":{\"@id\":\"https:\/\/www.bipea.org\/pl\/o-nas\/#breadcrumb\"},\"inLanguage\":\"pl-PL\",\"potentialAction\":[{\"@type\":\"ReadAction\",\"target\":[\"https:\/\/www.bipea.org\/pl\/o-nas\/\"]}]},{\"@type\":\"BreadcrumbList\",\"@id\":\"https:\/\/www.bipea.org\/pl\/o-nas\/#breadcrumb\",\"itemListElement\":[{\"@type\":\"ListItem\",\"position\":1,\"name\":\"Accueil\",\"item\":\"https:\/\/www.bipea.org\/pl\/\"},{\"@type\":\"ListItem\",\"position\":2,\"name\":\"O nas\"}]},{\"@type\":\"WebSite\",\"@id\":\"https:\/\/www.bipea.org\/pl\/#website\",\"url\":\"https:\/\/www.bipea.org\/pl\/\",\"name\":\"Bipea\",\"description\":\"\",\"potentialAction\":[{\"@type\":\"SearchAction\",\"target\":{\"@type\":\"EntryPoint\",\"urlTemplate\":\"https:\/\/www.bipea.org\/pl\/?s={search_term_string}\"},\"query-input\":{\"@type\":\"PropertyValueSpecification\",\"valueRequired\":true,\"valueName\":\"search_term_string\"}}],\"inLanguage\":\"pl-PL\"}]}<\/script>\n<!-- \/ Yoast SEO plugin. -->","yoast_head_json":{"title":"O nas - Bipea","robots":{"index":"index","follow":"follow","max-snippet":"max-snippet:-1","max-image-preview":"max-image-preview:large","max-video-preview":"max-video-preview:-1"},"canonical":"https:\/\/www.bipea.org\/pl\/o-nas\/","og_locale":"pl_PL","og_type":"article","og_title":"O nas - Bipea","og_description":"Ponad 50 lat do\u015bwiadczenia, Ponad 4000 uczestnicz\u0105cych laboratori\u00f3w z ponad 130 pa\u0144stw, Ponad 220 regularnych bada\u0144 bieg\u0142o\u015bci, Ponad 150 000 pr\u00f3bek przygotowanych i wys\u0142anych ka\u017cdego roku Ponad 60\u00a0000 danych analizowanych ka\u017cdego roku, Ponad 1000 raport\u00f3w statystycznych publikowanych ka\u017cdego roku, Ekipa licz\u0105ca 30 os\u00f3b.","og_url":"https:\/\/www.bipea.org\/pl\/o-nas\/","og_site_name":"Bipea","article_publisher":"https:\/\/www.facebook.com\/Bipea-Proficiency-Testing-Programs-1726595444310313\/","article_modified_time":"2022-10-13T13:19:39+00:00","twitter_card":"summary_large_image","twitter_site":"@BipeaP","twitter_misc":{"Szacowany czas czytania":"1 minuta"},"schema":{"@context":"https:\/\/schema.org","@graph":[{"@type":"WebPage","@id":"https:\/\/www.bipea.org\/pl\/o-nas\/","url":"https:\/\/www.bipea.org\/pl\/o-nas\/","name":"O nas - Bipea","isPartOf":{"@id":"https:\/\/www.bipea.org\/pl\/#website"},"datePublished":"2017-12-30T16:33:39+00:00","dateModified":"2022-10-13T13:19:39+00:00","breadcrumb":{"@id":"https:\/\/www.bipea.org\/pl\/o-nas\/#breadcrumb"},"inLanguage":"pl-PL","potentialAction":[{"@type":"ReadAction","target":["https:\/\/www.bipea.org\/pl\/o-nas\/"]}]},{"@type":"BreadcrumbList","@id":"https:\/\/www.bipea.org\/pl\/o-nas\/#breadcrumb","itemListElement":[{"@type":"ListItem","position":1,"name":"Accueil","item":"https:\/\/www.bipea.org\/pl\/"},{"@type":"ListItem","position":2,"name":"O nas"}]},{"@type":"WebSite","@id":"https:\/\/www.bipea.org\/pl\/#website","url":"https:\/\/www.bipea.org\/pl\/","name":"Bipea","description":"","potentialAction":[{"@type":"SearchAction","target":{"@type":"EntryPoint","urlTemplate":"https:\/\/www.bipea.org\/pl\/?s={search_term_string}"},"query-input":{"@type":"PropertyValueSpecification","valueRequired":true,"valueName":"search_term_string"}}],"inLanguage":"pl-PL"}]}},"_links":{"self":[{"href":"https:\/\/www.bipea.org\/pl\/wp-json\/wp\/v2\/pages\/15138","targetHints":{"allow":["GET"]}}],"collection":[{"href":"https:\/\/www.bipea.org\/pl\/wp-json\/wp\/v2\/pages"}],"about":[{"href":"https:\/\/www.bipea.org\/pl\/wp-json\/wp\/v2\/types\/page"}],"author":[{"embeddable":true,"href":"https:\/\/www.bipea.org\/pl\/wp-json\/wp\/v2\/users\/1"}],"replies":[{"embeddable":true,"href":"https:\/\/www.bipea.org\/pl\/wp-json\/wp\/v2\/comments?post=15138"}],"version-history":[{"count":6,"href":"https:\/\/www.bipea.org\/pl\/wp-json\/wp\/v2\/pages\/15138\/revisions"}],"predecessor-version":[{"id":18798,"href":"https:\/\/www.bipea.org\/pl\/wp-json\/wp\/v2\/pages\/15138\/revisions\/18798"}],"wp:attachment":[{"href":"https:\/\/www.bipea.org\/pl\/wp-json\/wp\/v2\/media?parent=15138"}],"curies":[{"name":"wp","href":"https:\/\/api.w.org\/{rel}","templated":true}]}}