{"id":15156,"date":"2017-12-24T16:57:29","date_gmt":"2017-12-24T15:57:29","guid":{"rendered":"https:\/\/www.bipea.org\/conditions-dinscription-et-confidentialite\/"},"modified":"2022-10-13T16:36:36","modified_gmt":"2022-10-13T14:36:36","slug":"condizioni-di-registrazione-e-confidenzialita","status":"publish","type":"page","link":"https:\/\/www.bipea.org\/it\/condizioni-di-registrazione-e-confidenzialita\/","title":{"rendered":"Condizioni di registrazione e confidenzialita\u2019"},"content":{"rendered":"<p><div class=\"fusion-fullwidth fullwidth-box fusion-builder-row-1 back_box nonhundred-percent-fullwidth non-hundred-percent-height-scrolling\" style=\"--awb-border-radius-top-left:0px;--awb-border-radius-top-right:0px;--awb-border-radius-bottom-right:0px;--awb-border-radius-bottom-left:0px;--awb-flex-wrap:wrap;\" ><div class=\"fusion-builder-row fusion-row\"><div class=\"fusion-layout-column fusion_builder_column fusion-builder-column-0 fusion_builder_column_5_6 5_6 fusion-five-sixth fusion-column-first\" style=\"--awb-bg-size:cover;width:83.333333333333%;width:calc(83.333333333333% - ( ( 4% ) * 0.83333333333333 ) );margin-right: 4%;\"><div class=\"fusion-column-wrapper fusion-flex-column-wrapper-legacy\"><div class=\"fusion-clearfix\"><\/div><\/div><\/div><div class=\"fusion-layout-column fusion_builder_column fusion-builder-column-1 fusion_builder_column_1_6 1_6 fusion-one-sixth fusion-column-last\" style=\"--awb-bg-size:cover;width:16.666666666667%;width:calc(16.666666666667% - ( ( 4% ) * 0.16666666666667 ) );\"><div class=\"fusion-column-wrapper fusion-flex-column-wrapper-legacy\"><div class=\"fusion-text fusion-text-1\"><p><a href=\"https:\/\/www.bipea.org\/it\/programma-delle-prove-interlaboratorio\/\">Torna alla lista degli schemi delle prove valutative<\/a><\/p>\n<\/div><div class=\"fusion-clearfix\"><\/div><\/div><\/div><\/div><\/div><div class=\"fusion-fullwidth fullwidth-box fusion-builder-row-2 nonhundred-percent-fullwidth non-hundred-percent-height-scrolling\" style=\"--awb-border-radius-top-left:0px;--awb-border-radius-top-right:0px;--awb-border-radius-bottom-right:0px;--awb-border-radius-bottom-left:0px;--awb-flex-wrap:wrap;\" ><div class=\"fusion-builder-row fusion-row\"><div class=\"fusion-layout-column fusion_builder_column fusion-builder-column-2 fusion_builder_column_1_1 1_1 fusion-one-full fusion-column-first fusion-column-last\" style=\"--awb-bg-size:cover;--awb-margin-bottom:0px;\"><div class=\"fusion-column-wrapper fusion-flex-column-wrapper-legacy\"><div class=\"fusion-text fusion-text-2\"><p class=\"font_8\" style=\"text-align: justify;\"><span style=\"color: #0076b3; font-size: 14pt;\"><strong>CONDIZIONI PER I MEMBRI ASSOCIATI<\/strong> <\/span><\/p>\n<p class=\"font_8\" style=\"text-align: justify;\"><span class=\"wixGuard\" style=\"font-size: 14pt;\">\u200b<\/span><\/p>\n<p class=\"font_8\" style=\"text-align: justify;\"><span style=\"font-size: 14pt;\">I laboratori possono iscriversi ad uno o pi\u00f9 schemi BIPEA a partire dal primo test della serie o in qualsiasi altro momento dell\u2019anno.<\/span><br \/>\n<span style=\"font-size: 14pt;\">Non vi \u00e8 la possibilit\u00e0 di partecipare ad un solo test all\u2019interno di un programma definito, ad eccezione dei test organizzati per l\u2019analisi dei pesticidi. I laboratori ricevono tutti i campioni dello schema annuale a cui sono iscritti a partire dalla data di registrazione.<\/span><\/p>\n<p class=\"font_8\" style=\"text-align: justify;\"><span style=\"font-size: 14pt;\">Per partecipare ai nostri schemi o beneficiare di materiali di riferimento i laboratori devono essere membri associati della nostra organizzazione.<\/span><\/p>\n<p><span style=\"font-size: 14pt;\">Una quota annuale \u00e8 richiesta a ciascun partecipante per coprire i costi amministrativi.<\/span><\/p>\n<p><span style=\"font-size: 14pt;\">Oltre alla quota annuale, il laboratorio sar\u00e0 invitato a pagare lo schema a cui partecipa e i campioni di materiale di riferimento richiesti<\/span><\/p>\n<p class=\"font_8\" style=\"text-align: justify;\"><span class=\"wixGuard\" style=\"font-size: 14pt;\">\u200b<\/span><\/p>\n<p>&nbsp;<\/p>\n<p class=\"font_8\" style=\"text-align: justify;\"><strong><span style=\"color: #0076b3; font-size: 14pt;\">CONFIDENZIALITA\u2019 DEI DATI<\/span><\/strong><\/p>\n<p class=\"font_8\" style=\"text-align: justify;\"><span class=\"wixGuard\" style=\"font-size: 14pt;\">\u200b<\/span><\/p>\n<p><span style=\"font-size: 14pt;\">Bipea garantisce l\u2019anonimato dei partecipanti agli schemi interlaboratorio e i risultati dei laboratori rimangono strettamente confidenziali.<\/span><\/p>\n<p class=\"font_8\" style=\"text-align: justify;\"><span style=\"font-size: 14pt;\">Per questo ad ogni laboratorio \u00e8 associato un codice personale. La confidenzialit\u00e0 dei dati \u00e8 assicurata a differenti livelli :<\/span><\/p>\n<ul class=\"font_8\" style=\"text-align: justify;\">\n<li>\n<p class=\"font_8\"><span style=\"font-size: 14pt;\"><strong>Informazioni amministrative<\/strong>: tutte le informazioni amministrative fornite dai laboratori sono confidenziali e non possono essere divulgate per nessun motivo.<\/span><\/p>\n<\/li>\n<\/ul>\n<ul class=\"font_8\" style=\"text-align: justify;\">\n<li>\n<p class=\"font_8\"><span style=\"font-size: 14pt;\"><strong>Iscrizione del laboratorio<\/strong>: un codice a 5 cifre \u00e8 assegnato a ciascun laboratorio al momento della sua iscrizione. Questo codice ha una validit\u00e0 indeterminata e viene richiesto per ogni comunicazione.<\/span><\/p>\n<\/li>\n<\/ul>\n<ul class=\"font_8\" style=\"text-align: justify;\">\n<li>\n<p class=\"font_8\"><span style=\"font-size: 14pt;\"><strong>Inserimento dei risultati <\/strong>nel formulario web: I laboratori iscritti ai programmi BIPEA beneficiano di molteplici codici confidenziali. Questi codici permettono l\u2019inserimento dei risultati nel formulario on line, di validarli da un responsabile e di identificarsi nel report statistico di prove interlaboratorio. Questo ultimo codice viene modificato ad ogni nuova campagna di test ed \u00e8 consultabile nel vostro spazio aderente (member area) utilizzando le password inviate da BIPEA. Questi dati non possono essere comunicati par email o per telefono.<\/span><\/p>\n<\/li>\n<\/ul>\n<\/div><div class=\"fusion-clearfix\"><\/div><\/div><\/div><\/div><\/div><\/p>\n","protected":false},"excerpt":{"rendered":"","protected":false},"author":1,"featured_media":0,"parent":0,"menu_order":0,"comment_status":"closed","ping_status":"closed","template":"","meta":{"footnotes":""},"class_list":["post-15156","page","type-page","status-publish","hentry"],"yoast_head":"<!-- This site is optimized with the Yoast SEO plugin v27.0 - https:\/\/yoast.com\/product\/yoast-seo-wordpress\/ -->\n<title>Condizioni di registrazione e confidenzialita\u2019 - Bipea<\/title>\n<meta name=\"robots\" content=\"index, follow, max-snippet:-1, max-image-preview:large, max-video-preview:-1\" \/>\n<link rel=\"canonical\" href=\"https:\/\/www.bipea.org\/it\/condizioni-di-registrazione-e-confidenzialita\/\" \/>\n<meta property=\"og:locale\" content=\"it_IT\" \/>\n<meta property=\"og:type\" content=\"article\" \/>\n<meta property=\"og:title\" content=\"Condizioni di registrazione e confidenzialita\u2019 - Bipea\" \/>\n<meta property=\"og:url\" content=\"https:\/\/www.bipea.org\/it\/condizioni-di-registrazione-e-confidenzialita\/\" \/>\n<meta property=\"og:site_name\" content=\"Bipea\" \/>\n<meta property=\"article:publisher\" content=\"https:\/\/www.facebook.com\/Bipea-Proficiency-Testing-Programs-1726595444310313\/\" \/>\n<meta property=\"article:modified_time\" content=\"2022-10-13T14:36:36+00:00\" \/>\n<meta name=\"twitter:card\" content=\"summary_large_image\" \/>\n<meta name=\"twitter:site\" content=\"@BipeaP\" \/>\n<meta name=\"twitter:label1\" content=\"Tempo di lettura stimato\" \/>\n\t<meta name=\"twitter:data1\" content=\"3 minuti\" \/>\n<script type=\"application\/ld+json\" class=\"yoast-schema-graph\">{\"@context\":\"https:\/\/schema.org\",\"@graph\":[{\"@type\":\"WebPage\",\"@id\":\"https:\/\/www.bipea.org\/it\/condizioni-di-registrazione-e-confidenzialita\/\",\"url\":\"https:\/\/www.bipea.org\/it\/condizioni-di-registrazione-e-confidenzialita\/\",\"name\":\"Condizioni di registrazione e confidenzialita\u2019 - Bipea\",\"isPartOf\":{\"@id\":\"https:\/\/www.bipea.org\/it\/#website\"},\"datePublished\":\"2017-12-24T15:57:29+00:00\",\"dateModified\":\"2022-10-13T14:36:36+00:00\",\"breadcrumb\":{\"@id\":\"https:\/\/www.bipea.org\/it\/condizioni-di-registrazione-e-confidenzialita\/#breadcrumb\"},\"inLanguage\":\"it-IT\",\"potentialAction\":[{\"@type\":\"ReadAction\",\"target\":[\"https:\/\/www.bipea.org\/it\/condizioni-di-registrazione-e-confidenzialita\/\"]}]},{\"@type\":\"BreadcrumbList\",\"@id\":\"https:\/\/www.bipea.org\/it\/condizioni-di-registrazione-e-confidenzialita\/#breadcrumb\",\"itemListElement\":[{\"@type\":\"ListItem\",\"position\":1,\"name\":\"Accueil\",\"item\":\"https:\/\/www.bipea.org\/it\/\"},{\"@type\":\"ListItem\",\"position\":2,\"name\":\"Condizioni di registrazione e confidenzialita\u2019\"}]},{\"@type\":\"WebSite\",\"@id\":\"https:\/\/www.bipea.org\/it\/#website\",\"url\":\"https:\/\/www.bipea.org\/it\/\",\"name\":\"Bipea\",\"description\":\"\",\"potentialAction\":[{\"@type\":\"SearchAction\",\"target\":{\"@type\":\"EntryPoint\",\"urlTemplate\":\"https:\/\/www.bipea.org\/it\/?s={search_term_string}\"},\"query-input\":{\"@type\":\"PropertyValueSpecification\",\"valueRequired\":true,\"valueName\":\"search_term_string\"}}],\"inLanguage\":\"it-IT\"}]}<\/script>\n<!-- \/ Yoast SEO plugin. -->","yoast_head_json":{"title":"Condizioni di registrazione e confidenzialita\u2019 - Bipea","robots":{"index":"index","follow":"follow","max-snippet":"max-snippet:-1","max-image-preview":"max-image-preview:large","max-video-preview":"max-video-preview:-1"},"canonical":"https:\/\/www.bipea.org\/it\/condizioni-di-registrazione-e-confidenzialita\/","og_locale":"it_IT","og_type":"article","og_title":"Condizioni di registrazione e confidenzialita\u2019 - Bipea","og_url":"https:\/\/www.bipea.org\/it\/condizioni-di-registrazione-e-confidenzialita\/","og_site_name":"Bipea","article_publisher":"https:\/\/www.facebook.com\/Bipea-Proficiency-Testing-Programs-1726595444310313\/","article_modified_time":"2022-10-13T14:36:36+00:00","twitter_card":"summary_large_image","twitter_site":"@BipeaP","twitter_misc":{"Tempo di lettura stimato":"3 minuti"},"schema":{"@context":"https:\/\/schema.org","@graph":[{"@type":"WebPage","@id":"https:\/\/www.bipea.org\/it\/condizioni-di-registrazione-e-confidenzialita\/","url":"https:\/\/www.bipea.org\/it\/condizioni-di-registrazione-e-confidenzialita\/","name":"Condizioni di registrazione e confidenzialita\u2019 - Bipea","isPartOf":{"@id":"https:\/\/www.bipea.org\/it\/#website"},"datePublished":"2017-12-24T15:57:29+00:00","dateModified":"2022-10-13T14:36:36+00:00","breadcrumb":{"@id":"https:\/\/www.bipea.org\/it\/condizioni-di-registrazione-e-confidenzialita\/#breadcrumb"},"inLanguage":"it-IT","potentialAction":[{"@type":"ReadAction","target":["https:\/\/www.bipea.org\/it\/condizioni-di-registrazione-e-confidenzialita\/"]}]},{"@type":"BreadcrumbList","@id":"https:\/\/www.bipea.org\/it\/condizioni-di-registrazione-e-confidenzialita\/#breadcrumb","itemListElement":[{"@type":"ListItem","position":1,"name":"Accueil","item":"https:\/\/www.bipea.org\/it\/"},{"@type":"ListItem","position":2,"name":"Condizioni di registrazione e confidenzialita\u2019"}]},{"@type":"WebSite","@id":"https:\/\/www.bipea.org\/it\/#website","url":"https:\/\/www.bipea.org\/it\/","name":"Bipea","description":"","potentialAction":[{"@type":"SearchAction","target":{"@type":"EntryPoint","urlTemplate":"https:\/\/www.bipea.org\/it\/?s={search_term_string}"},"query-input":{"@type":"PropertyValueSpecification","valueRequired":true,"valueName":"search_term_string"}}],"inLanguage":"it-IT"}]}},"_links":{"self":[{"href":"https:\/\/www.bipea.org\/it\/wp-json\/wp\/v2\/pages\/15156","targetHints":{"allow":["GET"]}}],"collection":[{"href":"https:\/\/www.bipea.org\/it\/wp-json\/wp\/v2\/pages"}],"about":[{"href":"https:\/\/www.bipea.org\/it\/wp-json\/wp\/v2\/types\/page"}],"author":[{"embeddable":true,"href":"https:\/\/www.bipea.org\/it\/wp-json\/wp\/v2\/users\/1"}],"replies":[{"embeddable":true,"href":"https:\/\/www.bipea.org\/it\/wp-json\/wp\/v2\/comments?post=15156"}],"version-history":[{"count":5,"href":"https:\/\/www.bipea.org\/it\/wp-json\/wp\/v2\/pages\/15156\/revisions"}],"predecessor-version":[{"id":18834,"href":"https:\/\/www.bipea.org\/it\/wp-json\/wp\/v2\/pages\/15156\/revisions\/18834"}],"wp:attachment":[{"href":"https:\/\/www.bipea.org\/it\/wp-json\/wp\/v2\/media?parent=15156"}],"curies":[{"name":"wp","href":"https:\/\/api.w.org\/{rel}","templated":true}]}}