{"id":23469,"date":"2025-08-22T16:27:40","date_gmt":"2025-08-22T14:27:40","guid":{"rendered":"https:\/\/www.bipea.org\/?page_id=23469"},"modified":"2025-09-10T09:01:49","modified_gmt":"2025-09-10T07:01:49","slug":"politique-de-confidentialite-monbipea","status":"publish","type":"page","link":"https:\/\/www.bipea.org\/fr\/politique-de-confidentialite-monbipea\/","title":{"rendered":"Politique de confidentialit\u00e9 \u2013 MonBIPEA"},"content":{"rendered":"<div class=\"fusion-fullwidth fullwidth-box fusion-builder-row-1 fusion-flex-container has-pattern-background has-mask-background nonhundred-percent-fullwidth non-hundred-percent-height-scrolling\" style=\"--awb-border-radius-top-left:0px;--awb-border-radius-top-right:0px;--awb-border-radius-bottom-right:0px;--awb-border-radius-bottom-left:0px;--awb-flex-wrap:wrap;\" ><div class=\"fusion-builder-row fusion-row fusion-flex-align-items-flex-start fusion-flex-content-wrap\" style=\"max-width:1144px;margin-left: calc(-4% \/ 2 );margin-right: calc(-4% \/ 2 );\"><div class=\"fusion-layout-column fusion_builder_column fusion-builder-column-0 fusion_builder_column_1_1 1_1 fusion-flex-column\" style=\"--awb-bg-size:cover;--awb-width-large:100%;--awb-margin-top-large:0px;--awb-spacing-right-large:1.92%;--awb-margin-bottom-large:0px;--awb-spacing-left-large:1.92%;--awb-width-medium:100%;--awb-spacing-right-medium:1.92%;--awb-spacing-left-medium:1.92%;--awb-width-small:100%;--awb-spacing-right-small:1.92%;--awb-spacing-left-small:1.92%;\"><div class=\"fusion-column-wrapper fusion-flex-justify-content-flex-start fusion-content-layout-column\"><div class=\"fusion-text fusion-text-1\"><p style=\"text-align: right;\"><em><span style=\"font-size: 10pt;\">|<a href=\"https:\/\/www.bipea.org\/fr\">Retour \u00e0 la page d&rsquo;accueil<\/a><br \/>\n<\/span><\/em><em><span style=\"font-size: 10pt;\">|<a href=\"https:\/\/www.bipea.org\/fr\/essais-interlaboratoires-eils\/\">Retour \u00e0 la liste des EIL<\/a><\/span><\/em><span style=\"font-size: 24pt; color: #2e75b6;\"><strong>\u00a0<\/strong><\/span><\/p>\n<p style=\"text-align: center;\"><span style=\"font-size: 24pt; color: #2e75b6;\"><strong>Politique de confidentialit\u00e9 \u2013 Application mobile MonBIPEA<\/strong><\/span><\/p>\n<p><em><br \/>\nDerni\u00e8re mise \u00e0 jour : 22\/08\/2025<\/em><\/p>\n<p><span style=\"font-size: 14pt;\">La pr\u00e9sente politique de confidentialit\u00e9 d\u00e9crit la mani\u00e8re dont le <strong>BIPEA<\/strong> collecte, utilise et prot\u00e8ge les donn\u00e9es des utilisateurs de l\u2019application mobile \u00ab\u00a0<strong>Mon BIPEA\u00a0\u00bb<\/strong>. Elle s\u2019applique exclusivement \u00e0 cette application disponible sur Google Play (Google \/ Android) et App Store (Apple \/ iOS).<\/span><\/p>\n<p><span style=\"color: #ffffff;\">.<\/span><\/p>\n<p><span style=\"font-size: 14pt; color: #0076b3;\"><strong>1. Donn\u00e9es collect\u00e9es<\/strong><\/span><\/p>\n<p><span style=\"font-size: 14pt;\">L\u2019application \u00ab\u00a0Mon BIPEA\u00a0\u00bb peut collecter et traiter les informations suivantes :<\/span><\/p>\n<ul>\n<li><span style=\"font-size: 14pt;\"><strong>Identifiants de connexion :<\/strong> adresse e-mail utilis\u00e9e en tant qu&rsquo;identifiant et mot de passe fournis par l&rsquo;utilisateur pour acc\u00e9der \u00e0 l\u2019application.<\/span><\/li>\n<li><span style=\"font-size: 14pt;\"><strong>Donn\u00e9es techniques :<\/strong> type d\u2019appareil, version du syst\u00e8me d\u2019exploitation, langue de l\u2019appareil.<\/span><\/li>\n<li><span style=\"font-size: 14pt;\"><strong>Notifications push :<\/strong> un identifiant unique de l\u2019appareil (token) est g\u00e9n\u00e9r\u00e9 pour permettre l\u2019envoi de notifications relatives aux services et activit\u00e9s de l&rsquo;utilisateur aupr\u00e8s du BIPEA.<br \/>\n<\/span><\/li>\n<\/ul>\n<p><span style=\"color: #ffffff;\">.<\/span><span style=\"font-size: 14pt; color: #0076b3;\"><strong>2. Utilisation des donn\u00e9es<br \/>\n<\/strong><\/span><span style=\"font-size: 14pt;\">Les donn\u00e9es collect\u00e9es sont utilis\u00e9es uniquement pour :<\/span><\/p>\n<ul>\n<li><span style=\"font-size: 14pt;\">Authentifier l\u2019utilisateur et lui donner acc\u00e8s aux services BIPEA.<\/span><\/li>\n<li><span style=\"font-size: 14pt;\">Permettre l\u2019envoi de notifications importantes (informations relatives aux programmes interlaboratoires, communications techniques, etc.).<\/span><\/li>\n<li><span style=\"font-size: 14pt;\">Am\u00e9liorer la stabilit\u00e9 et la s\u00e9curit\u00e9 de l\u2019application.<\/span><\/li>\n<\/ul>\n<p><span style=\"font-size: 14pt;\">Nous <strong>ne revendons pas<\/strong> les donn\u00e9es et elles ne sont<strong> pas utilis\u00e9es \u00e0 des fins publicitaires.<\/strong><\/span><\/p>\n<p><span style=\"color: #ffffff;\">.<\/span><\/p>\n<p><span style=\"font-size: 14pt; color: #0076b3;\"><strong>3. Partage des donn\u00e9es<\/strong><\/span><\/p>\n<ul>\n<li><span style=\"font-size: 14pt;\">Les donn\u00e9es d\u2019authentification sont utilis\u00e9es uniquement par le BIPEA et ses prestataires techniques.\u00a0<\/span><\/li>\n<li><span style=\"font-size: 14pt;\">Les notifications push passent par les services standards de Google (Firebase Cloud Messaging) et d\u2019Apple (APNs).<\/span><\/li>\n<li><span style=\"font-size: 14pt;\">Aucune donn\u00e9e personnelle n\u2019est transmise \u00e0 des tiers \u00e0 des fins commerciales.<\/span><\/li>\n<\/ul>\n<p><span style=\"font-size: 14pt; color: #0076b3;\"><strong>4. Conservation des donn\u00e9es<br \/>\n<\/strong><\/span><\/p>\n<ul>\n<li><span style=\"font-size: 14pt;\">Les informations de connexion sont conserv\u00e9es uniquement le temps n\u00e9cessaire pour fournir l\u2019acc\u00e8s aux services.<\/span><\/li>\n<li><span style=\"font-size: 14pt;\">L\u2019identifiant de notification push peut \u00eatre supprim\u00e9 \u00e0 tout moment si l\u2019utilisateur d\u00e9sactive les notifications dans les param\u00e8tres de son appareil.<\/span><\/li>\n<\/ul>\n<p><span style=\"font-size: 14pt; color: #0076b3;\"><strong>5. Droits des utilisateurs<\/strong><\/span><\/p>\n<p><span style=\"font-size: 14pt;\">Conform\u00e9ment au R\u00e8glement G\u00e9n\u00e9ral sur la Protection des Donn\u00e9es (RGPD) :<\/span><\/p>\n<ul>\n<li><span style=\"font-size: 14pt;\">Vous pouvez demander l\u2019acc\u00e8s, la rectification ou la suppression de vos donn\u00e9es.<\/span><\/li>\n<li><span style=\"font-size: 14pt;\">Vous pouvez \u00e9galement vous opposer \u00e0 leur traitement dans certaines conditions.<br \/>\n<\/span><\/li>\n<\/ul>\n<p><span style=\"font-size: 14pt;\">Pour exercer vos droits, contactez nous \u00e0 :<\/span><\/p>\n<ul>\n<li><span style=\"font-size: 14pt;\">l&rsquo;adresse e-mail BIPEA : <strong>contact@bipea.org<\/strong><\/span><\/li>\n<li><span style=\"font-size: 14pt;\">l&rsquo;<span style=\"font-size: 14pt;\">adresse postale BIPEA : <\/span><strong>B\u00e2timent D19 \u2013 CAP 18, 189 rue d\u2019Aubervilliers, 75018 \u2013 PARIS, France<\/strong><\/span><\/li>\n<\/ul>\n<p><span style=\"font-size: 14pt; color: #0076b3;\"><strong>6. S\u00e9curit\u00e9<\/strong><\/span><\/p>\n<p><span style=\"font-size: 14pt;\">Nous mettons en \u0153uvre des mesures techniques et organisationnelles pour prot\u00e9ger vos donn\u00e9es contre tout acc\u00e8s non autoris\u00e9, perte ou divulgation.<\/span><\/p>\n<p><span style=\"color: #ffffff;\">.<\/span><\/p>\n<p><span style=\"font-size: 14pt; color: #0076b3;\"><strong>7. Contact<\/strong><\/span><\/p>\n<p><span style=\"font-size: 14pt;\">Pour toute question relative \u00e0 cette politique de confidentialit\u00e9, vous pouvez nous \u00e9crire \u00e0 : <strong>contact@bipea.org<\/strong>.<\/span><\/p>\n<\/div><\/div><\/div><\/div><\/div>\n","protected":false},"excerpt":{"rendered":"","protected":false},"author":3,"featured_media":0,"parent":0,"menu_order":0,"comment_status":"closed","ping_status":"closed","template":"","meta":{"footnotes":""},"class_list":["post-23469","page","type-page","status-publish","hentry"],"yoast_head":"<!-- This site is optimized with the Yoast SEO plugin v27.0 - https:\/\/yoast.com\/product\/yoast-seo-wordpress\/ -->\n<title>Politique de confidentialit\u00e9 \u2013 MonBIPEA - Bipea<\/title>\n<meta name=\"description\" content=\"La pr\u00e9sente politique de confidentialit\u00e9 d\u00e9crit la mani\u00e8re dont le BIPEA collecte, utilise et prot\u00e8ge les donn\u00e9es des utilisateurs de l\u2019application mobile &quot;Mon BIPEA&quot;.\" \/>\n<meta name=\"robots\" content=\"index, follow, max-snippet:-1, max-image-preview:large, max-video-preview:-1\" \/>\n<link rel=\"canonical\" href=\"https:\/\/www.bipea.org\/fr\/politique-de-confidentialite-monbipea\/\" \/>\n<meta property=\"og:locale\" content=\"fr_FR\" \/>\n<meta property=\"og:type\" content=\"article\" \/>\n<meta property=\"og:title\" content=\"Politique de confidentialit\u00e9 \u2013 MonBIPEA - Bipea\" \/>\n<meta property=\"og:description\" content=\"La pr\u00e9sente politique de confidentialit\u00e9 d\u00e9crit la mani\u00e8re dont le BIPEA collecte, utilise et prot\u00e8ge les donn\u00e9es des utilisateurs de l\u2019application mobile &quot;Mon BIPEA&quot;.\" \/>\n<meta property=\"og:url\" content=\"https:\/\/www.bipea.org\/fr\/politique-de-confidentialite-monbipea\/\" \/>\n<meta property=\"og:site_name\" content=\"Bipea\" \/>\n<meta property=\"article:publisher\" content=\"https:\/\/www.facebook.com\/Bipea-Proficiency-Testing-Programs-1726595444310313\/\" \/>\n<meta property=\"article:modified_time\" content=\"2025-09-10T07:01:49+00:00\" \/>\n<meta name=\"twitter:card\" content=\"summary_large_image\" \/>\n<meta name=\"twitter:site\" content=\"@BipeaP\" \/>\n<meta name=\"twitter:label1\" content=\"Dur\u00e9e de lecture estim\u00e9e\" \/>\n\t<meta name=\"twitter:data1\" content=\"5 minutes\" \/>\n<script type=\"application\/ld+json\" class=\"yoast-schema-graph\">{\"@context\":\"https:\/\/schema.org\",\"@graph\":[{\"@type\":\"WebPage\",\"@id\":\"https:\/\/www.bipea.org\/fr\/politique-de-confidentialite-monbipea\/\",\"url\":\"https:\/\/www.bipea.org\/fr\/politique-de-confidentialite-monbipea\/\",\"name\":\"Politique de confidentialit\u00e9 \u2013 MonBIPEA - Bipea\",\"isPartOf\":{\"@id\":\"https:\/\/www.bipea.org\/fr\/#website\"},\"datePublished\":\"2025-08-22T14:27:40+00:00\",\"dateModified\":\"2025-09-10T07:01:49+00:00\",\"description\":\"La pr\u00e9sente politique de confidentialit\u00e9 d\u00e9crit la mani\u00e8re dont le BIPEA collecte, utilise et prot\u00e8ge les donn\u00e9es des utilisateurs de l\u2019application mobile \\\"Mon BIPEA\\\".\",\"breadcrumb\":{\"@id\":\"https:\/\/www.bipea.org\/fr\/politique-de-confidentialite-monbipea\/#breadcrumb\"},\"inLanguage\":\"fr-FR\",\"potentialAction\":[{\"@type\":\"ReadAction\",\"target\":[\"https:\/\/www.bipea.org\/fr\/politique-de-confidentialite-monbipea\/\"]}]},{\"@type\":\"BreadcrumbList\",\"@id\":\"https:\/\/www.bipea.org\/fr\/politique-de-confidentialite-monbipea\/#breadcrumb\",\"itemListElement\":[{\"@type\":\"ListItem\",\"position\":1,\"name\":\"Accueil\",\"item\":\"https:\/\/www.bipea.org\/fr\/\"},{\"@type\":\"ListItem\",\"position\":2,\"name\":\"Politique de confidentialit\u00e9 \u2013 MonBIPEA\"}]},{\"@type\":\"WebSite\",\"@id\":\"https:\/\/www.bipea.org\/fr\/#website\",\"url\":\"https:\/\/www.bipea.org\/fr\/\",\"name\":\"Bipea\",\"description\":\"\",\"potentialAction\":[{\"@type\":\"SearchAction\",\"target\":{\"@type\":\"EntryPoint\",\"urlTemplate\":\"https:\/\/www.bipea.org\/fr\/?s={search_term_string}\"},\"query-input\":{\"@type\":\"PropertyValueSpecification\",\"valueRequired\":true,\"valueName\":\"search_term_string\"}}],\"inLanguage\":\"fr-FR\"}]}<\/script>\n<!-- \/ Yoast SEO plugin. -->","yoast_head_json":{"title":"Politique de confidentialit\u00e9 \u2013 MonBIPEA - Bipea","description":"La pr\u00e9sente politique de confidentialit\u00e9 d\u00e9crit la mani\u00e8re dont le BIPEA collecte, utilise et prot\u00e8ge les donn\u00e9es des utilisateurs de l\u2019application mobile \"Mon BIPEA\".","robots":{"index":"index","follow":"follow","max-snippet":"max-snippet:-1","max-image-preview":"max-image-preview:large","max-video-preview":"max-video-preview:-1"},"canonical":"https:\/\/www.bipea.org\/fr\/politique-de-confidentialite-monbipea\/","og_locale":"fr_FR","og_type":"article","og_title":"Politique de confidentialit\u00e9 \u2013 MonBIPEA - Bipea","og_description":"La pr\u00e9sente politique de confidentialit\u00e9 d\u00e9crit la mani\u00e8re dont le BIPEA collecte, utilise et prot\u00e8ge les donn\u00e9es des utilisateurs de l\u2019application mobile \"Mon BIPEA\".","og_url":"https:\/\/www.bipea.org\/fr\/politique-de-confidentialite-monbipea\/","og_site_name":"Bipea","article_publisher":"https:\/\/www.facebook.com\/Bipea-Proficiency-Testing-Programs-1726595444310313\/","article_modified_time":"2025-09-10T07:01:49+00:00","twitter_card":"summary_large_image","twitter_site":"@BipeaP","twitter_misc":{"Dur\u00e9e de lecture estim\u00e9e":"5 minutes"},"schema":{"@context":"https:\/\/schema.org","@graph":[{"@type":"WebPage","@id":"https:\/\/www.bipea.org\/fr\/politique-de-confidentialite-monbipea\/","url":"https:\/\/www.bipea.org\/fr\/politique-de-confidentialite-monbipea\/","name":"Politique de confidentialit\u00e9 \u2013 MonBIPEA - Bipea","isPartOf":{"@id":"https:\/\/www.bipea.org\/fr\/#website"},"datePublished":"2025-08-22T14:27:40+00:00","dateModified":"2025-09-10T07:01:49+00:00","description":"La pr\u00e9sente politique de confidentialit\u00e9 d\u00e9crit la mani\u00e8re dont le BIPEA collecte, utilise et prot\u00e8ge les donn\u00e9es des utilisateurs de l\u2019application mobile \"Mon BIPEA\".","breadcrumb":{"@id":"https:\/\/www.bipea.org\/fr\/politique-de-confidentialite-monbipea\/#breadcrumb"},"inLanguage":"fr-FR","potentialAction":[{"@type":"ReadAction","target":["https:\/\/www.bipea.org\/fr\/politique-de-confidentialite-monbipea\/"]}]},{"@type":"BreadcrumbList","@id":"https:\/\/www.bipea.org\/fr\/politique-de-confidentialite-monbipea\/#breadcrumb","itemListElement":[{"@type":"ListItem","position":1,"name":"Accueil","item":"https:\/\/www.bipea.org\/fr\/"},{"@type":"ListItem","position":2,"name":"Politique de confidentialit\u00e9 \u2013 MonBIPEA"}]},{"@type":"WebSite","@id":"https:\/\/www.bipea.org\/fr\/#website","url":"https:\/\/www.bipea.org\/fr\/","name":"Bipea","description":"","potentialAction":[{"@type":"SearchAction","target":{"@type":"EntryPoint","urlTemplate":"https:\/\/www.bipea.org\/fr\/?s={search_term_string}"},"query-input":{"@type":"PropertyValueSpecification","valueRequired":true,"valueName":"search_term_string"}}],"inLanguage":"fr-FR"}]}},"_links":{"self":[{"href":"https:\/\/www.bipea.org\/fr\/wp-json\/wp\/v2\/pages\/23469","targetHints":{"allow":["GET"]}}],"collection":[{"href":"https:\/\/www.bipea.org\/fr\/wp-json\/wp\/v2\/pages"}],"about":[{"href":"https:\/\/www.bipea.org\/fr\/wp-json\/wp\/v2\/types\/page"}],"author":[{"embeddable":true,"href":"https:\/\/www.bipea.org\/fr\/wp-json\/wp\/v2\/users\/3"}],"replies":[{"embeddable":true,"href":"https:\/\/www.bipea.org\/fr\/wp-json\/wp\/v2\/comments?post=23469"}],"version-history":[{"count":4,"href":"https:\/\/www.bipea.org\/fr\/wp-json\/wp\/v2\/pages\/23469\/revisions"}],"predecessor-version":[{"id":23478,"href":"https:\/\/www.bipea.org\/fr\/wp-json\/wp\/v2\/pages\/23469\/revisions\/23478"}],"wp:attachment":[{"href":"https:\/\/www.bipea.org\/fr\/wp-json\/wp\/v2\/media?parent=23469"}],"curies":[{"name":"wp","href":"https:\/\/api.w.org\/{rel}","templated":true}]}}