{"id":22630,"date":"2025-03-21T15:43:54","date_gmt":"2025-03-21T14:43:54","guid":{"rendered":"https:\/\/www.bipea.org\/?page_id=22630"},"modified":"2025-06-09T12:14:58","modified_gmt":"2025-06-09T10:14:58","slug":"engagement-rse","status":"publish","type":"page","link":"https:\/\/www.bipea.org\/fr\/engagement-rse\/","title":{"rendered":"Engagement RSE"},"content":{"rendered":"<div class=\"fusion-fullwidth fullwidth-box fusion-builder-row-1 fusion-flex-container nonhundred-percent-fullwidth non-hundred-percent-height-scrolling\" style=\"--awb-border-radius-top-left:0px;--awb-border-radius-top-right:0px;--awb-border-radius-bottom-right:0px;--awb-border-radius-bottom-left:0px;--awb-flex-wrap:wrap;\" ><div class=\"fusion-builder-row fusion-row fusion-flex-align-items-flex-start fusion-flex-content-wrap\" style=\"max-width:1144px;margin-left: calc(-4% \/ 2 );margin-right: calc(-4% \/ 2 );\"><div class=\"fusion-layout-column fusion_builder_column fusion-builder-column-0 fusion_builder_column_1_1 1_1 fusion-flex-column\" style=\"--awb-bg-size:cover;--awb-width-large:100%;--awb-margin-top-large:0px;--awb-spacing-right-large:1.92%;--awb-margin-bottom-large:0px;--awb-spacing-left-large:1.92%;--awb-width-medium:100%;--awb-spacing-right-medium:1.92%;--awb-spacing-left-medium:1.92%;--awb-width-small:100%;--awb-spacing-right-small:1.92%;--awb-spacing-left-small:1.92%;\"><div class=\"fusion-column-wrapper fusion-flex-justify-content-flex-start fusion-content-layout-column\"><div class=\"fusion-text fusion-text-1\"><p style=\"text-align: right;\"><em><span style=\"font-size: 10pt;\">|<a href=\"https:\/\/www.bipea.org\/fr\">Retour \u00e0 la page d&rsquo;accueil<\/a><\/span><\/em><\/p>\n<p style=\"text-align: right;\"><em><span style=\"font-size: 10pt;\">|<a href=\"https:\/\/www.bipea.org\/fr\/essais-interlaboratoires-eils\/\">Retour \u00e0 la liste des EIL<\/a><\/span><\/em><\/p>\n<p style=\"text-align: center;\"><span style=\"font-size: 24pt; color: #008000;\"><strong>NOTRE ENGAGEMENT RSE<\/strong><\/span><\/p>\n<p><span style=\"font-size: 14pt;\">Au BIPEA, nous croyons fermement que la performance de notre organisation ne se mesure pas seulement par notre succ\u00e8s \u00e9conomique, mais aussi par notre impact sur la soci\u00e9t\u00e9 et l\u2019environnement. C\u2019est pourquoi la Responsabilit\u00e9 Soci\u00e9tale des Entreprises (RSE) est au c\u0153ur de notre strat\u00e9gie de d\u00e9veloppement.<\/span><\/p>\n<p><span style=\"font-size: 14pt; color: #0076b3;\"><strong>Qu&rsquo;est-ce que la RSE ?<\/strong><\/span><\/p>\n<p><span style=\"font-size: 14pt;\">La Responsabilit\u00e9 Soci\u00e9tale des Entreprises, est une d\u00e9marche volontaire des entreprises visant \u00e0 int\u00e9grer les pr\u00e9occupations sociales, environnementales, et \u00e9conomiques dans leurs activit\u00e9s commerciales et leurs interactions avec leurs parties prenantes. Cela signifie qu\u2019au-del\u00e0 de respecter les lois et r\u00e9glementations, nous adoptons des pratiques responsables et \u00e9thiques.<\/span><\/p>\n<p><span style=\"font-size: 14pt; color: #0076b3;\"><strong>Notre Engagement envers la Soci\u00e9t\u00e9 et l\u2019Environnement<\/strong><\/span><\/p>\n<ol>\n<li><span style=\"font-size: 14pt;\"><strong>Respect de l\u2019Environnement :<\/strong> Nous sommes conscients de l\u2019impact de nos activit\u00e9s sur l\u2019environnement et nous nous engageons \u00e0 minimiser cet impact. Nous r\u00e9duisons notre empreinte carbone, travaillons de pr\u00e9f\u00e9rence avec des prestataires externes (certifi\u00e9 ISO 14001 et not\u00e9 Ecovadis) et mettons en \u0153uvre des pratiques de gestion des d\u00e9chets respectueuses de l\u2019environnement.<\/span><\/li>\n<li><span style=\"font-size: 14pt;\"><strong>Qualit\u00e9 et S\u00e9curit\u00e9 :<\/strong> La qualit\u00e9 des services que nous offrons est une priorit\u00e9 absolue. Notre accr\u00e9ditation ISO 17043 et notre certification Qualiopi sont un gage de qualit\u00e9. Nous nous effor\u00e7ons d\u2019am\u00e9liorer continuellement nos services afin d\u2019offrir \u00e0 nos adh\u00e9rents un haut niveau de qualit\u00e9.<\/span><\/li>\n<li><span style=\"font-size: 14pt;\"><strong>Engagement envers nos Collaborateurs :<\/strong> Nos collaborateurs sont notre atout le plus pr\u00e9cieux. Nous nous engageons \u00e0 offrir un environnement de travail sain, s\u00fbr et \u00e9panouissant. Nous valorisons la diversit\u00e9, encourageons le d\u00e9veloppement personnel et professionnel, et promouvons l&rsquo;\u00e9galit\u00e9 des chances.<\/span><\/li>\n<li><span style=\"font-size: 14pt;\"><strong>Contribution \u00e0 la Communaut\u00e9 :<\/strong> Nous collaborons avec des structures favorisant le travail des personnes avec un handicap.<\/span><\/li>\n<li><span style=\"font-size: 14pt;\"><strong>Transparence et \u00c9thique :<\/strong> Nous croyons en une gestion transparente et \u00e9thique de notre organisation. Nous nous engageons \u00e0 des pratiques de gouvernance rigoureuses et \u00e0 la transparence dans nos rapports avec nos adh\u00e9rents.<\/span><\/li>\n<\/ol>\n<p><span style=\"font-size: 14pt; color: #0076b3;\"><strong>Notre D\u00e9marche RSE en Action<\/strong><\/span><\/p>\n<p><span style=\"font-size: 14pt;\">En tant qu\u2019acteur dans le domaine de la qualit\u00e9, nous nous engageons \u00e0 promouvoir des pratiques exemplaires non seulement au sein de notre organisation, mais aussi aupr\u00e8s de nos prestataires externes. Les exemples ci-apr\u00e8s montrent les actions men\u00e9es :<\/span><\/p>\n<ul>\n<li><span style=\"font-size: 14pt;\">Mise en place d\u2019un groupe technique environnement afin d\u2019analyser, mesurer et proposer des actions pour la r\u00e9duction de l\u2019empreinte carbone. Par ailleurs un bilan carbone a \u00e9t\u00e9 r\u00e9alis\u00e9 au printemps 2024 et a montr\u00e9 que\u00a0:<\/span>\n<ul>\n<li><span style=\"font-size: 14pt;\">Le BIPEA \u00e9met 675 tonnes de CO2 par an. Les \u00e9missions primaires\/directes de GES repr\u00e9sentent 3 % des \u00e9missions totales.<\/span><\/li>\n<\/ul>\n<\/li>\n<\/ul>\n<ul>\n<li><span style=\"font-size: 14pt;\">La r\u00e9duction de la consommation d&rsquo;\u00e9nergie dans nos locaux et la promotion de l\u2019utilisation d\u2019\u00e9nergies renouvelables.<\/span><\/li>\n<li><span style=\"font-size: 14pt;\">La mise en place de programmes de recyclage et de gestion des d\u00e9chets dans toutes nos installations.<\/span><\/li>\n<li><span style=\"font-size: 14pt;\">Le d\u00e9veloppement de partenariats avec des fournisseurs respectant des normes de responsabilit\u00e9 soci\u00e9tale similaires aux n\u00f4tres.<\/span><\/li>\n<\/ul>\n<p><span style=\"font-size: 14pt;\">Notre engagement en mati\u00e8re de RSE est un pilier de notre identit\u00e9 et notre objectif est d\u2019assurer un service de haute qualit\u00e9 tout en adoptant des normes vertueuses.<\/span><\/p>\n<p><span style=\"font-size: 14pt;\">Au BIPEA, nous continuerons \u00e0 \u0153uvrer pour un avenir plus durable, tout en maintenant notre rigueur scientifique et en r\u00e9pondant aux attentes de nos adh\u00e9rents.<\/span><\/p>\n<\/div><\/div><\/div><\/div><\/div>\n","protected":false},"excerpt":{"rendered":"","protected":false},"author":3,"featured_media":0,"parent":0,"menu_order":0,"comment_status":"closed","ping_status":"closed","template":"","meta":{"footnotes":""},"class_list":["post-22630","page","type-page","status-publish","hentry"],"yoast_head":"<!-- This site is optimized with the Yoast SEO plugin v27.0 - https:\/\/yoast.com\/product\/yoast-seo-wordpress\/ -->\n<title>Engagement RSE - Bipea<\/title>\n<meta name=\"robots\" content=\"index, follow, max-snippet:-1, max-image-preview:large, max-video-preview:-1\" \/>\n<link rel=\"canonical\" href=\"https:\/\/www.bipea.org\/fr\/engagement-rse\/\" \/>\n<meta property=\"og:locale\" content=\"fr_FR\" \/>\n<meta property=\"og:type\" content=\"article\" \/>\n<meta property=\"og:title\" content=\"Engagement RSE - Bipea\" \/>\n<meta property=\"og:url\" content=\"https:\/\/www.bipea.org\/fr\/engagement-rse\/\" \/>\n<meta property=\"og:site_name\" content=\"Bipea\" \/>\n<meta property=\"article:publisher\" content=\"https:\/\/www.facebook.com\/Bipea-Proficiency-Testing-Programs-1726595444310313\/\" \/>\n<meta property=\"article:modified_time\" content=\"2025-06-09T10:14:58+00:00\" \/>\n<meta name=\"twitter:card\" content=\"summary_large_image\" \/>\n<meta name=\"twitter:site\" content=\"@BipeaP\" \/>\n<meta name=\"twitter:label1\" content=\"Dur\u00e9e de lecture estim\u00e9e\" \/>\n\t<meta name=\"twitter:data1\" content=\"2 minutes\" \/>\n<script type=\"application\/ld+json\" class=\"yoast-schema-graph\">{\"@context\":\"https:\/\/schema.org\",\"@graph\":[{\"@type\":\"WebPage\",\"@id\":\"https:\/\/www.bipea.org\/fr\/engagement-rse\/\",\"url\":\"https:\/\/www.bipea.org\/fr\/engagement-rse\/\",\"name\":\"Engagement RSE - Bipea\",\"isPartOf\":{\"@id\":\"https:\/\/www.bipea.org\/fr\/#website\"},\"datePublished\":\"2025-03-21T14:43:54+00:00\",\"dateModified\":\"2025-06-09T10:14:58+00:00\",\"breadcrumb\":{\"@id\":\"https:\/\/www.bipea.org\/fr\/engagement-rse\/#breadcrumb\"},\"inLanguage\":\"fr-FR\",\"potentialAction\":[{\"@type\":\"ReadAction\",\"target\":[\"https:\/\/www.bipea.org\/fr\/engagement-rse\/\"]}]},{\"@type\":\"BreadcrumbList\",\"@id\":\"https:\/\/www.bipea.org\/fr\/engagement-rse\/#breadcrumb\",\"itemListElement\":[{\"@type\":\"ListItem\",\"position\":1,\"name\":\"Accueil\",\"item\":\"https:\/\/www.bipea.org\/fr\/\"},{\"@type\":\"ListItem\",\"position\":2,\"name\":\"Engagement RSE\"}]},{\"@type\":\"WebSite\",\"@id\":\"https:\/\/www.bipea.org\/fr\/#website\",\"url\":\"https:\/\/www.bipea.org\/fr\/\",\"name\":\"Bipea\",\"description\":\"\",\"potentialAction\":[{\"@type\":\"SearchAction\",\"target\":{\"@type\":\"EntryPoint\",\"urlTemplate\":\"https:\/\/www.bipea.org\/fr\/?s={search_term_string}\"},\"query-input\":{\"@type\":\"PropertyValueSpecification\",\"valueRequired\":true,\"valueName\":\"search_term_string\"}}],\"inLanguage\":\"fr-FR\"}]}<\/script>\n<!-- \/ Yoast SEO plugin. -->","yoast_head_json":{"title":"Engagement RSE - Bipea","robots":{"index":"index","follow":"follow","max-snippet":"max-snippet:-1","max-image-preview":"max-image-preview:large","max-video-preview":"max-video-preview:-1"},"canonical":"https:\/\/www.bipea.org\/fr\/engagement-rse\/","og_locale":"fr_FR","og_type":"article","og_title":"Engagement RSE - Bipea","og_url":"https:\/\/www.bipea.org\/fr\/engagement-rse\/","og_site_name":"Bipea","article_publisher":"https:\/\/www.facebook.com\/Bipea-Proficiency-Testing-Programs-1726595444310313\/","article_modified_time":"2025-06-09T10:14:58+00:00","twitter_card":"summary_large_image","twitter_site":"@BipeaP","twitter_misc":{"Dur\u00e9e de lecture estim\u00e9e":"2 minutes"},"schema":{"@context":"https:\/\/schema.org","@graph":[{"@type":"WebPage","@id":"https:\/\/www.bipea.org\/fr\/engagement-rse\/","url":"https:\/\/www.bipea.org\/fr\/engagement-rse\/","name":"Engagement RSE - Bipea","isPartOf":{"@id":"https:\/\/www.bipea.org\/fr\/#website"},"datePublished":"2025-03-21T14:43:54+00:00","dateModified":"2025-06-09T10:14:58+00:00","breadcrumb":{"@id":"https:\/\/www.bipea.org\/fr\/engagement-rse\/#breadcrumb"},"inLanguage":"fr-FR","potentialAction":[{"@type":"ReadAction","target":["https:\/\/www.bipea.org\/fr\/engagement-rse\/"]}]},{"@type":"BreadcrumbList","@id":"https:\/\/www.bipea.org\/fr\/engagement-rse\/#breadcrumb","itemListElement":[{"@type":"ListItem","position":1,"name":"Accueil","item":"https:\/\/www.bipea.org\/fr\/"},{"@type":"ListItem","position":2,"name":"Engagement RSE"}]},{"@type":"WebSite","@id":"https:\/\/www.bipea.org\/fr\/#website","url":"https:\/\/www.bipea.org\/fr\/","name":"Bipea","description":"","potentialAction":[{"@type":"SearchAction","target":{"@type":"EntryPoint","urlTemplate":"https:\/\/www.bipea.org\/fr\/?s={search_term_string}"},"query-input":{"@type":"PropertyValueSpecification","valueRequired":true,"valueName":"search_term_string"}}],"inLanguage":"fr-FR"}]}},"_links":{"self":[{"href":"https:\/\/www.bipea.org\/fr\/wp-json\/wp\/v2\/pages\/22630","targetHints":{"allow":["GET"]}}],"collection":[{"href":"https:\/\/www.bipea.org\/fr\/wp-json\/wp\/v2\/pages"}],"about":[{"href":"https:\/\/www.bipea.org\/fr\/wp-json\/wp\/v2\/types\/page"}],"author":[{"embeddable":true,"href":"https:\/\/www.bipea.org\/fr\/wp-json\/wp\/v2\/users\/3"}],"replies":[{"embeddable":true,"href":"https:\/\/www.bipea.org\/fr\/wp-json\/wp\/v2\/comments?post=22630"}],"version-history":[{"count":3,"href":"https:\/\/www.bipea.org\/fr\/wp-json\/wp\/v2\/pages\/22630\/revisions"}],"predecessor-version":[{"id":22707,"href":"https:\/\/www.bipea.org\/fr\/wp-json\/wp\/v2\/pages\/22630\/revisions\/22707"}],"wp:attachment":[{"href":"https:\/\/www.bipea.org\/fr\/wp-json\/wp\/v2\/media?parent=22630"}],"curies":[{"name":"wp","href":"https:\/\/api.w.org\/{rel}","templated":true}]}}