{"id":21632,"date":"2024-11-07T13:32:12","date_gmt":"2024-11-07T12:32:12","guid":{"rendered":"https:\/\/www.bipea.org\/?page_id=21632"},"modified":"2024-11-13T12:25:38","modified_gmt":"2024-11-13T11:25:38","slug":"organigramme","status":"publish","type":"page","link":"https:\/\/www.bipea.org\/fr\/organigramme\/","title":{"rendered":"Organigramme"},"content":{"rendered":"<p><div class=\"fusion-fullwidth fullwidth-box fusion-builder-row-1 nonhundred-percent-fullwidth non-hundred-percent-height-scrolling\" style=\"--awb-border-radius-top-left:0px;--awb-border-radius-top-right:0px;--awb-border-radius-bottom-right:0px;--awb-border-radius-bottom-left:0px;--awb-flex-wrap:wrap;\" ><div class=\"fusion-builder-row fusion-row\"><div class=\"fusion-layout-column fusion_builder_column fusion-builder-column-0 fusion_builder_column_1_1 1_1 fusion-one-full fusion-column-first fusion-column-last\" style=\"--awb-bg-size:cover;\"><div class=\"fusion-column-wrapper fusion-flex-column-wrapper-legacy\"><div class=\"fusion-text fusion-text-1\"><p style=\"text-align: right;\"><em><span style=\"font-size: 10pt;\">|<\/span><\/em><em><span style=\"font-size: 10pt;\"><a href=\"https:\/\/www.bipea.org\/fr\/structure-associative\/\">Structure associative<\/a><\/span><\/em><\/p>\n<p style=\"text-align: right;\"><em><span style=\"font-size: 10pt;\">|<a href=\"https:\/\/www.bipea.org\/fr\/ca-et-cdt\/\">Directeurs du BIPEA<\/a><\/span><\/em><\/p>\n<p style=\"text-align: right;\"><em><span style=\"font-size: 10pt;\">|<a href=\"https:\/\/www.bipea.org\/fr\/presidents\/\">Pr\u00e9sidents des EILs<\/a><\/span><\/em><\/p>\n<p style=\"text-align: right;\"><em><span style=\"font-size: 10pt;\">|<a href=\"https:\/\/www.bipea.org\/fr\/commissions-scientifiques\/\">Commissions scientifiques<\/a><\/span><\/em><\/p>\n<p style=\"text-align: center;\"><span style=\"color: #008000; font-size: 24pt;\"><strong>ORGANIGRAMME<\/strong><\/span><\/p>\n<p><span style=\"font-size: 14pt;\">Le BIPEA est compos\u00e9 d&rsquo;une <strong>Assembl\u00e9e G\u00e9n\u00e9rale<\/strong>, d&rsquo;un <strong>Conseil d&rsquo;Administration<\/strong>, d&rsquo;un <strong>Conseil Scientifique et Technique<\/strong> et d&rsquo;un <strong>Bureau<\/strong>. Ensemble, ces entit\u00e9s dirigent l&rsquo;organisation tant sur le plan administratif que technique.<\/span><\/p>\n<\/div><div class=\"fusion-clearfix\"><\/div><\/div><\/div><\/div><\/div><div class=\"fusion-fullwidth fullwidth-box fusion-builder-row-2 nonhundred-percent-fullwidth non-hundred-percent-height-scrolling\" style=\"--awb-border-radius-top-left:0px;--awb-border-radius-top-right:0px;--awb-border-radius-bottom-right:0px;--awb-border-radius-bottom-left:0px;--awb-flex-wrap:wrap;\" ><div class=\"fusion-builder-row fusion-row\"><div class=\"fusion-layout-column fusion_builder_column fusion-builder-column-1 fusion_builder_column_1_6 1_6 fusion-one-sixth fusion-column-first\" style=\"--awb-bg-size:cover;width:16.666666666667%;width:calc(16.666666666667% - ( ( 4% + 4% ) * 0.16666666666667 ) );margin-right: 4%;\"><div class=\"fusion-column-wrapper fusion-flex-column-wrapper-legacy\"><div class=\"fusion-clearfix\"><\/div><\/div><\/div><div class=\"fusion-layout-column fusion_builder_column fusion-builder-column-2 fusion_builder_column_2_3 2_3 fusion-two-third\" style=\"--awb-bg-size:cover;width:66.666666666667%;width:calc(66.666666666667% - ( ( 4% + 4% ) * 0.66666666666667 ) );margin-right: 4%;\"><div class=\"fusion-column-wrapper fusion-flex-column-wrapper-legacy\"><div class=\"fusion-image-element in-legacy-container\" style=\"--awb-caption-title-font-family:var(--h2_typography-font-family);--awb-caption-title-font-weight:var(--h2_typography-font-weight);--awb-caption-title-font-style:var(--h2_typography-font-style);--awb-caption-title-size:var(--h2_typography-font-size);--awb-caption-title-transform:var(--h2_typography-text-transform);--awb-caption-title-line-height:var(--h2_typography-line-height);--awb-caption-title-letter-spacing:var(--h2_typography-letter-spacing);\"><span class=\" fusion-imageframe imageframe-none imageframe-1 hover-type-none\"><img decoding=\"async\" width=\"6000\" height=\"3375\" title=\"Organigramme &#038; bandeau pr\u00e9sidents (3)\" src=\"https:\/\/www.bipea.org\/wp-content\/uploads\/2024\/11\/Organigramme-bandeau-presidents-3-e1730970059315.png\" alt class=\"img-responsive wp-image-22183\"\/><\/span><\/div><div class=\"fusion-clearfix\"><\/div><\/div><\/div><div class=\"fusion-layout-column fusion_builder_column fusion-builder-column-3 fusion_builder_column_1_6 1_6 fusion-one-sixth fusion-column-last\" style=\"--awb-bg-size:cover;width:16.666666666667%;width:calc(16.666666666667% - ( ( 4% + 4% ) * 0.16666666666667 ) );\"><div class=\"fusion-column-wrapper fusion-flex-column-wrapper-legacy\"><div class=\"fusion-clearfix\"><\/div><\/div><\/div><\/div><\/div><div class=\"fusion-fullwidth fullwidth-box fusion-builder-row-3 nonhundred-percent-fullwidth non-hundred-percent-height-scrolling\" style=\"--awb-border-radius-top-left:0px;--awb-border-radius-top-right:0px;--awb-border-radius-bottom-right:0px;--awb-border-radius-bottom-left:0px;--awb-flex-wrap:wrap;\" ><div class=\"fusion-builder-row fusion-row\"><div class=\"fusion-layout-column fusion_builder_column fusion-builder-column-4 fusion_builder_column_1_1 1_1 fusion-one-full fusion-column-first fusion-column-last\" style=\"--awb-bg-size:cover;\"><div class=\"fusion-column-wrapper fusion-flex-column-wrapper-legacy\"><div class=\"fusion-text fusion-text-2\"><p><span style=\"font-size: 14pt;\">Le BIPEA est compos\u00e9 d&rsquo;une <strong>Assembl\u00e9e G\u00e9n\u00e9rale<\/strong>, d&rsquo;un <strong>Conseil d&rsquo;Administration<\/strong>, d&rsquo;un <strong>Conseil Scientifique et Technique<\/strong> et d&rsquo;un <strong>Bureau<\/strong>. Ensemble, ces entit\u00e9s dirigent l&rsquo;organisation tant sur le plan administratif que technique.<\/span><\/p>\n<ul>\n<li><span style=\"font-size: 14pt;\"><strong>L&rsquo;Assembl\u00e9e g\u00e9n\u00e9rale<\/strong> est le principal acteur responsable de la gouvernance globale de l&rsquo;organisation.<\/span><\/li>\n<li><span style=\"font-size: 14pt;\"><strong>Le Conseil d&rsquo;Administration<\/strong> dirige ensuite la prise de d\u00e9cision au niveau des activit\u00e9s administratives et op\u00e9rationnelles du BIPEA.<\/span><\/li>\n<li><span style=\"font-size: 14pt;\"><strong>Le Conseil scientifique et technique<\/strong> :<\/span><\/li>\n<li><span style=\"font-size: 14pt;\">Le conseil est compos\u00e9 d&rsquo;experts qui aident le BIPEA \u00e0 d\u00e9finir et \u00e0 mettre en \u0153uvre ses politiques scientifiques et techniques.<\/span><\/li>\n<li><span style=\"font-size: 14pt;\"><strong>Les pr\u00e9sidents d&rsquo;essai inter laboratoires<\/strong> supervisent chacun un programme sp\u00e9cifique. Ils assurent un dialogue qui permet aux participants d\u2019avoir un retour d&rsquo;information et des suggestions pour am\u00e9liorer les programmes d&rsquo;essais d&rsquo;aptitude.<\/span><\/li>\n<li><span style=\"font-size: 14pt;\"><strong>Bureau du BIPEA : <\/strong>Cette structure permanente est responsable des activit\u00e9s quotidiennes du BIPEA qui impliquent une gestion scientifique, qualitative et op\u00e9rationnelle. Le Bureau est compos\u00e9 de plusieurs services sp\u00e9cifiques :<\/span>\n<ul>\n<li><span style=\"font-size: 14pt;\">Le d\u00e9partement Scientifique<\/span><\/li>\n<li><span style=\"font-size: 14pt;\">Le d\u00e9partement des Statistiques<\/span><\/li>\n<li><span style=\"font-size: 14pt;\">Le d\u00e9partement de Fabrication des \u00e9chantillons<\/span><\/li>\n<li><span style=\"font-size: 14pt;\">Le service Qualit\u00e9<\/span><\/li>\n<li><span style=\"font-size: 14pt;\">Les services Support<\/span><\/li>\n<\/ul>\n<\/li>\n<\/ul>\n<\/div><div class=\"fusion-clearfix\"><\/div><\/div><\/div><\/div><\/div><\/p>\n","protected":false},"excerpt":{"rendered":"","protected":false},"author":3,"featured_media":0,"parent":0,"menu_order":0,"comment_status":"closed","ping_status":"closed","template":"","meta":{"footnotes":""},"class_list":["post-21632","page","type-page","status-publish","hentry"],"yoast_head":"<!-- This site is optimized with the Yoast SEO plugin v27.0 - https:\/\/yoast.com\/product\/yoast-seo-wordpress\/ -->\n<title>Organigramme - Bipea<\/title>\n<meta name=\"robots\" content=\"index, follow, max-snippet:-1, max-image-preview:large, max-video-preview:-1\" \/>\n<link rel=\"canonical\" href=\"https:\/\/www.bipea.org\/fr\/organigramme\/\" \/>\n<meta property=\"og:locale\" content=\"fr_FR\" \/>\n<meta property=\"og:type\" content=\"article\" \/>\n<meta property=\"og:title\" content=\"Organigramme - Bipea\" \/>\n<meta property=\"og:url\" content=\"https:\/\/www.bipea.org\/fr\/organigramme\/\" \/>\n<meta property=\"og:site_name\" content=\"Bipea\" \/>\n<meta property=\"article:publisher\" content=\"https:\/\/www.facebook.com\/Bipea-Proficiency-Testing-Programs-1726595444310313\/\" \/>\n<meta property=\"article:modified_time\" content=\"2024-11-13T11:25:38+00:00\" \/>\n<meta name=\"twitter:card\" content=\"summary_large_image\" \/>\n<meta name=\"twitter:site\" content=\"@BipeaP\" \/>\n<meta name=\"twitter:label1\" content=\"Dur\u00e9e de lecture estim\u00e9e\" \/>\n\t<meta name=\"twitter:data1\" content=\"2 minutes\" \/>\n<script type=\"application\/ld+json\" class=\"yoast-schema-graph\">{\"@context\":\"https:\/\/schema.org\",\"@graph\":[{\"@type\":\"WebPage\",\"@id\":\"https:\/\/www.bipea.org\/fr\/organigramme\/\",\"url\":\"https:\/\/www.bipea.org\/fr\/organigramme\/\",\"name\":\"Organigramme - Bipea\",\"isPartOf\":{\"@id\":\"https:\/\/www.bipea.org\/fr\/#website\"},\"datePublished\":\"2024-11-07T12:32:12+00:00\",\"dateModified\":\"2024-11-13T11:25:38+00:00\",\"breadcrumb\":{\"@id\":\"https:\/\/www.bipea.org\/fr\/organigramme\/#breadcrumb\"},\"inLanguage\":\"fr-FR\",\"potentialAction\":[{\"@type\":\"ReadAction\",\"target\":[\"https:\/\/www.bipea.org\/fr\/organigramme\/\"]}]},{\"@type\":\"BreadcrumbList\",\"@id\":\"https:\/\/www.bipea.org\/fr\/organigramme\/#breadcrumb\",\"itemListElement\":[{\"@type\":\"ListItem\",\"position\":1,\"name\":\"Accueil\",\"item\":\"https:\/\/www.bipea.org\/fr\/\"},{\"@type\":\"ListItem\",\"position\":2,\"name\":\"Organigramme\"}]},{\"@type\":\"WebSite\",\"@id\":\"https:\/\/www.bipea.org\/fr\/#website\",\"url\":\"https:\/\/www.bipea.org\/fr\/\",\"name\":\"Bipea\",\"description\":\"\",\"potentialAction\":[{\"@type\":\"SearchAction\",\"target\":{\"@type\":\"EntryPoint\",\"urlTemplate\":\"https:\/\/www.bipea.org\/fr\/?s={search_term_string}\"},\"query-input\":{\"@type\":\"PropertyValueSpecification\",\"valueRequired\":true,\"valueName\":\"search_term_string\"}}],\"inLanguage\":\"fr-FR\"}]}<\/script>\n<!-- \/ Yoast SEO plugin. -->","yoast_head_json":{"title":"Organigramme - Bipea","robots":{"index":"index","follow":"follow","max-snippet":"max-snippet:-1","max-image-preview":"max-image-preview:large","max-video-preview":"max-video-preview:-1"},"canonical":"https:\/\/www.bipea.org\/fr\/organigramme\/","og_locale":"fr_FR","og_type":"article","og_title":"Organigramme - Bipea","og_url":"https:\/\/www.bipea.org\/fr\/organigramme\/","og_site_name":"Bipea","article_publisher":"https:\/\/www.facebook.com\/Bipea-Proficiency-Testing-Programs-1726595444310313\/","article_modified_time":"2024-11-13T11:25:38+00:00","twitter_card":"summary_large_image","twitter_site":"@BipeaP","twitter_misc":{"Dur\u00e9e de lecture estim\u00e9e":"2 minutes"},"schema":{"@context":"https:\/\/schema.org","@graph":[{"@type":"WebPage","@id":"https:\/\/www.bipea.org\/fr\/organigramme\/","url":"https:\/\/www.bipea.org\/fr\/organigramme\/","name":"Organigramme - Bipea","isPartOf":{"@id":"https:\/\/www.bipea.org\/fr\/#website"},"datePublished":"2024-11-07T12:32:12+00:00","dateModified":"2024-11-13T11:25:38+00:00","breadcrumb":{"@id":"https:\/\/www.bipea.org\/fr\/organigramme\/#breadcrumb"},"inLanguage":"fr-FR","potentialAction":[{"@type":"ReadAction","target":["https:\/\/www.bipea.org\/fr\/organigramme\/"]}]},{"@type":"BreadcrumbList","@id":"https:\/\/www.bipea.org\/fr\/organigramme\/#breadcrumb","itemListElement":[{"@type":"ListItem","position":1,"name":"Accueil","item":"https:\/\/www.bipea.org\/fr\/"},{"@type":"ListItem","position":2,"name":"Organigramme"}]},{"@type":"WebSite","@id":"https:\/\/www.bipea.org\/fr\/#website","url":"https:\/\/www.bipea.org\/fr\/","name":"Bipea","description":"","potentialAction":[{"@type":"SearchAction","target":{"@type":"EntryPoint","urlTemplate":"https:\/\/www.bipea.org\/fr\/?s={search_term_string}"},"query-input":{"@type":"PropertyValueSpecification","valueRequired":true,"valueName":"search_term_string"}}],"inLanguage":"fr-FR"}]}},"_links":{"self":[{"href":"https:\/\/www.bipea.org\/fr\/wp-json\/wp\/v2\/pages\/21632","targetHints":{"allow":["GET"]}}],"collection":[{"href":"https:\/\/www.bipea.org\/fr\/wp-json\/wp\/v2\/pages"}],"about":[{"href":"https:\/\/www.bipea.org\/fr\/wp-json\/wp\/v2\/types\/page"}],"author":[{"embeddable":true,"href":"https:\/\/www.bipea.org\/fr\/wp-json\/wp\/v2\/users\/3"}],"replies":[{"embeddable":true,"href":"https:\/\/www.bipea.org\/fr\/wp-json\/wp\/v2\/comments?post=21632"}],"version-history":[{"count":10,"href":"https:\/\/www.bipea.org\/fr\/wp-json\/wp\/v2\/pages\/21632\/revisions"}],"predecessor-version":[{"id":22238,"href":"https:\/\/www.bipea.org\/fr\/wp-json\/wp\/v2\/pages\/21632\/revisions\/22238"}],"wp:attachment":[{"href":"https:\/\/www.bipea.org\/fr\/wp-json\/wp\/v2\/media?parent=21632"}],"curies":[{"name":"wp","href":"https:\/\/api.w.org\/{rel}","templated":true}]}}