{"id":18259,"date":"2022-09-02T15:09:57","date_gmt":"2022-09-02T13:09:57","guid":{"rendered":"https:\/\/www.bipea.org\/?page_id=18259"},"modified":"2025-07-04T14:33:01","modified_gmt":"2025-07-04T12:33:01","slug":"communiques-de-presse","status":"publish","type":"page","link":"https:\/\/www.bipea.org\/fr\/communiques-de-presse\/","title":{"rendered":"Communiqu\u00e9s de presse"},"content":{"rendered":"<p><div class=\"fusion-fullwidth fullwidth-box fusion-builder-row-1 nonhundred-percent-fullwidth non-hundred-percent-height-scrolling\" style=\"--awb-border-radius-top-left:0px;--awb-border-radius-top-right:0px;--awb-border-radius-bottom-right:0px;--awb-border-radius-bottom-left:0px;--awb-flex-wrap:wrap;\" ><div class=\"fusion-builder-row fusion-row\"><div class=\"fusion-layout-column fusion_builder_column fusion-builder-column-0 fusion_builder_column_1_1 1_1 fusion-one-full fusion-column-first fusion-column-last publications\" style=\"--awb-padding-right:80px;--awb-padding-left:80px;--awb-bg-blend:overlay;--awb-bg-size:cover;--awb-margin-bottom:0px;\"><div class=\"fusion-column-wrapper fusion-flex-column-wrapper-legacy\"><div class=\"fusion-text fusion-text-1\"><p style=\"text-align: center;\"><strong><span style=\"font-size: 18pt;\">PUBLICATIONS SCIENTIFIQUES<\/span><\/strong><\/p>\n<\/div><div class=\"fusion-sep-clear\"><\/div><div class=\"fusion-separator fusion-full-width-sep\" style=\"margin-left: auto;margin-right: auto;width:100%;\"><\/div><div class=\"fusion-sep-clear\"><\/div><div class=\"fusion-text fusion-text-2\"><p><span style=\"font-size: 14pt;\">L&rsquo;\u00e9quipe scientifique du BIPEA r\u00e9alise des travaux techniques chaque ann\u00e9e par le biais de posters, articles scientifiques, articles de vulgarisation et communiqu\u00e9s de presse.<\/span><\/p>\n<p><span style=\"font-size: 14pt;\">Le BIPEA publie environ 10 travaux par an, disponibles en consultation libre.<\/span><\/p>\n<p><span style=\"font-size: 14pt;\">Contact: press@bipea.org<\/span><\/p>\n<\/div><div class=\"fusion-sep-clear\"><\/div><div class=\"fusion-separator fusion-full-width-sep\" style=\"margin-left: auto;margin-right: auto;width:100%;\"><\/div><div class=\"fusion-sep-clear\"><\/div><div class=\"fusion-clearfix\"><\/div><\/div><\/div><\/div><\/div><div class=\"fusion-fullwidth fullwidth-box fusion-builder-row-2 fusion-flex-container nonhundred-percent-fullwidth non-hundred-percent-height-scrolling\" style=\"--awb-border-radius-top-left:0px;--awb-border-radius-top-right:0px;--awb-border-radius-bottom-right:0px;--awb-border-radius-bottom-left:0px;--awb-flex-wrap:wrap;\" ><div class=\"fusion-builder-row fusion-row fusion-flex-align-items-flex-start fusion-flex-content-wrap\" style=\"max-width:1144px;margin-left: calc(-4% \/ 2 );margin-right: calc(-4% \/ 2 );\"><div class=\"fusion-layout-column fusion_builder_column fusion-builder-column-1 fusion_builder_column_1_1 1_1 fusion-flex-column\" style=\"--awb-bg-size:cover;--awb-width-large:100%;--awb-margin-top-large:0px;--awb-spacing-right-large:1.92%;--awb-margin-bottom-large:20px;--awb-spacing-left-large:1.92%;--awb-width-medium:100%;--awb-order-medium:0;--awb-spacing-right-medium:1.92%;--awb-spacing-left-medium:1.92%;--awb-width-small:100%;--awb-order-small:0;--awb-spacing-right-small:1.92%;--awb-spacing-left-small:1.92%;\"><div class=\"fusion-column-wrapper fusion-column-has-shadow fusion-flex-justify-content-flex-start fusion-content-layout-column\"><div class=\"fusion-separator fusion-full-width-sep\" style=\"align-self: center;margin-left: auto;margin-right: auto;width:100%;\"><\/div><\/div><\/div><\/div><\/div><div class=\"fusion-fullwidth fullwidth-box fusion-builder-row-3 nonhundred-percent-fullwidth non-hundred-percent-height-scrolling\" style=\"--awb-border-radius-top-left:0px;--awb-border-radius-top-right:0px;--awb-border-radius-bottom-right:0px;--awb-border-radius-bottom-left:0px;--awb-flex-wrap:wrap;\" ><div class=\"fusion-builder-row fusion-row\"><div class=\"fusion-layout-column fusion_builder_column fusion-builder-column-2 fusion_builder_column_1_1 1_1 fusion-one-full fusion-column-first fusion-column-last publications\" style=\"--awb-padding-right:80px;--awb-padding-left:80px;--awb-bg-size:cover;--awb-margin-bottom:0px;\"><div class=\"fusion-column-wrapper fusion-column-has-shadow fusion-flex-column-wrapper-legacy\"><div class=\"fusion-text fusion-text-3\"><h4 class=\"fusion-responsive-typography-calculated\" style=\"--fontsize: 19; line-height: 1.43; --minfontsize: 19;\" data-fontsize=\"19\" data-lineheight=\"27.17px\"><span style=\"color: #0076b3; font-size: 14pt;\"><b>COMMUNIQUES DE PRESSE<\/b><\/span><\/h4>\n<h4 class=\"fusion-responsive-typography-calculated\" style=\"--fontsize: 19; line-height: 1.43; --minfontsize: 19;\" data-fontsize=\"19\" data-lineheight=\"27.17px\"><span style=\"font-size: 14pt;\"><strong>EIL 46b &#8211; Le BIPEA a enrichit sa gamme d&rsquo;essais interlaboratoires avec un nouveau programme dans le domaine des sirops v\u00e9g\u00e9taux (sirop d&rsquo;agave)<\/strong><\/span><\/h4>\n<p><span style=\"font-size: 14pt;\">Date : Avril 2024<\/span><br \/>\n<span style=\"font-size: 14pt;\"><a class=\"link\" href=\"https:\/\/extranet.bipea.org\/documents\/information\/PR-Avril-2024-EIL-46b.pdf\">T\u00e9l\u00e9charger<\/a><\/span><\/p>\n<h4 class=\"fusion-responsive-typography-calculated\" style=\"--fontsize: 19; line-height: 1.43; --minfontsize: 19;\" data-fontsize=\"19\" data-lineheight=\"27.17px\"><span style=\"font-size: 14pt;\"><strong>EIL 18c &#8211; Le BIPEA a enrichit sa gamme d&rsquo;essais interlaboratoires avec un nouveau programme dans le domaine des spiritueux<\/strong><\/span><\/h4>\n<p><span style=\"font-size: 14pt;\">Date : F\u00e9vrier 2024<\/span><br \/>\n<span style=\"font-size: 14pt;\"><a class=\"link\" href=\"https:\/\/extranet.bipea.org\/documents\/information\/PR-F\u00e9vrier-2024-EIL-18c.pdf\">T\u00e9l\u00e9charger<\/a><\/span><\/p>\n<h4 class=\"fusion-responsive-typography-calculated\" style=\"--fontsize: 19; line-height: 1.43; --minfontsize: 19;\" data-fontsize=\"19\" data-lineheight=\"27.17px\"><span style=\"font-size: 14pt;\"><strong>EIL 115 &#8211; Le BIPEA a enrichit sa gamme d&rsquo;essais interlaboratoires avec un nouveau programme dans le domaine des contaminants alimentaires<\/strong><\/span><\/h4>\n<p><span style=\"font-size: 14pt;\">Date : 2023<\/span><br \/>\n<span style=\"font-size: 14pt;\"><a class=\"link\" href=\"https:\/\/extranet.bipea.org\/documents\/information\/PR-2023-EIL-115.pdf\">T\u00e9l\u00e9charger<\/a><\/span><\/p>\n<h4 class=\"fusion-responsive-typography-calculated\" style=\"--fontsize: 19; line-height: 1.43; --minfontsize: 19;\" data-fontsize=\"19\" data-lineheight=\"27.17px\"><span style=\"font-size: 14pt;\"><strong>EIL 114 &#8211; Le BIPEA a enrichit sa gamme d&rsquo;essais interlaboratoires avec un nouveau programme dans en microbiologie des produits cosm\u00e9tiques<\/strong><\/span><\/h4>\n<p><span style=\"font-size: 14pt;\">Date : 2023<\/span><br \/>\n<span style=\"font-size: 14pt;\"><a class=\"link\" href=\"https:\/\/extranet.bipea.org\/documents\/information\/PR-2023-EIL-114.pdf\">T\u00e9l\u00e9charger<\/a><\/span><\/p>\n<h4 class=\"fusion-responsive-typography-calculated\" style=\"--fontsize: 19; line-height: 1.43; --minfontsize: 19;\" data-fontsize=\"19\" data-lineheight=\"27.17px\"><span style=\"font-size: 14pt;\"><strong>EIL 105b &#8211; Le BIPEA a enrichit sa gamme d&rsquo;essais interlaboratoires avec un nouveau programme en microbiologie de l&rsquo;alimentation animale<\/strong><\/span><\/h4>\n<p><span style=\"font-size: 14pt;\">Date : 2023<\/span><br \/>\n<span style=\"font-size: 14pt;\"><a class=\"link\" href=\"https:\/\/extranet.bipea.org\/documents\/information\/PR-2023-EIL-105b.pdf\">T\u00e9l\u00e9charger<\/a><\/span><\/p>\n<h4 class=\"fusion-responsive-typography-calculated\" style=\"--fontsize: 19; line-height: 1.43; --minfontsize: 19;\" data-fontsize=\"19\" data-lineheight=\"27.17px\"><span style=\"font-size: 14pt;\"><strong>EIL 101d &#8211; Le BIPEA a enrichit sa gamme d&rsquo;essais interlaboratoires avec un nouveau programme dans le domaine de l&rsquo;hygi\u00e8ne des surfaces<\/strong><\/span><\/h4>\n<p><span style=\"font-size: 14pt;\">Date : 2023<\/span><br \/>\n<span style=\"font-size: 14pt;\"><a class=\"link\" href=\"https:\/\/extranet.bipea.org\/documents\/information\/PR-2023-EIL-101d.pdf\">T\u00e9l\u00e9charger<\/a><\/span><\/p>\n<h4 class=\"fusion-responsive-typography-calculated\" style=\"--fontsize: 19; line-height: 1.43; --minfontsize: 19;\" data-fontsize=\"19\" data-lineheight=\"27.17px\"><span style=\"font-size: 14pt;\"><strong>EIL 32h &#8211; Le BIPEA a enrichit sa gamme d&rsquo;essais interlaboratoires avec un nouveau programme dans le domaine du miel<\/strong><\/span><\/h4>\n<p><span style=\"font-size: 14pt;\">Date : 2023<\/span><br \/>\n<span style=\"font-size: 14pt;\"><a class=\"link\" href=\"https:\/\/extranet.bipea.org\/documents\/information\/PR-2023-EIL-32h.pdf\">T\u00e9l\u00e9charger<\/a><\/span><\/p>\n<h4 class=\"fusion-responsive-typography-calculated\" style=\"--fontsize: 19; line-height: 1.43; --minfontsize: 19;\" data-fontsize=\"19\" data-lineheight=\"27.17px\"><span style=\"font-size: 14pt;\"><strong>EIL 24a &#8211; Le BIPEA a enrichit sa gamme d&rsquo;essais interlaboratoires avec un nouveau programme dans le domaine des engrais<\/strong><\/span><\/h4>\n<p><span style=\"font-size: 14pt;\">Date : 2023<\/span><br \/>\n<span style=\"font-size: 14pt;\"><a class=\"link\" href=\"https:\/\/extranet.bipea.org\/documents\/information\/PR-2023-EIL-24a.pdf\">T\u00e9l\u00e9charger<\/a><\/span><\/p>\n<h4 class=\"fusion-responsive-typography-calculated\" style=\"--fontsize: 19; line-height: 1.43; --minfontsize: 19;\" data-fontsize=\"19\" data-lineheight=\"27.17px\"><span style=\"font-size: 14pt;\"><strong>EIL 112 &#8211; Le BIPEA enrichit sa gamme d&rsquo;essais interlaboratoires avec un nouveau programme dans le domaine des vins<\/strong><\/span><\/h4>\n<p><span style=\"font-size: 14pt;\">Date : D\u00e9cembre 2022<\/span><br \/>\n<span style=\"font-size: 14pt;\"><a class=\"link\" href=\"https:\/\/extranet.bipea.org\/documents\/information\/PR-Decembre-2022-EIL-112.pdf\">T\u00e9l\u00e9charger<\/a><\/span><\/p>\n<h4 class=\"fusion-responsive-typography-calculated\" style=\"--fontsize: 19; line-height: 1.43; --minfontsize: 19;\" data-fontsize=\"19\" data-lineheight=\"27.17px\"><span style=\"font-size: 14pt;\"><strong>EIL 20g &#8211; Le BIPEA enrichit sa gamme d&rsquo;essais interlaboratoires avec un nouveau programme sur les produits de la p\u00eache<\/strong><\/span><\/h4>\n<p><span style=\"font-size: 14pt;\">Date : D\u00e9cembre 2022<\/span><br \/>\n<span style=\"font-size: 14pt;\"><a class=\"link\" href=\"https:\/\/extranet.bipea.org\/documents\/information\/PR-Decembre-2022-EIL-20g.pdf\">T\u00e9l\u00e9charger<\/a><\/span><\/p>\n<h4 class=\"fusion-responsive-typography-calculated\" style=\"--fontsize: 19; line-height: 1.43; --minfontsize: 19;\" data-fontsize=\"19\" data-lineheight=\"27.17px\"><span style=\"font-size: 14pt;\"><strong>EIL 98 &#8211; Le BIPEA enrichit sa gamme d&rsquo;essais interlaboratoires avec un nouveau programme dans le domaine pharmaceutique<\/strong><\/span><\/h4>\n<p><span style=\"font-size: 14pt;\">Date : Novembre 2022<\/span><br \/>\n<span style=\"font-size: 14pt;\"><a class=\"link\" href=\"https:\/\/extranet.bipea.org\/documents\/information\/PR-Novembre-2022-EIL-98.pdf\">T\u00e9l\u00e9charger<\/a><\/span><\/p>\n<h4 class=\"fusion-responsive-typography-calculated\" style=\"--fontsize: 19; line-height: 1.43; --minfontsize: 19;\" data-fontsize=\"19\" data-lineheight=\"27.17px\"><span style=\"font-size: 14pt;\"><strong>EIL 17c &#8211; Le BIPEA enrichit sa gamme d&rsquo;essais interlaboratoires avec un nouveau programme pour l\u2019analyse de vins<\/strong><\/span><\/h4>\n<p><span style=\"font-size: 14pt;\">Date : Juin 2022<\/span><br \/>\n<span style=\"font-size: 14pt;\"><a class=\"link\" href=\"https:\/\/extranet.bipea.org\/documents\/information\/PR-Juin-2022-EIL-17c.pdf\">T\u00e9l\u00e9charger<\/a><\/span><\/p>\n<h4 class=\"fusion-responsive-typography-calculated\" style=\"--fontsize: 19; line-height: 1.43; --minfontsize: 19;\" data-fontsize=\"19\" data-lineheight=\"27.17px\"><span style=\"font-size: 14pt;\"><strong>EIL 109 &#8211; Le BIPEA enrichit sa gamme d&rsquo;essais interlaboratoires avec un nouveau programme dans le domaine des cosm\u00e9tiques\u00a0<\/strong><\/span><\/h4>\n<p><span style=\"font-size: 14pt;\">Date : Mai 2022<\/span><br \/>\n<span style=\"font-size: 14pt;\"><a class=\"link\" href=\"https:\/\/extranet.bipea.org\/documents\/information\/PR-Mai-2022-CIL-109.pdf\">T\u00e9l\u00e9charger<\/a><\/span><\/p>\n<h4 class=\"fusion-responsive-typography-calculated\" style=\"--fontsize: 19; line-height: 1.43; --minfontsize: 19;\" data-fontsize=\"19\" data-lineheight=\"27.17px\"><span style=\"font-size: 14pt;\"><strong>EIL 107 &#8211; Le BIPEA enrichit sa gamme d&rsquo;essais interlaboratoires avec un nouveau programme pour la nutrition animale<\/strong><\/span><\/h4>\n<p><span style=\"font-size: 14pt;\">Date : Mai 2022<\/span><br \/>\n<span style=\"font-size: 14pt;\"><a class=\"link\" href=\"https:\/\/extranet.bipea.org\/documents\/information\/PR-Mai-2022-CIL-107.pdf\">T\u00e9l\u00e9charger<\/a><\/span><\/p>\n<h4 class=\"fusion-responsive-typography-calculated\" style=\"--fontsize: 19; line-height: 1.43; --minfontsize: 19;\" data-fontsize=\"19\" data-lineheight=\"27.17px\"><span style=\"font-size: 14pt;\"><b>Contr\u00f4le qualit\u00e9 des aliments pour animaux<\/b><\/span><\/h4>\n<p><span style=\"font-size: 14pt;\">Date : Mai 2022<\/span><br \/>\n<span style=\"font-size: 14pt;\"><a class=\"link\" href=\"https:\/\/extranet.bipea.org\/documents\/information\/PR-Mai-2022-Alimentation-animale.pdf\">T\u00e9l\u00e9charger<\/a><\/span><\/p>\n<h4 class=\"fusion-responsive-typography-calculated\" style=\"--fontsize: 19; line-height: 1.43; --minfontsize: 19;\" data-fontsize=\"19\" data-lineheight=\"27.17px\"><span style=\"font-size: 14pt;\"><strong>Quality control for the pharmaceutical industry<\/strong><\/span><\/h4>\n<p><span style=\"font-size: 14pt;\">Date : Avril 2022<\/span><br \/>\n<span style=\"font-size: 14pt;\"><a class=\"link\" href=\"https:\/\/extranet.bipea.org\/documents\/information\/PR-April-2022-Pharma.pdf\">T\u00e9l\u00e9charger<\/a><\/span><\/p>\n<h4 class=\"fusion-responsive-typography-calculated\" style=\"--fontsize: 19; line-height: 1.43; --minfontsize: 19;\" data-fontsize=\"19\" data-lineheight=\"27.17px\"><span style=\"font-size: 14pt;\"><strong>PT 111 &#8211; BIPEA offers a new proficiency test in the field of food microbiology<\/strong><\/span><\/h4>\n<p><span style=\"font-size: 14pt;\">Date : Mars 2022<\/span><br \/>\n<span style=\"font-size: 14pt;\"><a class=\"link\" href=\"https:\/\/extranet.bipea.org\/documents\/information\/PR-March-2022-PT-111.pdf\">T\u00e9l\u00e9charger<\/a><\/span><\/p>\n<h4 class=\"fusion-responsive-typography-calculated\" style=\"--fontsize: 19; line-height: 1.43; --minfontsize: 19;\" data-fontsize=\"19\" data-lineheight=\"27.17px\"><span style=\"font-size: 14pt;\"><strong>PT 35d &#8211; BIPEA offers a new proficiency test in the field of water microbiology<\/strong><\/span><\/h4>\n<p><span style=\"font-size: 14pt;\">Date : F\u00e9vrier 2022<\/span><br \/>\n<span style=\"font-size: 14pt;\"><a class=\"link\" href=\"https:\/\/extranet.bipea.org\/documents\/information\/PR-February-2022-PT-35d.pdf\">T\u00e9l\u00e9charger<\/a><\/span><\/p>\n<h4 class=\"fusion-responsive-typography-calculated\" style=\"--fontsize: 19; line-height: 1.43; --minfontsize: 19;\" data-fontsize=\"19\" data-lineheight=\"27.17px\"><span style=\"font-size: 14pt;\"><strong>Quality control tools for environmental testing laboratories<\/strong><\/span><\/h4>\n<p><span style=\"font-size: 14pt;\">Date : F\u00e9vrier 2022<\/span><br \/>\n<span style=\"font-size: 14pt;\"><a class=\"link\" href=\"https:\/\/extranet.bipea.org\/documents\/information\/PR-February-2022-environment.pdf\">T\u00e9l\u00e9charger<\/a><\/span><\/p>\n<h4 class=\"fusion-responsive-typography-calculated\" style=\"--fontsize: 19; line-height: 1.43; --minfontsize: 19;\" data-fontsize=\"19\" data-lineheight=\"27.17px\"><span style=\"font-size: 14pt;\"><strong>Quality control tools for food testing laboratories<\/strong><\/span><\/h4>\n<p><span style=\"font-size: 14pt;\">Date : Janvier 2022<\/span><br \/>\n<span style=\"font-size: 14pt;\"><a class=\"link\" href=\"https:\/\/extranet.bipea.org\/documents\/information\/PR-January-2022-Food.pdf\">T\u00e9l\u00e9charger<\/a><\/span><\/p>\n<\/div><div class=\"fusion-clearfix\"><\/div><\/div><\/div><\/div><\/div><\/p>\n","protected":false},"excerpt":{"rendered":"","protected":false},"author":3,"featured_media":0,"parent":0,"menu_order":0,"comment_status":"closed","ping_status":"closed","template":"","meta":{"footnotes":""},"class_list":["post-18259","page","type-page","status-publish","hentry"],"yoast_head":"<!-- This site is optimized with the Yoast SEO plugin v27.0 - https:\/\/yoast.com\/product\/yoast-seo-wordpress\/ -->\n<title>Communiqu\u00e9s de presse - Bipea<\/title>\n<meta name=\"robots\" content=\"index, follow, max-snippet:-1, max-image-preview:large, max-video-preview:-1\" \/>\n<link rel=\"canonical\" href=\"https:\/\/www.bipea.org\/fr\/communiques-de-presse\/\" \/>\n<meta property=\"og:locale\" content=\"fr_FR\" \/>\n<meta property=\"og:type\" content=\"article\" \/>\n<meta property=\"og:title\" content=\"Communiqu\u00e9s de presse - Bipea\" \/>\n<meta property=\"og:url\" content=\"https:\/\/www.bipea.org\/fr\/communiques-de-presse\/\" \/>\n<meta property=\"og:site_name\" content=\"Bipea\" \/>\n<meta property=\"article:publisher\" content=\"https:\/\/www.facebook.com\/Bipea-Proficiency-Testing-Programs-1726595444310313\/\" \/>\n<meta property=\"article:modified_time\" content=\"2025-07-04T12:33:01+00:00\" \/>\n<meta name=\"twitter:card\" content=\"summary_large_image\" \/>\n<meta name=\"twitter:site\" content=\"@BipeaP\" \/>\n<meta name=\"twitter:label1\" content=\"Dur\u00e9e de lecture estim\u00e9e\" \/>\n\t<meta name=\"twitter:data1\" content=\"5 minutes\" \/>\n<script type=\"application\/ld+json\" class=\"yoast-schema-graph\">{\"@context\":\"https:\/\/schema.org\",\"@graph\":[{\"@type\":\"WebPage\",\"@id\":\"https:\/\/www.bipea.org\/fr\/communiques-de-presse\/\",\"url\":\"https:\/\/www.bipea.org\/fr\/communiques-de-presse\/\",\"name\":\"Communiqu\u00e9s de presse - Bipea\",\"isPartOf\":{\"@id\":\"https:\/\/www.bipea.org\/fr\/#website\"},\"datePublished\":\"2022-09-02T13:09:57+00:00\",\"dateModified\":\"2025-07-04T12:33:01+00:00\",\"breadcrumb\":{\"@id\":\"https:\/\/www.bipea.org\/fr\/communiques-de-presse\/#breadcrumb\"},\"inLanguage\":\"fr-FR\",\"potentialAction\":[{\"@type\":\"ReadAction\",\"target\":[\"https:\/\/www.bipea.org\/fr\/communiques-de-presse\/\"]}]},{\"@type\":\"BreadcrumbList\",\"@id\":\"https:\/\/www.bipea.org\/fr\/communiques-de-presse\/#breadcrumb\",\"itemListElement\":[{\"@type\":\"ListItem\",\"position\":1,\"name\":\"Accueil\",\"item\":\"https:\/\/www.bipea.org\/fr\/\"},{\"@type\":\"ListItem\",\"position\":2,\"name\":\"Communiqu\u00e9s de presse\"}]},{\"@type\":\"WebSite\",\"@id\":\"https:\/\/www.bipea.org\/fr\/#website\",\"url\":\"https:\/\/www.bipea.org\/fr\/\",\"name\":\"Bipea\",\"description\":\"\",\"potentialAction\":[{\"@type\":\"SearchAction\",\"target\":{\"@type\":\"EntryPoint\",\"urlTemplate\":\"https:\/\/www.bipea.org\/fr\/?s={search_term_string}\"},\"query-input\":{\"@type\":\"PropertyValueSpecification\",\"valueRequired\":true,\"valueName\":\"search_term_string\"}}],\"inLanguage\":\"fr-FR\"}]}<\/script>\n<!-- \/ Yoast SEO plugin. -->","yoast_head_json":{"title":"Communiqu\u00e9s de presse - Bipea","robots":{"index":"index","follow":"follow","max-snippet":"max-snippet:-1","max-image-preview":"max-image-preview:large","max-video-preview":"max-video-preview:-1"},"canonical":"https:\/\/www.bipea.org\/fr\/communiques-de-presse\/","og_locale":"fr_FR","og_type":"article","og_title":"Communiqu\u00e9s de presse - Bipea","og_url":"https:\/\/www.bipea.org\/fr\/communiques-de-presse\/","og_site_name":"Bipea","article_publisher":"https:\/\/www.facebook.com\/Bipea-Proficiency-Testing-Programs-1726595444310313\/","article_modified_time":"2025-07-04T12:33:01+00:00","twitter_card":"summary_large_image","twitter_site":"@BipeaP","twitter_misc":{"Dur\u00e9e de lecture estim\u00e9e":"5 minutes"},"schema":{"@context":"https:\/\/schema.org","@graph":[{"@type":"WebPage","@id":"https:\/\/www.bipea.org\/fr\/communiques-de-presse\/","url":"https:\/\/www.bipea.org\/fr\/communiques-de-presse\/","name":"Communiqu\u00e9s de presse - Bipea","isPartOf":{"@id":"https:\/\/www.bipea.org\/fr\/#website"},"datePublished":"2022-09-02T13:09:57+00:00","dateModified":"2025-07-04T12:33:01+00:00","breadcrumb":{"@id":"https:\/\/www.bipea.org\/fr\/communiques-de-presse\/#breadcrumb"},"inLanguage":"fr-FR","potentialAction":[{"@type":"ReadAction","target":["https:\/\/www.bipea.org\/fr\/communiques-de-presse\/"]}]},{"@type":"BreadcrumbList","@id":"https:\/\/www.bipea.org\/fr\/communiques-de-presse\/#breadcrumb","itemListElement":[{"@type":"ListItem","position":1,"name":"Accueil","item":"https:\/\/www.bipea.org\/fr\/"},{"@type":"ListItem","position":2,"name":"Communiqu\u00e9s de presse"}]},{"@type":"WebSite","@id":"https:\/\/www.bipea.org\/fr\/#website","url":"https:\/\/www.bipea.org\/fr\/","name":"Bipea","description":"","potentialAction":[{"@type":"SearchAction","target":{"@type":"EntryPoint","urlTemplate":"https:\/\/www.bipea.org\/fr\/?s={search_term_string}"},"query-input":{"@type":"PropertyValueSpecification","valueRequired":true,"valueName":"search_term_string"}}],"inLanguage":"fr-FR"}]}},"_links":{"self":[{"href":"https:\/\/www.bipea.org\/fr\/wp-json\/wp\/v2\/pages\/18259","targetHints":{"allow":["GET"]}}],"collection":[{"href":"https:\/\/www.bipea.org\/fr\/wp-json\/wp\/v2\/pages"}],"about":[{"href":"https:\/\/www.bipea.org\/fr\/wp-json\/wp\/v2\/types\/page"}],"author":[{"embeddable":true,"href":"https:\/\/www.bipea.org\/fr\/wp-json\/wp\/v2\/users\/3"}],"replies":[{"embeddable":true,"href":"https:\/\/www.bipea.org\/fr\/wp-json\/wp\/v2\/comments?post=18259"}],"version-history":[{"count":24,"href":"https:\/\/www.bipea.org\/fr\/wp-json\/wp\/v2\/pages\/18259\/revisions"}],"predecessor-version":[{"id":23062,"href":"https:\/\/www.bipea.org\/fr\/wp-json\/wp\/v2\/pages\/18259\/revisions\/23062"}],"wp:attachment":[{"href":"https:\/\/www.bipea.org\/fr\/wp-json\/wp\/v2\/media?parent=18259"}],"curies":[{"name":"wp","href":"https:\/\/api.w.org\/{rel}","templated":true}]}}