{"id":17350,"date":"2022-05-04T17:25:00","date_gmt":"2022-05-04T15:25:00","guid":{"rendered":"https:\/\/www.bipea.org\/?page_id=17350"},"modified":"2025-07-04T11:21:49","modified_gmt":"2025-07-04T09:21:49","slug":"commissions-scientifiques","status":"publish","type":"page","link":"https:\/\/www.bipea.org\/fr\/commissions-scientifiques\/","title":{"rendered":"COMMISSIONS SCIENTIFIQUES"},"content":{"rendered":"<div class=\"fusion-fullwidth fullwidth-box fusion-builder-row-1 nonhundred-percent-fullwidth non-hundred-percent-height-scrolling\" style=\"--awb-border-radius-top-left:0px;--awb-border-radius-top-right:0px;--awb-border-radius-bottom-right:0px;--awb-border-radius-bottom-left:0px;--awb-flex-wrap:wrap;\" ><div class=\"fusion-builder-row fusion-row\"><div class=\"fusion-layout-column fusion_builder_column fusion-builder-column-0 fusion_builder_column_1_1 1_1 fusion-one-full fusion-column-first fusion-column-last\" style=\"--awb-bg-size:cover;--awb-margin-bottom:0px;\"><div class=\"fusion-column-wrapper fusion-flex-column-wrapper-legacy\"><div class=\"fusion-text fusion-text-1\"><p style=\"text-align: right;\"><em><span style=\"font-family: georgia, palatino, serif; font-size: 10pt;\">|<a href=\"https:\/\/www.bipea.org\/fr\/structure-associative\/\">Structure associative<\/a><\/span><\/em><\/p>\n<p style=\"text-align: right;\"><em><span style=\"font-family: georgia, palatino, serif; font-size: 10pt;\">|<a href=\"https:\/\/www.bipea.org\/fr\/organigramme\/\">Organigramme<\/a><\/span><\/em><\/p>\n<p style=\"text-align: right;\"><em><span style=\"font-family: georgia, palatino, serif; font-size: 10pt;\">|<a href=\"https:\/\/www.bipea.org\/fr\/ca-et-cdt\">Directeurs du BIPEA<\/a><\/span><\/em><\/p>\n<p style=\"text-align: right;\"><em><span style=\"font-family: georgia, palatino, serif; font-size: 10pt;\">|<a href=\"https:\/\/www.bipea.org\/fr\/presidents\/\">Presidents d&rsquo;EILs<\/a><\/span><\/em><\/p>\n<p style=\"text-align: center;\"><span style=\"color: #008000;\"><strong><span style=\"font-size: 24pt;\">COMMISSIONS SCIENTIFIQUES ET R\u00d4LE DES MEMBRES<br \/>\n<\/span><\/strong><\/span><\/p>\n<p><span style=\"font-size: 14pt;\"><strong><span style=\"color: #0076b3;\">POURQUOI PARTICIPER AUX COMMISSIONS SCIENTIFIQUES ?<\/span><\/strong><\/span><\/p>\n<p><span style=\"color: #ffffff; font-size: 14pt;\">.<\/span><span style=\"font-size: 14pt;\">Les commissions, pr\u00e9sent\u00e9es par les \u00ab pr\u00e9sidents-adh\u00e9rents \u00bb, sont des lieux d\u2019\u00e9change qui ont pour but de contribuer \u00e0 l\u2019am\u00e9lioration des programmes d\u2019essais interlaboratoires. Pendant ces commissions, la conception du programme est discut\u00e9e : le choix des \u00e9chantillons, la fr\u00e9quence des essais, le volume des \u00e9chantillons, le calcul de la valeur assign\u00e9e, les matrices et les crit\u00e8res recherch\u00e9es, les m\u00e9thodes d\u2019analyse, la fourniture de mati\u00e8res premi\u00e8res\u2026<\/span><\/p>\n<p><span style=\"font-size: 14pt;\">Les commissions sont ainsi un lieu de partage durant lequel vous pouvez proposer des suggestions (ajout de matrices, crit\u00e8res\u2026) et discuter avec les autres participants des pratiques analytiques.<\/span><\/p>\n<p><span style=\"font-size: 14pt;\">A la fin de la commission, le BIPEA \u00e9tudie la faisabilit\u00e9 des propositions faites et les int\u00e8greront dans les futurs d\u00e9veloppements.<\/span><br \/>\n<span style=\"font-size: 14pt;\">Le mode de travail collaboratif est une grande force du BIPEA.<\/span><\/p>\n<p><span style=\"color: #ffffff; font-size: 14pt;\">.<\/span><\/p>\n<\/div><div class=\"fusion-clearfix\"><\/div><\/div><\/div><div class=\"fusion-layout-column fusion_builder_column fusion-builder-column-1 fusion_builder_column_1_1 1_1 fusion-one-full fusion-column-first fusion-column-last\" style=\"--awb-bg-size:cover;--awb-margin-bottom:0px;\"><div class=\"fusion-column-wrapper fusion-flex-column-wrapper-legacy\"><div class=\"fusion-text fusion-text-2\"><p><span style=\"font-size: 14pt;\"><strong><span style=\"color: #0076b3;\">LES AVANTAGES DES COMMISSIONS<\/span><\/strong><\/span><\/p>\n<\/div><div class=\"fusion-text fusion-text-3\"><div class=\"video-shortcode\"><iframe title=\"ADVANTAGES OF SCIENTIFIC COMMITTEES - BIPEA\" width=\"1100\" height=\"619\" src=\"https:\/\/www.youtube.com\/embed\/eJlB5b7UMxU?feature=oembed\" frameborder=\"0\" allow=\"accelerometer; autoplay; clipboard-write; encrypted-media; gyroscope; picture-in-picture\" allowfullscreen><\/iframe><\/div>\n<\/div><div class=\"fusion-clearfix\"><\/div><\/div><\/div><\/div><\/div>\n","protected":false},"excerpt":{"rendered":"","protected":false},"author":3,"featured_media":0,"parent":0,"menu_order":0,"comment_status":"closed","ping_status":"closed","template":"","meta":{"footnotes":""},"class_list":["post-17350","page","type-page","status-publish","hentry"],"yoast_head":"<!-- This site is optimized with the Yoast SEO plugin v27.0 - https:\/\/yoast.com\/product\/yoast-seo-wordpress\/ -->\n<title>COMMISSIONS SCIENTIFIQUES - Bipea<\/title>\n<meta name=\"robots\" content=\"index, follow, max-snippet:-1, max-image-preview:large, max-video-preview:-1\" \/>\n<link rel=\"canonical\" href=\"https:\/\/www.bipea.org\/fr\/commissions-scientifiques\/\" \/>\n<meta property=\"og:locale\" content=\"fr_FR\" \/>\n<meta property=\"og:type\" content=\"article\" \/>\n<meta property=\"og:title\" content=\"COMMISSIONS SCIENTIFIQUES - Bipea\" \/>\n<meta property=\"og:url\" content=\"https:\/\/www.bipea.org\/fr\/commissions-scientifiques\/\" \/>\n<meta property=\"og:site_name\" content=\"Bipea\" \/>\n<meta property=\"article:publisher\" content=\"https:\/\/www.facebook.com\/Bipea-Proficiency-Testing-Programs-1726595444310313\/\" \/>\n<meta property=\"article:modified_time\" content=\"2025-07-04T09:21:49+00:00\" \/>\n<meta name=\"twitter:card\" content=\"summary_large_image\" \/>\n<meta name=\"twitter:site\" content=\"@BipeaP\" \/>\n<meta name=\"twitter:label1\" content=\"Dur\u00e9e de lecture estim\u00e9e\" \/>\n\t<meta name=\"twitter:data1\" content=\"4 minutes\" \/>\n<script type=\"application\/ld+json\" class=\"yoast-schema-graph\">{\"@context\":\"https:\/\/schema.org\",\"@graph\":[{\"@type\":\"WebPage\",\"@id\":\"https:\/\/www.bipea.org\/fr\/commissions-scientifiques\/\",\"url\":\"https:\/\/www.bipea.org\/fr\/commissions-scientifiques\/\",\"name\":\"COMMISSIONS SCIENTIFIQUES - Bipea\",\"isPartOf\":{\"@id\":\"https:\/\/www.bipea.org\/fr\/#website\"},\"datePublished\":\"2022-05-04T15:25:00+00:00\",\"dateModified\":\"2025-07-04T09:21:49+00:00\",\"breadcrumb\":{\"@id\":\"https:\/\/www.bipea.org\/fr\/commissions-scientifiques\/#breadcrumb\"},\"inLanguage\":\"fr-FR\",\"potentialAction\":[{\"@type\":\"ReadAction\",\"target\":[\"https:\/\/www.bipea.org\/fr\/commissions-scientifiques\/\"]}]},{\"@type\":\"BreadcrumbList\",\"@id\":\"https:\/\/www.bipea.org\/fr\/commissions-scientifiques\/#breadcrumb\",\"itemListElement\":[{\"@type\":\"ListItem\",\"position\":1,\"name\":\"Accueil\",\"item\":\"https:\/\/www.bipea.org\/fr\/\"},{\"@type\":\"ListItem\",\"position\":2,\"name\":\"COMMISSIONS SCIENTIFIQUES\"}]},{\"@type\":\"WebSite\",\"@id\":\"https:\/\/www.bipea.org\/fr\/#website\",\"url\":\"https:\/\/www.bipea.org\/fr\/\",\"name\":\"Bipea\",\"description\":\"\",\"potentialAction\":[{\"@type\":\"SearchAction\",\"target\":{\"@type\":\"EntryPoint\",\"urlTemplate\":\"https:\/\/www.bipea.org\/fr\/?s={search_term_string}\"},\"query-input\":{\"@type\":\"PropertyValueSpecification\",\"valueRequired\":true,\"valueName\":\"search_term_string\"}}],\"inLanguage\":\"fr-FR\"}]}<\/script>\n<!-- \/ Yoast SEO plugin. -->","yoast_head_json":{"title":"COMMISSIONS SCIENTIFIQUES - Bipea","robots":{"index":"index","follow":"follow","max-snippet":"max-snippet:-1","max-image-preview":"max-image-preview:large","max-video-preview":"max-video-preview:-1"},"canonical":"https:\/\/www.bipea.org\/fr\/commissions-scientifiques\/","og_locale":"fr_FR","og_type":"article","og_title":"COMMISSIONS SCIENTIFIQUES - Bipea","og_url":"https:\/\/www.bipea.org\/fr\/commissions-scientifiques\/","og_site_name":"Bipea","article_publisher":"https:\/\/www.facebook.com\/Bipea-Proficiency-Testing-Programs-1726595444310313\/","article_modified_time":"2025-07-04T09:21:49+00:00","twitter_card":"summary_large_image","twitter_site":"@BipeaP","twitter_misc":{"Dur\u00e9e de lecture estim\u00e9e":"4 minutes"},"schema":{"@context":"https:\/\/schema.org","@graph":[{"@type":"WebPage","@id":"https:\/\/www.bipea.org\/fr\/commissions-scientifiques\/","url":"https:\/\/www.bipea.org\/fr\/commissions-scientifiques\/","name":"COMMISSIONS SCIENTIFIQUES - Bipea","isPartOf":{"@id":"https:\/\/www.bipea.org\/fr\/#website"},"datePublished":"2022-05-04T15:25:00+00:00","dateModified":"2025-07-04T09:21:49+00:00","breadcrumb":{"@id":"https:\/\/www.bipea.org\/fr\/commissions-scientifiques\/#breadcrumb"},"inLanguage":"fr-FR","potentialAction":[{"@type":"ReadAction","target":["https:\/\/www.bipea.org\/fr\/commissions-scientifiques\/"]}]},{"@type":"BreadcrumbList","@id":"https:\/\/www.bipea.org\/fr\/commissions-scientifiques\/#breadcrumb","itemListElement":[{"@type":"ListItem","position":1,"name":"Accueil","item":"https:\/\/www.bipea.org\/fr\/"},{"@type":"ListItem","position":2,"name":"COMMISSIONS SCIENTIFIQUES"}]},{"@type":"WebSite","@id":"https:\/\/www.bipea.org\/fr\/#website","url":"https:\/\/www.bipea.org\/fr\/","name":"Bipea","description":"","potentialAction":[{"@type":"SearchAction","target":{"@type":"EntryPoint","urlTemplate":"https:\/\/www.bipea.org\/fr\/?s={search_term_string}"},"query-input":{"@type":"PropertyValueSpecification","valueRequired":true,"valueName":"search_term_string"}}],"inLanguage":"fr-FR"}]}},"_links":{"self":[{"href":"https:\/\/www.bipea.org\/fr\/wp-json\/wp\/v2\/pages\/17350","targetHints":{"allow":["GET"]}}],"collection":[{"href":"https:\/\/www.bipea.org\/fr\/wp-json\/wp\/v2\/pages"}],"about":[{"href":"https:\/\/www.bipea.org\/fr\/wp-json\/wp\/v2\/types\/page"}],"author":[{"embeddable":true,"href":"https:\/\/www.bipea.org\/fr\/wp-json\/wp\/v2\/users\/3"}],"replies":[{"embeddable":true,"href":"https:\/\/www.bipea.org\/fr\/wp-json\/wp\/v2\/comments?post=17350"}],"version-history":[{"count":49,"href":"https:\/\/www.bipea.org\/fr\/wp-json\/wp\/v2\/pages\/17350\/revisions"}],"predecessor-version":[{"id":23053,"href":"https:\/\/www.bipea.org\/fr\/wp-json\/wp\/v2\/pages\/17350\/revisions\/23053"}],"wp:attachment":[{"href":"https:\/\/www.bipea.org\/fr\/wp-json\/wp\/v2\/media?parent=17350"}],"curies":[{"name":"wp","href":"https:\/\/api.w.org\/{rel}","templated":true}]}}