{"id":17335,"date":"2022-08-31T16:39:46","date_gmt":"2022-08-31T14:39:46","guid":{"rendered":"https:\/\/www.bipea.org\/?page_id=17335"},"modified":"2026-02-06T11:46:57","modified_gmt":"2026-02-06T10:46:57","slug":"collaboration-avec-eurachem","status":"publish","type":"page","link":"https:\/\/www.bipea.org\/fr\/collaboration-avec-eurachem\/","title":{"rendered":"Collaboration avec EURACHEM"},"content":{"rendered":"<div class=\"fusion-fullwidth fullwidth-box fusion-builder-row-1 fusion-flex-container has-pattern-background has-mask-background nonhundred-percent-fullwidth non-hundred-percent-height-scrolling\" style=\"--awb-border-radius-top-left:0px;--awb-border-radius-top-right:0px;--awb-border-radius-bottom-right:0px;--awb-border-radius-bottom-left:0px;--awb-flex-wrap:wrap;\" ><div class=\"fusion-builder-row fusion-row fusion-flex-align-items-flex-start fusion-flex-content-wrap\" style=\"max-width:1144px;margin-left: calc(-4% \/ 2 );margin-right: calc(-4% \/ 2 );\"><div class=\"fusion-layout-column fusion_builder_column fusion-builder-column-0 fusion_builder_column_1_2 1_2 fusion-flex-column\" style=\"--awb-bg-size:cover;--awb-width-large:50%;--awb-margin-top-large:0px;--awb-spacing-right-large:3.84%;--awb-margin-bottom-large:20px;--awb-spacing-left-large:3.84%;--awb-width-medium:100%;--awb-order-medium:0;--awb-spacing-right-medium:1.92%;--awb-spacing-left-medium:1.92%;--awb-width-small:100%;--awb-order-small:0;--awb-spacing-right-small:1.92%;--awb-spacing-left-small:1.92%;\"><div class=\"fusion-column-wrapper fusion-column-has-shadow fusion-flex-justify-content-flex-start fusion-content-layout-column\"><div class=\"fusion-text fusion-text-1\"><p style=\"text-align: center;\"><span style=\"font-size: 24pt; color: #008000;\"><strong>COLLABORATION AVEC EURACHEM<\/strong><\/span><\/p>\n<p class=\"font_8\" style=\"text-align: justify;\"><strong><span style=\"color: #0076b3; font-size: 14pt;\"><span style=\"color: #ffffff;\">.<\/span><\/span><\/strong><\/p>\n<p class=\"font_8\" style=\"text-align: justify;\"><strong><span style=\"color: #0076b3; font-size: 14pt;\">Le BIPEA est le repr\u00e9sentant pour la France au sein d&rsquo;EURACHEM<\/span><\/strong><\/p>\n<p class=\"font_8\" style=\"text-align: justify;\"><span style=\"font-size: 14pt;\">EURACHEM est un r\u00e9seau d&rsquo;organisations en Europe, ayant pour objectif d&rsquo;\u00e9tablir un syst\u00e8me de tra\u00e7abilit\u00e9 internationale des mesures chimiques et de promouvoir les bonnes pratiques de qualit\u00e9.<\/span><\/p>\n<p><span style=\"font-size: 14pt;\">Depuis 2014, <strong><span style=\"color: #0076b3;\">le BIPEA est impliqu\u00e9 \u00e0 EURACHEM dans de nombreux projets tels que la participation \u00e0 des workshops techniques, la traduction de brochures d&rsquo;information en fran\u00e7ais et l&rsquo;organisation de formations scientifiques<\/span><\/strong> destin\u00e9es aux directeurs de laboratoire, responsables qualit\u00e9 et techniciens de laboratoire.<\/span><\/p>\n<p style=\"text-align: justify;\"><strong><span class=\"wixGuard\" style=\"font-size: 14pt;\"><span style=\"color: #ffffff;\">.<\/span><\/span><\/strong><\/p>\n<p style=\"text-align: justify;\"><strong><span class=\"wixGuard\" style=\"font-size: 14pt;\">Les brochures d&rsquo;information traduits sont disponibles ci-dessous :<\/span><\/strong><\/p>\n<ul>\n<li style=\"text-align: justify;\"><span style=\"font-size: 14pt; color: #0076b3;\"><a style=\"color: #0076b3;\" href=\"https:\/\/www.eurachem.org\/images\/stories\/leaflets\/pt\/labhelp\/how_can_PT_help_my_lab_2013_FR.pdf\"><em><span class=\"wixGuard\">Comment les essais d\u2019aptitude peuvent \u00eatre b\u00e9n\u00e9fiques pour mon laboratoire ?<\/span><\/em><\/a><\/span><\/li>\n<li style=\"text-align: justify;\"><span style=\"font-size: 14pt; color: #0076b3;\"><a style=\"color: #0076b3;\" href=\"https:\/\/www.eurachem.org\/images\/stories\/leaflets\/pt\/selection\/Eurachem_PT_Selection_FR.pdf\"><em><span class=\"wixGuard\">Choisir le bon essai d\u2019aptitude pour mon laboratoire<\/span><\/em><\/a><\/span><\/li>\n<li style=\"text-align: justify;\"><span style=\"font-size: 14pt; color: #0076b3;\"><a style=\"color: #0076b3;\" href=\"https:\/\/www.eurachem.org\/images\/stories\/leaflets\/pt\/PT_frequency\/PT_How_much_How_Often_FR.pdf\"><em><span class=\"wixGuard\">Essais interlaboratoires : Combien et selon quelle fr\u00e9quence ?<\/span><\/em><\/a><\/span><\/li>\n<li style=\"text-align: justify;\"><span style=\"font-size: 14pt; color: #0076b3;\"><a style=\"color: #0076b3;\" href=\"https:\/\/www.eurachem.org\/images\/stories\/leaflets\/pt\/PT_surplus\/PT_Surplus_Materials_V1_FR.pdf\"><em><span class=\"wixGuard\">Utilisation d\u2019\u00e9chantillons issus d\u2019essais d\u2019aptitude<\/span><\/em><\/a><\/span><\/li>\n<li style=\"text-align: justify;\"><span style=\"font-size: 14pt; color: #0076b3;\"><a style=\"color: #0076b3;\" href=\"https:\/\/www.eurachem.org\/images\/stories\/leaflets\/pt\/PT_poor_perf\/Poor_PT_Performance_FR.pdf\"><em><span class=\"wixGuard\">Que faire en cas de mauvaise performance \u00e0 un essai d\u2019aptitude<\/span><\/em><\/a><\/span><\/li>\n<li style=\"text-align: justify;\"><span style=\"font-size: 14pt; color: #0076b3;\"><a style=\"color: #0076b3;\" href=\"https:\/\/www.eurachem.org\/images\/stories\/leaflets\/pt\/PT_sampling\/PT_for_Sampling_FR.pdf\"><em><span class=\"wixGuard\">Essais d\u2019aptitude pour l\u2019\u00e9chantillonnage<\/span><\/em><\/a><\/span><\/li>\n<\/ul>\n<p><span style=\"font-size: 14pt;\">Pour plus d&rsquo;informations sur EURACHEM, veuillez cliquer ici : <a href=\"https:\/\/www.eurachem.org\/index.php\">Site internet d&rsquo;EURACHEM<\/a><\/span><\/p>\n<\/div><\/div><\/div><div class=\"fusion-layout-column fusion_builder_column fusion-builder-column-1 fusion_builder_column_1_2 1_2 fusion-flex-column\" style=\"--awb-bg-size:cover;--awb-width-large:50%;--awb-margin-top-large:0px;--awb-spacing-right-large:3.84%;--awb-margin-bottom-large:20px;--awb-spacing-left-large:3.84%;--awb-width-medium:100%;--awb-order-medium:0;--awb-spacing-right-medium:1.92%;--awb-spacing-left-medium:1.92%;--awb-width-small:100%;--awb-order-small:0;--awb-spacing-right-small:1.92%;--awb-spacing-left-small:1.92%;\"><div class=\"fusion-column-wrapper fusion-column-has-shadow fusion-flex-justify-content-flex-start fusion-content-layout-column\"><div class=\"fusion-text fusion-text-2\"><p style=\"text-align: center;\"><span style=\"font-size: 24pt; color: #008000;\"><strong>PARTICIPEZ AU 11\u00e8me PT WORKSHOP\u00a0<\/strong><\/span><span style=\"font-size: 24pt; color: #008000;\"><strong>A ALICANTE<\/strong><\/span><\/p>\n<p class=\"font_8\" style=\"text-align: justify;\"><strong><span style=\"color: #0076b3; font-size: 14pt;\"><span style=\"color: #ffffff;\">.<\/span><\/span><\/strong><\/p>\n<p><iframe src=\"\/\/www.youtube.com\/embed\/HskPN3-4XvI\" width=\"450\" height=\"252\" allowfullscreen=\"allowfullscreen\"><\/iframe><\/p>\n<p><span style=\"color: #ffffff;\">.<\/span><\/p>\n<p><span style=\"font-size: 14pt;\">Date : du 28\/09\/2026 au 01\/10\/2026<\/span><\/p>\n<p><span style=\"font-size: 14pt;\">Lieu :\u00a0Hotel Complejo San Juan in\u00a0Alicante, Spain<\/span><\/p>\n<p><span style=\"font-size: 14pt;\">Inscription : <a href=\"https:\/\/eurachem-ptalicante2026.org\/registration\/\">Registration \u2013 Eurachem Alicante 2026<\/a><\/span><\/p>\n<\/div><\/div><\/div><\/div><\/div>\n","protected":false},"excerpt":{"rendered":"","protected":false},"author":3,"featured_media":0,"parent":0,"menu_order":0,"comment_status":"closed","ping_status":"closed","template":"","meta":{"footnotes":""},"class_list":["post-17335","page","type-page","status-publish","hentry"],"yoast_head":"<!-- This site is optimized with the Yoast SEO plugin v27.0 - https:\/\/yoast.com\/product\/yoast-seo-wordpress\/ -->\n<title>Collaboration avec EURACHEM - Bipea<\/title>\n<meta name=\"robots\" content=\"index, follow, max-snippet:-1, max-image-preview:large, max-video-preview:-1\" \/>\n<link rel=\"canonical\" href=\"https:\/\/www.bipea.org\/fr\/collaboration-avec-eurachem\/\" \/>\n<meta property=\"og:locale\" content=\"fr_FR\" \/>\n<meta property=\"og:type\" content=\"article\" \/>\n<meta property=\"og:title\" content=\"Collaboration avec EURACHEM - Bipea\" \/>\n<meta property=\"og:url\" content=\"https:\/\/www.bipea.org\/fr\/collaboration-avec-eurachem\/\" \/>\n<meta property=\"og:site_name\" content=\"Bipea\" \/>\n<meta property=\"article:publisher\" content=\"https:\/\/www.facebook.com\/Bipea-Proficiency-Testing-Programs-1726595444310313\/\" \/>\n<meta property=\"article:modified_time\" content=\"2026-02-06T10:46:57+00:00\" \/>\n<meta name=\"twitter:card\" content=\"summary_large_image\" \/>\n<meta name=\"twitter:site\" content=\"@BipeaP\" \/>\n<meta name=\"twitter:label1\" content=\"Dur\u00e9e de lecture estim\u00e9e\" \/>\n\t<meta name=\"twitter:data1\" content=\"1 minute\" \/>\n<script type=\"application\/ld+json\" class=\"yoast-schema-graph\">{\"@context\":\"https:\/\/schema.org\",\"@graph\":[{\"@type\":\"WebPage\",\"@id\":\"https:\/\/www.bipea.org\/fr\/collaboration-avec-eurachem\/\",\"url\":\"https:\/\/www.bipea.org\/fr\/collaboration-avec-eurachem\/\",\"name\":\"Collaboration avec EURACHEM - Bipea\",\"isPartOf\":{\"@id\":\"https:\/\/www.bipea.org\/fr\/#website\"},\"datePublished\":\"2022-08-31T14:39:46+00:00\",\"dateModified\":\"2026-02-06T10:46:57+00:00\",\"breadcrumb\":{\"@id\":\"https:\/\/www.bipea.org\/fr\/collaboration-avec-eurachem\/#breadcrumb\"},\"inLanguage\":\"fr-FR\",\"potentialAction\":[{\"@type\":\"ReadAction\",\"target\":[\"https:\/\/www.bipea.org\/fr\/collaboration-avec-eurachem\/\"]}]},{\"@type\":\"BreadcrumbList\",\"@id\":\"https:\/\/www.bipea.org\/fr\/collaboration-avec-eurachem\/#breadcrumb\",\"itemListElement\":[{\"@type\":\"ListItem\",\"position\":1,\"name\":\"Accueil\",\"item\":\"https:\/\/www.bipea.org\/fr\/\"},{\"@type\":\"ListItem\",\"position\":2,\"name\":\"Collaboration avec EURACHEM\"}]},{\"@type\":\"WebSite\",\"@id\":\"https:\/\/www.bipea.org\/fr\/#website\",\"url\":\"https:\/\/www.bipea.org\/fr\/\",\"name\":\"Bipea\",\"description\":\"\",\"potentialAction\":[{\"@type\":\"SearchAction\",\"target\":{\"@type\":\"EntryPoint\",\"urlTemplate\":\"https:\/\/www.bipea.org\/fr\/?s={search_term_string}\"},\"query-input\":{\"@type\":\"PropertyValueSpecification\",\"valueRequired\":true,\"valueName\":\"search_term_string\"}}],\"inLanguage\":\"fr-FR\"}]}<\/script>\n<!-- \/ Yoast SEO plugin. -->","yoast_head_json":{"title":"Collaboration avec EURACHEM - Bipea","robots":{"index":"index","follow":"follow","max-snippet":"max-snippet:-1","max-image-preview":"max-image-preview:large","max-video-preview":"max-video-preview:-1"},"canonical":"https:\/\/www.bipea.org\/fr\/collaboration-avec-eurachem\/","og_locale":"fr_FR","og_type":"article","og_title":"Collaboration avec EURACHEM - Bipea","og_url":"https:\/\/www.bipea.org\/fr\/collaboration-avec-eurachem\/","og_site_name":"Bipea","article_publisher":"https:\/\/www.facebook.com\/Bipea-Proficiency-Testing-Programs-1726595444310313\/","article_modified_time":"2026-02-06T10:46:57+00:00","twitter_card":"summary_large_image","twitter_site":"@BipeaP","twitter_misc":{"Dur\u00e9e de lecture estim\u00e9e":"1 minute"},"schema":{"@context":"https:\/\/schema.org","@graph":[{"@type":"WebPage","@id":"https:\/\/www.bipea.org\/fr\/collaboration-avec-eurachem\/","url":"https:\/\/www.bipea.org\/fr\/collaboration-avec-eurachem\/","name":"Collaboration avec EURACHEM - Bipea","isPartOf":{"@id":"https:\/\/www.bipea.org\/fr\/#website"},"datePublished":"2022-08-31T14:39:46+00:00","dateModified":"2026-02-06T10:46:57+00:00","breadcrumb":{"@id":"https:\/\/www.bipea.org\/fr\/collaboration-avec-eurachem\/#breadcrumb"},"inLanguage":"fr-FR","potentialAction":[{"@type":"ReadAction","target":["https:\/\/www.bipea.org\/fr\/collaboration-avec-eurachem\/"]}]},{"@type":"BreadcrumbList","@id":"https:\/\/www.bipea.org\/fr\/collaboration-avec-eurachem\/#breadcrumb","itemListElement":[{"@type":"ListItem","position":1,"name":"Accueil","item":"https:\/\/www.bipea.org\/fr\/"},{"@type":"ListItem","position":2,"name":"Collaboration avec EURACHEM"}]},{"@type":"WebSite","@id":"https:\/\/www.bipea.org\/fr\/#website","url":"https:\/\/www.bipea.org\/fr\/","name":"Bipea","description":"","potentialAction":[{"@type":"SearchAction","target":{"@type":"EntryPoint","urlTemplate":"https:\/\/www.bipea.org\/fr\/?s={search_term_string}"},"query-input":{"@type":"PropertyValueSpecification","valueRequired":true,"valueName":"search_term_string"}}],"inLanguage":"fr-FR"}]}},"_links":{"self":[{"href":"https:\/\/www.bipea.org\/fr\/wp-json\/wp\/v2\/pages\/17335","targetHints":{"allow":["GET"]}}],"collection":[{"href":"https:\/\/www.bipea.org\/fr\/wp-json\/wp\/v2\/pages"}],"about":[{"href":"https:\/\/www.bipea.org\/fr\/wp-json\/wp\/v2\/types\/page"}],"author":[{"embeddable":true,"href":"https:\/\/www.bipea.org\/fr\/wp-json\/wp\/v2\/users\/3"}],"replies":[{"embeddable":true,"href":"https:\/\/www.bipea.org\/fr\/wp-json\/wp\/v2\/comments?post=17335"}],"version-history":[{"count":22,"href":"https:\/\/www.bipea.org\/fr\/wp-json\/wp\/v2\/pages\/17335\/revisions"}],"predecessor-version":[{"id":24913,"href":"https:\/\/www.bipea.org\/fr\/wp-json\/wp\/v2\/pages\/17335\/revisions\/24913"}],"wp:attachment":[{"href":"https:\/\/www.bipea.org\/fr\/wp-json\/wp\/v2\/media?parent=17335"}],"curies":[{"name":"wp","href":"https:\/\/api.w.org\/{rel}","templated":true}]}}