{"id":17233,"date":"2022-09-02T15:07:28","date_gmt":"2022-09-02T13:07:28","guid":{"rendered":"https:\/\/www.bipea.org\/?page_id=17233"},"modified":"2026-01-20T16:49:02","modified_gmt":"2026-01-20T15:49:02","slug":"articles-scientifiques","status":"publish","type":"page","link":"https:\/\/www.bipea.org\/fr\/articles-scientifiques\/","title":{"rendered":"Articles scientifiques"},"content":{"rendered":"<p><div class=\"fusion-fullwidth fullwidth-box fusion-builder-row-1 nonhundred-percent-fullwidth non-hundred-percent-height-scrolling\" style=\"--awb-border-radius-top-left:0px;--awb-border-radius-top-right:0px;--awb-border-radius-bottom-right:0px;--awb-border-radius-bottom-left:0px;--awb-flex-wrap:wrap;\" ><div class=\"fusion-builder-row fusion-row\"><div class=\"fusion-layout-column fusion_builder_column fusion-builder-column-0 fusion_builder_column_1_1 1_1 fusion-one-full fusion-column-first fusion-column-last publications\" style=\"--awb-padding-right:80px;--awb-padding-left:80px;--awb-bg-blend:overlay;--awb-bg-size:cover;--awb-margin-bottom:0px;\"><div class=\"fusion-column-wrapper fusion-flex-column-wrapper-legacy\"><div class=\"fusion-text fusion-text-1\"><p style=\"text-align: center;\"><strong><span style=\"font-size: 18pt;\">PUBLICATIONS SCIENTIFIQUES<\/span><\/strong><\/p>\n<\/div><div class=\"fusion-sep-clear\"><\/div><div class=\"fusion-separator fusion-full-width-sep\" style=\"margin-left: auto;margin-right: auto;width:100%;\"><\/div><div class=\"fusion-sep-clear\"><\/div><div class=\"fusion-text fusion-text-2\"><p><span style=\"font-size: 14pt;\">L&rsquo;\u00e9quipe scientifique du BIPEA r\u00e9alise des travaux techniques chaque ann\u00e9e par le biais de posters, articles scientifiques, articles de vulgarisation et communiqu\u00e9s de presse.<\/span><\/p>\n<p><span style=\"font-size: 14pt;\">Le BIPEA publie environ 10 travaux par an, disponibles en consultation libre.<\/span><\/p>\n<p><span style=\"font-size: 14pt;\">Contact: press@bipea.org<\/span><\/p>\n<\/div><div class=\"fusion-sep-clear\"><\/div><div class=\"fusion-separator fusion-full-width-sep\" style=\"margin-left: auto;margin-right: auto;width:100%;\"><\/div><div class=\"fusion-sep-clear\"><\/div><div class=\"fusion-clearfix\"><\/div><\/div><\/div><\/div><\/div><div class=\"fusion-fullwidth fullwidth-box fusion-builder-row-2 fusion-flex-container nonhundred-percent-fullwidth non-hundred-percent-height-scrolling\" style=\"--awb-border-radius-top-left:0px;--awb-border-radius-top-right:0px;--awb-border-radius-bottom-right:0px;--awb-border-radius-bottom-left:0px;--awb-flex-wrap:wrap;\" ><div class=\"fusion-builder-row fusion-row fusion-flex-align-items-flex-start fusion-flex-content-wrap\" style=\"max-width:1144px;margin-left: calc(-4% \/ 2 );margin-right: calc(-4% \/ 2 );\"><div class=\"fusion-layout-column fusion_builder_column fusion-builder-column-1 fusion_builder_column_1_1 1_1 fusion-flex-column\" style=\"--awb-bg-size:cover;--awb-width-large:100%;--awb-margin-top-large:0px;--awb-spacing-right-large:1.92%;--awb-margin-bottom-large:20px;--awb-spacing-left-large:1.92%;--awb-width-medium:100%;--awb-order-medium:0;--awb-spacing-right-medium:1.92%;--awb-spacing-left-medium:1.92%;--awb-width-small:100%;--awb-order-small:0;--awb-spacing-right-small:1.92%;--awb-spacing-left-small:1.92%;\"><div class=\"fusion-column-wrapper fusion-column-has-shadow fusion-flex-justify-content-flex-start fusion-content-layout-column\"><div class=\"fusion-separator fusion-full-width-sep\" style=\"align-self: center;margin-left: auto;margin-right: auto;width:100%;\"><\/div><\/div><\/div><\/div><\/div><div class=\"fusion-fullwidth fullwidth-box fusion-builder-row-3 nonhundred-percent-fullwidth non-hundred-percent-height-scrolling\" style=\"--awb-border-radius-top-left:0px;--awb-border-radius-top-right:0px;--awb-border-radius-bottom-right:0px;--awb-border-radius-bottom-left:0px;--awb-flex-wrap:wrap;\" ><div class=\"fusion-builder-row fusion-row\"><div class=\"fusion-layout-column fusion_builder_column fusion-builder-column-2 fusion_builder_column_1_1 1_1 fusion-one-full fusion-column-first fusion-column-last publications\" style=\"--awb-padding-right:80px;--awb-padding-left:80px;--awb-bg-size:cover;--awb-margin-bottom:0px;\"><div class=\"fusion-column-wrapper fusion-column-has-shadow fusion-flex-column-wrapper-legacy\"><div class=\"fusion-text fusion-text-3\"><h4 class=\"\" style=\"--fontsize: 19; line-height: 1.43; --minfontsize: 19;\" data-fontsize=\"19\" data-lineheight=\"27.17px\"><span style=\"color: #0076b3; font-size: 14pt;\"><b>ARTICLES SCIENTIFIQUES<\/b><\/span><\/h4>\n<h4 class=\"\" style=\"--fontsize: 19; line-height: 1.43; --minfontsize: 19;\" data-fontsize=\"19\" data-lineheight=\"27.17px\"><span style=\"font-size: 14pt;\"><b>Proficiency tests for the detection of <em>Cronobacter spp.<\/em> and <em>Salmonella spp.<\/em> in milk powder<\/b><\/span><\/h4>\n<p><span style=\"font-size: 14pt;\">Accreditation and Quality Assurance<\/span><br \/>\n<span style=\"font-size: 14pt;\">Date: 01.2026<\/span><br \/>\n<span style=\"font-size: 14pt;\">Auteurs : C. Howell \u2013 R. Le Neve \u2013 A. Tirard \u2013 S. Nguyen \u2013 A. Boubetra <\/span><\/p>\n<p><span style=\"font-size: 14pt;\"><a class=\"link\" href=\"https:\/\/extranet.bipea.org\/documents\/information\/Article-2026-Proficiency-tests-for-the-detection-of-Cronobacter-spp-and-Salmonella-spp-in-milk-powder-AQA.pdf\" target=\"_blank\" rel=\"noopener\">T\u00e9l\u00e9charger<\/a><\/span><\/p>\n<h4 class=\"\" style=\"--fontsize: 19; line-height: 1.43; --minfontsize: 19;\" data-fontsize=\"19\" data-lineheight=\"27.17px\"><span style=\"font-size: 14pt;\"><b>Interlaboratory proficiency tests to assess the analytical competency of French official control laboratories for the analysis of Listeria monocytogenes, Salmonella spp. and coagulase-positive staphylococci in food<\/b><\/span><\/h4>\n<p><span style=\"font-size: 14pt;\">International Journal of Food Microbiology<\/span><br \/>\n<span style=\"font-size: 14pt;\">Date : 04.2025<\/span><br \/>\n<span style=\"font-size: 14pt;\">Auteurs : <span data-olk-copy-source=\"MessageBody\">L.<\/span><span data-olk-copy-source=\"MessageBody\">Barre &#8211; F.Guillier &#8211; B.Lombard &#8211; C.Danan &#8211; J-A.Hennekinne &#8211; B.Constantin, <\/span><\/span><\/p>\n<p><span style=\"font-size: 14pt;\"><span data-olk-copy-source=\"MessageBody\">R.Le Neve &#8211; S.Nguyen &#8211; A.Boubetra &#8211; M.Chemaly &#8211; Y.NIA &#8211; L.Bonafait<\/span><\/span><\/p>\n<p><span style=\"font-size: 14pt;\"><a class=\"link\" href=\"https:\/\/extranet.bipea.org\/documents\/information\/Article-2025-PTS-of-French-Control-Labs-for-Listeria-Salmonella-and-Coagulase-Positive-Staphylococci-in-Food.pdf\" target=\"_blank\" rel=\"noopener\">T\u00e9l\u00e9charger<\/a><\/span><\/p>\n<h4 class=\"\" style=\"--fontsize: 19; line-height: 1.43; --minfontsize: 19;\" data-fontsize=\"19\" data-lineheight=\"27.17px\"><span style=\"font-size: 14pt;\"><b>Detection of Norovirus GI, Norovirus GII and Hepatitis A Virus in<br \/>\nStrawberries: State of the Art through Proficiency-Testing Scheme Results<\/b><\/span><\/h4>\n<p><span style=\"font-size: 14pt;\">EC MICROBIOLOGY<\/span><br \/>\n<span style=\"font-size: 14pt;\">Date : 04.2024<\/span><br \/>\n<span style=\"font-size: 14pt;\">Auteurs : C. Mazzoni &#8211; R. Le Neve &#8211; A. Tirard &#8211; A. Boubetra- D. Perrotte<\/span><br \/>\n<span style=\"font-size: 14pt;\"><a class=\"link\" href=\"https:\/\/extranet.bipea.org\/documents\/information\/Article-2024-Detection%20of%20Norovirus%20GI,%20Norovirus%20GII%20and%20Hepatitis%20A%20Virus%20in%20strawberries.pdf\">T\u00e9l\u00e9charger<\/a><\/span><\/p>\n<h4 class=\"\" style=\"--fontsize: 19; line-height: 1.43; --minfontsize: 19;\" data-fontsize=\"19\" data-lineheight=\"27.17px\"><span style=\"font-size: 14pt;\"><b>Overview of proficiency testing results for the in vivo determination of sun protection factor<\/b><\/span><\/h4>\n<p><span style=\"font-size: 14pt;\">International Journal of Cosmetic Science<\/span><br \/>\n<span style=\"font-size: 14pt;\">Date : 04.2024<\/span><br \/>\n<span style=\"font-size: 14pt;\">Auteurs : D. I. Zago &#8211; S. Ben Bari &#8211; A. Tirard &#8211; S. Miksa &#8211; P. Renoux &#8211; E. Questel<\/span><br \/>\n<span style=\"font-size: 14pt;\"><a class=\"link\" href=\"https:\/\/extranet.bipea.org\/documents\/information\/Article-2024-sun-protection-factor.pdf\">T\u00e9l\u00e9charger<\/a><\/span><\/p>\n<h4 class=\"\" style=\"--fontsize: 19; line-height: 1.43; --minfontsize: 19;\" data-fontsize=\"19\" data-lineheight=\"27.17px\"><span style=\"font-size: 14pt;\"><b>The benefits of external reference materials for soil analysis<\/b><\/span><\/h4>\n<p><span style=\"font-size: 14pt;\">AWE International<\/span><br \/>\n<span style=\"font-size: 14pt;\">Date : 12.2022<\/span><br \/>\n<span style=\"font-size: 14pt;\">Auteurs : C. Mazzoni &#8211; A. Boubetra &#8211; A. Tirard<\/span><br \/>\n<span style=\"font-size: 14pt;\"><a class=\"link\" href=\"https:\/\/extranet.bipea.org\/documents\/information\/Article-2022-ERM-soil.pdf\">T\u00e9l\u00e9charger<\/a><\/span><\/p>\n<h4 class=\"\" style=\"--fontsize: 19; line-height: 1.43; --minfontsize: 19;\" data-fontsize=\"19\" data-lineheight=\"27.17px\"><span style=\"font-size: 14pt;\"><b>Allergenic proteins in wine : an overview of results obtained from proficiency-tests<\/b><\/span><\/h4>\n<p><span style=\"font-size: 14pt;\">Accreditation and Quality Assurance<\/span><br \/>\n<span style=\"font-size: 14pt;\">Date : 09.2022<\/span><br \/>\n<span style=\"font-size: 14pt;\">Auteurs : C. Mazzoni &#8211; A. Boubetra &#8211; A. Tirard<\/span><br \/>\n<span style=\"font-size: 14pt;\"><a class=\"link\" href=\"https:\/\/link.springer.com\/article\/10.1007\/s00769-022-01519-6\">T\u00e9l\u00e9charger<\/a><\/span><\/p>\n<h4 class=\"\" style=\"--fontsize: 19; line-height: 1.43; --minfontsize: 19;\" data-fontsize=\"19\" data-lineheight=\"27.17px\"><span style=\"font-size: 14pt;\"><b>Overview of perfluorinated compounds residues in water analysis through proficiency-testing scheme results<\/b><\/span><\/h4>\n<p><span style=\"font-size: 14pt;\">International Labmate<\/span><br \/>\n<span style=\"font-size: 14pt;\">Date : 07.2022<\/span><br \/>\n<span style=\"font-size: 14pt;\">Auteurs : F. Leccia &#8211; A. Boubetra &#8211; A. Tirard<\/span><br \/>\n<span style=\"font-size: 14pt;\"><a class=\"link\" href=\"https:\/\/extranet.bipea.org\/documents\/information\/Article-2022-PTS-compounds-residues-water.pdf\">T\u00e9l\u00e9charger<\/a><\/span><\/p>\n<h4 class=\"\" style=\"--fontsize: 19; line-height: 1.43; --minfontsize: 19;\" data-fontsize=\"19\" data-lineheight=\"27.17px\"><span style=\"font-size: 14pt;\"><b>Surface Microbiology: Implementation and Results of an Interlaboratory Proficiency Test<\/b><\/span><\/h4>\n<p><span style=\"font-size: 14pt;\">EC MICROBIOLOGY<\/span><br \/>\n<span style=\"font-size: 14pt;\">Date : 04.2022<\/span><br \/>\n<span style=\"font-size: 14pt;\">Auteurs : B. Constantin &#8211; A. Boubetra &#8211; R. Le Neve &#8211; A. Tirard<\/span><br \/>\n<span style=\"font-size: 14pt;\"><a class=\"link\" href=\"https:\/\/extranet.bipea.org\/documents\/information\/Article-2022-Surface-Microbiology-EC-MICROBIOLOGY.pdf\">T\u00e9l\u00e9charger<\/a><\/span><\/p>\n<h4 class=\"\" style=\"--fontsize: 19; line-height: 1.43; --minfontsize: 19;\" data-fontsize=\"19\" data-lineheight=\"27.17px\"><span style=\"font-size: 14pt;\"><b>Detection of Wine Alterations by Sensory Analysis: Overview of Results obtained from Interlaboratory Tests<\/b><\/span><\/h4>\n<p><span style=\"font-size: 14pt;\">Medicon Agriculture &amp; Environmental Sciences<\/span><br \/>\n<span style=\"font-size: 14pt;\">Date : 01.2022<\/span><br \/>\n<span style=\"font-size: 14pt;\">Auteurs : C. Mazzoni &#8211; A. Tirard &#8211; A. Boubetra<\/span><br \/>\n<span style=\"font-size: 14pt;\"><a class=\"link\" href=\"https:\/\/extranet.bipea.org\/documents\/information\/Article-2022-Detection-Wine-Alterations-Sensory-Analysis-MCAgri.pdf\">T\u00e9l\u00e9charger<\/a><\/span><\/p>\n<h4 class=\"\" style=\"--fontsize: 19; line-height: 1.43; --minfontsize: 19;\" data-fontsize=\"19\" data-lineheight=\"27.17px\"><span style=\"font-size: 14pt;\"><b>Drug Residues in Water throught proficiency \u2013 testing scheme results<\/b><\/span><\/h4>\n<p><span style=\"font-size: 14pt;\">AWE International Magazine<\/span><br \/>\n<span style=\"font-size: 14pt;\">Date : 10.2021<\/span><br \/>\n<span style=\"font-size: 14pt;\">Auteurs : E. Ziegler &#8211; A. Boubetra &#8211; A. Tirard<\/span><br \/>\n<span style=\"font-size: 14pt;\"><a class=\"link\" href=\"https:\/\/extranet.bipea.org\/documents\/information\/Article-2021-AWE-October-Laboratory-Testing.pdf\">T\u00e9l\u00e9charger<\/a><\/span><\/p>\n<h4 class=\"\" style=\"--fontsize: 19; line-height: 1.43; --minfontsize: 19;\" data-fontsize=\"19\" data-lineheight=\"27.17px\"><span style=\"font-size: 14pt;\"><b>Overview of Analyses of Purified Pharmaceutical water through Proficiency-testing Schemes Results<\/b><\/span><\/h4>\n<p><span style=\"font-size: 14pt;\">MC Pharmaceuticals<\/span><br \/>\n<span style=\"font-size: 14pt;\">Date : 10.2021<\/span><br \/>\n<span style=\"font-size: 14pt;\">Auteurs : C. Mazzoni &#8211; A.Boubetra &#8211; A.Tirard<\/span><br \/>\n<span style=\"font-size: 14pt;\"><a class=\"link\" href=\"https:\/\/extranet.bipea.org\/documents\/information\/Article-2021-MC-Pharma-Overview-of-pharmaceutical-water.pdf\">T\u00e9l\u00e9charger<\/a><\/span><\/p>\n<h4 class=\"\" style=\"--fontsize: 19; line-height: 1.43; --minfontsize: 19;\" data-fontsize=\"19\" data-lineheight=\"27.17px\"><span style=\"font-size: 14pt;\"><b>Implementation of a Proficiency testing for Water sampling and In-situ analyses<\/b><\/span><\/h4>\n<p><span style=\"font-size: 14pt;\">Everything About Water<\/span><br \/>\n<span style=\"font-size: 14pt;\">Date : 09.2021<\/span><br \/>\n<span style=\"font-size: 14pt;\">Auteurs : E.Ziegler &#8211; B.Constantin &#8211; A.Boubetra &#8211; A.Tirard<\/span><br \/>\n<span style=\"font-size: 14pt;\"><a class=\"link\" href=\"https:\/\/extranet.bipea.org\/documents\/information\/Article-2021-EAW-Water-sampling-and-In-situ-analyses.pdf\">T\u00e9l\u00e9charger<\/a><\/span><\/p>\n<h4 class=\"\" style=\"--fontsize: 19; line-height: 1.43; --minfontsize: 19;\" data-fontsize=\"19\" data-lineheight=\"27.17px\"><span style=\"font-size: 14pt;\"><b>Proficiency-Testing Scheme (PTS) for Detection and Enumeration of Campylobacter in Poultry Meat<\/b><\/span><\/h4>\n<p><span style=\"font-size: 14pt;\">Acta Scientific Microbiology<\/span><br \/>\n<span style=\"font-size: 14pt;\">Date : 12.2020<\/span><br \/>\n<span style=\"font-size: 14pt;\">Auteurs : S. Ben Bari &#8211; M. Dangerville &#8211; R. Le Neve &#8211; A. Boubetra &#8211; A. Tirard<\/span><br \/>\n<span style=\"font-size: 14pt;\"><a class=\"link\" href=\"https:\/\/extranet.bipea.org\/documents\/information\/Article-2020-PTS-Campylobacter-PoultryMeat.pdf\">T\u00e9l\u00e9charger<\/a><\/span><\/p>\n<h4 class=\"\" style=\"--fontsize: 19; line-height: 1.43; --minfontsize: 19;\" data-fontsize=\"19\" data-lineheight=\"27.17px\"><span style=\"font-size: 14pt;\"><b>Proficiency-Testing Scheme (PTS) for haloanisoles and halophenols in oak wood<\/b><\/span><\/h4>\n<p><span style=\"font-size: 14pt;\">Accreditation and Quality Assurance<\/span><br \/>\n<span style=\"font-size: 14pt;\">Online : https:\/\/rdcu.be\/b3TRf<\/span><br \/>\n<span style=\"font-size: 14pt;\">Date : 04.2020<\/span><br \/>\n<span style=\"font-size: 14pt;\">Auteurs : C. Mazzoni &#8211; A. Tirard &#8211; A. Boubetra &#8211; F. Roussey<\/span><br \/>\n<span style=\"font-size: 14pt;\"><a class=\"link\" href=\"https:\/\/extranet.bipea.org\/documents\/information\/Article-2020-PTS-Haloanisolers-and-Halophenols-in oak-wood.pdf\">T\u00e9l\u00e9charger<\/a><\/span><\/p>\n<h4 class=\"\" style=\"--fontsize: 19; line-height: 1.43; --minfontsize: 19;\" data-fontsize=\"19\" data-lineheight=\"27.17px\"><span style=\"font-size: 14pt;\"><b>Application Proficiency-Testing Schemes (PTS) in analytical methods evaluation for the detection of spoilage yeast Brettanomyces in wine<\/b><\/span><\/h4>\n<p><span style=\"font-size: 14pt;\">EC Microbiology<\/span><br \/>\n<span style=\"font-size: 14pt;\">Date : 11.2019<\/span><br \/>\n<span style=\"font-size: 14pt;\">Auteurs : C. Mazzoni &#8211; A. Tirard &#8211; R. Le Neve &#8211; A. Boubetra<\/span><br \/>\n<span style=\"font-size: 14pt;\"><a class=\"link\" href=\"https:\/\/extranet.bipea.org\/documents\/information\/Article-2019-Application-PTS-detection-of-spoilage.pdf\">T\u00e9l\u00e9charger<\/a><\/span><\/p>\n<h4 class=\"\" style=\"--fontsize: 19; line-height: 1.43; --minfontsize: 19;\" data-fontsize=\"19\" data-lineheight=\"27.17px\"><span style=\"font-size: 14pt;\"><b>Acquisition of stability data for pesticides in water sample through proficiency tests<\/b><\/span><\/h4>\n<p><span style=\"font-size: 14pt;\">Accreditation and Quality Assurance<\/span><br \/>\n<span style=\"font-size: 14pt;\">Date : 08.2018<\/span><br \/>\n<span style=\"font-size: 14pt;\">Auteurs : E. Ziegler &#8211; A. Boubetra &#8211; M. De Bort &#8211; A. Tirard<\/span><br \/>\n<span style=\"font-size: 14pt;\"><a class=\"link\" href=\"https:\/\/extranet.bipea.org\/documents\/information\/Article-2018-Acquisition-stability-data.pdf\">T\u00e9l\u00e9charger<\/a><\/span><\/p>\n<h4 class=\"\" style=\"--fontsize: 19; line-height: 1.43; --minfontsize: 19;\" data-fontsize=\"19\" data-lineheight=\"27.17px\"><span style=\"font-size: 14pt;\"><b>Microbiology proficiency testing schemes in wine<\/b><\/span><\/h4>\n<p><span style=\"font-size: 14pt;\">Accreditation and Quality Assurance<\/span><br \/>\n<span style=\"font-size: 14pt;\">Date : 08.2018<\/span><br \/>\n<span style=\"font-size: 14pt;\">Auteurs : C. Mazzoni &#8211; S. Nguyen &#8211; A. Boubetra &#8211; A. Tirard<\/span><br \/>\n<span style=\"font-size: 14pt;\"><a class=\"link\" href=\"https:\/\/extranet.bipea.org\/documents\/information\/Article-2018-Microbiology-PTS-wine.pdf\">T\u00e9l\u00e9charger<\/a><\/span><\/p>\n<h4 class=\"\" style=\"--fontsize: 19; line-height: 1.43; --minfontsize: 19;\" data-fontsize=\"19\" data-lineheight=\"27.17px\"><span style=\"font-size: 14pt;\"><b>Production of External reference materials in Food Microbiology<\/b><\/span><\/h4>\n<p><span style=\"font-size: 14pt;\">International journal of microbiology and infectious diseases<\/span><br \/>\n<span style=\"font-size: 14pt;\">Date : 01.2018<\/span><br \/>\n<span style=\"font-size: 14pt;\">Auteurs : M. De Bort &#8211; E. Messineo &#8211; R. Le Neve &#8211; A. Boubetra &#8211; A. Tirard<\/span><br \/>\n<span style=\"font-size: 14pt;\"><a class=\"link\" href=\"https:\/\/extranet.bipea.org\/documents\/information\/Article-mre-microbiologie.pdf\">T\u00e9l\u00e9charger<\/a><\/span><\/p>\n<h4 class=\"\" style=\"--fontsize: 19; line-height: 1.43; --minfontsize: 19;\" data-fontsize=\"19\" data-lineheight=\"27.17px\"><span style=\"font-size: 14pt;\"><b>Microbiologie des vins : mise en place et r\u00e9sultats d&rsquo;un essai interlaboratoires<\/b><\/span><\/h4>\n<p><span style=\"font-size: 14pt;\">Magazine : Revue des \u0153nologues n\u00b0163<\/span><br \/>\n<span style=\"font-size: 14pt;\">Date : 04.2017<\/span><br \/>\n<span style=\"font-size: 14pt;\">Auteurs : C. Mazzoni &#8211; A. Boubetra &#8211; S. Ngyuen &#8211; A. Tirard<\/span><br \/>\n<span style=\"font-size: 14pt;\"><a class=\"link\" href=\"https:\/\/extranet.bipea.org\/documents\/information\/Article-microbiologie-vins.pdf\">T\u00e9l\u00e9charger<\/a><\/span><\/p>\n<h4 class=\"\" style=\"--fontsize: 19; line-height: 1.43; --minfontsize: 19;\" data-fontsize=\"19\" data-lineheight=\"27.17px\"><span style=\"font-size: 14pt;\"><b>Proficiency\u2010testing scheme for essential oils<\/b><\/span><\/h4>\n<p><span style=\"font-size: 14pt;\">Journal : Flavour Fragr J. 2017;32:250\u2013253<\/span><br \/>\n<span style=\"font-size: 14pt;\">Online : wileyonlinelibrary.com\/journal\/ffj<\/span><br \/>\n<span style=\"font-size: 14pt;\">Date : 03.2017<\/span><br \/>\n<span style=\"font-size: 14pt;\">Auteurs : E. Messineo &#8211; A. Varfi &#8211; A. Boubetra &#8211; J. Minziere<\/span><br \/>\n<span style=\"font-size: 14pt;\"><a class=\"link\" href=\"https:\/\/extranet.bipea.org\/documents\/information\/Article-huileessentielle.pdf\">T\u00e9l\u00e9charger<\/a><\/span><\/p>\n<h4 class=\"\" style=\"--fontsize: 19; line-height: 1.43; --minfontsize: 19;\" data-fontsize=\"19\" data-lineheight=\"27.17px\"><span style=\"font-size: 14pt;\"><b>Proficiency Testing Scheme for Pesticides in Honey<\/b><\/span><\/h4>\n<p><span style=\"font-size: 14pt;\">Journal : Journal of Agricultural Science and Technology B 6 (2016) 281-287<\/span><br \/>\n<span style=\"font-size: 14pt;\">Date : 06.2016<\/span><br \/>\n<span style=\"font-size: 14pt;\">Auteurs : E. Messineo &#8211; E. Diore &#8211; N. Le Baron &#8211; A. Boubetra<\/span><br \/>\n<span style=\"font-size: 14pt;\"><a class=\"link\" href=\"https:\/\/extranet.bipea.org\/documents\/information\/Article-pesticide-miel.pdf\">T\u00e9l\u00e9charger<\/a><\/span><\/p>\n<\/div><div class=\"fusion-clearfix\"><\/div><\/div><\/div><\/div><\/div><\/p>\n","protected":false},"excerpt":{"rendered":"","protected":false},"author":3,"featured_media":0,"parent":0,"menu_order":0,"comment_status":"closed","ping_status":"closed","template":"","meta":{"footnotes":""},"class_list":["post-17233","page","type-page","status-publish","hentry"],"yoast_head":"<!-- This site is optimized with the Yoast SEO plugin v27.0 - https:\/\/yoast.com\/product\/yoast-seo-wordpress\/ -->\n<title>Articles scientifiques - Bipea<\/title>\n<meta name=\"robots\" content=\"index, follow, max-snippet:-1, max-image-preview:large, max-video-preview:-1\" \/>\n<link rel=\"canonical\" href=\"https:\/\/www.bipea.org\/fr\/articles-scientifiques\/\" \/>\n<meta property=\"og:locale\" content=\"fr_FR\" \/>\n<meta property=\"og:type\" content=\"article\" \/>\n<meta property=\"og:title\" content=\"Articles scientifiques - Bipea\" \/>\n<meta property=\"og:url\" content=\"https:\/\/www.bipea.org\/fr\/articles-scientifiques\/\" \/>\n<meta property=\"og:site_name\" content=\"Bipea\" \/>\n<meta property=\"article:publisher\" content=\"https:\/\/www.facebook.com\/Bipea-Proficiency-Testing-Programs-1726595444310313\/\" \/>\n<meta property=\"article:modified_time\" content=\"2026-01-20T15:49:02+00:00\" \/>\n<meta name=\"twitter:card\" content=\"summary_large_image\" \/>\n<meta name=\"twitter:site\" content=\"@BipeaP\" \/>\n<meta name=\"twitter:label1\" content=\"Dur\u00e9e de lecture estim\u00e9e\" \/>\n\t<meta name=\"twitter:data1\" content=\"7 minutes\" \/>\n<script type=\"application\/ld+json\" class=\"yoast-schema-graph\">{\"@context\":\"https:\/\/schema.org\",\"@graph\":[{\"@type\":\"WebPage\",\"@id\":\"https:\/\/www.bipea.org\/fr\/articles-scientifiques\/\",\"url\":\"https:\/\/www.bipea.org\/fr\/articles-scientifiques\/\",\"name\":\"Articles scientifiques - Bipea\",\"isPartOf\":{\"@id\":\"https:\/\/www.bipea.org\/fr\/#website\"},\"datePublished\":\"2022-09-02T13:07:28+00:00\",\"dateModified\":\"2026-01-20T15:49:02+00:00\",\"breadcrumb\":{\"@id\":\"https:\/\/www.bipea.org\/fr\/articles-scientifiques\/#breadcrumb\"},\"inLanguage\":\"fr-FR\",\"potentialAction\":[{\"@type\":\"ReadAction\",\"target\":[\"https:\/\/www.bipea.org\/fr\/articles-scientifiques\/\"]}]},{\"@type\":\"BreadcrumbList\",\"@id\":\"https:\/\/www.bipea.org\/fr\/articles-scientifiques\/#breadcrumb\",\"itemListElement\":[{\"@type\":\"ListItem\",\"position\":1,\"name\":\"Accueil\",\"item\":\"https:\/\/www.bipea.org\/fr\/\"},{\"@type\":\"ListItem\",\"position\":2,\"name\":\"Articles scientifiques\"}]},{\"@type\":\"WebSite\",\"@id\":\"https:\/\/www.bipea.org\/fr\/#website\",\"url\":\"https:\/\/www.bipea.org\/fr\/\",\"name\":\"Bipea\",\"description\":\"\",\"potentialAction\":[{\"@type\":\"SearchAction\",\"target\":{\"@type\":\"EntryPoint\",\"urlTemplate\":\"https:\/\/www.bipea.org\/fr\/?s={search_term_string}\"},\"query-input\":{\"@type\":\"PropertyValueSpecification\",\"valueRequired\":true,\"valueName\":\"search_term_string\"}}],\"inLanguage\":\"fr-FR\"}]}<\/script>\n<!-- \/ Yoast SEO plugin. -->","yoast_head_json":{"title":"Articles scientifiques - Bipea","robots":{"index":"index","follow":"follow","max-snippet":"max-snippet:-1","max-image-preview":"max-image-preview:large","max-video-preview":"max-video-preview:-1"},"canonical":"https:\/\/www.bipea.org\/fr\/articles-scientifiques\/","og_locale":"fr_FR","og_type":"article","og_title":"Articles scientifiques - Bipea","og_url":"https:\/\/www.bipea.org\/fr\/articles-scientifiques\/","og_site_name":"Bipea","article_publisher":"https:\/\/www.facebook.com\/Bipea-Proficiency-Testing-Programs-1726595444310313\/","article_modified_time":"2026-01-20T15:49:02+00:00","twitter_card":"summary_large_image","twitter_site":"@BipeaP","twitter_misc":{"Dur\u00e9e de lecture estim\u00e9e":"7 minutes"},"schema":{"@context":"https:\/\/schema.org","@graph":[{"@type":"WebPage","@id":"https:\/\/www.bipea.org\/fr\/articles-scientifiques\/","url":"https:\/\/www.bipea.org\/fr\/articles-scientifiques\/","name":"Articles scientifiques - Bipea","isPartOf":{"@id":"https:\/\/www.bipea.org\/fr\/#website"},"datePublished":"2022-09-02T13:07:28+00:00","dateModified":"2026-01-20T15:49:02+00:00","breadcrumb":{"@id":"https:\/\/www.bipea.org\/fr\/articles-scientifiques\/#breadcrumb"},"inLanguage":"fr-FR","potentialAction":[{"@type":"ReadAction","target":["https:\/\/www.bipea.org\/fr\/articles-scientifiques\/"]}]},{"@type":"BreadcrumbList","@id":"https:\/\/www.bipea.org\/fr\/articles-scientifiques\/#breadcrumb","itemListElement":[{"@type":"ListItem","position":1,"name":"Accueil","item":"https:\/\/www.bipea.org\/fr\/"},{"@type":"ListItem","position":2,"name":"Articles scientifiques"}]},{"@type":"WebSite","@id":"https:\/\/www.bipea.org\/fr\/#website","url":"https:\/\/www.bipea.org\/fr\/","name":"Bipea","description":"","potentialAction":[{"@type":"SearchAction","target":{"@type":"EntryPoint","urlTemplate":"https:\/\/www.bipea.org\/fr\/?s={search_term_string}"},"query-input":{"@type":"PropertyValueSpecification","valueRequired":true,"valueName":"search_term_string"}}],"inLanguage":"fr-FR"}]}},"_links":{"self":[{"href":"https:\/\/www.bipea.org\/fr\/wp-json\/wp\/v2\/pages\/17233","targetHints":{"allow":["GET"]}}],"collection":[{"href":"https:\/\/www.bipea.org\/fr\/wp-json\/wp\/v2\/pages"}],"about":[{"href":"https:\/\/www.bipea.org\/fr\/wp-json\/wp\/v2\/types\/page"}],"author":[{"embeddable":true,"href":"https:\/\/www.bipea.org\/fr\/wp-json\/wp\/v2\/users\/3"}],"replies":[{"embeddable":true,"href":"https:\/\/www.bipea.org\/fr\/wp-json\/wp\/v2\/comments?post=17233"}],"version-history":[{"count":24,"href":"https:\/\/www.bipea.org\/fr\/wp-json\/wp\/v2\/pages\/17233\/revisions"}],"predecessor-version":[{"id":24274,"href":"https:\/\/www.bipea.org\/fr\/wp-json\/wp\/v2\/pages\/17233\/revisions\/24274"}],"wp:attachment":[{"href":"https:\/\/www.bipea.org\/fr\/wp-json\/wp\/v2\/media?parent=17233"}],"curies":[{"name":"wp","href":"https:\/\/api.w.org\/{rel}","templated":true}]}}