{"id":15070,"date":"2020-10-19T11:50:54","date_gmt":"2020-10-19T09:50:54","guid":{"rendered":"https:\/\/www.bipea.org\/?page_id=15070"},"modified":"2025-10-13T10:56:49","modified_gmt":"2025-10-13T08:56:49","slug":"essais-interlaboratoires-hygiene","status":"publish","type":"page","link":"https:\/\/www.bipea.org\/fr\/essais-interlaboratoires-hygiene\/","title":{"rendered":"Essais interlaboratoires HYGIENE"},"content":{"rendered":"<p><div class=\"fusion-fullwidth fullwidth-box fusion-builder-row-1 nonhundred-percent-fullwidth non-hundred-percent-height-scrolling\" style=\"--awb-border-radius-top-left:0px;--awb-border-radius-top-right:0px;--awb-border-radius-bottom-right:0px;--awb-border-radius-bottom-left:0px;--awb-flex-wrap:wrap;\" ><div class=\"fusion-builder-row fusion-row\"><div class=\"fusion-layout-column fusion_builder_column fusion-builder-column-0 fusion_builder_column_5_6 5_6 fusion-five-sixth fusion-column-first\" style=\"--awb-bg-size:cover;width:83.333333333333%;width:calc(83.333333333333% - ( ( 4% ) * 0.83333333333333 ) );margin-right: 4%;\"><div class=\"fusion-column-wrapper fusion-flex-column-wrapper-legacy\"><div class=\"fusion-text fusion-text-1\"><h4 class=\"title_food\">Essais interlaboratoires<br \/>\nHYGIENE ALIMENTAIRE ET HOSPITALIERE<\/h4>\n<\/div><div class=\"fusion-clearfix\"><\/div><\/div><\/div><div class=\"fusion-layout-column fusion_builder_column fusion-builder-column-1 fusion_builder_column_1_6 1_6 fusion-one-sixth fusion-column-last quote_box\" style=\"--awb-bg-size:cover;width:16.666666666667%;width:calc(16.666666666667% - ( ( 4% ) * 0.16666666666667 ) );\"><div class=\"fusion-column-wrapper fusion-flex-column-wrapper-legacy\"><div class=\"fusion-text fusion-text-2\"><p><a href=\"https:\/\/www.bipea.org\/fr\/essais-interlaboratoires-eils\/\">Retour \u00e0 la liste compl\u00e8te des EILs<\/a><\/p>\n<p><a class=\"fusion-button button-flat fusion-button-round button-large button-default button-2 button85\" href=\"\/fr\/devis\" target=\"_self\" rel=\"noopener noreferrer\"><span class=\"fusion-button-text\">DEVIS<\/span><\/a><\/p>\n<p>Contactez notre service commercial<\/p>\n<\/div><div class=\"fusion-clearfix\"><\/div><\/div><\/div><\/div><\/div><div class=\"fusion-fullwidth fullwidth-box fusion-builder-row-2 nonhundred-percent-fullwidth non-hundred-percent-height-scrolling\" style=\"--awb-border-radius-top-left:0px;--awb-border-radius-top-right:0px;--awb-border-radius-bottom-right:0px;--awb-border-radius-bottom-left:0px;--awb-margin-top:40px;--awb-flex-wrap:wrap;\" ><div class=\"fusion-builder-row fusion-row\"><div class=\"fusion-layout-column fusion_builder_column fusion-builder-column-2 fusion_builder_column_1_1 1_1 fusion-one-full fusion-column-first fusion-column-last\" style=\"--awb-bg-size:cover;\"><div class=\"fusion-column-wrapper fusion-flex-column-wrapper-legacy\">\n<div class=\"table-1\">\n<table id=\"theTable\" class=\"footable table-1 outerBorder footable-loaded isInnerColor\" style=\"margin: 0px; width: 100%; height: 592px;\">\n<thead>\n<tr style=\"height: 47px;\">\n<th id=\"thCol0\" style=\"width: 17.5321%; height: 47px;\" data-type=\"alpha\">Programmes<\/th>\n<th id=\"thCol1\" style=\"width: 8.42661%; height: 47px;\" data-type=\"alpha\">Matrices<\/th>\n<th id=\"thCol2\" style=\"width: 21.4127%; height: 47px;\" data-type=\"alpha\">Param\u00e8tres<\/th>\n<th style=\"width: 7.31694%;\">Accr\u00e9ditation<\/th>\n<th id=\"thCol4\" style=\"width: 5.29311%; height: 47px;\" data-type=\"numeric\">Essais \/ an<\/th>\n<th id=\"thCol7\" style=\"width: 7.02596%; height: 47px;\" data-type=\"alpha\">Planning<\/th>\n<\/tr>\n<\/thead>\n<tbody>\n<tr class=\"footableOdd\" style=\"height: 47px;\">\n<td style=\"width: 17.5321%; height: 47px;\">101a \u2013 Microbiologie des surfaces \u2013 Plaque Inox Flore totale<\/td>\n<td style=\"width: 8.42661%; height: 47px;\">Plaque Inox<\/td>\n<td style=\"width: 21.4127%; height: 47px;\">D\u00e9nombrement :<\/p>\n<p>Flore totale<\/td>\n<td style=\"width: 7.31694%;\">\n<p style=\"text-align: center;\">accr\u00e9dit\u00e9*<\/p>\n<\/td>\n<td style=\"text-align: center; width: 5.29311%; height: 47px;\">2<\/td>\n<td style=\"width: 7.02596%; height: 47px;\"><a href=\"https:\/\/extranet.bipea.org\/documents\/plannings\/FR\/Essai-interlaboratoires-101a\" target=\"newTab\" rel=\"noopener noreferrer\">T\u00e9l\u00e9charger<\/a><\/td>\n<\/tr>\n<tr style=\"height: 71px;\">\n<td style=\"width: 17.5321%; height: 71px;\">101b \u2013 Microbiologie des surfaces \u2013 Lingettes Listeria<\/td>\n<td style=\"width: 8.42661%; height: 71px;\">Lingette <em>Listeria<\/em><\/td>\n<td style=\"width: 21.4127%; height: 71px;\"><em>Listeria<\/em> monocytogenes et <em>Listeria<\/em> spp (d\u00e9tect\u00e9 \/ non d\u00e9tect\u00e9)<\/td>\n<td style=\"width: 7.31694%; text-align: center;\">accr\u00e9dit\u00e9*<\/td>\n<td style=\"text-align: center; width: 5.29311%; height: 71px;\">2<\/td>\n<td style=\"width: 7.02596%; height: 71px;\"><a href=\"https:\/\/extranet.bipea.org\/documents\/plannings\/FR\/Essai-interlaboratoires-101b\" target=\"newTab\" rel=\"noopener noreferrer\">T\u00e9l\u00e9charger<\/a><\/td>\n<\/tr>\n<tr style=\"height: 71px;\">\n<td style=\"width: 17.5321%; height: 71px;\">101c \u2013 Microbiologie des surfaces \u2013 Lingettes Salmonella<\/td>\n<td style=\"width: 8.42661%; height: 71px;\">Lingette \u2013 <em>Salmonella<\/em><\/td>\n<td style=\"width: 21.4127%; height: 71px;\"><em>Salmonella<\/em> spp (d\u00e9tect\u00e9 \/ non d\u00e9tect\u00e9)<\/td>\n<td style=\"width: 7.31694%; text-align: center;\">accr\u00e9dit\u00e9*<\/td>\n<td style=\"text-align: center; width: 5.29311%; height: 71px;\">2<\/td>\n<td style=\"width: 7.02596%; height: 71px;\"><a href=\"https:\/\/extranet.bipea.org\/documents\/plannings\/FR\/Essai-interlaboratoires-101c\" target=\"newTab\" rel=\"noopener noreferrer\">T\u00e9l\u00e9charger<\/a><\/td>\n<\/tr>\n<tr>\n<td style=\"width: 17.5321%;\">101d &#8211; Microbiologie des surfaces \u2013 Plaque Inox <em>Listeria<\/em><\/td>\n<td style=\"width: 8.42661%;\">Plaque Inox<\/td>\n<td style=\"width: 21.4127%;\"><em>Listeria<\/em> monocytogenes et <em>Listeria<\/em> spp (d\u00e9tect\u00e9 \/ non d\u00e9tect\u00e9)<\/td>\n<td style=\"width: 7.31694%;\"><\/td>\n<td style=\"text-align: center; width: 5.29311%;\">2<\/td>\n<td style=\"width: 7.02596%;\"><a href=\"https:\/\/extranet.bipea.org\/documents\/plannings\/FR\/Essai-interlaboratoires-101d\" target=\"newTab\" rel=\"noopener noreferrer\">T\u00e9l\u00e9charger<\/a><\/td>\n<\/tr>\n<tr style=\"height: 47px;\">\n<td style=\"width: 17.5321%; height: 47px;\">102 \u2013 S\u00e9rotypage Salmonella spp<\/td>\n<td style=\"width: 8.42661%; height: 47px;\">Colonies sur g\u00e9lose<\/td>\n<td style=\"width: 21.4127%; height: 47px;\">Liste des s\u00e9rovars<\/td>\n<td style=\"width: 7.31694%;\"><\/td>\n<td style=\"text-align: center; width: 5.29311%; height: 47px;\">2<\/td>\n<td style=\"width: 7.02596%; height: 47px;\"><a href=\"https:\/\/extranet.bipea.org\/documents\/plannings\/FR\/Essai-interlaboratoires-102\" target=\"newTab\" rel=\"noopener noreferrer\">T\u00e9l\u00e9charger<\/a><\/td>\n<\/tr>\n<tr>\n<td style=\"width: 17.5321%;\"><span style=\"color: #ff0000;\">NEW<\/span> 113 &#8211; Contr\u00f4le de la performance des milieux de culture<\/td>\n<td style=\"width: 8.42661%;\">Milieux de culture :<br \/>\n&#8211; G\u00e9lose tryptone bile X glucuronide (TBX),<br \/>\n&#8211; G\u00e9lose tryptone soja (TSA),<br \/>\n&#8211; Eau pepton\u00e9e tamponn\u00e9e.<\/td>\n<td style=\"width: 21.4127%;\">Productivit\u00e9, sp\u00e9cificit\u00e9 et s\u00e9lectivit\u00e9<\/td>\n<td style=\"width: 7.31694%;\"><\/td>\n<td style=\"text-align: center; width: 5.29311%;\">1<\/td>\n<td style=\"width: 7.02596%;\">\u00a0<a href=\"https:\/\/extranet.bipea.org\/documents\/information\/FR\/Essai-interlaboratoires-113.pdf\" target=\"newTab\" rel=\"noopener noreferrer\">T\u00e9l\u00e9charger<\/a><\/td>\n<\/tr>\n<tr style=\"height: 119px;\">\n<td style=\"width: 17.5321%; height: 119px;\">86a\u00a0\u2013 Eaux bact\u00e9riologiquement maitris\u00e9es<\/td>\n<td style=\"width: 8.42661%; height: 119px;\">Eau bact\u00e9riologiquement maitris\u00e9es<\/td>\n<td style=\"width: 21.4127%; height: 119px;\">D\u00e9nombrement de germes a\u00e9robies revivifiables 22\u00b0C et 36\u00b0C\u00a0;\u00a0<em>pseudomonas aeruginosa<\/em><\/td>\n<td style=\"width: 7.31694%;\"><\/td>\n<td style=\"text-align: center; width: 5.29311%; height: 119px;\">2<\/td>\n<td style=\"width: 7.02596%; height: 119px;\"><a href=\"https:\/\/extranet.bipea.org\/documents\/plannings\/FR\/Essai-interlaboratoires-86a\" target=\"newTab\" rel=\"noopener noreferrer\">T\u00e9l\u00e9charger<\/a><\/td>\n<\/tr>\n<tr style=\"height: 119px;\">\n<td style=\"width: 17.5321%; height: 119px;\">86b \u2013 Microbiologie des eaux de dialyse (h\u00e9modiafiltration)<\/td>\n<td style=\"width: 8.42661%; height: 119px;\">Eau ultrapure \u2013 dialysat<\/td>\n<td style=\"width: 21.4127%; height: 119px;\">D\u00e9nombrement des germes viables 22\u00b0C en 7 jours sur R2A ;\u00a0<em>pseudomonas aeruginosa<\/em><\/td>\n<td style=\"width: 7.31694%;\"><\/td>\n<td style=\"text-align: center; width: 5.29311%; height: 119px;\">2<\/td>\n<td style=\"width: 7.02596%; height: 119px;\"><a href=\"https:\/\/extranet.bipea.org\/documents\/plannings\/FR\/Essai-interlaboratoires-86b\" target=\"newTab\" rel=\"noopener noreferrer\">T\u00e9l\u00e9charger<\/a><\/td>\n<\/tr>\n<tr style=\"height: 71px;\">\n<td style=\"width: 17.5321%; height: 71px;\">86c \u2013 Microbiologie des\u00a0eaux de rin\u00e7age d\u2019endoscope<\/td>\n<td style=\"width: 8.42661%; height: 71px;\">Eau type eau de rin\u00e7age d\u2019endoscope \u2013 diluant DNP<\/td>\n<td style=\"width: 21.4127%; height: 71px;\">Flore a\u00e9robie revivifiable \u00e0 22\u00b0C pendant 5 jours<\/td>\n<td style=\"width: 7.31694%;\"><\/td>\n<td style=\"text-align: center; width: 5.29311%; height: 71px;\">2<\/td>\n<td style=\"width: 7.02596%; height: 71px;\"><a href=\"https:\/\/extranet.bipea.org\/documents\/plannings\/FR\/Essai-interlaboratoires-86c\" target=\"newTab\" rel=\"noopener noreferrer\">T\u00e9l\u00e9charger<\/a><\/td>\n<\/tr>\n<\/tbody>\n<\/table>\n<\/div>\n<div class=\"fusion-text fusion-text-3\"><p class=\"font_7\" style=\"font-size: 15px;\"><span style=\"font-style: italic;\"><span style=\"font-size: 15px;\">* Pour conna\u00eetre le d\u00e9tail des matrices et param\u00e8tres couverts par l&rsquo;accr\u00e9ditation, t\u00e9l\u00e9charger la\u00a0<span style=\"text-decoration: underline;\"><a href=\"https:\/\/extranet.bipea.org\/documents\/information\/FR\/Portee-detaillee-COFRAC.pdf\" target=\"_blank\" rel=\"noopener noreferrer\" data-type=\"external\" data-content=\"https:\/\/extranet.bipea.org\/documents\/information\/FR\/Portee-detaillee-COFRAC.pdf\">port\u00e9e d\u00e9taill\u00e9e<\/a><\/span>\u00a0<\/span><\/span><\/p>\n<\/div><div class=\"fusion-clearfix\"><\/div><\/div><\/div><\/div><\/div><\/p>\n","protected":false},"excerpt":{"rendered":"","protected":false},"author":3,"featured_media":0,"parent":0,"menu_order":0,"comment_status":"closed","ping_status":"closed","template":"","meta":{"footnotes":""},"class_list":["post-15070","page","type-page","status-publish","hentry"],"yoast_head":"<!-- This site is optimized with the Yoast SEO plugin v27.0 - https:\/\/yoast.com\/product\/yoast-seo-wordpress\/ -->\n<title>Essais interlaboratoires HYGIENE - Bipea<\/title>\n<meta name=\"robots\" content=\"index, follow, max-snippet:-1, max-image-preview:large, max-video-preview:-1\" \/>\n<link rel=\"canonical\" href=\"https:\/\/www.bipea.org\/fr\/essais-interlaboratoires-hygiene\/\" \/>\n<meta property=\"og:locale\" content=\"fr_FR\" \/>\n<meta property=\"og:type\" content=\"article\" \/>\n<meta property=\"og:title\" content=\"Essais interlaboratoires HYGIENE - Bipea\" \/>\n<meta property=\"og:url\" content=\"https:\/\/www.bipea.org\/fr\/essais-interlaboratoires-hygiene\/\" \/>\n<meta property=\"og:site_name\" content=\"Bipea\" \/>\n<meta property=\"article:publisher\" content=\"https:\/\/www.facebook.com\/Bipea-Proficiency-Testing-Programs-1726595444310313\/\" \/>\n<meta property=\"article:modified_time\" content=\"2025-10-13T08:56:49+00:00\" \/>\n<meta name=\"twitter:card\" content=\"summary_large_image\" \/>\n<meta name=\"twitter:site\" content=\"@BipeaP\" \/>\n<meta name=\"twitter:label1\" content=\"Dur\u00e9e de lecture estim\u00e9e\" \/>\n\t<meta name=\"twitter:data1\" content=\"4 minutes\" \/>\n<script type=\"application\/ld+json\" class=\"yoast-schema-graph\">{\"@context\":\"https:\/\/schema.org\",\"@graph\":[{\"@type\":\"WebPage\",\"@id\":\"https:\/\/www.bipea.org\/fr\/essais-interlaboratoires-hygiene\/\",\"url\":\"https:\/\/www.bipea.org\/fr\/essais-interlaboratoires-hygiene\/\",\"name\":\"Essais interlaboratoires HYGIENE - Bipea\",\"isPartOf\":{\"@id\":\"https:\/\/www.bipea.org\/fr\/#website\"},\"datePublished\":\"2020-10-19T09:50:54+00:00\",\"dateModified\":\"2025-10-13T08:56:49+00:00\",\"breadcrumb\":{\"@id\":\"https:\/\/www.bipea.org\/fr\/essais-interlaboratoires-hygiene\/#breadcrumb\"},\"inLanguage\":\"fr-FR\",\"potentialAction\":[{\"@type\":\"ReadAction\",\"target\":[\"https:\/\/www.bipea.org\/fr\/essais-interlaboratoires-hygiene\/\"]}]},{\"@type\":\"BreadcrumbList\",\"@id\":\"https:\/\/www.bipea.org\/fr\/essais-interlaboratoires-hygiene\/#breadcrumb\",\"itemListElement\":[{\"@type\":\"ListItem\",\"position\":1,\"name\":\"Accueil\",\"item\":\"https:\/\/www.bipea.org\/fr\/\"},{\"@type\":\"ListItem\",\"position\":2,\"name\":\"Essais interlaboratoires HYGIENE\"}]},{\"@type\":\"WebSite\",\"@id\":\"https:\/\/www.bipea.org\/fr\/#website\",\"url\":\"https:\/\/www.bipea.org\/fr\/\",\"name\":\"Bipea\",\"description\":\"\",\"potentialAction\":[{\"@type\":\"SearchAction\",\"target\":{\"@type\":\"EntryPoint\",\"urlTemplate\":\"https:\/\/www.bipea.org\/fr\/?s={search_term_string}\"},\"query-input\":{\"@type\":\"PropertyValueSpecification\",\"valueRequired\":true,\"valueName\":\"search_term_string\"}}],\"inLanguage\":\"fr-FR\"}]}<\/script>\n<!-- \/ Yoast SEO plugin. -->","yoast_head_json":{"title":"Essais interlaboratoires HYGIENE - Bipea","robots":{"index":"index","follow":"follow","max-snippet":"max-snippet:-1","max-image-preview":"max-image-preview:large","max-video-preview":"max-video-preview:-1"},"canonical":"https:\/\/www.bipea.org\/fr\/essais-interlaboratoires-hygiene\/","og_locale":"fr_FR","og_type":"article","og_title":"Essais interlaboratoires HYGIENE - Bipea","og_url":"https:\/\/www.bipea.org\/fr\/essais-interlaboratoires-hygiene\/","og_site_name":"Bipea","article_publisher":"https:\/\/www.facebook.com\/Bipea-Proficiency-Testing-Programs-1726595444310313\/","article_modified_time":"2025-10-13T08:56:49+00:00","twitter_card":"summary_large_image","twitter_site":"@BipeaP","twitter_misc":{"Dur\u00e9e de lecture estim\u00e9e":"4 minutes"},"schema":{"@context":"https:\/\/schema.org","@graph":[{"@type":"WebPage","@id":"https:\/\/www.bipea.org\/fr\/essais-interlaboratoires-hygiene\/","url":"https:\/\/www.bipea.org\/fr\/essais-interlaboratoires-hygiene\/","name":"Essais interlaboratoires HYGIENE - Bipea","isPartOf":{"@id":"https:\/\/www.bipea.org\/fr\/#website"},"datePublished":"2020-10-19T09:50:54+00:00","dateModified":"2025-10-13T08:56:49+00:00","breadcrumb":{"@id":"https:\/\/www.bipea.org\/fr\/essais-interlaboratoires-hygiene\/#breadcrumb"},"inLanguage":"fr-FR","potentialAction":[{"@type":"ReadAction","target":["https:\/\/www.bipea.org\/fr\/essais-interlaboratoires-hygiene\/"]}]},{"@type":"BreadcrumbList","@id":"https:\/\/www.bipea.org\/fr\/essais-interlaboratoires-hygiene\/#breadcrumb","itemListElement":[{"@type":"ListItem","position":1,"name":"Accueil","item":"https:\/\/www.bipea.org\/fr\/"},{"@type":"ListItem","position":2,"name":"Essais interlaboratoires HYGIENE"}]},{"@type":"WebSite","@id":"https:\/\/www.bipea.org\/fr\/#website","url":"https:\/\/www.bipea.org\/fr\/","name":"Bipea","description":"","potentialAction":[{"@type":"SearchAction","target":{"@type":"EntryPoint","urlTemplate":"https:\/\/www.bipea.org\/fr\/?s={search_term_string}"},"query-input":{"@type":"PropertyValueSpecification","valueRequired":true,"valueName":"search_term_string"}}],"inLanguage":"fr-FR"}]}},"_links":{"self":[{"href":"https:\/\/www.bipea.org\/fr\/wp-json\/wp\/v2\/pages\/15070","targetHints":{"allow":["GET"]}}],"collection":[{"href":"https:\/\/www.bipea.org\/fr\/wp-json\/wp\/v2\/pages"}],"about":[{"href":"https:\/\/www.bipea.org\/fr\/wp-json\/wp\/v2\/types\/page"}],"author":[{"embeddable":true,"href":"https:\/\/www.bipea.org\/fr\/wp-json\/wp\/v2\/users\/3"}],"replies":[{"embeddable":true,"href":"https:\/\/www.bipea.org\/fr\/wp-json\/wp\/v2\/comments?post=15070"}],"version-history":[{"count":20,"href":"https:\/\/www.bipea.org\/fr\/wp-json\/wp\/v2\/pages\/15070\/revisions"}],"predecessor-version":[{"id":23829,"href":"https:\/\/www.bipea.org\/fr\/wp-json\/wp\/v2\/pages\/15070\/revisions\/23829"}],"wp:attachment":[{"href":"https:\/\/www.bipea.org\/fr\/wp-json\/wp\/v2\/media?parent=15070"}],"curies":[{"name":"wp","href":"https:\/\/api.w.org\/{rel}","templated":true}]}}