{"id":15064,"date":"2020-02-10T10:00:15","date_gmt":"2020-02-10T09:00:15","guid":{"rendered":"https:\/\/www.bipea.org\/?page_id=15064"},"modified":"2025-09-18T15:24:41","modified_gmt":"2025-09-18T13:24:41","slug":"essais-interlaboratoires-pharma","status":"publish","type":"page","link":"https:\/\/www.bipea.org\/fr\/essais-interlaboratoires-pharma\/","title":{"rendered":"Essais interlaboratoires PHARMA"},"content":{"rendered":"<p><div class=\"fusion-fullwidth fullwidth-box fusion-builder-row-1 nonhundred-percent-fullwidth non-hundred-percent-height-scrolling\" style=\"--awb-border-radius-top-left:0px;--awb-border-radius-top-right:0px;--awb-border-radius-bottom-right:0px;--awb-border-radius-bottom-left:0px;--awb-flex-wrap:wrap;\" ><div class=\"fusion-builder-row fusion-row\"><div class=\"fusion-layout-column fusion_builder_column fusion-builder-column-0 fusion_builder_column_5_6 5_6 fusion-five-sixth fusion-column-first\" style=\"--awb-bg-size:cover;width:83.333333333333%;width:calc(83.333333333333% - ( ( 4% ) * 0.83333333333333 ) );margin-right: 4%;\"><div class=\"fusion-column-wrapper fusion-flex-column-wrapper-legacy\"><div class=\"fusion-text fusion-text-1\"><h4 class=\"title_food\">Essais interlaboratoires<br \/>\nDOMAINE PHARMACEUTIQUE<\/h4>\n<\/div><div class=\"fusion-clearfix\"><\/div><\/div><\/div><div class=\"fusion-layout-column fusion_builder_column fusion-builder-column-1 fusion_builder_column_1_6 1_6 fusion-one-sixth fusion-column-last quote_box\" style=\"--awb-bg-size:cover;width:16.666666666667%;width:calc(16.666666666667% - ( ( 4% ) * 0.16666666666667 ) );\"><div class=\"fusion-column-wrapper fusion-flex-column-wrapper-legacy\"><div class=\"fusion-text fusion-text-2\"><p><a href=\"https:\/\/www.bipea.org\/fr\/essais-interlaboratoires-eils\/\">Retour \u00e0 la liste compl\u00e8te des EILs<\/a><\/p>\n<p><a class=\"fusion-button button-flat fusion-button-round button-large button-default button-2 button85\" href=\"\/fr\/devis\" target=\"_self\" rel=\"noopener noreferrer\"><span class=\"fusion-button-text\">DEVIS<\/span><\/a><\/p>\n<p>Contactez notre service commercial<\/p>\n<\/div><div class=\"fusion-clearfix\"><\/div><\/div><\/div><\/div><\/div><div class=\"fusion-fullwidth fullwidth-box fusion-builder-row-2 nonhundred-percent-fullwidth non-hundred-percent-height-scrolling\" style=\"--awb-border-radius-top-left:0px;--awb-border-radius-top-right:0px;--awb-border-radius-bottom-right:0px;--awb-border-radius-bottom-left:0px;--awb-margin-top:40px;--awb-flex-wrap:wrap;\" ><div class=\"fusion-builder-row fusion-row\"><div class=\"fusion-layout-column fusion_builder_column fusion-builder-column-2 fusion_builder_column_1_1 1_1 fusion-one-full fusion-column-first fusion-column-last\" style=\"--awb-bg-size:cover;\"><div class=\"fusion-column-wrapper fusion-flex-column-wrapper-legacy\">\n<div class=\"table-1\">\n<table id=\"theTable\" class=\"footable table-1 outerBorder footable-loaded isInnerColor\" style=\"margin: 0px; width: 98.5386%;\">\n<thead>\n<tr>\n<th id=\"thCol0\" style=\"width: 18.51%;\" data-type=\"alpha\">Programmes<\/th>\n<th id=\"thCol1\" style=\"width: 16.3335%;\" data-type=\"alpha\">Matrices<\/th>\n<th id=\"thCol2\" style=\"width: 21.7065%;\" data-type=\"alpha\">Param\u00e8tres<\/th>\n<th id=\"thCol4\" style=\"width: 7.62%;\" data-type=\"numeric\">Essais \/ an<\/th>\n<th id=\"thCol7\" style=\"width: 8.95%;\" data-type=\"alpha\">Planning<\/th>\n<\/tr>\n<\/thead>\n<tbody>\n<tr class=\"footableOdd\">\n<td style=\"width: 18.51%;\">97 &#8211; Eau purifi\u00e9e pour usage pharmaceutique<\/td>\n<td style=\"width: 16.3335%;\">Eau purifi\u00e9e<\/td>\n<td style=\"width: 21.7065%;\">TOC, D\u00e9tection et quantification des endotoxines<\/td>\n<td style=\"width: 7.62%; text-align: center;\">2<\/td>\n<td style=\"width: 8.95%;\"><a href=\"https:\/\/extranet.bipea.org\/documents\/plannings\/FR\/Essai-interlaboratoires-97\" target=\"newTab\" rel=\"noopener noreferrer\">T\u00e9l\u00e9charger<\/a><\/td>\n<\/tr>\n<tr>\n<td style=\"width: 18.51%;\">98 &#8211; Solvants r\u00e9siduels dans les excipients<\/td>\n<td style=\"width: 16.3335%;\">Poly\u00e9thyl\u00e8ne glycol &#8211; PEG<\/td>\n<td style=\"width: 21.7065%;\">Oxyde d\u2019\u00e9thyl\u00e8ne &amp; Dioxane<\/td>\n<td style=\"width: 7.62%; text-align: center;\">2<\/td>\n<td style=\"width: 8.95%;\"><a href=\"https:\/\/extranet.bipea.org\/documents\/plannings\/FR\/Essai-interlaboratoires-98\" target=\"newTab\" rel=\"noopener noreferrer\">T\u00e9l\u00e9charger<\/a><\/td>\n<\/tr>\n<tr class=\"footableOdd\">\n<td style=\"width: 18.51%;\">104 &#8211; Microbiologie des eaux de process pharmaceutique<\/td>\n<td style=\"width: 16.3335%;\">Eau de process pharmaceutique<\/td>\n<td style=\"width: 21.7065%;\">Germes a\u00e9robies viables totaux<\/td>\n<td style=\"width: 7.62%; text-align: center;\">2<\/td>\n<td style=\"width: 8.95%;\"><a href=\"https:\/\/extranet.bipea.org\/documents\/plannings\/FR\/Essai-interlaboratoires-104\" target=\"newTab\" rel=\"noopener noreferrer\">T\u00e9l\u00e9charger<\/a><\/td>\n<\/tr>\n<\/tbody>\n<\/table>\n<\/div>\n<div class=\"fusion-text fusion-text-3\"><p class=\"font_7\" style=\"font-size: 15px;\"><span style=\"font-style: italic;\"><span style=\"font-size: 15px;\">* Pour conna\u00eetre le d\u00e9tail des matrices et param\u00e8tres couverts par l&rsquo;accr\u00e9ditation, t\u00e9l\u00e9charger la\u00a0<span style=\"text-decoration: underline;\"><a href=\"https:\/\/extranet.bipea.org\/documents\/information\/FR\/Portee-detaillee-COFRAC.pdf\" target=\"_blank\" rel=\"noopener noreferrer\" data-type=\"external\" data-content=\"https:\/\/extranet.bipea.org\/documents\/information\/FR\/Portee-detaillee-COFRAC.pdf\">port\u00e9e d\u00e9taill\u00e9e<\/a><\/span>\u00a0<\/span><\/span><\/p>\n<\/div><div class=\"fusion-clearfix\"><\/div><\/div><\/div><\/div><\/div><\/p>\n","protected":false},"excerpt":{"rendered":"","protected":false},"author":3,"featured_media":0,"parent":0,"menu_order":0,"comment_status":"closed","ping_status":"closed","template":"","meta":{"footnotes":""},"class_list":["post-15064","page","type-page","status-publish","hentry"],"yoast_head":"<!-- This site is optimized with the Yoast SEO plugin v27.0 - https:\/\/yoast.com\/product\/yoast-seo-wordpress\/ -->\n<title>Essais interlaboratoires PHARMA - Bipea<\/title>\n<meta name=\"robots\" content=\"index, follow, max-snippet:-1, max-image-preview:large, max-video-preview:-1\" \/>\n<link rel=\"canonical\" href=\"https:\/\/www.bipea.org\/fr\/essais-interlaboratoires-pharma\/\" \/>\n<meta property=\"og:locale\" content=\"fr_FR\" \/>\n<meta property=\"og:type\" content=\"article\" \/>\n<meta property=\"og:title\" content=\"Essais interlaboratoires PHARMA - Bipea\" \/>\n<meta property=\"og:url\" content=\"https:\/\/www.bipea.org\/fr\/essais-interlaboratoires-pharma\/\" \/>\n<meta property=\"og:site_name\" content=\"Bipea\" \/>\n<meta property=\"article:publisher\" content=\"https:\/\/www.facebook.com\/Bipea-Proficiency-Testing-Programs-1726595444310313\/\" \/>\n<meta property=\"article:modified_time\" content=\"2025-09-18T13:24:41+00:00\" \/>\n<meta name=\"twitter:card\" content=\"summary_large_image\" \/>\n<meta name=\"twitter:site\" content=\"@BipeaP\" \/>\n<meta name=\"twitter:label1\" content=\"Dur\u00e9e de lecture estim\u00e9e\" \/>\n\t<meta name=\"twitter:data1\" content=\"3 minutes\" \/>\n<script type=\"application\/ld+json\" class=\"yoast-schema-graph\">{\"@context\":\"https:\/\/schema.org\",\"@graph\":[{\"@type\":\"WebPage\",\"@id\":\"https:\/\/www.bipea.org\/fr\/essais-interlaboratoires-pharma\/\",\"url\":\"https:\/\/www.bipea.org\/fr\/essais-interlaboratoires-pharma\/\",\"name\":\"Essais interlaboratoires PHARMA - Bipea\",\"isPartOf\":{\"@id\":\"https:\/\/www.bipea.org\/fr\/#website\"},\"datePublished\":\"2020-02-10T09:00:15+00:00\",\"dateModified\":\"2025-09-18T13:24:41+00:00\",\"breadcrumb\":{\"@id\":\"https:\/\/www.bipea.org\/fr\/essais-interlaboratoires-pharma\/#breadcrumb\"},\"inLanguage\":\"fr-FR\",\"potentialAction\":[{\"@type\":\"ReadAction\",\"target\":[\"https:\/\/www.bipea.org\/fr\/essais-interlaboratoires-pharma\/\"]}]},{\"@type\":\"BreadcrumbList\",\"@id\":\"https:\/\/www.bipea.org\/fr\/essais-interlaboratoires-pharma\/#breadcrumb\",\"itemListElement\":[{\"@type\":\"ListItem\",\"position\":1,\"name\":\"Accueil\",\"item\":\"https:\/\/www.bipea.org\/fr\/\"},{\"@type\":\"ListItem\",\"position\":2,\"name\":\"Essais interlaboratoires PHARMA\"}]},{\"@type\":\"WebSite\",\"@id\":\"https:\/\/www.bipea.org\/fr\/#website\",\"url\":\"https:\/\/www.bipea.org\/fr\/\",\"name\":\"Bipea\",\"description\":\"\",\"potentialAction\":[{\"@type\":\"SearchAction\",\"target\":{\"@type\":\"EntryPoint\",\"urlTemplate\":\"https:\/\/www.bipea.org\/fr\/?s={search_term_string}\"},\"query-input\":{\"@type\":\"PropertyValueSpecification\",\"valueRequired\":true,\"valueName\":\"search_term_string\"}}],\"inLanguage\":\"fr-FR\"}]}<\/script>\n<!-- \/ Yoast SEO plugin. -->","yoast_head_json":{"title":"Essais interlaboratoires PHARMA - Bipea","robots":{"index":"index","follow":"follow","max-snippet":"max-snippet:-1","max-image-preview":"max-image-preview:large","max-video-preview":"max-video-preview:-1"},"canonical":"https:\/\/www.bipea.org\/fr\/essais-interlaboratoires-pharma\/","og_locale":"fr_FR","og_type":"article","og_title":"Essais interlaboratoires PHARMA - Bipea","og_url":"https:\/\/www.bipea.org\/fr\/essais-interlaboratoires-pharma\/","og_site_name":"Bipea","article_publisher":"https:\/\/www.facebook.com\/Bipea-Proficiency-Testing-Programs-1726595444310313\/","article_modified_time":"2025-09-18T13:24:41+00:00","twitter_card":"summary_large_image","twitter_site":"@BipeaP","twitter_misc":{"Dur\u00e9e de lecture estim\u00e9e":"3 minutes"},"schema":{"@context":"https:\/\/schema.org","@graph":[{"@type":"WebPage","@id":"https:\/\/www.bipea.org\/fr\/essais-interlaboratoires-pharma\/","url":"https:\/\/www.bipea.org\/fr\/essais-interlaboratoires-pharma\/","name":"Essais interlaboratoires PHARMA - Bipea","isPartOf":{"@id":"https:\/\/www.bipea.org\/fr\/#website"},"datePublished":"2020-02-10T09:00:15+00:00","dateModified":"2025-09-18T13:24:41+00:00","breadcrumb":{"@id":"https:\/\/www.bipea.org\/fr\/essais-interlaboratoires-pharma\/#breadcrumb"},"inLanguage":"fr-FR","potentialAction":[{"@type":"ReadAction","target":["https:\/\/www.bipea.org\/fr\/essais-interlaboratoires-pharma\/"]}]},{"@type":"BreadcrumbList","@id":"https:\/\/www.bipea.org\/fr\/essais-interlaboratoires-pharma\/#breadcrumb","itemListElement":[{"@type":"ListItem","position":1,"name":"Accueil","item":"https:\/\/www.bipea.org\/fr\/"},{"@type":"ListItem","position":2,"name":"Essais interlaboratoires PHARMA"}]},{"@type":"WebSite","@id":"https:\/\/www.bipea.org\/fr\/#website","url":"https:\/\/www.bipea.org\/fr\/","name":"Bipea","description":"","potentialAction":[{"@type":"SearchAction","target":{"@type":"EntryPoint","urlTemplate":"https:\/\/www.bipea.org\/fr\/?s={search_term_string}"},"query-input":{"@type":"PropertyValueSpecification","valueRequired":true,"valueName":"search_term_string"}}],"inLanguage":"fr-FR"}]}},"_links":{"self":[{"href":"https:\/\/www.bipea.org\/fr\/wp-json\/wp\/v2\/pages\/15064","targetHints":{"allow":["GET"]}}],"collection":[{"href":"https:\/\/www.bipea.org\/fr\/wp-json\/wp\/v2\/pages"}],"about":[{"href":"https:\/\/www.bipea.org\/fr\/wp-json\/wp\/v2\/types\/page"}],"author":[{"embeddable":true,"href":"https:\/\/www.bipea.org\/fr\/wp-json\/wp\/v2\/users\/3"}],"replies":[{"embeddable":true,"href":"https:\/\/www.bipea.org\/fr\/wp-json\/wp\/v2\/comments?post=15064"}],"version-history":[{"count":15,"href":"https:\/\/www.bipea.org\/fr\/wp-json\/wp\/v2\/pages\/15064\/revisions"}],"predecessor-version":[{"id":23582,"href":"https:\/\/www.bipea.org\/fr\/wp-json\/wp\/v2\/pages\/15064\/revisions\/23582"}],"wp:attachment":[{"href":"https:\/\/www.bipea.org\/fr\/wp-json\/wp\/v2\/media?parent=15064"}],"curies":[{"name":"wp","href":"https:\/\/api.w.org\/{rel}","templated":true}]}}