{"id":12627,"date":"2017-12-24T17:26:53","date_gmt":"2017-12-24T16:26:53","guid":{"rendered":"https:\/\/www.bipea.org\/milling\/"},"modified":"2025-10-13T11:08:13","modified_gmt":"2025-10-13T09:08:13","slug":"essais-interlaboratoires-meunerie","status":"publish","type":"page","link":"https:\/\/www.bipea.org\/fr\/essais-interlaboratoires-meunerie\/","title":{"rendered":"Essais interlaboratoires dans la MEUNERIE Analyses physico-chimiques et microbiologiques"},"content":{"rendered":"<p><div class=\"fusion-fullwidth fullwidth-box fusion-builder-row-1 nonhundred-percent-fullwidth non-hundred-percent-height-scrolling\" style=\"--awb-border-radius-top-left:0px;--awb-border-radius-top-right:0px;--awb-border-radius-bottom-right:0px;--awb-border-radius-bottom-left:0px;--awb-flex-wrap:wrap;\" ><div class=\"fusion-builder-row fusion-row\"><div class=\"fusion-layout-column fusion_builder_column fusion-builder-column-0 fusion_builder_column_5_6 5_6 fusion-five-sixth fusion-column-first\" style=\"--awb-bg-size:cover;width:83.333333333333%;width:calc(83.333333333333% - ( ( 4% ) * 0.83333333333333 ) );margin-right: 4%;\"><div class=\"fusion-column-wrapper fusion-flex-column-wrapper-legacy\"><div class=\"fusion-text fusion-text-1\"><h4 class=\"title_food\">Essais interlaboratoires dans la MEUNERIE<br \/>\nAnalyses physico-chimiques et microbiologiques<\/h4>\n<\/div><div class=\"fusion-clearfix\"><\/div><\/div><\/div><div class=\"fusion-layout-column fusion_builder_column fusion-builder-column-1 fusion_builder_column_1_6 1_6 fusion-one-sixth fusion-column-last quote_box\" style=\"--awb-bg-size:cover;width:16.666666666667%;width:calc(16.666666666667% - ( ( 4% ) * 0.16666666666667 ) );\"><div class=\"fusion-column-wrapper fusion-flex-column-wrapper-legacy\"><div class=\"fusion-text fusion-text-2\"><p><a href=\"https:\/\/www.bipea.org\/fr\/essais-interlaboratoires-eils\/\">Retour \u00e0 la liste compl\u00e8te des EILs<\/a><\/p>\n<p><a class=\"fusion-button button-flat fusion-button-round button-large button-default button-2 button85\" href=\"https:\/\/www.bipea.org\/fr\/devis\/\" target=\"_self\" rel=\"noopener noreferrer\"><span class=\"fusion-button-text\">DEVIS<\/span><\/a><\/p>\n<p>Contactez notre service commercial<\/p>\n<\/div><div class=\"fusion-clearfix\"><\/div><\/div><\/div><\/div><\/div><div class=\"fusion-fullwidth fullwidth-box fusion-builder-row-2 nonhundred-percent-fullwidth non-hundred-percent-height-scrolling\" style=\"--awb-border-radius-top-left:0px;--awb-border-radius-top-right:0px;--awb-border-radius-bottom-right:0px;--awb-border-radius-bottom-left:0px;--awb-margin-top:40px;--awb-flex-wrap:wrap;\" ><div class=\"fusion-builder-row fusion-row\"><div class=\"fusion-layout-column fusion_builder_column fusion-builder-column-2 fusion_builder_column_1_1 1_1 fusion-one-full fusion-column-first fusion-column-last\" style=\"--awb-bg-size:cover;\"><div class=\"fusion-column-wrapper fusion-flex-column-wrapper-legacy\">\n<div class=\"table-1\">\n<table id=\"theTable\" class=\"footable table-1 outerBorder footable-loaded isInnerColor\" style=\"width: 100%; margin: 0px; height: 582px;\">\n<thead>\n<tr style=\"height: 47px;\">\n<th id=\"thCol0\" style=\"width: 18.3348%; height: 47px;\" data-type=\"alpha\">Programmes<\/th>\n<th id=\"thCol1\" style=\"width: 7.35062%; height: 47px;\" data-type=\"alpha\">Matrices<\/th>\n<th id=\"thCol2\" style=\"width: 34.9004%; height: 47px;\" data-type=\"alpha\">Param\u00e8tres<\/th>\n<th id=\"thCol3\" style=\"width: 8.85616%; height: 47px;\" data-type=\"alpha\">Accr\u00e9ditation<\/th>\n<th id=\"thCol5\" style=\"width: 5.49159%; height: 47px;\" data-type=\"numeric\">Essais \/ an<\/th>\n<th id=\"thCol7\" style=\"width: 7.70593%; height: 47px;\" data-type=\"alpha\">Planning<\/th>\n<\/tr>\n<\/thead>\n<tbody>\n<tr class=\"footableOdd\" style=\"height: 47px;\">\n<td style=\"width: 18.3348%; height: 47px;\">02 &#8211; Farine : Analyses physico-chimiques et alv\u00e9ographe<\/td>\n<td style=\"width: 7.35062%; height: 47px;\">Farines<\/td>\n<td style=\"width: 34.9004%; height: 47px;\">Analyses physico-chimiques<\/td>\n<td style=\"text-align: center; width: 8.85616%; height: 47px;\">accr\u00e9dit\u00e9*<\/td>\n<td style=\"text-align: center; width: 5.49159%; height: 47px;\">10<\/td>\n<td style=\"width: 7.70593%; height: 47px;\"><a href=\"https:\/\/extranet.bipea.org\/documents\/plannings\/FR\/Essai-interlaboratoires-02\" target=\"newTab\" rel=\"noopener noreferrer\">T\u00e9l\u00e9charger<\/a><\/td>\n<\/tr>\n<tr class=\"footableEven\" style=\"height: 95px;\">\n<td style=\"width: 18.3348%; height: 95px;\">03 &#8211; Farine : pain<\/td>\n<td style=\"width: 7.35062%; height: 95px;\">Farines<\/td>\n<td style=\"width: 34.9004%; height: 95px;\">Inclut l\u2019humidit\u00e9 de la farine et les \u00e9tapes cl\u00e9s de la panification (par exemple, hydratation, p\u00e9trissage, cuisson), ainsi que l\u2019\u00e9valuation de la p\u00e2te, du pain, des caract\u00e9ristiques de la mie, du volume et de la valeur boulang\u00e8re.<\/td>\n<td style=\"text-align: center; width: 8.85616%; height: 95px;\">accr\u00e9dit\u00e9*<\/td>\n<td style=\"text-align: center; width: 5.49159%; height: 95px;\">5<\/td>\n<td style=\"width: 7.70593%; height: 95px;\"><a href=\"https:\/\/extranet.bipea.org\/documents\/plannings\/FR\/Essai-interlaboratoires-03\" target=\"newTab\" rel=\"noopener noreferrer\">T\u00e9l\u00e9charger<\/a><\/td>\n<\/tr>\n<tr class=\"footableOdd\" style=\"height: 23px;\">\n<td style=\"width: 18.3348%; height: 23px;\">07 &#8211; Semoule<\/td>\n<td style=\"width: 7.35062%; height: 23px;\">Semoules<\/td>\n<td style=\"width: 34.9004%; height: 23px;\">Analyses physico-chimiques<\/td>\n<td style=\"text-align: center; width: 8.85616%; height: 23px;\">accr\u00e9dit\u00e9*<\/td>\n<td style=\"text-align: center; width: 5.49159%; height: 23px;\">10<\/td>\n<td style=\"width: 7.70593%; height: 23px;\"><a href=\"https:\/\/extranet.bipea.org\/documents\/plannings\/FR\/Essai-interlaboratoires-07\" target=\"newTab\" rel=\"noopener noreferrer\">T\u00e9l\u00e9charger<\/a><\/td>\n<\/tr>\n<tr class=\"footableEven\" style=\"height: 47px;\">\n<td style=\"width: 18.3348%; height: 47px;\">16 &#8211; Filth test<\/td>\n<td style=\"width: 7.35062%; height: 47px;\">Farines, P\u00e2tes, Semoules<\/td>\n<td style=\"width: 34.9004%; height: 47px;\">D\u00e9tection et quantification de la contamination par des fragments d\u2019insectes, y compris des \u00e9cailles, des acariens entiers ou fragment\u00e9s, ainsi que les r\u00e9sidus totaux combin\u00e9s d\u2019insectes et d\u2019acariens.<\/td>\n<td style=\"text-align: center; width: 8.85616%; height: 47px;\">accr\u00e9dit\u00e9*<\/td>\n<td style=\"text-align: center; width: 5.49159%; height: 47px;\">5<\/td>\n<td style=\"width: 7.70593%; height: 47px;\"><a href=\"https:\/\/extranet.bipea.org\/documents\/plannings\/FR\/Essai-interlaboratoires-16\" target=\"newTab\" rel=\"noopener noreferrer\">T\u00e9l\u00e9charger<\/a><\/td>\n<\/tr>\n<tr class=\"footableOdd\" style=\"height: 23px;\">\n<td style=\"width: 18.3348%; height: 23px;\">25 &#8211; Farine : Farinographe<\/td>\n<td style=\"width: 7.35062%; height: 23px;\">Farines<\/td>\n<td style=\"width: 34.9004%; height: 23px;\">Analyses physico-chimiques<\/td>\n<td style=\"text-align: center; width: 8.85616%; height: 23px;\">accr\u00e9dit\u00e9*<\/td>\n<td style=\"text-align: center; width: 5.49159%; height: 23px;\">10<\/td>\n<td style=\"width: 7.70593%; height: 23px;\"><a href=\"https:\/\/extranet.bipea.org\/documents\/plannings\/FR\/Essai-interlaboratoires-25\" target=\"newTab\" rel=\"noopener noreferrer\">T\u00e9l\u00e9charger<\/a><\/td>\n<\/tr>\n<tr class=\"footableEven\" style=\"height: 23px;\">\n<td style=\"width: 18.3348%; height: 23px;\">41 &#8211; Farine : Rh\u00e9ofermentom\u00e8tre<\/td>\n<td style=\"width: 7.35062%; height: 23px;\">Farines<\/td>\n<td style=\"width: 34.9004%; height: 23px;\">Rh\u00e9ologie<\/td>\n<td style=\"text-align: center; width: 8.85616%; height: 23px;\">accr\u00e9dit\u00e9*<\/td>\n<td style=\"text-align: center; width: 5.49159%; height: 23px;\">10<\/td>\n<td style=\"width: 7.70593%; height: 23px;\"><a href=\"https:\/\/extranet.bipea.org\/documents\/plannings\/FR\/Essai-interlaboratoires-41\" target=\"newTab\" rel=\"noopener noreferrer\">T\u00e9l\u00e9charger<\/a><\/td>\n<\/tr>\n<tr class=\"footableOdd\" style=\"height: 47px;\">\n<td style=\"width: 18.3348%; height: 47px;\">47 &#8211; Pain de tradition<\/td>\n<td style=\"width: 7.35062%; height: 47px;\">Farines<\/td>\n<td style=\"width: 34.9004%; height: 47px;\">Analyses physico-chimiques de la farine, caract\u00e9ristiques de la p\u00e2te, du pain et de la mie<\/td>\n<td style=\"text-align: center; width: 8.85616%; height: 47px;\">accr\u00e9dit\u00e9*<\/td>\n<td style=\"text-align: center; width: 5.49159%; height: 47px;\">10<\/td>\n<td style=\"width: 7.70593%; height: 47px;\"><a href=\"https:\/\/extranet.bipea.org\/documents\/plannings\/FR\/Essai-interlaboratoires-47\" target=\"newTab\" rel=\"noopener noreferrer\">T\u00e9l\u00e9charger<\/a><\/td>\n<\/tr>\n<tr class=\"footableEven\" style=\"height: 47px;\">\n<td style=\"width: 18.3348%; height: 47px;\">72 &#8211; Farine : Mixolab protocole standard<\/td>\n<td style=\"width: 7.35062%; height: 47px;\">Farines<\/td>\n<td style=\"width: 34.9004%; height: 47px;\">Param\u00e8tres du protocole standard<\/td>\n<td style=\"text-align: center; width: 8.85616%; height: 47px;\">accr\u00e9dit\u00e9*<\/td>\n<td style=\"text-align: center; width: 5.49159%; height: 47px;\">10<\/td>\n<td style=\"width: 7.70593%; height: 47px;\"><a href=\"https:\/\/extranet.bipea.org\/documents\/plannings\/FR\/Essai-interlaboratoires-72\" target=\"newTab\" rel=\"noopener noreferrer\">T\u00e9l\u00e9charger<\/a><\/td>\n<\/tr>\n<tr class=\"footableOdd\" style=\"height: 183px;\">\n<td style=\"width: 18.3348%; height: 183px;\">56 &#8211; Microbiologie des farines<\/td>\n<td style=\"width: 7.35062%; height: 183px;\">Farines<\/td>\n<td style=\"width: 34.9004%; height: 183px;\">D\u00e9nombrement :<\/p>\n<p>Staphylocoques \u00e0 coagulase positive, <em>Escherichia coli<\/em>, Moisissures, Bact\u00e9ries ana\u00e9robies sulfito-r\u00e9ductrices \u00e0 46 \u00b0C, Germes totaux, Coliformes totaux, Levures.<\/p>\n<p>D\u00e9tection <em>Salmonella<\/em><\/td>\n<td style=\"text-align: center; width: 8.85616%; height: 183px;\">accr\u00e9dit\u00e9*<\/td>\n<td style=\"text-align: center; width: 5.49159%; height: 183px;\">4<\/td>\n<td style=\"width: 7.70593%; height: 183px;\"><a href=\"https:\/\/extranet.bipea.org\/documents\/plannings\/FR\/Essai-interlaboratoires-56\" target=\"newTab\" rel=\"noopener noreferrer\">T\u00e9l\u00e9charger<\/a><\/td>\n<\/tr>\n<\/tbody>\n<\/table>\n<\/div>\n<div class=\"fusion-text fusion-text-3\"><p class=\"font_7\" style=\"font-size: 15px;\"><span style=\"font-style: italic;\"><span style=\"font-size: 15px;\">* Pour conna\u00eetre le d\u00e9tail des matrices et param\u00e8tres couverts par l&rsquo;accr\u00e9ditation, t\u00e9l\u00e9charger la\u00a0<span style=\"text-decoration: underline;\"><a href=\"https:\/\/extranet.bipea.org\/documents\/information\/FR\/Portee-detaillee-COFRAC.pdf\" target=\"_blank\" rel=\"noopener noreferrer\" data-type=\"external\" data-content=\"https:\/\/extranet.bipea.org\/documents\/information\/FR\/Portee-detaillee-COFRAC.pdf\">port\u00e9e d\u00e9taill\u00e9e<\/a><\/span>\u00a0<\/span><\/span><\/p>\n<\/div><div class=\"fusion-clearfix\"><\/div><\/div><\/div><\/div><\/div><\/p>\n","protected":false},"excerpt":{"rendered":"","protected":false},"author":1,"featured_media":0,"parent":0,"menu_order":0,"comment_status":"closed","ping_status":"closed","template":"","meta":{"footnotes":""},"class_list":["post-12627","page","type-page","status-publish","hentry"],"yoast_head":"<!-- This site is optimized with the Yoast SEO plugin v27.0 - https:\/\/yoast.com\/product\/yoast-seo-wordpress\/ -->\n<title>Essais interlaboratoires dans la MEUNERIE Analyses physico-chimiques et microbiologiques - Bipea<\/title>\n<meta name=\"robots\" content=\"index, follow, max-snippet:-1, max-image-preview:large, max-video-preview:-1\" \/>\n<link rel=\"canonical\" href=\"https:\/\/www.bipea.org\/fr\/essais-interlaboratoires-meunerie\/\" \/>\n<meta property=\"og:locale\" content=\"fr_FR\" \/>\n<meta property=\"og:type\" content=\"article\" \/>\n<meta property=\"og:title\" content=\"Essais interlaboratoires dans la MEUNERIE Analyses physico-chimiques et microbiologiques - Bipea\" \/>\n<meta property=\"og:url\" content=\"https:\/\/www.bipea.org\/fr\/essais-interlaboratoires-meunerie\/\" \/>\n<meta property=\"og:site_name\" content=\"Bipea\" \/>\n<meta property=\"article:publisher\" content=\"https:\/\/www.facebook.com\/Bipea-Proficiency-Testing-Programs-1726595444310313\/\" \/>\n<meta property=\"article:modified_time\" content=\"2025-10-13T09:08:13+00:00\" \/>\n<meta name=\"twitter:card\" content=\"summary_large_image\" \/>\n<meta name=\"twitter:site\" content=\"@BipeaP\" \/>\n<meta name=\"twitter:label1\" content=\"Dur\u00e9e de lecture estim\u00e9e\" \/>\n\t<meta name=\"twitter:data1\" content=\"4 minutes\" \/>\n<script type=\"application\/ld+json\" class=\"yoast-schema-graph\">{\"@context\":\"https:\/\/schema.org\",\"@graph\":[{\"@type\":\"WebPage\",\"@id\":\"https:\/\/www.bipea.org\/fr\/essais-interlaboratoires-meunerie\/\",\"url\":\"https:\/\/www.bipea.org\/fr\/essais-interlaboratoires-meunerie\/\",\"name\":\"Essais interlaboratoires dans la MEUNERIE Analyses physico-chimiques et microbiologiques - Bipea\",\"isPartOf\":{\"@id\":\"https:\/\/www.bipea.org\/fr\/#website\"},\"datePublished\":\"2017-12-24T16:26:53+00:00\",\"dateModified\":\"2025-10-13T09:08:13+00:00\",\"breadcrumb\":{\"@id\":\"https:\/\/www.bipea.org\/fr\/essais-interlaboratoires-meunerie\/#breadcrumb\"},\"inLanguage\":\"fr-FR\",\"potentialAction\":[{\"@type\":\"ReadAction\",\"target\":[\"https:\/\/www.bipea.org\/fr\/essais-interlaboratoires-meunerie\/\"]}]},{\"@type\":\"BreadcrumbList\",\"@id\":\"https:\/\/www.bipea.org\/fr\/essais-interlaboratoires-meunerie\/#breadcrumb\",\"itemListElement\":[{\"@type\":\"ListItem\",\"position\":1,\"name\":\"Accueil\",\"item\":\"https:\/\/www.bipea.org\/fr\/\"},{\"@type\":\"ListItem\",\"position\":2,\"name\":\"Essais interlaboratoires dans la MEUNERIE Analyses physico-chimiques et microbiologiques\"}]},{\"@type\":\"WebSite\",\"@id\":\"https:\/\/www.bipea.org\/fr\/#website\",\"url\":\"https:\/\/www.bipea.org\/fr\/\",\"name\":\"Bipea\",\"description\":\"\",\"potentialAction\":[{\"@type\":\"SearchAction\",\"target\":{\"@type\":\"EntryPoint\",\"urlTemplate\":\"https:\/\/www.bipea.org\/fr\/?s={search_term_string}\"},\"query-input\":{\"@type\":\"PropertyValueSpecification\",\"valueRequired\":true,\"valueName\":\"search_term_string\"}}],\"inLanguage\":\"fr-FR\"}]}<\/script>\n<!-- \/ Yoast SEO plugin. -->","yoast_head_json":{"title":"Essais interlaboratoires dans la MEUNERIE Analyses physico-chimiques et microbiologiques - Bipea","robots":{"index":"index","follow":"follow","max-snippet":"max-snippet:-1","max-image-preview":"max-image-preview:large","max-video-preview":"max-video-preview:-1"},"canonical":"https:\/\/www.bipea.org\/fr\/essais-interlaboratoires-meunerie\/","og_locale":"fr_FR","og_type":"article","og_title":"Essais interlaboratoires dans la MEUNERIE Analyses physico-chimiques et microbiologiques - Bipea","og_url":"https:\/\/www.bipea.org\/fr\/essais-interlaboratoires-meunerie\/","og_site_name":"Bipea","article_publisher":"https:\/\/www.facebook.com\/Bipea-Proficiency-Testing-Programs-1726595444310313\/","article_modified_time":"2025-10-13T09:08:13+00:00","twitter_card":"summary_large_image","twitter_site":"@BipeaP","twitter_misc":{"Dur\u00e9e de lecture estim\u00e9e":"4 minutes"},"schema":{"@context":"https:\/\/schema.org","@graph":[{"@type":"WebPage","@id":"https:\/\/www.bipea.org\/fr\/essais-interlaboratoires-meunerie\/","url":"https:\/\/www.bipea.org\/fr\/essais-interlaboratoires-meunerie\/","name":"Essais interlaboratoires dans la MEUNERIE Analyses physico-chimiques et microbiologiques - Bipea","isPartOf":{"@id":"https:\/\/www.bipea.org\/fr\/#website"},"datePublished":"2017-12-24T16:26:53+00:00","dateModified":"2025-10-13T09:08:13+00:00","breadcrumb":{"@id":"https:\/\/www.bipea.org\/fr\/essais-interlaboratoires-meunerie\/#breadcrumb"},"inLanguage":"fr-FR","potentialAction":[{"@type":"ReadAction","target":["https:\/\/www.bipea.org\/fr\/essais-interlaboratoires-meunerie\/"]}]},{"@type":"BreadcrumbList","@id":"https:\/\/www.bipea.org\/fr\/essais-interlaboratoires-meunerie\/#breadcrumb","itemListElement":[{"@type":"ListItem","position":1,"name":"Accueil","item":"https:\/\/www.bipea.org\/fr\/"},{"@type":"ListItem","position":2,"name":"Essais interlaboratoires dans la MEUNERIE Analyses physico-chimiques et microbiologiques"}]},{"@type":"WebSite","@id":"https:\/\/www.bipea.org\/fr\/#website","url":"https:\/\/www.bipea.org\/fr\/","name":"Bipea","description":"","potentialAction":[{"@type":"SearchAction","target":{"@type":"EntryPoint","urlTemplate":"https:\/\/www.bipea.org\/fr\/?s={search_term_string}"},"query-input":{"@type":"PropertyValueSpecification","valueRequired":true,"valueName":"search_term_string"}}],"inLanguage":"fr-FR"}]}},"_links":{"self":[{"href":"https:\/\/www.bipea.org\/fr\/wp-json\/wp\/v2\/pages\/12627","targetHints":{"allow":["GET"]}}],"collection":[{"href":"https:\/\/www.bipea.org\/fr\/wp-json\/wp\/v2\/pages"}],"about":[{"href":"https:\/\/www.bipea.org\/fr\/wp-json\/wp\/v2\/types\/page"}],"author":[{"embeddable":true,"href":"https:\/\/www.bipea.org\/fr\/wp-json\/wp\/v2\/users\/1"}],"replies":[{"embeddable":true,"href":"https:\/\/www.bipea.org\/fr\/wp-json\/wp\/v2\/comments?post=12627"}],"version-history":[{"count":27,"href":"https:\/\/www.bipea.org\/fr\/wp-json\/wp\/v2\/pages\/12627\/revisions"}],"predecessor-version":[{"id":23832,"href":"https:\/\/www.bipea.org\/fr\/wp-json\/wp\/v2\/pages\/12627\/revisions\/23832"}],"wp:attachment":[{"href":"https:\/\/www.bipea.org\/fr\/wp-json\/wp\/v2\/media?parent=12627"}],"curies":[{"name":"wp","href":"https:\/\/api.w.org\/{rel}","templated":true}]}}