{"id":12622,"date":"2018-01-01T20:01:05","date_gmt":"2018-01-01T19:01:05","guid":{"rendered":"https:\/\/www.bipea.org\/?page_id=12622\/"},"modified":"2026-02-06T11:29:43","modified_gmt":"2026-02-06T10:29:43","slug":"essais-interlaboratoires-air","status":"publish","type":"page","link":"https:\/\/www.bipea.org\/fr\/essais-interlaboratoires-air\/","title":{"rendered":"Essais interlaboratoires AIR"},"content":{"rendered":"<p><div class=\"fusion-fullwidth fullwidth-box fusion-builder-row-1 nonhundred-percent-fullwidth non-hundred-percent-height-scrolling\" style=\"--awb-border-radius-top-left:0px;--awb-border-radius-top-right:0px;--awb-border-radius-bottom-right:0px;--awb-border-radius-bottom-left:0px;--awb-flex-wrap:wrap;\" ><div class=\"fusion-builder-row fusion-row\"><div class=\"fusion-layout-column fusion_builder_column fusion-builder-column-0 fusion_builder_column_5_6 5_6 fusion-five-sixth fusion-column-first\" style=\"--awb-bg-size:cover;width:83.333333333333%;width:calc(83.333333333333% - ( ( 4% ) * 0.83333333333333 ) );margin-right: 4%;\"><div class=\"fusion-column-wrapper fusion-flex-column-wrapper-legacy\"><div class=\"fusion-text fusion-text-1\"><h4 class=\"title_food\">Essais interlaboratoires AIR<\/h4>\n<\/div><div class=\"fusion-clearfix\"><\/div><\/div><\/div><div class=\"fusion-layout-column fusion_builder_column fusion-builder-column-1 fusion_builder_column_1_6 1_6 fusion-one-sixth fusion-column-last quote_box\" style=\"--awb-bg-size:cover;width:16.666666666667%;width:calc(16.666666666667% - ( ( 4% ) * 0.16666666666667 ) );\"><div class=\"fusion-column-wrapper fusion-flex-column-wrapper-legacy\"><div class=\"fusion-text fusion-text-2\"><p><a href=\"https:\/\/www.bipea.org\/fr\/essais-interlaboratoires-eils\/\">Retour \u00e0 la liste compl\u00e8te des EILs<\/a><\/p>\n<p><a class=\"fusion-button button-flat fusion-button-round button-large button-default button-2 button85\" href=\"https:\/\/www.bipea.org\/fr\/devis\/\" target=\"_self\" rel=\"noopener\"><span class=\"fusion-button-text\">DEVIS<\/span><\/a><\/p>\n<p>Contactez notre service commercial<\/p>\n<\/div><div class=\"fusion-clearfix\"><\/div><\/div><\/div><\/div><\/div><div class=\"fusion-fullwidth fullwidth-box fusion-builder-row-2 nonhundred-percent-fullwidth non-hundred-percent-height-scrolling\" style=\"--awb-border-radius-top-left:0px;--awb-border-radius-top-right:0px;--awb-border-radius-bottom-right:0px;--awb-border-radius-bottom-left:0px;--awb-margin-top:40px;--awb-flex-wrap:wrap;\" ><div class=\"fusion-builder-row fusion-row\"><div class=\"fusion-layout-column fusion_builder_column fusion-builder-column-2 fusion_builder_column_1_1 1_1 fusion-one-full fusion-column-first fusion-column-last\" style=\"--awb-bg-size:cover;\"><div class=\"fusion-column-wrapper fusion-flex-column-wrapper-legacy\">\n<div class=\"table-1\">\n<table id=\"theTable\" class=\"footable table-1 outerBorder footable-loaded isInnerColor\" style=\"margin: 0px; width: 97.91%;\">\n<thead>\n<tr>\n<th id=\"thCol0\" style=\"width: 15.06%;\" data-type=\"alpha\">Programmes<\/th>\n<th id=\"thCol1\" style=\"width: 68.06%;\" data-type=\"alpha\">D\u00e9tails<\/th>\n<th style=\"width: 7.89%;\">Date limite d&rsquo;inscription<\/th>\n<th style=\"width: 7.89%;\">Planning<\/th>\n<\/tr>\n<\/thead>\n<tbody>\n<tr class=\"footableOdd\">\n<td style=\"width: 15.06%;\">Air \u00e0 l\u2019\u00e9mission Pr\u00e9l\u00e8vement<\/td>\n<td style=\"width: 68.06%;\"><span style=\"color: #0076b3;\">Pr\u00e9l\u00e8vement de m\u00e9thodes manuelles (compos\u00e9s \u00e0 d\u00e9finir) | <\/span>site de Verneuil-en-Halatte dans l\u2019Oise.<\/td>\n<td style=\"width: 7.89%;\"><span style=\"color: #ff0000;\"><strong>Mars 2026<\/strong><\/span><\/td>\n<td style=\"width: 7.89%;\"><strong>Juin 2026<\/strong><\/td>\n<\/tr>\n<tr class=\"footableEven\">\n<td style=\"width: 15.06%;\">Air \u00e0 l\u2019\u00e9mission Analyses<\/td>\n<td style=\"width: 68.06%;\"><span style=\"color: #0076b3;\">Poussi\u00e8res par gravim\u00e9trie<\/span>,<\/p>\n<p><span style=\"color: #0076b3;\">Acide chlorhydrique gazeux<\/span> (solution d\u2019absorption soumise \u00e0 des effluents gazeux),<\/p>\n<p><span style=\"color: #0076b3;\">Acide fluorhydrique gazeux<\/span> (solution d\u2019absorption soumise \u00e0 des effluents gazeux) et particulaire (filtre et poussi\u00e8res),<\/p>\n<p><span style=\"color: #0076b3;\">M\u00e9taux gazeux<\/span> (solution d\u2019absorption soumise \u00e0 des effluents gazeux) et particulaires (filtre et poussi\u00e8res) : As, Cd, Cr, Co, Cu, Mn, Ni, Pb, Sb, Se, Tl, V, Zn,<\/p>\n<p><span style=\"color: #0076b3;\">Hydrocarbures aromatiques polycycliques<\/span> (filtre et poussi\u00e8res) : benzo[a]anthrac\u00e8ne, benzo[k]fluoranth\u00e8ne, benzo[b]fluoranth\u00e8ne, benzo[a]pyr\u00e8ne, dibenzo[a,h]anthrac\u00e8ne, benz [g,h,i]p\u00e9ryl\u00e8ne, fluoranth\u00e8ne, ind\u00e9no[1,2,3\u2013c,d]pyr\u00e8ne,<\/p>\n<p><span style=\"color: #0076b3;\">Dioxyde de soufre gazeux<\/span> (solution d\u2019absorption soumise \u00e0 des effluents gazeux),<\/p>\n<p><span style=\"color: #0076b3;\">Ammoniac gazeux<\/span> (solution d\u2019absorption soumise \u00e0 des effluents gazeux).<\/td>\n<td style=\"width: 7.89%;\"><strong><span style=\"color: #ff0000;\">13\/03\/2026<\/span><\/strong><\/td>\n<td style=\"width: 7.89%;\"><strong>05\/2026<\/strong><\/td>\n<\/tr>\n<tr class=\"footableOdd\">\n<td style=\"width: 15.06%;\">Air int\u00e9rieur Analyses<\/td>\n<td style=\"width: 68.06%;\"><span style=\"color: #0076b3;\">BTEX (benz\u00e8ne, tolu\u00e8ne, \u00e9thylbenz\u00e8ne, xyl\u00e8ne),<\/span><\/p>\n<p><span style=\"color: #0076b3;\">Formald\u00e9hyde.<\/span><\/td>\n<td style=\"width: 7.89%;\"><strong><span style=\"color: #ff0000;\">27\/02\/2026<\/span><\/strong><\/td>\n<td style=\"width: 7.89%;\"><strong>03\/2026<\/strong><\/td>\n<\/tr>\n<tr class=\"footableEven\">\n<td style=\"width: 15.06%;\">Air des lieux de travail Analyses<\/td>\n<td style=\"width: 68.06%;\"><span style=\"color: #0076b3;\">M\u00e9taux<\/span> (Cd, Cr, Ni, Pb) sur filtre en fibre de quartz,<\/p>\n<p><span style=\"color: #0076b3;\">Acides inorganiques<\/span> (HF, HBr, HCl, H3PO4 , HNO3 , H2SO4) sur filtre en fibre de quartz,<\/p>\n<p><span style=\"color: #0076b3;\">BTEX<\/span> (benz\u00e8ne, tolu\u00e8ne, \u00e9thylbenz\u00e8ne, m-xyl\u00e8ne) sur support de charbon actif,<\/p>\n<p><span style=\"color: #0076b3;\">Ald\u00e9hydes<\/span> (formald\u00e9hyde, ac\u00e9tald\u00e9hyde) sur support de gel de silice impr\u00e9gn\u00e9e de DNPH,<\/p>\n<p>&#8212;&#8212;&#8212;&#8212;&#8212;&#8212;&#8212;&#8212;&#8212;&#8212;&#8212;&#8212;&#8212;&#8212;&#8212;&#8212;&#8212;&#8212;&#8212;&#8212;&#8212;&#8212;&#8212;&#8212;&#8212;&#8212;&#8212;&#8212;&#8212;&#8212;&#8212;&#8212;&#8212;&#8212;<\/p>\n<p><span style=\"color: #0076b3;\">Mercure <\/span>sur tube Hydrar\u00ae,<\/p>\n<p><span style=\"color: #0076b3;\">M\u00e9thanol<\/span> sur support gel de silice,<\/p>\n<p><span style=\"color: #0076b3;\">Ammonium <\/span>sur filtre en fibre de quartz.<\/td>\n<td style=\"width: 7.89%;\"><strong><span style=\"color: #ff0000;\">27\/02\/2026\u00a0<\/span><\/strong><\/td>\n<td style=\"width: 7.89%;\"><strong>2 essais 03\/2026 et <\/strong><strong>09\/2026<\/strong><\/p>\n<p>&#8212;&#8212;&#8212;&#8212;<\/p>\n<p><strong>1 essai 09\/2026<\/strong><\/td>\n<\/tr>\n<tr>\n<td style=\"width: 15.06%;\">Air ambiant\u00a0Analyses<\/td>\n<td style=\"width: 68.06%;\"><span style=\"color: #0076b3;\">Benzo[a]pyrene, Benz[a]anthracene, Benzo[b]fluoranthene, Benzo[j]fluoranthene, Benzo[k]fluoranthene, Dibenzo[a,h]anthracene, Indeno[1,2,3-c,d]pyrene, Benzo[g,h,i]perylene<\/span> sur filtres<\/td>\n<td style=\"width: 7.89%;\"><span style=\"color: #ff0000;\"><strong>26 Juin 2026<\/strong><\/span><\/td>\n<td style=\"width: 7.89%;\"><strong>09\/2026<\/strong><\/td>\n<\/tr>\n<\/tbody>\n<\/table>\n<\/div>\n<div class=\"fusion-clearfix\"><\/div><\/div><\/div><\/div><\/div><\/p>\n","protected":false},"excerpt":{"rendered":"","protected":false},"author":1,"featured_media":0,"parent":0,"menu_order":0,"comment_status":"closed","ping_status":"closed","template":"","meta":{"footnotes":""},"class_list":["post-12622","page","type-page","status-publish","hentry"],"yoast_head":"<!-- This site is optimized with the Yoast SEO plugin v27.0 - https:\/\/yoast.com\/product\/yoast-seo-wordpress\/ -->\n<title>Essais interlaboratoires AIR - Bipea<\/title>\n<meta name=\"robots\" content=\"index, follow, max-snippet:-1, max-image-preview:large, max-video-preview:-1\" \/>\n<link rel=\"canonical\" href=\"https:\/\/www.bipea.org\/fr\/essais-interlaboratoires-air\/\" \/>\n<meta property=\"og:locale\" content=\"fr_FR\" \/>\n<meta property=\"og:type\" content=\"article\" \/>\n<meta property=\"og:title\" content=\"Essais interlaboratoires AIR - Bipea\" \/>\n<meta property=\"og:url\" content=\"https:\/\/www.bipea.org\/fr\/essais-interlaboratoires-air\/\" \/>\n<meta property=\"og:site_name\" content=\"Bipea\" \/>\n<meta property=\"article:publisher\" content=\"https:\/\/www.facebook.com\/Bipea-Proficiency-Testing-Programs-1726595444310313\/\" \/>\n<meta property=\"article:modified_time\" content=\"2026-02-06T10:29:43+00:00\" \/>\n<meta name=\"twitter:card\" content=\"summary_large_image\" \/>\n<meta name=\"twitter:site\" content=\"@BipeaP\" \/>\n<meta name=\"twitter:label1\" content=\"Dur\u00e9e de lecture estim\u00e9e\" \/>\n\t<meta name=\"twitter:data1\" content=\"2 minutes\" \/>\n<script type=\"application\/ld+json\" class=\"yoast-schema-graph\">{\"@context\":\"https:\/\/schema.org\",\"@graph\":[{\"@type\":\"WebPage\",\"@id\":\"https:\/\/www.bipea.org\/fr\/essais-interlaboratoires-air\/\",\"url\":\"https:\/\/www.bipea.org\/fr\/essais-interlaboratoires-air\/\",\"name\":\"Essais interlaboratoires AIR - Bipea\",\"isPartOf\":{\"@id\":\"https:\/\/www.bipea.org\/fr\/#website\"},\"datePublished\":\"2018-01-01T19:01:05+00:00\",\"dateModified\":\"2026-02-06T10:29:43+00:00\",\"breadcrumb\":{\"@id\":\"https:\/\/www.bipea.org\/fr\/essais-interlaboratoires-air\/#breadcrumb\"},\"inLanguage\":\"fr-FR\",\"potentialAction\":[{\"@type\":\"ReadAction\",\"target\":[\"https:\/\/www.bipea.org\/fr\/essais-interlaboratoires-air\/\"]}]},{\"@type\":\"BreadcrumbList\",\"@id\":\"https:\/\/www.bipea.org\/fr\/essais-interlaboratoires-air\/#breadcrumb\",\"itemListElement\":[{\"@type\":\"ListItem\",\"position\":1,\"name\":\"Accueil\",\"item\":\"https:\/\/www.bipea.org\/fr\/\"},{\"@type\":\"ListItem\",\"position\":2,\"name\":\"Essais interlaboratoires AIR\"}]},{\"@type\":\"WebSite\",\"@id\":\"https:\/\/www.bipea.org\/fr\/#website\",\"url\":\"https:\/\/www.bipea.org\/fr\/\",\"name\":\"Bipea\",\"description\":\"\",\"potentialAction\":[{\"@type\":\"SearchAction\",\"target\":{\"@type\":\"EntryPoint\",\"urlTemplate\":\"https:\/\/www.bipea.org\/fr\/?s={search_term_string}\"},\"query-input\":{\"@type\":\"PropertyValueSpecification\",\"valueRequired\":true,\"valueName\":\"search_term_string\"}}],\"inLanguage\":\"fr-FR\"}]}<\/script>\n<!-- \/ Yoast SEO plugin. -->","yoast_head_json":{"title":"Essais interlaboratoires AIR - Bipea","robots":{"index":"index","follow":"follow","max-snippet":"max-snippet:-1","max-image-preview":"max-image-preview:large","max-video-preview":"max-video-preview:-1"},"canonical":"https:\/\/www.bipea.org\/fr\/essais-interlaboratoires-air\/","og_locale":"fr_FR","og_type":"article","og_title":"Essais interlaboratoires AIR - Bipea","og_url":"https:\/\/www.bipea.org\/fr\/essais-interlaboratoires-air\/","og_site_name":"Bipea","article_publisher":"https:\/\/www.facebook.com\/Bipea-Proficiency-Testing-Programs-1726595444310313\/","article_modified_time":"2026-02-06T10:29:43+00:00","twitter_card":"summary_large_image","twitter_site":"@BipeaP","twitter_misc":{"Dur\u00e9e de lecture estim\u00e9e":"2 minutes"},"schema":{"@context":"https:\/\/schema.org","@graph":[{"@type":"WebPage","@id":"https:\/\/www.bipea.org\/fr\/essais-interlaboratoires-air\/","url":"https:\/\/www.bipea.org\/fr\/essais-interlaboratoires-air\/","name":"Essais interlaboratoires AIR - Bipea","isPartOf":{"@id":"https:\/\/www.bipea.org\/fr\/#website"},"datePublished":"2018-01-01T19:01:05+00:00","dateModified":"2026-02-06T10:29:43+00:00","breadcrumb":{"@id":"https:\/\/www.bipea.org\/fr\/essais-interlaboratoires-air\/#breadcrumb"},"inLanguage":"fr-FR","potentialAction":[{"@type":"ReadAction","target":["https:\/\/www.bipea.org\/fr\/essais-interlaboratoires-air\/"]}]},{"@type":"BreadcrumbList","@id":"https:\/\/www.bipea.org\/fr\/essais-interlaboratoires-air\/#breadcrumb","itemListElement":[{"@type":"ListItem","position":1,"name":"Accueil","item":"https:\/\/www.bipea.org\/fr\/"},{"@type":"ListItem","position":2,"name":"Essais interlaboratoires AIR"}]},{"@type":"WebSite","@id":"https:\/\/www.bipea.org\/fr\/#website","url":"https:\/\/www.bipea.org\/fr\/","name":"Bipea","description":"","potentialAction":[{"@type":"SearchAction","target":{"@type":"EntryPoint","urlTemplate":"https:\/\/www.bipea.org\/fr\/?s={search_term_string}"},"query-input":{"@type":"PropertyValueSpecification","valueRequired":true,"valueName":"search_term_string"}}],"inLanguage":"fr-FR"}]}},"_links":{"self":[{"href":"https:\/\/www.bipea.org\/fr\/wp-json\/wp\/v2\/pages\/12622","targetHints":{"allow":["GET"]}}],"collection":[{"href":"https:\/\/www.bipea.org\/fr\/wp-json\/wp\/v2\/pages"}],"about":[{"href":"https:\/\/www.bipea.org\/fr\/wp-json\/wp\/v2\/types\/page"}],"author":[{"embeddable":true,"href":"https:\/\/www.bipea.org\/fr\/wp-json\/wp\/v2\/users\/1"}],"replies":[{"embeddable":true,"href":"https:\/\/www.bipea.org\/fr\/wp-json\/wp\/v2\/comments?post=12622"}],"version-history":[{"count":21,"href":"https:\/\/www.bipea.org\/fr\/wp-json\/wp\/v2\/pages\/12622\/revisions"}],"predecessor-version":[{"id":24908,"href":"https:\/\/www.bipea.org\/fr\/wp-json\/wp\/v2\/pages\/12622\/revisions\/24908"}],"wp:attachment":[{"href":"https:\/\/www.bipea.org\/fr\/wp-json\/wp\/v2\/media?parent=12622"}],"curies":[{"name":"wp","href":"https:\/\/api.w.org\/{rel}","templated":true}]}}