{"id":12613,"date":"2017-12-24T17:15:09","date_gmt":"2017-12-24T16:15:09","guid":{"rendered":"https:\/\/www.bipea.org\/flavor-fragrances-essentialoils\/"},"modified":"2025-10-13T10:48:41","modified_gmt":"2025-10-13T08:48:41","slug":"essais-interlaboratoires-aromes","status":"publish","type":"page","link":"https:\/\/www.bipea.org\/fr\/essais-interlaboratoires-aromes\/","title":{"rendered":"Essais interlaboratoires AROMES &#8211; PARFUMS &#8211; HUILES ESSENTIELLES"},"content":{"rendered":"<p><div class=\"fusion-fullwidth fullwidth-box fusion-builder-row-1 nonhundred-percent-fullwidth non-hundred-percent-height-scrolling\" style=\"--awb-border-radius-top-left:0px;--awb-border-radius-top-right:0px;--awb-border-radius-bottom-right:0px;--awb-border-radius-bottom-left:0px;--awb-flex-wrap:wrap;\" ><div class=\"fusion-builder-row fusion-row\"><div class=\"fusion-layout-column fusion_builder_column fusion-builder-column-0 fusion_builder_column_5_6 5_6 fusion-five-sixth fusion-column-first\" style=\"--awb-bg-size:cover;width:83.333333333333%;width:calc(83.333333333333% - ( ( 4% ) * 0.83333333333333 ) );margin-right: 4%;\"><div class=\"fusion-column-wrapper fusion-flex-column-wrapper-legacy\"><div class=\"fusion-text fusion-text-1\"><h4 class=\"title_food\">Essais interlaboratoires<br \/>\nAROMES &#8211; PARFUMS &#8211; HUILES ESSENTIELLES<\/h4>\n<\/div><div class=\"fusion-clearfix\"><\/div><\/div><\/div><div class=\"fusion-layout-column fusion_builder_column fusion-builder-column-1 fusion_builder_column_1_6 1_6 fusion-one-sixth fusion-column-last quote_box\" style=\"--awb-bg-size:cover;width:16.666666666667%;width:calc(16.666666666667% - ( ( 4% ) * 0.16666666666667 ) );\"><div class=\"fusion-column-wrapper fusion-flex-column-wrapper-legacy\"><div class=\"fusion-text fusion-text-2\"><p><a href=\"https:\/\/www.bipea.org\/fr\/essais-interlaboratoires-eils\/\">Retour \u00e0 la liste compl\u00e8te des EILs<\/a><\/p>\n<p><a class=\"fusion-button button-flat fusion-button-round button-large button-default button-2 button85\" href=\"https:\/\/www.bipea.org\/fr\/devis\/\" target=\"_self\" rel=\"noopener noreferrer\"><span class=\"fusion-button-text\">DEVIS<\/span><\/a><\/p>\n<p>Contactez notre service commercial<\/p>\n<\/div><div class=\"fusion-clearfix\"><\/div><\/div><\/div><\/div><\/div><div class=\"fusion-fullwidth fullwidth-box fusion-builder-row-2 nonhundred-percent-fullwidth non-hundred-percent-height-scrolling\" style=\"--awb-border-radius-top-left:0px;--awb-border-radius-top-right:0px;--awb-border-radius-bottom-right:0px;--awb-border-radius-bottom-left:0px;--awb-margin-top:40px;--awb-flex-wrap:wrap;\" ><div class=\"fusion-builder-row fusion-row\"><div class=\"fusion-layout-column fusion_builder_column fusion-builder-column-2 fusion_builder_column_1_1 1_1 fusion-one-full fusion-column-first fusion-column-last\" style=\"--awb-bg-size:cover;\"><div class=\"fusion-column-wrapper fusion-flex-column-wrapper-legacy\">\n<div class=\"table-1\">\n<table id=\"theTable\" class=\"footable table-1 outerBorder footable-loaded isInnerColor\" style=\"margin: 0px; width: 100%; height: 424px;\">\n<thead>\n<tr style=\"height: 47px;\">\n<th id=\"thCol0\" style=\"width: 16.7067%; height: 47px;\" data-type=\"alpha\">Programmes<\/th>\n<th id=\"thCol1\" style=\"width: 15.2743%; height: 47px;\" data-type=\"alpha\">Matrices<\/th>\n<th id=\"thCol2\" style=\"width: 32.922%; height: 47px;\" data-type=\"alpha\">Param\u00e8tres<\/th>\n<th id=\"thCol4\" style=\"width: 7.842%; height: 47px;\" data-type=\"numeric\">Essais \/ an<\/th>\n<th id=\"thCol6\" style=\"width: 5.86733%; height: 47px;\" data-type=\"alpha\">Accr\u00e9ditation<\/th>\n<th id=\"thCol7\" style=\"width: 7.21519%; height: 47px;\" data-type=\"alpha\">Planning<\/th>\n<\/tr>\n<\/thead>\n<tbody>\n<tr class=\"footableOdd\" style=\"height: 119px;\">\n<td style=\"width: 16.7067%; height: 119px;\">62 &#8211; Ar\u00f4mes et parfums<\/td>\n<td style=\"width: 15.2743%; height: 119px;\">Ar\u00f4mes, parfums, huiles essentielles<\/td>\n<td style=\"width: 32.922%; height: 119px;\">Densit\u00e9 Relative \u00e0 20 \u00b0C, Densit\u00e9 Relative \u00e0 25 \u00b0C, Indice de r\u00e9fraction \u00e0 20 \u00b0C, Rotation optique \u00e0 20 \u00b0C, \u00c9thanol (% m\/v), Indice de peroxyde, Indice d\u2019ald\u00e9hyde, Point \u00e9clair, Valeur C-D, Teneur en eau<\/td>\n<td style=\"text-align: center; width: 7.842%; height: 119px;\">5<\/td>\n<td style=\"text-align: center; width: 5.86733%; height: 119px;\">accr\u00e9dit\u00e9*<\/td>\n<td style=\"width: 7.21519%; height: 119px;\"><a href=\"https:\/\/extranet.bipea.org\/documents\/plannings\/FR\/Essai-interlaboratoires-62\" target=\"newTab\" rel=\"noopener noreferrer\">T\u00e9l\u00e9charger<\/a><\/td>\n<\/tr>\n<tr class=\"footableEven\" style=\"height: 23px;\">\n<td style=\"width: 16.7067%; height: 23px;\">62d &#8211; Ar\u00f4mes et parfums GC<\/td>\n<td style=\"width: 15.2743%; height: 23px;\">Ar\u00f4mes, parfums, huiles essentielles<\/td>\n<td style=\"width: 32.922%; height: 23px;\">Analyses GC avec colonne polaire et non polaire (exemples de mol\u00e9cules : linalol, limon\u00e8ne, alpha-pin\u00e8ne)<\/td>\n<td style=\"text-align: center; width: 7.842%; height: 23px;\">2<\/td>\n<td style=\"text-align: center; width: 5.86733%; height: 23px;\">accr\u00e9dit\u00e9*<\/td>\n<td style=\"width: 7.21519%; height: 23px;\"><a href=\"https:\/\/extranet.bipea.org\/documents\/plannings\/FR\/Essai-interlaboratoires-62d\" target=\"newTab\" rel=\"noopener noreferrer\">T\u00e9l\u00e9charger<\/a><\/td>\n<\/tr>\n<tr class=\"footableOdd\" style=\"height: 23px;\">\n<td style=\"width: 16.7067%; height: 23px;\">62e &#8211; Ar\u00f4mes et parfums LC<\/td>\n<td style=\"width: 15.2743%; height: 23px;\">Ar\u00f4mes, parfums, huiles essentielles<\/td>\n<td style=\"width: 32.922%; height: 23px;\">Analyses LC (exemples de mol\u00e9cules : acide vanillique, caf\u00e9ine, anisald\u00e9hyde)<\/td>\n<td style=\"text-align: center; width: 7.842%; height: 23px;\">1<\/td>\n<td style=\"text-align: center; width: 5.86733%; height: 23px;\">accr\u00e9dit\u00e9*<\/td>\n<td style=\"width: 7.21519%; height: 23px;\"><a href=\"https:\/\/extranet.bipea.org\/documents\/plannings\/FR\/Essai-interlaboratoires-62e\" target=\"newTab\" rel=\"noopener noreferrer\">T\u00e9l\u00e9charger<\/a><\/td>\n<\/tr>\n<tr class=\"footableEven\" style=\"height: 47px;\">\n<td style=\"width: 16.7067%; height: 47px;\">62f &#8211; Ar\u00f4mes et parfums Chiralit\u00e9<\/td>\n<td style=\"width: 15.2743%; height: 47px;\">Ar\u00f4mes, parfums, huiles essentielles<\/td>\n<td style=\"width: 32.922%; height: 47px;\">Analyses GC chirales (exemples de mol\u00e9cules : R\/S-(\u00b1)-linalol, R\/S-(\u00b1)-ac\u00e9tate de linalyle, (\u00b1)-limon\u00e8ne)<\/td>\n<td style=\"text-align: center; width: 7.842%; height: 47px;\">1<\/td>\n<td style=\"text-align: center; width: 5.86733%; height: 47px;\">accr\u00e9dit\u00e9*<\/td>\n<td style=\"width: 7.21519%; height: 47px;\"><a href=\"https:\/\/extranet.bipea.org\/documents\/plannings\/FR\/Essai-interlaboratoires-62f\" target=\"newTab\" rel=\"noopener noreferrer\">T\u00e9l\u00e9charger<\/a><\/td>\n<\/tr>\n<tr style=\"height: 47px;\">\n<td style=\"width: 16.7067%; height: 47px;\">62g &#8211; Ar\u00f4mes et parfums\u00a0: quantitatif GC<\/td>\n<td style=\"width: 15.2743%; height: 47px;\">Benzald\u00e9hyde, Absolue de tub\u00e9reuse, H\u00e9dione<\/td>\n<td style=\"width: 32.922%; height: 47px;\">D\u00e9tection et quantification des phtalates (par exemple, dim\u00e9thyle, di\u00e9thyle, dibutyle, di(2-\u00e9thylhexyle), dioctyle, dipentyle, bis(2-m\u00e9thoxy\u00e9thyle), dicyclohexyle et divers phtalates iso-alcyles) ; D\u00e9tection et quantification des allerg\u00e8nes (par example, benzald\u00e9hyde, camphre, citral, farn\u00e9sol, g\u00e9raniol) ; R\u00e9sidus de solvants (hexane, \u00e9thanol)<\/td>\n<td style=\"text-align: center; width: 7.842%; height: 47px;\">2<\/td>\n<td style=\"text-align: center; width: 5.86733%; height: 47px;\"><\/td>\n<td style=\"width: 7.21519%; height: 47px;\"><a href=\"https:\/\/extranet.bipea.org\/documents\/plannings\/FR\/Essai-interlaboratoires-62g\" target=\"newTab\" rel=\"noopener noreferrer\">T\u00e9l\u00e9charger<\/a><\/td>\n<\/tr>\n<tr class=\"footableOdd\" style=\"height: 47px;\">\n<td style=\"width: 16.7067%; height: 47px;\">66i &#8211; Multir\u00e9sidus de pesticides<\/td>\n<td style=\"width: 15.2743%; height: 47px;\">Huiles essentielles<\/td>\n<td style=\"width: 32.922%; height: 47px;\">Comprend un large \u00e9ventail de r\u00e9sidus de pesticides : organochlor\u00e9s (DDT, HCH, aldrine, endosulfan), organophosphor\u00e9s (ex. : chlorpyrifos, diazinon, parathion), carbamates (ex. : carbaryl, m\u00e9thomyl), pyr\u00e9thrino\u00efdes (ex. : cyperm\u00e9thrine, deltam\u00e9thrine), fongicides (ex. : boscalide, carbendazime, vinchlozoline) et autres compos\u00e9s (ex. : pip\u00e9ronyl butoxyde, quintoz\u00e8ne)<\/td>\n<td style=\"text-align: center; width: 7.842%; height: 47px;\">4<\/td>\n<td style=\"text-align: center; width: 5.86733%; height: 47px;\">accr\u00e9dit\u00e9*<\/td>\n<td style=\"width: 7.21519%; height: 47px;\"><a href=\"https:\/\/extranet.bipea.org\/documents\/information\/FR\/Essai-interlaboratoires-66i.pdf\" target=\"newTab\" rel=\"noopener noreferrer\">T\u00e9l\u00e9charger<\/a><\/td>\n<\/tr>\n<tr style=\"height: 71px;\">\n<td style=\"width: 16.7067%; height: 71px;\"><span style=\"font-size: 8pt; color: #ff0000;\">NEW <\/span>523 &#8211; Huiles cosm\u00e9tiques<\/td>\n<td style=\"width: 15.2743%; height: 71px;\">Huile v\u00e9g\u00e9tale<\/td>\n<td style=\"width: 32.922%; height: 71px;\">Teneur en eau et mati\u00e8res volatiles, Indice de peroxyde, Acidit\u00e9, Indice de saponification, Composition en acides gras<\/td>\n<td style=\"text-align: center; width: 7.842%; height: 71px;\">1<\/td>\n<td style=\"text-align: center; width: 5.86733%; height: 71px;\"><\/td>\n<td style=\"width: 7.21519%; height: 71px;\"><a href=\"https:\/\/extranet.bipea.org\/documents\/information\/FR\/Essai-interlaboratoires-523.pdf\" target=\"newTab\" rel=\"noopener noreferrer\">T\u00e9l\u00e9charger<\/a><\/td>\n<\/tr>\n<\/tbody>\n<\/table>\n<\/div>\n<div class=\"fusion-text fusion-text-3\"><p class=\"font_7\" style=\"font-size: 15px;\"><span style=\"font-style: italic;\"><span style=\"font-size: 15px;\">* Pour conna\u00eetre le d\u00e9tail des matrices et param\u00e8tres couverts par l&rsquo;accr\u00e9ditation, t\u00e9l\u00e9charger la\u00a0<span style=\"text-decoration: underline;\"><a href=\"https:\/\/extranet.bipea.org\/documents\/information\/FR\/Portee-detaillee-COFRAC.pdf\" target=\"_blank\" rel=\"noopener noreferrer\" data-type=\"external\" data-content=\"https:\/\/extranet.bipea.org\/documents\/information\/FR\/Portee-detaillee-COFRAC.pdf\">port\u00e9e d\u00e9taill\u00e9e<\/a><\/span>\u00a0<\/span><\/span><\/p>\n<\/div><div class=\"fusion-clearfix\"><\/div><\/div><\/div><\/div><\/div><\/p>\n","protected":false},"excerpt":{"rendered":"","protected":false},"author":1,"featured_media":0,"parent":0,"menu_order":0,"comment_status":"closed","ping_status":"closed","template":"","meta":{"footnotes":""},"class_list":["post-12613","page","type-page","status-publish","hentry"],"yoast_head":"<!-- This site is optimized with the Yoast SEO plugin v27.0 - https:\/\/yoast.com\/product\/yoast-seo-wordpress\/ -->\n<title>Essais interlaboratoires AROMES - PARFUMS - HUILES ESSENTIELLES - Bipea<\/title>\n<meta name=\"robots\" content=\"index, follow, max-snippet:-1, max-image-preview:large, max-video-preview:-1\" \/>\n<link rel=\"canonical\" href=\"https:\/\/www.bipea.org\/fr\/essais-interlaboratoires-aromes\/\" \/>\n<meta property=\"og:locale\" content=\"fr_FR\" \/>\n<meta property=\"og:type\" content=\"article\" \/>\n<meta property=\"og:title\" content=\"Essais interlaboratoires AROMES - PARFUMS - HUILES ESSENTIELLES - Bipea\" \/>\n<meta property=\"og:url\" content=\"https:\/\/www.bipea.org\/fr\/essais-interlaboratoires-aromes\/\" \/>\n<meta property=\"og:site_name\" content=\"Bipea\" \/>\n<meta property=\"article:publisher\" content=\"https:\/\/www.facebook.com\/Bipea-Proficiency-Testing-Programs-1726595444310313\/\" \/>\n<meta property=\"article:modified_time\" content=\"2025-10-13T08:48:41+00:00\" \/>\n<meta name=\"twitter:card\" content=\"summary_large_image\" \/>\n<meta name=\"twitter:site\" content=\"@BipeaP\" \/>\n<meta name=\"twitter:label1\" content=\"Dur\u00e9e de lecture estim\u00e9e\" \/>\n\t<meta name=\"twitter:data1\" content=\"2 minutes\" \/>\n<script type=\"application\/ld+json\" class=\"yoast-schema-graph\">{\"@context\":\"https:\/\/schema.org\",\"@graph\":[{\"@type\":\"WebPage\",\"@id\":\"https:\/\/www.bipea.org\/fr\/essais-interlaboratoires-aromes\/\",\"url\":\"https:\/\/www.bipea.org\/fr\/essais-interlaboratoires-aromes\/\",\"name\":\"Essais interlaboratoires AROMES - PARFUMS - HUILES ESSENTIELLES - Bipea\",\"isPartOf\":{\"@id\":\"https:\/\/www.bipea.org\/fr\/#website\"},\"datePublished\":\"2017-12-24T16:15:09+00:00\",\"dateModified\":\"2025-10-13T08:48:41+00:00\",\"breadcrumb\":{\"@id\":\"https:\/\/www.bipea.org\/fr\/essais-interlaboratoires-aromes\/#breadcrumb\"},\"inLanguage\":\"fr-FR\",\"potentialAction\":[{\"@type\":\"ReadAction\",\"target\":[\"https:\/\/www.bipea.org\/fr\/essais-interlaboratoires-aromes\/\"]}]},{\"@type\":\"BreadcrumbList\",\"@id\":\"https:\/\/www.bipea.org\/fr\/essais-interlaboratoires-aromes\/#breadcrumb\",\"itemListElement\":[{\"@type\":\"ListItem\",\"position\":1,\"name\":\"Accueil\",\"item\":\"https:\/\/www.bipea.org\/fr\/\"},{\"@type\":\"ListItem\",\"position\":2,\"name\":\"Essais interlaboratoires AROMES &#8211; PARFUMS &#8211; HUILES ESSENTIELLES\"}]},{\"@type\":\"WebSite\",\"@id\":\"https:\/\/www.bipea.org\/fr\/#website\",\"url\":\"https:\/\/www.bipea.org\/fr\/\",\"name\":\"Bipea\",\"description\":\"\",\"potentialAction\":[{\"@type\":\"SearchAction\",\"target\":{\"@type\":\"EntryPoint\",\"urlTemplate\":\"https:\/\/www.bipea.org\/fr\/?s={search_term_string}\"},\"query-input\":{\"@type\":\"PropertyValueSpecification\",\"valueRequired\":true,\"valueName\":\"search_term_string\"}}],\"inLanguage\":\"fr-FR\"}]}<\/script>\n<!-- \/ Yoast SEO plugin. -->","yoast_head_json":{"title":"Essais interlaboratoires AROMES - PARFUMS - HUILES ESSENTIELLES - Bipea","robots":{"index":"index","follow":"follow","max-snippet":"max-snippet:-1","max-image-preview":"max-image-preview:large","max-video-preview":"max-video-preview:-1"},"canonical":"https:\/\/www.bipea.org\/fr\/essais-interlaboratoires-aromes\/","og_locale":"fr_FR","og_type":"article","og_title":"Essais interlaboratoires AROMES - PARFUMS - HUILES ESSENTIELLES - Bipea","og_url":"https:\/\/www.bipea.org\/fr\/essais-interlaboratoires-aromes\/","og_site_name":"Bipea","article_publisher":"https:\/\/www.facebook.com\/Bipea-Proficiency-Testing-Programs-1726595444310313\/","article_modified_time":"2025-10-13T08:48:41+00:00","twitter_card":"summary_large_image","twitter_site":"@BipeaP","twitter_misc":{"Dur\u00e9e de lecture estim\u00e9e":"2 minutes"},"schema":{"@context":"https:\/\/schema.org","@graph":[{"@type":"WebPage","@id":"https:\/\/www.bipea.org\/fr\/essais-interlaboratoires-aromes\/","url":"https:\/\/www.bipea.org\/fr\/essais-interlaboratoires-aromes\/","name":"Essais interlaboratoires AROMES - PARFUMS - HUILES ESSENTIELLES - Bipea","isPartOf":{"@id":"https:\/\/www.bipea.org\/fr\/#website"},"datePublished":"2017-12-24T16:15:09+00:00","dateModified":"2025-10-13T08:48:41+00:00","breadcrumb":{"@id":"https:\/\/www.bipea.org\/fr\/essais-interlaboratoires-aromes\/#breadcrumb"},"inLanguage":"fr-FR","potentialAction":[{"@type":"ReadAction","target":["https:\/\/www.bipea.org\/fr\/essais-interlaboratoires-aromes\/"]}]},{"@type":"BreadcrumbList","@id":"https:\/\/www.bipea.org\/fr\/essais-interlaboratoires-aromes\/#breadcrumb","itemListElement":[{"@type":"ListItem","position":1,"name":"Accueil","item":"https:\/\/www.bipea.org\/fr\/"},{"@type":"ListItem","position":2,"name":"Essais interlaboratoires AROMES &#8211; PARFUMS &#8211; HUILES ESSENTIELLES"}]},{"@type":"WebSite","@id":"https:\/\/www.bipea.org\/fr\/#website","url":"https:\/\/www.bipea.org\/fr\/","name":"Bipea","description":"","potentialAction":[{"@type":"SearchAction","target":{"@type":"EntryPoint","urlTemplate":"https:\/\/www.bipea.org\/fr\/?s={search_term_string}"},"query-input":{"@type":"PropertyValueSpecification","valueRequired":true,"valueName":"search_term_string"}}],"inLanguage":"fr-FR"}]}},"_links":{"self":[{"href":"https:\/\/www.bipea.org\/fr\/wp-json\/wp\/v2\/pages\/12613","targetHints":{"allow":["GET"]}}],"collection":[{"href":"https:\/\/www.bipea.org\/fr\/wp-json\/wp\/v2\/pages"}],"about":[{"href":"https:\/\/www.bipea.org\/fr\/wp-json\/wp\/v2\/types\/page"}],"author":[{"embeddable":true,"href":"https:\/\/www.bipea.org\/fr\/wp-json\/wp\/v2\/users\/1"}],"replies":[{"embeddable":true,"href":"https:\/\/www.bipea.org\/fr\/wp-json\/wp\/v2\/comments?post=12613"}],"version-history":[{"count":28,"href":"https:\/\/www.bipea.org\/fr\/wp-json\/wp\/v2\/pages\/12613\/revisions"}],"predecessor-version":[{"id":23828,"href":"https:\/\/www.bipea.org\/fr\/wp-json\/wp\/v2\/pages\/12613\/revisions\/23828"}],"wp:attachment":[{"href":"https:\/\/www.bipea.org\/fr\/wp-json\/wp\/v2\/media?parent=12613"}],"curies":[{"name":"wp","href":"https:\/\/api.w.org\/{rel}","templated":true}]}}