{"id":12605,"date":"2017-12-24T17:10:50","date_gmt":"2017-12-24T16:10:50","guid":{"rendered":"https:\/\/www.bipea.org\/soils\/"},"modified":"2025-10-13T10:34:19","modified_gmt":"2025-10-13T08:34:19","slug":"essais-interlaboratoires-sols","status":"publish","type":"page","link":"https:\/\/www.bipea.org\/fr\/essais-interlaboratoires-sols\/","title":{"rendered":"Essais interlaboratoires  SOLS &#8211; FERTILISANTS &#8211; BOUES &#8211; SEDIMENTS Analyses physico-chimiques, microbiologiques et contaminants"},"content":{"rendered":"<p><div class=\"fusion-fullwidth fullwidth-box fusion-builder-row-1 nonhundred-percent-fullwidth non-hundred-percent-height-scrolling\" style=\"--awb-border-radius-top-left:0px;--awb-border-radius-top-right:0px;--awb-border-radius-bottom-right:0px;--awb-border-radius-bottom-left:0px;--awb-flex-wrap:wrap;\" ><div class=\"fusion-builder-row fusion-row\"><div class=\"fusion-layout-column fusion_builder_column fusion-builder-column-0 fusion_builder_column_5_6 5_6 fusion-five-sixth fusion-column-first\" style=\"--awb-bg-size:cover;width:83.333333333333%;width:calc(83.333333333333% - ( ( 4% ) * 0.83333333333333 ) );margin-right: 4%;\"><div class=\"fusion-column-wrapper fusion-flex-column-wrapper-legacy\"><div class=\"fusion-text fusion-text-1\"><h4 class=\"title_food\">Essais interlaboratoires SOLS &#8211; FERTILISANTS &#8211; BOUES &#8211; SEDIMENTS<br \/>\nAnalyses physico-chimiques, microbiologiques\u00a0et contaminants<\/h4>\n<\/div><div class=\"fusion-clearfix\"><\/div><\/div><\/div><div class=\"fusion-layout-column fusion_builder_column fusion-builder-column-1 fusion_builder_column_1_6 1_6 fusion-one-sixth fusion-column-last quote_box\" style=\"--awb-bg-size:cover;width:16.666666666667%;width:calc(16.666666666667% - ( ( 4% ) * 0.16666666666667 ) );\"><div class=\"fusion-column-wrapper fusion-flex-column-wrapper-legacy\"><div class=\"fusion-text fusion-text-2\"><p><a href=\"https:\/\/www.bipea.org\/fr\/essais-interlaboratoires-eils\/\">Retour \u00e0 la liste compl\u00e8te des EILs<\/a><\/p>\n<p><a class=\"fusion-button button-flat fusion-button-round button-large button-default button-2 button85\" href=\"https:\/\/www.bipea.org\/fr\/devis\/\" target=\"_self\" rel=\"noopener noreferrer\"><span class=\"fusion-button-text\">DEVIS<\/span><\/a><\/p>\n<p>Contactez notre service commercial<\/p>\n<\/div><div class=\"fusion-clearfix\"><\/div><\/div><\/div><\/div><\/div><div class=\"fusion-fullwidth fullwidth-box fusion-builder-row-2 nonhundred-percent-fullwidth non-hundred-percent-height-scrolling\" style=\"--awb-border-radius-top-left:0px;--awb-border-radius-top-right:0px;--awb-border-radius-bottom-right:0px;--awb-border-radius-bottom-left:0px;--awb-margin-top:40px;--awb-flex-wrap:wrap;\" ><div class=\"fusion-builder-row fusion-row\"><div class=\"fusion-layout-column fusion_builder_column fusion-builder-column-2 fusion_builder_column_1_1 1_1 fusion-one-full fusion-column-first fusion-column-last\" style=\"--awb-bg-size:cover;\"><div class=\"fusion-column-wrapper fusion-flex-column-wrapper-legacy\">\n<div class=\"table-1\">\n<table id=\"theTable\" class=\"footable table-1 outerBorder footable-loaded isInnerColor\" style=\"width: 100%; margin: 0px; height: 600px;\">\n<thead>\n<tr style=\"height: 48px;\">\n<th id=\"thCol0\" style=\"height: 48px; width: 15.5082%;\" data-type=\"alpha\">Programmes<\/th>\n<th id=\"thCol1\" style=\"height: 48px; width: 10.942%;\" data-type=\"alpha\">Matrices<\/th>\n<th id=\"thCol2\" style=\"height: 48px; width: 34.3759%;\" data-type=\"alpha\">Param\u00e8tres<\/th>\n<th id=\"thCol3\" style=\"height: 48px; width: 7.04681%;\" data-type=\"alpha\">Accr\u00e9ditation<\/th>\n<th id=\"thCol4\" style=\"height: 48px; width: 6.4462%;\" data-type=\"numeric\">Essais \/ an<\/th>\n<th id=\"thCol6\" style=\"height: 48px; width: 7.05777%;\" data-type=\"alpha\">Planning<\/th>\n<\/tr>\n<\/thead>\n<tbody>\n<tr class=\"footableOdd\" style=\"height: 48px;\">\n<td style=\"height: 48px; width: 15.5082%;\">15 &#8211; Terres<\/td>\n<td style=\"height: 48px; width: 10.942%;\">Terres<\/td>\n<td style=\"height: 48px; width: 34.3759%;\">Analyses physiques, chimiques et granulom\u00e9triques<\/td>\n<td style=\"text-align: center; height: 48px; width: 7.04681%;\">accr\u00e9dit\u00e9*<\/td>\n<td style=\"text-align: center; height: 48px; width: 6.4462%;\">10<\/td>\n<td style=\"height: 48px; width: 7.05777%;\"><a href=\"https:\/\/extranet.bipea.org\/documents\/plannings\/FR\/Essai-interlaboratoires-15\" target=\"newTab\" rel=\"noopener noreferrer\">T\u00e9l\u00e9charger<\/a><\/td>\n<\/tr>\n<tr class=\"footableEven\" style=\"height: 48px;\">\n<td style=\"height: 48px; width: 15.5082%;\">15a &#8211; Sols frais<\/td>\n<td style=\"height: 48px; width: 10.942%;\">Sols frais<\/td>\n<td style=\"height: 48px; width: 34.3759%;\">Analyses physiques, chimiques et granulom\u00e9triques<\/td>\n<td style=\"text-align: center; height: 48px; width: 7.04681%;\">accr\u00e9dit\u00e9*<\/td>\n<td style=\"text-align: center; height: 48px; width: 6.4462%;\">2<\/td>\n<td style=\"height: 48px; width: 7.05777%;\"><a href=\"https:\/\/extranet.bipea.org\/documents\/plannings\/FR\/Essai-interlaboratoires-15a\" target=\"newTab\" rel=\"noopener noreferrer\">T\u00e9l\u00e9charger<\/a><\/td>\n<\/tr>\n<tr class=\"footableOdd\" style=\"height: 48px;\">\n<td style=\"height: 48px; width: 15.5082%;\">24 &#8211; Mati\u00e8res fertilisantes min\u00e9rales<\/td>\n<td style=\"height: 48px; width: 10.942%;\">Fertilisants min\u00e9raux<\/td>\n<td style=\"height: 48px; width: 34.3759%;\">Propri\u00e9t\u00e9s physico-chimiques (ex. : densit\u00e9 sp\u00e9cifique, pH, teneur en humidit\u00e9, granulom\u00e9trie, masse volumique apparente non compact\u00e9e), formes azot\u00e9es (ex. : N-NH\u2084\u207a, N-NO\u2083\u207b, N-ur\u00e9e, azote total), \u00e9l\u00e9ments nutritifs totaux et hydrosolubles (ex. : P\u2082O\u2085, K\u2082O, SO\u2083, CaO, Fe, Mn, Cu, Zn, Mo, B), oligo\u00e9l\u00e9ments ch\u00e9lat\u00e9s (Fe, Mn, Cu, Zn) et m\u00e9taux traces (As, Cd, Cr, Co, Hg, Ni, Pb, Se). P\u2082O\u2085 soluble dans le citrate d\u2019ammonium (m\u00e9thode Peterman), P\u2082O\u2085 soluble dans l\u2019acide citrique, P\u2082O\u2085 soluble dans l\u2019eau et le citrate d\u2019ammonium neutre, solubilit\u00e9 du phosphate dans l\u2019acide formique, solubilit\u00e9 carbonat\u00e9e, param\u00e8tres organiques et carbon\u00e9s (carbone organique, carbone total, composants combustibles), soufre et formes sulfur\u00e9es (ex. : sulfates totaux, sulfates solubles)<\/td>\n<td style=\"text-align: center; height: 48px; width: 7.04681%;\">\u00a0accr\u00e9dit\u00e9*<\/td>\n<td style=\"text-align: center; height: 48px; width: 6.4462%;\">8<\/td>\n<td style=\"height: 48px; width: 7.05777%;\"><a href=\"https:\/\/extranet.bipea.org\/documents\/plannings\/FR\/Essai-interlaboratoires-24\" target=\"newTab\" rel=\"noopener noreferrer\">T\u00e9l\u00e9charger<\/a><\/td>\n<\/tr>\n<tr>\n<td style=\"width: 15.5082%;\">24a &#8211; Engrais organo-min\u00e9raux<\/td>\n<td style=\"width: 10.942%;\">Engrais organo-min\u00e9ral NPK<\/td>\n<td style=\"width: 34.3759%;\">Comprend la teneur en humidit\u00e9 et en mati\u00e8re s\u00e8che, les \u00e9l\u00e9ments nutritifs totaux et hydrosolubles (ex. : formes azot\u00e9es, P\u2082O\u2085, K\u2082O, MgO, CaO, SO\u2083, B), le phosphore soluble dans le citrate, les m\u00e9taux traces (As, Cd, Cr, Co, Cu, Mo, Hg, Fe, Ni, Pb, Mn, Se, Zn), la distribution granulom\u00e9trique (passant \u00e0 travers des tamis de 8,0 mm, 4,0 mm et 2,0 mm), le carbone organique, le soufre (S) et le chlore issu des chlorures<\/td>\n<td style=\"text-align: center; width: 7.04681%;\">\u00a0accr\u00e9dit\u00e9*<\/td>\n<td style=\"text-align: center; width: 6.4462%;\">1<\/td>\n<td style=\"width: 7.05777%;\"><a href=\"https:\/\/extranet.bipea.org\/documents\/plannings\/FR\/Essai-interlaboratoires-24a\" target=\"newTab\" rel=\"noopener noreferrer\">T\u00e9l\u00e9charger<\/a><\/td>\n<\/tr>\n<tr class=\"footableEven\" style=\"height: 48px;\">\n<td style=\"height: 48px; width: 15.5082%;\">38a &#8211; Boues, s\u00e9diments, sols &#8211; Physico-chimie<\/td>\n<td style=\"height: 48px; width: 10.942%;\">Boues, s\u00e9diments, sols<\/td>\n<td style=\"height: 48px; width: 34.3759%;\">Analyses physiques, m\u00e9taux<\/td>\n<td style=\"text-align: center; height: 48px; width: 7.04681%;\">accr\u00e9dit\u00e9*<\/td>\n<td style=\"text-align: center; height: 48px; width: 6.4462%;\">6<\/td>\n<td style=\"height: 48px; width: 7.05777%;\"><a href=\"https:\/\/extranet.bipea.org\/documents\/plannings\/FR\/Essai-interlaboratoires-38a\" target=\"newTab\" rel=\"noopener noreferrer\">T\u00e9l\u00e9charger<\/a><\/td>\n<\/tr>\n<tr class=\"footableOdd\" style=\"height: 48px;\">\n<td style=\"height: 48px; width: 15.5082%;\">38b &#8211; Boues, s\u00e9diments, sols &#8211; Micropolluants<\/td>\n<td style=\"height: 48px; width: 10.942%;\">Boues, s\u00e9diments, sols<\/td>\n<td style=\"height: 48px; width: 34.3759%;\">PCB, HAP, insecticides, organophosphor\u00e9s, PFAS<\/td>\n<td style=\"text-align: center; height: 48px; width: 7.04681%;\">accr\u00e9dit\u00e9*<\/td>\n<td style=\"text-align: center; height: 48px; width: 6.4462%;\">6<\/td>\n<td style=\"height: 48px; width: 7.05777%;\"><a href=\"https:\/\/extranet.bipea.org\/documents\/plannings\/FR\/Essai-interlaboratoires-38b\" target=\"newTab\" rel=\"noopener noreferrer\">T\u00e9l\u00e9charger<\/a><\/td>\n<\/tr>\n<tr class=\"footableEven\" style=\"height: 48px;\">\n<td style=\"height: 48px; width: 15.5082%;\">45 &#8211; Mati\u00e8res fertilisantes organiques<\/td>\n<td style=\"height: 48px; width: 10.942%;\">Fertilisants organiques<\/td>\n<td style=\"height: 48px; width: 34.3759%;\">Comprend la densit\u00e9, la mati\u00e8re s\u00e8che, la mati\u00e8re organique (par exemple, COT, fibres, lignine, cellulose), le pH, la conductivit\u00e9 \u00e9lectrique, les formes d&rsquo;azote (NH\u2084\u207a, NO\u2083\u207b, azote total), les principaux nutriments (par exemple, P\u2082O\u2085, K\u2082O, CaO, MgO, Na\u2082O, SO\u2083), les oligo-\u00e9l\u00e9ments (par exemple Cd, Cr, Cr(VI), Cu, Ni, Pb, Hg, Zn, As, Se, Co, Fe, Mn, Mo), les indicateurs de stabilit\u00e9 de la mati\u00e8re organique (par exemple respirom\u00e9trie, min\u00e9ralisation du carbone, BSI), ainsi que les fractions granulom\u00e9triques, le carbone organique et le carbone total<\/td>\n<td style=\"text-align: center; height: 48px; width: 7.04681%;\">\u00a0accr\u00e9dit\u00e9*<\/td>\n<td style=\"text-align: center; height: 48px; width: 6.4462%;\">5<\/td>\n<td style=\"height: 48px; width: 7.05777%;\"><a href=\"https:\/\/extranet.bipea.org\/documents\/plannings\/FR\/Essai-interlaboratoires-45\" target=\"newTab\" rel=\"noopener noreferrer\">T\u00e9l\u00e9charger<\/a><\/td>\n<\/tr>\n<tr class=\"footableOdd\" style=\"height: 48px;\">\n<td style=\"height: 48px; width: 15.5082%;\">45a &#8211; Compost &#8211; Hg. HAP et PCB<\/td>\n<td style=\"height: 48px; width: 10.942%;\">Compost ordures m\u00e9nag\u00e8res<\/td>\n<td style=\"height: 48px; width: 34.3759%;\">Comprend les m\u00e9taux lourds et les polluants organiques prioritaires : mercure, chrome VI, hydrocarbures aromatiques polycycliques (HAP) (ex. : benzo[a]pyr\u00e8ne, fluoranth\u00e8ne, ph\u00e9nanthr\u00e8ne, naphtal\u00e8ne, ac\u00e9napht\u00e8ne, ac\u00e9naphtyl\u00e8ne, anthrac\u00e8ne, benzo[a]anthrac\u00e8ne, benzo[b]fluoranth\u00e8ne, benzo[ghi]p\u00e9ryl\u00e8ne, benzo[k]fluoranth\u00e8ne, chrys\u00e8ne, dibenzo[ah]anthrac\u00e8ne, fluor\u00e8ne, ind\u00e9no[1,2,3-cd]pyr\u00e8ne, 2-m\u00e9thylfluoranth\u00e8ne, 2-m\u00e9thylnaphtal\u00e8ne, pyr\u00e8ne) et les PCB (ex. : PCB 28 \u00e0 PCB 180)<\/td>\n<td style=\"text-align: center; height: 48px; width: 7.04681%;\">\u00a0accr\u00e9dit\u00e9*<\/td>\n<td style=\"text-align: center; height: 48px; width: 6.4462%;\">1<\/td>\n<td style=\"height: 48px; width: 7.05777%;\"><a href=\"https:\/\/extranet.bipea.org\/documents\/plannings\/FR\/Essai-interlaboratoires-45a\" target=\"newTab\" rel=\"noopener noreferrer\">T\u00e9l\u00e9charger<\/a><\/td>\n<\/tr>\n<tr class=\"footableOdd\" style=\"height: 96px;\">\n<td style=\"height: 96px; width: 15.5082%;\">91a &#8211; Microbiologie des fertilisants organiques : <em>E. coli, Ent\u00e9rocoques, Clostridium<\/em><\/td>\n<td style=\"height: 96px; width: 10.942%;\">Compost naturel (origine v\u00e9g\u00e9tale)<\/td>\n<td style=\"height: 96px; width: 34.3759%;\">D\u00e9nombrement :<\/p>\n<p><em>Escherichia coli, Ent\u00e9rocoques intestinaux, Clostridium perfringens, Staphylococcus aureus,<br \/>\nColiformes thermotol\u00e9rants<\/em><\/td>\n<td style=\"text-align: center; height: 96px; width: 7.04681%;\">accr\u00e9dit\u00e9*<\/td>\n<td style=\"text-align: center; height: 96px; width: 6.4462%;\">2<\/td>\n<td style=\"height: 96px; width: 7.05777%;\"><a href=\"https:\/\/extranet.bipea.org\/documents\/plannings\/FR\/Essai-interlaboratoires-91a\">T\u00e9l\u00e9charger<\/a><\/td>\n<\/tr>\n<tr class=\"footableOdd\" style=\"height: 72px;\">\n<td style=\"height: 72px; width: 15.5082%;\">91b &#8211; Microbiologie des fertilisants organiques :\u00a0<em>Salmonella<\/em><\/td>\n<td style=\"height: 72px; width: 10.942%;\">Compost naturel (origine v\u00e9g\u00e9tale)<\/td>\n<td style=\"height: 72px; width: 34.3759%;\"><em>Salmonella <\/em>(d\u00e9tect\u00e9 \/ non d\u00e9tect\u00e9)<\/td>\n<td style=\"text-align: center; height: 72px; width: 7.04681%;\">accr\u00e9dit\u00e9*<\/td>\n<td style=\"text-align: center; height: 72px; width: 6.4462%;\">2<\/td>\n<td style=\"height: 72px; width: 7.05777%;\"><a href=\"https:\/\/extranet.bipea.org\/documents\/plannings\/FR\/Essai-interlaboratoires-91b\">T\u00e9l\u00e9charger<\/a><\/td>\n<\/tr>\n<tr class=\"footableOdd\" style=\"height: 48px;\">\n<td style=\"height: 48px; width: 15.5082%;\">91c &#8211; Microbiologie des fertilisants organiques\u00a0: <em>Listeria<\/em><\/td>\n<td style=\"height: 48px; width: 10.942%;\">Compost naturel (origine v\u00e9g\u00e9tale)<\/td>\n<td style=\"height: 48px; width: 34.3759%;\"><em>Listeria (d\u00e9tect\u00e9 \/ non d\u00e9tect\u00e9)<\/em><\/td>\n<td style=\"height: 48px; width: 7.04681%; text-align: center;\">accr\u00e9dit\u00e9*<\/td>\n<td style=\"text-align: center; height: 48px; width: 6.4462%;\">2<\/td>\n<td style=\"height: 48px; width: 7.05777%;\"><a href=\"https:\/\/extranet.bipea.org\/documents\/plannings\/FR\/Essai-interlaboratoires-91c\">T\u00e9l\u00e9charger<\/a><\/td>\n<\/tr>\n<\/tbody>\n<\/table>\n<\/div>\n<div class=\"fusion-text fusion-text-3\"><p class=\"font_7\" style=\"font-size: 15px;\"><span style=\"font-style: italic;\"><span style=\"font-size: 15px;\">* Pour conna\u00eetre le d\u00e9tail des matrices et param\u00e8tres couverts par l&rsquo;accr\u00e9ditation, t\u00e9l\u00e9charger la\u00a0<span style=\"text-decoration: underline;\"><a href=\"https:\/\/extranet.bipea.org\/documents\/information\/FR\/Portee-detaillee-COFRAC.pdf\" target=\"_blank\" rel=\"noopener noreferrer\" data-type=\"external\" data-content=\"https:\/\/extranet.bipea.org\/documents\/information\/FR\/Portee-detaillee-COFRAC.pdf\">port\u00e9e d\u00e9taill\u00e9e<\/a><\/span>\u00a0<\/span><\/span><\/p>\n<\/div><div class=\"fusion-clearfix\"><\/div><\/div><\/div><\/div><\/div><\/p>\n","protected":false},"excerpt":{"rendered":"","protected":false},"author":1,"featured_media":0,"parent":0,"menu_order":0,"comment_status":"closed","ping_status":"closed","template":"","meta":{"footnotes":""},"class_list":["post-12605","page","type-page","status-publish","hentry"],"yoast_head":"<!-- This site is optimized with the Yoast SEO plugin v27.0 - https:\/\/yoast.com\/product\/yoast-seo-wordpress\/ -->\n<title>Essais interlaboratoires SOLS - FERTILISANTS - BOUES - SEDIMENTS Analyses physico-chimiques, microbiologiques et contaminants - Bipea<\/title>\n<meta name=\"robots\" content=\"index, follow, max-snippet:-1, max-image-preview:large, max-video-preview:-1\" \/>\n<link rel=\"canonical\" href=\"https:\/\/www.bipea.org\/fr\/essais-interlaboratoires-sols\/\" \/>\n<meta property=\"og:locale\" content=\"fr_FR\" \/>\n<meta property=\"og:type\" content=\"article\" \/>\n<meta property=\"og:title\" content=\"Essais interlaboratoires SOLS - FERTILISANTS - BOUES - SEDIMENTS Analyses physico-chimiques, microbiologiques et contaminants - Bipea\" \/>\n<meta property=\"og:url\" content=\"https:\/\/www.bipea.org\/fr\/essais-interlaboratoires-sols\/\" \/>\n<meta property=\"og:site_name\" content=\"Bipea\" \/>\n<meta property=\"article:publisher\" content=\"https:\/\/www.facebook.com\/Bipea-Proficiency-Testing-Programs-1726595444310313\/\" \/>\n<meta property=\"article:modified_time\" content=\"2025-10-13T08:34:19+00:00\" \/>\n<meta name=\"twitter:card\" content=\"summary_large_image\" \/>\n<meta name=\"twitter:site\" content=\"@BipeaP\" \/>\n<meta name=\"twitter:label1\" content=\"Dur\u00e9e de lecture estim\u00e9e\" \/>\n\t<meta name=\"twitter:data1\" content=\"6 minutes\" \/>\n<script type=\"application\/ld+json\" class=\"yoast-schema-graph\">{\"@context\":\"https:\/\/schema.org\",\"@graph\":[{\"@type\":\"WebPage\",\"@id\":\"https:\/\/www.bipea.org\/fr\/essais-interlaboratoires-sols\/\",\"url\":\"https:\/\/www.bipea.org\/fr\/essais-interlaboratoires-sols\/\",\"name\":\"Essais interlaboratoires SOLS - FERTILISANTS - BOUES - SEDIMENTS Analyses physico-chimiques, microbiologiques et contaminants - Bipea\",\"isPartOf\":{\"@id\":\"https:\/\/www.bipea.org\/fr\/#website\"},\"datePublished\":\"2017-12-24T16:10:50+00:00\",\"dateModified\":\"2025-10-13T08:34:19+00:00\",\"breadcrumb\":{\"@id\":\"https:\/\/www.bipea.org\/fr\/essais-interlaboratoires-sols\/#breadcrumb\"},\"inLanguage\":\"fr-FR\",\"potentialAction\":[{\"@type\":\"ReadAction\",\"target\":[\"https:\/\/www.bipea.org\/fr\/essais-interlaboratoires-sols\/\"]}]},{\"@type\":\"BreadcrumbList\",\"@id\":\"https:\/\/www.bipea.org\/fr\/essais-interlaboratoires-sols\/#breadcrumb\",\"itemListElement\":[{\"@type\":\"ListItem\",\"position\":1,\"name\":\"Accueil\",\"item\":\"https:\/\/www.bipea.org\/fr\/\"},{\"@type\":\"ListItem\",\"position\":2,\"name\":\"Essais interlaboratoires SOLS &#8211; FERTILISANTS &#8211; BOUES &#8211; SEDIMENTS Analyses physico-chimiques, microbiologiques et contaminants\"}]},{\"@type\":\"WebSite\",\"@id\":\"https:\/\/www.bipea.org\/fr\/#website\",\"url\":\"https:\/\/www.bipea.org\/fr\/\",\"name\":\"Bipea\",\"description\":\"\",\"potentialAction\":[{\"@type\":\"SearchAction\",\"target\":{\"@type\":\"EntryPoint\",\"urlTemplate\":\"https:\/\/www.bipea.org\/fr\/?s={search_term_string}\"},\"query-input\":{\"@type\":\"PropertyValueSpecification\",\"valueRequired\":true,\"valueName\":\"search_term_string\"}}],\"inLanguage\":\"fr-FR\"}]}<\/script>\n<!-- \/ Yoast SEO plugin. -->","yoast_head_json":{"title":"Essais interlaboratoires SOLS - FERTILISANTS - BOUES - SEDIMENTS Analyses physico-chimiques, microbiologiques et contaminants - Bipea","robots":{"index":"index","follow":"follow","max-snippet":"max-snippet:-1","max-image-preview":"max-image-preview:large","max-video-preview":"max-video-preview:-1"},"canonical":"https:\/\/www.bipea.org\/fr\/essais-interlaboratoires-sols\/","og_locale":"fr_FR","og_type":"article","og_title":"Essais interlaboratoires SOLS - FERTILISANTS - BOUES - SEDIMENTS Analyses physico-chimiques, microbiologiques et contaminants - Bipea","og_url":"https:\/\/www.bipea.org\/fr\/essais-interlaboratoires-sols\/","og_site_name":"Bipea","article_publisher":"https:\/\/www.facebook.com\/Bipea-Proficiency-Testing-Programs-1726595444310313\/","article_modified_time":"2025-10-13T08:34:19+00:00","twitter_card":"summary_large_image","twitter_site":"@BipeaP","twitter_misc":{"Dur\u00e9e de lecture estim\u00e9e":"6 minutes"},"schema":{"@context":"https:\/\/schema.org","@graph":[{"@type":"WebPage","@id":"https:\/\/www.bipea.org\/fr\/essais-interlaboratoires-sols\/","url":"https:\/\/www.bipea.org\/fr\/essais-interlaboratoires-sols\/","name":"Essais interlaboratoires SOLS - FERTILISANTS - BOUES - SEDIMENTS Analyses physico-chimiques, microbiologiques et contaminants - Bipea","isPartOf":{"@id":"https:\/\/www.bipea.org\/fr\/#website"},"datePublished":"2017-12-24T16:10:50+00:00","dateModified":"2025-10-13T08:34:19+00:00","breadcrumb":{"@id":"https:\/\/www.bipea.org\/fr\/essais-interlaboratoires-sols\/#breadcrumb"},"inLanguage":"fr-FR","potentialAction":[{"@type":"ReadAction","target":["https:\/\/www.bipea.org\/fr\/essais-interlaboratoires-sols\/"]}]},{"@type":"BreadcrumbList","@id":"https:\/\/www.bipea.org\/fr\/essais-interlaboratoires-sols\/#breadcrumb","itemListElement":[{"@type":"ListItem","position":1,"name":"Accueil","item":"https:\/\/www.bipea.org\/fr\/"},{"@type":"ListItem","position":2,"name":"Essais interlaboratoires SOLS &#8211; FERTILISANTS &#8211; BOUES &#8211; SEDIMENTS Analyses physico-chimiques, microbiologiques et contaminants"}]},{"@type":"WebSite","@id":"https:\/\/www.bipea.org\/fr\/#website","url":"https:\/\/www.bipea.org\/fr\/","name":"Bipea","description":"","potentialAction":[{"@type":"SearchAction","target":{"@type":"EntryPoint","urlTemplate":"https:\/\/www.bipea.org\/fr\/?s={search_term_string}"},"query-input":{"@type":"PropertyValueSpecification","valueRequired":true,"valueName":"search_term_string"}}],"inLanguage":"fr-FR"}]}},"_links":{"self":[{"href":"https:\/\/www.bipea.org\/fr\/wp-json\/wp\/v2\/pages\/12605","targetHints":{"allow":["GET"]}}],"collection":[{"href":"https:\/\/www.bipea.org\/fr\/wp-json\/wp\/v2\/pages"}],"about":[{"href":"https:\/\/www.bipea.org\/fr\/wp-json\/wp\/v2\/types\/page"}],"author":[{"embeddable":true,"href":"https:\/\/www.bipea.org\/fr\/wp-json\/wp\/v2\/users\/1"}],"replies":[{"embeddable":true,"href":"https:\/\/www.bipea.org\/fr\/wp-json\/wp\/v2\/comments?post=12605"}],"version-history":[{"count":30,"href":"https:\/\/www.bipea.org\/fr\/wp-json\/wp\/v2\/pages\/12605\/revisions"}],"predecessor-version":[{"id":23824,"href":"https:\/\/www.bipea.org\/fr\/wp-json\/wp\/v2\/pages\/12605\/revisions\/23824"}],"wp:attachment":[{"href":"https:\/\/www.bipea.org\/fr\/wp-json\/wp\/v2\/media?parent=12605"}],"curies":[{"name":"wp","href":"https:\/\/api.w.org\/{rel}","templated":true}]}}