{"id":12595,"date":"2017-12-24T17:08:39","date_gmt":"2017-12-24T16:08:39","guid":{"rendered":"https:\/\/www.bipea.org\/cosmetics\/"},"modified":"2026-01-13T16:07:06","modified_gmt":"2026-01-13T15:07:06","slug":"essais-interlaboratoires-cosmetique","status":"publish","type":"page","link":"https:\/\/www.bipea.org\/fr\/essais-interlaboratoires-cosmetique\/","title":{"rendered":"Essais interlaboratoires COSMETIQUES"},"content":{"rendered":"<p><div class=\"fusion-fullwidth fullwidth-box fusion-builder-row-1 nonhundred-percent-fullwidth non-hundred-percent-height-scrolling\" style=\"--awb-border-radius-top-left:0px;--awb-border-radius-top-right:0px;--awb-border-radius-bottom-right:0px;--awb-border-radius-bottom-left:0px;--awb-flex-wrap:wrap;\" ><div class=\"fusion-builder-row fusion-row\"><div class=\"fusion-layout-column fusion_builder_column fusion-builder-column-0 fusion_builder_column_5_6 5_6 fusion-five-sixth fusion-column-first\" style=\"--awb-bg-blend:overlay;--awb-bg-size:cover;width:83.333333333333%;width:calc(83.333333333333% - ( ( 4% ) * 0.83333333333333 ) );margin-right: 4%;\"><div class=\"fusion-column-wrapper fusion-flex-column-wrapper-legacy\"><div class=\"fusion-text fusion-text-1\"><h4 class=\"title_food\">Essais interlaboratoires COSMETIQUES<br \/>\nPhysico-chimie &#8211; Contaminants &#8211; Microbiologie &#8211; Etudes cliniques (SPF &#8211; UVA)<\/h4>\n<\/div><div class=\"fusion-clearfix\"><\/div><\/div><\/div><div class=\"fusion-layout-column fusion_builder_column fusion-builder-column-1 fusion_builder_column_1_6 1_6 fusion-one-sixth fusion-column-last quote_box\" style=\"--awb-bg-blend:overlay;--awb-bg-size:cover;width:16.666666666667%;width:calc(16.666666666667% - ( ( 4% ) * 0.16666666666667 ) );\"><div class=\"fusion-column-wrapper fusion-flex-column-wrapper-legacy\"><div class=\"fusion-text fusion-text-2\"><p><a href=\"https:\/\/www.bipea.org\/fr\/essais-interlaboratoires-eils\/\">Retour \u00e0 la liste compl\u00e8te des EILs<\/a><\/p>\n<p><a class=\"fusion-button button-flat fusion-button-round button-large button-default button-2 button85\" href=\"https:\/\/www.bipea.org\/fr\/devis\/\" target=\"_self\" rel=\"noopener noreferrer\"><span class=\"fusion-button-text\">DEVIS<\/span><\/a><\/p>\n<p>Contactez notre service commercial<\/p>\n<\/div><div class=\"fusion-clearfix\"><\/div><\/div><\/div><\/div><\/div><div class=\"fusion-fullwidth fullwidth-box fusion-builder-row-2 nonhundred-percent-fullwidth non-hundred-percent-height-scrolling\" style=\"--awb-border-radius-top-left:0px;--awb-border-radius-top-right:0px;--awb-border-radius-bottom-right:0px;--awb-border-radius-bottom-left:0px;--awb-margin-top:40px;--awb-flex-wrap:wrap;\" ><div class=\"fusion-builder-row fusion-row\"><div class=\"fusion-layout-column fusion_builder_column fusion-builder-column-2 fusion_builder_column_1_1 1_1 fusion-one-full fusion-column-first fusion-column-last\" style=\"--awb-bg-blend:overlay;--awb-bg-size:cover;\"><div class=\"fusion-column-wrapper fusion-flex-column-wrapper-legacy\"><div class=\"fusion-title title fusion-title-1 fusion-title-text fusion-title-size-one\"><h1 class=\"fusion-title-heading title-heading-left fusion-responsive-typography-calculated\" style=\"margin:0;--fontSize:33;line-height:1.45;\"><strong><span style=\"font-family: georgia, palatino, serif; font-size: 12pt;\">Essais PHYSICO-CHIMIE \/ CONTAMINANTS<\/span><\/strong><\/h1><span class=\"awb-title-spacer\"><\/span><div class=\"title-sep-container\"><div class=\"title-sep sep-double sep-solid\" style=\"border-color:#e0dede;\"><\/div><\/div><\/div>\n<div class=\"table-1\">\n<table id=\"theTable\" class=\"footable table-1 outerBorder footable-loaded isInnerColor\" style=\"margin: 0px; width: 100%; height: 362px;\">\n<thead>\n<tr style=\"height: 48px;\">\n<th id=\"thCol0\" style=\"height: 48px; width: 23.4457%;\" data-type=\"alpha\">Programmes<\/th>\n<th id=\"thCol1\" style=\"height: 48px; width: 11.5065%;\" data-type=\"alpha\">Matrices<\/th>\n<th id=\"thCol2\" style=\"height: 48px; width: 29.5961%;\" data-type=\"alpha\">Param\u00e8tres<\/th>\n<th id=\"thCol4\" style=\"height: 48px; width: 5.72597%;\" data-type=\"numeric\">Essais \/ an<\/th>\n<th style=\"width: 5.52145%; height: 48px;\">Accr\u00e9ditation<\/th>\n<th id=\"thCol6\" style=\"height: 48px; width: 8.99796%;\" data-type=\"alpha\">Planning<\/th>\n<\/tr>\n<\/thead>\n<tbody>\n<tr class=\"footableOdd\" style=\"height: 24px;\">\n<td style=\"height: 24px; width: 23.4457%;\">84 &#8211; Conservateurs dans les cosm\u00e9tiques<\/td>\n<td style=\"height: 24px; width: 11.5065%;\">Cr\u00e8me<\/td>\n<td style=\"height: 24px; width: 29.5961%;\">Acide benzo\u00efque, acide salicylique, acide sorbique, chlorph\u00e9n\u00e9sine, m\u00e9thylparab\u00e8ne, alcool benzylique, ph\u00e9noxy\u00e9thanol<\/td>\n<td style=\"text-align: center; height: 24px; width: 5.72597%;\">2<\/td>\n<td style=\"text-align: center; width: 5.52145%; height: 24px;\">Accr\u00e9dit\u00e9*<\/td>\n<td style=\"height: 24px; width: 8.99796%;\"><a href=\"https:\/\/extranet.bipea.org\/documents\/plannings\/FR\/Essai-interlaboratoires-84\" target=\"newTab\" rel=\"noopener noreferrer\">T\u00e9l\u00e9charger<\/a><\/td>\n<\/tr>\n<tr class=\"footableEven\" style=\"height: 24px;\">\n<td style=\"height: 24px; width: 23.4457%;\">93 &#8211; M\u00e9taux lourds dans les cosm\u00e9tiques<\/td>\n<td style=\"height: 24px; width: 11.5065%;\">Cr\u00e8me<\/td>\n<td style=\"height: 24px; width: 29.5961%;\">Antimoine, Arsenic, Cadmium, Chrome, Cobalt, Mercure, Nickel, Plomb<\/td>\n<td style=\"text-align: center; height: 24px; width: 5.72597%;\">2<\/td>\n<td style=\"text-align: center; width: 5.52145%; height: 24px;\">Accr\u00e9dit\u00e9*<\/td>\n<td style=\"height: 24px; width: 8.99796%;\"><a href=\"https:\/\/extranet.bipea.org\/documents\/plannings\/FR\/Essai-interlaboratoires-93\" target=\"newTab\" rel=\"noopener noreferrer\">T\u00e9l\u00e9charger<\/a><\/td>\n<\/tr>\n<tr style=\"height: 121px;\">\n<td style=\"width: 23.4457%; height: 121px;\">106 &#8211; Physico-Chimie des produits cosm\u00e9tiques<\/td>\n<td style=\"width: 11.5065%; height: 121px;\">Produit cosm\u00e9tique<\/td>\n<td style=\"width: 29.5961%; height: 121px;\">pH, Viscosit\u00e9, Densit\u00e9 \u00e0 20\u00b0C et \u00e0 25\u00b0C, Point \u00e9clair, point de fusion, Indice de r\u00e9fraction \u00e0 20\u00b0C, Pouvoir<br \/>\nrotatoire, Indice d&rsquo;acide, Indice de peroxyde, Teneur en eau<\/td>\n<td style=\"text-align: center; width: 5.72597%; height: 121px;\">2<\/td>\n<td style=\"text-align: center; width: 5.52145%; height: 121px;\"><\/td>\n<td style=\"width: 8.99796%; height: 121px;\"><a href=\"https:\/\/extranet.bipea.org\/documents\/plannings\/FR\/Essai-interlaboratoires-106\" target=\"newTab\" rel=\"noopener noreferrer\">T\u00e9l\u00e9charger<\/a><\/td>\n<\/tr>\n<tr style=\"height: 24px;\">\n<td style=\"width: 23.4457%; height: 24px;\">109 &#8211; Allerg\u00e8nes dans les produits cosm\u00e9tiques<\/td>\n<td style=\"width: 11.5065%; height: 24px;\">Produit cosm\u00e9tique<\/td>\n<td style=\"width: 29.5961%; height: 24px;\">Compos\u00e9s d\u2019ar\u00f4me et de saveur incluant esters (g\u00e9ranyle, ac\u00e9tate de linalyle), alcools (benzyle, cinnamique, anis), ald\u00e9hydes (citral, cinnamald\u00e9hyde), ph\u00e9nols (eug\u00e9nol, isoeug\u00e9nol), terp\u00e8nes (alpha-pin\u00e8ne, limon\u00e8ne, linalol, santalol), c\u00e9tones (carvone, camphre), et autres comme la coumarine, la vanilline, &#8230;<\/td>\n<td style=\"text-align: center; width: 5.72597%; height: 24px;\">2<\/td>\n<td style=\"text-align: center; width: 5.52145%; height: 24px;\"><\/td>\n<td style=\"width: 8.99796%; height: 24px;\"><a href=\"https:\/\/extranet.bipea.org\/documents\/plannings\/FR\/Essai-interlaboratoires-109\" target=\"newTab\" rel=\"noopener noreferrer\">T\u00e9l\u00e9charger<\/a><\/td>\n<\/tr>\n<tr style=\"height: 24px;\">\n<td style=\"width: 23.4457%; height: 24px;\"><span style=\"color: #ff0000; font-size: 10pt;\">NEW <\/span>520 \u20131.4-Dioxane dans les cosm\u00e9tiques<\/td>\n<td style=\"width: 11.5065%; height: 24px;\">Shampoing<\/td>\n<td style=\"width: 29.5961%; height: 24px;\">1,4 dioxane<\/td>\n<td style=\"text-align: center; width: 5.72597%; height: 24px;\">1<\/td>\n<td style=\"text-align: center; width: 5.52145%; height: 24px;\"><\/td>\n<td style=\"width: 8.99796%; height: 24px;\"><a href=\"https:\/\/extranet.bipea.org\/documents\/information\/FR\/Essai-interlaboratoires-520.pdf\" target=\"newTab\" rel=\"noopener noreferrer\">T\u00e9l\u00e9charger<\/a><\/td>\n<\/tr>\n<tr style=\"height: 97px;\">\n<td style=\"width: 23.4457%; height: 97px;\"><span style=\"color: #ff0000; font-size: 10pt;\">NEW <\/span>523 &#8211; Huiles cosm\u00e9tiques<\/td>\n<td style=\"width: 11.5065%; height: 97px;\">Produit cosm\u00e9tiques<\/td>\n<td style=\"width: 29.5961%; height: 97px;\">Teneur en eau et mati\u00e8res volatiles, Indice de peroxyde, Acidit\u00e9, Indice de saponification, Composition en acides gras<\/td>\n<td style=\"text-align: center; width: 5.72597%; height: 97px;\">1<\/td>\n<td style=\"text-align: center; width: 5.52145%; height: 97px;\"><\/td>\n<td style=\"width: 8.99796%; height: 97px;\"><a href=\"https:\/\/extranet.bipea.org\/documents\/information\/FR\/Essai-interlaboratoires-523.pdf\" target=\"newTab\" rel=\"noopener noreferrer\">T\u00e9l\u00e9charger<\/a><\/td>\n<\/tr>\n<\/tbody>\n<\/table>\n<\/div>\n<div class=\"fusion-clearfix\"><\/div><\/div><\/div><\/div><\/div><div class=\"fusion-fullwidth fullwidth-box fusion-builder-row-3 nonhundred-percent-fullwidth non-hundred-percent-height-scrolling\" style=\"--awb-border-radius-top-left:0px;--awb-border-radius-top-right:0px;--awb-border-radius-bottom-right:0px;--awb-border-radius-bottom-left:0px;--awb-margin-top:40px;--awb-flex-wrap:wrap;\" ><div class=\"fusion-builder-row fusion-row\"><div class=\"fusion-layout-column fusion_builder_column fusion-builder-column-3 fusion_builder_column_1_1 1_1 fusion-one-full fusion-column-first fusion-column-last\" style=\"--awb-bg-blend:overlay;--awb-bg-size:cover;\"><div class=\"fusion-column-wrapper fusion-flex-column-wrapper-legacy\"><div class=\"fusion-title title fusion-title-2 fusion-title-text fusion-title-size-one\"><h1 class=\"fusion-title-heading title-heading-left fusion-responsive-typography-calculated\" style=\"margin:0;--fontSize:33;line-height:1.45;\"><strong><span style=\"font-family: georgia, palatino, serif; font-size: 12pt;\">Essais MICROBIOLOGIE<\/span><\/strong><\/h1><span class=\"awb-title-spacer\"><\/span><div class=\"title-sep-container\"><div class=\"title-sep sep-double sep-solid\" style=\"border-color:#e0dede;\"><\/div><\/div><\/div>\n<div class=\"table-1\">\n<table id=\"theTable\" class=\"footable table-1 outerBorder footable-loaded isInnerColor\" style=\"margin: 0px; width: 100%; height: 144px;\">\n<thead>\n<tr style=\"height: 48px;\">\n<th id=\"thCol0\" style=\"height: 48px; width: 30.2658%;\" data-type=\"alpha\">Programmes<\/th>\n<th id=\"thCol1\" style=\"height: 48px; width: 11.8609%;\" data-type=\"alpha\">Matrices<\/th>\n<th id=\"thCol2\" style=\"height: 48px; width: 22.4216%;\" data-type=\"alpha\">Param\u00e8tres<\/th>\n<th id=\"thCol4\" style=\"height: 48px; width: 5.72597%;\" data-type=\"numeric\">Essais \/ an<\/th>\n<th style=\"width: 5.52145%; height: 48px;\">Accr\u00e9ditation<\/th>\n<th id=\"thCol6\" style=\"height: 48px; width: 8.99796%;\" data-type=\"alpha\">Planning<\/th>\n<\/tr>\n<\/thead>\n<tbody>\n<tr class=\"footableEven\" style=\"height: 72px;\">\n<td style=\"height: 10px; width: 30.2658%;\">85 &#8211; Microbiologie des produits cosm\u00e9tiques<\/td>\n<td style=\"height: 10px; width: 11.8609%;\">Cr\u00e8me dermatologique<\/td>\n<td style=\"height: 10px; width: 22.4216%;\">D\u00e9nombrement des bact\u00e9ries a\u00e9robies m\u00e9sophiles, des levures et des moisissures<\/td>\n<td style=\"text-align: center; height: 10px; width: 5.72597%;\">2<\/td>\n<td style=\"text-align: center; width: 5.52145%; height: 10px;\">Accr\u00e9dit\u00e9*<\/td>\n<td style=\"height: 10px; width: 8.99796%;\"><a href=\"https:\/\/extranet.bipea.org\/documents\/plannings\/FR\/Essai-interlaboratoires-85\" target=\"newTab\" rel=\"noopener noreferrer\">T\u00e9l\u00e9charger<\/a><\/td>\n<\/tr>\n<tr style=\"height: 96px;\">\n<td style=\"height: 86px; width: 30.2658%;\">85a &#8211; Microbiologie des cosm\u00e9tiques : Recherche \u2013 <em>Escherichia coli, Staphylococcus aureus, Pseudomonas aeruginosa, Candida albicans<\/em><\/td>\n<td style=\"height: 86px; width: 11.8609%;\">S\u00e9rum<\/td>\n<td style=\"height: 86px; width: 22.4216%;\"><em>Escherichia coli, Staphylococcus aureus, Pseudomonas aeruginosa<\/em><\/td>\n<td style=\"text-align: center; height: 86px; width: 5.72597%;\">2<\/td>\n<td style=\"text-align: center; width: 5.52145%; height: 86px;\">Accr\u00e9dit\u00e9*<\/td>\n<td style=\"height: 86px; width: 8.99796%;\"><a href=\"https:\/\/extranet.bipea.org\/documents\/plannings\/FR\/Essai-interlaboratoires-85a\" target=\"newTab\" rel=\"noopener noreferrer\">T\u00e9l\u00e9charger<\/a><\/td>\n<\/tr>\n<tr>\n<td style=\"width: 30.2658%;\"><span style=\"color: #ff0000;\">NEW<\/span> 114 &#8211; Challenge test en cosm\u00e9tique (protection antimicrobienne)<\/td>\n<td style=\"width: 11.8609%;\">Formulation cosm\u00e9tique<\/td>\n<td style=\"width: 22.4216%;\"><em>Escherichia coli, Pseudomonas aeruginosa, Staphylococcus aureus, Aspergillus niger, Candida albicans<\/em><\/td>\n<td style=\"text-align: center; width: 5.72597%;\">1<\/td>\n<td style=\"text-align: center; width: 5.52145%;\"><\/td>\n<td style=\"width: 8.99796%;\"><a href=\"https:\/\/extranet.bipea.org\/documents\/information\/FR\/Essai-interlaboratoires-114.pdf\" target=\"newTab\" rel=\"noopener noreferrer\">T\u00e9l\u00e9charger<\/a><\/td>\n<\/tr>\n<\/tbody>\n<\/table>\n<\/div>\n<div class=\"fusion-clearfix\"><\/div><\/div><\/div><\/div><\/div><div class=\"fusion-fullwidth fullwidth-box fusion-builder-row-4 nonhundred-percent-fullwidth non-hundred-percent-height-scrolling\" style=\"--awb-border-radius-top-left:0px;--awb-border-radius-top-right:0px;--awb-border-radius-bottom-right:0px;--awb-border-radius-bottom-left:0px;--awb-margin-top:40px;--awb-flex-wrap:wrap;\" ><div class=\"fusion-builder-row fusion-row\"><div class=\"fusion-layout-column fusion_builder_column fusion-builder-column-4 fusion_builder_column_1_1 1_1 fusion-one-full fusion-column-first fusion-column-last\" style=\"--awb-bg-blend:overlay;--awb-bg-size:cover;\"><div class=\"fusion-column-wrapper fusion-flex-column-wrapper-legacy\"><div class=\"fusion-title title fusion-title-3 fusion-title-text fusion-title-size-one\"><h1 class=\"fusion-title-heading title-heading-left fusion-responsive-typography-calculated\" style=\"margin:0;--fontSize:33;line-height:1.45;\"><strong><span style=\"font-family: georgia, palatino, serif; font-size: 12pt;\">Essais CLINIQUES<\/span><\/strong><\/h1><span class=\"awb-title-spacer\"><\/span><div class=\"title-sep-container\"><div class=\"title-sep sep-double sep-solid\" style=\"border-color:#e0dede;\"><\/div><\/div><\/div>\n<div class=\"table-1\">\n<table id=\"theTable\" class=\"footable table-1 outerBorder footable-loaded isInnerColor\" style=\"margin: 0px; width: 100%; height: 329px;\">\n<thead>\n<tr style=\"height: 48px;\">\n<th id=\"thCol0\" style=\"height: 48px; width: 30.2658%;\" data-type=\"alpha\">Programmes<\/th>\n<th id=\"thCol1\" style=\"height: 48px; width: 11.8609%;\" data-type=\"alpha\">Matrices<\/th>\n<th id=\"thCol2\" style=\"height: 48px; width: 22.4216%;\" data-type=\"alpha\">Param\u00e8tres<\/th>\n<th id=\"thCol4\" style=\"height: 48px; width: 5.72597%;\" data-type=\"numeric\">Essais \/ an<\/th>\n<th id=\"thCol6\" style=\"height: 48px; width: 8.99796%;\" data-type=\"alpha\">Planning<\/th>\n<\/tr>\n<\/thead>\n<tbody>\n<tr class=\"footableOdd\" style=\"height: 48px;\">\n<td style=\"height: 48px; width: 30.2658%;\">60 &#8211; Produits solaires SPF in vivo<\/td>\n<td style=\"height: 48px; width: 11.8609%;\">Produits solaires<\/td>\n<td style=\"height: 48px; width: 22.4216%;\">SPF, r\u00e9sistance \u00e0 l&rsquo;eau\u2026<\/p>\n<p>ISO 24444 &#8211; ISO 16217 &#8211; ISO 18861<\/td>\n<td style=\"text-align: center; height: 48px; width: 5.72597%;\">2<\/td>\n<td style=\"height: 48px; width: 8.99796%;\"><a href=\"https:\/\/extranet.bipea.org\/documents\/plannings\/FR\/Essai-interlaboratoires-60\" target=\"newTab\" rel=\"noopener noreferrer\">T\u00e9l\u00e9charger<\/a><\/td>\n<\/tr>\n<tr class=\"footableEven\" style=\"height: 48px;\">\n<td style=\"height: 50px; width: 30.2658%;\">63 &#8211; UVA in vivo<\/td>\n<td style=\"height: 50px; width: 11.8609%;\">Produits solaires<\/td>\n<td style=\"height: 50px; width: 22.4216%;\">UVA in vivo<\/p>\n<p>ISO 24442<\/td>\n<td style=\"text-align: center; height: 50px; width: 5.72597%;\">1<\/td>\n<td style=\"height: 50px; width: 8.99796%;\"><a href=\"https:\/\/extranet.bipea.org\/documents\/plannings\/FR\/Essai-interlaboratoires-63\" target=\"newTab\" rel=\"noopener noreferrer\">T\u00e9l\u00e9charger<\/a><\/td>\n<\/tr>\n<tr class=\"footableOdd\" style=\"height: 48px;\">\n<td style=\"height: 48px; width: 30.2658%;\">64 &#8211; UVA in vitro<\/td>\n<td style=\"height: 48px; width: 11.8609%;\">Produits solaires<\/td>\n<td style=\"height: 48px; width: 22.4216%;\">UVA in vitro<\/p>\n<p>ISO 24443<\/td>\n<td style=\"text-align: center; height: 48px; width: 5.72597%;\">2<\/td>\n<td style=\"height: 48px; width: 8.99796%;\"><a href=\"https:\/\/extranet.bipea.org\/documents\/plannings\/FR\/Essai-interlaboratoires-64\" target=\"newTab\" rel=\"noopener noreferrer\">T\u00e9l\u00e9charger<\/a><\/td>\n<\/tr>\n<tr style=\"height: 46px;\">\n<td style=\"width: 30.2658%; height: 46px;\"><span style=\"color: #ff0000; font-size: 10pt;\">NEW <\/span>521 \u2013 Produits solaires : SPF in vitro<\/td>\n<td style=\"width: 11.8609%; height: 46px;\">Lotion solaire<\/td>\n<td style=\"width: 22.4216%; height: 46px;\">SPF in vitro<\/p>\n<p>ISO 23675:2024<\/td>\n<td style=\"text-align: center; width: 5.72597%; height: 46px;\">1<\/td>\n<td style=\"width: 8.99796%; height: 46px;\"><a href=\"https:\/\/extranet.bipea.org\/documents\/information\/FR\/Essai-interlaboratoires-521.pdf\" target=\"newTab\" rel=\"noopener noreferrer\">T\u00e9l\u00e9charger<\/a><\/td>\n<\/tr>\n<tr style=\"height: 89px;\">\n<td style=\"width: 30.2658%; height: 89px;\"><span style=\"color: #ff0000; font-size: 10pt;\">NEW <\/span>522 \u2013 Produits solaires : Mesurage de l\u2019efficacit\u00e9<\/td>\n<td style=\"width: 11.8609%; height: 89px;\">Huiles solaires<\/td>\n<td style=\"width: 22.4216%; height: 89px;\">SPF, UVAPF, Longueur d\u2019onde critique<\/p>\n<p>ISO 23698:2024<\/td>\n<td style=\"text-align: center; width: 5.72597%; height: 89px;\">1<\/td>\n<td style=\"width: 8.99796%; height: 89px;\"><a href=\"https:\/\/extranet.bipea.org\/documents\/information\/FR\/Essai-interlaboratoires-522.pdf\" target=\"newTab\" rel=\"noopener noreferrer\">T\u00e9l\u00e9charger<\/a><\/td>\n<\/tr>\n<\/tbody>\n<\/table>\n<\/div>\n<div class=\"fusion-text fusion-text-3\"><p>&nbsp;<\/p>\n<div class=\"fusion-row\">\n<section id=\"content\">\n<div id=\"post-12586\" class=\"post-12586 page type-page status-publish hentry\">\n<div class=\"post-content\">\n<div class=\"fusion-fullwidth fullwidth-box fusion-builder-row-4 nonhundred-percent-fullwidth non-hundred-percent-height-scrolling\">\n<div class=\"fusion-builder-row fusion-row\">\n<div class=\"fusion-layout-column fusion_builder_column fusion-builder-column-4 fusion_builder_column_1_1 1_1 fusion-one-full fusion-column-first fusion-column-last\">\n<div class=\"fusion-column-wrapper fusion-flex-column-wrapper-legacy\">\n<div class=\"fusion-text fusion-text-3\">\n<p class=\"font_7\"><em>* Pour conna\u00eetre le d\u00e9tail des matrices et param\u00e8tres couverts par l\u2019accr\u00e9ditation, t\u00e9l\u00e9charger la\u00a0<a href=\"https:\/\/extranet.bipea.org\/documents\/information\/FR\/Portee-detaillee-COFRAC.pdf\" target=\"_blank\" rel=\"noopener noreferrer\" data-type=\"external\" data-content=\"https:\/\/extranet.bipea.org\/documents\/information\/FR\/Portee-detaillee-COFRAC.pdf\">port\u00e9e d\u00e9taill\u00e9e<\/a>\u00a0<\/em><\/p>\n<\/div>\n<\/div>\n<\/div>\n<\/div>\n<\/div>\n<\/div>\n<\/div>\n<\/section>\n<\/div>\n<\/div><div class=\"fusion-clearfix\"><\/div><\/div><\/div><\/div><\/div><\/p>\n","protected":false},"excerpt":{"rendered":"","protected":false},"author":1,"featured_media":0,"parent":0,"menu_order":0,"comment_status":"closed","ping_status":"closed","template":"","meta":{"footnotes":""},"class_list":["post-12595","page","type-page","status-publish","hentry"],"yoast_head":"<!-- This site is optimized with the Yoast SEO plugin v27.0 - https:\/\/yoast.com\/product\/yoast-seo-wordpress\/ -->\n<title>Essais interlaboratoires COSMETIQUES - Bipea<\/title>\n<meta name=\"robots\" content=\"index, follow, max-snippet:-1, max-image-preview:large, max-video-preview:-1\" \/>\n<link rel=\"canonical\" href=\"https:\/\/www.bipea.org\/fr\/essais-interlaboratoires-cosmetique\/\" \/>\n<meta property=\"og:locale\" content=\"fr_FR\" \/>\n<meta property=\"og:type\" content=\"article\" \/>\n<meta property=\"og:title\" content=\"Essais interlaboratoires COSMETIQUES - Bipea\" \/>\n<meta property=\"og:url\" content=\"https:\/\/www.bipea.org\/fr\/essais-interlaboratoires-cosmetique\/\" \/>\n<meta property=\"og:site_name\" content=\"Bipea\" \/>\n<meta property=\"article:publisher\" content=\"https:\/\/www.facebook.com\/Bipea-Proficiency-Testing-Programs-1726595444310313\/\" \/>\n<meta property=\"article:modified_time\" content=\"2026-01-13T15:07:06+00:00\" \/>\n<meta name=\"twitter:card\" content=\"summary_large_image\" \/>\n<meta name=\"twitter:site\" content=\"@BipeaP\" \/>\n<meta name=\"twitter:label1\" content=\"Dur\u00e9e de lecture estim\u00e9e\" \/>\n\t<meta name=\"twitter:data1\" content=\"7 minutes\" \/>\n<script type=\"application\/ld+json\" class=\"yoast-schema-graph\">{\"@context\":\"https:\/\/schema.org\",\"@graph\":[{\"@type\":\"WebPage\",\"@id\":\"https:\/\/www.bipea.org\/fr\/essais-interlaboratoires-cosmetique\/\",\"url\":\"https:\/\/www.bipea.org\/fr\/essais-interlaboratoires-cosmetique\/\",\"name\":\"Essais interlaboratoires COSMETIQUES - Bipea\",\"isPartOf\":{\"@id\":\"https:\/\/www.bipea.org\/fr\/#website\"},\"datePublished\":\"2017-12-24T16:08:39+00:00\",\"dateModified\":\"2026-01-13T15:07:06+00:00\",\"breadcrumb\":{\"@id\":\"https:\/\/www.bipea.org\/fr\/essais-interlaboratoires-cosmetique\/#breadcrumb\"},\"inLanguage\":\"fr-FR\",\"potentialAction\":[{\"@type\":\"ReadAction\",\"target\":[\"https:\/\/www.bipea.org\/fr\/essais-interlaboratoires-cosmetique\/\"]}]},{\"@type\":\"BreadcrumbList\",\"@id\":\"https:\/\/www.bipea.org\/fr\/essais-interlaboratoires-cosmetique\/#breadcrumb\",\"itemListElement\":[{\"@type\":\"ListItem\",\"position\":1,\"name\":\"Accueil\",\"item\":\"https:\/\/www.bipea.org\/fr\/\"},{\"@type\":\"ListItem\",\"position\":2,\"name\":\"Essais interlaboratoires COSMETIQUES\"}]},{\"@type\":\"WebSite\",\"@id\":\"https:\/\/www.bipea.org\/fr\/#website\",\"url\":\"https:\/\/www.bipea.org\/fr\/\",\"name\":\"Bipea\",\"description\":\"\",\"potentialAction\":[{\"@type\":\"SearchAction\",\"target\":{\"@type\":\"EntryPoint\",\"urlTemplate\":\"https:\/\/www.bipea.org\/fr\/?s={search_term_string}\"},\"query-input\":{\"@type\":\"PropertyValueSpecification\",\"valueRequired\":true,\"valueName\":\"search_term_string\"}}],\"inLanguage\":\"fr-FR\"}]}<\/script>\n<!-- \/ Yoast SEO plugin. -->","yoast_head_json":{"title":"Essais interlaboratoires COSMETIQUES - Bipea","robots":{"index":"index","follow":"follow","max-snippet":"max-snippet:-1","max-image-preview":"max-image-preview:large","max-video-preview":"max-video-preview:-1"},"canonical":"https:\/\/www.bipea.org\/fr\/essais-interlaboratoires-cosmetique\/","og_locale":"fr_FR","og_type":"article","og_title":"Essais interlaboratoires COSMETIQUES - Bipea","og_url":"https:\/\/www.bipea.org\/fr\/essais-interlaboratoires-cosmetique\/","og_site_name":"Bipea","article_publisher":"https:\/\/www.facebook.com\/Bipea-Proficiency-Testing-Programs-1726595444310313\/","article_modified_time":"2026-01-13T15:07:06+00:00","twitter_card":"summary_large_image","twitter_site":"@BipeaP","twitter_misc":{"Dur\u00e9e de lecture estim\u00e9e":"7 minutes"},"schema":{"@context":"https:\/\/schema.org","@graph":[{"@type":"WebPage","@id":"https:\/\/www.bipea.org\/fr\/essais-interlaboratoires-cosmetique\/","url":"https:\/\/www.bipea.org\/fr\/essais-interlaboratoires-cosmetique\/","name":"Essais interlaboratoires COSMETIQUES - Bipea","isPartOf":{"@id":"https:\/\/www.bipea.org\/fr\/#website"},"datePublished":"2017-12-24T16:08:39+00:00","dateModified":"2026-01-13T15:07:06+00:00","breadcrumb":{"@id":"https:\/\/www.bipea.org\/fr\/essais-interlaboratoires-cosmetique\/#breadcrumb"},"inLanguage":"fr-FR","potentialAction":[{"@type":"ReadAction","target":["https:\/\/www.bipea.org\/fr\/essais-interlaboratoires-cosmetique\/"]}]},{"@type":"BreadcrumbList","@id":"https:\/\/www.bipea.org\/fr\/essais-interlaboratoires-cosmetique\/#breadcrumb","itemListElement":[{"@type":"ListItem","position":1,"name":"Accueil","item":"https:\/\/www.bipea.org\/fr\/"},{"@type":"ListItem","position":2,"name":"Essais interlaboratoires COSMETIQUES"}]},{"@type":"WebSite","@id":"https:\/\/www.bipea.org\/fr\/#website","url":"https:\/\/www.bipea.org\/fr\/","name":"Bipea","description":"","potentialAction":[{"@type":"SearchAction","target":{"@type":"EntryPoint","urlTemplate":"https:\/\/www.bipea.org\/fr\/?s={search_term_string}"},"query-input":{"@type":"PropertyValueSpecification","valueRequired":true,"valueName":"search_term_string"}}],"inLanguage":"fr-FR"}]}},"_links":{"self":[{"href":"https:\/\/www.bipea.org\/fr\/wp-json\/wp\/v2\/pages\/12595","targetHints":{"allow":["GET"]}}],"collection":[{"href":"https:\/\/www.bipea.org\/fr\/wp-json\/wp\/v2\/pages"}],"about":[{"href":"https:\/\/www.bipea.org\/fr\/wp-json\/wp\/v2\/types\/page"}],"author":[{"embeddable":true,"href":"https:\/\/www.bipea.org\/fr\/wp-json\/wp\/v2\/users\/1"}],"replies":[{"embeddable":true,"href":"https:\/\/www.bipea.org\/fr\/wp-json\/wp\/v2\/comments?post=12595"}],"version-history":[{"count":48,"href":"https:\/\/www.bipea.org\/fr\/wp-json\/wp\/v2\/pages\/12595\/revisions"}],"predecessor-version":[{"id":24232,"href":"https:\/\/www.bipea.org\/fr\/wp-json\/wp\/v2\/pages\/12595\/revisions\/24232"}],"wp:attachment":[{"href":"https:\/\/www.bipea.org\/fr\/wp-json\/wp\/v2\/media?parent=12595"}],"curies":[{"name":"wp","href":"https:\/\/api.w.org\/{rel}","templated":true}]}}