{"id":12582,"date":"2017-12-24T16:57:29","date_gmt":"2017-12-24T15:57:29","guid":{"rendered":"https:\/\/www.bipea.org\/registration-conditions\/"},"modified":"2024-11-13T11:14:45","modified_gmt":"2024-11-13T10:14:45","slug":"conditions-dinscription-et-confidentialite","status":"publish","type":"page","link":"https:\/\/www.bipea.org\/fr\/conditions-dinscription-et-confidentialite\/","title":{"rendered":"Conditions d&rsquo;inscription et confidentialit\u00e9"},"content":{"rendered":"<p><div class=\"fusion-fullwidth fullwidth-box fusion-builder-row-1 back_box nonhundred-percent-fullwidth non-hundred-percent-height-scrolling\" style=\"--awb-border-radius-top-left:0px;--awb-border-radius-top-right:0px;--awb-border-radius-bottom-right:0px;--awb-border-radius-bottom-left:0px;--awb-flex-wrap:wrap;\" ><div class=\"fusion-builder-row fusion-row\"><div class=\"fusion-layout-column fusion_builder_column fusion-builder-column-0 fusion_builder_column_5_6 5_6 fusion-five-sixth fusion-column-first\" style=\"--awb-bg-size:cover;width:83.333333333333%;width:calc(83.333333333333% - ( ( 4% ) * 0.83333333333333 ) );margin-right: 4%;\"><div class=\"fusion-column-wrapper fusion-flex-column-wrapper-legacy\"><div class=\"fusion-clearfix\"><\/div><\/div><\/div><div class=\"fusion-layout-column fusion_builder_column fusion-builder-column-1 fusion_builder_column_1_6 1_6 fusion-one-sixth fusion-column-last\" style=\"--awb-bg-size:cover;width:16.666666666667%;width:calc(16.666666666667% - ( ( 4% ) * 0.16666666666667 ) );\"><div class=\"fusion-column-wrapper fusion-flex-column-wrapper-legacy\"><div class=\"fusion-text fusion-text-1\"><p><a href=\"https:\/\/www.bipea.org\/fr\/essais-interlaboratoires-eils\/\">Retour \u00e0 la liste compl\u00e8te des EILs<\/a><\/p>\n<\/div><div class=\"fusion-clearfix\"><\/div><\/div><\/div><\/div><\/div><div class=\"fusion-fullwidth fullwidth-box fusion-builder-row-2 nonhundred-percent-fullwidth non-hundred-percent-height-scrolling\" style=\"--awb-border-radius-top-left:0px;--awb-border-radius-top-right:0px;--awb-border-radius-bottom-right:0px;--awb-border-radius-bottom-left:0px;--awb-flex-wrap:wrap;\" ><div class=\"fusion-builder-row fusion-row\"><div class=\"fusion-layout-column fusion_builder_column fusion-builder-column-2 fusion_builder_column_1_1 1_1 fusion-one-full fusion-column-first fusion-column-last\" style=\"--awb-bg-size:cover;--awb-margin-bottom:0px;\"><div class=\"fusion-column-wrapper fusion-flex-column-wrapper-legacy\"><div class=\"fusion-text fusion-text-2\"><p class=\"font_8\" style=\"text-align: justify;\"><strong><span style=\"color: #0076b3; font-size: 14pt;\">CONDITIONS D\u2019ADH\u00c9SION<\/span><\/strong><\/p>\n<p class=\"font_8\" style=\"text-align: justify;\"><span class=\"wixGuard\" style=\"font-size: 14pt;\">\u200b<\/span><\/p>\n<p class=\"font_8\" style=\"text-align: justify;\"><span style=\"font-size: 14pt;\">Les laboratoires peuvent s&rsquo;inscrire aux programmes d\u2019essais soit en d\u00e9but de campagne, soit en cours de campagne.<\/span><\/p>\n<p class=\"font_8\" style=\"text-align: justify;\"><span style=\"font-size: 14pt;\">Notre politique d&rsquo;analyse de la performance des laboratoires \u00e9tant bas\u00e9e sur une surveillance continue, il n&rsquo;est pas possible pour les laboratoires de s&rsquo;inscrire uniquement \u00e0 un essai, \u00e0 l\u2019exception des essais Pesticides. Les laboratoires recevront donc tous les \u00e9chantillons de la campagne, \u00e0 partir de leur inscription.<\/span><\/p>\n<p class=\"font_8\" style=\"text-align: justify;\"><span style=\"font-size: 14pt;\">Pour participer \u00e0 nos programmes de comparaison interlaboratoires r\u00e9guliers ou b\u00e9n\u00e9ficier de MRE, le laboratoire doit \u00eatre adh\u00e9rent \u00e0 notre association.<\/span><\/p>\n<p class=\"font_8\" style=\"text-align: justify;\"><span style=\"font-size: 14pt;\">Une cotisation annuelle est demand\u00e9e \u00e0 chaque adh\u00e9rent pour participer aux frais administratifs de notre organisation, ind\u00e9pendamment des prix catalogues des services pour lesquels il souscrit.<\/span><\/p>\n<p class=\"font_8\" style=\"text-align: justify;\"><span class=\"wixGuard\" style=\"font-size: 14pt;\">\u200b<\/span><\/p>\n<p class=\"font_8\" style=\"text-align: justify;\"><strong><span style=\"color: #0076b3; font-size: 14pt;\">CONFIDENTIALIT\u00c9 DES DONN\u00c9ES<\/span><\/strong><\/p>\n<p class=\"font_8\" style=\"text-align: justify;\"><span class=\"wixGuard\" style=\"font-size: 14pt;\">\u200b<\/span><\/p>\n<p class=\"font_8\" style=\"text-align: justify;\"><span style=\"font-size: 14pt;\">Dans le cadre de nos programmes d\u2019essais r\u00e9guliers, nous mettons en \u0153uvre toutes les proc\u00e9dures n\u00e9cessaires afin de garantir l&rsquo;anonymat et la confidentialit\u00e9 totale des informations des laboratoires.<\/span><\/p>\n<p class=\"font_8\" style=\"text-align: justify;\"><span style=\"font-size: 14pt;\">Pour ce faire, un syst\u00e8me de codage est utilis\u00e9. La confidentialit\u00e9 des donn\u00e9es est par cons\u00e9quent assur\u00e9e \u00e0 plusieurs niveaux :<\/span><\/p>\n<ul class=\"font_8\" style=\"text-align: justify;\">\n<li>\n<p class=\"font_8\"><span style=\"font-size: 14pt;\">Informations administratives : toutes les informations administratives communiqu\u00e9es par les laboratoires sont confidentielles et ne peuvent \u00eatre divulgu\u00e9es de quelque mani\u00e8re que ce soit.<\/span><\/p>\n<\/li>\n<\/ul>\n<ul class=\"font_8\" style=\"text-align: justify;\">\n<li>\n<p class=\"font_8\"><span style=\"font-size: 14pt;\">Inscriptions des laboratoires : d\u00e8s leur premi\u00e8re inscription, un code \u00e0 5 chiffres est attribu\u00e9 aux laboratoires. Ce code est valable \u00e0 vie et sera demand\u00e9 pour toutes les communications.<\/span><\/p>\n<\/li>\n<\/ul>\n<ul class=\"font_8\" style=\"text-align: justify;\">\n<li>\n<p class=\"font_8\"><span style=\"font-size: 14pt;\">Report des r\u00e9sultats sur le formulaire en ligne : les laboratoires participants aux programmes du BIPEA b\u00e9n\u00e9ficient de plusieurs codes confidentiels. Ces codes leur permettent de saisir leurs r\u00e9sultats sur notre formulaire en ligne, de les valider par un responsable d\u00e9sign\u00e9 et de s&rsquo;identifier sur le rapport de comparaisons interlaboratoires. Le code permettant de s&rsquo;identifier est modifi\u00e9 en d\u00e9but de campagne et consultable sur l&rsquo;espace adh\u00e9rent en utilisant les mots de passe fournis par le BIPEA. Ces donn\u00e9es ne peuvent \u00eatre communiqu\u00e9es par email ou par t\u00e9l\u00e9phone.<\/span><\/p>\n<\/li>\n<\/ul>\n<\/div><div class=\"fusion-clearfix\"><\/div><\/div><\/div><\/div><\/div><\/p>\n","protected":false},"excerpt":{"rendered":"","protected":false},"author":1,"featured_media":0,"parent":0,"menu_order":0,"comment_status":"closed","ping_status":"closed","template":"","meta":{"footnotes":""},"class_list":["post-12582","page","type-page","status-publish","hentry"],"yoast_head":"<!-- This site is optimized with the Yoast SEO plugin v27.0 - https:\/\/yoast.com\/product\/yoast-seo-wordpress\/ -->\n<title>Conditions d&#039;inscription et confidentialit\u00e9 - Bipea<\/title>\n<meta name=\"robots\" content=\"index, follow, max-snippet:-1, max-image-preview:large, max-video-preview:-1\" \/>\n<link rel=\"canonical\" href=\"https:\/\/www.bipea.org\/fr\/conditions-dinscription-et-confidentialite\/\" \/>\n<meta property=\"og:locale\" content=\"fr_FR\" \/>\n<meta property=\"og:type\" content=\"article\" \/>\n<meta property=\"og:title\" content=\"Conditions d&#039;inscription et confidentialit\u00e9 - Bipea\" \/>\n<meta property=\"og:url\" content=\"https:\/\/www.bipea.org\/fr\/conditions-dinscription-et-confidentialite\/\" \/>\n<meta property=\"og:site_name\" content=\"Bipea\" \/>\n<meta property=\"article:publisher\" content=\"https:\/\/www.facebook.com\/Bipea-Proficiency-Testing-Programs-1726595444310313\/\" \/>\n<meta property=\"article:modified_time\" content=\"2024-11-13T10:14:45+00:00\" \/>\n<meta name=\"twitter:card\" content=\"summary_large_image\" \/>\n<meta name=\"twitter:site\" content=\"@BipeaP\" \/>\n<meta name=\"twitter:label1\" content=\"Dur\u00e9e de lecture estim\u00e9e\" \/>\n\t<meta name=\"twitter:data1\" content=\"3 minutes\" \/>\n<script type=\"application\/ld+json\" class=\"yoast-schema-graph\">{\"@context\":\"https:\/\/schema.org\",\"@graph\":[{\"@type\":\"WebPage\",\"@id\":\"https:\/\/www.bipea.org\/fr\/conditions-dinscription-et-confidentialite\/\",\"url\":\"https:\/\/www.bipea.org\/fr\/conditions-dinscription-et-confidentialite\/\",\"name\":\"Conditions d'inscription et confidentialit\u00e9 - Bipea\",\"isPartOf\":{\"@id\":\"https:\/\/www.bipea.org\/fr\/#website\"},\"datePublished\":\"2017-12-24T15:57:29+00:00\",\"dateModified\":\"2024-11-13T10:14:45+00:00\",\"breadcrumb\":{\"@id\":\"https:\/\/www.bipea.org\/fr\/conditions-dinscription-et-confidentialite\/#breadcrumb\"},\"inLanguage\":\"fr-FR\",\"potentialAction\":[{\"@type\":\"ReadAction\",\"target\":[\"https:\/\/www.bipea.org\/fr\/conditions-dinscription-et-confidentialite\/\"]}]},{\"@type\":\"BreadcrumbList\",\"@id\":\"https:\/\/www.bipea.org\/fr\/conditions-dinscription-et-confidentialite\/#breadcrumb\",\"itemListElement\":[{\"@type\":\"ListItem\",\"position\":1,\"name\":\"Accueil\",\"item\":\"https:\/\/www.bipea.org\/fr\/\"},{\"@type\":\"ListItem\",\"position\":2,\"name\":\"Conditions d&rsquo;inscription et confidentialit\u00e9\"}]},{\"@type\":\"WebSite\",\"@id\":\"https:\/\/www.bipea.org\/fr\/#website\",\"url\":\"https:\/\/www.bipea.org\/fr\/\",\"name\":\"Bipea\",\"description\":\"\",\"potentialAction\":[{\"@type\":\"SearchAction\",\"target\":{\"@type\":\"EntryPoint\",\"urlTemplate\":\"https:\/\/www.bipea.org\/fr\/?s={search_term_string}\"},\"query-input\":{\"@type\":\"PropertyValueSpecification\",\"valueRequired\":true,\"valueName\":\"search_term_string\"}}],\"inLanguage\":\"fr-FR\"}]}<\/script>\n<!-- \/ Yoast SEO plugin. -->","yoast_head_json":{"title":"Conditions d'inscription et confidentialit\u00e9 - Bipea","robots":{"index":"index","follow":"follow","max-snippet":"max-snippet:-1","max-image-preview":"max-image-preview:large","max-video-preview":"max-video-preview:-1"},"canonical":"https:\/\/www.bipea.org\/fr\/conditions-dinscription-et-confidentialite\/","og_locale":"fr_FR","og_type":"article","og_title":"Conditions d'inscription et confidentialit\u00e9 - Bipea","og_url":"https:\/\/www.bipea.org\/fr\/conditions-dinscription-et-confidentialite\/","og_site_name":"Bipea","article_publisher":"https:\/\/www.facebook.com\/Bipea-Proficiency-Testing-Programs-1726595444310313\/","article_modified_time":"2024-11-13T10:14:45+00:00","twitter_card":"summary_large_image","twitter_site":"@BipeaP","twitter_misc":{"Dur\u00e9e de lecture estim\u00e9e":"3 minutes"},"schema":{"@context":"https:\/\/schema.org","@graph":[{"@type":"WebPage","@id":"https:\/\/www.bipea.org\/fr\/conditions-dinscription-et-confidentialite\/","url":"https:\/\/www.bipea.org\/fr\/conditions-dinscription-et-confidentialite\/","name":"Conditions d'inscription et confidentialit\u00e9 - Bipea","isPartOf":{"@id":"https:\/\/www.bipea.org\/fr\/#website"},"datePublished":"2017-12-24T15:57:29+00:00","dateModified":"2024-11-13T10:14:45+00:00","breadcrumb":{"@id":"https:\/\/www.bipea.org\/fr\/conditions-dinscription-et-confidentialite\/#breadcrumb"},"inLanguage":"fr-FR","potentialAction":[{"@type":"ReadAction","target":["https:\/\/www.bipea.org\/fr\/conditions-dinscription-et-confidentialite\/"]}]},{"@type":"BreadcrumbList","@id":"https:\/\/www.bipea.org\/fr\/conditions-dinscription-et-confidentialite\/#breadcrumb","itemListElement":[{"@type":"ListItem","position":1,"name":"Accueil","item":"https:\/\/www.bipea.org\/fr\/"},{"@type":"ListItem","position":2,"name":"Conditions d&rsquo;inscription et confidentialit\u00e9"}]},{"@type":"WebSite","@id":"https:\/\/www.bipea.org\/fr\/#website","url":"https:\/\/www.bipea.org\/fr\/","name":"Bipea","description":"","potentialAction":[{"@type":"SearchAction","target":{"@type":"EntryPoint","urlTemplate":"https:\/\/www.bipea.org\/fr\/?s={search_term_string}"},"query-input":{"@type":"PropertyValueSpecification","valueRequired":true,"valueName":"search_term_string"}}],"inLanguage":"fr-FR"}]}},"_links":{"self":[{"href":"https:\/\/www.bipea.org\/fr\/wp-json\/wp\/v2\/pages\/12582","targetHints":{"allow":["GET"]}}],"collection":[{"href":"https:\/\/www.bipea.org\/fr\/wp-json\/wp\/v2\/pages"}],"about":[{"href":"https:\/\/www.bipea.org\/fr\/wp-json\/wp\/v2\/types\/page"}],"author":[{"embeddable":true,"href":"https:\/\/www.bipea.org\/fr\/wp-json\/wp\/v2\/users\/1"}],"replies":[{"embeddable":true,"href":"https:\/\/www.bipea.org\/fr\/wp-json\/wp\/v2\/comments?post=12582"}],"version-history":[{"count":4,"href":"https:\/\/www.bipea.org\/fr\/wp-json\/wp\/v2\/pages\/12582\/revisions"}],"predecessor-version":[{"id":22258,"href":"https:\/\/www.bipea.org\/fr\/wp-json\/wp\/v2\/pages\/12582\/revisions\/22258"}],"wp:attachment":[{"href":"https:\/\/www.bipea.org\/fr\/wp-json\/wp\/v2\/media?parent=12582"}],"curies":[{"name":"wp","href":"https:\/\/api.w.org\/{rel}","templated":true}]}}